{"id":11913,"date":"2024-03-03T19:39:16","date_gmt":"2024-03-03T19:39:16","guid":{"rendered":"https:\/\/shanabooks.de\/?post_type=product&#038;p=11913"},"modified":"2024-04-07T14:39:42","modified_gmt":"2024-04-07T14:39:42","slug":"diwana-dahi-mela-nezire-bedewi","status":"publish","type":"product","link":"https:\/\/shanabooks.de\/de\/product\/diwana-dahi-mela-nezire-bedewi\/","title":{"rendered":"D\u00eewana Dah\u00ee"},"content":{"rendered":"<p dir=\"ltr\"><strong>D\u00eewana Dah\u00ee &#8211; Mela Nez\u00eer\u00ea Bedew\u00ee<\/strong><\/p>\n<p dir=\"ltr\">\u201cD\u00eewana Dah\u00ee\u201d d\u00eewara Mele Nez\u00eer\u00ea Bedew\u00ee ye ku bi amadekariya Tehs\u00een \u00cebrah\u00eem Dosk\u00ee hatiye amadekirin. Lat\u00een\u00eezekirina v\u00ea pirt\u00fbk\u00ea j\u00ee ji aliy\u00ea M. Xalid Sad\u00een\u00ee ve hatiye kirin. Mele Nez\u00eer di sala 1933\u2019yan de li gund\u00ea Ez\u00eema bi ser Gercews\u00ea ve ye hatiye din\u00ea \u00fb di sala 1982\u2019yan de li gund\u00ea S\u00eagiran a Hesk\u00eef\u00ea wefat kiriye. Di \u201cD\u00eewana Daw\u00ee\u201d de 129 helbest ku mijar\u00ean wan li ser ev\u00een, meseley\u00ean civak\u00ee \u00fb kurd\u00eetiy\u00ea ne hatine we\u015fandin.<\/p>\n","protected":false},"excerpt":{"rendered":"<p dir=\"ltr\" style=\"text-align: center;\"><strong>Pirt\u00fbk: D\u00eewana Dah\u00ee<br \/>\nNiv\u00eeskar: Mela Nez\u00eer\u00ea Bedew\u00ee<\/strong><br \/>\n<strong>Cure: Helbest<\/strong><\/p>\n","protected":false},"featured_media":11952,"template":"","meta":{"site-sidebar-layout":"default","site-content-layout":"","ast-site-content-layout":"default","site-content-style":"default","site-sidebar-style":"default","ast-global-header-display":"","ast-banner-title-visibility":"","ast-main-header-display":"","ast-hfb-above-header-display":"","ast-hfb-below-header-display":"","ast-hfb-mobile-header-display":"","site-post-title":"","ast-breadcrumbs-content":"","ast-featured-img":"","footer-sml-layout":"","ast-disable-related-posts":"","theme-transparent-header-meta":"default","adv-header-id-meta":"","stick-header-meta":"","header-above-stick-meta":"","header-main-stick-meta":"","header-below-stick-meta":"","astra-migrate-meta-layouts":"set","ast-page-background-enabled":"default","ast-page-background-meta":{"desktop":{"background-color":"","background-image":"","background-repeat":"repeat","background-position":"center center","background-size":"auto","background-attachment":"scroll","background-type":"","background-media":"","overlay-type":"","overlay-color":"","overlay-opacity":"","overlay-gradient":""},"tablet":{"background-color":"","background-image":"","background-repeat":"repeat","background-position":"center center","background-size":"auto","background-attachment":"scroll","background-type":"","background-media":"","overlay-type":"","overlay-color":"","overlay-opacity":"","overlay-gradient":""},"mobile":{"background-color":"","background-image":"","background-repeat":"repeat","background-position":"center center","background-size":"auto","background-attachment":"scroll","background-type":"","background-media":"","overlay-type":"","overlay-color":"","overlay-opacity":"","overlay-gradient":""}},"ast-content-background-meta":{"desktop":{"background-color":"var(--ast-global-color-5)","background-image":"","background-repeat":"repeat","background-position":"center center","background-size":"auto","background-attachment":"scroll","background-type":"","background-media":"","overlay-type":"","overlay-color":"","overlay-opacity":"","overlay-gradient":""},"tablet":{"background-color":"var(--ast-global-color-5)","background-image":"","background-repeat":"repeat","background-position":"center center","background-size":"auto","background-attachment":"scroll","background-type":"","background-media":"","overlay-type":"","overlay-color":"","overlay-opacity":"","overlay-gradient":""},"mobile":{"background-color":"var(--ast-global-color-5)","background-image":"","background-repeat":"repeat","background-position":"center center","background-size":"auto","background-attachment":"scroll","background-type":"","background-media":"","overlay-type":"","overlay-color":"","overlay-opacity":"","overlay-gradient":""}}},"product_brand":[],"product_cat":[181,193],"product_tag":[],"class_list":{"0":"post-11913","1":"product","2":"type-product","3":"status-publish","4":"has-post-thumbnail","6":"product_cat--_","8":"pa_-helbest","9":"pa_-klasiken-kurdi","10":"pa_-mela-nezire-bedewi","11":"pa_-kurmanci","12":"pa_--nubihar","13":"desktop-align-left","14":"tablet-align-left","15":"mobile-align-left","17":"first","18":"instock","19":"shipping-taxable","20":"purchasable","21":"product-type-simple"},"yoast_head":"<!-- This site is optimized with the Yoast SEO plugin v27.4 - https:\/\/yoast.com\/product\/yoast-seo-wordpress\/ -->\n<title>D\u00eewana Dah\u00ee - Mela Nez\u00eer\u00ea Bedew\u00ee - www.shanabooks.de<\/title>\n<meta name=\"description\" content=\"D\u00eewana Dah\u00ee - Mela Nez\u00eer\u00ea Bedew\u00ee \u201cD\u00eewana Dah\u00ee\u201d d\u00eewara Mele Nez\u00eer\u00ea Bedew\u00ee ye ku bi amadekariya Tehs\u00een \u00cebrah\u00eem Dosk\u00ee hatiye amadekirin. Lat\u00een\u00eezekirina v\u00ea ...\" \/>\n<meta name=\"robots\" content=\"index, follow, max-snippet:-1, max-image-preview:large, max-video-preview:-1\" \/>\n<link rel=\"canonical\" href=\"https:\/\/shanabooks.de\/product\/diwana-dahi-mela-nezire-bedewi\/\" \/>\n<meta property=\"og:locale\" content=\"de_DE\" \/>\n<meta property=\"og:type\" content=\"article\" \/>\n<meta property=\"og:title\" content=\"D\u00eewana Dah\u00ee - Mela Nez\u00eer\u00ea Bedew\u00ee - www.shanabooks.de\" \/>\n<meta property=\"og:description\" content=\"D\u00eewana Dah\u00ee - Mela Nez\u00eer\u00ea Bedew\u00ee \u201cD\u00eewana Dah\u00ee\u201d d\u00eewara Mele Nez\u00eer\u00ea Bedew\u00ee ye ku bi amadekariya Tehs\u00een \u00cebrah\u00eem Dosk\u00ee hatiye amadekirin. Lat\u00een\u00eezekirina v\u00ea ...\" \/>\n<meta property=\"og:url\" content=\"https:\/\/shanabooks.de\/product\/diwana-dahi-mela-nezire-bedewi\/\" \/>\n<meta property=\"og:site_name\" content=\"www.shanabooks.de\" \/>\n<meta property=\"article:modified_time\" content=\"2024-04-07T14:39:42+00:00\" \/>\n<meta property=\"og:image\" content=\"https:\/\/shanabooks.de\/wp-content\/uploads\/2024\/03\/Diwana-Dahi-1.png\" \/>\n\t<meta property=\"og:image:width\" content=\"305\" \/>\n\t<meta property=\"og:image:height\" content=\"473\" \/>\n\t<meta property=\"og:image:type\" content=\"image\/png\" \/>\n<meta name=\"twitter:card\" content=\"summary_large_image\" \/>\n<meta name=\"twitter:label1\" content=\"Gesch\u00e4tzte Lesezeit\" \/>\n\t<meta name=\"twitter:data1\" content=\"1\u00a0Minute\" \/>\n<script type=\"application\/ld+json\" class=\"yoast-schema-graph\">{\"@context\":\"https:\\\/\\\/schema.org\",\"@graph\":[{\"@type\":\"WebPage\",\"@id\":\"https:\\\/\\\/shanabooks.de\\\/product\\\/diwana-dahi-mela-nezire-bedewi\\\/\",\"url\":\"https:\\\/\\\/shanabooks.de\\\/product\\\/diwana-dahi-mela-nezire-bedewi\\\/\",\"name\":\"D\u00eewana Dah\u00ee - Mela Nez\u00eer\u00ea Bedew\u00ee - www.shanabooks.de\",\"isPartOf\":{\"@id\":\"https:\\\/\\\/shanabooks.de\\\/#website\"},\"primaryImageOfPage\":{\"@id\":\"https:\\\/\\\/shanabooks.de\\\/product\\\/diwana-dahi-mela-nezire-bedewi\\\/#primaryimage\"},\"image\":{\"@id\":\"https:\\\/\\\/shanabooks.de\\\/product\\\/diwana-dahi-mela-nezire-bedewi\\\/#primaryimage\"},\"thumbnailUrl\":\"https:\\\/\\\/shanabooks.de\\\/wp-content\\\/uploads\\\/2024\\\/03\\\/Diwana-Dahi-1.png\",\"datePublished\":\"2024-03-03T19:39:16+00:00\",\"dateModified\":\"2024-04-07T14:39:42+00:00\",\"description\":\"D\u00eewana Dah\u00ee - Mela Nez\u00eer\u00ea Bedew\u00ee \u201cD\u00eewana Dah\u00ee\u201d d\u00eewara Mele Nez\u00eer\u00ea Bedew\u00ee ye ku bi amadekariya Tehs\u00een \u00cebrah\u00eem Dosk\u00ee hatiye amadekirin. Lat\u00een\u00eezekirina v\u00ea ...\",\"breadcrumb\":{\"@id\":\"https:\\\/\\\/shanabooks.de\\\/product\\\/diwana-dahi-mela-nezire-bedewi\\\/#breadcrumb\"},\"inLanguage\":\"de\",\"potentialAction\":[{\"@type\":\"ReadAction\",\"target\":[\"https:\\\/\\\/shanabooks.de\\\/product\\\/diwana-dahi-mela-nezire-bedewi\\\/\"]}]},{\"@type\":\"ImageObject\",\"inLanguage\":\"de\",\"@id\":\"https:\\\/\\\/shanabooks.de\\\/product\\\/diwana-dahi-mela-nezire-bedewi\\\/#primaryimage\",\"url\":\"https:\\\/\\\/shanabooks.de\\\/wp-content\\\/uploads\\\/2024\\\/03\\\/Diwana-Dahi-1.png\",\"contentUrl\":\"https:\\\/\\\/shanabooks.de\\\/wp-content\\\/uploads\\\/2024\\\/03\\\/Diwana-Dahi-1.png\",\"width\":305,\"height\":473,\"caption\":\"D\u00eewana Dah\u00ee - Mela Nez\u00eer\u00ea Bedew\u00ee - pirt\u00fbk\u00ean kurd\u00ee - klas\u00eek\"},{\"@type\":\"BreadcrumbList\",\"@id\":\"https:\\\/\\\/shanabooks.de\\\/product\\\/diwana-dahi-mela-nezire-bedewi\\\/#breadcrumb\",\"itemListElement\":[{\"@type\":\"ListItem\",\"position\":1,\"name\":\"\u0627\u0644\u0631\u0626\u064a\u0633\u064a\u0629\",\"item\":\"https:\\\/\\\/shanabooks.de\\\/de\\\/\"},{\"@type\":\"ListItem\",\"position\":2,\"name\":\"\u0627\u0644\u0645\u0646\u062a\u062c\u0627\u062a\",\"item\":\"https:\\\/\\\/shanabooks.de\\\/shop\\\/\"},{\"@type\":\"ListItem\",\"position\":3,\"name\":\"D\u00eewana Dah\u00ee\"}]},{\"@type\":\"WebSite\",\"@id\":\"https:\\\/\\\/shanabooks.de\\\/#website\",\"url\":\"https:\\\/\\\/shanabooks.de\\\/\",\"name\":\"www.shanbooks.de\",\"description\":\"C\u00eehana Pirt\u00fbk\u00ean Kurd\u00ee \u0645\u0643\u062a\u0628\u0629 \u0634\u0627\u0646\u0627 \u0641\u064a \u0627\u0644\u0645\u0627\u0646\u064a\u0627 \u0648\u0623\u0648\u0631\u0628\u0627\",\"publisher\":{\"@id\":\"https:\\\/\\\/shanabooks.de\\\/#organization\"},\"potentialAction\":[{\"@type\":\"SearchAction\",\"target\":{\"@type\":\"EntryPoint\",\"urlTemplate\":\"https:\\\/\\\/shanabooks.de\\\/?s={search_term_string}\"},\"query-input\":{\"@type\":\"PropertyValueSpecification\",\"valueRequired\":true,\"valueName\":\"search_term_string\"}}],\"inLanguage\":\"de\"},{\"@type\":\"Organization\",\"@id\":\"https:\\\/\\\/shanabooks.de\\\/#organization\",\"name\":\"www.shanbooks.de\",\"url\":\"https:\\\/\\\/shanabooks.de\\\/\",\"logo\":{\"@type\":\"ImageObject\",\"inLanguage\":\"de\",\"@id\":\"https:\\\/\\\/shanabooks.de\\\/#\\\/schema\\\/logo\\\/image\\\/\",\"url\":\"https:\\\/\\\/shanabooks.de\\\/wp-content\\\/uploads\\\/2024\\\/03\\\/SHANABOOKS__2_-removebg-preview.png\",\"contentUrl\":\"https:\\\/\\\/shanabooks.de\\\/wp-content\\\/uploads\\\/2024\\\/03\\\/SHANABOOKS__2_-removebg-preview.png\",\"width\":700,\"height\":150,\"caption\":\"www.shanbooks.de\"},\"image\":{\"@id\":\"https:\\\/\\\/shanabooks.de\\\/#\\\/schema\\\/logo\\\/image\\\/\"}}]}<\/script>\n<!-- \/ Yoast SEO plugin. -->","yoast_head_json":{"title":"D\u00eewana Dah\u00ee - Mela Nez\u00eer\u00ea Bedew\u00ee - www.shanabooks.de","description":"D\u00eewana Dah\u00ee - Mela Nez\u00eer\u00ea Bedew\u00ee \u201cD\u00eewana Dah\u00ee\u201d d\u00eewara Mele Nez\u00eer\u00ea Bedew\u00ee ye ku bi amadekariya Tehs\u00een \u00cebrah\u00eem Dosk\u00ee hatiye amadekirin. Lat\u00een\u00eezekirina v\u00ea ...","robots":{"index":"index","follow":"follow","max-snippet":"max-snippet:-1","max-image-preview":"max-image-preview:large","max-video-preview":"max-video-preview:-1"},"canonical":"https:\/\/shanabooks.de\/product\/diwana-dahi-mela-nezire-bedewi\/","og_locale":"de_DE","og_type":"article","og_title":"D\u00eewana Dah\u00ee - Mela Nez\u00eer\u00ea Bedew\u00ee - www.shanabooks.de","og_description":"D\u00eewana Dah\u00ee - Mela Nez\u00eer\u00ea Bedew\u00ee \u201cD\u00eewana Dah\u00ee\u201d d\u00eewara Mele Nez\u00eer\u00ea Bedew\u00ee ye ku bi amadekariya Tehs\u00een \u00cebrah\u00eem Dosk\u00ee hatiye amadekirin. Lat\u00een\u00eezekirina v\u00ea ...","og_url":"https:\/\/shanabooks.de\/product\/diwana-dahi-mela-nezire-bedewi\/","og_site_name":"www.shanabooks.de","article_modified_time":"2024-04-07T14:39:42+00:00","og_image":[{"width":305,"height":473,"url":"https:\/\/shanabooks.de\/wp-content\/uploads\/2024\/03\/Diwana-Dahi-1.png","type":"image\/png"}],"twitter_card":"summary_large_image","twitter_misc":{"Gesch\u00e4tzte Lesezeit":"1\u00a0Minute"},"schema":{"@context":"https:\/\/schema.org","@graph":[{"@type":"WebPage","@id":"https:\/\/shanabooks.de\/product\/diwana-dahi-mela-nezire-bedewi\/","url":"https:\/\/shanabooks.de\/product\/diwana-dahi-mela-nezire-bedewi\/","name":"D\u00eewana Dah\u00ee - Mela Nez\u00eer\u00ea Bedew\u00ee - www.shanabooks.de","isPartOf":{"@id":"https:\/\/shanabooks.de\/#website"},"primaryImageOfPage":{"@id":"https:\/\/shanabooks.de\/product\/diwana-dahi-mela-nezire-bedewi\/#primaryimage"},"image":{"@id":"https:\/\/shanabooks.de\/product\/diwana-dahi-mela-nezire-bedewi\/#primaryimage"},"thumbnailUrl":"https:\/\/shanabooks.de\/wp-content\/uploads\/2024\/03\/Diwana-Dahi-1.png","datePublished":"2024-03-03T19:39:16+00:00","dateModified":"2024-04-07T14:39:42+00:00","description":"D\u00eewana Dah\u00ee - Mela Nez\u00eer\u00ea Bedew\u00ee \u201cD\u00eewana Dah\u00ee\u201d d\u00eewara Mele Nez\u00eer\u00ea Bedew\u00ee ye ku bi amadekariya Tehs\u00een \u00cebrah\u00eem Dosk\u00ee hatiye amadekirin. Lat\u00een\u00eezekirina v\u00ea ...","breadcrumb":{"@id":"https:\/\/shanabooks.de\/product\/diwana-dahi-mela-nezire-bedewi\/#breadcrumb"},"inLanguage":"de","potentialAction":[{"@type":"ReadAction","target":["https:\/\/shanabooks.de\/product\/diwana-dahi-mela-nezire-bedewi\/"]}]},{"@type":"ImageObject","inLanguage":"de","@id":"https:\/\/shanabooks.de\/product\/diwana-dahi-mela-nezire-bedewi\/#primaryimage","url":"https:\/\/shanabooks.de\/wp-content\/uploads\/2024\/03\/Diwana-Dahi-1.png","contentUrl":"https:\/\/shanabooks.de\/wp-content\/uploads\/2024\/03\/Diwana-Dahi-1.png","width":305,"height":473,"caption":"D\u00eewana Dah\u00ee - Mela Nez\u00eer\u00ea Bedew\u00ee - pirt\u00fbk\u00ean kurd\u00ee - klas\u00eek"},{"@type":"BreadcrumbList","@id":"https:\/\/shanabooks.de\/product\/diwana-dahi-mela-nezire-bedewi\/#breadcrumb","itemListElement":[{"@type":"ListItem","position":1,"name":"\u0627\u0644\u0631\u0626\u064a\u0633\u064a\u0629","item":"https:\/\/shanabooks.de\/de\/"},{"@type":"ListItem","position":2,"name":"\u0627\u0644\u0645\u0646\u062a\u062c\u0627\u062a","item":"https:\/\/shanabooks.de\/shop\/"},{"@type":"ListItem","position":3,"name":"D\u00eewana Dah\u00ee"}]},{"@type":"WebSite","@id":"https:\/\/shanabooks.de\/#website","url":"https:\/\/shanabooks.de\/","name":"www.shanbooks.de","description":"C\u00eehana Pirt\u00fbk\u00ean Kurd\u00ee \u0645\u0643\u062a\u0628\u0629 \u0634\u0627\u0646\u0627 \u0641\u064a \u0627\u0644\u0645\u0627\u0646\u064a\u0627 \u0648\u0623\u0648\u0631\u0628\u0627","publisher":{"@id":"https:\/\/shanabooks.de\/#organization"},"potentialAction":[{"@type":"SearchAction","target":{"@type":"EntryPoint","urlTemplate":"https:\/\/shanabooks.de\/?s={search_term_string}"},"query-input":{"@type":"PropertyValueSpecification","valueRequired":true,"valueName":"search_term_string"}}],"inLanguage":"de"},{"@type":"Organization","@id":"https:\/\/shanabooks.de\/#organization","name":"www.shanbooks.de","url":"https:\/\/shanabooks.de\/","logo":{"@type":"ImageObject","inLanguage":"de","@id":"https:\/\/shanabooks.de\/#\/schema\/logo\/image\/","url":"https:\/\/shanabooks.de\/wp-content\/uploads\/2024\/03\/SHANABOOKS__2_-removebg-preview.png","contentUrl":"https:\/\/shanabooks.de\/wp-content\/uploads\/2024\/03\/SHANABOOKS__2_-removebg-preview.png","width":700,"height":150,"caption":"www.shanbooks.de"},"image":{"@id":"https:\/\/shanabooks.de\/#\/schema\/logo\/image\/"}}]}},"jetpack_sharing_enabled":true,"_links":{"self":[{"href":"https:\/\/shanabooks.de\/de\/wp-json\/wp\/v2\/product\/11913","targetHints":{"allow":["GET"]}}],"collection":[{"href":"https:\/\/shanabooks.de\/de\/wp-json\/wp\/v2\/product"}],"about":[{"href":"https:\/\/shanabooks.de\/de\/wp-json\/wp\/v2\/types\/product"}],"version-history":[{"count":3,"href":"https:\/\/shanabooks.de\/de\/wp-json\/wp\/v2\/product\/11913\/revisions"}],"predecessor-version":[{"id":23230,"href":"https:\/\/shanabooks.de\/de\/wp-json\/wp\/v2\/product\/11913\/revisions\/23230"}],"wp:featuredmedia":[{"embeddable":true,"href":"https:\/\/shanabooks.de\/de\/wp-json\/wp\/v2\/media\/11952"}],"wp:attachment":[{"href":"https:\/\/shanabooks.de\/de\/wp-json\/wp\/v2\/media?parent=11913"}],"wp:term":[{"taxonomy":"product_brand","embeddable":true,"href":"https:\/\/shanabooks.de\/de\/wp-json\/wp\/v2\/product_brand?post=11913"},{"taxonomy":"product_cat","embeddable":true,"href":"https:\/\/shanabooks.de\/de\/wp-json\/wp\/v2\/product_cat?post=11913"},{"taxonomy":"product_tag","embeddable":true,"href":"https:\/\/shanabooks.de\/de\/wp-json\/wp\/v2\/product_tag?post=11913"}],"curies":[{"name":"wp","href":"https:\/\/api.w.org\/{rel}","templated":true}]}}