{"id":11915,"date":"2024-03-03T19:39:16","date_gmt":"2024-03-03T19:39:16","guid":{"rendered":"https:\/\/shanabooks.de\/?post_type=product&#038;p=11915"},"modified":"2026-01-01T19:34:26","modified_gmt":"2026-01-01T19:34:26","slug":"diwana-hadi-mela-mihemede-liceyi","status":"publish","type":"product","link":"https:\/\/shanabooks.de\/de\/product\/diwana-hadi-mela-mihemede-liceyi\/","title":{"rendered":"D\u00eewana Had\u00ee"},"content":{"rendered":"<p dir=\"ltr\"><strong> D\u00eewana Had\u00ee &#8211; Mela Mihemed\u00ea L\u00eecey\u00ee<\/strong><\/p>\n<p dir=\"ltr\">\u201cD\u00eewana Had\u00ee\u201d ya Mela Mihemed\u00ea Licey\u00ee ku Tehs\u00een \u00cebrah\u00eem Dosk\u00ee amade kiriye \u00fb M. Xalid Sad\u00een\u00ee ew kiriye lat\u00een\u00ee. Berhema Mela Mihemed\u00ea Licey\u00ee yek ji d\u00eewan\u00ean kurmanc\u00ee y\u00ean gir\u00eeng t\u00ea jimartin ku li ser reng\u00ea klas\u00eek\u00ee hatiye niv\u00eesandin. Di d\u00eewan\u00ea de hindik be j\u00ee helbest\u00ean bi ziman\u00ea ereb\u00ee, faris\u00ee \u00fb tirk\u00ee j\u00ee hene.<\/p>\n","protected":false},"excerpt":{"rendered":"<p dir=\"ltr\" style=\"text-align: center;\"><strong>Pirt\u00fbk: D\u00eewana Had\u00ee<br \/>\nNiv\u00eeskar: Mela Mihemed\u00ea L\u00eecey\u00ee<\/strong><br \/>\n<strong>Cure: Helbest<\/strong><\/p>\n","protected":false},"featured_media":11956,"template":"","meta":{"site-sidebar-layout":"default","site-content-layout":"","ast-site-content-layout":"default","site-content-style":"default","site-sidebar-style":"default","ast-global-header-display":"","ast-banner-title-visibility":"","ast-main-header-display":"","ast-hfb-above-header-display":"","ast-hfb-below-header-display":"","ast-hfb-mobile-header-display":"","site-post-title":"","ast-breadcrumbs-content":"","ast-featured-img":"","footer-sml-layout":"","ast-disable-related-posts":"","theme-transparent-header-meta":"default","adv-header-id-meta":"","stick-header-meta":"","header-above-stick-meta":"","header-main-stick-meta":"","header-below-stick-meta":"","astra-migrate-meta-layouts":"set","ast-page-background-enabled":"default","ast-page-background-meta":{"desktop":{"background-color":"","background-image":"","background-repeat":"repeat","background-position":"center center","background-size":"auto","background-attachment":"scroll","background-type":"","background-media":"","overlay-type":"","overlay-color":"","overlay-opacity":"","overlay-gradient":""},"tablet":{"background-color":"","background-image":"","background-repeat":"repeat","background-position":"center center","background-size":"auto","background-attachment":"scroll","background-type":"","background-media":"","overlay-type":"","overlay-color":"","overlay-opacity":"","overlay-gradient":""},"mobile":{"background-color":"","background-image":"","background-repeat":"repeat","background-position":"center center","background-size":"auto","background-attachment":"scroll","background-type":"","background-media":"","overlay-type":"","overlay-color":"","overlay-opacity":"","overlay-gradient":""}},"ast-content-background-meta":{"desktop":{"background-color":"var(--ast-global-color-5)","background-image":"","background-repeat":"repeat","background-position":"center center","background-size":"auto","background-attachment":"scroll","background-type":"","background-media":"","overlay-type":"","overlay-color":"","overlay-opacity":"","overlay-gradient":""},"tablet":{"background-color":"var(--ast-global-color-5)","background-image":"","background-repeat":"repeat","background-position":"center center","background-size":"auto","background-attachment":"scroll","background-type":"","background-media":"","overlay-type":"","overlay-color":"","overlay-opacity":"","overlay-gradient":""},"mobile":{"background-color":"var(--ast-global-color-5)","background-image":"","background-repeat":"repeat","background-position":"center center","background-size":"auto","background-attachment":"scroll","background-type":"","background-media":"","overlay-type":"","overlay-color":"","overlay-opacity":"","overlay-gradient":""}}},"product_brand":[],"product_cat":[181,193],"product_tag":[],"class_list":{"0":"post-11915","1":"product","2":"type-product","3":"status-publish","4":"has-post-thumbnail","6":"product_cat--_","8":"pa_-helbest","9":"pa_-klasiken-kurdi","10":"pa_-mela-mihemede-liceyi","11":"pa_-kurmanci","12":"pa_--nubihar","13":"desktop-align-left","14":"tablet-align-left","15":"mobile-align-left","17":"first","18":"outofstock","19":"shipping-taxable","20":"purchasable","21":"product-type-simple"},"yoast_head":"<!-- This site is optimized with the Yoast SEO plugin v27.4 - https:\/\/yoast.com\/product\/yoast-seo-wordpress\/ -->\n<title>D\u00eewana Had\u00ee - Mela Mihemed\u00ea L\u00eecey\u00ee - www.shanabooks.de<\/title>\n<meta name=\"description\" content=\"D\u00eewana Had\u00ee - Mela Mihemed\u00ea L\u00eecey\u00ee\u201cD\u00eewana Had\u00ee\u201d ya Mela Mihemed\u00ea Licey\u00ee ku Tehs\u00een \u00cebrah\u00eem Dosk\u00ee amade kiriye \u00fb M. Xalid Sad\u00een\u00ee ew kiriye lat\u00een\u00ee. Berhema...\" \/>\n<meta name=\"robots\" content=\"index, follow, max-snippet:-1, max-image-preview:large, max-video-preview:-1\" \/>\n<link rel=\"canonical\" href=\"https:\/\/shanabooks.de\/product\/diwana-hadi-mela-mihemede-liceyi\/\" \/>\n<meta property=\"og:locale\" content=\"de_DE\" \/>\n<meta property=\"og:type\" content=\"article\" \/>\n<meta property=\"og:title\" content=\"D\u00eewana Had\u00ee - Mela Mihemed\u00ea L\u00eecey\u00ee - www.shanabooks.de\" \/>\n<meta property=\"og:description\" content=\"D\u00eewana Had\u00ee - Mela Mihemed\u00ea L\u00eecey\u00ee\u201cD\u00eewana Had\u00ee\u201d ya Mela Mihemed\u00ea Licey\u00ee ku Tehs\u00een \u00cebrah\u00eem Dosk\u00ee amade kiriye \u00fb M. Xalid Sad\u00een\u00ee ew kiriye lat\u00een\u00ee. Berhema...\" \/>\n<meta property=\"og:url\" content=\"https:\/\/shanabooks.de\/product\/diwana-hadi-mela-mihemede-liceyi\/\" \/>\n<meta property=\"og:site_name\" content=\"www.shanabooks.de\" \/>\n<meta property=\"article:modified_time\" content=\"2026-01-01T19:34:26+00:00\" \/>\n<meta property=\"og:image\" content=\"https:\/\/shanabooks.de\/wp-content\/uploads\/2024\/03\/Diwana-Hadi-1.png\" \/>\n\t<meta property=\"og:image:width\" content=\"318\" \/>\n\t<meta property=\"og:image:height\" content=\"477\" \/>\n\t<meta property=\"og:image:type\" content=\"image\/png\" \/>\n<meta name=\"twitter:card\" content=\"summary_large_image\" \/>\n<meta name=\"twitter:label1\" content=\"Gesch\u00e4tzte Lesezeit\" \/>\n\t<meta name=\"twitter:data1\" content=\"1\u00a0Minute\" \/>\n<script type=\"application\/ld+json\" class=\"yoast-schema-graph\">{\"@context\":\"https:\\\/\\\/schema.org\",\"@graph\":[{\"@type\":\"WebPage\",\"@id\":\"https:\\\/\\\/shanabooks.de\\\/product\\\/diwana-hadi-mela-mihemede-liceyi\\\/\",\"url\":\"https:\\\/\\\/shanabooks.de\\\/product\\\/diwana-hadi-mela-mihemede-liceyi\\\/\",\"name\":\"D\u00eewana Had\u00ee - Mela Mihemed\u00ea L\u00eecey\u00ee - www.shanabooks.de\",\"isPartOf\":{\"@id\":\"https:\\\/\\\/shanabooks.de\\\/#website\"},\"primaryImageOfPage\":{\"@id\":\"https:\\\/\\\/shanabooks.de\\\/product\\\/diwana-hadi-mela-mihemede-liceyi\\\/#primaryimage\"},\"image\":{\"@id\":\"https:\\\/\\\/shanabooks.de\\\/product\\\/diwana-hadi-mela-mihemede-liceyi\\\/#primaryimage\"},\"thumbnailUrl\":\"https:\\\/\\\/shanabooks.de\\\/wp-content\\\/uploads\\\/2024\\\/03\\\/Diwana-Hadi-1.png\",\"datePublished\":\"2024-03-03T19:39:16+00:00\",\"dateModified\":\"2026-01-01T19:34:26+00:00\",\"description\":\"D\u00eewana Had\u00ee - Mela Mihemed\u00ea L\u00eecey\u00ee\u201cD\u00eewana Had\u00ee\u201d ya Mela Mihemed\u00ea Licey\u00ee ku Tehs\u00een \u00cebrah\u00eem Dosk\u00ee amade kiriye \u00fb M. Xalid Sad\u00een\u00ee ew kiriye lat\u00een\u00ee. Berhema...\",\"breadcrumb\":{\"@id\":\"https:\\\/\\\/shanabooks.de\\\/product\\\/diwana-hadi-mela-mihemede-liceyi\\\/#breadcrumb\"},\"inLanguage\":\"de\",\"potentialAction\":[{\"@type\":\"ReadAction\",\"target\":[\"https:\\\/\\\/shanabooks.de\\\/product\\\/diwana-hadi-mela-mihemede-liceyi\\\/\"]}]},{\"@type\":\"ImageObject\",\"inLanguage\":\"de\",\"@id\":\"https:\\\/\\\/shanabooks.de\\\/product\\\/diwana-hadi-mela-mihemede-liceyi\\\/#primaryimage\",\"url\":\"https:\\\/\\\/shanabooks.de\\\/wp-content\\\/uploads\\\/2024\\\/03\\\/Diwana-Hadi-1.png\",\"contentUrl\":\"https:\\\/\\\/shanabooks.de\\\/wp-content\\\/uploads\\\/2024\\\/03\\\/Diwana-Hadi-1.png\",\"width\":318,\"height\":477,\"caption\":\"D\u00eewana Had\u00ee - Mela Mihemed\u00ea L\u00eecey\u00ee - pirt\u00fbk\u00ean kurd\u00ee - klas\u00eek\"},{\"@type\":\"BreadcrumbList\",\"@id\":\"https:\\\/\\\/shanabooks.de\\\/product\\\/diwana-hadi-mela-mihemede-liceyi\\\/#breadcrumb\",\"itemListElement\":[{\"@type\":\"ListItem\",\"position\":1,\"name\":\"\u0627\u0644\u0631\u0626\u064a\u0633\u064a\u0629\",\"item\":\"https:\\\/\\\/shanabooks.de\\\/de\\\/\"},{\"@type\":\"ListItem\",\"position\":2,\"name\":\"\u0627\u0644\u0645\u0646\u062a\u062c\u0627\u062a\",\"item\":\"https:\\\/\\\/shanabooks.de\\\/shop\\\/\"},{\"@type\":\"ListItem\",\"position\":3,\"name\":\"D\u00eewana Had\u00ee\"}]},{\"@type\":\"WebSite\",\"@id\":\"https:\\\/\\\/shanabooks.de\\\/#website\",\"url\":\"https:\\\/\\\/shanabooks.de\\\/\",\"name\":\"www.shanbooks.de\",\"description\":\"C\u00eehana Pirt\u00fbk\u00ean Kurd\u00ee \u0645\u0643\u062a\u0628\u0629 \u0634\u0627\u0646\u0627 \u0641\u064a \u0627\u0644\u0645\u0627\u0646\u064a\u0627 \u0648\u0623\u0648\u0631\u0628\u0627\",\"publisher\":{\"@id\":\"https:\\\/\\\/shanabooks.de\\\/#organization\"},\"potentialAction\":[{\"@type\":\"SearchAction\",\"target\":{\"@type\":\"EntryPoint\",\"urlTemplate\":\"https:\\\/\\\/shanabooks.de\\\/?s={search_term_string}\"},\"query-input\":{\"@type\":\"PropertyValueSpecification\",\"valueRequired\":true,\"valueName\":\"search_term_string\"}}],\"inLanguage\":\"de\"},{\"@type\":\"Organization\",\"@id\":\"https:\\\/\\\/shanabooks.de\\\/#organization\",\"name\":\"www.shanbooks.de\",\"url\":\"https:\\\/\\\/shanabooks.de\\\/\",\"logo\":{\"@type\":\"ImageObject\",\"inLanguage\":\"de\",\"@id\":\"https:\\\/\\\/shanabooks.de\\\/#\\\/schema\\\/logo\\\/image\\\/\",\"url\":\"https:\\\/\\\/shanabooks.de\\\/wp-content\\\/uploads\\\/2024\\\/03\\\/SHANABOOKS__2_-removebg-preview.png\",\"contentUrl\":\"https:\\\/\\\/shanabooks.de\\\/wp-content\\\/uploads\\\/2024\\\/03\\\/SHANABOOKS__2_-removebg-preview.png\",\"width\":700,\"height\":150,\"caption\":\"www.shanbooks.de\"},\"image\":{\"@id\":\"https:\\\/\\\/shanabooks.de\\\/#\\\/schema\\\/logo\\\/image\\\/\"}}]}<\/script>\n<!-- \/ Yoast SEO plugin. -->","yoast_head_json":{"title":"D\u00eewana Had\u00ee - Mela Mihemed\u00ea L\u00eecey\u00ee - www.shanabooks.de","description":"D\u00eewana Had\u00ee - Mela Mihemed\u00ea L\u00eecey\u00ee\u201cD\u00eewana Had\u00ee\u201d ya Mela Mihemed\u00ea Licey\u00ee ku Tehs\u00een \u00cebrah\u00eem Dosk\u00ee amade kiriye \u00fb M. Xalid Sad\u00een\u00ee ew kiriye lat\u00een\u00ee. Berhema...","robots":{"index":"index","follow":"follow","max-snippet":"max-snippet:-1","max-image-preview":"max-image-preview:large","max-video-preview":"max-video-preview:-1"},"canonical":"https:\/\/shanabooks.de\/product\/diwana-hadi-mela-mihemede-liceyi\/","og_locale":"de_DE","og_type":"article","og_title":"D\u00eewana Had\u00ee - Mela Mihemed\u00ea L\u00eecey\u00ee - www.shanabooks.de","og_description":"D\u00eewana Had\u00ee - Mela Mihemed\u00ea L\u00eecey\u00ee\u201cD\u00eewana Had\u00ee\u201d ya Mela Mihemed\u00ea Licey\u00ee ku Tehs\u00een \u00cebrah\u00eem Dosk\u00ee amade kiriye \u00fb M. Xalid Sad\u00een\u00ee ew kiriye lat\u00een\u00ee. Berhema...","og_url":"https:\/\/shanabooks.de\/product\/diwana-hadi-mela-mihemede-liceyi\/","og_site_name":"www.shanabooks.de","article_modified_time":"2026-01-01T19:34:26+00:00","og_image":[{"width":318,"height":477,"url":"https:\/\/shanabooks.de\/wp-content\/uploads\/2024\/03\/Diwana-Hadi-1.png","type":"image\/png"}],"twitter_card":"summary_large_image","twitter_misc":{"Gesch\u00e4tzte Lesezeit":"1\u00a0Minute"},"schema":{"@context":"https:\/\/schema.org","@graph":[{"@type":"WebPage","@id":"https:\/\/shanabooks.de\/product\/diwana-hadi-mela-mihemede-liceyi\/","url":"https:\/\/shanabooks.de\/product\/diwana-hadi-mela-mihemede-liceyi\/","name":"D\u00eewana Had\u00ee - Mela Mihemed\u00ea L\u00eecey\u00ee - www.shanabooks.de","isPartOf":{"@id":"https:\/\/shanabooks.de\/#website"},"primaryImageOfPage":{"@id":"https:\/\/shanabooks.de\/product\/diwana-hadi-mela-mihemede-liceyi\/#primaryimage"},"image":{"@id":"https:\/\/shanabooks.de\/product\/diwana-hadi-mela-mihemede-liceyi\/#primaryimage"},"thumbnailUrl":"https:\/\/shanabooks.de\/wp-content\/uploads\/2024\/03\/Diwana-Hadi-1.png","datePublished":"2024-03-03T19:39:16+00:00","dateModified":"2026-01-01T19:34:26+00:00","description":"D\u00eewana Had\u00ee - Mela Mihemed\u00ea L\u00eecey\u00ee\u201cD\u00eewana Had\u00ee\u201d ya Mela Mihemed\u00ea Licey\u00ee ku Tehs\u00een \u00cebrah\u00eem Dosk\u00ee amade kiriye \u00fb M. Xalid Sad\u00een\u00ee ew kiriye lat\u00een\u00ee. Berhema...","breadcrumb":{"@id":"https:\/\/shanabooks.de\/product\/diwana-hadi-mela-mihemede-liceyi\/#breadcrumb"},"inLanguage":"de","potentialAction":[{"@type":"ReadAction","target":["https:\/\/shanabooks.de\/product\/diwana-hadi-mela-mihemede-liceyi\/"]}]},{"@type":"ImageObject","inLanguage":"de","@id":"https:\/\/shanabooks.de\/product\/diwana-hadi-mela-mihemede-liceyi\/#primaryimage","url":"https:\/\/shanabooks.de\/wp-content\/uploads\/2024\/03\/Diwana-Hadi-1.png","contentUrl":"https:\/\/shanabooks.de\/wp-content\/uploads\/2024\/03\/Diwana-Hadi-1.png","width":318,"height":477,"caption":"D\u00eewana Had\u00ee - Mela Mihemed\u00ea L\u00eecey\u00ee - pirt\u00fbk\u00ean kurd\u00ee - klas\u00eek"},{"@type":"BreadcrumbList","@id":"https:\/\/shanabooks.de\/product\/diwana-hadi-mela-mihemede-liceyi\/#breadcrumb","itemListElement":[{"@type":"ListItem","position":1,"name":"\u0627\u0644\u0631\u0626\u064a\u0633\u064a\u0629","item":"https:\/\/shanabooks.de\/de\/"},{"@type":"ListItem","position":2,"name":"\u0627\u0644\u0645\u0646\u062a\u062c\u0627\u062a","item":"https:\/\/shanabooks.de\/shop\/"},{"@type":"ListItem","position":3,"name":"D\u00eewana Had\u00ee"}]},{"@type":"WebSite","@id":"https:\/\/shanabooks.de\/#website","url":"https:\/\/shanabooks.de\/","name":"www.shanbooks.de","description":"C\u00eehana Pirt\u00fbk\u00ean Kurd\u00ee \u0645\u0643\u062a\u0628\u0629 \u0634\u0627\u0646\u0627 \u0641\u064a \u0627\u0644\u0645\u0627\u0646\u064a\u0627 \u0648\u0623\u0648\u0631\u0628\u0627","publisher":{"@id":"https:\/\/shanabooks.de\/#organization"},"potentialAction":[{"@type":"SearchAction","target":{"@type":"EntryPoint","urlTemplate":"https:\/\/shanabooks.de\/?s={search_term_string}"},"query-input":{"@type":"PropertyValueSpecification","valueRequired":true,"valueName":"search_term_string"}}],"inLanguage":"de"},{"@type":"Organization","@id":"https:\/\/shanabooks.de\/#organization","name":"www.shanbooks.de","url":"https:\/\/shanabooks.de\/","logo":{"@type":"ImageObject","inLanguage":"de","@id":"https:\/\/shanabooks.de\/#\/schema\/logo\/image\/","url":"https:\/\/shanabooks.de\/wp-content\/uploads\/2024\/03\/SHANABOOKS__2_-removebg-preview.png","contentUrl":"https:\/\/shanabooks.de\/wp-content\/uploads\/2024\/03\/SHANABOOKS__2_-removebg-preview.png","width":700,"height":150,"caption":"www.shanbooks.de"},"image":{"@id":"https:\/\/shanabooks.de\/#\/schema\/logo\/image\/"}}]}},"jetpack_sharing_enabled":true,"_links":{"self":[{"href":"https:\/\/shanabooks.de\/de\/wp-json\/wp\/v2\/product\/11915","targetHints":{"allow":["GET"]}}],"collection":[{"href":"https:\/\/shanabooks.de\/de\/wp-json\/wp\/v2\/product"}],"about":[{"href":"https:\/\/shanabooks.de\/de\/wp-json\/wp\/v2\/types\/product"}],"version-history":[{"count":3,"href":"https:\/\/shanabooks.de\/de\/wp-json\/wp\/v2\/product\/11915\/revisions"}],"predecessor-version":[{"id":23236,"href":"https:\/\/shanabooks.de\/de\/wp-json\/wp\/v2\/product\/11915\/revisions\/23236"}],"wp:featuredmedia":[{"embeddable":true,"href":"https:\/\/shanabooks.de\/de\/wp-json\/wp\/v2\/media\/11956"}],"wp:attachment":[{"href":"https:\/\/shanabooks.de\/de\/wp-json\/wp\/v2\/media?parent=11915"}],"wp:term":[{"taxonomy":"product_brand","embeddable":true,"href":"https:\/\/shanabooks.de\/de\/wp-json\/wp\/v2\/product_brand?post=11915"},{"taxonomy":"product_cat","embeddable":true,"href":"https:\/\/shanabooks.de\/de\/wp-json\/wp\/v2\/product_cat?post=11915"},{"taxonomy":"product_tag","embeddable":true,"href":"https:\/\/shanabooks.de\/de\/wp-json\/wp\/v2\/product_tag?post=11915"}],"curies":[{"name":"wp","href":"https:\/\/api.w.org\/{rel}","templated":true}]}}