{"id":11917,"date":"2024-03-03T19:39:16","date_gmt":"2024-03-03T19:39:16","guid":{"rendered":"https:\/\/shanabooks.de\/?post_type=product&#038;p=11917"},"modified":"2026-01-01T19:28:57","modified_gmt":"2026-01-01T19:28:57","slug":"diwana-sex-ehmede-feqir","status":"publish","type":"product","link":"https:\/\/shanabooks.de\/de\/product\/diwana-sex-ehmede-feqir\/","title":{"rendered":"D\u00eewana \u015e\u00eax Ehmed\u00ea Feq\u00eer"},"content":{"rendered":"<p dir=\"ltr\"><strong>D\u00eewana \u015e\u00eax Ehmed\u00ea Feq\u00eer<\/strong><\/p>\n<p dir=\"ltr\">\u015e\u00eax Ehmed\u00ea Feq\u00eer, yek ji wan \u015fa\u2018ir\u00ean Kurd \u00ean serdema m\u00eerektiyan e ku xwed\u00ee d\u00eewaneke mezin \u00fb giranbiha ye. Heta niha ne nav\u00ea w\u00ee, ne j\u00ee d\u00eewana w\u00ee ya ku nusxeya yekane b\u00fb, ji aliy\u00ea l\u00eakol\u00eeneran ve nehatiye nas\u00een. Ev destxet, b\u00eay\u00ee ku li bobelat \u00fb mus\u00eebeteke ku hatiye ser\u00ea gelek berhem\u00ean Kurd\u00ee r\u00fbbir\u00fb were, ji aliy\u00ea malbata helbestvan ve heta dema me parast\u00ee maye. Hin ji taybetmendiy\u00ean gir\u00eeng \u00ean v\u00ea d\u00eewan\u00ea ev in:<\/p>\n<p dir=\"ltr\">Di edebiyata Kurd\u00ee ya klas\u00eek de pi\u015ft\u00ee d\u00eewana Melay\u00ea Ciz\u00eer\u00ee \u00fb Pertew Beg\u00ea Hekar\u00ee, s\u00eayem\u00een d\u00eewana Kurdiya Kurmanc\u00ee ya muretteb e. Her wiha ev d\u00eewan, di nava d\u00eewan\u00ean Kurd\u00ee tevan de yekem berhem e ku bi dest\u00ea muellif\u00ea xwe hatiye niv\u00ees\u00een. Yan\u00ee d\u00eewan ne kop\u00ee ye, nusxeya muellif bi xwe ye. D\u00eesa ev d\u00eewan di edebiyata Kurd\u00ee de yekem d\u00eewana ne\u2019tan e ku m\u00eenak\u00ean van di edebiyat\u00ean klas\u00eek \u00ean c\u00eeranan de z\u00eade ne.<\/p>\n<p dir=\"ltr\">\u015e\u00eax Ehmed\u00ea Feq\u00eer, kur\u00ea \u015e\u00eax \u015eerefedd\u00een\u00ea kur\u00ea \u015e\u00eax Nasiridd\u00een\u00ea kur\u00ea \u015e\u00eax Ebdullah\u00ea \u015eawir\u00ee ye. Malbatek zana \u00fb mutesewif e. Jiyana malbata helbestvan\u00ea me li gund\u00ea \u015eawira \u00fb Gund\u015f\u00eax\u00ea derbas b\u00fbye ku ev gundana \u00eero gir\u00eaday\u00ee bi Dih\u00ea\/Er\u00fbha S\u00eart\u00ea ne. Derbar\u00ea jiyan \u00fb serp\u00eahatiya w\u00ee de zan\u00een\u00ean berfireh di dest\u00ea me de n\u00eenin. D\u00eewana \u015e\u00eax Ehmed\u00ea Feq\u00eer\u00ea Gund\u015f\u00eax\u00ee bi Kurd\u00ee \u00fb Ereb\u00ee \u00fb Faris\u00ee ye \u00fb di sala 1237\/1822 de hatiye niv\u00ees\u00een.<\/p>\n<p dir=\"ltr\">.Heb\u00fbna d\u00eewana \u015e\u00eax Ehmed\u00ea Feq\u00eer ji bo edebiyata Kurd\u00ee genc\u00eeneyeke b\u00eahempa ye.<\/p>\n<p dir=\"ltr\">klas\u00eek\u00ean kurd\u00ee<\/p>\n","protected":false},"excerpt":{"rendered":"<p dir=\"ltr\" style=\"text-align: center;\"><strong>Pirt\u00fbk: D\u00eewana \u015e\u00eax Ehmed\u00ea Feq\u00eer<br \/>\nNiv\u00eeskar: \u015e\u00eax Ehmed\u00ea Feq\u00eer<\/strong><br \/>\n<strong>Cure: Helbest<\/strong><\/p>\n","protected":false},"featured_media":11979,"template":"","meta":{"site-sidebar-layout":"default","site-content-layout":"","ast-site-content-layout":"default","site-content-style":"default","site-sidebar-style":"default","ast-global-header-display":"","ast-banner-title-visibility":"","ast-main-header-display":"","ast-hfb-above-header-display":"","ast-hfb-below-header-display":"","ast-hfb-mobile-header-display":"","site-post-title":"","ast-breadcrumbs-content":"","ast-featured-img":"","footer-sml-layout":"","ast-disable-related-posts":"","theme-transparent-header-meta":"default","adv-header-id-meta":"","stick-header-meta":"","header-above-stick-meta":"","header-main-stick-meta":"","header-below-stick-meta":"","astra-migrate-meta-layouts":"set","ast-page-background-enabled":"default","ast-page-background-meta":{"desktop":{"background-color":"","background-image":"","background-repeat":"repeat","background-position":"center center","background-size":"auto","background-attachment":"scroll","background-type":"","background-media":"","overlay-type":"","overlay-color":"","overlay-opacity":"","overlay-gradient":""},"tablet":{"background-color":"","background-image":"","background-repeat":"repeat","background-position":"center center","background-size":"auto","background-attachment":"scroll","background-type":"","background-media":"","overlay-type":"","overlay-color":"","overlay-opacity":"","overlay-gradient":""},"mobile":{"background-color":"","background-image":"","background-repeat":"repeat","background-position":"center center","background-size":"auto","background-attachment":"scroll","background-type":"","background-media":"","overlay-type":"","overlay-color":"","overlay-opacity":"","overlay-gradient":""}},"ast-content-background-meta":{"desktop":{"background-color":"var(--ast-global-color-5)","background-image":"","background-repeat":"repeat","background-position":"center center","background-size":"auto","background-attachment":"scroll","background-type":"","background-media":"","overlay-type":"","overlay-color":"","overlay-opacity":"","overlay-gradient":""},"tablet":{"background-color":"var(--ast-global-color-5)","background-image":"","background-repeat":"repeat","background-position":"center center","background-size":"auto","background-attachment":"scroll","background-type":"","background-media":"","overlay-type":"","overlay-color":"","overlay-opacity":"","overlay-gradient":""},"mobile":{"background-color":"var(--ast-global-color-5)","background-image":"","background-repeat":"repeat","background-position":"center center","background-size":"auto","background-attachment":"scroll","background-type":"","background-media":"","overlay-type":"","overlay-color":"","overlay-opacity":"","overlay-gradient":""}}},"product_brand":[],"product_cat":[181,193],"product_tag":[],"class_list":{"0":"post-11917","1":"product","2":"type-product","3":"status-publish","4":"has-post-thumbnail","6":"product_cat--_","8":"pa_-helbest","9":"pa_-klasiken-kurdi","10":"pa_-sex-ehmede-feqir","11":"pa_-kurmanci","12":"pa_--nubihar","13":"desktop-align-left","14":"tablet-align-left","15":"mobile-align-left","17":"first","18":"instock","19":"shipping-taxable","20":"purchasable","21":"product-type-simple"},"yoast_head":"<!-- This site is optimized with the Yoast SEO plugin v27.4 - https:\/\/yoast.com\/product\/yoast-seo-wordpress\/ -->\n<title>D\u00eewana \u015e\u00eax Ehmed\u00ea Feq\u00eer - www.shanabooks.de<\/title>\n<meta name=\"description\" content=\"D\u00eewana \u015e\u00eax Ehmed\u00ea Feq\u00eer \u015e\u00eax Ehmed\u00ea Feq\u00eer, yek ji wan \u015fa\u2018ir\u00ean Kurd \u00ean serdema m\u00eerektiyan e ku xwed\u00ee d\u00eewaneke mezin \u00fb giranbiha ye. Heta niha ne nav\u00ea w\u00ee ...\" \/>\n<meta name=\"robots\" content=\"index, follow, max-snippet:-1, max-image-preview:large, max-video-preview:-1\" \/>\n<link rel=\"canonical\" href=\"https:\/\/shanabooks.de\/product\/diwana-sex-ehmede-feqir\/\" \/>\n<meta property=\"og:locale\" content=\"de_DE\" \/>\n<meta property=\"og:type\" content=\"article\" \/>\n<meta property=\"og:title\" content=\"D\u00eewana \u015e\u00eax Ehmed\u00ea Feq\u00eer - www.shanabooks.de\" \/>\n<meta property=\"og:description\" content=\"D\u00eewana \u015e\u00eax Ehmed\u00ea Feq\u00eer \u015e\u00eax Ehmed\u00ea Feq\u00eer, yek ji wan \u015fa\u2018ir\u00ean Kurd \u00ean serdema m\u00eerektiyan e ku xwed\u00ee d\u00eewaneke mezin \u00fb giranbiha ye. Heta niha ne nav\u00ea w\u00ee ...\" \/>\n<meta property=\"og:url\" content=\"https:\/\/shanabooks.de\/product\/diwana-sex-ehmede-feqir\/\" \/>\n<meta property=\"og:site_name\" content=\"www.shanabooks.de\" \/>\n<meta property=\"article:modified_time\" content=\"2026-01-01T19:28:57+00:00\" \/>\n<meta property=\"og:image\" content=\"https:\/\/shanabooks.de\/wp-content\/uploads\/2024\/03\/Diwana-Sex-Ehmede-Feqir-1.png\" \/>\n\t<meta property=\"og:image:width\" content=\"319\" \/>\n\t<meta property=\"og:image:height\" content=\"476\" \/>\n\t<meta property=\"og:image:type\" content=\"image\/png\" \/>\n<meta name=\"twitter:card\" content=\"summary_large_image\" \/>\n<meta name=\"twitter:label1\" content=\"Gesch\u00e4tzte Lesezeit\" \/>\n\t<meta name=\"twitter:data1\" content=\"2\u00a0Minuten\" \/>\n<script type=\"application\/ld+json\" class=\"yoast-schema-graph\">{\"@context\":\"https:\\\/\\\/schema.org\",\"@graph\":[{\"@type\":\"WebPage\",\"@id\":\"https:\\\/\\\/shanabooks.de\\\/product\\\/diwana-sex-ehmede-feqir\\\/\",\"url\":\"https:\\\/\\\/shanabooks.de\\\/product\\\/diwana-sex-ehmede-feqir\\\/\",\"name\":\"D\u00eewana \u015e\u00eax Ehmed\u00ea Feq\u00eer - www.shanabooks.de\",\"isPartOf\":{\"@id\":\"https:\\\/\\\/shanabooks.de\\\/#website\"},\"primaryImageOfPage\":{\"@id\":\"https:\\\/\\\/shanabooks.de\\\/product\\\/diwana-sex-ehmede-feqir\\\/#primaryimage\"},\"image\":{\"@id\":\"https:\\\/\\\/shanabooks.de\\\/product\\\/diwana-sex-ehmede-feqir\\\/#primaryimage\"},\"thumbnailUrl\":\"https:\\\/\\\/shanabooks.de\\\/wp-content\\\/uploads\\\/2024\\\/03\\\/Diwana-Sex-Ehmede-Feqir-1.png\",\"datePublished\":\"2024-03-03T19:39:16+00:00\",\"dateModified\":\"2026-01-01T19:28:57+00:00\",\"description\":\"D\u00eewana \u015e\u00eax Ehmed\u00ea Feq\u00eer \u015e\u00eax Ehmed\u00ea Feq\u00eer, yek ji wan \u015fa\u2018ir\u00ean Kurd \u00ean serdema m\u00eerektiyan e ku xwed\u00ee d\u00eewaneke mezin \u00fb giranbiha ye. Heta niha ne nav\u00ea w\u00ee ...\",\"breadcrumb\":{\"@id\":\"https:\\\/\\\/shanabooks.de\\\/product\\\/diwana-sex-ehmede-feqir\\\/#breadcrumb\"},\"inLanguage\":\"de\",\"potentialAction\":[{\"@type\":\"ReadAction\",\"target\":[\"https:\\\/\\\/shanabooks.de\\\/product\\\/diwana-sex-ehmede-feqir\\\/\"]}]},{\"@type\":\"ImageObject\",\"inLanguage\":\"de\",\"@id\":\"https:\\\/\\\/shanabooks.de\\\/product\\\/diwana-sex-ehmede-feqir\\\/#primaryimage\",\"url\":\"https:\\\/\\\/shanabooks.de\\\/wp-content\\\/uploads\\\/2024\\\/03\\\/Diwana-Sex-Ehmede-Feqir-1.png\",\"contentUrl\":\"https:\\\/\\\/shanabooks.de\\\/wp-content\\\/uploads\\\/2024\\\/03\\\/Diwana-Sex-Ehmede-Feqir-1.png\",\"width\":319,\"height\":476,\"caption\":\"D\u00eewana \u015e\u00eax Ehmed\u00ea Feq\u00eer\"},{\"@type\":\"BreadcrumbList\",\"@id\":\"https:\\\/\\\/shanabooks.de\\\/product\\\/diwana-sex-ehmede-feqir\\\/#breadcrumb\",\"itemListElement\":[{\"@type\":\"ListItem\",\"position\":1,\"name\":\"\u0627\u0644\u0631\u0626\u064a\u0633\u064a\u0629\",\"item\":\"https:\\\/\\\/shanabooks.de\\\/de\\\/\"},{\"@type\":\"ListItem\",\"position\":2,\"name\":\"\u0627\u0644\u0645\u0646\u062a\u062c\u0627\u062a\",\"item\":\"https:\\\/\\\/shanabooks.de\\\/shop\\\/\"},{\"@type\":\"ListItem\",\"position\":3,\"name\":\"D\u00eewana \u015e\u00eax Ehmed\u00ea Feq\u00eer\"}]},{\"@type\":\"WebSite\",\"@id\":\"https:\\\/\\\/shanabooks.de\\\/#website\",\"url\":\"https:\\\/\\\/shanabooks.de\\\/\",\"name\":\"www.shanbooks.de\",\"description\":\"C\u00eehana Pirt\u00fbk\u00ean Kurd\u00ee \u0645\u0643\u062a\u0628\u0629 \u0634\u0627\u0646\u0627 \u0641\u064a \u0627\u0644\u0645\u0627\u0646\u064a\u0627 \u0648\u0623\u0648\u0631\u0628\u0627\",\"publisher\":{\"@id\":\"https:\\\/\\\/shanabooks.de\\\/#organization\"},\"potentialAction\":[{\"@type\":\"SearchAction\",\"target\":{\"@type\":\"EntryPoint\",\"urlTemplate\":\"https:\\\/\\\/shanabooks.de\\\/?s={search_term_string}\"},\"query-input\":{\"@type\":\"PropertyValueSpecification\",\"valueRequired\":true,\"valueName\":\"search_term_string\"}}],\"inLanguage\":\"de\"},{\"@type\":\"Organization\",\"@id\":\"https:\\\/\\\/shanabooks.de\\\/#organization\",\"name\":\"www.shanbooks.de\",\"url\":\"https:\\\/\\\/shanabooks.de\\\/\",\"logo\":{\"@type\":\"ImageObject\",\"inLanguage\":\"de\",\"@id\":\"https:\\\/\\\/shanabooks.de\\\/#\\\/schema\\\/logo\\\/image\\\/\",\"url\":\"https:\\\/\\\/shanabooks.de\\\/wp-content\\\/uploads\\\/2024\\\/03\\\/SHANABOOKS__2_-removebg-preview.png\",\"contentUrl\":\"https:\\\/\\\/shanabooks.de\\\/wp-content\\\/uploads\\\/2024\\\/03\\\/SHANABOOKS__2_-removebg-preview.png\",\"width\":700,\"height\":150,\"caption\":\"www.shanbooks.de\"},\"image\":{\"@id\":\"https:\\\/\\\/shanabooks.de\\\/#\\\/schema\\\/logo\\\/image\\\/\"}}]}<\/script>\n<!-- \/ Yoast SEO plugin. -->","yoast_head_json":{"title":"D\u00eewana \u015e\u00eax Ehmed\u00ea Feq\u00eer - www.shanabooks.de","description":"D\u00eewana \u015e\u00eax Ehmed\u00ea Feq\u00eer \u015e\u00eax Ehmed\u00ea Feq\u00eer, yek ji wan \u015fa\u2018ir\u00ean Kurd \u00ean serdema m\u00eerektiyan e ku xwed\u00ee d\u00eewaneke mezin \u00fb giranbiha ye. Heta niha ne nav\u00ea w\u00ee ...","robots":{"index":"index","follow":"follow","max-snippet":"max-snippet:-1","max-image-preview":"max-image-preview:large","max-video-preview":"max-video-preview:-1"},"canonical":"https:\/\/shanabooks.de\/product\/diwana-sex-ehmede-feqir\/","og_locale":"de_DE","og_type":"article","og_title":"D\u00eewana \u015e\u00eax Ehmed\u00ea Feq\u00eer - www.shanabooks.de","og_description":"D\u00eewana \u015e\u00eax Ehmed\u00ea Feq\u00eer \u015e\u00eax Ehmed\u00ea Feq\u00eer, yek ji wan \u015fa\u2018ir\u00ean Kurd \u00ean serdema m\u00eerektiyan e ku xwed\u00ee d\u00eewaneke mezin \u00fb giranbiha ye. Heta niha ne nav\u00ea w\u00ee ...","og_url":"https:\/\/shanabooks.de\/product\/diwana-sex-ehmede-feqir\/","og_site_name":"www.shanabooks.de","article_modified_time":"2026-01-01T19:28:57+00:00","og_image":[{"width":319,"height":476,"url":"https:\/\/shanabooks.de\/wp-content\/uploads\/2024\/03\/Diwana-Sex-Ehmede-Feqir-1.png","type":"image\/png"}],"twitter_card":"summary_large_image","twitter_misc":{"Gesch\u00e4tzte Lesezeit":"2\u00a0Minuten"},"schema":{"@context":"https:\/\/schema.org","@graph":[{"@type":"WebPage","@id":"https:\/\/shanabooks.de\/product\/diwana-sex-ehmede-feqir\/","url":"https:\/\/shanabooks.de\/product\/diwana-sex-ehmede-feqir\/","name":"D\u00eewana \u015e\u00eax Ehmed\u00ea Feq\u00eer - www.shanabooks.de","isPartOf":{"@id":"https:\/\/shanabooks.de\/#website"},"primaryImageOfPage":{"@id":"https:\/\/shanabooks.de\/product\/diwana-sex-ehmede-feqir\/#primaryimage"},"image":{"@id":"https:\/\/shanabooks.de\/product\/diwana-sex-ehmede-feqir\/#primaryimage"},"thumbnailUrl":"https:\/\/shanabooks.de\/wp-content\/uploads\/2024\/03\/Diwana-Sex-Ehmede-Feqir-1.png","datePublished":"2024-03-03T19:39:16+00:00","dateModified":"2026-01-01T19:28:57+00:00","description":"D\u00eewana \u015e\u00eax Ehmed\u00ea Feq\u00eer \u015e\u00eax Ehmed\u00ea Feq\u00eer, yek ji wan \u015fa\u2018ir\u00ean Kurd \u00ean serdema m\u00eerektiyan e ku xwed\u00ee d\u00eewaneke mezin \u00fb giranbiha ye. Heta niha ne nav\u00ea w\u00ee ...","breadcrumb":{"@id":"https:\/\/shanabooks.de\/product\/diwana-sex-ehmede-feqir\/#breadcrumb"},"inLanguage":"de","potentialAction":[{"@type":"ReadAction","target":["https:\/\/shanabooks.de\/product\/diwana-sex-ehmede-feqir\/"]}]},{"@type":"ImageObject","inLanguage":"de","@id":"https:\/\/shanabooks.de\/product\/diwana-sex-ehmede-feqir\/#primaryimage","url":"https:\/\/shanabooks.de\/wp-content\/uploads\/2024\/03\/Diwana-Sex-Ehmede-Feqir-1.png","contentUrl":"https:\/\/shanabooks.de\/wp-content\/uploads\/2024\/03\/Diwana-Sex-Ehmede-Feqir-1.png","width":319,"height":476,"caption":"D\u00eewana \u015e\u00eax Ehmed\u00ea Feq\u00eer"},{"@type":"BreadcrumbList","@id":"https:\/\/shanabooks.de\/product\/diwana-sex-ehmede-feqir\/#breadcrumb","itemListElement":[{"@type":"ListItem","position":1,"name":"\u0627\u0644\u0631\u0626\u064a\u0633\u064a\u0629","item":"https:\/\/shanabooks.de\/de\/"},{"@type":"ListItem","position":2,"name":"\u0627\u0644\u0645\u0646\u062a\u062c\u0627\u062a","item":"https:\/\/shanabooks.de\/shop\/"},{"@type":"ListItem","position":3,"name":"D\u00eewana \u015e\u00eax Ehmed\u00ea Feq\u00eer"}]},{"@type":"WebSite","@id":"https:\/\/shanabooks.de\/#website","url":"https:\/\/shanabooks.de\/","name":"www.shanbooks.de","description":"C\u00eehana Pirt\u00fbk\u00ean Kurd\u00ee \u0645\u0643\u062a\u0628\u0629 \u0634\u0627\u0646\u0627 \u0641\u064a \u0627\u0644\u0645\u0627\u0646\u064a\u0627 \u0648\u0623\u0648\u0631\u0628\u0627","publisher":{"@id":"https:\/\/shanabooks.de\/#organization"},"potentialAction":[{"@type":"SearchAction","target":{"@type":"EntryPoint","urlTemplate":"https:\/\/shanabooks.de\/?s={search_term_string}"},"query-input":{"@type":"PropertyValueSpecification","valueRequired":true,"valueName":"search_term_string"}}],"inLanguage":"de"},{"@type":"Organization","@id":"https:\/\/shanabooks.de\/#organization","name":"www.shanbooks.de","url":"https:\/\/shanabooks.de\/","logo":{"@type":"ImageObject","inLanguage":"de","@id":"https:\/\/shanabooks.de\/#\/schema\/logo\/image\/","url":"https:\/\/shanabooks.de\/wp-content\/uploads\/2024\/03\/SHANABOOKS__2_-removebg-preview.png","contentUrl":"https:\/\/shanabooks.de\/wp-content\/uploads\/2024\/03\/SHANABOOKS__2_-removebg-preview.png","width":700,"height":150,"caption":"www.shanbooks.de"},"image":{"@id":"https:\/\/shanabooks.de\/#\/schema\/logo\/image\/"}}]}},"jetpack_sharing_enabled":true,"_links":{"self":[{"href":"https:\/\/shanabooks.de\/de\/wp-json\/wp\/v2\/product\/11917","targetHints":{"allow":["GET"]}}],"collection":[{"href":"https:\/\/shanabooks.de\/de\/wp-json\/wp\/v2\/product"}],"about":[{"href":"https:\/\/shanabooks.de\/de\/wp-json\/wp\/v2\/types\/product"}],"version-history":[{"count":3,"href":"https:\/\/shanabooks.de\/de\/wp-json\/wp\/v2\/product\/11917\/revisions"}],"predecessor-version":[{"id":23242,"href":"https:\/\/shanabooks.de\/de\/wp-json\/wp\/v2\/product\/11917\/revisions\/23242"}],"wp:featuredmedia":[{"embeddable":true,"href":"https:\/\/shanabooks.de\/de\/wp-json\/wp\/v2\/media\/11979"}],"wp:attachment":[{"href":"https:\/\/shanabooks.de\/de\/wp-json\/wp\/v2\/media?parent=11917"}],"wp:term":[{"taxonomy":"product_brand","embeddable":true,"href":"https:\/\/shanabooks.de\/de\/wp-json\/wp\/v2\/product_brand?post=11917"},{"taxonomy":"product_cat","embeddable":true,"href":"https:\/\/shanabooks.de\/de\/wp-json\/wp\/v2\/product_cat?post=11917"},{"taxonomy":"product_tag","embeddable":true,"href":"https:\/\/shanabooks.de\/de\/wp-json\/wp\/v2\/product_tag?post=11917"}],"curies":[{"name":"wp","href":"https:\/\/api.w.org\/{rel}","templated":true}]}}