{"id":11918,"date":"2024-03-03T19:39:16","date_gmt":"2024-03-03T19:39:16","guid":{"rendered":"https:\/\/shanabooks.de\/?post_type=product&#038;p=11918"},"modified":"2026-02-07T09:50:16","modified_gmt":"2026-02-07T09:50:16","slug":"diwan-ehmede-xani","status":"publish","type":"product","link":"https:\/\/shanabooks.de\/de\/product\/diwan-ehmede-xani\/","title":{"rendered":"Ehmed\u00ea Xan\u00ee &#8211; D\u00eewan"},"content":{"rendered":"<p dir=\"ltr\" style=\"text-align: left;\"><strong>D\u00eewan &#8211; Ehmed\u00ea Xan\u00ee<\/strong><\/p>\n<p style=\"text-align: left;\"><span class=\"info__text\">Tezh\u00eeb\u00ea zeref\u015fan kir serlewh\u00ea k\u00eetaba \u2018i\u015fq<br \/>\nResma ezel\u00ee k\u00ea\u015fa, neq\u015f\u00ea xwe newal\u00een da<\/span><\/p>\n<p style=\"text-align: left;\">A\u015fk kitab\u0131n\u0131n ba\u015f levhas\u0131n\u0131 alt\u0131n suyu serperek s\u00fcsledi<br \/>\nEzel\u00ee resmini \u00e7ekti bu kitab\u0131n, ona kendi nak\u015f\u0131n\u0131 Verdi<\/p>\n<p style=\"text-align: left;\">D\u00eebace ku \u00een\u015fa kir, f\u00eehr\u00eeste ku \u00eemla kir<br \/>\nCildek ji \u2018enasir best, nefxek di sufal\u00een da<\/p>\n<p style=\"text-align: left;\">Bu kitaba bir \u201c\u00f6ns\u00f6z\u201d yazd\u0131, \u201ci\u00e7indekiler\u201di imla ettirdi<br \/>\nUnsurlarla cilt yapt\u0131, \u00e7amurumsu Adem\u2019e bir ruh \u00fcfledi<\/p>\n<p style=\"text-align: left;\">Elinizdeki kitap, \u201cEhmed\u00ea Xan\u00ee K\u00fclliyat\u0131\u201d ba\u015fl\u0131\u011f\u0131yla ba\u015flatt\u0131\u011f\u0131m\u0131z serinin d\u00f6rd\u00fcnc\u00fcs\u00fc olan Xan\u00ee\u2019nin \u201cDivan\u201d\u0131 ile ilgili bir \u00e7al\u0131\u015fmad\u0131r. \u00c7al\u0131\u015fma \u00fc\u00e7 b\u00f6l\u00fcm ve bir \u201cek\u201dten olu\u015fmaktad\u0131r. Birinci b\u00f6l\u00fcmde Xan\u00ee\u2019nin hayat\u0131 ve eserleri \u00fczerinde durulmu\u015f; ikinci b\u00f6l\u00fcmde i\u00e7erik a\u00e7\u0131s\u0131ndan divan analiz edilmi\u015f; \u00fc\u00e7\u00fcnc\u00fc b\u00f6l\u00fcmde \u015fiirler latinize edilerek \u00e7evirileri yap\u0131lm\u0131\u015f ve ihtiya\u00e7 duyuldu\u011fu yerlerde kavramsal analizlere gidilmi\u015f; \u201cek\u201d k\u0131sm\u0131nda da A. Jaba Koleksiyonu i\u00e7erisinde yer alan \u015fiirlerin orijinalleri kaydedilmi\u015ftir.<br \/>\nDivan\u2019la ilgili \u00e7al\u0131\u015fmam\u0131z\u0131n bu bask\u0131s\u0131nda Xan\u00ee\u2019ye ait olduklar\u0131 kesin olan 30 (otuz) \u015fiire yer verdik. Bunlardan 25 (yirmi be\u015f) tanesi Rusya\u2019n\u0131n Sanpetersburg kentinden Mardin Artuklu \u00dcniversitesi Ya\u015fayan Diller Enstit\u00fcs\u00fc K\u00fcrt Dili ve Edebiyat\u0131na transfer etti\u011fimiz A. Jaba Koleksiyonu i\u00e7erisinde \u00fc\u00e7 ayr\u0131 kategoride yer almaktad\u0131r. Bu \u00e7al\u0131\u015fma, K\u00fcrt halk\u0131n\u0131n din\u00ee oldu\u011fu kadar mill\u00ee bir \u015fahsiyeti de olan Xan\u00ee\u2019nin fikir d\u00fcnyas\u0131n\u0131n anla\u015f\u0131lmas\u0131nda birka\u00e7 damlayla katk\u0131da bulunabilirse kendimizi mutlu hissedece\u011fiz.<\/p>\n<p style=\"text-align: left;\">Kulliyata Ehmed\u00ea Xan\u00ee temam b\u00fb<\/p>\n<p style=\"text-align: left;\">\u00c7apa taybet a \u201cD\u00eewan\u201da Ehmed\u00ea Xan\u00ee, ji aliy\u00ea Kadri Y\u0131ld\u0131r\u0131m ve tev\u00ee wergera w\u00ea ya tirk\u00ee, hate amadekirin \u00fb di nav we\u015fan\u00ean Avesta de derket. Bi v\u00ee away\u00ee kulliyata Xan\u00ee temam dibe. Avesta ber\u00ea j\u00ee N\u00fbbehara Bi\u00e7\u00fbkan, \u2018Eq\u00eedeya \u00ceman\u00ea \u00fb Mem \u00fb Z\u00een \u00e7ap kirib\u00fb.<\/p>\n<p style=\"text-align: left;\">Tezh\u00eeb\u00ea zeref\u015fan kir serlewh\u00ea k\u00eetaba \u2018i\u015fq<br \/>\nResma ezel\u00ee k\u00ea\u015fa, neq\u015f\u00ea xwe newal\u00een da<\/p>\n<p style=\"text-align: left;\">D\u00eebace ku \u00een\u015fa kir, f\u00eehr\u00eeste ku \u00eemla kir<br \/>\nCildek ji \u2018enasir best, nefxek di sufal\u00een da<\/p>\n","protected":false},"excerpt":{"rendered":"<p dir=\"ltr\" style=\"text-align: center;\"><strong>Pirt\u00fbk: D\u00eewan &#8211; Ehmed\u00ea Xan\u00ee<br \/>\nNiv\u00eeskar: Ehmed\u00ea Xan\u00ee<\/strong><br \/>\n<strong>Cure: Helbest<\/strong><\/p>\n","protected":false},"featured_media":4627,"template":"","meta":{"site-sidebar-layout":"default","site-content-layout":"","ast-site-content-layout":"default","site-content-style":"default","site-sidebar-style":"default","ast-global-header-display":"","ast-banner-title-visibility":"","ast-main-header-display":"","ast-hfb-above-header-display":"","ast-hfb-below-header-display":"","ast-hfb-mobile-header-display":"","site-post-title":"","ast-breadcrumbs-content":"","ast-featured-img":"","footer-sml-layout":"","ast-disable-related-posts":"","theme-transparent-header-meta":"default","adv-header-id-meta":"","stick-header-meta":"","header-above-stick-meta":"","header-main-stick-meta":"","header-below-stick-meta":"","astra-migrate-meta-layouts":"set","ast-page-background-enabled":"default","ast-page-background-meta":{"desktop":{"background-color":"","background-image":"","background-repeat":"repeat","background-position":"center center","background-size":"auto","background-attachment":"scroll","background-type":"","background-media":"","overlay-type":"","overlay-color":"","overlay-opacity":"","overlay-gradient":""},"tablet":{"background-color":"","background-image":"","background-repeat":"repeat","background-position":"center center","background-size":"auto","background-attachment":"scroll","background-type":"","background-media":"","overlay-type":"","overlay-color":"","overlay-opacity":"","overlay-gradient":""},"mobile":{"background-color":"","background-image":"","background-repeat":"repeat","background-position":"center center","background-size":"auto","background-attachment":"scroll","background-type":"","background-media":"","overlay-type":"","overlay-color":"","overlay-opacity":"","overlay-gradient":""}},"ast-content-background-meta":{"desktop":{"background-color":"var(--ast-global-color-5)","background-image":"","background-repeat":"repeat","background-position":"center center","background-size":"auto","background-attachment":"scroll","background-type":"","background-media":"","overlay-type":"","overlay-color":"","overlay-opacity":"","overlay-gradient":""},"tablet":{"background-color":"var(--ast-global-color-5)","background-image":"","background-repeat":"repeat","background-position":"center center","background-size":"auto","background-attachment":"scroll","background-type":"","background-media":"","overlay-type":"","overlay-color":"","overlay-opacity":"","overlay-gradient":""},"mobile":{"background-color":"var(--ast-global-color-5)","background-image":"","background-repeat":"repeat","background-position":"center center","background-size":"auto","background-attachment":"scroll","background-type":"","background-media":"","overlay-type":"","overlay-color":"","overlay-opacity":"","overlay-gradient":""}}},"product_brand":[],"product_cat":[181,193],"product_tag":[],"class_list":{"0":"post-11918","1":"product","2":"type-product","3":"status-publish","4":"has-post-thumbnail","6":"product_cat--_","8":"pa_-klasiken-kurdi","9":"pa_-ehmede-xani","10":"pa_-tirki","11":"pa_--avesta-yayinlari","12":"desktop-align-left","13":"tablet-align-left","14":"mobile-align-left","16":"first","17":"instock","18":"shipping-taxable","19":"purchasable","20":"product-type-simple"},"yoast_head":"<!-- This site is optimized with the Yoast SEO plugin v27.4 - https:\/\/yoast.com\/product\/yoast-seo-wordpress\/ -->\n<title>D\u00eewan - Ehmed\u00ea Xan\u00ee - www.shanabooks.de<\/title>\n<meta name=\"description\" content=\"D\u00eewan - Ehmed\u00ea Xan\u00ee Tezh\u00eeb\u00ea zeref\u015fan kir serlewh\u00ea k\u00eetaba \u2018i\u015fq Resma ezel\u00ee k\u00ea\u015fa, neq\u015f\u00ea xwe newal\u00een da A\u015fk kitab\u0131n\u0131n ba\u015f levhas\u0131n\u0131 alt\u0131n suyu serperek ...\" \/>\n<meta name=\"robots\" content=\"index, follow, max-snippet:-1, max-image-preview:large, max-video-preview:-1\" \/>\n<link rel=\"canonical\" href=\"https:\/\/shanabooks.de\/product\/diwan-ehmede-xani\/\" \/>\n<meta property=\"og:locale\" content=\"de_DE\" \/>\n<meta property=\"og:type\" content=\"article\" \/>\n<meta property=\"og:title\" content=\"D\u00eewan - Ehmed\u00ea Xan\u00ee - www.shanabooks.de\" \/>\n<meta property=\"og:description\" content=\"D\u00eewan - Ehmed\u00ea Xan\u00ee Tezh\u00eeb\u00ea zeref\u015fan kir serlewh\u00ea k\u00eetaba \u2018i\u015fq Resma ezel\u00ee k\u00ea\u015fa, neq\u015f\u00ea xwe newal\u00een da A\u015fk kitab\u0131n\u0131n ba\u015f levhas\u0131n\u0131 alt\u0131n suyu serperek ...\" \/>\n<meta property=\"og:url\" content=\"https:\/\/shanabooks.de\/product\/diwan-ehmede-xani\/\" \/>\n<meta property=\"og:site_name\" content=\"www.shanabooks.de\" \/>\n<meta property=\"article:modified_time\" content=\"2026-02-07T09:50:16+00:00\" \/>\n<meta property=\"og:image\" content=\"https:\/\/shanabooks.de\/wp-content\/uploads\/2024\/01\/Ehmede-Xani-Diwan-Tirki.jpg\" \/>\n\t<meta property=\"og:image:width\" content=\"382\" \/>\n\t<meta property=\"og:image:height\" content=\"605\" \/>\n\t<meta property=\"og:image:type\" content=\"image\/jpeg\" \/>\n<meta name=\"twitter:card\" content=\"summary_large_image\" \/>\n<meta name=\"twitter:label1\" content=\"Gesch\u00e4tzte Lesezeit\" \/>\n\t<meta name=\"twitter:data1\" content=\"3\u00a0Minuten\" \/>\n<script type=\"application\/ld+json\" class=\"yoast-schema-graph\">{\"@context\":\"https:\\\/\\\/schema.org\",\"@graph\":[{\"@type\":\"WebPage\",\"@id\":\"https:\\\/\\\/shanabooks.de\\\/product\\\/diwan-ehmede-xani\\\/\",\"url\":\"https:\\\/\\\/shanabooks.de\\\/product\\\/diwan-ehmede-xani\\\/\",\"name\":\"D\u00eewan - Ehmed\u00ea Xan\u00ee - www.shanabooks.de\",\"isPartOf\":{\"@id\":\"https:\\\/\\\/shanabooks.de\\\/#website\"},\"primaryImageOfPage\":{\"@id\":\"https:\\\/\\\/shanabooks.de\\\/product\\\/diwan-ehmede-xani\\\/#primaryimage\"},\"image\":{\"@id\":\"https:\\\/\\\/shanabooks.de\\\/product\\\/diwan-ehmede-xani\\\/#primaryimage\"},\"thumbnailUrl\":\"https:\\\/\\\/shanabooks.de\\\/wp-content\\\/uploads\\\/2024\\\/01\\\/Ehmede-Xani-Diwan-Tirki.jpg\",\"datePublished\":\"2024-03-03T19:39:16+00:00\",\"dateModified\":\"2026-02-07T09:50:16+00:00\",\"description\":\"D\u00eewan - Ehmed\u00ea Xan\u00ee Tezh\u00eeb\u00ea zeref\u015fan kir serlewh\u00ea k\u00eetaba \u2018i\u015fq Resma ezel\u00ee k\u00ea\u015fa, neq\u015f\u00ea xwe newal\u00een da A\u015fk kitab\u0131n\u0131n ba\u015f levhas\u0131n\u0131 alt\u0131n suyu serperek ...\",\"breadcrumb\":{\"@id\":\"https:\\\/\\\/shanabooks.de\\\/product\\\/diwan-ehmede-xani\\\/#breadcrumb\"},\"inLanguage\":\"de\",\"potentialAction\":[{\"@type\":\"ReadAction\",\"target\":[\"https:\\\/\\\/shanabooks.de\\\/product\\\/diwan-ehmede-xani\\\/\"]}]},{\"@type\":\"ImageObject\",\"inLanguage\":\"de\",\"@id\":\"https:\\\/\\\/shanabooks.de\\\/product\\\/diwan-ehmede-xani\\\/#primaryimage\",\"url\":\"https:\\\/\\\/shanabooks.de\\\/wp-content\\\/uploads\\\/2024\\\/01\\\/Ehmede-Xani-Diwan-Tirki.jpg\",\"contentUrl\":\"https:\\\/\\\/shanabooks.de\\\/wp-content\\\/uploads\\\/2024\\\/01\\\/Ehmede-Xani-Diwan-Tirki.jpg\",\"width\":382,\"height\":605,\"caption\":\"D\u00eewan - Ehmed\u00ea Xan\u00ee - Pirt\u00fbk\u00ean Kurd\u00ee - klas\u00eek\"},{\"@type\":\"BreadcrumbList\",\"@id\":\"https:\\\/\\\/shanabooks.de\\\/product\\\/diwan-ehmede-xani\\\/#breadcrumb\",\"itemListElement\":[{\"@type\":\"ListItem\",\"position\":1,\"name\":\"\u0627\u0644\u0631\u0626\u064a\u0633\u064a\u0629\",\"item\":\"https:\\\/\\\/shanabooks.de\\\/de\\\/\"},{\"@type\":\"ListItem\",\"position\":2,\"name\":\"\u0627\u0644\u0645\u0646\u062a\u062c\u0627\u062a\",\"item\":\"https:\\\/\\\/shanabooks.de\\\/shop\\\/\"},{\"@type\":\"ListItem\",\"position\":3,\"name\":\"Ehmed\u00ea Xan\u00ee &#8211; D\u00eewan\"}]},{\"@type\":\"WebSite\",\"@id\":\"https:\\\/\\\/shanabooks.de\\\/#website\",\"url\":\"https:\\\/\\\/shanabooks.de\\\/\",\"name\":\"www.shanbooks.de\",\"description\":\"C\u00eehana Pirt\u00fbk\u00ean Kurd\u00ee \u0645\u0643\u062a\u0628\u0629 \u0634\u0627\u0646\u0627 \u0641\u064a \u0627\u0644\u0645\u0627\u0646\u064a\u0627 \u0648\u0623\u0648\u0631\u0628\u0627\",\"publisher\":{\"@id\":\"https:\\\/\\\/shanabooks.de\\\/#organization\"},\"potentialAction\":[{\"@type\":\"SearchAction\",\"target\":{\"@type\":\"EntryPoint\",\"urlTemplate\":\"https:\\\/\\\/shanabooks.de\\\/?s={search_term_string}\"},\"query-input\":{\"@type\":\"PropertyValueSpecification\",\"valueRequired\":true,\"valueName\":\"search_term_string\"}}],\"inLanguage\":\"de\"},{\"@type\":\"Organization\",\"@id\":\"https:\\\/\\\/shanabooks.de\\\/#organization\",\"name\":\"www.shanbooks.de\",\"url\":\"https:\\\/\\\/shanabooks.de\\\/\",\"logo\":{\"@type\":\"ImageObject\",\"inLanguage\":\"de\",\"@id\":\"https:\\\/\\\/shanabooks.de\\\/#\\\/schema\\\/logo\\\/image\\\/\",\"url\":\"https:\\\/\\\/shanabooks.de\\\/wp-content\\\/uploads\\\/2024\\\/03\\\/SHANABOOKS__2_-removebg-preview.png\",\"contentUrl\":\"https:\\\/\\\/shanabooks.de\\\/wp-content\\\/uploads\\\/2024\\\/03\\\/SHANABOOKS__2_-removebg-preview.png\",\"width\":700,\"height\":150,\"caption\":\"www.shanbooks.de\"},\"image\":{\"@id\":\"https:\\\/\\\/shanabooks.de\\\/#\\\/schema\\\/logo\\\/image\\\/\"}}]}<\/script>\n<!-- \/ Yoast SEO plugin. -->","yoast_head_json":{"title":"D\u00eewan - Ehmed\u00ea Xan\u00ee - www.shanabooks.de","description":"D\u00eewan - Ehmed\u00ea Xan\u00ee Tezh\u00eeb\u00ea zeref\u015fan kir serlewh\u00ea k\u00eetaba \u2018i\u015fq Resma ezel\u00ee k\u00ea\u015fa, neq\u015f\u00ea xwe newal\u00een da A\u015fk kitab\u0131n\u0131n ba\u015f levhas\u0131n\u0131 alt\u0131n suyu serperek ...","robots":{"index":"index","follow":"follow","max-snippet":"max-snippet:-1","max-image-preview":"max-image-preview:large","max-video-preview":"max-video-preview:-1"},"canonical":"https:\/\/shanabooks.de\/product\/diwan-ehmede-xani\/","og_locale":"de_DE","og_type":"article","og_title":"D\u00eewan - Ehmed\u00ea Xan\u00ee - www.shanabooks.de","og_description":"D\u00eewan - Ehmed\u00ea Xan\u00ee Tezh\u00eeb\u00ea zeref\u015fan kir serlewh\u00ea k\u00eetaba \u2018i\u015fq Resma ezel\u00ee k\u00ea\u015fa, neq\u015f\u00ea xwe newal\u00een da A\u015fk kitab\u0131n\u0131n ba\u015f levhas\u0131n\u0131 alt\u0131n suyu serperek ...","og_url":"https:\/\/shanabooks.de\/product\/diwan-ehmede-xani\/","og_site_name":"www.shanabooks.de","article_modified_time":"2026-02-07T09:50:16+00:00","og_image":[{"width":382,"height":605,"url":"https:\/\/shanabooks.de\/wp-content\/uploads\/2024\/01\/Ehmede-Xani-Diwan-Tirki.jpg","type":"image\/jpeg"}],"twitter_card":"summary_large_image","twitter_misc":{"Gesch\u00e4tzte Lesezeit":"3\u00a0Minuten"},"schema":{"@context":"https:\/\/schema.org","@graph":[{"@type":"WebPage","@id":"https:\/\/shanabooks.de\/product\/diwan-ehmede-xani\/","url":"https:\/\/shanabooks.de\/product\/diwan-ehmede-xani\/","name":"D\u00eewan - Ehmed\u00ea Xan\u00ee - www.shanabooks.de","isPartOf":{"@id":"https:\/\/shanabooks.de\/#website"},"primaryImageOfPage":{"@id":"https:\/\/shanabooks.de\/product\/diwan-ehmede-xani\/#primaryimage"},"image":{"@id":"https:\/\/shanabooks.de\/product\/diwan-ehmede-xani\/#primaryimage"},"thumbnailUrl":"https:\/\/shanabooks.de\/wp-content\/uploads\/2024\/01\/Ehmede-Xani-Diwan-Tirki.jpg","datePublished":"2024-03-03T19:39:16+00:00","dateModified":"2026-02-07T09:50:16+00:00","description":"D\u00eewan - Ehmed\u00ea Xan\u00ee Tezh\u00eeb\u00ea zeref\u015fan kir serlewh\u00ea k\u00eetaba \u2018i\u015fq Resma ezel\u00ee k\u00ea\u015fa, neq\u015f\u00ea xwe newal\u00een da A\u015fk kitab\u0131n\u0131n ba\u015f levhas\u0131n\u0131 alt\u0131n suyu serperek ...","breadcrumb":{"@id":"https:\/\/shanabooks.de\/product\/diwan-ehmede-xani\/#breadcrumb"},"inLanguage":"de","potentialAction":[{"@type":"ReadAction","target":["https:\/\/shanabooks.de\/product\/diwan-ehmede-xani\/"]}]},{"@type":"ImageObject","inLanguage":"de","@id":"https:\/\/shanabooks.de\/product\/diwan-ehmede-xani\/#primaryimage","url":"https:\/\/shanabooks.de\/wp-content\/uploads\/2024\/01\/Ehmede-Xani-Diwan-Tirki.jpg","contentUrl":"https:\/\/shanabooks.de\/wp-content\/uploads\/2024\/01\/Ehmede-Xani-Diwan-Tirki.jpg","width":382,"height":605,"caption":"D\u00eewan - Ehmed\u00ea Xan\u00ee - Pirt\u00fbk\u00ean Kurd\u00ee - klas\u00eek"},{"@type":"BreadcrumbList","@id":"https:\/\/shanabooks.de\/product\/diwan-ehmede-xani\/#breadcrumb","itemListElement":[{"@type":"ListItem","position":1,"name":"\u0627\u0644\u0631\u0626\u064a\u0633\u064a\u0629","item":"https:\/\/shanabooks.de\/de\/"},{"@type":"ListItem","position":2,"name":"\u0627\u0644\u0645\u0646\u062a\u062c\u0627\u062a","item":"https:\/\/shanabooks.de\/shop\/"},{"@type":"ListItem","position":3,"name":"Ehmed\u00ea Xan\u00ee &#8211; D\u00eewan"}]},{"@type":"WebSite","@id":"https:\/\/shanabooks.de\/#website","url":"https:\/\/shanabooks.de\/","name":"www.shanbooks.de","description":"C\u00eehana Pirt\u00fbk\u00ean Kurd\u00ee \u0645\u0643\u062a\u0628\u0629 \u0634\u0627\u0646\u0627 \u0641\u064a \u0627\u0644\u0645\u0627\u0646\u064a\u0627 \u0648\u0623\u0648\u0631\u0628\u0627","publisher":{"@id":"https:\/\/shanabooks.de\/#organization"},"potentialAction":[{"@type":"SearchAction","target":{"@type":"EntryPoint","urlTemplate":"https:\/\/shanabooks.de\/?s={search_term_string}"},"query-input":{"@type":"PropertyValueSpecification","valueRequired":true,"valueName":"search_term_string"}}],"inLanguage":"de"},{"@type":"Organization","@id":"https:\/\/shanabooks.de\/#organization","name":"www.shanbooks.de","url":"https:\/\/shanabooks.de\/","logo":{"@type":"ImageObject","inLanguage":"de","@id":"https:\/\/shanabooks.de\/#\/schema\/logo\/image\/","url":"https:\/\/shanabooks.de\/wp-content\/uploads\/2024\/03\/SHANABOOKS__2_-removebg-preview.png","contentUrl":"https:\/\/shanabooks.de\/wp-content\/uploads\/2024\/03\/SHANABOOKS__2_-removebg-preview.png","width":700,"height":150,"caption":"www.shanbooks.de"},"image":{"@id":"https:\/\/shanabooks.de\/#\/schema\/logo\/image\/"}}]}},"jetpack_sharing_enabled":true,"_links":{"self":[{"href":"https:\/\/shanabooks.de\/de\/wp-json\/wp\/v2\/product\/11918","targetHints":{"allow":["GET"]}}],"collection":[{"href":"https:\/\/shanabooks.de\/de\/wp-json\/wp\/v2\/product"}],"about":[{"href":"https:\/\/shanabooks.de\/de\/wp-json\/wp\/v2\/types\/product"}],"version-history":[{"count":3,"href":"https:\/\/shanabooks.de\/de\/wp-json\/wp\/v2\/product\/11918\/revisions"}],"predecessor-version":[{"id":23208,"href":"https:\/\/shanabooks.de\/de\/wp-json\/wp\/v2\/product\/11918\/revisions\/23208"}],"wp:featuredmedia":[{"embeddable":true,"href":"https:\/\/shanabooks.de\/de\/wp-json\/wp\/v2\/media\/4627"}],"wp:attachment":[{"href":"https:\/\/shanabooks.de\/de\/wp-json\/wp\/v2\/media?parent=11918"}],"wp:term":[{"taxonomy":"product_brand","embeddable":true,"href":"https:\/\/shanabooks.de\/de\/wp-json\/wp\/v2\/product_brand?post=11918"},{"taxonomy":"product_cat","embeddable":true,"href":"https:\/\/shanabooks.de\/de\/wp-json\/wp\/v2\/product_cat?post=11918"},{"taxonomy":"product_tag","embeddable":true,"href":"https:\/\/shanabooks.de\/de\/wp-json\/wp\/v2\/product_tag?post=11918"}],"curies":[{"name":"wp","href":"https:\/\/api.w.org\/{rel}","templated":true}]}}