{"id":11919,"date":"2024-03-03T19:39:16","date_gmt":"2024-03-03T19:39:16","guid":{"rendered":"https:\/\/shanabooks.de\/?post_type=product&#038;p=11919"},"modified":"2026-01-01T19:38:31","modified_gmt":"2026-01-01T19:38:31","slug":"serdai-selahaddine-wani","status":"publish","type":"product","link":"https:\/\/shanabooks.de\/de\/product\/serdai-selahaddine-wani\/","title":{"rendered":"Serda\u00ee"},"content":{"rendered":"<p dir=\"ltr\" style=\"text-align: left;\"><strong>Serda\u00ee &#8211; Selahaddine Wani<\/strong><\/p>\n<p style=\"text-align: left;\">Ev berhema han ya bi nav\u00ea Serda\u00ee ya Selahaddine Wani, komeke ji wan \u015f\u00ea\u2018r\u00ean ku demeke dir\u00eaj hevrikiya man \u00fb neman\u00ea, digel zeman\u00ea qedexekirin\u00ea kiriye; heta ku kar\u00eene bi selamet\u00ee derbas bibin. Xwediy\u00ea v\u00ea berhem\u00ea j\u00ee yek ji wan \u015fairan e ku nav\u00ean wan ji ber ziman \u00fb babet\u00ea \u015f\u00ea\u2018r\u00ean wan qedexe mane. Lewma behsa wan -wek\u00ee \u015f\u00ea\u2018r\u00ean wan- ve\u015fart\u00ee maye. Ev \u015f\u00ea\u2018r \u00ean \u015fairek\u00ee me y\u00ea hev\u00e7ax e ku xema w\u00ee ya mezin, xema welat\u00ee \u00fb milet\u00ee ser\u00ea w\u00ee xistiye ber xem \u00fb derdan. Lewma w\u00ee nasnav\u00ea \u201cSerda\u00ee\u201d bo xwe hilbijartiye \u00fb xwestiye ku xwe p\u00ea bide nas\u00een. Serda\u00ee, nav\u00ea w\u00ee y\u00ea durist, wek\u00ee ji destniv\u00eesa d\u00eewana w\u00ee diyar dibe, Selahedd\u00een\u00ea kur\u00ea Hec\u00ee Ebdullah\u00ea Wan\u00ee ye.<\/p>\n<p>&nbsp;<\/p>\n","protected":false},"excerpt":{"rendered":"<p dir=\"ltr\" style=\"text-align: center;\"><strong>Pirt\u00fbk: Serda\u00ee<br \/>\nNiv\u00eeskar: Selahaddine Wani<\/strong><br \/>\n<strong>Cure: Helbest<\/strong><\/p>\n","protected":false},"featured_media":11982,"template":"","meta":{"site-sidebar-layout":"default","site-content-layout":"","ast-site-content-layout":"default","site-content-style":"default","site-sidebar-style":"default","ast-global-header-display":"","ast-banner-title-visibility":"","ast-main-header-display":"","ast-hfb-above-header-display":"","ast-hfb-below-header-display":"","ast-hfb-mobile-header-display":"","site-post-title":"","ast-breadcrumbs-content":"","ast-featured-img":"","footer-sml-layout":"","ast-disable-related-posts":"","theme-transparent-header-meta":"default","adv-header-id-meta":"","stick-header-meta":"","header-above-stick-meta":"","header-main-stick-meta":"","header-below-stick-meta":"","astra-migrate-meta-layouts":"set","ast-page-background-enabled":"default","ast-page-background-meta":{"desktop":{"background-color":"","background-image":"","background-repeat":"repeat","background-position":"center center","background-size":"auto","background-attachment":"scroll","background-type":"","background-media":"","overlay-type":"","overlay-color":"","overlay-opacity":"","overlay-gradient":""},"tablet":{"background-color":"","background-image":"","background-repeat":"repeat","background-position":"center center","background-size":"auto","background-attachment":"scroll","background-type":"","background-media":"","overlay-type":"","overlay-color":"","overlay-opacity":"","overlay-gradient":""},"mobile":{"background-color":"","background-image":"","background-repeat":"repeat","background-position":"center center","background-size":"auto","background-attachment":"scroll","background-type":"","background-media":"","overlay-type":"","overlay-color":"","overlay-opacity":"","overlay-gradient":""}},"ast-content-background-meta":{"desktop":{"background-color":"var(--ast-global-color-5)","background-image":"","background-repeat":"repeat","background-position":"center center","background-size":"auto","background-attachment":"scroll","background-type":"","background-media":"","overlay-type":"","overlay-color":"","overlay-opacity":"","overlay-gradient":""},"tablet":{"background-color":"var(--ast-global-color-5)","background-image":"","background-repeat":"repeat","background-position":"center center","background-size":"auto","background-attachment":"scroll","background-type":"","background-media":"","overlay-type":"","overlay-color":"","overlay-opacity":"","overlay-gradient":""},"mobile":{"background-color":"var(--ast-global-color-5)","background-image":"","background-repeat":"repeat","background-position":"center center","background-size":"auto","background-attachment":"scroll","background-type":"","background-media":"","overlay-type":"","overlay-color":"","overlay-opacity":"","overlay-gradient":""}}},"product_brand":[],"product_cat":[181,193],"product_tag":[],"class_list":{"0":"post-11919","1":"product","2":"type-product","3":"status-publish","4":"has-post-thumbnail","6":"product_cat--_","8":"pa_-helbest","9":"pa_-klasiken-kurdi","10":"pa_-selahaddine-wani","11":"pa_-kurmanci","12":"pa_--nubihar","13":"desktop-align-left","14":"tablet-align-left","15":"mobile-align-left","17":"first","18":"instock","19":"shipping-taxable","20":"purchasable","21":"product-type-simple"},"yoast_head":"<!-- This site is optimized with the Yoast SEO plugin v27.4 - https:\/\/yoast.com\/product\/yoast-seo-wordpress\/ -->\n<title>Serda\u00ee - Selahaddine Wani - www.shanabooks.de<\/title>\n<meta name=\"description\" content=\"Serda\u00ee - Selahaddine Wani Ev berhema han, komeke ji wan \u015f\u00ea\u2018r\u00ean ku demeke dir\u00eaj hevrikiya man \u00fb neman\u00ea, digel zeman\u00ea qedexekirin\u00ea kiriye; heta ku kar\u00eene ...\" \/>\n<meta name=\"robots\" content=\"index, follow, max-snippet:-1, max-image-preview:large, max-video-preview:-1\" \/>\n<link rel=\"canonical\" href=\"https:\/\/shanabooks.de\/product\/serdai-selahaddine-wani\/\" \/>\n<meta property=\"og:locale\" content=\"de_DE\" \/>\n<meta property=\"og:type\" content=\"article\" \/>\n<meta property=\"og:title\" content=\"Serda\u00ee - Selahaddine Wani - www.shanabooks.de\" \/>\n<meta property=\"og:description\" content=\"Serda\u00ee - Selahaddine Wani Ev berhema han, komeke ji wan \u015f\u00ea\u2018r\u00ean ku demeke dir\u00eaj hevrikiya man \u00fb neman\u00ea, digel zeman\u00ea qedexekirin\u00ea kiriye; heta ku kar\u00eene ...\" \/>\n<meta property=\"og:url\" content=\"https:\/\/shanabooks.de\/product\/serdai-selahaddine-wani\/\" \/>\n<meta property=\"og:site_name\" content=\"www.shanabooks.de\" \/>\n<meta property=\"article:modified_time\" content=\"2026-01-01T19:38:31+00:00\" \/>\n<meta property=\"og:image\" content=\"https:\/\/shanabooks.de\/wp-content\/uploads\/2024\/03\/Diwana-Serdai-1.png\" \/>\n\t<meta property=\"og:image:width\" content=\"308\" \/>\n\t<meta property=\"og:image:height\" content=\"474\" \/>\n\t<meta property=\"og:image:type\" content=\"image\/png\" \/>\n<meta name=\"twitter:card\" content=\"summary_large_image\" \/>\n<meta name=\"twitter:label1\" content=\"Gesch\u00e4tzte Lesezeit\" \/>\n\t<meta name=\"twitter:data1\" content=\"2\u00a0Minuten\" \/>\n<script type=\"application\/ld+json\" class=\"yoast-schema-graph\">{\"@context\":\"https:\\\/\\\/schema.org\",\"@graph\":[{\"@type\":\"WebPage\",\"@id\":\"https:\\\/\\\/shanabooks.de\\\/product\\\/serdai-selahaddine-wani\\\/\",\"url\":\"https:\\\/\\\/shanabooks.de\\\/product\\\/serdai-selahaddine-wani\\\/\",\"name\":\"Serda\u00ee - Selahaddine Wani - www.shanabooks.de\",\"isPartOf\":{\"@id\":\"https:\\\/\\\/shanabooks.de\\\/#website\"},\"primaryImageOfPage\":{\"@id\":\"https:\\\/\\\/shanabooks.de\\\/product\\\/serdai-selahaddine-wani\\\/#primaryimage\"},\"image\":{\"@id\":\"https:\\\/\\\/shanabooks.de\\\/product\\\/serdai-selahaddine-wani\\\/#primaryimage\"},\"thumbnailUrl\":\"https:\\\/\\\/shanabooks.de\\\/wp-content\\\/uploads\\\/2024\\\/03\\\/Diwana-Serdai-1.png\",\"datePublished\":\"2024-03-03T19:39:16+00:00\",\"dateModified\":\"2026-01-01T19:38:31+00:00\",\"description\":\"Serda\u00ee - Selahaddine Wani Ev berhema han, komeke ji wan \u015f\u00ea\u2018r\u00ean ku demeke dir\u00eaj hevrikiya man \u00fb neman\u00ea, digel zeman\u00ea qedexekirin\u00ea kiriye; heta ku kar\u00eene ...\",\"breadcrumb\":{\"@id\":\"https:\\\/\\\/shanabooks.de\\\/product\\\/serdai-selahaddine-wani\\\/#breadcrumb\"},\"inLanguage\":\"de\",\"potentialAction\":[{\"@type\":\"ReadAction\",\"target\":[\"https:\\\/\\\/shanabooks.de\\\/product\\\/serdai-selahaddine-wani\\\/\"]}]},{\"@type\":\"ImageObject\",\"inLanguage\":\"de\",\"@id\":\"https:\\\/\\\/shanabooks.de\\\/product\\\/serdai-selahaddine-wani\\\/#primaryimage\",\"url\":\"https:\\\/\\\/shanabooks.de\\\/wp-content\\\/uploads\\\/2024\\\/03\\\/Diwana-Serdai-1.png\",\"contentUrl\":\"https:\\\/\\\/shanabooks.de\\\/wp-content\\\/uploads\\\/2024\\\/03\\\/Diwana-Serdai-1.png\",\"width\":308,\"height\":474,\"caption\":\"Serda\u00ee - Selahaddine Wani - PIRT\u00fbK\u00eaN KURD\u00ee -kLAS\u00eeK\"},{\"@type\":\"BreadcrumbList\",\"@id\":\"https:\\\/\\\/shanabooks.de\\\/product\\\/serdai-selahaddine-wani\\\/#breadcrumb\",\"itemListElement\":[{\"@type\":\"ListItem\",\"position\":1,\"name\":\"\u0627\u0644\u0631\u0626\u064a\u0633\u064a\u0629\",\"item\":\"https:\\\/\\\/shanabooks.de\\\/de\\\/\"},{\"@type\":\"ListItem\",\"position\":2,\"name\":\"\u0627\u0644\u0645\u0646\u062a\u062c\u0627\u062a\",\"item\":\"https:\\\/\\\/shanabooks.de\\\/shop\\\/\"},{\"@type\":\"ListItem\",\"position\":3,\"name\":\"Serda\u00ee\"}]},{\"@type\":\"WebSite\",\"@id\":\"https:\\\/\\\/shanabooks.de\\\/#website\",\"url\":\"https:\\\/\\\/shanabooks.de\\\/\",\"name\":\"www.shanbooks.de\",\"description\":\"C\u00eehana Pirt\u00fbk\u00ean Kurd\u00ee \u0645\u0643\u062a\u0628\u0629 \u0634\u0627\u0646\u0627 \u0641\u064a \u0627\u0644\u0645\u0627\u0646\u064a\u0627 \u0648\u0623\u0648\u0631\u0628\u0627\",\"publisher\":{\"@id\":\"https:\\\/\\\/shanabooks.de\\\/#organization\"},\"potentialAction\":[{\"@type\":\"SearchAction\",\"target\":{\"@type\":\"EntryPoint\",\"urlTemplate\":\"https:\\\/\\\/shanabooks.de\\\/?s={search_term_string}\"},\"query-input\":{\"@type\":\"PropertyValueSpecification\",\"valueRequired\":true,\"valueName\":\"search_term_string\"}}],\"inLanguage\":\"de\"},{\"@type\":\"Organization\",\"@id\":\"https:\\\/\\\/shanabooks.de\\\/#organization\",\"name\":\"www.shanbooks.de\",\"url\":\"https:\\\/\\\/shanabooks.de\\\/\",\"logo\":{\"@type\":\"ImageObject\",\"inLanguage\":\"de\",\"@id\":\"https:\\\/\\\/shanabooks.de\\\/#\\\/schema\\\/logo\\\/image\\\/\",\"url\":\"https:\\\/\\\/shanabooks.de\\\/wp-content\\\/uploads\\\/2024\\\/03\\\/SHANABOOKS__2_-removebg-preview.png\",\"contentUrl\":\"https:\\\/\\\/shanabooks.de\\\/wp-content\\\/uploads\\\/2024\\\/03\\\/SHANABOOKS__2_-removebg-preview.png\",\"width\":700,\"height\":150,\"caption\":\"www.shanbooks.de\"},\"image\":{\"@id\":\"https:\\\/\\\/shanabooks.de\\\/#\\\/schema\\\/logo\\\/image\\\/\"}}]}<\/script>\n<!-- \/ Yoast SEO plugin. -->","yoast_head_json":{"title":"Serda\u00ee - Selahaddine Wani - www.shanabooks.de","description":"Serda\u00ee - Selahaddine Wani Ev berhema han, komeke ji wan \u015f\u00ea\u2018r\u00ean ku demeke dir\u00eaj hevrikiya man \u00fb neman\u00ea, digel zeman\u00ea qedexekirin\u00ea kiriye; heta ku kar\u00eene ...","robots":{"index":"index","follow":"follow","max-snippet":"max-snippet:-1","max-image-preview":"max-image-preview:large","max-video-preview":"max-video-preview:-1"},"canonical":"https:\/\/shanabooks.de\/product\/serdai-selahaddine-wani\/","og_locale":"de_DE","og_type":"article","og_title":"Serda\u00ee - Selahaddine Wani - www.shanabooks.de","og_description":"Serda\u00ee - Selahaddine Wani Ev berhema han, komeke ji wan \u015f\u00ea\u2018r\u00ean ku demeke dir\u00eaj hevrikiya man \u00fb neman\u00ea, digel zeman\u00ea qedexekirin\u00ea kiriye; heta ku kar\u00eene ...","og_url":"https:\/\/shanabooks.de\/product\/serdai-selahaddine-wani\/","og_site_name":"www.shanabooks.de","article_modified_time":"2026-01-01T19:38:31+00:00","og_image":[{"width":308,"height":474,"url":"https:\/\/shanabooks.de\/wp-content\/uploads\/2024\/03\/Diwana-Serdai-1.png","type":"image\/png"}],"twitter_card":"summary_large_image","twitter_misc":{"Gesch\u00e4tzte Lesezeit":"2\u00a0Minuten"},"schema":{"@context":"https:\/\/schema.org","@graph":[{"@type":"WebPage","@id":"https:\/\/shanabooks.de\/product\/serdai-selahaddine-wani\/","url":"https:\/\/shanabooks.de\/product\/serdai-selahaddine-wani\/","name":"Serda\u00ee - Selahaddine Wani - www.shanabooks.de","isPartOf":{"@id":"https:\/\/shanabooks.de\/#website"},"primaryImageOfPage":{"@id":"https:\/\/shanabooks.de\/product\/serdai-selahaddine-wani\/#primaryimage"},"image":{"@id":"https:\/\/shanabooks.de\/product\/serdai-selahaddine-wani\/#primaryimage"},"thumbnailUrl":"https:\/\/shanabooks.de\/wp-content\/uploads\/2024\/03\/Diwana-Serdai-1.png","datePublished":"2024-03-03T19:39:16+00:00","dateModified":"2026-01-01T19:38:31+00:00","description":"Serda\u00ee - Selahaddine Wani Ev berhema han, komeke ji wan \u015f\u00ea\u2018r\u00ean ku demeke dir\u00eaj hevrikiya man \u00fb neman\u00ea, digel zeman\u00ea qedexekirin\u00ea kiriye; heta ku kar\u00eene ...","breadcrumb":{"@id":"https:\/\/shanabooks.de\/product\/serdai-selahaddine-wani\/#breadcrumb"},"inLanguage":"de","potentialAction":[{"@type":"ReadAction","target":["https:\/\/shanabooks.de\/product\/serdai-selahaddine-wani\/"]}]},{"@type":"ImageObject","inLanguage":"de","@id":"https:\/\/shanabooks.de\/product\/serdai-selahaddine-wani\/#primaryimage","url":"https:\/\/shanabooks.de\/wp-content\/uploads\/2024\/03\/Diwana-Serdai-1.png","contentUrl":"https:\/\/shanabooks.de\/wp-content\/uploads\/2024\/03\/Diwana-Serdai-1.png","width":308,"height":474,"caption":"Serda\u00ee - Selahaddine Wani - PIRT\u00fbK\u00eaN KURD\u00ee -kLAS\u00eeK"},{"@type":"BreadcrumbList","@id":"https:\/\/shanabooks.de\/product\/serdai-selahaddine-wani\/#breadcrumb","itemListElement":[{"@type":"ListItem","position":1,"name":"\u0627\u0644\u0631\u0626\u064a\u0633\u064a\u0629","item":"https:\/\/shanabooks.de\/de\/"},{"@type":"ListItem","position":2,"name":"\u0627\u0644\u0645\u0646\u062a\u062c\u0627\u062a","item":"https:\/\/shanabooks.de\/shop\/"},{"@type":"ListItem","position":3,"name":"Serda\u00ee"}]},{"@type":"WebSite","@id":"https:\/\/shanabooks.de\/#website","url":"https:\/\/shanabooks.de\/","name":"www.shanbooks.de","description":"C\u00eehana Pirt\u00fbk\u00ean Kurd\u00ee \u0645\u0643\u062a\u0628\u0629 \u0634\u0627\u0646\u0627 \u0641\u064a \u0627\u0644\u0645\u0627\u0646\u064a\u0627 \u0648\u0623\u0648\u0631\u0628\u0627","publisher":{"@id":"https:\/\/shanabooks.de\/#organization"},"potentialAction":[{"@type":"SearchAction","target":{"@type":"EntryPoint","urlTemplate":"https:\/\/shanabooks.de\/?s={search_term_string}"},"query-input":{"@type":"PropertyValueSpecification","valueRequired":true,"valueName":"search_term_string"}}],"inLanguage":"de"},{"@type":"Organization","@id":"https:\/\/shanabooks.de\/#organization","name":"www.shanbooks.de","url":"https:\/\/shanabooks.de\/","logo":{"@type":"ImageObject","inLanguage":"de","@id":"https:\/\/shanabooks.de\/#\/schema\/logo\/image\/","url":"https:\/\/shanabooks.de\/wp-content\/uploads\/2024\/03\/SHANABOOKS__2_-removebg-preview.png","contentUrl":"https:\/\/shanabooks.de\/wp-content\/uploads\/2024\/03\/SHANABOOKS__2_-removebg-preview.png","width":700,"height":150,"caption":"www.shanbooks.de"},"image":{"@id":"https:\/\/shanabooks.de\/#\/schema\/logo\/image\/"}}]}},"jetpack_sharing_enabled":true,"_links":{"self":[{"href":"https:\/\/shanabooks.de\/de\/wp-json\/wp\/v2\/product\/11919","targetHints":{"allow":["GET"]}}],"collection":[{"href":"https:\/\/shanabooks.de\/de\/wp-json\/wp\/v2\/product"}],"about":[{"href":"https:\/\/shanabooks.de\/de\/wp-json\/wp\/v2\/types\/product"}],"version-history":[{"count":3,"href":"https:\/\/shanabooks.de\/de\/wp-json\/wp\/v2\/product\/11919\/revisions"}],"predecessor-version":[{"id":23211,"href":"https:\/\/shanabooks.de\/de\/wp-json\/wp\/v2\/product\/11919\/revisions\/23211"}],"wp:featuredmedia":[{"embeddable":true,"href":"https:\/\/shanabooks.de\/de\/wp-json\/wp\/v2\/media\/11982"}],"wp:attachment":[{"href":"https:\/\/shanabooks.de\/de\/wp-json\/wp\/v2\/media?parent=11919"}],"wp:term":[{"taxonomy":"product_brand","embeddable":true,"href":"https:\/\/shanabooks.de\/de\/wp-json\/wp\/v2\/product_brand?post=11919"},{"taxonomy":"product_cat","embeddable":true,"href":"https:\/\/shanabooks.de\/de\/wp-json\/wp\/v2\/product_cat?post=11919"},{"taxonomy":"product_tag","embeddable":true,"href":"https:\/\/shanabooks.de\/de\/wp-json\/wp\/v2\/product_tag?post=11919"}],"curies":[{"name":"wp","href":"https:\/\/api.w.org\/{rel}","templated":true}]}}