{"id":11923,"date":"2024-03-03T19:39:17","date_gmt":"2024-03-03T19:39:17","guid":{"rendered":"https:\/\/shanabooks.de\/?post_type=product&#038;p=11923"},"modified":"2024-04-07T13:08:04","modified_gmt":"2024-04-07T13:08:04","slug":"mela-huseyne-bateyi-mela-huseyne-bateyi","status":"publish","type":"product","link":"https:\/\/shanabooks.de\/de\/product\/mela-huseyne-bateyi-mela-huseyne-bateyi\/","title":{"rendered":"Mela Huseyn\u00ea Batey\u00ee"},"content":{"rendered":"<p dir=\"ltr\"><strong>Mela Huseyn\u00ea Batey\u00ee &#8211; Mela Huseyn\u00ea Batey\u00ee<\/strong><\/p>\n<p dir=\"ltr\">Di edebiyata kurd\u00ee ya klas\u00eek de pi\u015ft\u00ee Ehmed\u00ea Xan\u00ee xwed\u00ee cihek\u00ee muh\u00eem e. Lewra cara p\u00ea\u015f\u00een w\u00ee mewlida hezret\u00ee p\u00eaxember bi kurd\u00ee niv\u00eesandiye. Hetan\u00ee w\u00ea dem\u00ea kurdan mewlida ereb\u00ee ya ku ji h\u00eala \u00cebn\u00fb Hecer\u00ea Heytem\u00ee ve hatib\u00fb niv\u00eesandin di rojb\u00fbna p\u00eaxember de dixwendin. Pi\u015ft\u00ee ku Batey\u00ee bi kurd\u00ee niv\u00eesand, kurdan \u00ead\u00ee mewlida w\u00ee xwendin \u00fb ev mewlid di medres\u00ean Kurdistan\u00ea de pi\u015ft\u00ee qedandina Qur\u2019an\u00ea b\u00fb kit\u00eabek ji kit\u00eab\u00ean r\u00eaz\u00ea ku feqiyan dixwendin. Ev kit\u00eab li ser jiyan, berhem \u00fb helbest\u00ean Batey\u00ee ji h\u00eala amadekar\u00ea kit\u00eaba Feqiy\u00ea Teyran M. Xalid Sadin\u00ee ve hatiye amadekirin. Di v\u00ea xebata h\u00eaja de ji xeyn\u00ee mewlida w\u00ee gelek \u015fi\u00eer\u00ean w\u00ee j\u00ee cih digirin. Bi saya v\u00ea xebat\u00ea d\u00ea haydariya xwendevan\u00ean kurd ji klas\u00eekan z\u00eadetir \u00e7\u00eabibe \u00fb d\u00ea dewlemendiya kelepora kurdan ba\u015ftir b\u00ea xuyakirin.<br \/>\nBatey\u00ee her wek\u00ee ji nav\u00ea w\u00ee t\u00ea zan\u00een mela \u00fb seyda b\u00fbye. Mirovek\u00ee oldar, xwed\u00eatirs \u00fb zanyar buya. Her wisa mirovek cesur b\u00fb bi \u015fece\u2019at b\u00fbye. Her wek\u00ee di serp\u00eahatiy\u00ean li ser w\u00ee hatine gotin\u00ea de p\u00eawendiya w\u00ee \u00fb m\u00eeran p\u00eawend\u00eeyeke payebilind b\u00fbye. Ew \u2019alimek \u00fb aqildarek\u00ee d\u00eewana m\u00eer b\u00fbye. Em v\u00ee ti\u015ft\u00ee j\u00ee ji helbest\u00ean w\u00ee dizanin. Her wek\u00ee mewl\u00fbda w\u00ee helbest \u00fb qas\u00eede \u00fb meth\u00ean w\u00ee li ser dev\u00ea xwendavan \u00fb zaney\u00ean dever\u00ea niha j\u00ee ji ber in. alem li ber mewl\u00fbda w\u00ee dawet\u00eeyan dide \u00fb di xer \u00fb \u015fer\u00ean xwe de ve berheme dixw\u00eene.<\/p>\n","protected":false},"excerpt":{"rendered":"<p dir=\"ltr\" style=\"text-align: center;\"><strong>Pirt\u00fbk: D\u00eewana Mela Huseyn\u00ea Batey\u00ee<br \/>\nNiv\u00eeskar: Mela Huseyn\u00ea Batey\u00ee<\/strong><br \/>\n<strong>Cure: Helbest, Klas\u00eek\u00ean Kurd\u00ee<\/strong><\/p>\n","protected":false},"featured_media":11989,"template":"","meta":{"site-sidebar-layout":"default","site-content-layout":"","ast-site-content-layout":"default","site-content-style":"default","site-sidebar-style":"default","ast-global-header-display":"","ast-banner-title-visibility":"","ast-main-header-display":"","ast-hfb-above-header-display":"","ast-hfb-below-header-display":"","ast-hfb-mobile-header-display":"","site-post-title":"","ast-breadcrumbs-content":"","ast-featured-img":"","footer-sml-layout":"","ast-disable-related-posts":"","theme-transparent-header-meta":"default","adv-header-id-meta":"","stick-header-meta":"","header-above-stick-meta":"","header-main-stick-meta":"","header-below-stick-meta":"","astra-migrate-meta-layouts":"set","ast-page-background-enabled":"default","ast-page-background-meta":{"desktop":{"background-color":"","background-image":"","background-repeat":"repeat","background-position":"center center","background-size":"auto","background-attachment":"scroll","background-type":"","background-media":"","overlay-type":"","overlay-color":"","overlay-opacity":"","overlay-gradient":""},"tablet":{"background-color":"","background-image":"","background-repeat":"repeat","background-position":"center center","background-size":"auto","background-attachment":"scroll","background-type":"","background-media":"","overlay-type":"","overlay-color":"","overlay-opacity":"","overlay-gradient":""},"mobile":{"background-color":"","background-image":"","background-repeat":"repeat","background-position":"center center","background-size":"auto","background-attachment":"scroll","background-type":"","background-media":"","overlay-type":"","overlay-color":"","overlay-opacity":"","overlay-gradient":""}},"ast-content-background-meta":{"desktop":{"background-color":"var(--ast-global-color-5)","background-image":"","background-repeat":"repeat","background-position":"center center","background-size":"auto","background-attachment":"scroll","background-type":"","background-media":"","overlay-type":"","overlay-color":"","overlay-opacity":"","overlay-gradient":""},"tablet":{"background-color":"var(--ast-global-color-5)","background-image":"","background-repeat":"repeat","background-position":"center center","background-size":"auto","background-attachment":"scroll","background-type":"","background-media":"","overlay-type":"","overlay-color":"","overlay-opacity":"","overlay-gradient":""},"mobile":{"background-color":"var(--ast-global-color-5)","background-image":"","background-repeat":"repeat","background-position":"center center","background-size":"auto","background-attachment":"scroll","background-type":"","background-media":"","overlay-type":"","overlay-color":"","overlay-opacity":"","overlay-gradient":""}}},"product_brand":[],"product_cat":[181,193],"product_tag":[],"class_list":{"0":"post-11923","1":"product","2":"type-product","3":"status-publish","4":"has-post-thumbnail","6":"product_cat--_","8":"pa_-helbest","9":"pa_-klasiken-kurdi","10":"pa_-mela-huseyne-bateyi","11":"pa_-kurmanci","12":"pa_--nubihar","13":"desktop-align-left","14":"tablet-align-left","15":"mobile-align-left","17":"first","18":"instock","19":"shipping-taxable","20":"purchasable","21":"product-type-simple"},"yoast_head":"<!-- This site is optimized with the Yoast SEO plugin v27.4 - https:\/\/yoast.com\/product\/yoast-seo-wordpress\/ -->\n<title>Mela Huseyn\u00ea Batey\u00ee - Mela Huseyn\u00ea Batey\u00ee - www.shanabooks.de<\/title>\n<meta name=\"description\" content=\"Mela Huseyn\u00ea Batey\u00ee - Mela Huseyn\u00ea Batey\u00ee di edebiyata kurd\u00ee ya klas\u00eek de pi\u015ft\u00ee Ehmed\u00ea Xan\u00ee xwed\u00ee cihek\u00ee muh\u00eem e. Lewra cara p\u00ea\u015f\u00een w\u00ee mewlida hezret\u00ee ...\" \/>\n<meta name=\"robots\" content=\"index, follow, max-snippet:-1, max-image-preview:large, max-video-preview:-1\" \/>\n<link rel=\"canonical\" href=\"https:\/\/shanabooks.de\/product\/mela-huseyne-bateyi-mela-huseyne-bateyi\/\" \/>\n<meta property=\"og:locale\" content=\"de_DE\" \/>\n<meta property=\"og:type\" content=\"article\" \/>\n<meta property=\"og:title\" content=\"Mela Huseyn\u00ea Batey\u00ee - Mela Huseyn\u00ea Batey\u00ee - www.shanabooks.de\" \/>\n<meta property=\"og:description\" content=\"Mela Huseyn\u00ea Batey\u00ee - Mela Huseyn\u00ea Batey\u00ee di edebiyata kurd\u00ee ya klas\u00eek de pi\u015ft\u00ee Ehmed\u00ea Xan\u00ee xwed\u00ee cihek\u00ee muh\u00eem e. Lewra cara p\u00ea\u015f\u00een w\u00ee mewlida hezret\u00ee ...\" \/>\n<meta property=\"og:url\" content=\"https:\/\/shanabooks.de\/product\/mela-huseyne-bateyi-mela-huseyne-bateyi\/\" \/>\n<meta property=\"og:site_name\" content=\"www.shanabooks.de\" \/>\n<meta property=\"article:modified_time\" content=\"2024-04-07T13:08:04+00:00\" \/>\n<meta property=\"og:image\" content=\"https:\/\/shanabooks.de\/wp-content\/uploads\/2024\/03\/Diwana-Melaye-Bateyi-1.png\" \/>\n\t<meta property=\"og:image:width\" content=\"318\" \/>\n\t<meta property=\"og:image:height\" content=\"478\" \/>\n\t<meta property=\"og:image:type\" content=\"image\/png\" \/>\n<meta name=\"twitter:card\" content=\"summary_large_image\" \/>\n<meta name=\"twitter:label1\" content=\"Gesch\u00e4tzte Lesezeit\" \/>\n\t<meta name=\"twitter:data1\" content=\"2\u00a0Minuten\" \/>\n<script type=\"application\/ld+json\" class=\"yoast-schema-graph\">{\"@context\":\"https:\\\/\\\/schema.org\",\"@graph\":[{\"@type\":\"WebPage\",\"@id\":\"https:\\\/\\\/shanabooks.de\\\/product\\\/mela-huseyne-bateyi-mela-huseyne-bateyi\\\/\",\"url\":\"https:\\\/\\\/shanabooks.de\\\/product\\\/mela-huseyne-bateyi-mela-huseyne-bateyi\\\/\",\"name\":\"Mela Huseyn\u00ea Batey\u00ee - Mela Huseyn\u00ea Batey\u00ee - www.shanabooks.de\",\"isPartOf\":{\"@id\":\"https:\\\/\\\/shanabooks.de\\\/#website\"},\"primaryImageOfPage\":{\"@id\":\"https:\\\/\\\/shanabooks.de\\\/product\\\/mela-huseyne-bateyi-mela-huseyne-bateyi\\\/#primaryimage\"},\"image\":{\"@id\":\"https:\\\/\\\/shanabooks.de\\\/product\\\/mela-huseyne-bateyi-mela-huseyne-bateyi\\\/#primaryimage\"},\"thumbnailUrl\":\"https:\\\/\\\/shanabooks.de\\\/wp-content\\\/uploads\\\/2024\\\/03\\\/Diwana-Melaye-Bateyi-1.png\",\"datePublished\":\"2024-03-03T19:39:17+00:00\",\"dateModified\":\"2024-04-07T13:08:04+00:00\",\"description\":\"Mela Huseyn\u00ea Batey\u00ee - Mela Huseyn\u00ea Batey\u00ee di edebiyata kurd\u00ee ya klas\u00eek de pi\u015ft\u00ee Ehmed\u00ea Xan\u00ee xwed\u00ee cihek\u00ee muh\u00eem e. Lewra cara p\u00ea\u015f\u00een w\u00ee mewlida hezret\u00ee ...\",\"breadcrumb\":{\"@id\":\"https:\\\/\\\/shanabooks.de\\\/product\\\/mela-huseyne-bateyi-mela-huseyne-bateyi\\\/#breadcrumb\"},\"inLanguage\":\"de\",\"potentialAction\":[{\"@type\":\"ReadAction\",\"target\":[\"https:\\\/\\\/shanabooks.de\\\/product\\\/mela-huseyne-bateyi-mela-huseyne-bateyi\\\/\"]}]},{\"@type\":\"ImageObject\",\"inLanguage\":\"de\",\"@id\":\"https:\\\/\\\/shanabooks.de\\\/product\\\/mela-huseyne-bateyi-mela-huseyne-bateyi\\\/#primaryimage\",\"url\":\"https:\\\/\\\/shanabooks.de\\\/wp-content\\\/uploads\\\/2024\\\/03\\\/Diwana-Melaye-Bateyi-1.png\",\"contentUrl\":\"https:\\\/\\\/shanabooks.de\\\/wp-content\\\/uploads\\\/2024\\\/03\\\/Diwana-Melaye-Bateyi-1.png\",\"width\":318,\"height\":478,\"caption\":\"Mela Huseyn\u00ea Batey\u00ee - Mela Huseyn\u00ea Batey\u00ee - pirt\u00fbk\u00ean kurd\u00ee - klas\u00eek\u00ean kurd\u00ee\"},{\"@type\":\"BreadcrumbList\",\"@id\":\"https:\\\/\\\/shanabooks.de\\\/product\\\/mela-huseyne-bateyi-mela-huseyne-bateyi\\\/#breadcrumb\",\"itemListElement\":[{\"@type\":\"ListItem\",\"position\":1,\"name\":\"\u0627\u0644\u0631\u0626\u064a\u0633\u064a\u0629\",\"item\":\"https:\\\/\\\/shanabooks.de\\\/de\\\/\"},{\"@type\":\"ListItem\",\"position\":2,\"name\":\"\u0627\u0644\u0645\u0646\u062a\u062c\u0627\u062a\",\"item\":\"https:\\\/\\\/shanabooks.de\\\/shop\\\/\"},{\"@type\":\"ListItem\",\"position\":3,\"name\":\"Mela Huseyn\u00ea Batey\u00ee\"}]},{\"@type\":\"WebSite\",\"@id\":\"https:\\\/\\\/shanabooks.de\\\/#website\",\"url\":\"https:\\\/\\\/shanabooks.de\\\/\",\"name\":\"www.shanbooks.de\",\"description\":\"C\u00eehana Pirt\u00fbk\u00ean Kurd\u00ee \u0645\u0643\u062a\u0628\u0629 \u0634\u0627\u0646\u0627 \u0641\u064a \u0627\u0644\u0645\u0627\u0646\u064a\u0627 \u0648\u0623\u0648\u0631\u0628\u0627\",\"publisher\":{\"@id\":\"https:\\\/\\\/shanabooks.de\\\/#organization\"},\"potentialAction\":[{\"@type\":\"SearchAction\",\"target\":{\"@type\":\"EntryPoint\",\"urlTemplate\":\"https:\\\/\\\/shanabooks.de\\\/?s={search_term_string}\"},\"query-input\":{\"@type\":\"PropertyValueSpecification\",\"valueRequired\":true,\"valueName\":\"search_term_string\"}}],\"inLanguage\":\"de\"},{\"@type\":\"Organization\",\"@id\":\"https:\\\/\\\/shanabooks.de\\\/#organization\",\"name\":\"www.shanbooks.de\",\"url\":\"https:\\\/\\\/shanabooks.de\\\/\",\"logo\":{\"@type\":\"ImageObject\",\"inLanguage\":\"de\",\"@id\":\"https:\\\/\\\/shanabooks.de\\\/#\\\/schema\\\/logo\\\/image\\\/\",\"url\":\"https:\\\/\\\/shanabooks.de\\\/wp-content\\\/uploads\\\/2024\\\/03\\\/SHANABOOKS__2_-removebg-preview.png\",\"contentUrl\":\"https:\\\/\\\/shanabooks.de\\\/wp-content\\\/uploads\\\/2024\\\/03\\\/SHANABOOKS__2_-removebg-preview.png\",\"width\":700,\"height\":150,\"caption\":\"www.shanbooks.de\"},\"image\":{\"@id\":\"https:\\\/\\\/shanabooks.de\\\/#\\\/schema\\\/logo\\\/image\\\/\"}}]}<\/script>\n<!-- \/ Yoast SEO plugin. -->","yoast_head_json":{"title":"Mela Huseyn\u00ea Batey\u00ee - Mela Huseyn\u00ea Batey\u00ee - www.shanabooks.de","description":"Mela Huseyn\u00ea Batey\u00ee - Mela Huseyn\u00ea Batey\u00ee di edebiyata kurd\u00ee ya klas\u00eek de pi\u015ft\u00ee Ehmed\u00ea Xan\u00ee xwed\u00ee cihek\u00ee muh\u00eem e. Lewra cara p\u00ea\u015f\u00een w\u00ee mewlida hezret\u00ee ...","robots":{"index":"index","follow":"follow","max-snippet":"max-snippet:-1","max-image-preview":"max-image-preview:large","max-video-preview":"max-video-preview:-1"},"canonical":"https:\/\/shanabooks.de\/product\/mela-huseyne-bateyi-mela-huseyne-bateyi\/","og_locale":"de_DE","og_type":"article","og_title":"Mela Huseyn\u00ea Batey\u00ee - Mela Huseyn\u00ea Batey\u00ee - www.shanabooks.de","og_description":"Mela Huseyn\u00ea Batey\u00ee - Mela Huseyn\u00ea Batey\u00ee di edebiyata kurd\u00ee ya klas\u00eek de pi\u015ft\u00ee Ehmed\u00ea Xan\u00ee xwed\u00ee cihek\u00ee muh\u00eem e. Lewra cara p\u00ea\u015f\u00een w\u00ee mewlida hezret\u00ee ...","og_url":"https:\/\/shanabooks.de\/product\/mela-huseyne-bateyi-mela-huseyne-bateyi\/","og_site_name":"www.shanabooks.de","article_modified_time":"2024-04-07T13:08:04+00:00","og_image":[{"width":318,"height":478,"url":"https:\/\/shanabooks.de\/wp-content\/uploads\/2024\/03\/Diwana-Melaye-Bateyi-1.png","type":"image\/png"}],"twitter_card":"summary_large_image","twitter_misc":{"Gesch\u00e4tzte Lesezeit":"2\u00a0Minuten"},"schema":{"@context":"https:\/\/schema.org","@graph":[{"@type":"WebPage","@id":"https:\/\/shanabooks.de\/product\/mela-huseyne-bateyi-mela-huseyne-bateyi\/","url":"https:\/\/shanabooks.de\/product\/mela-huseyne-bateyi-mela-huseyne-bateyi\/","name":"Mela Huseyn\u00ea Batey\u00ee - Mela Huseyn\u00ea Batey\u00ee - www.shanabooks.de","isPartOf":{"@id":"https:\/\/shanabooks.de\/#website"},"primaryImageOfPage":{"@id":"https:\/\/shanabooks.de\/product\/mela-huseyne-bateyi-mela-huseyne-bateyi\/#primaryimage"},"image":{"@id":"https:\/\/shanabooks.de\/product\/mela-huseyne-bateyi-mela-huseyne-bateyi\/#primaryimage"},"thumbnailUrl":"https:\/\/shanabooks.de\/wp-content\/uploads\/2024\/03\/Diwana-Melaye-Bateyi-1.png","datePublished":"2024-03-03T19:39:17+00:00","dateModified":"2024-04-07T13:08:04+00:00","description":"Mela Huseyn\u00ea Batey\u00ee - Mela Huseyn\u00ea Batey\u00ee di edebiyata kurd\u00ee ya klas\u00eek de pi\u015ft\u00ee Ehmed\u00ea Xan\u00ee xwed\u00ee cihek\u00ee muh\u00eem e. Lewra cara p\u00ea\u015f\u00een w\u00ee mewlida hezret\u00ee ...","breadcrumb":{"@id":"https:\/\/shanabooks.de\/product\/mela-huseyne-bateyi-mela-huseyne-bateyi\/#breadcrumb"},"inLanguage":"de","potentialAction":[{"@type":"ReadAction","target":["https:\/\/shanabooks.de\/product\/mela-huseyne-bateyi-mela-huseyne-bateyi\/"]}]},{"@type":"ImageObject","inLanguage":"de","@id":"https:\/\/shanabooks.de\/product\/mela-huseyne-bateyi-mela-huseyne-bateyi\/#primaryimage","url":"https:\/\/shanabooks.de\/wp-content\/uploads\/2024\/03\/Diwana-Melaye-Bateyi-1.png","contentUrl":"https:\/\/shanabooks.de\/wp-content\/uploads\/2024\/03\/Diwana-Melaye-Bateyi-1.png","width":318,"height":478,"caption":"Mela Huseyn\u00ea Batey\u00ee - Mela Huseyn\u00ea Batey\u00ee - pirt\u00fbk\u00ean kurd\u00ee - klas\u00eek\u00ean kurd\u00ee"},{"@type":"BreadcrumbList","@id":"https:\/\/shanabooks.de\/product\/mela-huseyne-bateyi-mela-huseyne-bateyi\/#breadcrumb","itemListElement":[{"@type":"ListItem","position":1,"name":"\u0627\u0644\u0631\u0626\u064a\u0633\u064a\u0629","item":"https:\/\/shanabooks.de\/de\/"},{"@type":"ListItem","position":2,"name":"\u0627\u0644\u0645\u0646\u062a\u062c\u0627\u062a","item":"https:\/\/shanabooks.de\/shop\/"},{"@type":"ListItem","position":3,"name":"Mela Huseyn\u00ea Batey\u00ee"}]},{"@type":"WebSite","@id":"https:\/\/shanabooks.de\/#website","url":"https:\/\/shanabooks.de\/","name":"www.shanbooks.de","description":"C\u00eehana Pirt\u00fbk\u00ean Kurd\u00ee \u0645\u0643\u062a\u0628\u0629 \u0634\u0627\u0646\u0627 \u0641\u064a \u0627\u0644\u0645\u0627\u0646\u064a\u0627 \u0648\u0623\u0648\u0631\u0628\u0627","publisher":{"@id":"https:\/\/shanabooks.de\/#organization"},"potentialAction":[{"@type":"SearchAction","target":{"@type":"EntryPoint","urlTemplate":"https:\/\/shanabooks.de\/?s={search_term_string}"},"query-input":{"@type":"PropertyValueSpecification","valueRequired":true,"valueName":"search_term_string"}}],"inLanguage":"de"},{"@type":"Organization","@id":"https:\/\/shanabooks.de\/#organization","name":"www.shanbooks.de","url":"https:\/\/shanabooks.de\/","logo":{"@type":"ImageObject","inLanguage":"de","@id":"https:\/\/shanabooks.de\/#\/schema\/logo\/image\/","url":"https:\/\/shanabooks.de\/wp-content\/uploads\/2024\/03\/SHANABOOKS__2_-removebg-preview.png","contentUrl":"https:\/\/shanabooks.de\/wp-content\/uploads\/2024\/03\/SHANABOOKS__2_-removebg-preview.png","width":700,"height":150,"caption":"www.shanbooks.de"},"image":{"@id":"https:\/\/shanabooks.de\/#\/schema\/logo\/image\/"}}]}},"jetpack_sharing_enabled":true,"_links":{"self":[{"href":"https:\/\/shanabooks.de\/de\/wp-json\/wp\/v2\/product\/11923","targetHints":{"allow":["GET"]}}],"collection":[{"href":"https:\/\/shanabooks.de\/de\/wp-json\/wp\/v2\/product"}],"about":[{"href":"https:\/\/shanabooks.de\/de\/wp-json\/wp\/v2\/types\/product"}],"version-history":[{"count":3,"href":"https:\/\/shanabooks.de\/de\/wp-json\/wp\/v2\/product\/11923\/revisions"}],"predecessor-version":[{"id":23202,"href":"https:\/\/shanabooks.de\/de\/wp-json\/wp\/v2\/product\/11923\/revisions\/23202"}],"wp:featuredmedia":[{"embeddable":true,"href":"https:\/\/shanabooks.de\/de\/wp-json\/wp\/v2\/media\/11989"}],"wp:attachment":[{"href":"https:\/\/shanabooks.de\/de\/wp-json\/wp\/v2\/media?parent=11923"}],"wp:term":[{"taxonomy":"product_brand","embeddable":true,"href":"https:\/\/shanabooks.de\/de\/wp-json\/wp\/v2\/product_brand?post=11923"},{"taxonomy":"product_cat","embeddable":true,"href":"https:\/\/shanabooks.de\/de\/wp-json\/wp\/v2\/product_cat?post=11923"},{"taxonomy":"product_tag","embeddable":true,"href":"https:\/\/shanabooks.de\/de\/wp-json\/wp\/v2\/product_tag?post=11923"}],"curies":[{"name":"wp","href":"https:\/\/api.w.org\/{rel}","templated":true}]}}