{"id":11924,"date":"2024-03-03T19:39:17","date_gmt":"2024-03-03T19:39:17","guid":{"rendered":"https:\/\/shanabooks.de\/?post_type=product&#038;p=11924"},"modified":"2024-04-07T13:13:58","modified_gmt":"2024-04-07T13:13:58","slug":"seyf-ul-miluk-bedi-ul-cemal-siyahpos","status":"publish","type":"product","link":"https:\/\/shanabooks.de\/de\/product\/seyf-ul-miluk-bedi-ul-cemal-siyahpos\/","title":{"rendered":"SEYF-UL MIL\u00dbK BED\u00ee- UL CEMAL"},"content":{"rendered":"<p dir=\"ltr\"><strong>SEYF-UL MIL\u00dbK BED\u00ee- UL CEMAL &#8211; Siyahpo\u015f<\/strong><\/p>\n<p style=\"text-align: left;\">Di edebiyata Kurd\u00ee de Siyahpo\u015f di nav navdar\u00ean her\u00ee mezin de cih digre. Li gor riwayetek\u00ea di sala 1820an de, li gor riwayetek\u00ea din j\u00ee di sala 1779an de Xwed\u00ea daye. Ji \u015fi\u2019ir\u00ean w\u00ee f\u00eam dibe ku ji Kurd\u00ean \u00ceran\u00ea ye. Ji bo xwendin\u00ea li gelek deveran geriyaye \u00fb demek dir\u00eaj j\u00ee li Farq\u00een\u00ea maye. Kit\u00eaba w\u00ee Seyf-ul Mil\u00fbk \u00fb Bed\u00ee-ul Cemal mesnewiyek e \u00fb niv\u00eeskar xezel\u00ean gelek xwe\u015f di navbera be\u015f\u00ean v\u00ea mesnewiy\u00ea de dan\u00eene. Mirin xo\u015f t\u00ea li min, nek<\/p>\n","protected":false},"excerpt":{"rendered":"<p dir=\"ltr\" style=\"text-align: center;\"><strong>Pirt\u00fbk: SEYF-UL MIL\u00dbK BED\u00ce- UL CEMAL<br \/>\nNiv\u00eeskar: Siyahpo\u015f<\/strong><br \/>\n<strong>Cure: Helbest<\/strong><\/p>\n","protected":false},"featured_media":11991,"template":"","meta":{"site-sidebar-layout":"default","site-content-layout":"","ast-site-content-layout":"default","site-content-style":"default","site-sidebar-style":"default","ast-global-header-display":"","ast-banner-title-visibility":"","ast-main-header-display":"","ast-hfb-above-header-display":"","ast-hfb-below-header-display":"","ast-hfb-mobile-header-display":"","site-post-title":"","ast-breadcrumbs-content":"","ast-featured-img":"","footer-sml-layout":"","ast-disable-related-posts":"","theme-transparent-header-meta":"default","adv-header-id-meta":"","stick-header-meta":"","header-above-stick-meta":"","header-main-stick-meta":"","header-below-stick-meta":"","astra-migrate-meta-layouts":"set","ast-page-background-enabled":"default","ast-page-background-meta":{"desktop":{"background-color":"","background-image":"","background-repeat":"repeat","background-position":"center center","background-size":"auto","background-attachment":"scroll","background-type":"","background-media":"","overlay-type":"","overlay-color":"","overlay-opacity":"","overlay-gradient":""},"tablet":{"background-color":"","background-image":"","background-repeat":"repeat","background-position":"center center","background-size":"auto","background-attachment":"scroll","background-type":"","background-media":"","overlay-type":"","overlay-color":"","overlay-opacity":"","overlay-gradient":""},"mobile":{"background-color":"","background-image":"","background-repeat":"repeat","background-position":"center center","background-size":"auto","background-attachment":"scroll","background-type":"","background-media":"","overlay-type":"","overlay-color":"","overlay-opacity":"","overlay-gradient":""}},"ast-content-background-meta":{"desktop":{"background-color":"var(--ast-global-color-5)","background-image":"","background-repeat":"repeat","background-position":"center center","background-size":"auto","background-attachment":"scroll","background-type":"","background-media":"","overlay-type":"","overlay-color":"","overlay-opacity":"","overlay-gradient":""},"tablet":{"background-color":"var(--ast-global-color-5)","background-image":"","background-repeat":"repeat","background-position":"center center","background-size":"auto","background-attachment":"scroll","background-type":"","background-media":"","overlay-type":"","overlay-color":"","overlay-opacity":"","overlay-gradient":""},"mobile":{"background-color":"var(--ast-global-color-5)","background-image":"","background-repeat":"repeat","background-position":"center center","background-size":"auto","background-attachment":"scroll","background-type":"","background-media":"","overlay-type":"","overlay-color":"","overlay-opacity":"","overlay-gradient":""}}},"product_brand":[],"product_cat":[181,193],"product_tag":[],"class_list":{"0":"post-11924","1":"product","2":"type-product","3":"status-publish","4":"has-post-thumbnail","6":"product_cat--_","8":"pa_-helbest","9":"pa_-klasiken-kurdi","10":"pa_-siyahpos","11":"pa_-kurmanci","12":"pa_--nubihar","13":"desktop-align-left","14":"tablet-align-left","15":"mobile-align-left","17":"first","18":"instock","19":"shipping-taxable","20":"purchasable","21":"product-type-simple"},"yoast_head":"<!-- This site is optimized with the Yoast SEO plugin v27.4 - https:\/\/yoast.com\/product\/yoast-seo-wordpress\/ -->\n<title>SEYF-UL MIL\u00dbK BED\u00ee- UL CEMAL - Siyahpo\u015f - www.shanabooks.de<\/title>\n<meta name=\"description\" content=\"SEYF-UL MIL\u00dbK BED\u00ee- UL CEMAL - Siyahpo\u015f Di edebiyata Kurd\u00ee de Siyahpo\u015f di nav navdar\u00ean her\u00ee mezin de cih digre. Li gor riwayetek\u00ea di sala 1820an de, li ...\" \/>\n<meta name=\"robots\" content=\"index, follow, max-snippet:-1, max-image-preview:large, max-video-preview:-1\" \/>\n<link rel=\"canonical\" href=\"https:\/\/shanabooks.de\/product\/seyf-ul-miluk-bedi-ul-cemal-siyahpos\/\" \/>\n<meta property=\"og:locale\" content=\"de_DE\" \/>\n<meta property=\"og:type\" content=\"article\" \/>\n<meta property=\"og:title\" content=\"SEYF-UL MIL\u00dbK BED\u00ee- UL CEMAL - Siyahpo\u015f - www.shanabooks.de\" \/>\n<meta property=\"og:description\" content=\"SEYF-UL MIL\u00dbK BED\u00ee- UL CEMAL - Siyahpo\u015f Di edebiyata Kurd\u00ee de Siyahpo\u015f di nav navdar\u00ean her\u00ee mezin de cih digre. Li gor riwayetek\u00ea di sala 1820an de, li ...\" \/>\n<meta property=\"og:url\" content=\"https:\/\/shanabooks.de\/product\/seyf-ul-miluk-bedi-ul-cemal-siyahpos\/\" \/>\n<meta property=\"og:site_name\" content=\"www.shanabooks.de\" \/>\n<meta property=\"article:modified_time\" content=\"2024-04-07T13:13:58+00:00\" \/>\n<meta property=\"og:image\" content=\"https:\/\/shanabooks.de\/wp-content\/uploads\/2024\/03\/Seyful-Miluk-u-bediul-Cemal-1.png\" \/>\n\t<meta property=\"og:image:width\" content=\"312\" \/>\n\t<meta property=\"og:image:height\" content=\"479\" \/>\n\t<meta property=\"og:image:type\" content=\"image\/png\" \/>\n<meta name=\"twitter:card\" content=\"summary_large_image\" \/>\n<meta name=\"twitter:label1\" content=\"Gesch\u00e4tzte Lesezeit\" \/>\n\t<meta name=\"twitter:data1\" content=\"1\u00a0Minute\" \/>\n<script type=\"application\/ld+json\" class=\"yoast-schema-graph\">{\"@context\":\"https:\\\/\\\/schema.org\",\"@graph\":[{\"@type\":\"WebPage\",\"@id\":\"https:\\\/\\\/shanabooks.de\\\/product\\\/seyf-ul-miluk-bedi-ul-cemal-siyahpos\\\/\",\"url\":\"https:\\\/\\\/shanabooks.de\\\/product\\\/seyf-ul-miluk-bedi-ul-cemal-siyahpos\\\/\",\"name\":\"SEYF-UL MIL\u00dbK BED\u00ee- UL CEMAL - Siyahpo\u015f - www.shanabooks.de\",\"isPartOf\":{\"@id\":\"https:\\\/\\\/shanabooks.de\\\/#website\"},\"primaryImageOfPage\":{\"@id\":\"https:\\\/\\\/shanabooks.de\\\/product\\\/seyf-ul-miluk-bedi-ul-cemal-siyahpos\\\/#primaryimage\"},\"image\":{\"@id\":\"https:\\\/\\\/shanabooks.de\\\/product\\\/seyf-ul-miluk-bedi-ul-cemal-siyahpos\\\/#primaryimage\"},\"thumbnailUrl\":\"https:\\\/\\\/shanabooks.de\\\/wp-content\\\/uploads\\\/2024\\\/03\\\/Seyful-Miluk-u-bediul-Cemal-1.png\",\"datePublished\":\"2024-03-03T19:39:17+00:00\",\"dateModified\":\"2024-04-07T13:13:58+00:00\",\"description\":\"SEYF-UL MIL\u00dbK BED\u00ee- UL CEMAL - Siyahpo\u015f Di edebiyata Kurd\u00ee de Siyahpo\u015f di nav navdar\u00ean her\u00ee mezin de cih digre. Li gor riwayetek\u00ea di sala 1820an de, li ...\",\"breadcrumb\":{\"@id\":\"https:\\\/\\\/shanabooks.de\\\/product\\\/seyf-ul-miluk-bedi-ul-cemal-siyahpos\\\/#breadcrumb\"},\"inLanguage\":\"de\",\"potentialAction\":[{\"@type\":\"ReadAction\",\"target\":[\"https:\\\/\\\/shanabooks.de\\\/product\\\/seyf-ul-miluk-bedi-ul-cemal-siyahpos\\\/\"]}]},{\"@type\":\"ImageObject\",\"inLanguage\":\"de\",\"@id\":\"https:\\\/\\\/shanabooks.de\\\/product\\\/seyf-ul-miluk-bedi-ul-cemal-siyahpos\\\/#primaryimage\",\"url\":\"https:\\\/\\\/shanabooks.de\\\/wp-content\\\/uploads\\\/2024\\\/03\\\/Seyful-Miluk-u-bediul-Cemal-1.png\",\"contentUrl\":\"https:\\\/\\\/shanabooks.de\\\/wp-content\\\/uploads\\\/2024\\\/03\\\/Seyful-Miluk-u-bediul-Cemal-1.png\",\"width\":312,\"height\":479,\"caption\":\"SEYF-UL MIL\u00dbK BED\u00ee- UL CEMAL - Siyahpo\u015f - pirt\u00fbk\u00ean kurd\u00ee - klas\u00eek\"},{\"@type\":\"BreadcrumbList\",\"@id\":\"https:\\\/\\\/shanabooks.de\\\/product\\\/seyf-ul-miluk-bedi-ul-cemal-siyahpos\\\/#breadcrumb\",\"itemListElement\":[{\"@type\":\"ListItem\",\"position\":1,\"name\":\"\u0627\u0644\u0631\u0626\u064a\u0633\u064a\u0629\",\"item\":\"https:\\\/\\\/shanabooks.de\\\/de\\\/\"},{\"@type\":\"ListItem\",\"position\":2,\"name\":\"\u0627\u0644\u0645\u0646\u062a\u062c\u0627\u062a\",\"item\":\"https:\\\/\\\/shanabooks.de\\\/shop\\\/\"},{\"@type\":\"ListItem\",\"position\":3,\"name\":\"SEYF-UL MIL\u00dbK BED\u00ee- UL CEMAL\"}]},{\"@type\":\"WebSite\",\"@id\":\"https:\\\/\\\/shanabooks.de\\\/#website\",\"url\":\"https:\\\/\\\/shanabooks.de\\\/\",\"name\":\"www.shanbooks.de\",\"description\":\"C\u00eehana Pirt\u00fbk\u00ean Kurd\u00ee \u0645\u0643\u062a\u0628\u0629 \u0634\u0627\u0646\u0627 \u0641\u064a \u0627\u0644\u0645\u0627\u0646\u064a\u0627 \u0648\u0623\u0648\u0631\u0628\u0627\",\"publisher\":{\"@id\":\"https:\\\/\\\/shanabooks.de\\\/#organization\"},\"potentialAction\":[{\"@type\":\"SearchAction\",\"target\":{\"@type\":\"EntryPoint\",\"urlTemplate\":\"https:\\\/\\\/shanabooks.de\\\/?s={search_term_string}\"},\"query-input\":{\"@type\":\"PropertyValueSpecification\",\"valueRequired\":true,\"valueName\":\"search_term_string\"}}],\"inLanguage\":\"de\"},{\"@type\":\"Organization\",\"@id\":\"https:\\\/\\\/shanabooks.de\\\/#organization\",\"name\":\"www.shanbooks.de\",\"url\":\"https:\\\/\\\/shanabooks.de\\\/\",\"logo\":{\"@type\":\"ImageObject\",\"inLanguage\":\"de\",\"@id\":\"https:\\\/\\\/shanabooks.de\\\/#\\\/schema\\\/logo\\\/image\\\/\",\"url\":\"https:\\\/\\\/shanabooks.de\\\/wp-content\\\/uploads\\\/2024\\\/03\\\/SHANABOOKS__2_-removebg-preview.png\",\"contentUrl\":\"https:\\\/\\\/shanabooks.de\\\/wp-content\\\/uploads\\\/2024\\\/03\\\/SHANABOOKS__2_-removebg-preview.png\",\"width\":700,\"height\":150,\"caption\":\"www.shanbooks.de\"},\"image\":{\"@id\":\"https:\\\/\\\/shanabooks.de\\\/#\\\/schema\\\/logo\\\/image\\\/\"}}]}<\/script>\n<!-- \/ Yoast SEO plugin. -->","yoast_head_json":{"title":"SEYF-UL MIL\u00dbK BED\u00ee- UL CEMAL - Siyahpo\u015f - www.shanabooks.de","description":"SEYF-UL MIL\u00dbK BED\u00ee- UL CEMAL - Siyahpo\u015f Di edebiyata Kurd\u00ee de Siyahpo\u015f di nav navdar\u00ean her\u00ee mezin de cih digre. Li gor riwayetek\u00ea di sala 1820an de, li ...","robots":{"index":"index","follow":"follow","max-snippet":"max-snippet:-1","max-image-preview":"max-image-preview:large","max-video-preview":"max-video-preview:-1"},"canonical":"https:\/\/shanabooks.de\/product\/seyf-ul-miluk-bedi-ul-cemal-siyahpos\/","og_locale":"de_DE","og_type":"article","og_title":"SEYF-UL MIL\u00dbK BED\u00ee- UL CEMAL - Siyahpo\u015f - www.shanabooks.de","og_description":"SEYF-UL MIL\u00dbK BED\u00ee- UL CEMAL - Siyahpo\u015f Di edebiyata Kurd\u00ee de Siyahpo\u015f di nav navdar\u00ean her\u00ee mezin de cih digre. Li gor riwayetek\u00ea di sala 1820an de, li ...","og_url":"https:\/\/shanabooks.de\/product\/seyf-ul-miluk-bedi-ul-cemal-siyahpos\/","og_site_name":"www.shanabooks.de","article_modified_time":"2024-04-07T13:13:58+00:00","og_image":[{"width":312,"height":479,"url":"https:\/\/shanabooks.de\/wp-content\/uploads\/2024\/03\/Seyful-Miluk-u-bediul-Cemal-1.png","type":"image\/png"}],"twitter_card":"summary_large_image","twitter_misc":{"Gesch\u00e4tzte Lesezeit":"1\u00a0Minute"},"schema":{"@context":"https:\/\/schema.org","@graph":[{"@type":"WebPage","@id":"https:\/\/shanabooks.de\/product\/seyf-ul-miluk-bedi-ul-cemal-siyahpos\/","url":"https:\/\/shanabooks.de\/product\/seyf-ul-miluk-bedi-ul-cemal-siyahpos\/","name":"SEYF-UL MIL\u00dbK BED\u00ee- UL CEMAL - Siyahpo\u015f - www.shanabooks.de","isPartOf":{"@id":"https:\/\/shanabooks.de\/#website"},"primaryImageOfPage":{"@id":"https:\/\/shanabooks.de\/product\/seyf-ul-miluk-bedi-ul-cemal-siyahpos\/#primaryimage"},"image":{"@id":"https:\/\/shanabooks.de\/product\/seyf-ul-miluk-bedi-ul-cemal-siyahpos\/#primaryimage"},"thumbnailUrl":"https:\/\/shanabooks.de\/wp-content\/uploads\/2024\/03\/Seyful-Miluk-u-bediul-Cemal-1.png","datePublished":"2024-03-03T19:39:17+00:00","dateModified":"2024-04-07T13:13:58+00:00","description":"SEYF-UL MIL\u00dbK BED\u00ee- UL CEMAL - Siyahpo\u015f Di edebiyata Kurd\u00ee de Siyahpo\u015f di nav navdar\u00ean her\u00ee mezin de cih digre. Li gor riwayetek\u00ea di sala 1820an de, li ...","breadcrumb":{"@id":"https:\/\/shanabooks.de\/product\/seyf-ul-miluk-bedi-ul-cemal-siyahpos\/#breadcrumb"},"inLanguage":"de","potentialAction":[{"@type":"ReadAction","target":["https:\/\/shanabooks.de\/product\/seyf-ul-miluk-bedi-ul-cemal-siyahpos\/"]}]},{"@type":"ImageObject","inLanguage":"de","@id":"https:\/\/shanabooks.de\/product\/seyf-ul-miluk-bedi-ul-cemal-siyahpos\/#primaryimage","url":"https:\/\/shanabooks.de\/wp-content\/uploads\/2024\/03\/Seyful-Miluk-u-bediul-Cemal-1.png","contentUrl":"https:\/\/shanabooks.de\/wp-content\/uploads\/2024\/03\/Seyful-Miluk-u-bediul-Cemal-1.png","width":312,"height":479,"caption":"SEYF-UL MIL\u00dbK BED\u00ee- UL CEMAL - Siyahpo\u015f - pirt\u00fbk\u00ean kurd\u00ee - klas\u00eek"},{"@type":"BreadcrumbList","@id":"https:\/\/shanabooks.de\/product\/seyf-ul-miluk-bedi-ul-cemal-siyahpos\/#breadcrumb","itemListElement":[{"@type":"ListItem","position":1,"name":"\u0627\u0644\u0631\u0626\u064a\u0633\u064a\u0629","item":"https:\/\/shanabooks.de\/de\/"},{"@type":"ListItem","position":2,"name":"\u0627\u0644\u0645\u0646\u062a\u062c\u0627\u062a","item":"https:\/\/shanabooks.de\/shop\/"},{"@type":"ListItem","position":3,"name":"SEYF-UL MIL\u00dbK BED\u00ee- UL CEMAL"}]},{"@type":"WebSite","@id":"https:\/\/shanabooks.de\/#website","url":"https:\/\/shanabooks.de\/","name":"www.shanbooks.de","description":"C\u00eehana Pirt\u00fbk\u00ean Kurd\u00ee \u0645\u0643\u062a\u0628\u0629 \u0634\u0627\u0646\u0627 \u0641\u064a \u0627\u0644\u0645\u0627\u0646\u064a\u0627 \u0648\u0623\u0648\u0631\u0628\u0627","publisher":{"@id":"https:\/\/shanabooks.de\/#organization"},"potentialAction":[{"@type":"SearchAction","target":{"@type":"EntryPoint","urlTemplate":"https:\/\/shanabooks.de\/?s={search_term_string}"},"query-input":{"@type":"PropertyValueSpecification","valueRequired":true,"valueName":"search_term_string"}}],"inLanguage":"de"},{"@type":"Organization","@id":"https:\/\/shanabooks.de\/#organization","name":"www.shanbooks.de","url":"https:\/\/shanabooks.de\/","logo":{"@type":"ImageObject","inLanguage":"de","@id":"https:\/\/shanabooks.de\/#\/schema\/logo\/image\/","url":"https:\/\/shanabooks.de\/wp-content\/uploads\/2024\/03\/SHANABOOKS__2_-removebg-preview.png","contentUrl":"https:\/\/shanabooks.de\/wp-content\/uploads\/2024\/03\/SHANABOOKS__2_-removebg-preview.png","width":700,"height":150,"caption":"www.shanbooks.de"},"image":{"@id":"https:\/\/shanabooks.de\/#\/schema\/logo\/image\/"}}]}},"jetpack_sharing_enabled":true,"_links":{"self":[{"href":"https:\/\/shanabooks.de\/de\/wp-json\/wp\/v2\/product\/11924","targetHints":{"allow":["GET"]}}],"collection":[{"href":"https:\/\/shanabooks.de\/de\/wp-json\/wp\/v2\/product"}],"about":[{"href":"https:\/\/shanabooks.de\/de\/wp-json\/wp\/v2\/types\/product"}],"version-history":[{"count":3,"href":"https:\/\/shanabooks.de\/de\/wp-json\/wp\/v2\/product\/11924\/revisions"}],"predecessor-version":[{"id":23205,"href":"https:\/\/shanabooks.de\/de\/wp-json\/wp\/v2\/product\/11924\/revisions\/23205"}],"wp:featuredmedia":[{"embeddable":true,"href":"https:\/\/shanabooks.de\/de\/wp-json\/wp\/v2\/media\/11991"}],"wp:attachment":[{"href":"https:\/\/shanabooks.de\/de\/wp-json\/wp\/v2\/media?parent=11924"}],"wp:term":[{"taxonomy":"product_brand","embeddable":true,"href":"https:\/\/shanabooks.de\/de\/wp-json\/wp\/v2\/product_brand?post=11924"},{"taxonomy":"product_cat","embeddable":true,"href":"https:\/\/shanabooks.de\/de\/wp-json\/wp\/v2\/product_cat?post=11924"},{"taxonomy":"product_tag","embeddable":true,"href":"https:\/\/shanabooks.de\/de\/wp-json\/wp\/v2\/product_tag?post=11924"}],"curies":[{"name":"wp","href":"https:\/\/api.w.org\/{rel}","templated":true}]}}