{"id":11925,"date":"2024-03-03T19:39:17","date_gmt":"2024-03-03T19:39:17","guid":{"rendered":"https:\/\/shanabooks.de\/?post_type=product&#038;p=11925"},"modified":"2026-01-01T19:42:19","modified_gmt":"2026-01-01T19:42:19","slug":"%d9%85%d9%85-%d9%88-%d8%b2%d9%8a%d9%86-mem-u-zin","status":"publish","type":"product","link":"https:\/\/shanabooks.de\/de\/product\/%d9%85%d9%85-%d9%88-%d8%b2%d9%8a%d9%86-mem-u-zin\/","title":{"rendered":"\u0645\u0645 \u0648 \u0632\u064a\u0646 &#8211; Mem \u00fb Z\u00een"},"content":{"rendered":"<p dir=\"ltr\"><strong>\u0645\u0645 \u0648 \u0632\u064a\u0646\u00a0 \u00a0&#8211; \u0623\u062d\u0645\u062f\u0649 \u062e\u0627\u0646\u064a<\/strong><\/p>\n<p dir=\"ltr\">Niv\u00eeskar: Ehmed\u00ea Xan\u00ee<br \/>\nPirt\u00fbk: Mem \u00fb Z\u00een (bi alfbaya Ereb\u00ee)\u00a0 \u0645\u0645 \u0648 \u0632\u064a\u0646 \u0628\u0627\u0644\u0627\u0628\u062c\u062f\u064a\u0629 \u0627\u0644\u0643\u0648\u0631\u062f\u064a\u0629-\u0627\u0644\u0639\u0631\u0628\u064a\u0629<br \/>\nCure: Helbest<br \/>\nbergek Taybet<br \/>\n\u0637\u0628\u0639\u0629 \u0645\u0645\u064a\u0632\u0629<\/p>\n<p dir=\"ltr\">Klas\u00eek\u00ean kurd\u00ee<\/p>\n","protected":false},"excerpt":{"rendered":"<p dir=\"ltr\" style=\"text-align: center;\"><strong>\u0645\u0645 \u0648 \u0632\u064a\u0646 &#8211; \u0623\u062d\u0645\u062f\u0649 \u062e\u0627\u0646\u064a<\/strong><\/p>\n<p dir=\"ltr\" style=\"text-align: center;\"><strong>Niv\u00eeskar: Ehmed\u00ea Xan\u00ee<\/strong><br \/>\n<strong>Pirt\u00fbk: Mem \u00fb Z\u00een (bi alfbaya Ereb\u00ee)\u00a0 \u0645\u0645 \u0648 \u0632\u064a\u0646 \u0628\u0627\u0644\u0627\u0628\u062c\u062f\u064a\u0629 \u0627\u0644\u0643\u0648\u0631\u062f\u064a\u0629-\u0627\u0644\u0639\u0631\u0628\u064a\u0629<\/strong><br \/>\n<strong>Cure: Helbest<\/strong><\/p>\n","protected":false},"featured_media":11993,"template":"","meta":{"site-sidebar-layout":"default","site-content-layout":"","ast-site-content-layout":"default","site-content-style":"default","site-sidebar-style":"default","ast-global-header-display":"","ast-banner-title-visibility":"","ast-main-header-display":"","ast-hfb-above-header-display":"","ast-hfb-below-header-display":"","ast-hfb-mobile-header-display":"","site-post-title":"","ast-breadcrumbs-content":"","ast-featured-img":"","footer-sml-layout":"","ast-disable-related-posts":"","theme-transparent-header-meta":"default","adv-header-id-meta":"","stick-header-meta":"","header-above-stick-meta":"","header-main-stick-meta":"","header-below-stick-meta":"","astra-migrate-meta-layouts":"set","ast-page-background-enabled":"default","ast-page-background-meta":{"desktop":{"background-color":"","background-image":"","background-repeat":"repeat","background-position":"center center","background-size":"auto","background-attachment":"scroll","background-type":"","background-media":"","overlay-type":"","overlay-color":"","overlay-opacity":"","overlay-gradient":""},"tablet":{"background-color":"","background-image":"","background-repeat":"repeat","background-position":"center center","background-size":"auto","background-attachment":"scroll","background-type":"","background-media":"","overlay-type":"","overlay-color":"","overlay-opacity":"","overlay-gradient":""},"mobile":{"background-color":"","background-image":"","background-repeat":"repeat","background-position":"center center","background-size":"auto","background-attachment":"scroll","background-type":"","background-media":"","overlay-type":"","overlay-color":"","overlay-opacity":"","overlay-gradient":""}},"ast-content-background-meta":{"desktop":{"background-color":"var(--ast-global-color-5)","background-image":"","background-repeat":"repeat","background-position":"center center","background-size":"auto","background-attachment":"scroll","background-type":"","background-media":"","overlay-type":"","overlay-color":"","overlay-opacity":"","overlay-gradient":""},"tablet":{"background-color":"var(--ast-global-color-5)","background-image":"","background-repeat":"repeat","background-position":"center center","background-size":"auto","background-attachment":"scroll","background-type":"","background-media":"","overlay-type":"","overlay-color":"","overlay-opacity":"","overlay-gradient":""},"mobile":{"background-color":"var(--ast-global-color-5)","background-image":"","background-repeat":"repeat","background-position":"center center","background-size":"auto","background-attachment":"scroll","background-type":"","background-media":"","overlay-type":"","overlay-color":"","overlay-opacity":"","overlay-gradient":""}}},"product_brand":[],"product_cat":[167,184,192,193],"product_tag":[],"class_list":{"0":"post-11925","1":"product","2":"type-product","3":"status-publish","4":"has-post-thumbnail","6":"product_cat-167","7":"product_cat-_","8":"product_cat-192","9":"product_cat--_","10":"pa_-helbest","11":"pa_-ehmede-xani","12":"pa_-kurmanci","13":"pa_-347","14":"pa_--nubihar","15":"desktop-align-left","16":"tablet-align-left","17":"mobile-align-left","19":"first","20":"outofstock","21":"shipping-taxable","22":"purchasable","23":"product-type-simple"},"yoast_head":"<!-- This site is optimized with the Yoast SEO plugin v27.4 - https:\/\/yoast.com\/product\/yoast-seo-wordpress\/ -->\n<title>\u0645\u0645 \u0648 \u0632\u064a\u0646 - Mem \u00fb Z\u00een - www.shanabooks.de<\/title>\n<meta name=\"description\" content=\"\u0645\u0645 \u0648 \u0632\u064a\u0646\u00a0 \u00a0- \u0623\u062d\u0645\u062f\u0649 \u062e\u0627\u0646\u064a Niv\u00eeskar: Ehmed\u00ea Xan\u00ee Pirt\u00fbk: Mem \u00fb Z\u00een (bi alfbaya Ereb\u00ee)\u00a0 \u0645\u0645 \u0648 \u0632\u064a\u0646 \u0628\u0627\u0644\u0627\u0628\u062c\u062f\u064a\u0629 \u0627\u0644\u0643\u0648\u0631\u062f\u064a\u0629-\u0627\u0644\u0639\u0631\u0628\u064a\u0629 Cure: Helbest bergek Taybet ...\" \/>\n<meta name=\"robots\" content=\"index, follow, max-snippet:-1, max-image-preview:large, max-video-preview:-1\" \/>\n<link rel=\"canonical\" href=\"https:\/\/shanabooks.de\/product\/\u0645\u0645-\u0648-\u0632\u064a\u0646-mem-u-zin\/\" \/>\n<meta property=\"og:locale\" content=\"de_DE\" \/>\n<meta property=\"og:type\" content=\"article\" \/>\n<meta property=\"og:title\" content=\"\u0645\u0645 \u0648 \u0632\u064a\u0646 - Mem \u00fb Z\u00een - www.shanabooks.de\" \/>\n<meta property=\"og:description\" content=\"\u0645\u0645 \u0648 \u0632\u064a\u0646\u00a0 \u00a0- \u0623\u062d\u0645\u062f\u0649 \u062e\u0627\u0646\u064a Niv\u00eeskar: Ehmed\u00ea Xan\u00ee Pirt\u00fbk: Mem \u00fb Z\u00een (bi alfbaya Ereb\u00ee)\u00a0 \u0645\u0645 \u0648 \u0632\u064a\u0646 \u0628\u0627\u0644\u0627\u0628\u062c\u062f\u064a\u0629 \u0627\u0644\u0643\u0648\u0631\u062f\u064a\u0629-\u0627\u0644\u0639\u0631\u0628\u064a\u0629 Cure: Helbest bergek Taybet ...\" \/>\n<meta property=\"og:url\" content=\"https:\/\/shanabooks.de\/product\/\u0645\u0645-\u0648-\u0632\u064a\u0646-mem-u-zin\/\" \/>\n<meta property=\"og:site_name\" content=\"www.shanabooks.de\" \/>\n<meta property=\"article:modified_time\" content=\"2026-01-01T19:42:19+00:00\" \/>\n<meta property=\"og:image\" content=\"https:\/\/shanabooks.de\/wp-content\/uploads\/2024\/03\/Mem-u-Zin-bi-tipen-Erebi-1.png\" \/>\n\t<meta property=\"og:image:width\" content=\"336\" \/>\n\t<meta property=\"og:image:height\" content=\"474\" \/>\n\t<meta property=\"og:image:type\" content=\"image\/png\" \/>\n<meta name=\"twitter:card\" content=\"summary_large_image\" \/>\n<meta name=\"twitter:label1\" content=\"Gesch\u00e4tzte Lesezeit\" \/>\n\t<meta name=\"twitter:data1\" content=\"1\u00a0Minute\" \/>\n<script type=\"application\/ld+json\" class=\"yoast-schema-graph\">{\"@context\":\"https:\\\/\\\/schema.org\",\"@graph\":[{\"@type\":\"WebPage\",\"@id\":\"https:\\\/\\\/shanabooks.de\\\/product\\\/%d9%85%d9%85-%d9%88-%d8%b2%d9%8a%d9%86-mem-u-zin\\\/\",\"url\":\"https:\\\/\\\/shanabooks.de\\\/product\\\/%d9%85%d9%85-%d9%88-%d8%b2%d9%8a%d9%86-mem-u-zin\\\/\",\"name\":\"\u0645\u0645 \u0648 \u0632\u064a\u0646 - Mem \u00fb Z\u00een - www.shanabooks.de\",\"isPartOf\":{\"@id\":\"https:\\\/\\\/shanabooks.de\\\/#website\"},\"primaryImageOfPage\":{\"@id\":\"https:\\\/\\\/shanabooks.de\\\/product\\\/%d9%85%d9%85-%d9%88-%d8%b2%d9%8a%d9%86-mem-u-zin\\\/#primaryimage\"},\"image\":{\"@id\":\"https:\\\/\\\/shanabooks.de\\\/product\\\/%d9%85%d9%85-%d9%88-%d8%b2%d9%8a%d9%86-mem-u-zin\\\/#primaryimage\"},\"thumbnailUrl\":\"https:\\\/\\\/shanabooks.de\\\/wp-content\\\/uploads\\\/2024\\\/03\\\/Mem-u-Zin-bi-tipen-Erebi-1.png\",\"datePublished\":\"2024-03-03T19:39:17+00:00\",\"dateModified\":\"2026-01-01T19:42:19+00:00\",\"description\":\"\u0645\u0645 \u0648 \u0632\u064a\u0646\u00a0 \u00a0- \u0623\u062d\u0645\u062f\u0649 \u062e\u0627\u0646\u064a Niv\u00eeskar: Ehmed\u00ea Xan\u00ee Pirt\u00fbk: Mem \u00fb Z\u00een (bi alfbaya Ereb\u00ee)\u00a0 \u0645\u0645 \u0648 \u0632\u064a\u0646 \u0628\u0627\u0644\u0627\u0628\u062c\u062f\u064a\u0629 \u0627\u0644\u0643\u0648\u0631\u062f\u064a\u0629-\u0627\u0644\u0639\u0631\u0628\u064a\u0629 Cure: Helbest bergek Taybet ...\",\"breadcrumb\":{\"@id\":\"https:\\\/\\\/shanabooks.de\\\/product\\\/%d9%85%d9%85-%d9%88-%d8%b2%d9%8a%d9%86-mem-u-zin\\\/#breadcrumb\"},\"inLanguage\":\"de\",\"potentialAction\":[{\"@type\":\"ReadAction\",\"target\":[\"https:\\\/\\\/shanabooks.de\\\/product\\\/%d9%85%d9%85-%d9%88-%d8%b2%d9%8a%d9%86-mem-u-zin\\\/\"]}]},{\"@type\":\"ImageObject\",\"inLanguage\":\"de\",\"@id\":\"https:\\\/\\\/shanabooks.de\\\/product\\\/%d9%85%d9%85-%d9%88-%d8%b2%d9%8a%d9%86-mem-u-zin\\\/#primaryimage\",\"url\":\"https:\\\/\\\/shanabooks.de\\\/wp-content\\\/uploads\\\/2024\\\/03\\\/Mem-u-Zin-bi-tipen-Erebi-1.png\",\"contentUrl\":\"https:\\\/\\\/shanabooks.de\\\/wp-content\\\/uploads\\\/2024\\\/03\\\/Mem-u-Zin-bi-tipen-Erebi-1.png\",\"width\":336,\"height\":474,\"caption\":\"\u0645\u0645 \u0648 \u0632\u064a\u0646\u00a0 \u00a0- \u0623\u062d\u0645\u062f\u0649 \u062e\u0627\u0646\u064a\"},{\"@type\":\"BreadcrumbList\",\"@id\":\"https:\\\/\\\/shanabooks.de\\\/product\\\/%d9%85%d9%85-%d9%88-%d8%b2%d9%8a%d9%86-mem-u-zin\\\/#breadcrumb\",\"itemListElement\":[{\"@type\":\"ListItem\",\"position\":1,\"name\":\"\u0627\u0644\u0631\u0626\u064a\u0633\u064a\u0629\",\"item\":\"https:\\\/\\\/shanabooks.de\\\/de\\\/\"},{\"@type\":\"ListItem\",\"position\":2,\"name\":\"\u0627\u0644\u0645\u0646\u062a\u062c\u0627\u062a\",\"item\":\"https:\\\/\\\/shanabooks.de\\\/shop\\\/\"},{\"@type\":\"ListItem\",\"position\":3,\"name\":\"\u0645\u0645 \u0648 \u0632\u064a\u0646 &#8211; Mem \u00fb Z\u00een\"}]},{\"@type\":\"WebSite\",\"@id\":\"https:\\\/\\\/shanabooks.de\\\/#website\",\"url\":\"https:\\\/\\\/shanabooks.de\\\/\",\"name\":\"www.shanbooks.de\",\"description\":\"C\u00eehana Pirt\u00fbk\u00ean Kurd\u00ee \u0645\u0643\u062a\u0628\u0629 \u0634\u0627\u0646\u0627 \u0641\u064a \u0627\u0644\u0645\u0627\u0646\u064a\u0627 \u0648\u0623\u0648\u0631\u0628\u0627\",\"publisher\":{\"@id\":\"https:\\\/\\\/shanabooks.de\\\/#organization\"},\"potentialAction\":[{\"@type\":\"SearchAction\",\"target\":{\"@type\":\"EntryPoint\",\"urlTemplate\":\"https:\\\/\\\/shanabooks.de\\\/?s={search_term_string}\"},\"query-input\":{\"@type\":\"PropertyValueSpecification\",\"valueRequired\":true,\"valueName\":\"search_term_string\"}}],\"inLanguage\":\"de\"},{\"@type\":\"Organization\",\"@id\":\"https:\\\/\\\/shanabooks.de\\\/#organization\",\"name\":\"www.shanbooks.de\",\"url\":\"https:\\\/\\\/shanabooks.de\\\/\",\"logo\":{\"@type\":\"ImageObject\",\"inLanguage\":\"de\",\"@id\":\"https:\\\/\\\/shanabooks.de\\\/#\\\/schema\\\/logo\\\/image\\\/\",\"url\":\"https:\\\/\\\/shanabooks.de\\\/wp-content\\\/uploads\\\/2024\\\/03\\\/SHANABOOKS__2_-removebg-preview.png\",\"contentUrl\":\"https:\\\/\\\/shanabooks.de\\\/wp-content\\\/uploads\\\/2024\\\/03\\\/SHANABOOKS__2_-removebg-preview.png\",\"width\":700,\"height\":150,\"caption\":\"www.shanbooks.de\"},\"image\":{\"@id\":\"https:\\\/\\\/shanabooks.de\\\/#\\\/schema\\\/logo\\\/image\\\/\"}}]}<\/script>\n<!-- \/ Yoast SEO plugin. -->","yoast_head_json":{"title":"\u0645\u0645 \u0648 \u0632\u064a\u0646 - Mem \u00fb Z\u00een - www.shanabooks.de","description":"\u0645\u0645 \u0648 \u0632\u064a\u0646\u00a0 \u00a0- \u0623\u062d\u0645\u062f\u0649 \u062e\u0627\u0646\u064a Niv\u00eeskar: Ehmed\u00ea Xan\u00ee Pirt\u00fbk: Mem \u00fb Z\u00een (bi alfbaya Ereb\u00ee)\u00a0 \u0645\u0645 \u0648 \u0632\u064a\u0646 \u0628\u0627\u0644\u0627\u0628\u062c\u062f\u064a\u0629 \u0627\u0644\u0643\u0648\u0631\u062f\u064a\u0629-\u0627\u0644\u0639\u0631\u0628\u064a\u0629 Cure: Helbest bergek Taybet ...","robots":{"index":"index","follow":"follow","max-snippet":"max-snippet:-1","max-image-preview":"max-image-preview:large","max-video-preview":"max-video-preview:-1"},"canonical":"https:\/\/shanabooks.de\/product\/\u0645\u0645-\u0648-\u0632\u064a\u0646-mem-u-zin\/","og_locale":"de_DE","og_type":"article","og_title":"\u0645\u0645 \u0648 \u0632\u064a\u0646 - Mem \u00fb Z\u00een - www.shanabooks.de","og_description":"\u0645\u0645 \u0648 \u0632\u064a\u0646\u00a0 \u00a0- \u0623\u062d\u0645\u062f\u0649 \u062e\u0627\u0646\u064a Niv\u00eeskar: Ehmed\u00ea Xan\u00ee Pirt\u00fbk: Mem \u00fb Z\u00een (bi alfbaya Ereb\u00ee)\u00a0 \u0645\u0645 \u0648 \u0632\u064a\u0646 \u0628\u0627\u0644\u0627\u0628\u062c\u062f\u064a\u0629 \u0627\u0644\u0643\u0648\u0631\u062f\u064a\u0629-\u0627\u0644\u0639\u0631\u0628\u064a\u0629 Cure: Helbest bergek Taybet ...","og_url":"https:\/\/shanabooks.de\/product\/\u0645\u0645-\u0648-\u0632\u064a\u0646-mem-u-zin\/","og_site_name":"www.shanabooks.de","article_modified_time":"2026-01-01T19:42:19+00:00","og_image":[{"width":336,"height":474,"url":"https:\/\/shanabooks.de\/wp-content\/uploads\/2024\/03\/Mem-u-Zin-bi-tipen-Erebi-1.png","type":"image\/png"}],"twitter_card":"summary_large_image","twitter_misc":{"Gesch\u00e4tzte Lesezeit":"1\u00a0Minute"},"schema":{"@context":"https:\/\/schema.org","@graph":[{"@type":"WebPage","@id":"https:\/\/shanabooks.de\/product\/%d9%85%d9%85-%d9%88-%d8%b2%d9%8a%d9%86-mem-u-zin\/","url":"https:\/\/shanabooks.de\/product\/%d9%85%d9%85-%d9%88-%d8%b2%d9%8a%d9%86-mem-u-zin\/","name":"\u0645\u0645 \u0648 \u0632\u064a\u0646 - Mem \u00fb Z\u00een - www.shanabooks.de","isPartOf":{"@id":"https:\/\/shanabooks.de\/#website"},"primaryImageOfPage":{"@id":"https:\/\/shanabooks.de\/product\/%d9%85%d9%85-%d9%88-%d8%b2%d9%8a%d9%86-mem-u-zin\/#primaryimage"},"image":{"@id":"https:\/\/shanabooks.de\/product\/%d9%85%d9%85-%d9%88-%d8%b2%d9%8a%d9%86-mem-u-zin\/#primaryimage"},"thumbnailUrl":"https:\/\/shanabooks.de\/wp-content\/uploads\/2024\/03\/Mem-u-Zin-bi-tipen-Erebi-1.png","datePublished":"2024-03-03T19:39:17+00:00","dateModified":"2026-01-01T19:42:19+00:00","description":"\u0645\u0645 \u0648 \u0632\u064a\u0646\u00a0 \u00a0- \u0623\u062d\u0645\u062f\u0649 \u062e\u0627\u0646\u064a Niv\u00eeskar: Ehmed\u00ea Xan\u00ee Pirt\u00fbk: Mem \u00fb Z\u00een (bi alfbaya Ereb\u00ee)\u00a0 \u0645\u0645 \u0648 \u0632\u064a\u0646 \u0628\u0627\u0644\u0627\u0628\u062c\u062f\u064a\u0629 \u0627\u0644\u0643\u0648\u0631\u062f\u064a\u0629-\u0627\u0644\u0639\u0631\u0628\u064a\u0629 Cure: Helbest bergek Taybet ...","breadcrumb":{"@id":"https:\/\/shanabooks.de\/product\/%d9%85%d9%85-%d9%88-%d8%b2%d9%8a%d9%86-mem-u-zin\/#breadcrumb"},"inLanguage":"de","potentialAction":[{"@type":"ReadAction","target":["https:\/\/shanabooks.de\/product\/%d9%85%d9%85-%d9%88-%d8%b2%d9%8a%d9%86-mem-u-zin\/"]}]},{"@type":"ImageObject","inLanguage":"de","@id":"https:\/\/shanabooks.de\/product\/%d9%85%d9%85-%d9%88-%d8%b2%d9%8a%d9%86-mem-u-zin\/#primaryimage","url":"https:\/\/shanabooks.de\/wp-content\/uploads\/2024\/03\/Mem-u-Zin-bi-tipen-Erebi-1.png","contentUrl":"https:\/\/shanabooks.de\/wp-content\/uploads\/2024\/03\/Mem-u-Zin-bi-tipen-Erebi-1.png","width":336,"height":474,"caption":"\u0645\u0645 \u0648 \u0632\u064a\u0646\u00a0 \u00a0- \u0623\u062d\u0645\u062f\u0649 \u062e\u0627\u0646\u064a"},{"@type":"BreadcrumbList","@id":"https:\/\/shanabooks.de\/product\/%d9%85%d9%85-%d9%88-%d8%b2%d9%8a%d9%86-mem-u-zin\/#breadcrumb","itemListElement":[{"@type":"ListItem","position":1,"name":"\u0627\u0644\u0631\u0626\u064a\u0633\u064a\u0629","item":"https:\/\/shanabooks.de\/de\/"},{"@type":"ListItem","position":2,"name":"\u0627\u0644\u0645\u0646\u062a\u062c\u0627\u062a","item":"https:\/\/shanabooks.de\/shop\/"},{"@type":"ListItem","position":3,"name":"\u0645\u0645 \u0648 \u0632\u064a\u0646 &#8211; Mem \u00fb Z\u00een"}]},{"@type":"WebSite","@id":"https:\/\/shanabooks.de\/#website","url":"https:\/\/shanabooks.de\/","name":"www.shanbooks.de","description":"C\u00eehana Pirt\u00fbk\u00ean Kurd\u00ee \u0645\u0643\u062a\u0628\u0629 \u0634\u0627\u0646\u0627 \u0641\u064a \u0627\u0644\u0645\u0627\u0646\u064a\u0627 \u0648\u0623\u0648\u0631\u0628\u0627","publisher":{"@id":"https:\/\/shanabooks.de\/#organization"},"potentialAction":[{"@type":"SearchAction","target":{"@type":"EntryPoint","urlTemplate":"https:\/\/shanabooks.de\/?s={search_term_string}"},"query-input":{"@type":"PropertyValueSpecification","valueRequired":true,"valueName":"search_term_string"}}],"inLanguage":"de"},{"@type":"Organization","@id":"https:\/\/shanabooks.de\/#organization","name":"www.shanbooks.de","url":"https:\/\/shanabooks.de\/","logo":{"@type":"ImageObject","inLanguage":"de","@id":"https:\/\/shanabooks.de\/#\/schema\/logo\/image\/","url":"https:\/\/shanabooks.de\/wp-content\/uploads\/2024\/03\/SHANABOOKS__2_-removebg-preview.png","contentUrl":"https:\/\/shanabooks.de\/wp-content\/uploads\/2024\/03\/SHANABOOKS__2_-removebg-preview.png","width":700,"height":150,"caption":"www.shanbooks.de"},"image":{"@id":"https:\/\/shanabooks.de\/#\/schema\/logo\/image\/"}}]}},"jetpack_sharing_enabled":true,"_links":{"self":[{"href":"https:\/\/shanabooks.de\/de\/wp-json\/wp\/v2\/product\/11925","targetHints":{"allow":["GET"]}}],"collection":[{"href":"https:\/\/shanabooks.de\/de\/wp-json\/wp\/v2\/product"}],"about":[{"href":"https:\/\/shanabooks.de\/de\/wp-json\/wp\/v2\/types\/product"}],"version-history":[{"count":2,"href":"https:\/\/shanabooks.de\/de\/wp-json\/wp\/v2\/product\/11925\/revisions"}],"predecessor-version":[{"id":25118,"href":"https:\/\/shanabooks.de\/de\/wp-json\/wp\/v2\/product\/11925\/revisions\/25118"}],"wp:featuredmedia":[{"embeddable":true,"href":"https:\/\/shanabooks.de\/de\/wp-json\/wp\/v2\/media\/11993"}],"wp:attachment":[{"href":"https:\/\/shanabooks.de\/de\/wp-json\/wp\/v2\/media?parent=11925"}],"wp:term":[{"taxonomy":"product_brand","embeddable":true,"href":"https:\/\/shanabooks.de\/de\/wp-json\/wp\/v2\/product_brand?post=11925"},{"taxonomy":"product_cat","embeddable":true,"href":"https:\/\/shanabooks.de\/de\/wp-json\/wp\/v2\/product_cat?post=11925"},{"taxonomy":"product_tag","embeddable":true,"href":"https:\/\/shanabooks.de\/de\/wp-json\/wp\/v2\/product_tag?post=11925"}],"curies":[{"name":"wp","href":"https:\/\/api.w.org\/{rel}","templated":true}]}}