{"id":11926,"date":"2024-03-03T19:39:17","date_gmt":"2024-03-03T19:39:17","guid":{"rendered":"https:\/\/shanabooks.de\/?post_type=product&#038;p=11926"},"modified":"2026-01-02T20:00:55","modified_gmt":"2026-01-02T20:00:55","slug":"ferheng-celadet-ali-bedirxan","status":"publish","type":"product","link":"https:\/\/shanabooks.de\/de\/product\/ferheng-celadet-ali-bedirxan\/","title":{"rendered":"Ferheng"},"content":{"rendered":"<p dir=\"ltr\"><strong>Ferheng &#8211; Celadet Al\u00ee Bedirxan<\/strong><\/p>\n<p dir=\"ltr\">Avesta pi\u015ft\u00ee wefata w\u00ee bi 58 salan ferhenga m\u00eer\u00ea kurmanciy\u00ea Celadet Al\u00ee Bedirxan di bin nav\u00ea Ferheng de bi serbilind\u00ee \u00fb k\u00eafxwe\u015f\u00ee p\u00ea\u015fk\u00ea\u015f dike. Ferheng yek j\u00ea \u00e7apeke taybet, bi du awayan \u00e7ap b\u00fbye.<\/p>\n<p dir=\"ltr\">S\u00eenemxan Bedirxan, di p\u00ea\u015fgotin\u00ea de li ser Ferheng\u00ea van agahiyan dide:<br \/>\nArmanca v\u00ea ferheng\u00ea ew b\u00fb ko pi\u015ft\u00ee belavb\u00fbna alfabeya lat\u00een\u00ee, derxistin \u00fb rawestandina kovara Hawar\u00ea, bibe p\u00eadiviyek ji bo p\u00ea\u015fve\u00e7\u00fbna ziman\u00ea kurd\u00ee \u00fb belavb\u00fbna v\u00ee ziman\u00ee li \u00e7ar per\u00e7ey\u00ean Kurdistan\u00ea.<br \/>\nEz dikarim b\u00eajim ko yekem\u00een ferhenga kurd\u00ee-kurd\u00ee b\u00fb. L\u00ea mixabin ji ber ko\u00e7kirina bav\u00ea min \u00fb pi\u015ft\u00ee ko\u00e7kirina w\u00ee, asteng\u00ee ketin nav jiyana me de, ev ferheng belav neb\u00fb heya niha&#8230;<br \/>\nEv ferheng ne wek\u00ee hem\u00fb ferheng\u00ean asay\u00ee bi yek be\u015f\u00ee, ji ber wan k\u00eamasiyan ferheng bi s\u00ea be\u015fan hate \u00e7apkirin.<br \/>\n1. Be\u015fa Yekem \u015fe\u015f t\u00eep\u00ean (a-b-c-\u00e7-d-e) Selah Sadallah<br \/>\n2. Be\u015fa Duyem Ferhenga Celadet Bedirxan<br \/>\n3. Be\u015fa S\u00eayem Ferhenga Kovara Hawar\u00ea<br \/>\n\u201cElfab\u00eaya Kurd\u00ee\u201d j\u00ee ku d\u00eesa di Hawar\u00ea de \u00e7ap b\u00fbb\u00fb, wek p\u00ea\u015fek c\u00ee girtiye.<\/p>\n","protected":false},"excerpt":{"rendered":"<p dir=\"ltr\" style=\"text-align: center;\"><strong>Pirt\u00fbk: Ferheng<br \/>\nNiv\u00eeskar: Celadet Al\u00ee Bedirxan<\/strong><br \/>\n<strong>Cure: Ferheng<\/strong><\/p>\n","protected":false},"featured_media":11995,"template":"","meta":{"site-sidebar-layout":"default","site-content-layout":"","ast-site-content-layout":"default","site-content-style":"default","site-sidebar-style":"default","ast-global-header-display":"","ast-banner-title-visibility":"","ast-main-header-display":"","ast-hfb-above-header-display":"","ast-hfb-below-header-display":"","ast-hfb-mobile-header-display":"","site-post-title":"","ast-breadcrumbs-content":"","ast-featured-img":"","footer-sml-layout":"","ast-disable-related-posts":"","theme-transparent-header-meta":"default","adv-header-id-meta":"","stick-header-meta":"","header-above-stick-meta":"","header-main-stick-meta":"","header-below-stick-meta":"","astra-migrate-meta-layouts":"set","ast-page-background-enabled":"default","ast-page-background-meta":{"desktop":{"background-color":"","background-image":"","background-repeat":"repeat","background-position":"center center","background-size":"auto","background-attachment":"scroll","background-type":"","background-media":"","overlay-type":"","overlay-color":"","overlay-opacity":"","overlay-gradient":""},"tablet":{"background-color":"","background-image":"","background-repeat":"repeat","background-position":"center center","background-size":"auto","background-attachment":"scroll","background-type":"","background-media":"","overlay-type":"","overlay-color":"","overlay-opacity":"","overlay-gradient":""},"mobile":{"background-color":"","background-image":"","background-repeat":"repeat","background-position":"center center","background-size":"auto","background-attachment":"scroll","background-type":"","background-media":"","overlay-type":"","overlay-color":"","overlay-opacity":"","overlay-gradient":""}},"ast-content-background-meta":{"desktop":{"background-color":"var(--ast-global-color-5)","background-image":"","background-repeat":"repeat","background-position":"center center","background-size":"auto","background-attachment":"scroll","background-type":"","background-media":"","overlay-type":"","overlay-color":"","overlay-opacity":"","overlay-gradient":""},"tablet":{"background-color":"var(--ast-global-color-5)","background-image":"","background-repeat":"repeat","background-position":"center center","background-size":"auto","background-attachment":"scroll","background-type":"","background-media":"","overlay-type":"","overlay-color":"","overlay-opacity":"","overlay-gradient":""},"mobile":{"background-color":"var(--ast-global-color-5)","background-image":"","background-repeat":"repeat","background-position":"center center","background-size":"auto","background-attachment":"scroll","background-type":"","background-media":"","overlay-type":"","overlay-color":"","overlay-opacity":"","overlay-gradient":""}}},"product_brand":[],"product_cat":[186,193],"product_tag":[],"class_list":{"0":"post-11926","1":"product","2":"type-product","3":"status-publish","4":"has-post-thumbnail","6":"product_cat-_","7":"product_cat--_","8":"pa_-ferheng","9":"pa_-celadet-ali-bedirxan","10":"pa_-kurmanci","11":"pa_--avesta-yayinlari","12":"desktop-align-left","13":"tablet-align-left","14":"mobile-align-left","16":"first","17":"outofstock","18":"shipping-taxable","19":"purchasable","20":"product-type-simple"},"yoast_head":"<!-- This site is optimized with the Yoast SEO plugin v27.4 - https:\/\/yoast.com\/product\/yoast-seo-wordpress\/ -->\n<title>Ferheng - Celadet Al\u00ee Bedirxan - www.shanabooks.de<\/title>\n<meta name=\"description\" content=\"Ferheng - Celadet Al\u00ee Bedirxan Avesta pi\u015ft\u00ee wefata w\u00ee bi 58 salan ferhenga m\u00eer\u00ea kurmanciy\u00ea Celadet Al\u00ee Bedirxan bi serbilind\u00ee \u00fb k\u00eafxwe\u015f\u00ee p\u00ea\u015fk\u00ea\u015f dike. Fer...\" \/>\n<meta name=\"robots\" content=\"index, follow, max-snippet:-1, max-image-preview:large, max-video-preview:-1\" \/>\n<link rel=\"canonical\" href=\"https:\/\/shanabooks.de\/product\/ferheng-celadet-ali-bedirxan\/\" \/>\n<meta property=\"og:locale\" content=\"de_DE\" \/>\n<meta property=\"og:type\" content=\"article\" \/>\n<meta property=\"og:title\" content=\"Ferheng - Celadet Al\u00ee Bedirxan - www.shanabooks.de\" \/>\n<meta property=\"og:description\" content=\"Ferheng - Celadet Al\u00ee Bedirxan Avesta pi\u015ft\u00ee wefata w\u00ee bi 58 salan ferhenga m\u00eer\u00ea kurmanciy\u00ea Celadet Al\u00ee Bedirxan bi serbilind\u00ee \u00fb k\u00eafxwe\u015f\u00ee p\u00ea\u015fk\u00ea\u015f dike. Fer...\" \/>\n<meta property=\"og:url\" content=\"https:\/\/shanabooks.de\/product\/ferheng-celadet-ali-bedirxan\/\" \/>\n<meta property=\"og:site_name\" content=\"www.shanabooks.de\" \/>\n<meta property=\"article:modified_time\" content=\"2026-01-02T20:00:55+00:00\" \/>\n<meta property=\"og:image\" content=\"https:\/\/shanabooks.de\/wp-content\/uploads\/2024\/03\/Ferheng.jpg\" \/>\n\t<meta property=\"og:image:width\" content=\"544\" \/>\n\t<meta property=\"og:image:height\" content=\"900\" \/>\n\t<meta property=\"og:image:type\" content=\"image\/jpeg\" \/>\n<meta name=\"twitter:card\" content=\"summary_large_image\" \/>\n<meta name=\"twitter:label1\" content=\"Gesch\u00e4tzte Lesezeit\" \/>\n\t<meta name=\"twitter:data1\" content=\"2\u00a0Minuten\" \/>\n<script type=\"application\/ld+json\" class=\"yoast-schema-graph\">{\"@context\":\"https:\\\/\\\/schema.org\",\"@graph\":[{\"@type\":\"WebPage\",\"@id\":\"https:\\\/\\\/shanabooks.de\\\/product\\\/ferheng-celadet-ali-bedirxan\\\/\",\"url\":\"https:\\\/\\\/shanabooks.de\\\/product\\\/ferheng-celadet-ali-bedirxan\\\/\",\"name\":\"Ferheng - Celadet Al\u00ee Bedirxan - www.shanabooks.de\",\"isPartOf\":{\"@id\":\"https:\\\/\\\/shanabooks.de\\\/#website\"},\"primaryImageOfPage\":{\"@id\":\"https:\\\/\\\/shanabooks.de\\\/product\\\/ferheng-celadet-ali-bedirxan\\\/#primaryimage\"},\"image\":{\"@id\":\"https:\\\/\\\/shanabooks.de\\\/product\\\/ferheng-celadet-ali-bedirxan\\\/#primaryimage\"},\"thumbnailUrl\":\"https:\\\/\\\/shanabooks.de\\\/wp-content\\\/uploads\\\/2024\\\/03\\\/Ferheng.jpg\",\"datePublished\":\"2024-03-03T19:39:17+00:00\",\"dateModified\":\"2026-01-02T20:00:55+00:00\",\"description\":\"Ferheng - Celadet Al\u00ee Bedirxan Avesta pi\u015ft\u00ee wefata w\u00ee bi 58 salan ferhenga m\u00eer\u00ea kurmanciy\u00ea Celadet Al\u00ee Bedirxan bi serbilind\u00ee \u00fb k\u00eafxwe\u015f\u00ee p\u00ea\u015fk\u00ea\u015f dike. Fer...\",\"breadcrumb\":{\"@id\":\"https:\\\/\\\/shanabooks.de\\\/product\\\/ferheng-celadet-ali-bedirxan\\\/#breadcrumb\"},\"inLanguage\":\"de\",\"potentialAction\":[{\"@type\":\"ReadAction\",\"target\":[\"https:\\\/\\\/shanabooks.de\\\/product\\\/ferheng-celadet-ali-bedirxan\\\/\"]}]},{\"@type\":\"ImageObject\",\"inLanguage\":\"de\",\"@id\":\"https:\\\/\\\/shanabooks.de\\\/product\\\/ferheng-celadet-ali-bedirxan\\\/#primaryimage\",\"url\":\"https:\\\/\\\/shanabooks.de\\\/wp-content\\\/uploads\\\/2024\\\/03\\\/Ferheng.jpg\",\"contentUrl\":\"https:\\\/\\\/shanabooks.de\\\/wp-content\\\/uploads\\\/2024\\\/03\\\/Ferheng.jpg\",\"width\":544,\"height\":900,\"caption\":\"Ferheng - Celadet Al\u00ee Bedirxan - pirt\u00fbk\u00ean kurd\u00ee - ferheng\"},{\"@type\":\"BreadcrumbList\",\"@id\":\"https:\\\/\\\/shanabooks.de\\\/product\\\/ferheng-celadet-ali-bedirxan\\\/#breadcrumb\",\"itemListElement\":[{\"@type\":\"ListItem\",\"position\":1,\"name\":\"\u0627\u0644\u0631\u0626\u064a\u0633\u064a\u0629\",\"item\":\"https:\\\/\\\/shanabooks.de\\\/de\\\/\"},{\"@type\":\"ListItem\",\"position\":2,\"name\":\"\u0627\u0644\u0645\u0646\u062a\u062c\u0627\u062a\",\"item\":\"https:\\\/\\\/shanabooks.de\\\/shop\\\/\"},{\"@type\":\"ListItem\",\"position\":3,\"name\":\"Ferheng\"}]},{\"@type\":\"WebSite\",\"@id\":\"https:\\\/\\\/shanabooks.de\\\/#website\",\"url\":\"https:\\\/\\\/shanabooks.de\\\/\",\"name\":\"www.shanbooks.de\",\"description\":\"C\u00eehana Pirt\u00fbk\u00ean Kurd\u00ee \u0645\u0643\u062a\u0628\u0629 \u0634\u0627\u0646\u0627 \u0641\u064a \u0627\u0644\u0645\u0627\u0646\u064a\u0627 \u0648\u0623\u0648\u0631\u0628\u0627\",\"publisher\":{\"@id\":\"https:\\\/\\\/shanabooks.de\\\/#organization\"},\"potentialAction\":[{\"@type\":\"SearchAction\",\"target\":{\"@type\":\"EntryPoint\",\"urlTemplate\":\"https:\\\/\\\/shanabooks.de\\\/?s={search_term_string}\"},\"query-input\":{\"@type\":\"PropertyValueSpecification\",\"valueRequired\":true,\"valueName\":\"search_term_string\"}}],\"inLanguage\":\"de\"},{\"@type\":\"Organization\",\"@id\":\"https:\\\/\\\/shanabooks.de\\\/#organization\",\"name\":\"www.shanbooks.de\",\"url\":\"https:\\\/\\\/shanabooks.de\\\/\",\"logo\":{\"@type\":\"ImageObject\",\"inLanguage\":\"de\",\"@id\":\"https:\\\/\\\/shanabooks.de\\\/#\\\/schema\\\/logo\\\/image\\\/\",\"url\":\"https:\\\/\\\/shanabooks.de\\\/wp-content\\\/uploads\\\/2024\\\/03\\\/SHANABOOKS__2_-removebg-preview.png\",\"contentUrl\":\"https:\\\/\\\/shanabooks.de\\\/wp-content\\\/uploads\\\/2024\\\/03\\\/SHANABOOKS__2_-removebg-preview.png\",\"width\":700,\"height\":150,\"caption\":\"www.shanbooks.de\"},\"image\":{\"@id\":\"https:\\\/\\\/shanabooks.de\\\/#\\\/schema\\\/logo\\\/image\\\/\"}}]}<\/script>\n<!-- \/ Yoast SEO plugin. -->","yoast_head_json":{"title":"Ferheng - Celadet Al\u00ee Bedirxan - www.shanabooks.de","description":"Ferheng - Celadet Al\u00ee Bedirxan Avesta pi\u015ft\u00ee wefata w\u00ee bi 58 salan ferhenga m\u00eer\u00ea kurmanciy\u00ea Celadet Al\u00ee Bedirxan bi serbilind\u00ee \u00fb k\u00eafxwe\u015f\u00ee p\u00ea\u015fk\u00ea\u015f dike. Fer...","robots":{"index":"index","follow":"follow","max-snippet":"max-snippet:-1","max-image-preview":"max-image-preview:large","max-video-preview":"max-video-preview:-1"},"canonical":"https:\/\/shanabooks.de\/product\/ferheng-celadet-ali-bedirxan\/","og_locale":"de_DE","og_type":"article","og_title":"Ferheng - Celadet Al\u00ee Bedirxan - www.shanabooks.de","og_description":"Ferheng - Celadet Al\u00ee Bedirxan Avesta pi\u015ft\u00ee wefata w\u00ee bi 58 salan ferhenga m\u00eer\u00ea kurmanciy\u00ea Celadet Al\u00ee Bedirxan bi serbilind\u00ee \u00fb k\u00eafxwe\u015f\u00ee p\u00ea\u015fk\u00ea\u015f dike. Fer...","og_url":"https:\/\/shanabooks.de\/product\/ferheng-celadet-ali-bedirxan\/","og_site_name":"www.shanabooks.de","article_modified_time":"2026-01-02T20:00:55+00:00","og_image":[{"width":544,"height":900,"url":"https:\/\/shanabooks.de\/wp-content\/uploads\/2024\/03\/Ferheng.jpg","type":"image\/jpeg"}],"twitter_card":"summary_large_image","twitter_misc":{"Gesch\u00e4tzte Lesezeit":"2\u00a0Minuten"},"schema":{"@context":"https:\/\/schema.org","@graph":[{"@type":"WebPage","@id":"https:\/\/shanabooks.de\/product\/ferheng-celadet-ali-bedirxan\/","url":"https:\/\/shanabooks.de\/product\/ferheng-celadet-ali-bedirxan\/","name":"Ferheng - Celadet Al\u00ee Bedirxan - www.shanabooks.de","isPartOf":{"@id":"https:\/\/shanabooks.de\/#website"},"primaryImageOfPage":{"@id":"https:\/\/shanabooks.de\/product\/ferheng-celadet-ali-bedirxan\/#primaryimage"},"image":{"@id":"https:\/\/shanabooks.de\/product\/ferheng-celadet-ali-bedirxan\/#primaryimage"},"thumbnailUrl":"https:\/\/shanabooks.de\/wp-content\/uploads\/2024\/03\/Ferheng.jpg","datePublished":"2024-03-03T19:39:17+00:00","dateModified":"2026-01-02T20:00:55+00:00","description":"Ferheng - Celadet Al\u00ee Bedirxan Avesta pi\u015ft\u00ee wefata w\u00ee bi 58 salan ferhenga m\u00eer\u00ea kurmanciy\u00ea Celadet Al\u00ee Bedirxan bi serbilind\u00ee \u00fb k\u00eafxwe\u015f\u00ee p\u00ea\u015fk\u00ea\u015f dike. Fer...","breadcrumb":{"@id":"https:\/\/shanabooks.de\/product\/ferheng-celadet-ali-bedirxan\/#breadcrumb"},"inLanguage":"de","potentialAction":[{"@type":"ReadAction","target":["https:\/\/shanabooks.de\/product\/ferheng-celadet-ali-bedirxan\/"]}]},{"@type":"ImageObject","inLanguage":"de","@id":"https:\/\/shanabooks.de\/product\/ferheng-celadet-ali-bedirxan\/#primaryimage","url":"https:\/\/shanabooks.de\/wp-content\/uploads\/2024\/03\/Ferheng.jpg","contentUrl":"https:\/\/shanabooks.de\/wp-content\/uploads\/2024\/03\/Ferheng.jpg","width":544,"height":900,"caption":"Ferheng - Celadet Al\u00ee Bedirxan - pirt\u00fbk\u00ean kurd\u00ee - ferheng"},{"@type":"BreadcrumbList","@id":"https:\/\/shanabooks.de\/product\/ferheng-celadet-ali-bedirxan\/#breadcrumb","itemListElement":[{"@type":"ListItem","position":1,"name":"\u0627\u0644\u0631\u0626\u064a\u0633\u064a\u0629","item":"https:\/\/shanabooks.de\/de\/"},{"@type":"ListItem","position":2,"name":"\u0627\u0644\u0645\u0646\u062a\u062c\u0627\u062a","item":"https:\/\/shanabooks.de\/shop\/"},{"@type":"ListItem","position":3,"name":"Ferheng"}]},{"@type":"WebSite","@id":"https:\/\/shanabooks.de\/#website","url":"https:\/\/shanabooks.de\/","name":"www.shanbooks.de","description":"C\u00eehana Pirt\u00fbk\u00ean Kurd\u00ee \u0645\u0643\u062a\u0628\u0629 \u0634\u0627\u0646\u0627 \u0641\u064a \u0627\u0644\u0645\u0627\u0646\u064a\u0627 \u0648\u0623\u0648\u0631\u0628\u0627","publisher":{"@id":"https:\/\/shanabooks.de\/#organization"},"potentialAction":[{"@type":"SearchAction","target":{"@type":"EntryPoint","urlTemplate":"https:\/\/shanabooks.de\/?s={search_term_string}"},"query-input":{"@type":"PropertyValueSpecification","valueRequired":true,"valueName":"search_term_string"}}],"inLanguage":"de"},{"@type":"Organization","@id":"https:\/\/shanabooks.de\/#organization","name":"www.shanbooks.de","url":"https:\/\/shanabooks.de\/","logo":{"@type":"ImageObject","inLanguage":"de","@id":"https:\/\/shanabooks.de\/#\/schema\/logo\/image\/","url":"https:\/\/shanabooks.de\/wp-content\/uploads\/2024\/03\/SHANABOOKS__2_-removebg-preview.png","contentUrl":"https:\/\/shanabooks.de\/wp-content\/uploads\/2024\/03\/SHANABOOKS__2_-removebg-preview.png","width":700,"height":150,"caption":"www.shanbooks.de"},"image":{"@id":"https:\/\/shanabooks.de\/#\/schema\/logo\/image\/"}}]}},"jetpack_sharing_enabled":true,"_links":{"self":[{"href":"https:\/\/shanabooks.de\/de\/wp-json\/wp\/v2\/product\/11926","targetHints":{"allow":["GET"]}}],"collection":[{"href":"https:\/\/shanabooks.de\/de\/wp-json\/wp\/v2\/product"}],"about":[{"href":"https:\/\/shanabooks.de\/de\/wp-json\/wp\/v2\/types\/product"}],"version-history":[{"count":3,"href":"https:\/\/shanabooks.de\/de\/wp-json\/wp\/v2\/product\/11926\/revisions"}],"predecessor-version":[{"id":23193,"href":"https:\/\/shanabooks.de\/de\/wp-json\/wp\/v2\/product\/11926\/revisions\/23193"}],"wp:featuredmedia":[{"embeddable":true,"href":"https:\/\/shanabooks.de\/de\/wp-json\/wp\/v2\/media\/11995"}],"wp:attachment":[{"href":"https:\/\/shanabooks.de\/de\/wp-json\/wp\/v2\/media?parent=11926"}],"wp:term":[{"taxonomy":"product_brand","embeddable":true,"href":"https:\/\/shanabooks.de\/de\/wp-json\/wp\/v2\/product_brand?post=11926"},{"taxonomy":"product_cat","embeddable":true,"href":"https:\/\/shanabooks.de\/de\/wp-json\/wp\/v2\/product_cat?post=11926"},{"taxonomy":"product_tag","embeddable":true,"href":"https:\/\/shanabooks.de\/de\/wp-json\/wp\/v2\/product_tag?post=11926"}],"curies":[{"name":"wp","href":"https:\/\/api.w.org\/{rel}","templated":true}]}}