{"id":11960,"date":"2024-03-03T19:39:39","date_gmt":"2024-03-03T19:39:39","guid":{"rendered":"https:\/\/shanabooks.de\/?post_type=product&#038;p=11960"},"modified":"2024-04-08T17:07:41","modified_gmt":"2024-04-08T17:07:41","slug":"ferhenga-min-a-kurdi-ya-bi-wene-azad-yuce","status":"publish","type":"product","link":"https:\/\/shanabooks.de\/de\/product\/ferhenga-min-a-kurdi-ya-bi-wene-azad-yuce\/","title":{"rendered":"Ferhenga min a kurd\u00ee ya bi w\u00eane"},"content":{"rendered":"<p dir=\"ltr\"><strong>Ferhenga min a kurd\u00ee ya bi w\u00eane &#8211; Azad Y\u00fcce<\/strong><\/p>\n<p dir=\"ltr\">Ziman: Kurmanc\u00ee- Zazak\u00ee- \u00cengil\u00eez\u00ee<br \/>\nEv ferheng binav\u00ea Ferhenga min a kurd\u00ee ya bi w\u00eane ya Azad Y\u00fcce ji bo kes\u00ean ku n\u00fb dest bi Kurd\u00ee kirine hatiye amadekirin. Ji bo ku peyv ba\u015f b\u00ean h\u00eenkirin, ji bo her peyv\u00ea w\u00eaneyek hatiye amadekirin. Peyv\u00ean kurd\u00ee ji bo ku ba\u015f b\u00ea h\u00eenkirin; di ferheng\u00ea de peyv be\u015f bi be\u015f ji hevdu hatine veqetandin. Pirt\u00fbk ji van be\u015fan p\u00eak t\u00ea: Malbat, mal, odeya min, la\u015f, cil \u00fb berg, dibistan, hest, hob\u00ee \u00fb werz\u00ee\u015f, xwarin \u00fb vexwarin, bajar, \u00e7\u00fbn \u00fb hatin, gund, l\u00fbnapark, xweza, betlane, p\u00ee\u015fe, newroz p\u00eeroz be, rojb\u00fbna te p\u00eeroz be, demsal, meh, ajal, muz\u00eek, hejmar, dijwate. Ferheng ji h\u00eala Azad Y\u00fcce ve hatiye amadekirin. Taybetiya ferheng\u00ea yek j\u00ea ev e ku, naverok bi s\u00ea zimanan hatiye amadekirin. Kurmanc\u00ee, Kirmanck\u00ee \u00fb \u00cengil\u00eez\u00ee. Bi gi\u015ft\u00ee 650 peyv t\u00ea de hene<\/p>\n<p dir=\"ltr\">\n","protected":false},"excerpt":{"rendered":"<p dir=\"ltr\" style=\"text-align: center\"><strong>Pirt\u00fbk: Ferhenga min a kurd\u00ee ya bi w\u00eane<br \/>\nNiv\u00eeskar: Azad Y\u00fcce<\/strong><br \/>\n<strong>Cure: Ferheng<\/strong><\/p>\n","protected":false},"featured_media":11998,"template":"","meta":{"site-sidebar-layout":"default","site-content-layout":"","ast-site-content-layout":"default","site-content-style":"default","site-sidebar-style":"default","ast-global-header-display":"","ast-banner-title-visibility":"","ast-main-header-display":"","ast-hfb-above-header-display":"","ast-hfb-below-header-display":"","ast-hfb-mobile-header-display":"","site-post-title":"","ast-breadcrumbs-content":"","ast-featured-img":"","footer-sml-layout":"","ast-disable-related-posts":"","theme-transparent-header-meta":"default","adv-header-id-meta":"","stick-header-meta":"","header-above-stick-meta":"","header-main-stick-meta":"","header-below-stick-meta":"","astra-migrate-meta-layouts":"set","ast-page-background-enabled":"default","ast-page-background-meta":{"desktop":{"background-color":"","background-image":"","background-repeat":"repeat","background-position":"center center","background-size":"auto","background-attachment":"scroll","background-type":"","background-media":"","overlay-type":"","overlay-color":"","overlay-opacity":"","overlay-gradient":""},"tablet":{"background-color":"","background-image":"","background-repeat":"repeat","background-position":"center center","background-size":"auto","background-attachment":"scroll","background-type":"","background-media":"","overlay-type":"","overlay-color":"","overlay-opacity":"","overlay-gradient":""},"mobile":{"background-color":"","background-image":"","background-repeat":"repeat","background-position":"center center","background-size":"auto","background-attachment":"scroll","background-type":"","background-media":"","overlay-type":"","overlay-color":"","overlay-opacity":"","overlay-gradient":""}},"ast-content-background-meta":{"desktop":{"background-color":"var(--ast-global-color-5)","background-image":"","background-repeat":"repeat","background-position":"center center","background-size":"auto","background-attachment":"scroll","background-type":"","background-media":"","overlay-type":"","overlay-color":"","overlay-opacity":"","overlay-gradient":""},"tablet":{"background-color":"var(--ast-global-color-5)","background-image":"","background-repeat":"repeat","background-position":"center center","background-size":"auto","background-attachment":"scroll","background-type":"","background-media":"","overlay-type":"","overlay-color":"","overlay-opacity":"","overlay-gradient":""},"mobile":{"background-color":"var(--ast-global-color-5)","background-image":"","background-repeat":"repeat","background-position":"center center","background-size":"auto","background-attachment":"scroll","background-type":"","background-media":"","overlay-type":"","overlay-color":"","overlay-opacity":"","overlay-gradient":""}}},"product_brand":[],"product_cat":[194,193],"product_tag":[],"class_list":{"0":"post-11960","1":"product","2":"type-product","3":"status-publish","4":"has-post-thumbnail","6":"product_cat--_","8":"pa_-ferbuna-kurdi","9":"pa_-zarok","10":"pa_-azad-yuce","11":"pa_-ingilizi","12":"pa_-kirmancki","13":"pa_-kurmanci","14":"pa_--hiva-yayinlari","15":"desktop-align-left","16":"tablet-align-left","17":"mobile-align-left","19":"first","20":"instock","21":"shipping-taxable","22":"purchasable","23":"product-type-simple"},"yoast_head":"<!-- This site is optimized with the Yoast SEO plugin v27.4 - https:\/\/yoast.com\/product\/yoast-seo-wordpress\/ -->\n<title>Ferhenga min a kurd\u00ee ya bi w\u00eane - Azad Y\u00fcce - www.shanabooks.de<\/title>\n<meta name=\"description\" content=\"Ferhenga min a kurd\u00ee ya bi w\u00eane - Azad Y\u00fcce Ziman: Kurmanc\u00ee- Zazak\u00ee- \u00cengil\u00eez\u00ee Ev ferheng ji bo kes\u00ean ku n\u00fb dest bi Kurd\u00ee kirine hatiye amadekirin....\" \/>\n<meta name=\"robots\" content=\"index, follow, max-snippet:-1, max-image-preview:large, max-video-preview:-1\" \/>\n<link rel=\"canonical\" href=\"https:\/\/shanabooks.de\/product\/ferhenga-min-a-kurdi-ya-bi-wene-azad-yuce\/\" \/>\n<meta property=\"og:locale\" content=\"de_DE\" \/>\n<meta property=\"og:type\" content=\"article\" \/>\n<meta property=\"og:title\" content=\"Ferhenga min a kurd\u00ee ya bi w\u00eane - Azad Y\u00fcce - www.shanabooks.de\" \/>\n<meta property=\"og:description\" content=\"Ferhenga min a kurd\u00ee ya bi w\u00eane - Azad Y\u00fcce Ziman: Kurmanc\u00ee- Zazak\u00ee- \u00cengil\u00eez\u00ee Ev ferheng ji bo kes\u00ean ku n\u00fb dest bi Kurd\u00ee kirine hatiye amadekirin....\" \/>\n<meta property=\"og:url\" content=\"https:\/\/shanabooks.de\/product\/ferhenga-min-a-kurdi-ya-bi-wene-azad-yuce\/\" \/>\n<meta property=\"og:site_name\" content=\"www.shanabooks.de\" \/>\n<meta property=\"article:modified_time\" content=\"2024-04-08T17:07:41+00:00\" \/>\n<meta property=\"og:image\" content=\"https:\/\/shanabooks.de\/wp-content\/uploads\/2024\/03\/Ferhenga-min-a-Kurdi-ya-bi-wene.png\" \/>\n\t<meta property=\"og:image:width\" content=\"319\" \/>\n\t<meta property=\"og:image:height\" content=\"479\" \/>\n\t<meta property=\"og:image:type\" content=\"image\/png\" \/>\n<meta name=\"twitter:card\" content=\"summary_large_image\" \/>\n<meta name=\"twitter:label1\" content=\"Gesch\u00e4tzte Lesezeit\" \/>\n\t<meta name=\"twitter:data1\" content=\"2\u00a0Minuten\" \/>\n<script type=\"application\/ld+json\" class=\"yoast-schema-graph\">{\"@context\":\"https:\\\/\\\/schema.org\",\"@graph\":[{\"@type\":\"WebPage\",\"@id\":\"https:\\\/\\\/shanabooks.de\\\/product\\\/ferhenga-min-a-kurdi-ya-bi-wene-azad-yuce\\\/\",\"url\":\"https:\\\/\\\/shanabooks.de\\\/product\\\/ferhenga-min-a-kurdi-ya-bi-wene-azad-yuce\\\/\",\"name\":\"Ferhenga min a kurd\u00ee ya bi w\u00eane - Azad Y\u00fcce - www.shanabooks.de\",\"isPartOf\":{\"@id\":\"https:\\\/\\\/shanabooks.de\\\/#website\"},\"primaryImageOfPage\":{\"@id\":\"https:\\\/\\\/shanabooks.de\\\/product\\\/ferhenga-min-a-kurdi-ya-bi-wene-azad-yuce\\\/#primaryimage\"},\"image\":{\"@id\":\"https:\\\/\\\/shanabooks.de\\\/product\\\/ferhenga-min-a-kurdi-ya-bi-wene-azad-yuce\\\/#primaryimage\"},\"thumbnailUrl\":\"https:\\\/\\\/shanabooks.de\\\/wp-content\\\/uploads\\\/2024\\\/03\\\/Ferhenga-min-a-Kurdi-ya-bi-wene.png\",\"datePublished\":\"2024-03-03T19:39:39+00:00\",\"dateModified\":\"2024-04-08T17:07:41+00:00\",\"description\":\"Ferhenga min a kurd\u00ee ya bi w\u00eane - Azad Y\u00fcce Ziman: Kurmanc\u00ee- Zazak\u00ee- \u00cengil\u00eez\u00ee Ev ferheng ji bo kes\u00ean ku n\u00fb dest bi Kurd\u00ee kirine hatiye amadekirin....\",\"breadcrumb\":{\"@id\":\"https:\\\/\\\/shanabooks.de\\\/product\\\/ferhenga-min-a-kurdi-ya-bi-wene-azad-yuce\\\/#breadcrumb\"},\"inLanguage\":\"de\",\"potentialAction\":[{\"@type\":\"ReadAction\",\"target\":[\"https:\\\/\\\/shanabooks.de\\\/product\\\/ferhenga-min-a-kurdi-ya-bi-wene-azad-yuce\\\/\"]}]},{\"@type\":\"ImageObject\",\"inLanguage\":\"de\",\"@id\":\"https:\\\/\\\/shanabooks.de\\\/product\\\/ferhenga-min-a-kurdi-ya-bi-wene-azad-yuce\\\/#primaryimage\",\"url\":\"https:\\\/\\\/shanabooks.de\\\/wp-content\\\/uploads\\\/2024\\\/03\\\/Ferhenga-min-a-Kurdi-ya-bi-wene.png\",\"contentUrl\":\"https:\\\/\\\/shanabooks.de\\\/wp-content\\\/uploads\\\/2024\\\/03\\\/Ferhenga-min-a-Kurdi-ya-bi-wene.png\",\"width\":319,\"height\":479,\"caption\":\"Ferhenga min a kurd\u00ee ya bi w\u00eane - Azad Y\u00fcce - pirt\u00fbk\u00ean kurd\u00ee - zarok\"},{\"@type\":\"BreadcrumbList\",\"@id\":\"https:\\\/\\\/shanabooks.de\\\/product\\\/ferhenga-min-a-kurdi-ya-bi-wene-azad-yuce\\\/#breadcrumb\",\"itemListElement\":[{\"@type\":\"ListItem\",\"position\":1,\"name\":\"\u0627\u0644\u0631\u0626\u064a\u0633\u064a\u0629\",\"item\":\"https:\\\/\\\/shanabooks.de\\\/de\\\/\"},{\"@type\":\"ListItem\",\"position\":2,\"name\":\"\u0627\u0644\u0645\u0646\u062a\u062c\u0627\u062a\",\"item\":\"https:\\\/\\\/shanabooks.de\\\/shop\\\/\"},{\"@type\":\"ListItem\",\"position\":3,\"name\":\"Ferhenga min a kurd\u00ee ya bi w\u00eane\"}]},{\"@type\":\"WebSite\",\"@id\":\"https:\\\/\\\/shanabooks.de\\\/#website\",\"url\":\"https:\\\/\\\/shanabooks.de\\\/\",\"name\":\"www.shanbooks.de\",\"description\":\"C\u00eehana Pirt\u00fbk\u00ean Kurd\u00ee \u0645\u0643\u062a\u0628\u0629 \u0634\u0627\u0646\u0627 \u0641\u064a \u0627\u0644\u0645\u0627\u0646\u064a\u0627 \u0648\u0623\u0648\u0631\u0628\u0627\",\"publisher\":{\"@id\":\"https:\\\/\\\/shanabooks.de\\\/#organization\"},\"potentialAction\":[{\"@type\":\"SearchAction\",\"target\":{\"@type\":\"EntryPoint\",\"urlTemplate\":\"https:\\\/\\\/shanabooks.de\\\/?s={search_term_string}\"},\"query-input\":{\"@type\":\"PropertyValueSpecification\",\"valueRequired\":true,\"valueName\":\"search_term_string\"}}],\"inLanguage\":\"de\"},{\"@type\":\"Organization\",\"@id\":\"https:\\\/\\\/shanabooks.de\\\/#organization\",\"name\":\"www.shanbooks.de\",\"url\":\"https:\\\/\\\/shanabooks.de\\\/\",\"logo\":{\"@type\":\"ImageObject\",\"inLanguage\":\"de\",\"@id\":\"https:\\\/\\\/shanabooks.de\\\/#\\\/schema\\\/logo\\\/image\\\/\",\"url\":\"https:\\\/\\\/shanabooks.de\\\/wp-content\\\/uploads\\\/2024\\\/03\\\/SHANABOOKS__2_-removebg-preview.png\",\"contentUrl\":\"https:\\\/\\\/shanabooks.de\\\/wp-content\\\/uploads\\\/2024\\\/03\\\/SHANABOOKS__2_-removebg-preview.png\",\"width\":700,\"height\":150,\"caption\":\"www.shanbooks.de\"},\"image\":{\"@id\":\"https:\\\/\\\/shanabooks.de\\\/#\\\/schema\\\/logo\\\/image\\\/\"}}]}<\/script>\n<!-- \/ Yoast SEO plugin. -->","yoast_head_json":{"title":"Ferhenga min a kurd\u00ee ya bi w\u00eane - Azad Y\u00fcce - www.shanabooks.de","description":"Ferhenga min a kurd\u00ee ya bi w\u00eane - Azad Y\u00fcce Ziman: Kurmanc\u00ee- Zazak\u00ee- \u00cengil\u00eez\u00ee Ev ferheng ji bo kes\u00ean ku n\u00fb dest bi Kurd\u00ee kirine hatiye amadekirin....","robots":{"index":"index","follow":"follow","max-snippet":"max-snippet:-1","max-image-preview":"max-image-preview:large","max-video-preview":"max-video-preview:-1"},"canonical":"https:\/\/shanabooks.de\/product\/ferhenga-min-a-kurdi-ya-bi-wene-azad-yuce\/","og_locale":"de_DE","og_type":"article","og_title":"Ferhenga min a kurd\u00ee ya bi w\u00eane - Azad Y\u00fcce - www.shanabooks.de","og_description":"Ferhenga min a kurd\u00ee ya bi w\u00eane - Azad Y\u00fcce Ziman: Kurmanc\u00ee- Zazak\u00ee- \u00cengil\u00eez\u00ee Ev ferheng ji bo kes\u00ean ku n\u00fb dest bi Kurd\u00ee kirine hatiye amadekirin....","og_url":"https:\/\/shanabooks.de\/product\/ferhenga-min-a-kurdi-ya-bi-wene-azad-yuce\/","og_site_name":"www.shanabooks.de","article_modified_time":"2024-04-08T17:07:41+00:00","og_image":[{"width":319,"height":479,"url":"https:\/\/shanabooks.de\/wp-content\/uploads\/2024\/03\/Ferhenga-min-a-Kurdi-ya-bi-wene.png","type":"image\/png"}],"twitter_card":"summary_large_image","twitter_misc":{"Gesch\u00e4tzte Lesezeit":"2\u00a0Minuten"},"schema":{"@context":"https:\/\/schema.org","@graph":[{"@type":"WebPage","@id":"https:\/\/shanabooks.de\/product\/ferhenga-min-a-kurdi-ya-bi-wene-azad-yuce\/","url":"https:\/\/shanabooks.de\/product\/ferhenga-min-a-kurdi-ya-bi-wene-azad-yuce\/","name":"Ferhenga min a kurd\u00ee ya bi w\u00eane - Azad Y\u00fcce - www.shanabooks.de","isPartOf":{"@id":"https:\/\/shanabooks.de\/#website"},"primaryImageOfPage":{"@id":"https:\/\/shanabooks.de\/product\/ferhenga-min-a-kurdi-ya-bi-wene-azad-yuce\/#primaryimage"},"image":{"@id":"https:\/\/shanabooks.de\/product\/ferhenga-min-a-kurdi-ya-bi-wene-azad-yuce\/#primaryimage"},"thumbnailUrl":"https:\/\/shanabooks.de\/wp-content\/uploads\/2024\/03\/Ferhenga-min-a-Kurdi-ya-bi-wene.png","datePublished":"2024-03-03T19:39:39+00:00","dateModified":"2024-04-08T17:07:41+00:00","description":"Ferhenga min a kurd\u00ee ya bi w\u00eane - Azad Y\u00fcce Ziman: Kurmanc\u00ee- Zazak\u00ee- \u00cengil\u00eez\u00ee Ev ferheng ji bo kes\u00ean ku n\u00fb dest bi Kurd\u00ee kirine hatiye amadekirin....","breadcrumb":{"@id":"https:\/\/shanabooks.de\/product\/ferhenga-min-a-kurdi-ya-bi-wene-azad-yuce\/#breadcrumb"},"inLanguage":"de","potentialAction":[{"@type":"ReadAction","target":["https:\/\/shanabooks.de\/product\/ferhenga-min-a-kurdi-ya-bi-wene-azad-yuce\/"]}]},{"@type":"ImageObject","inLanguage":"de","@id":"https:\/\/shanabooks.de\/product\/ferhenga-min-a-kurdi-ya-bi-wene-azad-yuce\/#primaryimage","url":"https:\/\/shanabooks.de\/wp-content\/uploads\/2024\/03\/Ferhenga-min-a-Kurdi-ya-bi-wene.png","contentUrl":"https:\/\/shanabooks.de\/wp-content\/uploads\/2024\/03\/Ferhenga-min-a-Kurdi-ya-bi-wene.png","width":319,"height":479,"caption":"Ferhenga min a kurd\u00ee ya bi w\u00eane - Azad Y\u00fcce - pirt\u00fbk\u00ean kurd\u00ee - zarok"},{"@type":"BreadcrumbList","@id":"https:\/\/shanabooks.de\/product\/ferhenga-min-a-kurdi-ya-bi-wene-azad-yuce\/#breadcrumb","itemListElement":[{"@type":"ListItem","position":1,"name":"\u0627\u0644\u0631\u0626\u064a\u0633\u064a\u0629","item":"https:\/\/shanabooks.de\/de\/"},{"@type":"ListItem","position":2,"name":"\u0627\u0644\u0645\u0646\u062a\u062c\u0627\u062a","item":"https:\/\/shanabooks.de\/shop\/"},{"@type":"ListItem","position":3,"name":"Ferhenga min a kurd\u00ee ya bi w\u00eane"}]},{"@type":"WebSite","@id":"https:\/\/shanabooks.de\/#website","url":"https:\/\/shanabooks.de\/","name":"www.shanbooks.de","description":"C\u00eehana Pirt\u00fbk\u00ean Kurd\u00ee \u0645\u0643\u062a\u0628\u0629 \u0634\u0627\u0646\u0627 \u0641\u064a \u0627\u0644\u0645\u0627\u0646\u064a\u0627 \u0648\u0623\u0648\u0631\u0628\u0627","publisher":{"@id":"https:\/\/shanabooks.de\/#organization"},"potentialAction":[{"@type":"SearchAction","target":{"@type":"EntryPoint","urlTemplate":"https:\/\/shanabooks.de\/?s={search_term_string}"},"query-input":{"@type":"PropertyValueSpecification","valueRequired":true,"valueName":"search_term_string"}}],"inLanguage":"de"},{"@type":"Organization","@id":"https:\/\/shanabooks.de\/#organization","name":"www.shanbooks.de","url":"https:\/\/shanabooks.de\/","logo":{"@type":"ImageObject","inLanguage":"de","@id":"https:\/\/shanabooks.de\/#\/schema\/logo\/image\/","url":"https:\/\/shanabooks.de\/wp-content\/uploads\/2024\/03\/SHANABOOKS__2_-removebg-preview.png","contentUrl":"https:\/\/shanabooks.de\/wp-content\/uploads\/2024\/03\/SHANABOOKS__2_-removebg-preview.png","width":700,"height":150,"caption":"www.shanbooks.de"},"image":{"@id":"https:\/\/shanabooks.de\/#\/schema\/logo\/image\/"}}]}},"jetpack_sharing_enabled":true,"_links":{"self":[{"href":"https:\/\/shanabooks.de\/de\/wp-json\/wp\/v2\/product\/11960","targetHints":{"allow":["GET"]}}],"collection":[{"href":"https:\/\/shanabooks.de\/de\/wp-json\/wp\/v2\/product"}],"about":[{"href":"https:\/\/shanabooks.de\/de\/wp-json\/wp\/v2\/types\/product"}],"version-history":[{"count":3,"href":"https:\/\/shanabooks.de\/de\/wp-json\/wp\/v2\/product\/11960\/revisions"}],"predecessor-version":[{"id":23363,"href":"https:\/\/shanabooks.de\/de\/wp-json\/wp\/v2\/product\/11960\/revisions\/23363"}],"wp:featuredmedia":[{"embeddable":true,"href":"https:\/\/shanabooks.de\/de\/wp-json\/wp\/v2\/media\/11998"}],"wp:attachment":[{"href":"https:\/\/shanabooks.de\/de\/wp-json\/wp\/v2\/media?parent=11960"}],"wp:term":[{"taxonomy":"product_brand","embeddable":true,"href":"https:\/\/shanabooks.de\/de\/wp-json\/wp\/v2\/product_brand?post=11960"},{"taxonomy":"product_cat","embeddable":true,"href":"https:\/\/shanabooks.de\/de\/wp-json\/wp\/v2\/product_cat?post=11960"},{"taxonomy":"product_tag","embeddable":true,"href":"https:\/\/shanabooks.de\/de\/wp-json\/wp\/v2\/product_tag?post=11960"}],"curies":[{"name":"wp","href":"https:\/\/api.w.org\/{rel}","templated":true}]}}