{"id":11968,"date":"2024-03-03T19:39:39","date_gmt":"2024-03-03T19:39:39","guid":{"rendered":"https:\/\/shanabooks.de\/?post_type=product&#038;p=11968"},"modified":"2026-01-02T19:22:17","modified_gmt":"2026-01-02T19:22:17","slug":"kakil-dilawer-zeraq","status":"publish","type":"product","link":"https:\/\/shanabooks.de\/de\/product\/kakil-dilawer-zeraq\/","title":{"rendered":"Kakil"},"content":{"rendered":"<p dir=\"ltr\"><strong>Kakil &#8211; Dilawer Zeraq<\/strong><\/p>\n<p dir=\"ltr\">Kakil, yekem pirt\u00fbka \u00e7\u00eerokan a Dilawer Zeraq e. Dilawer Zeraq, di v\u00ea pirt\u00fbk\u00ea de, reng\u00ean cuda cuda \u00ean jiyan\u00ea di \u00e7\u00eerok\u00ean xwe de dide der. Ew carinan di\u00e7e cem zarokek\u00ee ku bar\u00ea mezinan l\u00ea hatiye kirin, carinan di\u00e7e cem dayikek\u00ea ku giraniya \u201c\u00e7\u00fbna\u201d ke\u00e7a w\u00ea, kur\u00ea w\u00ea li dil\u00ea w\u00ea bar b\u00fbye, carina di\u00e7e cem zilamek\u00ee ku bar\u00ea bavb\u00fbn \u00fb zilamb\u00fbn\u00ea l\u00ea bar b\u00fbye; \u00fb carinan j\u00ee me bi xwe re dibe di navenda bajar\u00ea Amed\u00ea de digel \u015f\u00eax\u00ea P\u00eeran\u00ea \u00fb d\u00eeroka Kurdan a t\u00ear karesat dih\u00eale\u2026<\/p>\n","protected":false},"excerpt":{"rendered":"<p dir=\"ltr\" style=\"text-align: center;\"><strong>Pirt\u00fbk: Kakik<br \/>\nNiv\u00eeskar: Dilawer Zeraq<\/strong><br \/>\n<strong>Cure: \u00c7\u00eerok<\/strong><\/p>\n","protected":false},"featured_media":12009,"template":"","meta":{"site-sidebar-layout":"default","site-content-layout":"","ast-site-content-layout":"default","site-content-style":"default","site-sidebar-style":"default","ast-global-header-display":"","ast-banner-title-visibility":"","ast-main-header-display":"","ast-hfb-above-header-display":"","ast-hfb-below-header-display":"","ast-hfb-mobile-header-display":"","site-post-title":"","ast-breadcrumbs-content":"","ast-featured-img":"","footer-sml-layout":"","ast-disable-related-posts":"","theme-transparent-header-meta":"default","adv-header-id-meta":"","stick-header-meta":"","header-above-stick-meta":"","header-main-stick-meta":"","header-below-stick-meta":"","astra-migrate-meta-layouts":"set","ast-page-background-enabled":"default","ast-page-background-meta":{"desktop":{"background-color":"","background-image":"","background-repeat":"repeat","background-position":"center center","background-size":"auto","background-attachment":"scroll","background-type":"","background-media":"","overlay-type":"","overlay-color":"","overlay-opacity":"","overlay-gradient":""},"tablet":{"background-color":"","background-image":"","background-repeat":"repeat","background-position":"center center","background-size":"auto","background-attachment":"scroll","background-type":"","background-media":"","overlay-type":"","overlay-color":"","overlay-opacity":"","overlay-gradient":""},"mobile":{"background-color":"","background-image":"","background-repeat":"repeat","background-position":"center center","background-size":"auto","background-attachment":"scroll","background-type":"","background-media":"","overlay-type":"","overlay-color":"","overlay-opacity":"","overlay-gradient":""}},"ast-content-background-meta":{"desktop":{"background-color":"var(--ast-global-color-5)","background-image":"","background-repeat":"repeat","background-position":"center center","background-size":"auto","background-attachment":"scroll","background-type":"","background-media":"","overlay-type":"","overlay-color":"","overlay-opacity":"","overlay-gradient":""},"tablet":{"background-color":"var(--ast-global-color-5)","background-image":"","background-repeat":"repeat","background-position":"center center","background-size":"auto","background-attachment":"scroll","background-type":"","background-media":"","overlay-type":"","overlay-color":"","overlay-opacity":"","overlay-gradient":""},"mobile":{"background-color":"var(--ast-global-color-5)","background-image":"","background-repeat":"repeat","background-position":"center center","background-size":"auto","background-attachment":"scroll","background-type":"","background-media":"","overlay-type":"","overlay-color":"","overlay-opacity":"","overlay-gradient":""}}},"product_brand":[],"product_cat":[183,193],"product_tag":[],"class_list":{"0":"post-11968","1":"product","2":"type-product","3":"status-publish","4":"has-post-thumbnail","6":"product_cat-_","7":"product_cat--_","8":"pa_-cirok","9":"pa_-dilawer-zeraq","10":"pa_-kurmanci","11":"pa_--lis-yayinevi","12":"desktop-align-left","13":"tablet-align-left","14":"mobile-align-left","16":"first","17":"instock","18":"shipping-taxable","19":"purchasable","20":"product-type-simple"},"yoast_head":"<!-- This site is optimized with the Yoast SEO plugin v27.4 - https:\/\/yoast.com\/product\/yoast-seo-wordpress\/ -->\n<title>Kakil - Dilawer Zeraq - www.shanabooks.de<\/title>\n<meta name=\"description\" content=\"Kakil - Dilawer Zeraq Kakil, yekem pirt\u00fbka \u00e7\u00eerokan a Dilawer Zeraq e. Dilawer Zeraq, di v\u00ea pirt\u00fbk\u00ea de, reng\u00ean cuda cuda \u00ean jiyan\u00ea di \u00e7\u00eerok\u00ean xwe de dide ...\" \/>\n<meta name=\"robots\" content=\"index, follow, max-snippet:-1, max-image-preview:large, max-video-preview:-1\" \/>\n<link rel=\"canonical\" href=\"https:\/\/shanabooks.de\/product\/kakil-dilawer-zeraq\/\" \/>\n<meta property=\"og:locale\" content=\"de_DE\" \/>\n<meta property=\"og:type\" content=\"article\" \/>\n<meta property=\"og:title\" content=\"Kakil - Dilawer Zeraq - www.shanabooks.de\" \/>\n<meta property=\"og:description\" content=\"Kakil - Dilawer Zeraq Kakil, yekem pirt\u00fbka \u00e7\u00eerokan a Dilawer Zeraq e. Dilawer Zeraq, di v\u00ea pirt\u00fbk\u00ea de, reng\u00ean cuda cuda \u00ean jiyan\u00ea di \u00e7\u00eerok\u00ean xwe de dide ...\" \/>\n<meta property=\"og:url\" content=\"https:\/\/shanabooks.de\/product\/kakil-dilawer-zeraq\/\" \/>\n<meta property=\"og:site_name\" content=\"www.shanabooks.de\" \/>\n<meta property=\"article:modified_time\" content=\"2026-01-02T19:22:17+00:00\" \/>\n<meta property=\"og:image\" content=\"https:\/\/shanabooks.de\/wp-content\/uploads\/2024\/03\/kakil-lis.png\" \/>\n\t<meta property=\"og:image:width\" content=\"481\" \/>\n\t<meta property=\"og:image:height\" content=\"706\" \/>\n\t<meta property=\"og:image:type\" content=\"image\/png\" \/>\n<meta name=\"twitter:card\" content=\"summary_large_image\" \/>\n<meta name=\"twitter:label1\" content=\"Gesch\u00e4tzte Lesezeit\" \/>\n\t<meta name=\"twitter:data1\" content=\"1\u00a0Minute\" \/>\n<script type=\"application\/ld+json\" class=\"yoast-schema-graph\">{\"@context\":\"https:\\\/\\\/schema.org\",\"@graph\":[{\"@type\":\"WebPage\",\"@id\":\"https:\\\/\\\/shanabooks.de\\\/product\\\/kakil-dilawer-zeraq\\\/\",\"url\":\"https:\\\/\\\/shanabooks.de\\\/product\\\/kakil-dilawer-zeraq\\\/\",\"name\":\"Kakil - Dilawer Zeraq - www.shanabooks.de\",\"isPartOf\":{\"@id\":\"https:\\\/\\\/shanabooks.de\\\/#website\"},\"primaryImageOfPage\":{\"@id\":\"https:\\\/\\\/shanabooks.de\\\/product\\\/kakil-dilawer-zeraq\\\/#primaryimage\"},\"image\":{\"@id\":\"https:\\\/\\\/shanabooks.de\\\/product\\\/kakil-dilawer-zeraq\\\/#primaryimage\"},\"thumbnailUrl\":\"https:\\\/\\\/shanabooks.de\\\/wp-content\\\/uploads\\\/2024\\\/03\\\/kakil-lis.png\",\"datePublished\":\"2024-03-03T19:39:39+00:00\",\"dateModified\":\"2026-01-02T19:22:17+00:00\",\"description\":\"Kakil - Dilawer Zeraq Kakil, yekem pirt\u00fbka \u00e7\u00eerokan a Dilawer Zeraq e. Dilawer Zeraq, di v\u00ea pirt\u00fbk\u00ea de, reng\u00ean cuda cuda \u00ean jiyan\u00ea di \u00e7\u00eerok\u00ean xwe de dide ...\",\"breadcrumb\":{\"@id\":\"https:\\\/\\\/shanabooks.de\\\/product\\\/kakil-dilawer-zeraq\\\/#breadcrumb\"},\"inLanguage\":\"de\",\"potentialAction\":[{\"@type\":\"ReadAction\",\"target\":[\"https:\\\/\\\/shanabooks.de\\\/product\\\/kakil-dilawer-zeraq\\\/\"]}]},{\"@type\":\"ImageObject\",\"inLanguage\":\"de\",\"@id\":\"https:\\\/\\\/shanabooks.de\\\/product\\\/kakil-dilawer-zeraq\\\/#primaryimage\",\"url\":\"https:\\\/\\\/shanabooks.de\\\/wp-content\\\/uploads\\\/2024\\\/03\\\/kakil-lis.png\",\"contentUrl\":\"https:\\\/\\\/shanabooks.de\\\/wp-content\\\/uploads\\\/2024\\\/03\\\/kakil-lis.png\",\"width\":481,\"height\":706,\"caption\":\"Kakil - Dilawer Zeraq - pirt\u00fbk\u00ean kurd\u00ee - \u00e7\u00eerok\"},{\"@type\":\"BreadcrumbList\",\"@id\":\"https:\\\/\\\/shanabooks.de\\\/product\\\/kakil-dilawer-zeraq\\\/#breadcrumb\",\"itemListElement\":[{\"@type\":\"ListItem\",\"position\":1,\"name\":\"\u0627\u0644\u0631\u0626\u064a\u0633\u064a\u0629\",\"item\":\"https:\\\/\\\/shanabooks.de\\\/de\\\/\"},{\"@type\":\"ListItem\",\"position\":2,\"name\":\"\u0627\u0644\u0645\u0646\u062a\u062c\u0627\u062a\",\"item\":\"https:\\\/\\\/shanabooks.de\\\/shop\\\/\"},{\"@type\":\"ListItem\",\"position\":3,\"name\":\"Kakil\"}]},{\"@type\":\"WebSite\",\"@id\":\"https:\\\/\\\/shanabooks.de\\\/#website\",\"url\":\"https:\\\/\\\/shanabooks.de\\\/\",\"name\":\"www.shanbooks.de\",\"description\":\"C\u00eehana Pirt\u00fbk\u00ean Kurd\u00ee \u0645\u0643\u062a\u0628\u0629 \u0634\u0627\u0646\u0627 \u0641\u064a \u0627\u0644\u0645\u0627\u0646\u064a\u0627 \u0648\u0623\u0648\u0631\u0628\u0627\",\"publisher\":{\"@id\":\"https:\\\/\\\/shanabooks.de\\\/#organization\"},\"potentialAction\":[{\"@type\":\"SearchAction\",\"target\":{\"@type\":\"EntryPoint\",\"urlTemplate\":\"https:\\\/\\\/shanabooks.de\\\/?s={search_term_string}\"},\"query-input\":{\"@type\":\"PropertyValueSpecification\",\"valueRequired\":true,\"valueName\":\"search_term_string\"}}],\"inLanguage\":\"de\"},{\"@type\":\"Organization\",\"@id\":\"https:\\\/\\\/shanabooks.de\\\/#organization\",\"name\":\"www.shanbooks.de\",\"url\":\"https:\\\/\\\/shanabooks.de\\\/\",\"logo\":{\"@type\":\"ImageObject\",\"inLanguage\":\"de\",\"@id\":\"https:\\\/\\\/shanabooks.de\\\/#\\\/schema\\\/logo\\\/image\\\/\",\"url\":\"https:\\\/\\\/shanabooks.de\\\/wp-content\\\/uploads\\\/2024\\\/03\\\/SHANABOOKS__2_-removebg-preview.png\",\"contentUrl\":\"https:\\\/\\\/shanabooks.de\\\/wp-content\\\/uploads\\\/2024\\\/03\\\/SHANABOOKS__2_-removebg-preview.png\",\"width\":700,\"height\":150,\"caption\":\"www.shanbooks.de\"},\"image\":{\"@id\":\"https:\\\/\\\/shanabooks.de\\\/#\\\/schema\\\/logo\\\/image\\\/\"}}]}<\/script>\n<!-- \/ Yoast SEO plugin. -->","yoast_head_json":{"title":"Kakil - Dilawer Zeraq - www.shanabooks.de","description":"Kakil - Dilawer Zeraq Kakil, yekem pirt\u00fbka \u00e7\u00eerokan a Dilawer Zeraq e. Dilawer Zeraq, di v\u00ea pirt\u00fbk\u00ea de, reng\u00ean cuda cuda \u00ean jiyan\u00ea di \u00e7\u00eerok\u00ean xwe de dide ...","robots":{"index":"index","follow":"follow","max-snippet":"max-snippet:-1","max-image-preview":"max-image-preview:large","max-video-preview":"max-video-preview:-1"},"canonical":"https:\/\/shanabooks.de\/product\/kakil-dilawer-zeraq\/","og_locale":"de_DE","og_type":"article","og_title":"Kakil - Dilawer Zeraq - www.shanabooks.de","og_description":"Kakil - Dilawer Zeraq Kakil, yekem pirt\u00fbka \u00e7\u00eerokan a Dilawer Zeraq e. Dilawer Zeraq, di v\u00ea pirt\u00fbk\u00ea de, reng\u00ean cuda cuda \u00ean jiyan\u00ea di \u00e7\u00eerok\u00ean xwe de dide ...","og_url":"https:\/\/shanabooks.de\/product\/kakil-dilawer-zeraq\/","og_site_name":"www.shanabooks.de","article_modified_time":"2026-01-02T19:22:17+00:00","og_image":[{"width":481,"height":706,"url":"https:\/\/shanabooks.de\/wp-content\/uploads\/2024\/03\/kakil-lis.png","type":"image\/png"}],"twitter_card":"summary_large_image","twitter_misc":{"Gesch\u00e4tzte Lesezeit":"1\u00a0Minute"},"schema":{"@context":"https:\/\/schema.org","@graph":[{"@type":"WebPage","@id":"https:\/\/shanabooks.de\/product\/kakil-dilawer-zeraq\/","url":"https:\/\/shanabooks.de\/product\/kakil-dilawer-zeraq\/","name":"Kakil - Dilawer Zeraq - www.shanabooks.de","isPartOf":{"@id":"https:\/\/shanabooks.de\/#website"},"primaryImageOfPage":{"@id":"https:\/\/shanabooks.de\/product\/kakil-dilawer-zeraq\/#primaryimage"},"image":{"@id":"https:\/\/shanabooks.de\/product\/kakil-dilawer-zeraq\/#primaryimage"},"thumbnailUrl":"https:\/\/shanabooks.de\/wp-content\/uploads\/2024\/03\/kakil-lis.png","datePublished":"2024-03-03T19:39:39+00:00","dateModified":"2026-01-02T19:22:17+00:00","description":"Kakil - Dilawer Zeraq Kakil, yekem pirt\u00fbka \u00e7\u00eerokan a Dilawer Zeraq e. Dilawer Zeraq, di v\u00ea pirt\u00fbk\u00ea de, reng\u00ean cuda cuda \u00ean jiyan\u00ea di \u00e7\u00eerok\u00ean xwe de dide ...","breadcrumb":{"@id":"https:\/\/shanabooks.de\/product\/kakil-dilawer-zeraq\/#breadcrumb"},"inLanguage":"de","potentialAction":[{"@type":"ReadAction","target":["https:\/\/shanabooks.de\/product\/kakil-dilawer-zeraq\/"]}]},{"@type":"ImageObject","inLanguage":"de","@id":"https:\/\/shanabooks.de\/product\/kakil-dilawer-zeraq\/#primaryimage","url":"https:\/\/shanabooks.de\/wp-content\/uploads\/2024\/03\/kakil-lis.png","contentUrl":"https:\/\/shanabooks.de\/wp-content\/uploads\/2024\/03\/kakil-lis.png","width":481,"height":706,"caption":"Kakil - Dilawer Zeraq - pirt\u00fbk\u00ean kurd\u00ee - \u00e7\u00eerok"},{"@type":"BreadcrumbList","@id":"https:\/\/shanabooks.de\/product\/kakil-dilawer-zeraq\/#breadcrumb","itemListElement":[{"@type":"ListItem","position":1,"name":"\u0627\u0644\u0631\u0626\u064a\u0633\u064a\u0629","item":"https:\/\/shanabooks.de\/de\/"},{"@type":"ListItem","position":2,"name":"\u0627\u0644\u0645\u0646\u062a\u062c\u0627\u062a","item":"https:\/\/shanabooks.de\/shop\/"},{"@type":"ListItem","position":3,"name":"Kakil"}]},{"@type":"WebSite","@id":"https:\/\/shanabooks.de\/#website","url":"https:\/\/shanabooks.de\/","name":"www.shanbooks.de","description":"C\u00eehana Pirt\u00fbk\u00ean Kurd\u00ee \u0645\u0643\u062a\u0628\u0629 \u0634\u0627\u0646\u0627 \u0641\u064a \u0627\u0644\u0645\u0627\u0646\u064a\u0627 \u0648\u0623\u0648\u0631\u0628\u0627","publisher":{"@id":"https:\/\/shanabooks.de\/#organization"},"potentialAction":[{"@type":"SearchAction","target":{"@type":"EntryPoint","urlTemplate":"https:\/\/shanabooks.de\/?s={search_term_string}"},"query-input":{"@type":"PropertyValueSpecification","valueRequired":true,"valueName":"search_term_string"}}],"inLanguage":"de"},{"@type":"Organization","@id":"https:\/\/shanabooks.de\/#organization","name":"www.shanbooks.de","url":"https:\/\/shanabooks.de\/","logo":{"@type":"ImageObject","inLanguage":"de","@id":"https:\/\/shanabooks.de\/#\/schema\/logo\/image\/","url":"https:\/\/shanabooks.de\/wp-content\/uploads\/2024\/03\/SHANABOOKS__2_-removebg-preview.png","contentUrl":"https:\/\/shanabooks.de\/wp-content\/uploads\/2024\/03\/SHANABOOKS__2_-removebg-preview.png","width":700,"height":150,"caption":"www.shanbooks.de"},"image":{"@id":"https:\/\/shanabooks.de\/#\/schema\/logo\/image\/"}}]}},"jetpack_sharing_enabled":true,"_links":{"self":[{"href":"https:\/\/shanabooks.de\/de\/wp-json\/wp\/v2\/product\/11968","targetHints":{"allow":["GET"]}}],"collection":[{"href":"https:\/\/shanabooks.de\/de\/wp-json\/wp\/v2\/product"}],"about":[{"href":"https:\/\/shanabooks.de\/de\/wp-json\/wp\/v2\/types\/product"}],"version-history":[{"count":2,"href":"https:\/\/shanabooks.de\/de\/wp-json\/wp\/v2\/product\/11968\/revisions"}],"predecessor-version":[{"id":23175,"href":"https:\/\/shanabooks.de\/de\/wp-json\/wp\/v2\/product\/11968\/revisions\/23175"}],"wp:featuredmedia":[{"embeddable":true,"href":"https:\/\/shanabooks.de\/de\/wp-json\/wp\/v2\/media\/12009"}],"wp:attachment":[{"href":"https:\/\/shanabooks.de\/de\/wp-json\/wp\/v2\/media?parent=11968"}],"wp:term":[{"taxonomy":"product_brand","embeddable":true,"href":"https:\/\/shanabooks.de\/de\/wp-json\/wp\/v2\/product_brand?post=11968"},{"taxonomy":"product_cat","embeddable":true,"href":"https:\/\/shanabooks.de\/de\/wp-json\/wp\/v2\/product_cat?post=11968"},{"taxonomy":"product_tag","embeddable":true,"href":"https:\/\/shanabooks.de\/de\/wp-json\/wp\/v2\/product_tag?post=11968"}],"curies":[{"name":"wp","href":"https:\/\/api.w.org\/{rel}","templated":true}]}}