{"id":11970,"date":"2024-03-03T19:39:40","date_gmt":"2024-03-03T19:39:40","guid":{"rendered":"https:\/\/shanabooks.de\/?post_type=product&#038;p=11970"},"modified":"2024-04-07T10:27:55","modified_gmt":"2024-04-07T10:27:55","slug":"bisirina-sermini-dilawer-zeraq","status":"publish","type":"product","link":"https:\/\/shanabooks.de\/de\/product\/bisirina-sermini-dilawer-zeraq\/","title":{"rendered":"Bi\u015fir\u00eena \u015eerm\u00een\u00ee"},"content":{"rendered":"<p dir=\"ltr\"><strong>Bi\u015fir\u00eena \u015eerm\u00een\u00ee &#8211; Dilawer Zeraq<\/strong><\/p>\n<p dir=\"ltr\">Bi\u015fir\u00eena\u00a0\u015eerm\u00een\u00ee, pirt\u00fbka duyem a \u00e7\u00eerokan a\u00a0Dilawer Zeraq\u00a0e.<br \/>\nDilawer Zeraq, di v\u00ea pirt\u00fbk\u00ea de, bala xwe biriye ser \u00ea\u015f \u00fb pirsgir\u00eak \u00fb away\u00ea jiyana jin\u00ean Kurd ku di seqa \u00fb kawdaneke \u015fer\u00ee \u00fb t\u00eako\u015f\u00een\u00ea de dij\u00een. \u00db bi v\u00ea re j\u00ee, bi awirek\u00ee h\u00fbrger \u00fb bi \u00e7avek\u00ee d\u00eetir li ser sedem \u00fb heb\u00fbna van \u00ea\u015f \u00fb pirsgir\u00eakan sekiniye. Dilawer Zeraq, \u00e7\u00eerok\u00ean di v\u00ea pirt\u00fbk\u00ea de, bi zimanek\u00ee sade \u00fb rewan honaye. \u00db \u00e7\u00eerok\u00ean di v\u00ea pirt\u00fbk\u00ea de, ji \u00e7\u00eerok\u00ean di nav hev de \u00fb bi awayek\u00ee hevdem\u00ee hatine honandin \u00fb vegotin, p\u00eak t\u00ea<\/p>\n","protected":false},"excerpt":{"rendered":"<p dir=\"ltr\" style=\"text-align: center;\"><strong>Pirt\u00fbk: Bi\u015fir\u00eena \u015eerm\u00een\u00ee<br \/>\nNiv\u00eeskar: Dilawer Zeraq<\/strong><br \/>\n<strong>Cure: \u00c7\u00eerok<\/strong><\/p>\n","protected":false},"featured_media":12034,"template":"","meta":{"site-sidebar-layout":"default","site-content-layout":"","ast-site-content-layout":"default","site-content-style":"default","site-sidebar-style":"default","ast-global-header-display":"","ast-banner-title-visibility":"","ast-main-header-display":"","ast-hfb-above-header-display":"","ast-hfb-below-header-display":"","ast-hfb-mobile-header-display":"","site-post-title":"","ast-breadcrumbs-content":"","ast-featured-img":"","footer-sml-layout":"","ast-disable-related-posts":"","theme-transparent-header-meta":"default","adv-header-id-meta":"","stick-header-meta":"","header-above-stick-meta":"","header-main-stick-meta":"","header-below-stick-meta":"","astra-migrate-meta-layouts":"set","ast-page-background-enabled":"default","ast-page-background-meta":{"desktop":{"background-color":"","background-image":"","background-repeat":"repeat","background-position":"center center","background-size":"auto","background-attachment":"scroll","background-type":"","background-media":"","overlay-type":"","overlay-color":"","overlay-opacity":"","overlay-gradient":""},"tablet":{"background-color":"","background-image":"","background-repeat":"repeat","background-position":"center center","background-size":"auto","background-attachment":"scroll","background-type":"","background-media":"","overlay-type":"","overlay-color":"","overlay-opacity":"","overlay-gradient":""},"mobile":{"background-color":"","background-image":"","background-repeat":"repeat","background-position":"center center","background-size":"auto","background-attachment":"scroll","background-type":"","background-media":"","overlay-type":"","overlay-color":"","overlay-opacity":"","overlay-gradient":""}},"ast-content-background-meta":{"desktop":{"background-color":"var(--ast-global-color-5)","background-image":"","background-repeat":"repeat","background-position":"center center","background-size":"auto","background-attachment":"scroll","background-type":"","background-media":"","overlay-type":"","overlay-color":"","overlay-opacity":"","overlay-gradient":""},"tablet":{"background-color":"var(--ast-global-color-5)","background-image":"","background-repeat":"repeat","background-position":"center center","background-size":"auto","background-attachment":"scroll","background-type":"","background-media":"","overlay-type":"","overlay-color":"","overlay-opacity":"","overlay-gradient":""},"mobile":{"background-color":"var(--ast-global-color-5)","background-image":"","background-repeat":"repeat","background-position":"center center","background-size":"auto","background-attachment":"scroll","background-type":"","background-media":"","overlay-type":"","overlay-color":"","overlay-opacity":"","overlay-gradient":""}}},"product_brand":[],"product_cat":[183,193],"product_tag":[],"class_list":{"0":"post-11970","1":"product","2":"type-product","3":"status-publish","4":"has-post-thumbnail","6":"product_cat-_","7":"product_cat--_","8":"pa_-cirok","9":"pa_-dilawer-zeraq","10":"pa_-kurmanci","11":"pa_--lis-yayinevi","12":"desktop-align-left","13":"tablet-align-left","14":"mobile-align-left","16":"first","17":"instock","18":"shipping-taxable","19":"purchasable","20":"product-type-simple"},"yoast_head":"<!-- This site is optimized with the Yoast SEO plugin v27.4 - https:\/\/yoast.com\/product\/yoast-seo-wordpress\/ -->\n<title>Bi\u015fir\u00eena \u015eerm\u00een\u00ee - Dilawer Zeraq - www.shanabooks.de<\/title>\n<meta name=\"description\" content=\"Bi\u015fir\u00eena \u015eerm\u00een\u00ee - Dilawer Zeraq Bi\u015fir\u00eena\u00a0\u015eerm\u00een\u00ee, pirt\u00fbka duyem a \u00e7\u00eerokan a\u00a0Dilawer Zeraq\u00a0e. Dilawer Zeraq, di v\u00ea pirt\u00fbk\u00ea de, bala xwe biriye ser \u00ea\u015f \u00fb ...\" \/>\n<meta name=\"robots\" content=\"index, follow, max-snippet:-1, max-image-preview:large, max-video-preview:-1\" \/>\n<link rel=\"canonical\" href=\"https:\/\/shanabooks.de\/product\/bisirina-sermini-dilawer-zeraq\/\" \/>\n<meta property=\"og:locale\" content=\"de_DE\" \/>\n<meta property=\"og:type\" content=\"article\" \/>\n<meta property=\"og:title\" content=\"Bi\u015fir\u00eena \u015eerm\u00een\u00ee - Dilawer Zeraq - www.shanabooks.de\" \/>\n<meta property=\"og:description\" content=\"Bi\u015fir\u00eena \u015eerm\u00een\u00ee - Dilawer Zeraq Bi\u015fir\u00eena\u00a0\u015eerm\u00een\u00ee, pirt\u00fbka duyem a \u00e7\u00eerokan a\u00a0Dilawer Zeraq\u00a0e. Dilawer Zeraq, di v\u00ea pirt\u00fbk\u00ea de, bala xwe biriye ser \u00ea\u015f \u00fb ...\" \/>\n<meta property=\"og:url\" content=\"https:\/\/shanabooks.de\/product\/bisirina-sermini-dilawer-zeraq\/\" \/>\n<meta property=\"og:site_name\" content=\"www.shanabooks.de\" \/>\n<meta property=\"article:modified_time\" content=\"2024-04-07T10:27:55+00:00\" \/>\n<meta property=\"og:image\" content=\"https:\/\/shanabooks.de\/wp-content\/uploads\/2024\/03\/bisirina-sermini.jpg\" \/>\n\t<meta property=\"og:image:width\" content=\"599\" \/>\n\t<meta property=\"og:image:height\" content=\"900\" \/>\n\t<meta property=\"og:image:type\" content=\"image\/jpeg\" \/>\n<meta name=\"twitter:card\" content=\"summary_large_image\" \/>\n<meta name=\"twitter:label1\" content=\"Gesch\u00e4tzte Lesezeit\" \/>\n\t<meta name=\"twitter:data1\" content=\"1\u00a0Minute\" \/>\n<script type=\"application\/ld+json\" class=\"yoast-schema-graph\">{\"@context\":\"https:\\\/\\\/schema.org\",\"@graph\":[{\"@type\":\"WebPage\",\"@id\":\"https:\\\/\\\/shanabooks.de\\\/product\\\/bisirina-sermini-dilawer-zeraq\\\/\",\"url\":\"https:\\\/\\\/shanabooks.de\\\/product\\\/bisirina-sermini-dilawer-zeraq\\\/\",\"name\":\"Bi\u015fir\u00eena \u015eerm\u00een\u00ee - Dilawer Zeraq - www.shanabooks.de\",\"isPartOf\":{\"@id\":\"https:\\\/\\\/shanabooks.de\\\/#website\"},\"primaryImageOfPage\":{\"@id\":\"https:\\\/\\\/shanabooks.de\\\/product\\\/bisirina-sermini-dilawer-zeraq\\\/#primaryimage\"},\"image\":{\"@id\":\"https:\\\/\\\/shanabooks.de\\\/product\\\/bisirina-sermini-dilawer-zeraq\\\/#primaryimage\"},\"thumbnailUrl\":\"https:\\\/\\\/shanabooks.de\\\/wp-content\\\/uploads\\\/2024\\\/03\\\/bisirina-sermini.jpg\",\"datePublished\":\"2024-03-03T19:39:40+00:00\",\"dateModified\":\"2024-04-07T10:27:55+00:00\",\"description\":\"Bi\u015fir\u00eena \u015eerm\u00een\u00ee - Dilawer Zeraq Bi\u015fir\u00eena\u00a0\u015eerm\u00een\u00ee, pirt\u00fbka duyem a \u00e7\u00eerokan a\u00a0Dilawer Zeraq\u00a0e. Dilawer Zeraq, di v\u00ea pirt\u00fbk\u00ea de, bala xwe biriye ser \u00ea\u015f \u00fb ...\",\"breadcrumb\":{\"@id\":\"https:\\\/\\\/shanabooks.de\\\/product\\\/bisirina-sermini-dilawer-zeraq\\\/#breadcrumb\"},\"inLanguage\":\"de\",\"potentialAction\":[{\"@type\":\"ReadAction\",\"target\":[\"https:\\\/\\\/shanabooks.de\\\/product\\\/bisirina-sermini-dilawer-zeraq\\\/\"]}]},{\"@type\":\"ImageObject\",\"inLanguage\":\"de\",\"@id\":\"https:\\\/\\\/shanabooks.de\\\/product\\\/bisirina-sermini-dilawer-zeraq\\\/#primaryimage\",\"url\":\"https:\\\/\\\/shanabooks.de\\\/wp-content\\\/uploads\\\/2024\\\/03\\\/bisirina-sermini.jpg\",\"contentUrl\":\"https:\\\/\\\/shanabooks.de\\\/wp-content\\\/uploads\\\/2024\\\/03\\\/bisirina-sermini.jpg\",\"width\":599,\"height\":900,\"caption\":\"Bi\u015fir\u00eena \u015eerm\u00een\u00ee - Dilawer Zeraq - pirt\u00fbk\u00ean kurd\u00ee - \u00e7\u00eerok\"},{\"@type\":\"BreadcrumbList\",\"@id\":\"https:\\\/\\\/shanabooks.de\\\/product\\\/bisirina-sermini-dilawer-zeraq\\\/#breadcrumb\",\"itemListElement\":[{\"@type\":\"ListItem\",\"position\":1,\"name\":\"\u0627\u0644\u0631\u0626\u064a\u0633\u064a\u0629\",\"item\":\"https:\\\/\\\/shanabooks.de\\\/de\\\/\"},{\"@type\":\"ListItem\",\"position\":2,\"name\":\"\u0627\u0644\u0645\u0646\u062a\u062c\u0627\u062a\",\"item\":\"https:\\\/\\\/shanabooks.de\\\/shop\\\/\"},{\"@type\":\"ListItem\",\"position\":3,\"name\":\"Bi\u015fir\u00eena \u015eerm\u00een\u00ee\"}]},{\"@type\":\"WebSite\",\"@id\":\"https:\\\/\\\/shanabooks.de\\\/#website\",\"url\":\"https:\\\/\\\/shanabooks.de\\\/\",\"name\":\"www.shanbooks.de\",\"description\":\"C\u00eehana Pirt\u00fbk\u00ean Kurd\u00ee \u0645\u0643\u062a\u0628\u0629 \u0634\u0627\u0646\u0627 \u0641\u064a \u0627\u0644\u0645\u0627\u0646\u064a\u0627 \u0648\u0623\u0648\u0631\u0628\u0627\",\"publisher\":{\"@id\":\"https:\\\/\\\/shanabooks.de\\\/#organization\"},\"potentialAction\":[{\"@type\":\"SearchAction\",\"target\":{\"@type\":\"EntryPoint\",\"urlTemplate\":\"https:\\\/\\\/shanabooks.de\\\/?s={search_term_string}\"},\"query-input\":{\"@type\":\"PropertyValueSpecification\",\"valueRequired\":true,\"valueName\":\"search_term_string\"}}],\"inLanguage\":\"de\"},{\"@type\":\"Organization\",\"@id\":\"https:\\\/\\\/shanabooks.de\\\/#organization\",\"name\":\"www.shanbooks.de\",\"url\":\"https:\\\/\\\/shanabooks.de\\\/\",\"logo\":{\"@type\":\"ImageObject\",\"inLanguage\":\"de\",\"@id\":\"https:\\\/\\\/shanabooks.de\\\/#\\\/schema\\\/logo\\\/image\\\/\",\"url\":\"https:\\\/\\\/shanabooks.de\\\/wp-content\\\/uploads\\\/2024\\\/03\\\/SHANABOOKS__2_-removebg-preview.png\",\"contentUrl\":\"https:\\\/\\\/shanabooks.de\\\/wp-content\\\/uploads\\\/2024\\\/03\\\/SHANABOOKS__2_-removebg-preview.png\",\"width\":700,\"height\":150,\"caption\":\"www.shanbooks.de\"},\"image\":{\"@id\":\"https:\\\/\\\/shanabooks.de\\\/#\\\/schema\\\/logo\\\/image\\\/\"}}]}<\/script>\n<!-- \/ Yoast SEO plugin. -->","yoast_head_json":{"title":"Bi\u015fir\u00eena \u015eerm\u00een\u00ee - Dilawer Zeraq - www.shanabooks.de","description":"Bi\u015fir\u00eena \u015eerm\u00een\u00ee - Dilawer Zeraq Bi\u015fir\u00eena\u00a0\u015eerm\u00een\u00ee, pirt\u00fbka duyem a \u00e7\u00eerokan a\u00a0Dilawer Zeraq\u00a0e. Dilawer Zeraq, di v\u00ea pirt\u00fbk\u00ea de, bala xwe biriye ser \u00ea\u015f \u00fb ...","robots":{"index":"index","follow":"follow","max-snippet":"max-snippet:-1","max-image-preview":"max-image-preview:large","max-video-preview":"max-video-preview:-1"},"canonical":"https:\/\/shanabooks.de\/product\/bisirina-sermini-dilawer-zeraq\/","og_locale":"de_DE","og_type":"article","og_title":"Bi\u015fir\u00eena \u015eerm\u00een\u00ee - Dilawer Zeraq - www.shanabooks.de","og_description":"Bi\u015fir\u00eena \u015eerm\u00een\u00ee - Dilawer Zeraq Bi\u015fir\u00eena\u00a0\u015eerm\u00een\u00ee, pirt\u00fbka duyem a \u00e7\u00eerokan a\u00a0Dilawer Zeraq\u00a0e. Dilawer Zeraq, di v\u00ea pirt\u00fbk\u00ea de, bala xwe biriye ser \u00ea\u015f \u00fb ...","og_url":"https:\/\/shanabooks.de\/product\/bisirina-sermini-dilawer-zeraq\/","og_site_name":"www.shanabooks.de","article_modified_time":"2024-04-07T10:27:55+00:00","og_image":[{"width":599,"height":900,"url":"https:\/\/shanabooks.de\/wp-content\/uploads\/2024\/03\/bisirina-sermini.jpg","type":"image\/jpeg"}],"twitter_card":"summary_large_image","twitter_misc":{"Gesch\u00e4tzte Lesezeit":"1\u00a0Minute"},"schema":{"@context":"https:\/\/schema.org","@graph":[{"@type":"WebPage","@id":"https:\/\/shanabooks.de\/product\/bisirina-sermini-dilawer-zeraq\/","url":"https:\/\/shanabooks.de\/product\/bisirina-sermini-dilawer-zeraq\/","name":"Bi\u015fir\u00eena \u015eerm\u00een\u00ee - Dilawer Zeraq - www.shanabooks.de","isPartOf":{"@id":"https:\/\/shanabooks.de\/#website"},"primaryImageOfPage":{"@id":"https:\/\/shanabooks.de\/product\/bisirina-sermini-dilawer-zeraq\/#primaryimage"},"image":{"@id":"https:\/\/shanabooks.de\/product\/bisirina-sermini-dilawer-zeraq\/#primaryimage"},"thumbnailUrl":"https:\/\/shanabooks.de\/wp-content\/uploads\/2024\/03\/bisirina-sermini.jpg","datePublished":"2024-03-03T19:39:40+00:00","dateModified":"2024-04-07T10:27:55+00:00","description":"Bi\u015fir\u00eena \u015eerm\u00een\u00ee - Dilawer Zeraq Bi\u015fir\u00eena\u00a0\u015eerm\u00een\u00ee, pirt\u00fbka duyem a \u00e7\u00eerokan a\u00a0Dilawer Zeraq\u00a0e. Dilawer Zeraq, di v\u00ea pirt\u00fbk\u00ea de, bala xwe biriye ser \u00ea\u015f \u00fb ...","breadcrumb":{"@id":"https:\/\/shanabooks.de\/product\/bisirina-sermini-dilawer-zeraq\/#breadcrumb"},"inLanguage":"de","potentialAction":[{"@type":"ReadAction","target":["https:\/\/shanabooks.de\/product\/bisirina-sermini-dilawer-zeraq\/"]}]},{"@type":"ImageObject","inLanguage":"de","@id":"https:\/\/shanabooks.de\/product\/bisirina-sermini-dilawer-zeraq\/#primaryimage","url":"https:\/\/shanabooks.de\/wp-content\/uploads\/2024\/03\/bisirina-sermini.jpg","contentUrl":"https:\/\/shanabooks.de\/wp-content\/uploads\/2024\/03\/bisirina-sermini.jpg","width":599,"height":900,"caption":"Bi\u015fir\u00eena \u015eerm\u00een\u00ee - Dilawer Zeraq - pirt\u00fbk\u00ean kurd\u00ee - \u00e7\u00eerok"},{"@type":"BreadcrumbList","@id":"https:\/\/shanabooks.de\/product\/bisirina-sermini-dilawer-zeraq\/#breadcrumb","itemListElement":[{"@type":"ListItem","position":1,"name":"\u0627\u0644\u0631\u0626\u064a\u0633\u064a\u0629","item":"https:\/\/shanabooks.de\/de\/"},{"@type":"ListItem","position":2,"name":"\u0627\u0644\u0645\u0646\u062a\u062c\u0627\u062a","item":"https:\/\/shanabooks.de\/shop\/"},{"@type":"ListItem","position":3,"name":"Bi\u015fir\u00eena \u015eerm\u00een\u00ee"}]},{"@type":"WebSite","@id":"https:\/\/shanabooks.de\/#website","url":"https:\/\/shanabooks.de\/","name":"www.shanbooks.de","description":"C\u00eehana Pirt\u00fbk\u00ean Kurd\u00ee \u0645\u0643\u062a\u0628\u0629 \u0634\u0627\u0646\u0627 \u0641\u064a \u0627\u0644\u0645\u0627\u0646\u064a\u0627 \u0648\u0623\u0648\u0631\u0628\u0627","publisher":{"@id":"https:\/\/shanabooks.de\/#organization"},"potentialAction":[{"@type":"SearchAction","target":{"@type":"EntryPoint","urlTemplate":"https:\/\/shanabooks.de\/?s={search_term_string}"},"query-input":{"@type":"PropertyValueSpecification","valueRequired":true,"valueName":"search_term_string"}}],"inLanguage":"de"},{"@type":"Organization","@id":"https:\/\/shanabooks.de\/#organization","name":"www.shanbooks.de","url":"https:\/\/shanabooks.de\/","logo":{"@type":"ImageObject","inLanguage":"de","@id":"https:\/\/shanabooks.de\/#\/schema\/logo\/image\/","url":"https:\/\/shanabooks.de\/wp-content\/uploads\/2024\/03\/SHANABOOKS__2_-removebg-preview.png","contentUrl":"https:\/\/shanabooks.de\/wp-content\/uploads\/2024\/03\/SHANABOOKS__2_-removebg-preview.png","width":700,"height":150,"caption":"www.shanbooks.de"},"image":{"@id":"https:\/\/shanabooks.de\/#\/schema\/logo\/image\/"}}]}},"jetpack_sharing_enabled":true,"_links":{"self":[{"href":"https:\/\/shanabooks.de\/de\/wp-json\/wp\/v2\/product\/11970","targetHints":{"allow":["GET"]}}],"collection":[{"href":"https:\/\/shanabooks.de\/de\/wp-json\/wp\/v2\/product"}],"about":[{"href":"https:\/\/shanabooks.de\/de\/wp-json\/wp\/v2\/types\/product"}],"version-history":[{"count":2,"href":"https:\/\/shanabooks.de\/de\/wp-json\/wp\/v2\/product\/11970\/revisions"}],"predecessor-version":[{"id":23098,"href":"https:\/\/shanabooks.de\/de\/wp-json\/wp\/v2\/product\/11970\/revisions\/23098"}],"wp:featuredmedia":[{"embeddable":true,"href":"https:\/\/shanabooks.de\/de\/wp-json\/wp\/v2\/media\/12034"}],"wp:attachment":[{"href":"https:\/\/shanabooks.de\/de\/wp-json\/wp\/v2\/media?parent=11970"}],"wp:term":[{"taxonomy":"product_brand","embeddable":true,"href":"https:\/\/shanabooks.de\/de\/wp-json\/wp\/v2\/product_brand?post=11970"},{"taxonomy":"product_cat","embeddable":true,"href":"https:\/\/shanabooks.de\/de\/wp-json\/wp\/v2\/product_cat?post=11970"},{"taxonomy":"product_tag","embeddable":true,"href":"https:\/\/shanabooks.de\/de\/wp-json\/wp\/v2\/product_tag?post=11970"}],"curies":[{"name":"wp","href":"https:\/\/api.w.org\/{rel}","templated":true}]}}