{"id":11974,"date":"2024-03-03T19:39:40","date_gmt":"2024-03-03T19:39:40","guid":{"rendered":"https:\/\/shanabooks.de\/?post_type=product&#038;p=11974"},"modified":"2026-01-01T19:13:40","modified_gmt":"2026-01-01T19:13:40","slug":"ferhenga-navan-mustafa-uzun","status":"publish","type":"product","link":"https:\/\/shanabooks.de\/de\/product\/ferhenga-navan-mustafa-uzun\/","title":{"rendered":"Ferhenga Navan"},"content":{"rendered":"<p dir=\"ltr\"><strong>Ferhenga Navan &#8211; Mustafa Uzun<\/strong><\/p>\n<p dir=\"ltr\">&#8222;Ferhenga Navan&#8220; ku ji aliy\u00ea Mustafa Uzun ve hatiye amadekirin, di nav we\u015fan\u00ean Avesta de derket. Kit\u00eab ji du be\u015fan p\u00eak t\u00ea; nav\u00ea ke\u00e7an \u00fb nav\u00ea lawan. Nav\u00ean bi her s\u00ea diyalekt\u00ean kurd\u00ee; kurmanc\u00ee, zazak\u00ee \u00fb soran\u00ee, c\u00ee digrin.<\/p>\n<p dir=\"ltr\">Mustafa Uzun di p\u00ea\u015fgotin\u00ea de wiha behsa \u00e7\u00eeroka \u00e7\u00eakirina v\u00ea ferheng\u00ea dike: Fikra berhevkirina nav\u00ean kurd\u00ee ji z\u00fb de di b\u00eera min de b\u00fb. Pi\u015ft\u00ee mirina kek\u00ea min Mehmed Uzun, min xebata civandina navan bileztir kir. Dema Xwed\u00ea j\u00ea raz\u00ee Mehmed nexwe\u015f b\u00fb, ew ji bo tedawiya nexwe\u015fiya xwe, li nexwe\u015fxaneya Ven\u00ee Vid\u00ee ya Diyarbekr\u00ea b\u00fb. Hing\u00ea ez j\u00ee qas\u00ee 4-5 hefteyan li ba w\u00ee mam. Rojek\u00ea Dr. F\u00eekr\u00ee Kutlay \u00fb xortek hatin oda Mehmed. Di hemb\u00eaza w\u00ee xort\u00ee de zarokek\u00ee p\u00ea\u00e7ay\u00ee heb\u00fb. Dr. F\u00eekr\u00ee got: Ber\u00ee n\u00eev saet\u00ea ke\u00e7eke v\u00ee xort\u00ee \u00fb jina w\u00ee hat din\u00ea. Ew dixwazin Mehmed Ab\u00ea nav\u00ea w\u00ea l\u00ea bike. Mehmed raketib\u00fb. Fikr\u00ee ji w\u00ee xort\u00ee re got: Tu dib\u00een\u00ee Mehmed Ab\u00ea razaye, hema ez kef\u00eel\u00ea w\u00ee, bila nav\u00ea ke\u00e7a te Zerya be, jixwe nav\u00ea ke\u00e7a Mehmed Ab\u00ea ji Zerya ye, ew ji v\u00ee nav\u00ee hez dike. Xort bi\u015fir\u00ee \u00fb pirs\u00ee, got: Wateya Zerya \u00e7i ye? Min got: Bi tirk\u00ee Deniz e.<\/p>\n","protected":false},"excerpt":{"rendered":"<p dir=\"ltr\" style=\"text-align: center;\"><strong>Pirt\u00fbk: Ferhenga Navan<br \/>\nNiv\u00eeskar: Mustafa Uzun<\/strong><br \/>\n<strong>Cure: Ferheng<\/strong><\/p>\n","protected":false},"featured_media":12043,"template":"","meta":{"site-sidebar-layout":"default","site-content-layout":"","ast-site-content-layout":"default","site-content-style":"default","site-sidebar-style":"default","ast-global-header-display":"","ast-banner-title-visibility":"","ast-main-header-display":"","ast-hfb-above-header-display":"","ast-hfb-below-header-display":"","ast-hfb-mobile-header-display":"","site-post-title":"","ast-breadcrumbs-content":"","ast-featured-img":"","footer-sml-layout":"","ast-disable-related-posts":"","theme-transparent-header-meta":"default","adv-header-id-meta":"","stick-header-meta":"","header-above-stick-meta":"","header-main-stick-meta":"","header-below-stick-meta":"","astra-migrate-meta-layouts":"set","ast-page-background-enabled":"default","ast-page-background-meta":{"desktop":{"background-color":"","background-image":"","background-repeat":"repeat","background-position":"center center","background-size":"auto","background-attachment":"scroll","background-type":"","background-media":"","overlay-type":"","overlay-color":"","overlay-opacity":"","overlay-gradient":""},"tablet":{"background-color":"","background-image":"","background-repeat":"repeat","background-position":"center center","background-size":"auto","background-attachment":"scroll","background-type":"","background-media":"","overlay-type":"","overlay-color":"","overlay-opacity":"","overlay-gradient":""},"mobile":{"background-color":"","background-image":"","background-repeat":"repeat","background-position":"center center","background-size":"auto","background-attachment":"scroll","background-type":"","background-media":"","overlay-type":"","overlay-color":"","overlay-opacity":"","overlay-gradient":""}},"ast-content-background-meta":{"desktop":{"background-color":"var(--ast-global-color-5)","background-image":"","background-repeat":"repeat","background-position":"center center","background-size":"auto","background-attachment":"scroll","background-type":"","background-media":"","overlay-type":"","overlay-color":"","overlay-opacity":"","overlay-gradient":""},"tablet":{"background-color":"var(--ast-global-color-5)","background-image":"","background-repeat":"repeat","background-position":"center center","background-size":"auto","background-attachment":"scroll","background-type":"","background-media":"","overlay-type":"","overlay-color":"","overlay-opacity":"","overlay-gradient":""},"mobile":{"background-color":"var(--ast-global-color-5)","background-image":"","background-repeat":"repeat","background-position":"center center","background-size":"auto","background-attachment":"scroll","background-type":"","background-media":"","overlay-type":"","overlay-color":"","overlay-opacity":"","overlay-gradient":""}}},"product_brand":[],"product_cat":[186,194,193],"product_tag":[],"class_list":{"0":"post-11974","1":"product","2":"type-product","3":"status-publish","4":"has-post-thumbnail","6":"product_cat-_","7":"product_cat--_","9":"pa_-ferheng","10":"pa_-zarok","11":"pa_-mustafa-uzun","12":"pa_-kurmanci","13":"pa_--avesta-yayinlari","14":"desktop-align-left","15":"tablet-align-left","16":"mobile-align-left","18":"first","19":"outofstock","20":"shipping-taxable","21":"purchasable","22":"product-type-simple"},"yoast_head":"<!-- This site is optimized with the Yoast SEO plugin v27.5 - https:\/\/yoast.com\/product\/yoast-seo-wordpress\/ -->\n<title>Ferhenga Navan - Mustafa Uzun - www.shanabooks.de<\/title>\n<meta name=\"description\" content=\"Ferhenga Navan - Mustafa Uzun &quot;Ferhenga Navan&quot; ku ji aliy\u00ea Mustafa Uzun ve hatiye amadekirin, di nav we\u015fan\u00ean Avesta de derket. Kit\u00eab ji du be\u015fan p\u00eak t\u00ea...\" \/>\n<meta name=\"robots\" content=\"index, follow, max-snippet:-1, max-image-preview:large, max-video-preview:-1\" \/>\n<link rel=\"canonical\" href=\"https:\/\/shanabooks.de\/product\/ferhenga-navan-mustafa-uzun\/\" \/>\n<meta property=\"og:locale\" content=\"de_DE\" \/>\n<meta property=\"og:type\" content=\"article\" \/>\n<meta property=\"og:title\" content=\"Ferhenga Navan - Mustafa Uzun - www.shanabooks.de\" \/>\n<meta property=\"og:description\" content=\"Ferhenga Navan - Mustafa Uzun &quot;Ferhenga Navan&quot; ku ji aliy\u00ea Mustafa Uzun ve hatiye amadekirin, di nav we\u015fan\u00ean Avesta de derket. Kit\u00eab ji du be\u015fan p\u00eak t\u00ea...\" \/>\n<meta property=\"og:url\" content=\"https:\/\/shanabooks.de\/product\/ferhenga-navan-mustafa-uzun\/\" \/>\n<meta property=\"og:site_name\" content=\"www.shanabooks.de\" \/>\n<meta property=\"article:modified_time\" content=\"2026-01-01T19:13:40+00:00\" \/>\n<meta property=\"og:image\" content=\"https:\/\/shanabooks.de\/wp-content\/uploads\/2024\/03\/Ferhenga-navan.jpg\" \/>\n\t<meta property=\"og:image:width\" content=\"415\" \/>\n\t<meta property=\"og:image:height\" content=\"717\" \/>\n\t<meta property=\"og:image:type\" content=\"image\/jpeg\" \/>\n<meta name=\"twitter:card\" content=\"summary_large_image\" \/>\n<meta name=\"twitter:label1\" content=\"Gesch\u00e4tzte Lesezeit\" \/>\n\t<meta name=\"twitter:data1\" content=\"2\u00a0Minuten\" \/>\n<script type=\"application\/ld+json\" class=\"yoast-schema-graph\">{\"@context\":\"https:\\\/\\\/schema.org\",\"@graph\":[{\"@type\":\"WebPage\",\"@id\":\"https:\\\/\\\/shanabooks.de\\\/product\\\/ferhenga-navan-mustafa-uzun\\\/\",\"url\":\"https:\\\/\\\/shanabooks.de\\\/product\\\/ferhenga-navan-mustafa-uzun\\\/\",\"name\":\"Ferhenga Navan - Mustafa Uzun - www.shanabooks.de\",\"isPartOf\":{\"@id\":\"https:\\\/\\\/shanabooks.de\\\/#website\"},\"primaryImageOfPage\":{\"@id\":\"https:\\\/\\\/shanabooks.de\\\/product\\\/ferhenga-navan-mustafa-uzun\\\/#primaryimage\"},\"image\":{\"@id\":\"https:\\\/\\\/shanabooks.de\\\/product\\\/ferhenga-navan-mustafa-uzun\\\/#primaryimage\"},\"thumbnailUrl\":\"https:\\\/\\\/shanabooks.de\\\/wp-content\\\/uploads\\\/2024\\\/03\\\/Ferhenga-navan.jpg\",\"datePublished\":\"2024-03-03T19:39:40+00:00\",\"dateModified\":\"2026-01-01T19:13:40+00:00\",\"description\":\"Ferhenga Navan - Mustafa Uzun \\\"Ferhenga Navan\\\" ku ji aliy\u00ea Mustafa Uzun ve hatiye amadekirin, di nav we\u015fan\u00ean Avesta de derket. Kit\u00eab ji du be\u015fan p\u00eak t\u00ea...\",\"breadcrumb\":{\"@id\":\"https:\\\/\\\/shanabooks.de\\\/product\\\/ferhenga-navan-mustafa-uzun\\\/#breadcrumb\"},\"inLanguage\":\"de\",\"potentialAction\":[{\"@type\":\"ReadAction\",\"target\":[\"https:\\\/\\\/shanabooks.de\\\/product\\\/ferhenga-navan-mustafa-uzun\\\/\"]}]},{\"@type\":\"ImageObject\",\"inLanguage\":\"de\",\"@id\":\"https:\\\/\\\/shanabooks.de\\\/product\\\/ferhenga-navan-mustafa-uzun\\\/#primaryimage\",\"url\":\"https:\\\/\\\/shanabooks.de\\\/wp-content\\\/uploads\\\/2024\\\/03\\\/Ferhenga-navan.jpg\",\"contentUrl\":\"https:\\\/\\\/shanabooks.de\\\/wp-content\\\/uploads\\\/2024\\\/03\\\/Ferhenga-navan.jpg\",\"width\":415,\"height\":717,\"caption\":\"Ferhenga Navan - Mustafa Uzun - pirt\u00fbk\u00ean kurd\u00ee - ferheng\"},{\"@type\":\"BreadcrumbList\",\"@id\":\"https:\\\/\\\/shanabooks.de\\\/product\\\/ferhenga-navan-mustafa-uzun\\\/#breadcrumb\",\"itemListElement\":[{\"@type\":\"ListItem\",\"position\":1,\"name\":\"\u0627\u0644\u0631\u0626\u064a\u0633\u064a\u0629\",\"item\":\"https:\\\/\\\/shanabooks.de\\\/de\\\/\"},{\"@type\":\"ListItem\",\"position\":2,\"name\":\"\u0627\u0644\u0645\u0646\u062a\u062c\u0627\u062a\",\"item\":\"https:\\\/\\\/shanabooks.de\\\/shop\\\/\"},{\"@type\":\"ListItem\",\"position\":3,\"name\":\"Ferhenga Navan\"}]},{\"@type\":\"WebSite\",\"@id\":\"https:\\\/\\\/shanabooks.de\\\/#website\",\"url\":\"https:\\\/\\\/shanabooks.de\\\/\",\"name\":\"www.shanbooks.de\",\"description\":\"C\u00eehana Pirt\u00fbk\u00ean Kurd\u00ee \u0645\u0643\u062a\u0628\u0629 \u0634\u0627\u0646\u0627 \u0641\u064a \u0627\u0644\u0645\u0627\u0646\u064a\u0627 \u0648\u0623\u0648\u0631\u0628\u0627\",\"publisher\":{\"@id\":\"https:\\\/\\\/shanabooks.de\\\/#organization\"},\"potentialAction\":[{\"@type\":\"SearchAction\",\"target\":{\"@type\":\"EntryPoint\",\"urlTemplate\":\"https:\\\/\\\/shanabooks.de\\\/?s={search_term_string}\"},\"query-input\":{\"@type\":\"PropertyValueSpecification\",\"valueRequired\":true,\"valueName\":\"search_term_string\"}}],\"inLanguage\":\"de\"},{\"@type\":\"Organization\",\"@id\":\"https:\\\/\\\/shanabooks.de\\\/#organization\",\"name\":\"www.shanbooks.de\",\"url\":\"https:\\\/\\\/shanabooks.de\\\/\",\"logo\":{\"@type\":\"ImageObject\",\"inLanguage\":\"de\",\"@id\":\"https:\\\/\\\/shanabooks.de\\\/#\\\/schema\\\/logo\\\/image\\\/\",\"url\":\"https:\\\/\\\/shanabooks.de\\\/wp-content\\\/uploads\\\/2024\\\/03\\\/SHANABOOKS__2_-removebg-preview.png\",\"contentUrl\":\"https:\\\/\\\/shanabooks.de\\\/wp-content\\\/uploads\\\/2024\\\/03\\\/SHANABOOKS__2_-removebg-preview.png\",\"width\":700,\"height\":150,\"caption\":\"www.shanbooks.de\"},\"image\":{\"@id\":\"https:\\\/\\\/shanabooks.de\\\/#\\\/schema\\\/logo\\\/image\\\/\"}}]}<\/script>\n<!-- \/ Yoast SEO plugin. -->","yoast_head_json":{"title":"Ferhenga Navan - Mustafa Uzun - www.shanabooks.de","description":"Ferhenga Navan - Mustafa Uzun \"Ferhenga Navan\" ku ji aliy\u00ea Mustafa Uzun ve hatiye amadekirin, di nav we\u015fan\u00ean Avesta de derket. Kit\u00eab ji du be\u015fan p\u00eak t\u00ea...","robots":{"index":"index","follow":"follow","max-snippet":"max-snippet:-1","max-image-preview":"max-image-preview:large","max-video-preview":"max-video-preview:-1"},"canonical":"https:\/\/shanabooks.de\/product\/ferhenga-navan-mustafa-uzun\/","og_locale":"de_DE","og_type":"article","og_title":"Ferhenga Navan - Mustafa Uzun - www.shanabooks.de","og_description":"Ferhenga Navan - Mustafa Uzun \"Ferhenga Navan\" ku ji aliy\u00ea Mustafa Uzun ve hatiye amadekirin, di nav we\u015fan\u00ean Avesta de derket. Kit\u00eab ji du be\u015fan p\u00eak t\u00ea...","og_url":"https:\/\/shanabooks.de\/product\/ferhenga-navan-mustafa-uzun\/","og_site_name":"www.shanabooks.de","article_modified_time":"2026-01-01T19:13:40+00:00","og_image":[{"width":415,"height":717,"url":"https:\/\/shanabooks.de\/wp-content\/uploads\/2024\/03\/Ferhenga-navan.jpg","type":"image\/jpeg"}],"twitter_card":"summary_large_image","twitter_misc":{"Gesch\u00e4tzte Lesezeit":"2\u00a0Minuten"},"schema":{"@context":"https:\/\/schema.org","@graph":[{"@type":"WebPage","@id":"https:\/\/shanabooks.de\/product\/ferhenga-navan-mustafa-uzun\/","url":"https:\/\/shanabooks.de\/product\/ferhenga-navan-mustafa-uzun\/","name":"Ferhenga Navan - Mustafa Uzun - www.shanabooks.de","isPartOf":{"@id":"https:\/\/shanabooks.de\/#website"},"primaryImageOfPage":{"@id":"https:\/\/shanabooks.de\/product\/ferhenga-navan-mustafa-uzun\/#primaryimage"},"image":{"@id":"https:\/\/shanabooks.de\/product\/ferhenga-navan-mustafa-uzun\/#primaryimage"},"thumbnailUrl":"https:\/\/shanabooks.de\/wp-content\/uploads\/2024\/03\/Ferhenga-navan.jpg","datePublished":"2024-03-03T19:39:40+00:00","dateModified":"2026-01-01T19:13:40+00:00","description":"Ferhenga Navan - Mustafa Uzun \"Ferhenga Navan\" ku ji aliy\u00ea Mustafa Uzun ve hatiye amadekirin, di nav we\u015fan\u00ean Avesta de derket. Kit\u00eab ji du be\u015fan p\u00eak t\u00ea...","breadcrumb":{"@id":"https:\/\/shanabooks.de\/product\/ferhenga-navan-mustafa-uzun\/#breadcrumb"},"inLanguage":"de","potentialAction":[{"@type":"ReadAction","target":["https:\/\/shanabooks.de\/product\/ferhenga-navan-mustafa-uzun\/"]}]},{"@type":"ImageObject","inLanguage":"de","@id":"https:\/\/shanabooks.de\/product\/ferhenga-navan-mustafa-uzun\/#primaryimage","url":"https:\/\/shanabooks.de\/wp-content\/uploads\/2024\/03\/Ferhenga-navan.jpg","contentUrl":"https:\/\/shanabooks.de\/wp-content\/uploads\/2024\/03\/Ferhenga-navan.jpg","width":415,"height":717,"caption":"Ferhenga Navan - Mustafa Uzun - pirt\u00fbk\u00ean kurd\u00ee - ferheng"},{"@type":"BreadcrumbList","@id":"https:\/\/shanabooks.de\/product\/ferhenga-navan-mustafa-uzun\/#breadcrumb","itemListElement":[{"@type":"ListItem","position":1,"name":"\u0627\u0644\u0631\u0626\u064a\u0633\u064a\u0629","item":"https:\/\/shanabooks.de\/de\/"},{"@type":"ListItem","position":2,"name":"\u0627\u0644\u0645\u0646\u062a\u062c\u0627\u062a","item":"https:\/\/shanabooks.de\/shop\/"},{"@type":"ListItem","position":3,"name":"Ferhenga Navan"}]},{"@type":"WebSite","@id":"https:\/\/shanabooks.de\/#website","url":"https:\/\/shanabooks.de\/","name":"www.shanbooks.de","description":"C\u00eehana Pirt\u00fbk\u00ean Kurd\u00ee \u0645\u0643\u062a\u0628\u0629 \u0634\u0627\u0646\u0627 \u0641\u064a \u0627\u0644\u0645\u0627\u0646\u064a\u0627 \u0648\u0623\u0648\u0631\u0628\u0627","publisher":{"@id":"https:\/\/shanabooks.de\/#organization"},"potentialAction":[{"@type":"SearchAction","target":{"@type":"EntryPoint","urlTemplate":"https:\/\/shanabooks.de\/?s={search_term_string}"},"query-input":{"@type":"PropertyValueSpecification","valueRequired":true,"valueName":"search_term_string"}}],"inLanguage":"de"},{"@type":"Organization","@id":"https:\/\/shanabooks.de\/#organization","name":"www.shanbooks.de","url":"https:\/\/shanabooks.de\/","logo":{"@type":"ImageObject","inLanguage":"de","@id":"https:\/\/shanabooks.de\/#\/schema\/logo\/image\/","url":"https:\/\/shanabooks.de\/wp-content\/uploads\/2024\/03\/SHANABOOKS__2_-removebg-preview.png","contentUrl":"https:\/\/shanabooks.de\/wp-content\/uploads\/2024\/03\/SHANABOOKS__2_-removebg-preview.png","width":700,"height":150,"caption":"www.shanbooks.de"},"image":{"@id":"https:\/\/shanabooks.de\/#\/schema\/logo\/image\/"}}]}},"jetpack_sharing_enabled":true,"_links":{"self":[{"href":"https:\/\/shanabooks.de\/de\/wp-json\/wp\/v2\/product\/11974","targetHints":{"allow":["GET"]}}],"collection":[{"href":"https:\/\/shanabooks.de\/de\/wp-json\/wp\/v2\/product"}],"about":[{"href":"https:\/\/shanabooks.de\/de\/wp-json\/wp\/v2\/types\/product"}],"version-history":[{"count":2,"href":"https:\/\/shanabooks.de\/de\/wp-json\/wp\/v2\/product\/11974\/revisions"}],"predecessor-version":[{"id":23134,"href":"https:\/\/shanabooks.de\/de\/wp-json\/wp\/v2\/product\/11974\/revisions\/23134"}],"wp:featuredmedia":[{"embeddable":true,"href":"https:\/\/shanabooks.de\/de\/wp-json\/wp\/v2\/media\/12043"}],"wp:attachment":[{"href":"https:\/\/shanabooks.de\/de\/wp-json\/wp\/v2\/media?parent=11974"}],"wp:term":[{"taxonomy":"product_brand","embeddable":true,"href":"https:\/\/shanabooks.de\/de\/wp-json\/wp\/v2\/product_brand?post=11974"},{"taxonomy":"product_cat","embeddable":true,"href":"https:\/\/shanabooks.de\/de\/wp-json\/wp\/v2\/product_cat?post=11974"},{"taxonomy":"product_tag","embeddable":true,"href":"https:\/\/shanabooks.de\/de\/wp-json\/wp\/v2\/product_tag?post=11974"}],"curies":[{"name":"wp","href":"https:\/\/api.w.org\/{rel}","templated":true}]}}