{"id":11978,"date":"2024-03-03T19:39:40","date_gmt":"2024-03-03T19:39:40","guid":{"rendered":"https:\/\/shanabooks.de\/?post_type=product&#038;p=11978"},"modified":"2026-01-01T19:11:28","modified_gmt":"2026-01-01T19:11:28","slug":"pirsname-grupek-niviskar","status":"publish","type":"product","link":"https:\/\/shanabooks.de\/de\/product\/pirsname-grupek-niviskar\/","title":{"rendered":"Pirsname"},"content":{"rendered":"<p dir=\"ltr\"><strong>Pirsname &#8211; Gr\u00fbpek niv\u00eeskar<\/strong><\/p>\n<p dir=\"ltr\">Ev pirt\u00fbk bi temam\u00ee li ser hev ji 820 pirsan p\u00eak t\u00ea. Weku Bankeya Pirs\u00ean Kurd\u00ee bi taybet\u00ee ji bo xwe amadekirina bernamay\u00ean L\u00eesansa Bilind a Kurd\u00ee \u00fb herwiha ji bo p\u00ea\u015fxistina zan\u00eena xwe ya derbar\u00ea Ziman \u00fb Edebiyata Kurd\u00ee de hatiye amadekirin. Ji aliy\u00ea naverok\u00ea ve pirt\u00fbk dabe\u015f\u00ea p\u00eanc be\u015fan b\u00fbye. Be\u015fa yekem derbar\u00ea Edebiyata Kurd\u00ee ya Klas\u00eek de ye ku her test 15 pirs li ser hev ji 10 testan p\u00eak t\u00ea. Be\u015fa duyem li ser Folklor \u00fb Edebiyata Kurd\u00ee ya Gel\u00ear\u00ee ye ku her testa w\u00ea ji 20 pirsan p\u00eak t\u00ea ku bi temam\u00ee li ser hev ji 9 testan \u00e7\u00ea b\u00fbye. Be\u015fa s\u00eayem ji bo R\u00eaziman, Rastniv\u00ees \u00fb Werger\u00ea hatiye terxankirin ku her testa w\u00ea ji 20 pirsan li ser hev ji 8 testan \u00e7\u00eab\u00fbye. Be\u015fa \u00e7arem derbar\u00ea Rojnameger\u00ee \u00fb Kovargeriya Kurd\u00ee ye ku her testeke w\u00ea ji 20 pirsan bi temam\u00ee li ser hev ji 9 testan p\u00eak hatiye. Her\u00ee daw\u00ee be\u015fa p\u00eancan e ku ew j\u00ee li ser W\u00eajeya Kurd\u00ee ya N\u00fbjen e ku her testeke w\u00ea ji 15 pirsan bi temam\u00ee li ser hev ji 10 testan p\u00eak hatiye. Ev pirt\u00fbka bi nav\u00ea Pirsname ya ku ji aliy\u00ea Gr\u00fbpek Niv\u00eeskar ve hatiye niv\u00ees\u00een ku hema hema li ser hem\u00fb babet\u00ean van qadan rawestiyaye, di ziman\u00ea kurd\u00ee de dibe tecrubeyeke n\u00fb ji bo kurd\u00eehezan.<\/p>\n","protected":false},"excerpt":{"rendered":"<p dir=\"ltr\" style=\"text-align: center\"><strong>Niv\u00eeskar: Gr\u00fbpek niv\u00eeskar<\/strong><br \/>\n<strong>Pirt\u00fbk: Pirsname<\/strong><br \/>\n<strong>Cure: Pirs<\/strong><\/p>\n","protected":false},"featured_media":12049,"template":"","meta":{"site-sidebar-layout":"default","site-content-layout":"","ast-site-content-layout":"default","site-content-style":"default","site-sidebar-style":"default","ast-global-header-display":"","ast-banner-title-visibility":"","ast-main-header-display":"","ast-hfb-above-header-display":"","ast-hfb-below-header-display":"","ast-hfb-mobile-header-display":"","site-post-title":"","ast-breadcrumbs-content":"","ast-featured-img":"","footer-sml-layout":"","ast-disable-related-posts":"","theme-transparent-header-meta":"default","adv-header-id-meta":"","stick-header-meta":"","header-above-stick-meta":"","header-main-stick-meta":"","header-below-stick-meta":"","astra-migrate-meta-layouts":"set","ast-page-background-enabled":"default","ast-page-background-meta":{"desktop":{"background-color":"","background-image":"","background-repeat":"repeat","background-position":"center center","background-size":"auto","background-attachment":"scroll","background-type":"","background-media":"","overlay-type":"","overlay-color":"","overlay-opacity":"","overlay-gradient":""},"tablet":{"background-color":"","background-image":"","background-repeat":"repeat","background-position":"center center","background-size":"auto","background-attachment":"scroll","background-type":"","background-media":"","overlay-type":"","overlay-color":"","overlay-opacity":"","overlay-gradient":""},"mobile":{"background-color":"","background-image":"","background-repeat":"repeat","background-position":"center center","background-size":"auto","background-attachment":"scroll","background-type":"","background-media":"","overlay-type":"","overlay-color":"","overlay-opacity":"","overlay-gradient":""}},"ast-content-background-meta":{"desktop":{"background-color":"var(--ast-global-color-5)","background-image":"","background-repeat":"repeat","background-position":"center center","background-size":"auto","background-attachment":"scroll","background-type":"","background-media":"","overlay-type":"","overlay-color":"","overlay-opacity":"","overlay-gradient":""},"tablet":{"background-color":"var(--ast-global-color-5)","background-image":"","background-repeat":"repeat","background-position":"center center","background-size":"auto","background-attachment":"scroll","background-type":"","background-media":"","overlay-type":"","overlay-color":"","overlay-opacity":"","overlay-gradient":""},"mobile":{"background-color":"var(--ast-global-color-5)","background-image":"","background-repeat":"repeat","background-position":"center center","background-size":"auto","background-attachment":"scroll","background-type":"","background-media":"","overlay-type":"","overlay-color":"","overlay-opacity":"","overlay-gradient":""}}},"product_brand":[],"product_cat":[334,178,193],"product_tag":[],"class_list":{"0":"post-11978","1":"product","2":"type-product","3":"status-publish","4":"has-post-thumbnail","6":"product_cat--_","9":"pa_-ferbuna-kurdi","10":"pa_-grupek-niviskar","11":"pa_-kurmanci","12":"pa_--dara-yayinlari","13":"desktop-align-left","14":"tablet-align-left","15":"mobile-align-left","17":"first","18":"instock","19":"shipping-taxable","20":"purchasable","21":"product-type-simple"},"yoast_head":"<!-- This site is optimized with the Yoast SEO plugin v27.4 - https:\/\/yoast.com\/product\/yoast-seo-wordpress\/ -->\n<title>Pirsname - Gr\u00fbpek niv\u00eeskar - www.shanabooks.de<\/title>\n<meta name=\"description\" content=\"Pirsname - Gr\u00fbpek niv\u00eeskar Ev pirt\u00fbk bi temam\u00ee li ser hev ji 820 pirsan p\u00eak t\u00ea. Weku Bankeya Pirs\u00ean Kurd\u00ee bi taybet\u00ee ji bo xwe amadekirina bernamay\u00ean L\u00ee...\" \/>\n<meta name=\"robots\" content=\"index, follow, max-snippet:-1, max-image-preview:large, max-video-preview:-1\" \/>\n<link rel=\"canonical\" href=\"https:\/\/shanabooks.de\/product\/pirsname-grupek-niviskar\/\" \/>\n<meta property=\"og:locale\" content=\"de_DE\" \/>\n<meta property=\"og:type\" content=\"article\" \/>\n<meta property=\"og:title\" content=\"Pirsname - Gr\u00fbpek niv\u00eeskar - www.shanabooks.de\" \/>\n<meta property=\"og:description\" content=\"Pirsname - Gr\u00fbpek niv\u00eeskar Ev pirt\u00fbk bi temam\u00ee li ser hev ji 820 pirsan p\u00eak t\u00ea. Weku Bankeya Pirs\u00ean Kurd\u00ee bi taybet\u00ee ji bo xwe amadekirina bernamay\u00ean L\u00ee...\" \/>\n<meta property=\"og:url\" content=\"https:\/\/shanabooks.de\/product\/pirsname-grupek-niviskar\/\" \/>\n<meta property=\"og:site_name\" content=\"www.shanabooks.de\" \/>\n<meta property=\"article:modified_time\" content=\"2026-01-01T19:11:28+00:00\" \/>\n<meta property=\"og:image\" content=\"https:\/\/shanabooks.de\/wp-content\/uploads\/2024\/03\/Pirsname-1.png\" \/>\n\t<meta property=\"og:image:width\" content=\"355\" \/>\n\t<meta property=\"og:image:height\" content=\"478\" \/>\n\t<meta property=\"og:image:type\" content=\"image\/png\" \/>\n<meta name=\"twitter:card\" content=\"summary_large_image\" \/>\n<meta name=\"twitter:label1\" content=\"Gesch\u00e4tzte Lesezeit\" \/>\n\t<meta name=\"twitter:data1\" content=\"2\u00a0Minuten\" \/>\n<script type=\"application\/ld+json\" class=\"yoast-schema-graph\">{\"@context\":\"https:\\\/\\\/schema.org\",\"@graph\":[{\"@type\":\"WebPage\",\"@id\":\"https:\\\/\\\/shanabooks.de\\\/product\\\/pirsname-grupek-niviskar\\\/\",\"url\":\"https:\\\/\\\/shanabooks.de\\\/product\\\/pirsname-grupek-niviskar\\\/\",\"name\":\"Pirsname - Gr\u00fbpek niv\u00eeskar - www.shanabooks.de\",\"isPartOf\":{\"@id\":\"https:\\\/\\\/shanabooks.de\\\/#website\"},\"primaryImageOfPage\":{\"@id\":\"https:\\\/\\\/shanabooks.de\\\/product\\\/pirsname-grupek-niviskar\\\/#primaryimage\"},\"image\":{\"@id\":\"https:\\\/\\\/shanabooks.de\\\/product\\\/pirsname-grupek-niviskar\\\/#primaryimage\"},\"thumbnailUrl\":\"https:\\\/\\\/shanabooks.de\\\/wp-content\\\/uploads\\\/2024\\\/03\\\/Pirsname-1.png\",\"datePublished\":\"2024-03-03T19:39:40+00:00\",\"dateModified\":\"2026-01-01T19:11:28+00:00\",\"description\":\"Pirsname - Gr\u00fbpek niv\u00eeskar Ev pirt\u00fbk bi temam\u00ee li ser hev ji 820 pirsan p\u00eak t\u00ea. Weku Bankeya Pirs\u00ean Kurd\u00ee bi taybet\u00ee ji bo xwe amadekirina bernamay\u00ean L\u00ee...\",\"breadcrumb\":{\"@id\":\"https:\\\/\\\/shanabooks.de\\\/product\\\/pirsname-grupek-niviskar\\\/#breadcrumb\"},\"inLanguage\":\"de\",\"potentialAction\":[{\"@type\":\"ReadAction\",\"target\":[\"https:\\\/\\\/shanabooks.de\\\/product\\\/pirsname-grupek-niviskar\\\/\"]}]},{\"@type\":\"ImageObject\",\"inLanguage\":\"de\",\"@id\":\"https:\\\/\\\/shanabooks.de\\\/product\\\/pirsname-grupek-niviskar\\\/#primaryimage\",\"url\":\"https:\\\/\\\/shanabooks.de\\\/wp-content\\\/uploads\\\/2024\\\/03\\\/Pirsname-1.png\",\"contentUrl\":\"https:\\\/\\\/shanabooks.de\\\/wp-content\\\/uploads\\\/2024\\\/03\\\/Pirsname-1.png\",\"width\":355,\"height\":478,\"caption\":\"Pirsname - Gr\u00fbpek niv\u00eeskar - pirt\u00fbk\u00ean kurd\u00ee\"},{\"@type\":\"BreadcrumbList\",\"@id\":\"https:\\\/\\\/shanabooks.de\\\/product\\\/pirsname-grupek-niviskar\\\/#breadcrumb\",\"itemListElement\":[{\"@type\":\"ListItem\",\"position\":1,\"name\":\"\u0627\u0644\u0631\u0626\u064a\u0633\u064a\u0629\",\"item\":\"https:\\\/\\\/shanabooks.de\\\/de\\\/\"},{\"@type\":\"ListItem\",\"position\":2,\"name\":\"\u0627\u0644\u0645\u0646\u062a\u062c\u0627\u062a\",\"item\":\"https:\\\/\\\/shanabooks.de\\\/shop\\\/\"},{\"@type\":\"ListItem\",\"position\":3,\"name\":\"Pirsname\"}]},{\"@type\":\"WebSite\",\"@id\":\"https:\\\/\\\/shanabooks.de\\\/#website\",\"url\":\"https:\\\/\\\/shanabooks.de\\\/\",\"name\":\"www.shanbooks.de\",\"description\":\"C\u00eehana Pirt\u00fbk\u00ean Kurd\u00ee \u0645\u0643\u062a\u0628\u0629 \u0634\u0627\u0646\u0627 \u0641\u064a \u0627\u0644\u0645\u0627\u0646\u064a\u0627 \u0648\u0623\u0648\u0631\u0628\u0627\",\"publisher\":{\"@id\":\"https:\\\/\\\/shanabooks.de\\\/#organization\"},\"potentialAction\":[{\"@type\":\"SearchAction\",\"target\":{\"@type\":\"EntryPoint\",\"urlTemplate\":\"https:\\\/\\\/shanabooks.de\\\/?s={search_term_string}\"},\"query-input\":{\"@type\":\"PropertyValueSpecification\",\"valueRequired\":true,\"valueName\":\"search_term_string\"}}],\"inLanguage\":\"de\"},{\"@type\":\"Organization\",\"@id\":\"https:\\\/\\\/shanabooks.de\\\/#organization\",\"name\":\"www.shanbooks.de\",\"url\":\"https:\\\/\\\/shanabooks.de\\\/\",\"logo\":{\"@type\":\"ImageObject\",\"inLanguage\":\"de\",\"@id\":\"https:\\\/\\\/shanabooks.de\\\/#\\\/schema\\\/logo\\\/image\\\/\",\"url\":\"https:\\\/\\\/shanabooks.de\\\/wp-content\\\/uploads\\\/2024\\\/03\\\/SHANABOOKS__2_-removebg-preview.png\",\"contentUrl\":\"https:\\\/\\\/shanabooks.de\\\/wp-content\\\/uploads\\\/2024\\\/03\\\/SHANABOOKS__2_-removebg-preview.png\",\"width\":700,\"height\":150,\"caption\":\"www.shanbooks.de\"},\"image\":{\"@id\":\"https:\\\/\\\/shanabooks.de\\\/#\\\/schema\\\/logo\\\/image\\\/\"}}]}<\/script>\n<!-- \/ Yoast SEO plugin. -->","yoast_head_json":{"title":"Pirsname - Gr\u00fbpek niv\u00eeskar - www.shanabooks.de","description":"Pirsname - Gr\u00fbpek niv\u00eeskar Ev pirt\u00fbk bi temam\u00ee li ser hev ji 820 pirsan p\u00eak t\u00ea. Weku Bankeya Pirs\u00ean Kurd\u00ee bi taybet\u00ee ji bo xwe amadekirina bernamay\u00ean L\u00ee...","robots":{"index":"index","follow":"follow","max-snippet":"max-snippet:-1","max-image-preview":"max-image-preview:large","max-video-preview":"max-video-preview:-1"},"canonical":"https:\/\/shanabooks.de\/product\/pirsname-grupek-niviskar\/","og_locale":"de_DE","og_type":"article","og_title":"Pirsname - Gr\u00fbpek niv\u00eeskar - www.shanabooks.de","og_description":"Pirsname - Gr\u00fbpek niv\u00eeskar Ev pirt\u00fbk bi temam\u00ee li ser hev ji 820 pirsan p\u00eak t\u00ea. Weku Bankeya Pirs\u00ean Kurd\u00ee bi taybet\u00ee ji bo xwe amadekirina bernamay\u00ean L\u00ee...","og_url":"https:\/\/shanabooks.de\/product\/pirsname-grupek-niviskar\/","og_site_name":"www.shanabooks.de","article_modified_time":"2026-01-01T19:11:28+00:00","og_image":[{"width":355,"height":478,"url":"https:\/\/shanabooks.de\/wp-content\/uploads\/2024\/03\/Pirsname-1.png","type":"image\/png"}],"twitter_card":"summary_large_image","twitter_misc":{"Gesch\u00e4tzte Lesezeit":"2\u00a0Minuten"},"schema":{"@context":"https:\/\/schema.org","@graph":[{"@type":"WebPage","@id":"https:\/\/shanabooks.de\/product\/pirsname-grupek-niviskar\/","url":"https:\/\/shanabooks.de\/product\/pirsname-grupek-niviskar\/","name":"Pirsname - Gr\u00fbpek niv\u00eeskar - www.shanabooks.de","isPartOf":{"@id":"https:\/\/shanabooks.de\/#website"},"primaryImageOfPage":{"@id":"https:\/\/shanabooks.de\/product\/pirsname-grupek-niviskar\/#primaryimage"},"image":{"@id":"https:\/\/shanabooks.de\/product\/pirsname-grupek-niviskar\/#primaryimage"},"thumbnailUrl":"https:\/\/shanabooks.de\/wp-content\/uploads\/2024\/03\/Pirsname-1.png","datePublished":"2024-03-03T19:39:40+00:00","dateModified":"2026-01-01T19:11:28+00:00","description":"Pirsname - Gr\u00fbpek niv\u00eeskar Ev pirt\u00fbk bi temam\u00ee li ser hev ji 820 pirsan p\u00eak t\u00ea. Weku Bankeya Pirs\u00ean Kurd\u00ee bi taybet\u00ee ji bo xwe amadekirina bernamay\u00ean L\u00ee...","breadcrumb":{"@id":"https:\/\/shanabooks.de\/product\/pirsname-grupek-niviskar\/#breadcrumb"},"inLanguage":"de","potentialAction":[{"@type":"ReadAction","target":["https:\/\/shanabooks.de\/product\/pirsname-grupek-niviskar\/"]}]},{"@type":"ImageObject","inLanguage":"de","@id":"https:\/\/shanabooks.de\/product\/pirsname-grupek-niviskar\/#primaryimage","url":"https:\/\/shanabooks.de\/wp-content\/uploads\/2024\/03\/Pirsname-1.png","contentUrl":"https:\/\/shanabooks.de\/wp-content\/uploads\/2024\/03\/Pirsname-1.png","width":355,"height":478,"caption":"Pirsname - Gr\u00fbpek niv\u00eeskar - pirt\u00fbk\u00ean kurd\u00ee"},{"@type":"BreadcrumbList","@id":"https:\/\/shanabooks.de\/product\/pirsname-grupek-niviskar\/#breadcrumb","itemListElement":[{"@type":"ListItem","position":1,"name":"\u0627\u0644\u0631\u0626\u064a\u0633\u064a\u0629","item":"https:\/\/shanabooks.de\/de\/"},{"@type":"ListItem","position":2,"name":"\u0627\u0644\u0645\u0646\u062a\u062c\u0627\u062a","item":"https:\/\/shanabooks.de\/shop\/"},{"@type":"ListItem","position":3,"name":"Pirsname"}]},{"@type":"WebSite","@id":"https:\/\/shanabooks.de\/#website","url":"https:\/\/shanabooks.de\/","name":"www.shanbooks.de","description":"C\u00eehana Pirt\u00fbk\u00ean Kurd\u00ee \u0645\u0643\u062a\u0628\u0629 \u0634\u0627\u0646\u0627 \u0641\u064a \u0627\u0644\u0645\u0627\u0646\u064a\u0627 \u0648\u0623\u0648\u0631\u0628\u0627","publisher":{"@id":"https:\/\/shanabooks.de\/#organization"},"potentialAction":[{"@type":"SearchAction","target":{"@type":"EntryPoint","urlTemplate":"https:\/\/shanabooks.de\/?s={search_term_string}"},"query-input":{"@type":"PropertyValueSpecification","valueRequired":true,"valueName":"search_term_string"}}],"inLanguage":"de"},{"@type":"Organization","@id":"https:\/\/shanabooks.de\/#organization","name":"www.shanbooks.de","url":"https:\/\/shanabooks.de\/","logo":{"@type":"ImageObject","inLanguage":"de","@id":"https:\/\/shanabooks.de\/#\/schema\/logo\/image\/","url":"https:\/\/shanabooks.de\/wp-content\/uploads\/2024\/03\/SHANABOOKS__2_-removebg-preview.png","contentUrl":"https:\/\/shanabooks.de\/wp-content\/uploads\/2024\/03\/SHANABOOKS__2_-removebg-preview.png","width":700,"height":150,"caption":"www.shanbooks.de"},"image":{"@id":"https:\/\/shanabooks.de\/#\/schema\/logo\/image\/"}}]}},"jetpack_sharing_enabled":true,"_links":{"self":[{"href":"https:\/\/shanabooks.de\/de\/wp-json\/wp\/v2\/product\/11978","targetHints":{"allow":["GET"]}}],"collection":[{"href":"https:\/\/shanabooks.de\/de\/wp-json\/wp\/v2\/product"}],"about":[{"href":"https:\/\/shanabooks.de\/de\/wp-json\/wp\/v2\/types\/product"}],"version-history":[{"count":3,"href":"https:\/\/shanabooks.de\/de\/wp-json\/wp\/v2\/product\/11978\/revisions"}],"predecessor-version":[{"id":20091,"href":"https:\/\/shanabooks.de\/de\/wp-json\/wp\/v2\/product\/11978\/revisions\/20091"}],"wp:featuredmedia":[{"embeddable":true,"href":"https:\/\/shanabooks.de\/de\/wp-json\/wp\/v2\/media\/12049"}],"wp:attachment":[{"href":"https:\/\/shanabooks.de\/de\/wp-json\/wp\/v2\/media?parent=11978"}],"wp:term":[{"taxonomy":"product_brand","embeddable":true,"href":"https:\/\/shanabooks.de\/de\/wp-json\/wp\/v2\/product_brand?post=11978"},{"taxonomy":"product_cat","embeddable":true,"href":"https:\/\/shanabooks.de\/de\/wp-json\/wp\/v2\/product_cat?post=11978"},{"taxonomy":"product_tag","embeddable":true,"href":"https:\/\/shanabooks.de\/de\/wp-json\/wp\/v2\/product_tag?post=11978"}],"curies":[{"name":"wp","href":"https:\/\/api.w.org\/{rel}","templated":true}]}}