{"id":12018,"date":"2024-03-03T19:40:02","date_gmt":"2024-03-03T19:40:02","guid":{"rendered":"https:\/\/shanabooks.de\/?post_type=product&#038;p=12018"},"modified":"2026-01-02T19:04:37","modified_gmt":"2026-01-02T19:04:37","slug":"ew-xanima-hene-hesen-silevani","status":"publish","type":"product","link":"https:\/\/shanabooks.de\/de\/product\/ew-xanima-hene-hesen-silevani\/","title":{"rendered":"Ew Xanima Hen\u00ea"},"content":{"rendered":"<p dir=\"ltr\"><strong>Ew Xanima Hen\u00ea &#8211; Hesen Sil\u00eavan\u00ee\u00a0<\/strong><\/p>\n<div class=\"wysiwyg prd_description\">\n<p dir=\"ltr\">Helbest \u00e7alakiyeke hi\u015f\u00ee, hawar \u00fb q\u00ear\u00eeneke dil\u00ee ye. Hesen Sil\u00eavan\u00ee di berhema xwe ya bi nav\u00ea Ew Xanima Hen\u00ea da v\u00ea rastiy\u00ea bi zimanek herikbar, bi h\u00eamay\u00ean n\u00fb \u00fb bi \u015f\u00eawazek cuda raber\u00ee me kiriye.Ew digel rastiya civak\u00ea \u00fb hest \u00fb best\u00ean takekesiy\u00ea di nav hev de tekel nake.Berpirsiyariya xwe ya civak\u00ee \u00fb ya der\u00fbniya takekes\u00ee nake qurbana hev.Herdu aliyan j\u00ee bi taybetiy\u00ean wan \u00ean resen,bi kod\u00ean li hevhat\u00ee y\u00ea devoka Behd\u00eenan\u00ea ji n\u00fb ve diafir\u00eene.Ew \u00e7iyay\u00ean ku tu car\u00ee tifing \u00fb p\u00ea\u015fmerge j\u00ea k\u00eam neb\u00fbne doza alaya xwe dikin,ew dil\u00ea her bi xemginiy\u00ea re heval e bang\u00ee gula xwe ya hev ned\u00eet\u00ee dike.Hesen Sl\u00eavan\u00ee ber\u00ea me dide deriy\u00ea vegotinek n\u00fb \u00fb asoyeke reng\u00een.Heyv \u00fb \u015fev \u00fb raz\u00ean wan berb\u00fb \u00fb xwezginiy\u00ean me,st\u00eark \u00fb ba pasvan \u00fb r\u00eaval\u00ean me ne.Bi xwendina v\u00ea berhem\u00ea em dest bi geryanek\u00ea dikin ji hi\u015f\u00ee ber bi dil\u00ea xwe ve ;em bi v\u00ea r\u00eawitiy\u00ea rast\u00ee h\u00eaz \u00fb \u015fiyana dil\u00ea xwe \u00fb p\u00eadiviy\u00ean w\u00ea y\u00ean her hatine ko kirin t\u00ean.\u201dEw Xanima Han\u00ea\u201d,deriy\u00ea xwe nas\u00een \u00fb xwe kemilandin\u00ea ye;fermo!<\/p>\n<p dir=\"ltr\">\u201cTirsa \u015feve<br \/>\nP\u00eangav\u00ean hespek\u00ea ne<br \/>\nLi ser singa day\u00eekeka<br \/>\nZaroya w\u00ea<br \/>\nBi dir\u00eajiya \u015feve<br \/>\nJi bil\u00ee gir\u00ee \u00fb bir\u00e7\u00eeb\u00fbn\u00ea<br \/>\n\u00c7i zimanan nizane\u201d<\/p>\n<\/div>\n<div class=\"table-block view-table prd_custom_fields\">\n<div class=\"table-row table-body-row prd_custom_fields_0\"><\/div>\n<\/div>\n","protected":false},"excerpt":{"rendered":"<p dir=\"ltr\" style=\"text-align: center;\"><strong>Pirt\u00fbk: Ew Xanima Hen\u00ea<\/strong><br \/>\n<strong>Niv\u00eeskar: Hesen Sil\u00eavan\u00ee<br \/>\nCure: Helbest<\/strong><\/p>\n<p dir=\"ltr\" style=\"text-align: center;\">\n","protected":false},"featured_media":12056,"template":"","meta":{"site-sidebar-layout":"default","site-content-layout":"","ast-site-content-layout":"default","site-content-style":"default","site-sidebar-style":"default","ast-global-header-display":"","ast-banner-title-visibility":"","ast-main-header-display":"","ast-hfb-above-header-display":"","ast-hfb-below-header-display":"","ast-hfb-mobile-header-display":"","site-post-title":"","ast-breadcrumbs-content":"","ast-featured-img":"","footer-sml-layout":"","ast-disable-related-posts":"","theme-transparent-header-meta":"default","adv-header-id-meta":"","stick-header-meta":"","header-above-stick-meta":"","header-main-stick-meta":"","header-below-stick-meta":"","astra-migrate-meta-layouts":"set","ast-page-background-enabled":"default","ast-page-background-meta":{"desktop":{"background-color":"","background-image":"","background-repeat":"repeat","background-position":"center center","background-size":"auto","background-attachment":"scroll","background-type":"","background-media":"","overlay-type":"","overlay-color":"","overlay-opacity":"","overlay-gradient":""},"tablet":{"background-color":"","background-image":"","background-repeat":"repeat","background-position":"center center","background-size":"auto","background-attachment":"scroll","background-type":"","background-media":"","overlay-type":"","overlay-color":"","overlay-opacity":"","overlay-gradient":""},"mobile":{"background-color":"","background-image":"","background-repeat":"repeat","background-position":"center center","background-size":"auto","background-attachment":"scroll","background-type":"","background-media":"","overlay-type":"","overlay-color":"","overlay-opacity":"","overlay-gradient":""}},"ast-content-background-meta":{"desktop":{"background-color":"var(--ast-global-color-5)","background-image":"","background-repeat":"repeat","background-position":"center center","background-size":"auto","background-attachment":"scroll","background-type":"","background-media":"","overlay-type":"","overlay-color":"","overlay-opacity":"","overlay-gradient":""},"tablet":{"background-color":"var(--ast-global-color-5)","background-image":"","background-repeat":"repeat","background-position":"center center","background-size":"auto","background-attachment":"scroll","background-type":"","background-media":"","overlay-type":"","overlay-color":"","overlay-opacity":"","overlay-gradient":""},"mobile":{"background-color":"var(--ast-global-color-5)","background-image":"","background-repeat":"repeat","background-position":"center center","background-size":"auto","background-attachment":"scroll","background-type":"","background-media":"","overlay-type":"","overlay-color":"","overlay-opacity":"","overlay-gradient":""}}},"product_brand":[],"product_cat":[184,193],"product_tag":[],"class_list":{"0":"post-12018","1":"product","2":"type-product","3":"status-publish","4":"has-post-thumbnail","6":"product_cat-_","7":"product_cat--_","8":"pa_-helbest","9":"pa_-hesen-silevani","10":"pa_-kurmanci","11":"pa_--lis-yayinevi","12":"desktop-align-left","13":"tablet-align-left","14":"mobile-align-left","16":"first","17":"instock","18":"shipping-taxable","19":"purchasable","20":"product-type-simple"},"yoast_head":"<!-- This site is optimized with the Yoast SEO plugin v27.4 - https:\/\/yoast.com\/product\/yoast-seo-wordpress\/ -->\n<title>Ew Xanima Hen\u00ea - Hesen Sil\u00eavan\u00ee - www.shanabooks.de<\/title>\n<meta name=\"description\" content=\"Ew Xanima Hen\u00ea - Hesen Sil\u00eavan\u00ee\u00a0Helbest \u00e7alakiyeke hi\u015f\u00ee, hawar \u00fb q\u00ear\u00eeneke dil\u00ee ye. Hesen Sl\u00eavan\u00ee di berhema xwe ya \u201cEw Xanima Hen\u00ea\u201d da v\u00ea rastiy\u00ea bi ...\" \/>\n<meta name=\"robots\" content=\"index, follow, max-snippet:-1, max-image-preview:large, max-video-preview:-1\" \/>\n<link rel=\"canonical\" href=\"https:\/\/shanabooks.de\/product\/ew-xanima-hene-hesen-silevani\/\" \/>\n<meta property=\"og:locale\" content=\"de_DE\" \/>\n<meta property=\"og:type\" content=\"article\" \/>\n<meta property=\"og:title\" content=\"Ew Xanima Hen\u00ea - Hesen Sil\u00eavan\u00ee - www.shanabooks.de\" \/>\n<meta property=\"og:description\" content=\"Ew Xanima Hen\u00ea - Hesen Sil\u00eavan\u00ee\u00a0Helbest \u00e7alakiyeke hi\u015f\u00ee, hawar \u00fb q\u00ear\u00eeneke dil\u00ee ye. Hesen Sl\u00eavan\u00ee di berhema xwe ya \u201cEw Xanima Hen\u00ea\u201d da v\u00ea rastiy\u00ea bi ...\" \/>\n<meta property=\"og:url\" content=\"https:\/\/shanabooks.de\/product\/ew-xanima-hene-hesen-silevani\/\" \/>\n<meta property=\"og:site_name\" content=\"www.shanabooks.de\" \/>\n<meta property=\"article:modified_time\" content=\"2026-01-02T19:04:37+00:00\" \/>\n<meta property=\"og:image\" content=\"https:\/\/shanabooks.de\/wp-content\/uploads\/2024\/03\/ew-xanima-hene-lis.png\" \/>\n\t<meta property=\"og:image:width\" content=\"463\" \/>\n\t<meta property=\"og:image:height\" content=\"711\" \/>\n\t<meta property=\"og:image:type\" content=\"image\/png\" \/>\n<meta name=\"twitter:card\" content=\"summary_large_image\" \/>\n<meta name=\"twitter:label1\" content=\"Gesch\u00e4tzte Lesezeit\" \/>\n\t<meta name=\"twitter:data1\" content=\"2\u00a0Minuten\" \/>\n<script type=\"application\/ld+json\" class=\"yoast-schema-graph\">{\"@context\":\"https:\\\/\\\/schema.org\",\"@graph\":[{\"@type\":\"WebPage\",\"@id\":\"https:\\\/\\\/shanabooks.de\\\/product\\\/ew-xanima-hene-hesen-silevani\\\/\",\"url\":\"https:\\\/\\\/shanabooks.de\\\/product\\\/ew-xanima-hene-hesen-silevani\\\/\",\"name\":\"Ew Xanima Hen\u00ea - Hesen Sil\u00eavan\u00ee - www.shanabooks.de\",\"isPartOf\":{\"@id\":\"https:\\\/\\\/shanabooks.de\\\/#website\"},\"primaryImageOfPage\":{\"@id\":\"https:\\\/\\\/shanabooks.de\\\/product\\\/ew-xanima-hene-hesen-silevani\\\/#primaryimage\"},\"image\":{\"@id\":\"https:\\\/\\\/shanabooks.de\\\/product\\\/ew-xanima-hene-hesen-silevani\\\/#primaryimage\"},\"thumbnailUrl\":\"https:\\\/\\\/shanabooks.de\\\/wp-content\\\/uploads\\\/2024\\\/03\\\/ew-xanima-hene-lis.png\",\"datePublished\":\"2024-03-03T19:40:02+00:00\",\"dateModified\":\"2026-01-02T19:04:37+00:00\",\"description\":\"Ew Xanima Hen\u00ea - Hesen Sil\u00eavan\u00ee\u00a0Helbest \u00e7alakiyeke hi\u015f\u00ee, hawar \u00fb q\u00ear\u00eeneke dil\u00ee ye. Hesen Sl\u00eavan\u00ee di berhema xwe ya \u201cEw Xanima Hen\u00ea\u201d da v\u00ea rastiy\u00ea bi ...\",\"breadcrumb\":{\"@id\":\"https:\\\/\\\/shanabooks.de\\\/product\\\/ew-xanima-hene-hesen-silevani\\\/#breadcrumb\"},\"inLanguage\":\"de\",\"potentialAction\":[{\"@type\":\"ReadAction\",\"target\":[\"https:\\\/\\\/shanabooks.de\\\/product\\\/ew-xanima-hene-hesen-silevani\\\/\"]}]},{\"@type\":\"ImageObject\",\"inLanguage\":\"de\",\"@id\":\"https:\\\/\\\/shanabooks.de\\\/product\\\/ew-xanima-hene-hesen-silevani\\\/#primaryimage\",\"url\":\"https:\\\/\\\/shanabooks.de\\\/wp-content\\\/uploads\\\/2024\\\/03\\\/ew-xanima-hene-lis.png\",\"contentUrl\":\"https:\\\/\\\/shanabooks.de\\\/wp-content\\\/uploads\\\/2024\\\/03\\\/ew-xanima-hene-lis.png\",\"width\":463,\"height\":711,\"caption\":\"Ew Xanima Hen\u00ea - Hesen Sil\u00eavan\u00ee\u00a0 - pirt\u00fbk\u00ean kurd\u00ee - helbest\"},{\"@type\":\"BreadcrumbList\",\"@id\":\"https:\\\/\\\/shanabooks.de\\\/product\\\/ew-xanima-hene-hesen-silevani\\\/#breadcrumb\",\"itemListElement\":[{\"@type\":\"ListItem\",\"position\":1,\"name\":\"\u0627\u0644\u0631\u0626\u064a\u0633\u064a\u0629\",\"item\":\"https:\\\/\\\/shanabooks.de\\\/de\\\/\"},{\"@type\":\"ListItem\",\"position\":2,\"name\":\"\u0627\u0644\u0645\u0646\u062a\u062c\u0627\u062a\",\"item\":\"https:\\\/\\\/shanabooks.de\\\/shop\\\/\"},{\"@type\":\"ListItem\",\"position\":3,\"name\":\"Ew Xanima Hen\u00ea\"}]},{\"@type\":\"WebSite\",\"@id\":\"https:\\\/\\\/shanabooks.de\\\/#website\",\"url\":\"https:\\\/\\\/shanabooks.de\\\/\",\"name\":\"www.shanbooks.de\",\"description\":\"C\u00eehana Pirt\u00fbk\u00ean Kurd\u00ee \u0645\u0643\u062a\u0628\u0629 \u0634\u0627\u0646\u0627 \u0641\u064a \u0627\u0644\u0645\u0627\u0646\u064a\u0627 \u0648\u0623\u0648\u0631\u0628\u0627\",\"publisher\":{\"@id\":\"https:\\\/\\\/shanabooks.de\\\/#organization\"},\"potentialAction\":[{\"@type\":\"SearchAction\",\"target\":{\"@type\":\"EntryPoint\",\"urlTemplate\":\"https:\\\/\\\/shanabooks.de\\\/?s={search_term_string}\"},\"query-input\":{\"@type\":\"PropertyValueSpecification\",\"valueRequired\":true,\"valueName\":\"search_term_string\"}}],\"inLanguage\":\"de\"},{\"@type\":\"Organization\",\"@id\":\"https:\\\/\\\/shanabooks.de\\\/#organization\",\"name\":\"www.shanbooks.de\",\"url\":\"https:\\\/\\\/shanabooks.de\\\/\",\"logo\":{\"@type\":\"ImageObject\",\"inLanguage\":\"de\",\"@id\":\"https:\\\/\\\/shanabooks.de\\\/#\\\/schema\\\/logo\\\/image\\\/\",\"url\":\"https:\\\/\\\/shanabooks.de\\\/wp-content\\\/uploads\\\/2024\\\/03\\\/SHANABOOKS__2_-removebg-preview.png\",\"contentUrl\":\"https:\\\/\\\/shanabooks.de\\\/wp-content\\\/uploads\\\/2024\\\/03\\\/SHANABOOKS__2_-removebg-preview.png\",\"width\":700,\"height\":150,\"caption\":\"www.shanbooks.de\"},\"image\":{\"@id\":\"https:\\\/\\\/shanabooks.de\\\/#\\\/schema\\\/logo\\\/image\\\/\"}}]}<\/script>\n<!-- \/ Yoast SEO plugin. -->","yoast_head_json":{"title":"Ew Xanima Hen\u00ea - Hesen Sil\u00eavan\u00ee - www.shanabooks.de","description":"Ew Xanima Hen\u00ea - Hesen Sil\u00eavan\u00ee\u00a0Helbest \u00e7alakiyeke hi\u015f\u00ee, hawar \u00fb q\u00ear\u00eeneke dil\u00ee ye. Hesen Sl\u00eavan\u00ee di berhema xwe ya \u201cEw Xanima Hen\u00ea\u201d da v\u00ea rastiy\u00ea bi ...","robots":{"index":"index","follow":"follow","max-snippet":"max-snippet:-1","max-image-preview":"max-image-preview:large","max-video-preview":"max-video-preview:-1"},"canonical":"https:\/\/shanabooks.de\/product\/ew-xanima-hene-hesen-silevani\/","og_locale":"de_DE","og_type":"article","og_title":"Ew Xanima Hen\u00ea - Hesen Sil\u00eavan\u00ee - www.shanabooks.de","og_description":"Ew Xanima Hen\u00ea - Hesen Sil\u00eavan\u00ee\u00a0Helbest \u00e7alakiyeke hi\u015f\u00ee, hawar \u00fb q\u00ear\u00eeneke dil\u00ee ye. Hesen Sl\u00eavan\u00ee di berhema xwe ya \u201cEw Xanima Hen\u00ea\u201d da v\u00ea rastiy\u00ea bi ...","og_url":"https:\/\/shanabooks.de\/product\/ew-xanima-hene-hesen-silevani\/","og_site_name":"www.shanabooks.de","article_modified_time":"2026-01-02T19:04:37+00:00","og_image":[{"width":463,"height":711,"url":"https:\/\/shanabooks.de\/wp-content\/uploads\/2024\/03\/ew-xanima-hene-lis.png","type":"image\/png"}],"twitter_card":"summary_large_image","twitter_misc":{"Gesch\u00e4tzte Lesezeit":"2\u00a0Minuten"},"schema":{"@context":"https:\/\/schema.org","@graph":[{"@type":"WebPage","@id":"https:\/\/shanabooks.de\/product\/ew-xanima-hene-hesen-silevani\/","url":"https:\/\/shanabooks.de\/product\/ew-xanima-hene-hesen-silevani\/","name":"Ew Xanima Hen\u00ea - Hesen Sil\u00eavan\u00ee - www.shanabooks.de","isPartOf":{"@id":"https:\/\/shanabooks.de\/#website"},"primaryImageOfPage":{"@id":"https:\/\/shanabooks.de\/product\/ew-xanima-hene-hesen-silevani\/#primaryimage"},"image":{"@id":"https:\/\/shanabooks.de\/product\/ew-xanima-hene-hesen-silevani\/#primaryimage"},"thumbnailUrl":"https:\/\/shanabooks.de\/wp-content\/uploads\/2024\/03\/ew-xanima-hene-lis.png","datePublished":"2024-03-03T19:40:02+00:00","dateModified":"2026-01-02T19:04:37+00:00","description":"Ew Xanima Hen\u00ea - Hesen Sil\u00eavan\u00ee\u00a0Helbest \u00e7alakiyeke hi\u015f\u00ee, hawar \u00fb q\u00ear\u00eeneke dil\u00ee ye. Hesen Sl\u00eavan\u00ee di berhema xwe ya \u201cEw Xanima Hen\u00ea\u201d da v\u00ea rastiy\u00ea bi ...","breadcrumb":{"@id":"https:\/\/shanabooks.de\/product\/ew-xanima-hene-hesen-silevani\/#breadcrumb"},"inLanguage":"de","potentialAction":[{"@type":"ReadAction","target":["https:\/\/shanabooks.de\/product\/ew-xanima-hene-hesen-silevani\/"]}]},{"@type":"ImageObject","inLanguage":"de","@id":"https:\/\/shanabooks.de\/product\/ew-xanima-hene-hesen-silevani\/#primaryimage","url":"https:\/\/shanabooks.de\/wp-content\/uploads\/2024\/03\/ew-xanima-hene-lis.png","contentUrl":"https:\/\/shanabooks.de\/wp-content\/uploads\/2024\/03\/ew-xanima-hene-lis.png","width":463,"height":711,"caption":"Ew Xanima Hen\u00ea - Hesen Sil\u00eavan\u00ee\u00a0 - pirt\u00fbk\u00ean kurd\u00ee - helbest"},{"@type":"BreadcrumbList","@id":"https:\/\/shanabooks.de\/product\/ew-xanima-hene-hesen-silevani\/#breadcrumb","itemListElement":[{"@type":"ListItem","position":1,"name":"\u0627\u0644\u0631\u0626\u064a\u0633\u064a\u0629","item":"https:\/\/shanabooks.de\/de\/"},{"@type":"ListItem","position":2,"name":"\u0627\u0644\u0645\u0646\u062a\u062c\u0627\u062a","item":"https:\/\/shanabooks.de\/shop\/"},{"@type":"ListItem","position":3,"name":"Ew Xanima Hen\u00ea"}]},{"@type":"WebSite","@id":"https:\/\/shanabooks.de\/#website","url":"https:\/\/shanabooks.de\/","name":"www.shanbooks.de","description":"C\u00eehana Pirt\u00fbk\u00ean Kurd\u00ee \u0645\u0643\u062a\u0628\u0629 \u0634\u0627\u0646\u0627 \u0641\u064a \u0627\u0644\u0645\u0627\u0646\u064a\u0627 \u0648\u0623\u0648\u0631\u0628\u0627","publisher":{"@id":"https:\/\/shanabooks.de\/#organization"},"potentialAction":[{"@type":"SearchAction","target":{"@type":"EntryPoint","urlTemplate":"https:\/\/shanabooks.de\/?s={search_term_string}"},"query-input":{"@type":"PropertyValueSpecification","valueRequired":true,"valueName":"search_term_string"}}],"inLanguage":"de"},{"@type":"Organization","@id":"https:\/\/shanabooks.de\/#organization","name":"www.shanbooks.de","url":"https:\/\/shanabooks.de\/","logo":{"@type":"ImageObject","inLanguage":"de","@id":"https:\/\/shanabooks.de\/#\/schema\/logo\/image\/","url":"https:\/\/shanabooks.de\/wp-content\/uploads\/2024\/03\/SHANABOOKS__2_-removebg-preview.png","contentUrl":"https:\/\/shanabooks.de\/wp-content\/uploads\/2024\/03\/SHANABOOKS__2_-removebg-preview.png","width":700,"height":150,"caption":"www.shanbooks.de"},"image":{"@id":"https:\/\/shanabooks.de\/#\/schema\/logo\/image\/"}}]}},"jetpack_sharing_enabled":true,"_links":{"self":[{"href":"https:\/\/shanabooks.de\/de\/wp-json\/wp\/v2\/product\/12018","targetHints":{"allow":["GET"]}}],"collection":[{"href":"https:\/\/shanabooks.de\/de\/wp-json\/wp\/v2\/product"}],"about":[{"href":"https:\/\/shanabooks.de\/de\/wp-json\/wp\/v2\/types\/product"}],"version-history":[{"count":3,"href":"https:\/\/shanabooks.de\/de\/wp-json\/wp\/v2\/product\/12018\/revisions"}],"predecessor-version":[{"id":23094,"href":"https:\/\/shanabooks.de\/de\/wp-json\/wp\/v2\/product\/12018\/revisions\/23094"}],"wp:featuredmedia":[{"embeddable":true,"href":"https:\/\/shanabooks.de\/de\/wp-json\/wp\/v2\/media\/12056"}],"wp:attachment":[{"href":"https:\/\/shanabooks.de\/de\/wp-json\/wp\/v2\/media?parent=12018"}],"wp:term":[{"taxonomy":"product_brand","embeddable":true,"href":"https:\/\/shanabooks.de\/de\/wp-json\/wp\/v2\/product_brand?post=12018"},{"taxonomy":"product_cat","embeddable":true,"href":"https:\/\/shanabooks.de\/de\/wp-json\/wp\/v2\/product_cat?post=12018"},{"taxonomy":"product_tag","embeddable":true,"href":"https:\/\/shanabooks.de\/de\/wp-json\/wp\/v2\/product_tag?post=12018"}],"curies":[{"name":"wp","href":"https:\/\/api.w.org\/{rel}","templated":true}]}}