{"id":12019,"date":"2024-03-03T19:40:02","date_gmt":"2024-03-03T19:40:02","guid":{"rendered":"https:\/\/shanabooks.de\/?post_type=product&#038;p=12019"},"modified":"2024-11-03T21:32:07","modified_gmt":"2024-11-03T21:32:07","slug":"maria-melekek-bu-firat-ceweri","status":"publish","type":"product","link":"https:\/\/shanabooks.de\/de\/product\/maria-melekek-bu-firat-ceweri\/","title":{"rendered":"Maria Melekek b\u00fb\u00a0"},"content":{"rendered":"<p dir=\"ltr\"><strong>Maria Melekek b\u00fb &#8211; Firat Cewer\u00ee<\/strong><\/p>\n<p dir=\"ltr\">\u201dTu h\u00ears b\u00fby\u00ee, te dest\u00ea xwe y\u00ea rast\u00ea kir gurmist \u00fb heta ji te hat, te li n\u00eev\u00ea neynik\u00ea da. Neynik per\u00e7e b\u00fb \u00fb per\u00e7ak ji r\u00fby\u00ea te j\u00ee bi neynik\u00ea re hat xwar\u00ea. Te tavil\u00ea dest\u00ea xwe da r\u00fby\u00ea xwe; r\u00fby\u00ea te li cih\u00ea xwe b\u00fb, l\u00ea te di dest\u00ea xwe de \u00ea\u015feke sivik his kir. Te xwe ji ber neynik\u00ea neda al\u00ee. Te di neynika per\u00e7eb\u00fby\u00ee de li derz\u00ean r\u00fby\u00ea xwe tema\u015fe kir.\u201d<\/p>\n<p dir=\"ltr\">Derz\u00ean r\u00fby\u00ea leheng\u00ea roman\u00ea Daniel, n\u00ee\u015fana bir\u00eena k\u00fbr ya dil\u00ea w\u00ee ye. B\u00fbyer\u00ean roj\u00ean bihur\u00ee dev j\u00ea bernadin, dike nake nikare \u015fexsiyeta xwe ya per\u00e7eb\u00fby\u00ee bi ser hev de bin\u00eene. Li xwe digere, l\u00ea xwe nab\u00eene\u2026 Firat Cewer\u00ee, bi estet\u00eekeke edeb\u00ee \u00fb k\u00fbraniyeke ps\u00eekoloj\u00eek dadikeve ruhiyeta leheng\u00ean xwe, me dibe c\u00eehana wan ya xal\u00ee \u00fb dike \u015fir\u00eek\u00ean \u00ea\u015f \u00fb azar\u00ean wan.<\/p>\n<p dir=\"ltr\">Maria Melekek b\u00fb ya Firat Cewer\u00ee ji we\u015fan\u00ean Avestay\u00ea derketiye.<\/p>\n","protected":false},"excerpt":{"rendered":"<p dir=\"ltr\" style=\"text-align: center;\"><strong>Pirt\u00fbk: Maria Melekek b\u00fb<br \/>\nNiv\u00eeskar: Firat Cewer\u00ee<\/strong><br \/>\n<strong>Cure: Roman<\/strong><\/p>\n","protected":false},"featured_media":12058,"template":"","meta":{"site-sidebar-layout":"default","site-content-layout":"","ast-site-content-layout":"default","site-content-style":"default","site-sidebar-style":"default","ast-global-header-display":"","ast-banner-title-visibility":"","ast-main-header-display":"","ast-hfb-above-header-display":"","ast-hfb-below-header-display":"","ast-hfb-mobile-header-display":"","site-post-title":"","ast-breadcrumbs-content":"","ast-featured-img":"","footer-sml-layout":"","ast-disable-related-posts":"","theme-transparent-header-meta":"default","adv-header-id-meta":"","stick-header-meta":"","header-above-stick-meta":"","header-main-stick-meta":"","header-below-stick-meta":"","astra-migrate-meta-layouts":"set","ast-page-background-enabled":"default","ast-page-background-meta":{"desktop":{"background-color":"","background-image":"","background-repeat":"repeat","background-position":"center center","background-size":"auto","background-attachment":"scroll","background-type":"","background-media":"","overlay-type":"","overlay-color":"","overlay-opacity":"","overlay-gradient":""},"tablet":{"background-color":"","background-image":"","background-repeat":"repeat","background-position":"center center","background-size":"auto","background-attachment":"scroll","background-type":"","background-media":"","overlay-type":"","overlay-color":"","overlay-opacity":"","overlay-gradient":""},"mobile":{"background-color":"","background-image":"","background-repeat":"repeat","background-position":"center center","background-size":"auto","background-attachment":"scroll","background-type":"","background-media":"","overlay-type":"","overlay-color":"","overlay-opacity":"","overlay-gradient":""}},"ast-content-background-meta":{"desktop":{"background-color":"var(--ast-global-color-5)","background-image":"","background-repeat":"repeat","background-position":"center center","background-size":"auto","background-attachment":"scroll","background-type":"","background-media":"","overlay-type":"","overlay-color":"","overlay-opacity":"","overlay-gradient":""},"tablet":{"background-color":"var(--ast-global-color-5)","background-image":"","background-repeat":"repeat","background-position":"center center","background-size":"auto","background-attachment":"scroll","background-type":"","background-media":"","overlay-type":"","overlay-color":"","overlay-opacity":"","overlay-gradient":""},"mobile":{"background-color":"var(--ast-global-color-5)","background-image":"","background-repeat":"repeat","background-position":"center center","background-size":"auto","background-attachment":"scroll","background-type":"","background-media":"","overlay-type":"","overlay-color":"","overlay-opacity":"","overlay-gradient":""}}},"product_brand":[],"product_cat":[182,193],"product_tag":[],"class_list":{"0":"post-12019","1":"product","2":"type-product","3":"status-publish","4":"has-post-thumbnail","6":"product_cat-_","7":"product_cat--_","8":"pa_-roman","9":"pa_-firat-ceweri","10":"pa_-kurmanci","11":"pa_--avesta-yayinlari","12":"desktop-align-left","13":"tablet-align-left","14":"mobile-align-left","16":"first","17":"instock","18":"shipping-taxable","19":"purchasable","20":"product-type-simple"},"yoast_head":"<!-- This site is optimized with the Yoast SEO plugin v27.4 - https:\/\/yoast.com\/product\/yoast-seo-wordpress\/ -->\n<title>Maria Melekek b\u00fb - Firat Cewer\u00ee - www.shanabooks.de<\/title>\n<meta name=\"description\" content=\"Maria Melekek b\u00fb - Firat Cewer\u00ee \u201dTu h\u00ears b\u00fby\u00ee, te dest\u00ea xwe y\u00ea rast\u00ea kir gurmist \u00fb heta ji te hat, te li n\u00eev\u00ea neynik\u00ea da. Neynik per\u00e7e b\u00fb \u00fb per\u00e7ak ji ...\" \/>\n<meta name=\"robots\" content=\"index, follow, max-snippet:-1, max-image-preview:large, max-video-preview:-1\" \/>\n<link rel=\"canonical\" href=\"https:\/\/shanabooks.de\/product\/maria-melekek-bu-firat-ceweri\/\" \/>\n<meta property=\"og:locale\" content=\"de_DE\" \/>\n<meta property=\"og:type\" content=\"article\" \/>\n<meta property=\"og:title\" content=\"Maria Melekek b\u00fb - Firat Cewer\u00ee - www.shanabooks.de\" \/>\n<meta property=\"og:description\" content=\"Maria Melekek b\u00fb - Firat Cewer\u00ee \u201dTu h\u00ears b\u00fby\u00ee, te dest\u00ea xwe y\u00ea rast\u00ea kir gurmist \u00fb heta ji te hat, te li n\u00eev\u00ea neynik\u00ea da. Neynik per\u00e7e b\u00fb \u00fb per\u00e7ak ji ...\" \/>\n<meta property=\"og:url\" content=\"https:\/\/shanabooks.de\/product\/maria-melekek-bu-firat-ceweri\/\" \/>\n<meta property=\"og:site_name\" content=\"www.shanabooks.de\" \/>\n<meta property=\"article:modified_time\" content=\"2024-11-03T21:32:07+00:00\" \/>\n<meta property=\"og:image\" content=\"https:\/\/shanabooks.de\/wp-content\/uploads\/2024\/03\/Maria-melekek-bu.jpg\" \/>\n\t<meta property=\"og:image:width\" content=\"603\" \/>\n\t<meta property=\"og:image:height\" content=\"900\" \/>\n\t<meta property=\"og:image:type\" content=\"image\/jpeg\" \/>\n<meta name=\"twitter:card\" content=\"summary_large_image\" \/>\n<meta name=\"twitter:label1\" content=\"Gesch\u00e4tzte Lesezeit\" \/>\n\t<meta name=\"twitter:data1\" content=\"2\u00a0Minuten\" \/>\n<script type=\"application\/ld+json\" class=\"yoast-schema-graph\">{\"@context\":\"https:\\\/\\\/schema.org\",\"@graph\":[{\"@type\":\"WebPage\",\"@id\":\"https:\\\/\\\/shanabooks.de\\\/product\\\/maria-melekek-bu-firat-ceweri\\\/\",\"url\":\"https:\\\/\\\/shanabooks.de\\\/product\\\/maria-melekek-bu-firat-ceweri\\\/\",\"name\":\"Maria Melekek b\u00fb - Firat Cewer\u00ee - www.shanabooks.de\",\"isPartOf\":{\"@id\":\"https:\\\/\\\/shanabooks.de\\\/#website\"},\"primaryImageOfPage\":{\"@id\":\"https:\\\/\\\/shanabooks.de\\\/product\\\/maria-melekek-bu-firat-ceweri\\\/#primaryimage\"},\"image\":{\"@id\":\"https:\\\/\\\/shanabooks.de\\\/product\\\/maria-melekek-bu-firat-ceweri\\\/#primaryimage\"},\"thumbnailUrl\":\"https:\\\/\\\/shanabooks.de\\\/wp-content\\\/uploads\\\/2024\\\/03\\\/Maria-melekek-bu.jpg\",\"datePublished\":\"2024-03-03T19:40:02+00:00\",\"dateModified\":\"2024-11-03T21:32:07+00:00\",\"description\":\"Maria Melekek b\u00fb - Firat Cewer\u00ee \u201dTu h\u00ears b\u00fby\u00ee, te dest\u00ea xwe y\u00ea rast\u00ea kir gurmist \u00fb heta ji te hat, te li n\u00eev\u00ea neynik\u00ea da. Neynik per\u00e7e b\u00fb \u00fb per\u00e7ak ji ...\",\"breadcrumb\":{\"@id\":\"https:\\\/\\\/shanabooks.de\\\/product\\\/maria-melekek-bu-firat-ceweri\\\/#breadcrumb\"},\"inLanguage\":\"de\",\"potentialAction\":[{\"@type\":\"ReadAction\",\"target\":[\"https:\\\/\\\/shanabooks.de\\\/product\\\/maria-melekek-bu-firat-ceweri\\\/\"]}]},{\"@type\":\"ImageObject\",\"inLanguage\":\"de\",\"@id\":\"https:\\\/\\\/shanabooks.de\\\/product\\\/maria-melekek-bu-firat-ceweri\\\/#primaryimage\",\"url\":\"https:\\\/\\\/shanabooks.de\\\/wp-content\\\/uploads\\\/2024\\\/03\\\/Maria-melekek-bu.jpg\",\"contentUrl\":\"https:\\\/\\\/shanabooks.de\\\/wp-content\\\/uploads\\\/2024\\\/03\\\/Maria-melekek-bu.jpg\",\"width\":603,\"height\":900,\"caption\":\"Maria Melekek b\u00fb - Firat Cewer\u00ee - pirt\u00fbk\u00ean kurd\u00ee - roman\"},{\"@type\":\"BreadcrumbList\",\"@id\":\"https:\\\/\\\/shanabooks.de\\\/product\\\/maria-melekek-bu-firat-ceweri\\\/#breadcrumb\",\"itemListElement\":[{\"@type\":\"ListItem\",\"position\":1,\"name\":\"\u0627\u0644\u0631\u0626\u064a\u0633\u064a\u0629\",\"item\":\"https:\\\/\\\/shanabooks.de\\\/de\\\/\"},{\"@type\":\"ListItem\",\"position\":2,\"name\":\"\u0627\u0644\u0645\u0646\u062a\u062c\u0627\u062a\",\"item\":\"https:\\\/\\\/shanabooks.de\\\/shop\\\/\"},{\"@type\":\"ListItem\",\"position\":3,\"name\":\"Maria Melekek b\u00fb\u00a0\"}]},{\"@type\":\"WebSite\",\"@id\":\"https:\\\/\\\/shanabooks.de\\\/#website\",\"url\":\"https:\\\/\\\/shanabooks.de\\\/\",\"name\":\"www.shanbooks.de\",\"description\":\"C\u00eehana Pirt\u00fbk\u00ean Kurd\u00ee \u0645\u0643\u062a\u0628\u0629 \u0634\u0627\u0646\u0627 \u0641\u064a \u0627\u0644\u0645\u0627\u0646\u064a\u0627 \u0648\u0623\u0648\u0631\u0628\u0627\",\"publisher\":{\"@id\":\"https:\\\/\\\/shanabooks.de\\\/#organization\"},\"potentialAction\":[{\"@type\":\"SearchAction\",\"target\":{\"@type\":\"EntryPoint\",\"urlTemplate\":\"https:\\\/\\\/shanabooks.de\\\/?s={search_term_string}\"},\"query-input\":{\"@type\":\"PropertyValueSpecification\",\"valueRequired\":true,\"valueName\":\"search_term_string\"}}],\"inLanguage\":\"de\"},{\"@type\":\"Organization\",\"@id\":\"https:\\\/\\\/shanabooks.de\\\/#organization\",\"name\":\"www.shanbooks.de\",\"url\":\"https:\\\/\\\/shanabooks.de\\\/\",\"logo\":{\"@type\":\"ImageObject\",\"inLanguage\":\"de\",\"@id\":\"https:\\\/\\\/shanabooks.de\\\/#\\\/schema\\\/logo\\\/image\\\/\",\"url\":\"https:\\\/\\\/shanabooks.de\\\/wp-content\\\/uploads\\\/2024\\\/03\\\/SHANABOOKS__2_-removebg-preview.png\",\"contentUrl\":\"https:\\\/\\\/shanabooks.de\\\/wp-content\\\/uploads\\\/2024\\\/03\\\/SHANABOOKS__2_-removebg-preview.png\",\"width\":700,\"height\":150,\"caption\":\"www.shanbooks.de\"},\"image\":{\"@id\":\"https:\\\/\\\/shanabooks.de\\\/#\\\/schema\\\/logo\\\/image\\\/\"}}]}<\/script>\n<!-- \/ Yoast SEO plugin. -->","yoast_head_json":{"title":"Maria Melekek b\u00fb - Firat Cewer\u00ee - www.shanabooks.de","description":"Maria Melekek b\u00fb - Firat Cewer\u00ee \u201dTu h\u00ears b\u00fby\u00ee, te dest\u00ea xwe y\u00ea rast\u00ea kir gurmist \u00fb heta ji te hat, te li n\u00eev\u00ea neynik\u00ea da. Neynik per\u00e7e b\u00fb \u00fb per\u00e7ak ji ...","robots":{"index":"index","follow":"follow","max-snippet":"max-snippet:-1","max-image-preview":"max-image-preview:large","max-video-preview":"max-video-preview:-1"},"canonical":"https:\/\/shanabooks.de\/product\/maria-melekek-bu-firat-ceweri\/","og_locale":"de_DE","og_type":"article","og_title":"Maria Melekek b\u00fb - Firat Cewer\u00ee - www.shanabooks.de","og_description":"Maria Melekek b\u00fb - Firat Cewer\u00ee \u201dTu h\u00ears b\u00fby\u00ee, te dest\u00ea xwe y\u00ea rast\u00ea kir gurmist \u00fb heta ji te hat, te li n\u00eev\u00ea neynik\u00ea da. Neynik per\u00e7e b\u00fb \u00fb per\u00e7ak ji ...","og_url":"https:\/\/shanabooks.de\/product\/maria-melekek-bu-firat-ceweri\/","og_site_name":"www.shanabooks.de","article_modified_time":"2024-11-03T21:32:07+00:00","og_image":[{"width":603,"height":900,"url":"https:\/\/shanabooks.de\/wp-content\/uploads\/2024\/03\/Maria-melekek-bu.jpg","type":"image\/jpeg"}],"twitter_card":"summary_large_image","twitter_misc":{"Gesch\u00e4tzte Lesezeit":"2\u00a0Minuten"},"schema":{"@context":"https:\/\/schema.org","@graph":[{"@type":"WebPage","@id":"https:\/\/shanabooks.de\/product\/maria-melekek-bu-firat-ceweri\/","url":"https:\/\/shanabooks.de\/product\/maria-melekek-bu-firat-ceweri\/","name":"Maria Melekek b\u00fb - Firat Cewer\u00ee - www.shanabooks.de","isPartOf":{"@id":"https:\/\/shanabooks.de\/#website"},"primaryImageOfPage":{"@id":"https:\/\/shanabooks.de\/product\/maria-melekek-bu-firat-ceweri\/#primaryimage"},"image":{"@id":"https:\/\/shanabooks.de\/product\/maria-melekek-bu-firat-ceweri\/#primaryimage"},"thumbnailUrl":"https:\/\/shanabooks.de\/wp-content\/uploads\/2024\/03\/Maria-melekek-bu.jpg","datePublished":"2024-03-03T19:40:02+00:00","dateModified":"2024-11-03T21:32:07+00:00","description":"Maria Melekek b\u00fb - Firat Cewer\u00ee \u201dTu h\u00ears b\u00fby\u00ee, te dest\u00ea xwe y\u00ea rast\u00ea kir gurmist \u00fb heta ji te hat, te li n\u00eev\u00ea neynik\u00ea da. Neynik per\u00e7e b\u00fb \u00fb per\u00e7ak ji ...","breadcrumb":{"@id":"https:\/\/shanabooks.de\/product\/maria-melekek-bu-firat-ceweri\/#breadcrumb"},"inLanguage":"de","potentialAction":[{"@type":"ReadAction","target":["https:\/\/shanabooks.de\/product\/maria-melekek-bu-firat-ceweri\/"]}]},{"@type":"ImageObject","inLanguage":"de","@id":"https:\/\/shanabooks.de\/product\/maria-melekek-bu-firat-ceweri\/#primaryimage","url":"https:\/\/shanabooks.de\/wp-content\/uploads\/2024\/03\/Maria-melekek-bu.jpg","contentUrl":"https:\/\/shanabooks.de\/wp-content\/uploads\/2024\/03\/Maria-melekek-bu.jpg","width":603,"height":900,"caption":"Maria Melekek b\u00fb - Firat Cewer\u00ee - pirt\u00fbk\u00ean kurd\u00ee - roman"},{"@type":"BreadcrumbList","@id":"https:\/\/shanabooks.de\/product\/maria-melekek-bu-firat-ceweri\/#breadcrumb","itemListElement":[{"@type":"ListItem","position":1,"name":"\u0627\u0644\u0631\u0626\u064a\u0633\u064a\u0629","item":"https:\/\/shanabooks.de\/de\/"},{"@type":"ListItem","position":2,"name":"\u0627\u0644\u0645\u0646\u062a\u062c\u0627\u062a","item":"https:\/\/shanabooks.de\/shop\/"},{"@type":"ListItem","position":3,"name":"Maria Melekek b\u00fb\u00a0"}]},{"@type":"WebSite","@id":"https:\/\/shanabooks.de\/#website","url":"https:\/\/shanabooks.de\/","name":"www.shanbooks.de","description":"C\u00eehana Pirt\u00fbk\u00ean Kurd\u00ee \u0645\u0643\u062a\u0628\u0629 \u0634\u0627\u0646\u0627 \u0641\u064a \u0627\u0644\u0645\u0627\u0646\u064a\u0627 \u0648\u0623\u0648\u0631\u0628\u0627","publisher":{"@id":"https:\/\/shanabooks.de\/#organization"},"potentialAction":[{"@type":"SearchAction","target":{"@type":"EntryPoint","urlTemplate":"https:\/\/shanabooks.de\/?s={search_term_string}"},"query-input":{"@type":"PropertyValueSpecification","valueRequired":true,"valueName":"search_term_string"}}],"inLanguage":"de"},{"@type":"Organization","@id":"https:\/\/shanabooks.de\/#organization","name":"www.shanbooks.de","url":"https:\/\/shanabooks.de\/","logo":{"@type":"ImageObject","inLanguage":"de","@id":"https:\/\/shanabooks.de\/#\/schema\/logo\/image\/","url":"https:\/\/shanabooks.de\/wp-content\/uploads\/2024\/03\/SHANABOOKS__2_-removebg-preview.png","contentUrl":"https:\/\/shanabooks.de\/wp-content\/uploads\/2024\/03\/SHANABOOKS__2_-removebg-preview.png","width":700,"height":150,"caption":"www.shanbooks.de"},"image":{"@id":"https:\/\/shanabooks.de\/#\/schema\/logo\/image\/"}}]}},"jetpack_sharing_enabled":true,"_links":{"self":[{"href":"https:\/\/shanabooks.de\/de\/wp-json\/wp\/v2\/product\/12019","targetHints":{"allow":["GET"]}}],"collection":[{"href":"https:\/\/shanabooks.de\/de\/wp-json\/wp\/v2\/product"}],"about":[{"href":"https:\/\/shanabooks.de\/de\/wp-json\/wp\/v2\/types\/product"}],"version-history":[{"count":3,"href":"https:\/\/shanabooks.de\/de\/wp-json\/wp\/v2\/product\/12019\/revisions"}],"predecessor-version":[{"id":23154,"href":"https:\/\/shanabooks.de\/de\/wp-json\/wp\/v2\/product\/12019\/revisions\/23154"}],"wp:featuredmedia":[{"embeddable":true,"href":"https:\/\/shanabooks.de\/de\/wp-json\/wp\/v2\/media\/12058"}],"wp:attachment":[{"href":"https:\/\/shanabooks.de\/de\/wp-json\/wp\/v2\/media?parent=12019"}],"wp:term":[{"taxonomy":"product_brand","embeddable":true,"href":"https:\/\/shanabooks.de\/de\/wp-json\/wp\/v2\/product_brand?post=12019"},{"taxonomy":"product_cat","embeddable":true,"href":"https:\/\/shanabooks.de\/de\/wp-json\/wp\/v2\/product_cat?post=12019"},{"taxonomy":"product_tag","embeddable":true,"href":"https:\/\/shanabooks.de\/de\/wp-json\/wp\/v2\/product_tag?post=12019"}],"curies":[{"name":"wp","href":"https:\/\/api.w.org\/{rel}","templated":true}]}}