{"id":12020,"date":"2024-03-03T19:40:02","date_gmt":"2024-03-03T19:40:02","guid":{"rendered":"https:\/\/shanabooks.de\/?post_type=product&#038;p=12020"},"modified":"2025-12-30T23:08:42","modified_gmt":"2025-12-30T23:08:42","slug":"derza-dile-min-firat-ceweri","status":"publish","type":"product","link":"https:\/\/shanabooks.de\/de\/product\/derza-dile-min-firat-ceweri\/","title":{"rendered":"Derza Dil\u00ea Min"},"content":{"rendered":"<p dir=\"ltr\"><strong>Derza Dil\u00ea Min &#8211; Firat Cewer\u00ee<\/strong><\/p>\n<p dir=\"ltr\"><span style=\"font-family: Verdana;\">Lehenga sereke Mal\u00een di nav agir\u00ea ev\u00een\u00ea de di\u015fewite. Ev\u00eena ku ji ni\u015fk\u00ea ve derketiye hember\u00ee w\u00ea, tavil\u00ea j\u00ee j\u00ea bi d\u00fbr ketiye. Ew bi nameyan dil\u00ea xwe ji Alan\u00ea hezkir\u00ea xwe re vedike, bi gotinan hezkirina xwe ya b\u00eap\u00eevan radigih\u00een\u00ea \u00fb di c\u00eehana xeyal \u00fb fantaziyan de p\u00ea re jiyaneke pak, romant\u00eek, erot\u00eek \u00fb b\u00eas\u00eenor dij\u00ee. L\u00ea name yekal\u00ee ne.\u00a0<\/span><\/p>\n<p dir=\"ltr\"><span style=\"font-family: Verdana;\">Gelo name li cihek\u00ee dialiqin? \u00c7ima Alan bersiv\u00ea nade?<br \/>\n<\/span><span style=\"font-family: Verdana;\">Mal\u00een li ber Alan digere:<br \/>\n<\/span><span style=\"font-family: Verdana;\">\u201dTen\u00ea du gotinan ji min re bi\u015f\u00eene, \u00e7i dibe, ez st\u00fby\u00ea xwe li ber te xwar dikim, dest\u00ean xwe li ber te vedigirim \u00fb parsektiya du gotinan dikim. Ser\u00ea min bi\u015fik\u00eene, dest\u00ea min bi\u015fik\u00eene, mil\u00ean min bi\u015fik\u00eene, l\u00ea ji bo Xwed\u00ea Alan, dil\u00ea min ne\u015fik\u00eene, du gotinan ji min re bi\u015f\u00eene\u2026\u201d<br \/>\n<\/span><span style=\"font-family: Verdana;\">Derza dil\u00ea min ya Firat Cewer\u00ee derzek\u00ea li dil\u00ea mirov dixe \u00fb \u015fopeke k\u00fbr li d\u00fb xwe dih\u00eal<\/span><\/p>\n<p dir=\"ltr\">\n","protected":false},"excerpt":{"rendered":"<p dir=\"ltr\" style=\"text-align: center;\"><strong>Pirt\u00fbk: Derza Dil\u00ea Min<br \/>\nNiv\u00eeskar: Firat Cewer\u00ee<\/strong><br \/>\n<strong>Cure: Roman<\/strong><\/p>\n","protected":false},"featured_media":12060,"template":"","meta":{"site-sidebar-layout":"default","site-content-layout":"","ast-site-content-layout":"default","site-content-style":"default","site-sidebar-style":"default","ast-global-header-display":"","ast-banner-title-visibility":"","ast-main-header-display":"","ast-hfb-above-header-display":"","ast-hfb-below-header-display":"","ast-hfb-mobile-header-display":"","site-post-title":"","ast-breadcrumbs-content":"","ast-featured-img":"","footer-sml-layout":"","ast-disable-related-posts":"","theme-transparent-header-meta":"default","adv-header-id-meta":"","stick-header-meta":"","header-above-stick-meta":"","header-main-stick-meta":"","header-below-stick-meta":"","astra-migrate-meta-layouts":"set","ast-page-background-enabled":"default","ast-page-background-meta":{"desktop":{"background-color":"","background-image":"","background-repeat":"repeat","background-position":"center center","background-size":"auto","background-attachment":"scroll","background-type":"","background-media":"","overlay-type":"","overlay-color":"","overlay-opacity":"","overlay-gradient":""},"tablet":{"background-color":"","background-image":"","background-repeat":"repeat","background-position":"center center","background-size":"auto","background-attachment":"scroll","background-type":"","background-media":"","overlay-type":"","overlay-color":"","overlay-opacity":"","overlay-gradient":""},"mobile":{"background-color":"","background-image":"","background-repeat":"repeat","background-position":"center center","background-size":"auto","background-attachment":"scroll","background-type":"","background-media":"","overlay-type":"","overlay-color":"","overlay-opacity":"","overlay-gradient":""}},"ast-content-background-meta":{"desktop":{"background-color":"var(--ast-global-color-5)","background-image":"","background-repeat":"repeat","background-position":"center center","background-size":"auto","background-attachment":"scroll","background-type":"","background-media":"","overlay-type":"","overlay-color":"","overlay-opacity":"","overlay-gradient":""},"tablet":{"background-color":"var(--ast-global-color-5)","background-image":"","background-repeat":"repeat","background-position":"center center","background-size":"auto","background-attachment":"scroll","background-type":"","background-media":"","overlay-type":"","overlay-color":"","overlay-opacity":"","overlay-gradient":""},"mobile":{"background-color":"var(--ast-global-color-5)","background-image":"","background-repeat":"repeat","background-position":"center center","background-size":"auto","background-attachment":"scroll","background-type":"","background-media":"","overlay-type":"","overlay-color":"","overlay-opacity":"","overlay-gradient":""}}},"product_brand":[],"product_cat":[182,193],"product_tag":[],"class_list":{"0":"post-12020","1":"product","2":"type-product","3":"status-publish","4":"has-post-thumbnail","6":"product_cat-_","7":"product_cat--_","8":"pa_-roman","9":"pa_-firat-ceweri","10":"pa_-kurmanci","11":"pa_--avesta-yayinlari","12":"desktop-align-left","13":"tablet-align-left","14":"mobile-align-left","16":"first","17":"outofstock","18":"shipping-taxable","19":"purchasable","20":"product-type-simple"},"yoast_head":"<!-- This site is optimized with the Yoast SEO plugin v27.5 - https:\/\/yoast.com\/product\/yoast-seo-wordpress\/ -->\n<title>Derza Dil\u00ea Min - Firat Cewer\u00ee - www.shanabooks.de<\/title>\n<meta name=\"description\" content=\"Derza Dil\u00ea Min - Firat Cewer\u00ee Lehenga sereke Mal\u00een di nav agir\u00ea ev\u00een\u00ea de di\u015fewite. Ev\u00eena ku ji ni\u015fk\u00ea ve derketiye hember\u00ee w\u00ea, tavil\u00ea j\u00ee j\u00ea bi d\u00fbr ketiye....\" \/>\n<meta name=\"robots\" content=\"index, follow, max-snippet:-1, max-image-preview:large, max-video-preview:-1\" \/>\n<link rel=\"canonical\" href=\"https:\/\/shanabooks.de\/product\/derza-dile-min-firat-ceweri\/\" \/>\n<meta property=\"og:locale\" content=\"de_DE\" \/>\n<meta property=\"og:type\" content=\"article\" \/>\n<meta property=\"og:title\" content=\"Derza Dil\u00ea Min - Firat Cewer\u00ee - www.shanabooks.de\" \/>\n<meta property=\"og:description\" content=\"Derza Dil\u00ea Min - Firat Cewer\u00ee Lehenga sereke Mal\u00een di nav agir\u00ea ev\u00een\u00ea de di\u015fewite. Ev\u00eena ku ji ni\u015fk\u00ea ve derketiye hember\u00ee w\u00ea, tavil\u00ea j\u00ee j\u00ea bi d\u00fbr ketiye....\" \/>\n<meta property=\"og:url\" content=\"https:\/\/shanabooks.de\/product\/derza-dile-min-firat-ceweri\/\" \/>\n<meta property=\"og:site_name\" content=\"www.shanabooks.de\" \/>\n<meta property=\"article:modified_time\" content=\"2025-12-30T23:08:42+00:00\" \/>\n<meta property=\"og:image\" content=\"https:\/\/shanabooks.de\/wp-content\/uploads\/2024\/03\/derza-dile-min.jpg\" \/>\n\t<meta property=\"og:image:width\" content=\"599\" \/>\n\t<meta property=\"og:image:height\" content=\"900\" \/>\n\t<meta property=\"og:image:type\" content=\"image\/jpeg\" \/>\n<meta name=\"twitter:card\" content=\"summary_large_image\" \/>\n<meta name=\"twitter:label1\" content=\"Gesch\u00e4tzte Lesezeit\" \/>\n\t<meta name=\"twitter:data1\" content=\"2\u00a0Minuten\" \/>\n<script type=\"application\/ld+json\" class=\"yoast-schema-graph\">{\"@context\":\"https:\\\/\\\/schema.org\",\"@graph\":[{\"@type\":\"WebPage\",\"@id\":\"https:\\\/\\\/shanabooks.de\\\/product\\\/derza-dile-min-firat-ceweri\\\/\",\"url\":\"https:\\\/\\\/shanabooks.de\\\/product\\\/derza-dile-min-firat-ceweri\\\/\",\"name\":\"Derza Dil\u00ea Min - Firat Cewer\u00ee - www.shanabooks.de\",\"isPartOf\":{\"@id\":\"https:\\\/\\\/shanabooks.de\\\/#website\"},\"primaryImageOfPage\":{\"@id\":\"https:\\\/\\\/shanabooks.de\\\/product\\\/derza-dile-min-firat-ceweri\\\/#primaryimage\"},\"image\":{\"@id\":\"https:\\\/\\\/shanabooks.de\\\/product\\\/derza-dile-min-firat-ceweri\\\/#primaryimage\"},\"thumbnailUrl\":\"https:\\\/\\\/shanabooks.de\\\/wp-content\\\/uploads\\\/2024\\\/03\\\/derza-dile-min.jpg\",\"datePublished\":\"2024-03-03T19:40:02+00:00\",\"dateModified\":\"2025-12-30T23:08:42+00:00\",\"description\":\"Derza Dil\u00ea Min - Firat Cewer\u00ee Lehenga sereke Mal\u00een di nav agir\u00ea ev\u00een\u00ea de di\u015fewite. Ev\u00eena ku ji ni\u015fk\u00ea ve derketiye hember\u00ee w\u00ea, tavil\u00ea j\u00ee j\u00ea bi d\u00fbr ketiye....\",\"breadcrumb\":{\"@id\":\"https:\\\/\\\/shanabooks.de\\\/product\\\/derza-dile-min-firat-ceweri\\\/#breadcrumb\"},\"inLanguage\":\"de\",\"potentialAction\":[{\"@type\":\"ReadAction\",\"target\":[\"https:\\\/\\\/shanabooks.de\\\/product\\\/derza-dile-min-firat-ceweri\\\/\"]}]},{\"@type\":\"ImageObject\",\"inLanguage\":\"de\",\"@id\":\"https:\\\/\\\/shanabooks.de\\\/product\\\/derza-dile-min-firat-ceweri\\\/#primaryimage\",\"url\":\"https:\\\/\\\/shanabooks.de\\\/wp-content\\\/uploads\\\/2024\\\/03\\\/derza-dile-min.jpg\",\"contentUrl\":\"https:\\\/\\\/shanabooks.de\\\/wp-content\\\/uploads\\\/2024\\\/03\\\/derza-dile-min.jpg\",\"width\":599,\"height\":900,\"caption\":\"Derza Dil\u00ea Min - Firat Cewer\u00ee - pirt\u00fbk\u00ean kurd\u00ee - roman\"},{\"@type\":\"BreadcrumbList\",\"@id\":\"https:\\\/\\\/shanabooks.de\\\/product\\\/derza-dile-min-firat-ceweri\\\/#breadcrumb\",\"itemListElement\":[{\"@type\":\"ListItem\",\"position\":1,\"name\":\"\u0627\u0644\u0631\u0626\u064a\u0633\u064a\u0629\",\"item\":\"https:\\\/\\\/shanabooks.de\\\/de\\\/\"},{\"@type\":\"ListItem\",\"position\":2,\"name\":\"\u0627\u0644\u0645\u0646\u062a\u062c\u0627\u062a\",\"item\":\"https:\\\/\\\/shanabooks.de\\\/shop\\\/\"},{\"@type\":\"ListItem\",\"position\":3,\"name\":\"Derza Dil\u00ea Min\"}]},{\"@type\":\"WebSite\",\"@id\":\"https:\\\/\\\/shanabooks.de\\\/#website\",\"url\":\"https:\\\/\\\/shanabooks.de\\\/\",\"name\":\"www.shanbooks.de\",\"description\":\"C\u00eehana Pirt\u00fbk\u00ean Kurd\u00ee \u0645\u0643\u062a\u0628\u0629 \u0634\u0627\u0646\u0627 \u0641\u064a \u0627\u0644\u0645\u0627\u0646\u064a\u0627 \u0648\u0623\u0648\u0631\u0628\u0627\",\"publisher\":{\"@id\":\"https:\\\/\\\/shanabooks.de\\\/#organization\"},\"potentialAction\":[{\"@type\":\"SearchAction\",\"target\":{\"@type\":\"EntryPoint\",\"urlTemplate\":\"https:\\\/\\\/shanabooks.de\\\/?s={search_term_string}\"},\"query-input\":{\"@type\":\"PropertyValueSpecification\",\"valueRequired\":true,\"valueName\":\"search_term_string\"}}],\"inLanguage\":\"de\"},{\"@type\":\"Organization\",\"@id\":\"https:\\\/\\\/shanabooks.de\\\/#organization\",\"name\":\"www.shanbooks.de\",\"url\":\"https:\\\/\\\/shanabooks.de\\\/\",\"logo\":{\"@type\":\"ImageObject\",\"inLanguage\":\"de\",\"@id\":\"https:\\\/\\\/shanabooks.de\\\/#\\\/schema\\\/logo\\\/image\\\/\",\"url\":\"https:\\\/\\\/shanabooks.de\\\/wp-content\\\/uploads\\\/2024\\\/03\\\/SHANABOOKS__2_-removebg-preview.png\",\"contentUrl\":\"https:\\\/\\\/shanabooks.de\\\/wp-content\\\/uploads\\\/2024\\\/03\\\/SHANABOOKS__2_-removebg-preview.png\",\"width\":700,\"height\":150,\"caption\":\"www.shanbooks.de\"},\"image\":{\"@id\":\"https:\\\/\\\/shanabooks.de\\\/#\\\/schema\\\/logo\\\/image\\\/\"}}]}<\/script>\n<!-- \/ Yoast SEO plugin. -->","yoast_head_json":{"title":"Derza Dil\u00ea Min - Firat Cewer\u00ee - www.shanabooks.de","description":"Derza Dil\u00ea Min - Firat Cewer\u00ee Lehenga sereke Mal\u00een di nav agir\u00ea ev\u00een\u00ea de di\u015fewite. Ev\u00eena ku ji ni\u015fk\u00ea ve derketiye hember\u00ee w\u00ea, tavil\u00ea j\u00ee j\u00ea bi d\u00fbr ketiye....","robots":{"index":"index","follow":"follow","max-snippet":"max-snippet:-1","max-image-preview":"max-image-preview:large","max-video-preview":"max-video-preview:-1"},"canonical":"https:\/\/shanabooks.de\/product\/derza-dile-min-firat-ceweri\/","og_locale":"de_DE","og_type":"article","og_title":"Derza Dil\u00ea Min - Firat Cewer\u00ee - www.shanabooks.de","og_description":"Derza Dil\u00ea Min - Firat Cewer\u00ee Lehenga sereke Mal\u00een di nav agir\u00ea ev\u00een\u00ea de di\u015fewite. Ev\u00eena ku ji ni\u015fk\u00ea ve derketiye hember\u00ee w\u00ea, tavil\u00ea j\u00ee j\u00ea bi d\u00fbr ketiye....","og_url":"https:\/\/shanabooks.de\/product\/derza-dile-min-firat-ceweri\/","og_site_name":"www.shanabooks.de","article_modified_time":"2025-12-30T23:08:42+00:00","og_image":[{"width":599,"height":900,"url":"https:\/\/shanabooks.de\/wp-content\/uploads\/2024\/03\/derza-dile-min.jpg","type":"image\/jpeg"}],"twitter_card":"summary_large_image","twitter_misc":{"Gesch\u00e4tzte Lesezeit":"2\u00a0Minuten"},"schema":{"@context":"https:\/\/schema.org","@graph":[{"@type":"WebPage","@id":"https:\/\/shanabooks.de\/product\/derza-dile-min-firat-ceweri\/","url":"https:\/\/shanabooks.de\/product\/derza-dile-min-firat-ceweri\/","name":"Derza Dil\u00ea Min - Firat Cewer\u00ee - www.shanabooks.de","isPartOf":{"@id":"https:\/\/shanabooks.de\/#website"},"primaryImageOfPage":{"@id":"https:\/\/shanabooks.de\/product\/derza-dile-min-firat-ceweri\/#primaryimage"},"image":{"@id":"https:\/\/shanabooks.de\/product\/derza-dile-min-firat-ceweri\/#primaryimage"},"thumbnailUrl":"https:\/\/shanabooks.de\/wp-content\/uploads\/2024\/03\/derza-dile-min.jpg","datePublished":"2024-03-03T19:40:02+00:00","dateModified":"2025-12-30T23:08:42+00:00","description":"Derza Dil\u00ea Min - Firat Cewer\u00ee Lehenga sereke Mal\u00een di nav agir\u00ea ev\u00een\u00ea de di\u015fewite. Ev\u00eena ku ji ni\u015fk\u00ea ve derketiye hember\u00ee w\u00ea, tavil\u00ea j\u00ee j\u00ea bi d\u00fbr ketiye....","breadcrumb":{"@id":"https:\/\/shanabooks.de\/product\/derza-dile-min-firat-ceweri\/#breadcrumb"},"inLanguage":"de","potentialAction":[{"@type":"ReadAction","target":["https:\/\/shanabooks.de\/product\/derza-dile-min-firat-ceweri\/"]}]},{"@type":"ImageObject","inLanguage":"de","@id":"https:\/\/shanabooks.de\/product\/derza-dile-min-firat-ceweri\/#primaryimage","url":"https:\/\/shanabooks.de\/wp-content\/uploads\/2024\/03\/derza-dile-min.jpg","contentUrl":"https:\/\/shanabooks.de\/wp-content\/uploads\/2024\/03\/derza-dile-min.jpg","width":599,"height":900,"caption":"Derza Dil\u00ea Min - Firat Cewer\u00ee - pirt\u00fbk\u00ean kurd\u00ee - roman"},{"@type":"BreadcrumbList","@id":"https:\/\/shanabooks.de\/product\/derza-dile-min-firat-ceweri\/#breadcrumb","itemListElement":[{"@type":"ListItem","position":1,"name":"\u0627\u0644\u0631\u0626\u064a\u0633\u064a\u0629","item":"https:\/\/shanabooks.de\/de\/"},{"@type":"ListItem","position":2,"name":"\u0627\u0644\u0645\u0646\u062a\u062c\u0627\u062a","item":"https:\/\/shanabooks.de\/shop\/"},{"@type":"ListItem","position":3,"name":"Derza Dil\u00ea Min"}]},{"@type":"WebSite","@id":"https:\/\/shanabooks.de\/#website","url":"https:\/\/shanabooks.de\/","name":"www.shanbooks.de","description":"C\u00eehana Pirt\u00fbk\u00ean Kurd\u00ee \u0645\u0643\u062a\u0628\u0629 \u0634\u0627\u0646\u0627 \u0641\u064a \u0627\u0644\u0645\u0627\u0646\u064a\u0627 \u0648\u0623\u0648\u0631\u0628\u0627","publisher":{"@id":"https:\/\/shanabooks.de\/#organization"},"potentialAction":[{"@type":"SearchAction","target":{"@type":"EntryPoint","urlTemplate":"https:\/\/shanabooks.de\/?s={search_term_string}"},"query-input":{"@type":"PropertyValueSpecification","valueRequired":true,"valueName":"search_term_string"}}],"inLanguage":"de"},{"@type":"Organization","@id":"https:\/\/shanabooks.de\/#organization","name":"www.shanbooks.de","url":"https:\/\/shanabooks.de\/","logo":{"@type":"ImageObject","inLanguage":"de","@id":"https:\/\/shanabooks.de\/#\/schema\/logo\/image\/","url":"https:\/\/shanabooks.de\/wp-content\/uploads\/2024\/03\/SHANABOOKS__2_-removebg-preview.png","contentUrl":"https:\/\/shanabooks.de\/wp-content\/uploads\/2024\/03\/SHANABOOKS__2_-removebg-preview.png","width":700,"height":150,"caption":"www.shanbooks.de"},"image":{"@id":"https:\/\/shanabooks.de\/#\/schema\/logo\/image\/"}}]}},"jetpack_sharing_enabled":true,"_links":{"self":[{"href":"https:\/\/shanabooks.de\/de\/wp-json\/wp\/v2\/product\/12020","targetHints":{"allow":["GET"]}}],"collection":[{"href":"https:\/\/shanabooks.de\/de\/wp-json\/wp\/v2\/product"}],"about":[{"href":"https:\/\/shanabooks.de\/de\/wp-json\/wp\/v2\/types\/product"}],"version-history":[{"count":3,"href":"https:\/\/shanabooks.de\/de\/wp-json\/wp\/v2\/product\/12020\/revisions"}],"predecessor-version":[{"id":23081,"href":"https:\/\/shanabooks.de\/de\/wp-json\/wp\/v2\/product\/12020\/revisions\/23081"}],"wp:featuredmedia":[{"embeddable":true,"href":"https:\/\/shanabooks.de\/de\/wp-json\/wp\/v2\/media\/12060"}],"wp:attachment":[{"href":"https:\/\/shanabooks.de\/de\/wp-json\/wp\/v2\/media?parent=12020"}],"wp:term":[{"taxonomy":"product_brand","embeddable":true,"href":"https:\/\/shanabooks.de\/de\/wp-json\/wp\/v2\/product_brand?post=12020"},{"taxonomy":"product_cat","embeddable":true,"href":"https:\/\/shanabooks.de\/de\/wp-json\/wp\/v2\/product_cat?post=12020"},{"taxonomy":"product_tag","embeddable":true,"href":"https:\/\/shanabooks.de\/de\/wp-json\/wp\/v2\/product_tag?post=12020"}],"curies":[{"name":"wp","href":"https:\/\/api.w.org\/{rel}","templated":true}]}}