{"id":12024,"date":"2024-03-03T19:40:03","date_gmt":"2024-03-03T19:40:03","guid":{"rendered":"https:\/\/shanabooks.de\/?post_type=product&#038;p=12024"},"modified":"2026-01-01T19:55:29","modified_gmt":"2026-01-01T19:55:29","slug":"evdo-u-cend-behniken-sadiye-fawaz-husen","status":"publish","type":"product","link":"https:\/\/shanabooks.de\/de\/product\/evdo-u-cend-behniken-sadiye-fawaz-husen\/","title":{"rendered":"Evdo \u00fb \u00e7end b\u00eahnik\u00ean \u015fadiy\u00ea"},"content":{"rendered":"<p dir=\"ltr\"><strong>Evdo \u00fb \u00e7end b\u00eahnik\u00ean \u015fadiy\u00ea &#8211; Fawaz Hus\u00ean<\/strong><\/p>\n<p dir=\"ltr\">Kurdek\u00ee heleb\u00e7ey\u00ee li \u00cethakay\u00ea<br \/>\nEvdo kurd e, li Par\u00ees\u00ea penaber e l\u00ea hema li welat\u00ean d\u00fbr \u00fb n\u00eaz\u00eek digere. Gava li televizyona di asiman\u00ea meyxaney\u00ea de behsa t\u00eak\u00e7\u00fbna abor\u00ee ya Yewnanistan\u00ea dibe, ew dest bi r\u00eaw\u00eetiyek dir\u00eaj dike. Ew ji At\u00eanay\u00ea di\u00e7e S\u00fbnion, Salam\u00eenas, M\u00eek\u00ean\u00ea, \u00cap\u00eedawros, Patra \u00fb dawiya daw\u00een, di \u00cethakay\u00ea, girava Od\u00ees\u00eaos re derdikeve. Di v\u00ea r\u00eaw\u00eetiy\u00ea de, er\u00ea p\u00earg\u00ee neh jin\u00ean yewnan\u00ee \u00fb dilrev\u00een dibe, ew Nazen\u00eena kurd ji b\u00eer nake \u00fb hema li serp\u00eahatiya Heleb\u00e7ey\u00ea \u00fb li d\u00eeroka Kurdistan\u00ea dilikume.<br \/>\nDi v\u00ea roman\u00ea de, Fawaz Hus\u00ean sir\u00fbd \u00fb f\u00eexana derbideriy\u00ea dubare dike, l\u00ea ew v\u00ea car\u00ea leheng\u00ea xwe ji Par\u00ees \u00fb ji Kurdistan\u00ea dibe Yewnanistana kevnare. Bi saya ge\u015ft \u00fb xeyala xwe ya mestane, Evdo xwe di nav b\u00eahnik\u00ean \u015fadiy\u00ea de ji b\u00eer dike \u00fb dibe xwediy\u00ea efsaney\u00ean rengareng \u00fb gernameyek seyr \u00fb balk\u00ea\u015f.<\/p>\n<p dir=\"ltr\">Pirt\u00fbka bi nav\u00ea Evdo \u00fb \u00c7end B\u00eahnik\u00ean \u015eadiy\u00ea ya Fawaz Hus\u00ean ji we\u015fan\u00ean Avestay\u00ea derketiye.<\/p>\n","protected":false},"excerpt":{"rendered":"<p dir=\"ltr\" style=\"text-align: center;\"><strong>Pirt\u00fbk: Pirt\u00fbk: Evdo \u00fb \u00e7end b\u00eahnik\u00ean \u015fadiy\u00ea<br \/>\nNiv\u00eeskar: Fawaz Hus\u00ean<\/strong><br \/>\n<strong>Cure: Roman<\/strong><\/p>\n","protected":false},"featured_media":12087,"template":"","meta":{"site-sidebar-layout":"default","site-content-layout":"","ast-site-content-layout":"default","site-content-style":"default","site-sidebar-style":"default","ast-global-header-display":"","ast-banner-title-visibility":"","ast-main-header-display":"","ast-hfb-above-header-display":"","ast-hfb-below-header-display":"","ast-hfb-mobile-header-display":"","site-post-title":"","ast-breadcrumbs-content":"","ast-featured-img":"","footer-sml-layout":"","ast-disable-related-posts":"","theme-transparent-header-meta":"default","adv-header-id-meta":"","stick-header-meta":"","header-above-stick-meta":"","header-main-stick-meta":"","header-below-stick-meta":"","astra-migrate-meta-layouts":"set","ast-page-background-enabled":"default","ast-page-background-meta":{"desktop":{"background-color":"","background-image":"","background-repeat":"repeat","background-position":"center center","background-size":"auto","background-attachment":"scroll","background-type":"","background-media":"","overlay-type":"","overlay-color":"","overlay-opacity":"","overlay-gradient":""},"tablet":{"background-color":"","background-image":"","background-repeat":"repeat","background-position":"center center","background-size":"auto","background-attachment":"scroll","background-type":"","background-media":"","overlay-type":"","overlay-color":"","overlay-opacity":"","overlay-gradient":""},"mobile":{"background-color":"","background-image":"","background-repeat":"repeat","background-position":"center center","background-size":"auto","background-attachment":"scroll","background-type":"","background-media":"","overlay-type":"","overlay-color":"","overlay-opacity":"","overlay-gradient":""}},"ast-content-background-meta":{"desktop":{"background-color":"var(--ast-global-color-5)","background-image":"","background-repeat":"repeat","background-position":"center center","background-size":"auto","background-attachment":"scroll","background-type":"","background-media":"","overlay-type":"","overlay-color":"","overlay-opacity":"","overlay-gradient":""},"tablet":{"background-color":"var(--ast-global-color-5)","background-image":"","background-repeat":"repeat","background-position":"center center","background-size":"auto","background-attachment":"scroll","background-type":"","background-media":"","overlay-type":"","overlay-color":"","overlay-opacity":"","overlay-gradient":""},"mobile":{"background-color":"var(--ast-global-color-5)","background-image":"","background-repeat":"repeat","background-position":"center center","background-size":"auto","background-attachment":"scroll","background-type":"","background-media":"","overlay-type":"","overlay-color":"","overlay-opacity":"","overlay-gradient":""}}},"product_brand":[],"product_cat":[182,193],"product_tag":[],"class_list":{"0":"post-12024","1":"product","2":"type-product","3":"status-publish","4":"has-post-thumbnail","6":"product_cat-_","7":"product_cat--_","8":"pa_-roman","9":"pa_-fawaz-husen","10":"pa_-kurmanci","11":"pa_--avesta-yayinlari","12":"desktop-align-left","13":"tablet-align-left","14":"mobile-align-left","16":"first","17":"instock","18":"shipping-taxable","19":"purchasable","20":"product-type-simple"},"yoast_head":"<!-- This site is optimized with the Yoast SEO plugin v27.4 - https:\/\/yoast.com\/product\/yoast-seo-wordpress\/ -->\n<title>Evdo \u00fb \u00e7end b\u00eahnik\u00ean \u015fadiy\u00ea - Fawaz Hus\u00ean - www.shanabooks.de<\/title>\n<meta name=\"description\" content=\"Evdo \u00fb \u00e7end b\u00eahnik\u00ean \u015fadiy\u00ea - Fawaz Hus\u00ean Kurdek\u00ee heleb\u00e7ey\u00ee li \u00cethakay\u00eaEvdo kurd e, li Par\u00ees\u00ea penaber e l\u00ea hema li welat\u00ean d\u00fbr \u00fb n\u00eaz\u00eek digere. Gava li ...\" \/>\n<meta name=\"robots\" content=\"index, follow, max-snippet:-1, max-image-preview:large, max-video-preview:-1\" \/>\n<link rel=\"canonical\" href=\"https:\/\/shanabooks.de\/product\/evdo-u-cend-behniken-sadiye-fawaz-husen\/\" \/>\n<meta property=\"og:locale\" content=\"de_DE\" \/>\n<meta property=\"og:type\" content=\"article\" \/>\n<meta property=\"og:title\" content=\"Evdo \u00fb \u00e7end b\u00eahnik\u00ean \u015fadiy\u00ea - Fawaz Hus\u00ean - www.shanabooks.de\" \/>\n<meta property=\"og:description\" content=\"Evdo \u00fb \u00e7end b\u00eahnik\u00ean \u015fadiy\u00ea - Fawaz Hus\u00ean Kurdek\u00ee heleb\u00e7ey\u00ee li \u00cethakay\u00eaEvdo kurd e, li Par\u00ees\u00ea penaber e l\u00ea hema li welat\u00ean d\u00fbr \u00fb n\u00eaz\u00eek digere. Gava li ...\" \/>\n<meta property=\"og:url\" content=\"https:\/\/shanabooks.de\/product\/evdo-u-cend-behniken-sadiye-fawaz-husen\/\" \/>\n<meta property=\"og:site_name\" content=\"www.shanabooks.de\" \/>\n<meta property=\"article:modified_time\" content=\"2026-01-01T19:55:29+00:00\" \/>\n<meta property=\"og:image\" content=\"https:\/\/shanabooks.de\/wp-content\/uploads\/2024\/03\/evdo-u-cend-bihniken-sadiye.jpg\" \/>\n\t<meta property=\"og:image:width\" content=\"513\" \/>\n\t<meta property=\"og:image:height\" content=\"775\" \/>\n\t<meta property=\"og:image:type\" content=\"image\/jpeg\" \/>\n<meta name=\"twitter:card\" content=\"summary_large_image\" \/>\n<meta name=\"twitter:label1\" content=\"Gesch\u00e4tzte Lesezeit\" \/>\n\t<meta name=\"twitter:data1\" content=\"2\u00a0Minuten\" \/>\n<script type=\"application\/ld+json\" class=\"yoast-schema-graph\">{\"@context\":\"https:\\\/\\\/schema.org\",\"@graph\":[{\"@type\":\"WebPage\",\"@id\":\"https:\\\/\\\/shanabooks.de\\\/product\\\/evdo-u-cend-behniken-sadiye-fawaz-husen\\\/\",\"url\":\"https:\\\/\\\/shanabooks.de\\\/product\\\/evdo-u-cend-behniken-sadiye-fawaz-husen\\\/\",\"name\":\"Evdo \u00fb \u00e7end b\u00eahnik\u00ean \u015fadiy\u00ea - Fawaz Hus\u00ean - www.shanabooks.de\",\"isPartOf\":{\"@id\":\"https:\\\/\\\/shanabooks.de\\\/#website\"},\"primaryImageOfPage\":{\"@id\":\"https:\\\/\\\/shanabooks.de\\\/product\\\/evdo-u-cend-behniken-sadiye-fawaz-husen\\\/#primaryimage\"},\"image\":{\"@id\":\"https:\\\/\\\/shanabooks.de\\\/product\\\/evdo-u-cend-behniken-sadiye-fawaz-husen\\\/#primaryimage\"},\"thumbnailUrl\":\"https:\\\/\\\/shanabooks.de\\\/wp-content\\\/uploads\\\/2024\\\/03\\\/evdo-u-cend-bihniken-sadiye.jpg\",\"datePublished\":\"2024-03-03T19:40:03+00:00\",\"dateModified\":\"2026-01-01T19:55:29+00:00\",\"description\":\"Evdo \u00fb \u00e7end b\u00eahnik\u00ean \u015fadiy\u00ea - Fawaz Hus\u00ean Kurdek\u00ee heleb\u00e7ey\u00ee li \u00cethakay\u00eaEvdo kurd e, li Par\u00ees\u00ea penaber e l\u00ea hema li welat\u00ean d\u00fbr \u00fb n\u00eaz\u00eek digere. Gava li ...\",\"breadcrumb\":{\"@id\":\"https:\\\/\\\/shanabooks.de\\\/product\\\/evdo-u-cend-behniken-sadiye-fawaz-husen\\\/#breadcrumb\"},\"inLanguage\":\"de\",\"potentialAction\":[{\"@type\":\"ReadAction\",\"target\":[\"https:\\\/\\\/shanabooks.de\\\/product\\\/evdo-u-cend-behniken-sadiye-fawaz-husen\\\/\"]}]},{\"@type\":\"ImageObject\",\"inLanguage\":\"de\",\"@id\":\"https:\\\/\\\/shanabooks.de\\\/product\\\/evdo-u-cend-behniken-sadiye-fawaz-husen\\\/#primaryimage\",\"url\":\"https:\\\/\\\/shanabooks.de\\\/wp-content\\\/uploads\\\/2024\\\/03\\\/evdo-u-cend-bihniken-sadiye.jpg\",\"contentUrl\":\"https:\\\/\\\/shanabooks.de\\\/wp-content\\\/uploads\\\/2024\\\/03\\\/evdo-u-cend-bihniken-sadiye.jpg\",\"width\":513,\"height\":775,\"caption\":\"Evdo \u00fb \u00e7end b\u00eahnik\u00ean \u015fadiy\u00ea - Fawaz Hus\u00ean - pirt\u00fbk\u00ean kurd\u00ee - roman\"},{\"@type\":\"BreadcrumbList\",\"@id\":\"https:\\\/\\\/shanabooks.de\\\/product\\\/evdo-u-cend-behniken-sadiye-fawaz-husen\\\/#breadcrumb\",\"itemListElement\":[{\"@type\":\"ListItem\",\"position\":1,\"name\":\"\u0627\u0644\u0631\u0626\u064a\u0633\u064a\u0629\",\"item\":\"https:\\\/\\\/shanabooks.de\\\/de\\\/\"},{\"@type\":\"ListItem\",\"position\":2,\"name\":\"\u0627\u0644\u0645\u0646\u062a\u062c\u0627\u062a\",\"item\":\"https:\\\/\\\/shanabooks.de\\\/shop\\\/\"},{\"@type\":\"ListItem\",\"position\":3,\"name\":\"Evdo \u00fb \u00e7end b\u00eahnik\u00ean \u015fadiy\u00ea\"}]},{\"@type\":\"WebSite\",\"@id\":\"https:\\\/\\\/shanabooks.de\\\/#website\",\"url\":\"https:\\\/\\\/shanabooks.de\\\/\",\"name\":\"www.shanbooks.de\",\"description\":\"C\u00eehana Pirt\u00fbk\u00ean Kurd\u00ee \u0645\u0643\u062a\u0628\u0629 \u0634\u0627\u0646\u0627 \u0641\u064a \u0627\u0644\u0645\u0627\u0646\u064a\u0627 \u0648\u0623\u0648\u0631\u0628\u0627\",\"publisher\":{\"@id\":\"https:\\\/\\\/shanabooks.de\\\/#organization\"},\"potentialAction\":[{\"@type\":\"SearchAction\",\"target\":{\"@type\":\"EntryPoint\",\"urlTemplate\":\"https:\\\/\\\/shanabooks.de\\\/?s={search_term_string}\"},\"query-input\":{\"@type\":\"PropertyValueSpecification\",\"valueRequired\":true,\"valueName\":\"search_term_string\"}}],\"inLanguage\":\"de\"},{\"@type\":\"Organization\",\"@id\":\"https:\\\/\\\/shanabooks.de\\\/#organization\",\"name\":\"www.shanbooks.de\",\"url\":\"https:\\\/\\\/shanabooks.de\\\/\",\"logo\":{\"@type\":\"ImageObject\",\"inLanguage\":\"de\",\"@id\":\"https:\\\/\\\/shanabooks.de\\\/#\\\/schema\\\/logo\\\/image\\\/\",\"url\":\"https:\\\/\\\/shanabooks.de\\\/wp-content\\\/uploads\\\/2024\\\/03\\\/SHANABOOKS__2_-removebg-preview.png\",\"contentUrl\":\"https:\\\/\\\/shanabooks.de\\\/wp-content\\\/uploads\\\/2024\\\/03\\\/SHANABOOKS__2_-removebg-preview.png\",\"width\":700,\"height\":150,\"caption\":\"www.shanbooks.de\"},\"image\":{\"@id\":\"https:\\\/\\\/shanabooks.de\\\/#\\\/schema\\\/logo\\\/image\\\/\"}}]}<\/script>\n<!-- \/ Yoast SEO plugin. -->","yoast_head_json":{"title":"Evdo \u00fb \u00e7end b\u00eahnik\u00ean \u015fadiy\u00ea - Fawaz Hus\u00ean - www.shanabooks.de","description":"Evdo \u00fb \u00e7end b\u00eahnik\u00ean \u015fadiy\u00ea - Fawaz Hus\u00ean Kurdek\u00ee heleb\u00e7ey\u00ee li \u00cethakay\u00eaEvdo kurd e, li Par\u00ees\u00ea penaber e l\u00ea hema li welat\u00ean d\u00fbr \u00fb n\u00eaz\u00eek digere. Gava li ...","robots":{"index":"index","follow":"follow","max-snippet":"max-snippet:-1","max-image-preview":"max-image-preview:large","max-video-preview":"max-video-preview:-1"},"canonical":"https:\/\/shanabooks.de\/product\/evdo-u-cend-behniken-sadiye-fawaz-husen\/","og_locale":"de_DE","og_type":"article","og_title":"Evdo \u00fb \u00e7end b\u00eahnik\u00ean \u015fadiy\u00ea - Fawaz Hus\u00ean - www.shanabooks.de","og_description":"Evdo \u00fb \u00e7end b\u00eahnik\u00ean \u015fadiy\u00ea - Fawaz Hus\u00ean Kurdek\u00ee heleb\u00e7ey\u00ee li \u00cethakay\u00eaEvdo kurd e, li Par\u00ees\u00ea penaber e l\u00ea hema li welat\u00ean d\u00fbr \u00fb n\u00eaz\u00eek digere. Gava li ...","og_url":"https:\/\/shanabooks.de\/product\/evdo-u-cend-behniken-sadiye-fawaz-husen\/","og_site_name":"www.shanabooks.de","article_modified_time":"2026-01-01T19:55:29+00:00","og_image":[{"width":513,"height":775,"url":"https:\/\/shanabooks.de\/wp-content\/uploads\/2024\/03\/evdo-u-cend-bihniken-sadiye.jpg","type":"image\/jpeg"}],"twitter_card":"summary_large_image","twitter_misc":{"Gesch\u00e4tzte Lesezeit":"2\u00a0Minuten"},"schema":{"@context":"https:\/\/schema.org","@graph":[{"@type":"WebPage","@id":"https:\/\/shanabooks.de\/product\/evdo-u-cend-behniken-sadiye-fawaz-husen\/","url":"https:\/\/shanabooks.de\/product\/evdo-u-cend-behniken-sadiye-fawaz-husen\/","name":"Evdo \u00fb \u00e7end b\u00eahnik\u00ean \u015fadiy\u00ea - Fawaz Hus\u00ean - www.shanabooks.de","isPartOf":{"@id":"https:\/\/shanabooks.de\/#website"},"primaryImageOfPage":{"@id":"https:\/\/shanabooks.de\/product\/evdo-u-cend-behniken-sadiye-fawaz-husen\/#primaryimage"},"image":{"@id":"https:\/\/shanabooks.de\/product\/evdo-u-cend-behniken-sadiye-fawaz-husen\/#primaryimage"},"thumbnailUrl":"https:\/\/shanabooks.de\/wp-content\/uploads\/2024\/03\/evdo-u-cend-bihniken-sadiye.jpg","datePublished":"2024-03-03T19:40:03+00:00","dateModified":"2026-01-01T19:55:29+00:00","description":"Evdo \u00fb \u00e7end b\u00eahnik\u00ean \u015fadiy\u00ea - Fawaz Hus\u00ean Kurdek\u00ee heleb\u00e7ey\u00ee li \u00cethakay\u00eaEvdo kurd e, li Par\u00ees\u00ea penaber e l\u00ea hema li welat\u00ean d\u00fbr \u00fb n\u00eaz\u00eek digere. Gava li ...","breadcrumb":{"@id":"https:\/\/shanabooks.de\/product\/evdo-u-cend-behniken-sadiye-fawaz-husen\/#breadcrumb"},"inLanguage":"de","potentialAction":[{"@type":"ReadAction","target":["https:\/\/shanabooks.de\/product\/evdo-u-cend-behniken-sadiye-fawaz-husen\/"]}]},{"@type":"ImageObject","inLanguage":"de","@id":"https:\/\/shanabooks.de\/product\/evdo-u-cend-behniken-sadiye-fawaz-husen\/#primaryimage","url":"https:\/\/shanabooks.de\/wp-content\/uploads\/2024\/03\/evdo-u-cend-bihniken-sadiye.jpg","contentUrl":"https:\/\/shanabooks.de\/wp-content\/uploads\/2024\/03\/evdo-u-cend-bihniken-sadiye.jpg","width":513,"height":775,"caption":"Evdo \u00fb \u00e7end b\u00eahnik\u00ean \u015fadiy\u00ea - Fawaz Hus\u00ean - pirt\u00fbk\u00ean kurd\u00ee - roman"},{"@type":"BreadcrumbList","@id":"https:\/\/shanabooks.de\/product\/evdo-u-cend-behniken-sadiye-fawaz-husen\/#breadcrumb","itemListElement":[{"@type":"ListItem","position":1,"name":"\u0627\u0644\u0631\u0626\u064a\u0633\u064a\u0629","item":"https:\/\/shanabooks.de\/de\/"},{"@type":"ListItem","position":2,"name":"\u0627\u0644\u0645\u0646\u062a\u062c\u0627\u062a","item":"https:\/\/shanabooks.de\/shop\/"},{"@type":"ListItem","position":3,"name":"Evdo \u00fb \u00e7end b\u00eahnik\u00ean \u015fadiy\u00ea"}]},{"@type":"WebSite","@id":"https:\/\/shanabooks.de\/#website","url":"https:\/\/shanabooks.de\/","name":"www.shanbooks.de","description":"C\u00eehana Pirt\u00fbk\u00ean Kurd\u00ee \u0645\u0643\u062a\u0628\u0629 \u0634\u0627\u0646\u0627 \u0641\u064a \u0627\u0644\u0645\u0627\u0646\u064a\u0627 \u0648\u0623\u0648\u0631\u0628\u0627","publisher":{"@id":"https:\/\/shanabooks.de\/#organization"},"potentialAction":[{"@type":"SearchAction","target":{"@type":"EntryPoint","urlTemplate":"https:\/\/shanabooks.de\/?s={search_term_string}"},"query-input":{"@type":"PropertyValueSpecification","valueRequired":true,"valueName":"search_term_string"}}],"inLanguage":"de"},{"@type":"Organization","@id":"https:\/\/shanabooks.de\/#organization","name":"www.shanbooks.de","url":"https:\/\/shanabooks.de\/","logo":{"@type":"ImageObject","inLanguage":"de","@id":"https:\/\/shanabooks.de\/#\/schema\/logo\/image\/","url":"https:\/\/shanabooks.de\/wp-content\/uploads\/2024\/03\/SHANABOOKS__2_-removebg-preview.png","contentUrl":"https:\/\/shanabooks.de\/wp-content\/uploads\/2024\/03\/SHANABOOKS__2_-removebg-preview.png","width":700,"height":150,"caption":"www.shanbooks.de"},"image":{"@id":"https:\/\/shanabooks.de\/#\/schema\/logo\/image\/"}}]}},"jetpack_sharing_enabled":true,"_links":{"self":[{"href":"https:\/\/shanabooks.de\/de\/wp-json\/wp\/v2\/product\/12024","targetHints":{"allow":["GET"]}}],"collection":[{"href":"https:\/\/shanabooks.de\/de\/wp-json\/wp\/v2\/product"}],"about":[{"href":"https:\/\/shanabooks.de\/de\/wp-json\/wp\/v2\/types\/product"}],"version-history":[{"count":3,"href":"https:\/\/shanabooks.de\/de\/wp-json\/wp\/v2\/product\/12024\/revisions"}],"predecessor-version":[{"id":22980,"href":"https:\/\/shanabooks.de\/de\/wp-json\/wp\/v2\/product\/12024\/revisions\/22980"}],"wp:featuredmedia":[{"embeddable":true,"href":"https:\/\/shanabooks.de\/de\/wp-json\/wp\/v2\/media\/12087"}],"wp:attachment":[{"href":"https:\/\/shanabooks.de\/de\/wp-json\/wp\/v2\/media?parent=12024"}],"wp:term":[{"taxonomy":"product_brand","embeddable":true,"href":"https:\/\/shanabooks.de\/de\/wp-json\/wp\/v2\/product_brand?post=12024"},{"taxonomy":"product_cat","embeddable":true,"href":"https:\/\/shanabooks.de\/de\/wp-json\/wp\/v2\/product_cat?post=12024"},{"taxonomy":"product_tag","embeddable":true,"href":"https:\/\/shanabooks.de\/de\/wp-json\/wp\/v2\/product_tag?post=12024"}],"curies":[{"name":"wp","href":"https:\/\/api.w.org\/{rel}","templated":true}]}}