{"id":12025,"date":"2024-03-03T19:40:03","date_gmt":"2024-03-03T19:40:03","guid":{"rendered":"https:\/\/shanabooks.de\/?post_type=product&#038;p=12025"},"modified":"2024-04-06T09:51:30","modified_gmt":"2024-04-06T09:51:30","slug":"heteyeke-direj-li-amede-fawaz-husen","status":"publish","type":"product","link":"https:\/\/shanabooks.de\/de\/product\/heteyeke-direj-li-amede-fawaz-husen\/","title":{"rendered":"Hefteyeke dir\u00eaj li Amed\u00ea"},"content":{"rendered":"<p dir=\"ltr\"><strong>Heteyeke dir\u00eaj li Amed\u00ea &#8211; Fawaz Hus\u00ean<\/strong><\/p>\n<div class=\"_38 direction_ltr\" dir=\"ltr\">Ferzend\u00ea p\u00eanc\u00ee sal\u00ee n\u00eev\u00ea temen\u00ea xwe li Par\u00ees\u00ea dibihur\u00eene \u00fb vedigere bajar\u00ea xwe Am\u00fbd\u00ea li Rojavay\u00ea Kurdistan\u00ea \u00fb S\u00fbriya di nava agir\u00ean Bihara Ereban de. Ew bi balefir\u00ea di\u00e7e Tirkiy\u00ea da ku ji w\u00ea der\u00ea ber bi ba\u015f\u00fbr \u00fb s\u00eenor\u00ea bi zeviy\u00ean may\u00eenan \u00fb t\u00eal\u00ean direy\u00ee ve dakeve. Ew ji herkes\u00ee re dubare dike ku ew am\u00fbd\u00ee ye \u00fb armanca w\u00ee ew e ku \u015feveke sax li ber s\u00eenor bim\u00eene, li lempe \u00fb ronahiy\u00ean bajar\u00ea xwe tema\u015fe bike \u00fb di k\u00fb re zirav dibe bil adi wir re biqete. Pi\u015ft\u00ee Stembol\u00ea, ew di\u00e7e Amed\u00ea, paytexta Kurdistana Bakur. Ew heftiyek\u00ea li bajar\u00ea d\u00eerok\u00ee dim\u00eene, rast\u00ee be\u015fek\u00ee mezin ji d\u00eeroka kurd\u00ean bakur di nav s\u00ee sal\u00ean daw\u00een de t\u00ea \u00fb bi taybet\u00ee t\u00ea digih\u00eeje ku \u00e7end kes li nava keleh\u00ea ji nasnameya w\u00ee ya kurdek\u00ee binxet\u00ee bawer nakin \u00fb w\u00ee weke mirovek\u00ee din dib\u00eenin. Pi\u015ft\u00ee ku derdek\u00ee mezin ji ser dil\u00ea xwe dide al\u00ee, ew di\u00e7e M\u00eard\u00een\u00ea, li ber s\u00eenor radiweste, lempey\u00ean Am\u00fbd\u00ea dib\u00eene \u00fb dide ser axa nerm a hem\u00fb niyaz \u00fb metirsiyan. W\u00ea gav\u00ea, ew digih\u00eeje pengava daw\u00een a r\u00eaw\u00eetiya xwe \u00fb p\u00earg\u00ee dem\u00ean \u00e7i \u015f\u00ear\u00een \u00e7i xemg\u00eenbar \u00ean zaroktiya xwe ya li Kurdistan\u00ea t\u00ea.<\/div>\n<div class=\"_38 direction_ltr\" dir=\"ltr\">Berhema di nav dest\u00ean we de ne b\u00eername, ango ne jiyana niv\u00eeskar\u00ea xwe ye. B\u00fbyer\u00ean w\u00ea di legana xeyalan de hatine vestirandin \u00fb p\u00eawendiya wan bi rastiy\u00ea ve tune. Ten\u00ea Amed rastiya rasteq\u00een \u00fb leheng\u00ea serek\u00een e, Ameda bi beden \u00fb birc\u00ean kevnare, bi pirsa kurd \u00fb Kurdistan\u00ea \u00fb man \u00fb neman\u00ea, bi germa hav\u00eenan \u00fb hel\u00eekopter\u00ean hergav di asimanan de, bi Pira Dehder\u00ee \u00fb \u00e7em\u00ea Dicley\u00ea ku li j\u00eara bex\u00e7ey\u00ean Hewsel\u00ea \u00e7iveke xweday\u00ee dide xwe. Am\u00fbd\u00ea j\u00ee bi rast\u00ee heye \u00fb leheng\u00ea duyem e. Ew li Rojavay\u00ea Kurdistan\u00ea bi du ti\u015ftan navdar e: xw\u00een\u015f\u00ear\u00eeniya \u015f\u00eaniy\u00ean xwe \u00fb bir\u00een\u00ean dijwar ku neyaran, \u00e7i ji kurdan, \u00e7i ji biyaniyan, di can\u00ea w\u00ea de vedane. Eger hin kes xwe di van r\u00fbpelan de bib\u00eenin, ev yek \u00ea ber\u00ee her ti\u015ft\u00ee tesaduf\u00ee, l\u00eahatin\u00ee be \u00fb pa\u015f\u00ea n\u00ee\u015fana serkeftina roman\u00ea \u00fb gerd\u00fbniya mijara w\u00ea be. Ma k\u00ea ji me rojek\u00ea ji rojan xwe di kes\u00ean weke Od\u00eeseos, Don K\u00ee\u015fot, Mem \u00fb Z\u00een, Rustem\u00ea Zal, M\u00eerza Mihemed, M\u00eerzay\u00ea Pi\u00e7\u00fbk an Biyaniy\u00ea Albert Camus de ned\u00eetiye? Heftiyeke dir\u00eaj li Amed\u00ea romana Amed, Am\u00fbd \u00fb \u00fbm\u00eed\u00ea ye.<\/div>\n<p dir=\"ltr\">\n","protected":false},"excerpt":{"rendered":"<p dir=\"ltr\" style=\"text-align: center;\"><strong>Pirt\u00fbk: Heftiyeke dir\u00eaj li Amed\u00ea<br \/>\nNiv\u00eeskar: Fawaz Hus\u00ean<\/strong><br \/>\n<strong>Cure: Roman<\/strong><\/p>\n","protected":false},"featured_media":12089,"template":"","meta":{"site-sidebar-layout":"default","site-content-layout":"","ast-site-content-layout":"default","site-content-style":"default","site-sidebar-style":"default","ast-global-header-display":"","ast-banner-title-visibility":"","ast-main-header-display":"","ast-hfb-above-header-display":"","ast-hfb-below-header-display":"","ast-hfb-mobile-header-display":"","site-post-title":"","ast-breadcrumbs-content":"","ast-featured-img":"","footer-sml-layout":"","ast-disable-related-posts":"","theme-transparent-header-meta":"default","adv-header-id-meta":"","stick-header-meta":"","header-above-stick-meta":"","header-main-stick-meta":"","header-below-stick-meta":"","astra-migrate-meta-layouts":"set","ast-page-background-enabled":"default","ast-page-background-meta":{"desktop":{"background-color":"","background-image":"","background-repeat":"repeat","background-position":"center center","background-size":"auto","background-attachment":"scroll","background-type":"","background-media":"","overlay-type":"","overlay-color":"","overlay-opacity":"","overlay-gradient":""},"tablet":{"background-color":"","background-image":"","background-repeat":"repeat","background-position":"center center","background-size":"auto","background-attachment":"scroll","background-type":"","background-media":"","overlay-type":"","overlay-color":"","overlay-opacity":"","overlay-gradient":""},"mobile":{"background-color":"","background-image":"","background-repeat":"repeat","background-position":"center center","background-size":"auto","background-attachment":"scroll","background-type":"","background-media":"","overlay-type":"","overlay-color":"","overlay-opacity":"","overlay-gradient":""}},"ast-content-background-meta":{"desktop":{"background-color":"var(--ast-global-color-5)","background-image":"","background-repeat":"repeat","background-position":"center center","background-size":"auto","background-attachment":"scroll","background-type":"","background-media":"","overlay-type":"","overlay-color":"","overlay-opacity":"","overlay-gradient":""},"tablet":{"background-color":"var(--ast-global-color-5)","background-image":"","background-repeat":"repeat","background-position":"center center","background-size":"auto","background-attachment":"scroll","background-type":"","background-media":"","overlay-type":"","overlay-color":"","overlay-opacity":"","overlay-gradient":""},"mobile":{"background-color":"var(--ast-global-color-5)","background-image":"","background-repeat":"repeat","background-position":"center center","background-size":"auto","background-attachment":"scroll","background-type":"","background-media":"","overlay-type":"","overlay-color":"","overlay-opacity":"","overlay-gradient":""}}},"product_brand":[],"product_cat":[182,193],"product_tag":[],"class_list":{"0":"post-12025","1":"product","2":"type-product","3":"status-publish","4":"has-post-thumbnail","6":"product_cat-_","7":"product_cat--_","8":"pa_-roman","9":"pa_-fawaz-husen","10":"pa_-kurmanci","11":"pa_--avesta-yayinlari","12":"desktop-align-left","13":"tablet-align-left","14":"mobile-align-left","16":"first","17":"instock","18":"shipping-taxable","19":"purchasable","20":"product-type-simple"},"yoast_head":"<!-- This site is optimized with the Yoast SEO plugin v27.4 - https:\/\/yoast.com\/product\/yoast-seo-wordpress\/ -->\n<title>Heteyeke dir\u00eaj li Amed\u00ea - Fawaz Hus\u00ean - www.shanabooks.de<\/title>\n<meta name=\"description\" content=\"Heteyeke dir\u00eaj li Amed\u00ea - Fawaz Hus\u00ean Ferzend\u00ea p\u00eanc\u00ee sal\u00ee n\u00eev\u00ea temen\u00ea xwe li Par\u00ees\u00ea dibihur\u00eene \u00fb vedigere bajar\u00ea xwe Am\u00fbd\u00ea li Rojavay\u00ea Kurdistan\u00ea \u00fb S\u00fbriy...\" \/>\n<meta name=\"robots\" content=\"index, follow, max-snippet:-1, max-image-preview:large, max-video-preview:-1\" \/>\n<link rel=\"canonical\" href=\"https:\/\/shanabooks.de\/product\/heteyeke-direj-li-amede-fawaz-husen\/\" \/>\n<meta property=\"og:locale\" content=\"de_DE\" \/>\n<meta property=\"og:type\" content=\"article\" \/>\n<meta property=\"og:title\" content=\"Heteyeke dir\u00eaj li Amed\u00ea - Fawaz Hus\u00ean - www.shanabooks.de\" \/>\n<meta property=\"og:description\" content=\"Heteyeke dir\u00eaj li Amed\u00ea - Fawaz Hus\u00ean Ferzend\u00ea p\u00eanc\u00ee sal\u00ee n\u00eev\u00ea temen\u00ea xwe li Par\u00ees\u00ea dibihur\u00eene \u00fb vedigere bajar\u00ea xwe Am\u00fbd\u00ea li Rojavay\u00ea Kurdistan\u00ea \u00fb S\u00fbriy...\" \/>\n<meta property=\"og:url\" content=\"https:\/\/shanabooks.de\/product\/heteyeke-direj-li-amede-fawaz-husen\/\" \/>\n<meta property=\"og:site_name\" content=\"www.shanabooks.de\" \/>\n<meta property=\"article:modified_time\" content=\"2024-04-06T09:51:30+00:00\" \/>\n<meta property=\"og:image\" content=\"https:\/\/shanabooks.de\/wp-content\/uploads\/2024\/03\/Heftiyek-direj-li-Amede.jpg\" \/>\n\t<meta property=\"og:image:width\" content=\"598\" \/>\n\t<meta property=\"og:image:height\" content=\"900\" \/>\n\t<meta property=\"og:image:type\" content=\"image\/jpeg\" \/>\n<meta name=\"twitter:card\" content=\"summary_large_image\" \/>\n<meta name=\"twitter:label1\" content=\"Gesch\u00e4tzte Lesezeit\" \/>\n\t<meta name=\"twitter:data1\" content=\"3\u00a0Minuten\" \/>\n<script type=\"application\/ld+json\" class=\"yoast-schema-graph\">{\"@context\":\"https:\\\/\\\/schema.org\",\"@graph\":[{\"@type\":\"WebPage\",\"@id\":\"https:\\\/\\\/shanabooks.de\\\/product\\\/heteyeke-direj-li-amede-fawaz-husen\\\/\",\"url\":\"https:\\\/\\\/shanabooks.de\\\/product\\\/heteyeke-direj-li-amede-fawaz-husen\\\/\",\"name\":\"Heteyeke dir\u00eaj li Amed\u00ea - Fawaz Hus\u00ean - www.shanabooks.de\",\"isPartOf\":{\"@id\":\"https:\\\/\\\/shanabooks.de\\\/#website\"},\"primaryImageOfPage\":{\"@id\":\"https:\\\/\\\/shanabooks.de\\\/product\\\/heteyeke-direj-li-amede-fawaz-husen\\\/#primaryimage\"},\"image\":{\"@id\":\"https:\\\/\\\/shanabooks.de\\\/product\\\/heteyeke-direj-li-amede-fawaz-husen\\\/#primaryimage\"},\"thumbnailUrl\":\"https:\\\/\\\/shanabooks.de\\\/wp-content\\\/uploads\\\/2024\\\/03\\\/Heftiyek-direj-li-Amede.jpg\",\"datePublished\":\"2024-03-03T19:40:03+00:00\",\"dateModified\":\"2024-04-06T09:51:30+00:00\",\"description\":\"Heteyeke dir\u00eaj li Amed\u00ea - Fawaz Hus\u00ean Ferzend\u00ea p\u00eanc\u00ee sal\u00ee n\u00eev\u00ea temen\u00ea xwe li Par\u00ees\u00ea dibihur\u00eene \u00fb vedigere bajar\u00ea xwe Am\u00fbd\u00ea li Rojavay\u00ea Kurdistan\u00ea \u00fb S\u00fbriy...\",\"breadcrumb\":{\"@id\":\"https:\\\/\\\/shanabooks.de\\\/product\\\/heteyeke-direj-li-amede-fawaz-husen\\\/#breadcrumb\"},\"inLanguage\":\"de\",\"potentialAction\":[{\"@type\":\"ReadAction\",\"target\":[\"https:\\\/\\\/shanabooks.de\\\/product\\\/heteyeke-direj-li-amede-fawaz-husen\\\/\"]}]},{\"@type\":\"ImageObject\",\"inLanguage\":\"de\",\"@id\":\"https:\\\/\\\/shanabooks.de\\\/product\\\/heteyeke-direj-li-amede-fawaz-husen\\\/#primaryimage\",\"url\":\"https:\\\/\\\/shanabooks.de\\\/wp-content\\\/uploads\\\/2024\\\/03\\\/Heftiyek-direj-li-Amede.jpg\",\"contentUrl\":\"https:\\\/\\\/shanabooks.de\\\/wp-content\\\/uploads\\\/2024\\\/03\\\/Heftiyek-direj-li-Amede.jpg\",\"width\":598,\"height\":900,\"caption\":\"Heteyeke dir\u00eaj li Amed\u00ea - Fawaz Hus\u00ean - pirt\u00fbk\u00ean kurd\u00ee - Roman\"},{\"@type\":\"BreadcrumbList\",\"@id\":\"https:\\\/\\\/shanabooks.de\\\/product\\\/heteyeke-direj-li-amede-fawaz-husen\\\/#breadcrumb\",\"itemListElement\":[{\"@type\":\"ListItem\",\"position\":1,\"name\":\"\u0627\u0644\u0631\u0626\u064a\u0633\u064a\u0629\",\"item\":\"https:\\\/\\\/shanabooks.de\\\/de\\\/\"},{\"@type\":\"ListItem\",\"position\":2,\"name\":\"\u0627\u0644\u0645\u0646\u062a\u062c\u0627\u062a\",\"item\":\"https:\\\/\\\/shanabooks.de\\\/shop\\\/\"},{\"@type\":\"ListItem\",\"position\":3,\"name\":\"Hefteyeke dir\u00eaj li Amed\u00ea\"}]},{\"@type\":\"WebSite\",\"@id\":\"https:\\\/\\\/shanabooks.de\\\/#website\",\"url\":\"https:\\\/\\\/shanabooks.de\\\/\",\"name\":\"www.shanbooks.de\",\"description\":\"C\u00eehana Pirt\u00fbk\u00ean Kurd\u00ee \u0645\u0643\u062a\u0628\u0629 \u0634\u0627\u0646\u0627 \u0641\u064a \u0627\u0644\u0645\u0627\u0646\u064a\u0627 \u0648\u0623\u0648\u0631\u0628\u0627\",\"publisher\":{\"@id\":\"https:\\\/\\\/shanabooks.de\\\/#organization\"},\"potentialAction\":[{\"@type\":\"SearchAction\",\"target\":{\"@type\":\"EntryPoint\",\"urlTemplate\":\"https:\\\/\\\/shanabooks.de\\\/?s={search_term_string}\"},\"query-input\":{\"@type\":\"PropertyValueSpecification\",\"valueRequired\":true,\"valueName\":\"search_term_string\"}}],\"inLanguage\":\"de\"},{\"@type\":\"Organization\",\"@id\":\"https:\\\/\\\/shanabooks.de\\\/#organization\",\"name\":\"www.shanbooks.de\",\"url\":\"https:\\\/\\\/shanabooks.de\\\/\",\"logo\":{\"@type\":\"ImageObject\",\"inLanguage\":\"de\",\"@id\":\"https:\\\/\\\/shanabooks.de\\\/#\\\/schema\\\/logo\\\/image\\\/\",\"url\":\"https:\\\/\\\/shanabooks.de\\\/wp-content\\\/uploads\\\/2024\\\/03\\\/SHANABOOKS__2_-removebg-preview.png\",\"contentUrl\":\"https:\\\/\\\/shanabooks.de\\\/wp-content\\\/uploads\\\/2024\\\/03\\\/SHANABOOKS__2_-removebg-preview.png\",\"width\":700,\"height\":150,\"caption\":\"www.shanbooks.de\"},\"image\":{\"@id\":\"https:\\\/\\\/shanabooks.de\\\/#\\\/schema\\\/logo\\\/image\\\/\"}}]}<\/script>\n<!-- \/ Yoast SEO plugin. -->","yoast_head_json":{"title":"Heteyeke dir\u00eaj li Amed\u00ea - Fawaz Hus\u00ean - www.shanabooks.de","description":"Heteyeke dir\u00eaj li Amed\u00ea - Fawaz Hus\u00ean Ferzend\u00ea p\u00eanc\u00ee sal\u00ee n\u00eev\u00ea temen\u00ea xwe li Par\u00ees\u00ea dibihur\u00eene \u00fb vedigere bajar\u00ea xwe Am\u00fbd\u00ea li Rojavay\u00ea Kurdistan\u00ea \u00fb S\u00fbriy...","robots":{"index":"index","follow":"follow","max-snippet":"max-snippet:-1","max-image-preview":"max-image-preview:large","max-video-preview":"max-video-preview:-1"},"canonical":"https:\/\/shanabooks.de\/product\/heteyeke-direj-li-amede-fawaz-husen\/","og_locale":"de_DE","og_type":"article","og_title":"Heteyeke dir\u00eaj li Amed\u00ea - Fawaz Hus\u00ean - www.shanabooks.de","og_description":"Heteyeke dir\u00eaj li Amed\u00ea - Fawaz Hus\u00ean Ferzend\u00ea p\u00eanc\u00ee sal\u00ee n\u00eev\u00ea temen\u00ea xwe li Par\u00ees\u00ea dibihur\u00eene \u00fb vedigere bajar\u00ea xwe Am\u00fbd\u00ea li Rojavay\u00ea Kurdistan\u00ea \u00fb S\u00fbriy...","og_url":"https:\/\/shanabooks.de\/product\/heteyeke-direj-li-amede-fawaz-husen\/","og_site_name":"www.shanabooks.de","article_modified_time":"2024-04-06T09:51:30+00:00","og_image":[{"width":598,"height":900,"url":"https:\/\/shanabooks.de\/wp-content\/uploads\/2024\/03\/Heftiyek-direj-li-Amede.jpg","type":"image\/jpeg"}],"twitter_card":"summary_large_image","twitter_misc":{"Gesch\u00e4tzte Lesezeit":"3\u00a0Minuten"},"schema":{"@context":"https:\/\/schema.org","@graph":[{"@type":"WebPage","@id":"https:\/\/shanabooks.de\/product\/heteyeke-direj-li-amede-fawaz-husen\/","url":"https:\/\/shanabooks.de\/product\/heteyeke-direj-li-amede-fawaz-husen\/","name":"Heteyeke dir\u00eaj li Amed\u00ea - Fawaz Hus\u00ean - www.shanabooks.de","isPartOf":{"@id":"https:\/\/shanabooks.de\/#website"},"primaryImageOfPage":{"@id":"https:\/\/shanabooks.de\/product\/heteyeke-direj-li-amede-fawaz-husen\/#primaryimage"},"image":{"@id":"https:\/\/shanabooks.de\/product\/heteyeke-direj-li-amede-fawaz-husen\/#primaryimage"},"thumbnailUrl":"https:\/\/shanabooks.de\/wp-content\/uploads\/2024\/03\/Heftiyek-direj-li-Amede.jpg","datePublished":"2024-03-03T19:40:03+00:00","dateModified":"2024-04-06T09:51:30+00:00","description":"Heteyeke dir\u00eaj li Amed\u00ea - Fawaz Hus\u00ean Ferzend\u00ea p\u00eanc\u00ee sal\u00ee n\u00eev\u00ea temen\u00ea xwe li Par\u00ees\u00ea dibihur\u00eene \u00fb vedigere bajar\u00ea xwe Am\u00fbd\u00ea li Rojavay\u00ea Kurdistan\u00ea \u00fb S\u00fbriy...","breadcrumb":{"@id":"https:\/\/shanabooks.de\/product\/heteyeke-direj-li-amede-fawaz-husen\/#breadcrumb"},"inLanguage":"de","potentialAction":[{"@type":"ReadAction","target":["https:\/\/shanabooks.de\/product\/heteyeke-direj-li-amede-fawaz-husen\/"]}]},{"@type":"ImageObject","inLanguage":"de","@id":"https:\/\/shanabooks.de\/product\/heteyeke-direj-li-amede-fawaz-husen\/#primaryimage","url":"https:\/\/shanabooks.de\/wp-content\/uploads\/2024\/03\/Heftiyek-direj-li-Amede.jpg","contentUrl":"https:\/\/shanabooks.de\/wp-content\/uploads\/2024\/03\/Heftiyek-direj-li-Amede.jpg","width":598,"height":900,"caption":"Heteyeke dir\u00eaj li Amed\u00ea - Fawaz Hus\u00ean - pirt\u00fbk\u00ean kurd\u00ee - Roman"},{"@type":"BreadcrumbList","@id":"https:\/\/shanabooks.de\/product\/heteyeke-direj-li-amede-fawaz-husen\/#breadcrumb","itemListElement":[{"@type":"ListItem","position":1,"name":"\u0627\u0644\u0631\u0626\u064a\u0633\u064a\u0629","item":"https:\/\/shanabooks.de\/de\/"},{"@type":"ListItem","position":2,"name":"\u0627\u0644\u0645\u0646\u062a\u062c\u0627\u062a","item":"https:\/\/shanabooks.de\/shop\/"},{"@type":"ListItem","position":3,"name":"Hefteyeke dir\u00eaj li Amed\u00ea"}]},{"@type":"WebSite","@id":"https:\/\/shanabooks.de\/#website","url":"https:\/\/shanabooks.de\/","name":"www.shanbooks.de","description":"C\u00eehana Pirt\u00fbk\u00ean Kurd\u00ee \u0645\u0643\u062a\u0628\u0629 \u0634\u0627\u0646\u0627 \u0641\u064a \u0627\u0644\u0645\u0627\u0646\u064a\u0627 \u0648\u0623\u0648\u0631\u0628\u0627","publisher":{"@id":"https:\/\/shanabooks.de\/#organization"},"potentialAction":[{"@type":"SearchAction","target":{"@type":"EntryPoint","urlTemplate":"https:\/\/shanabooks.de\/?s={search_term_string}"},"query-input":{"@type":"PropertyValueSpecification","valueRequired":true,"valueName":"search_term_string"}}],"inLanguage":"de"},{"@type":"Organization","@id":"https:\/\/shanabooks.de\/#organization","name":"www.shanbooks.de","url":"https:\/\/shanabooks.de\/","logo":{"@type":"ImageObject","inLanguage":"de","@id":"https:\/\/shanabooks.de\/#\/schema\/logo\/image\/","url":"https:\/\/shanabooks.de\/wp-content\/uploads\/2024\/03\/SHANABOOKS__2_-removebg-preview.png","contentUrl":"https:\/\/shanabooks.de\/wp-content\/uploads\/2024\/03\/SHANABOOKS__2_-removebg-preview.png","width":700,"height":150,"caption":"www.shanbooks.de"},"image":{"@id":"https:\/\/shanabooks.de\/#\/schema\/logo\/image\/"}}]}},"jetpack_sharing_enabled":true,"_links":{"self":[{"href":"https:\/\/shanabooks.de\/de\/wp-json\/wp\/v2\/product\/12025","targetHints":{"allow":["GET"]}}],"collection":[{"href":"https:\/\/shanabooks.de\/de\/wp-json\/wp\/v2\/product"}],"about":[{"href":"https:\/\/shanabooks.de\/de\/wp-json\/wp\/v2\/types\/product"}],"version-history":[{"count":2,"href":"https:\/\/shanabooks.de\/de\/wp-json\/wp\/v2\/product\/12025\/revisions"}],"predecessor-version":[{"id":22982,"href":"https:\/\/shanabooks.de\/de\/wp-json\/wp\/v2\/product\/12025\/revisions\/22982"}],"wp:featuredmedia":[{"embeddable":true,"href":"https:\/\/shanabooks.de\/de\/wp-json\/wp\/v2\/media\/12089"}],"wp:attachment":[{"href":"https:\/\/shanabooks.de\/de\/wp-json\/wp\/v2\/media?parent=12025"}],"wp:term":[{"taxonomy":"product_brand","embeddable":true,"href":"https:\/\/shanabooks.de\/de\/wp-json\/wp\/v2\/product_brand?post=12025"},{"taxonomy":"product_cat","embeddable":true,"href":"https:\/\/shanabooks.de\/de\/wp-json\/wp\/v2\/product_cat?post=12025"},{"taxonomy":"product_tag","embeddable":true,"href":"https:\/\/shanabooks.de\/de\/wp-json\/wp\/v2\/product_tag?post=12025"}],"curies":[{"name":"wp","href":"https:\/\/api.w.org\/{rel}","templated":true}]}}