{"id":12026,"date":"2024-03-03T19:40:03","date_gmt":"2024-03-03T19:40:03","guid":{"rendered":"https:\/\/shanabooks.de\/?post_type=product&#038;p=12026"},"modified":"2025-12-30T22:58:34","modified_gmt":"2025-12-30T22:58:34","slug":"ponijin-renas-jiyan","status":"publish","type":"product","link":"https:\/\/shanabooks.de\/de\/product\/ponijin-renas-jiyan\/","title":{"rendered":"Ponij\u00een"},"content":{"rendered":"<p dir=\"ltr\"><strong>Ponij\u00een &#8211; R\u00eanas Jiyan<\/strong><\/p>\n<p dir=\"ltr\">Ewil\u00ee hatin nav\u00ean me guhertin, wan ziman\u00ea me ji zimanan nehesiband \u00fb ew j\u00ee guhert, k\u00eafa wan wiha dixwest. Ziman\u00ea me li gor\u00ee wan ne tu ziman b\u00fb \u00fb p\u00ea tu jehr belav nedib\u00fb, ger mesele ziman b\u00fbya va ye y\u00ea wan, ew bes\u00ee me gi\u015fan b\u00fb. Nav\u00ea welat\u00ea me qedexe b\u00fb, k\u00ea ew bi l\u00eav bikira xayin b\u00fb, ziman\u00ea w\u00ee musteheq\u00ee j\u00eakirin\u00ea b\u00fb, l\u00ea y\u00ea welat\u00ea wan navek\u00ee gibgibe b\u00fb, k\u00ea ew bi l\u00eav bikira j\u00ea mezintir \u00fb serbilindtir mirov tune b\u00fb. Ala wan ala m\u00earxasan b\u00fb, reng\u00ea xwe ji xw\u00eena la\u015f\u00ea wan stendib\u00fb, l\u00ea<span class=\"apple-converted-space\">\u00a0<\/span><span class=\"textexposedshow\">ya me pa\u00e7ikek\u00ee dera han\u00ea b\u00fb. Me tu car\u00ee helbestek an j\u00ee metneke w\u00eajey\u00ee tune b\u00fb, ma em ne ew ker\u00ee b\u00fbn ku derd \u00fb jan\u00ean me ji z\u00fbr\u00een, ji barebar \u00fb ji qajewajan p\u00eak hatib\u00fb, \u00eecar em li k\u00fb \u00fb huner li k\u00fb, ma ev dib\u00fb? Ma mirov ewqas\u00ee ji ser xwe di\u00e7\u00fb? \u00cecar em \u00fb heb\u00fbn? Ma ji bo ku em heb\u00fbna div\u00ea wan ji me re negota \u201ck\u00fbn\u201d?!<\/span><span class=\"apple-converted-space\">\u00a0<\/span><\/p>\n<p dir=\"ltr\"><span class=\"textexposedshow\">Wexta xwe li ser ser\u00ea me mezin dikin, an dipesinin, an me bi ti\u015ftek\u00ee nahesib\u00eenin, an payetiyan dikin, an me bir\u00e7\u00ee dih\u00ealin, an j\u00ee dikujin ew van hem\u00fb ti\u015ftan ji bo me dikin. Ma ew nab\u00eajin, em pirr ji kurdan hez dikin? Ew x\u00eara me dixwazin \u00fb div\u00ea em ji wan bawer bikin. Gava bixwazin div\u00ea karibin ruh\u00ea me bist\u00eenin, ew mezin in pirr \u00fb pirr mezin in, biqas\u00ee \u201cedalet\u201da xwe mezin in.<\/span><\/p>\n<p dir=\"ltr\">Pirt\u00fbka R\u00eanas Jiyan ya bi nav\u00ea Ponij\u00een ji we\u015fan\u00ean Belk\u00ee derketiye.<\/p>\n","protected":false},"excerpt":{"rendered":"<p dir=\"ltr\" style=\"text-align: center;\"><strong>Pirt\u00fbk: Ponij\u00een<br \/>\nNiv\u00eeskar: R\u00eanas Jiyan<\/strong><br \/>\n<strong>Cure: Curey\u00ean din<\/strong><\/p>\n","protected":false},"featured_media":12091,"template":"","meta":{"site-sidebar-layout":"default","site-content-layout":"","ast-site-content-layout":"default","site-content-style":"default","site-sidebar-style":"default","ast-global-header-display":"","ast-banner-title-visibility":"","ast-main-header-display":"","ast-hfb-above-header-display":"","ast-hfb-below-header-display":"","ast-hfb-mobile-header-display":"","site-post-title":"","ast-breadcrumbs-content":"","ast-featured-img":"","footer-sml-layout":"","ast-disable-related-posts":"","theme-transparent-header-meta":"default","adv-header-id-meta":"","stick-header-meta":"","header-above-stick-meta":"","header-main-stick-meta":"","header-below-stick-meta":"","astra-migrate-meta-layouts":"set","ast-page-background-enabled":"default","ast-page-background-meta":{"desktop":{"background-color":"","background-image":"","background-repeat":"repeat","background-position":"center center","background-size":"auto","background-attachment":"scroll","background-type":"","background-media":"","overlay-type":"","overlay-color":"","overlay-opacity":"","overlay-gradient":""},"tablet":{"background-color":"","background-image":"","background-repeat":"repeat","background-position":"center center","background-size":"auto","background-attachment":"scroll","background-type":"","background-media":"","overlay-type":"","overlay-color":"","overlay-opacity":"","overlay-gradient":""},"mobile":{"background-color":"","background-image":"","background-repeat":"repeat","background-position":"center center","background-size":"auto","background-attachment":"scroll","background-type":"","background-media":"","overlay-type":"","overlay-color":"","overlay-opacity":"","overlay-gradient":""}},"ast-content-background-meta":{"desktop":{"background-color":"var(--ast-global-color-5)","background-image":"","background-repeat":"repeat","background-position":"center center","background-size":"auto","background-attachment":"scroll","background-type":"","background-media":"","overlay-type":"","overlay-color":"","overlay-opacity":"","overlay-gradient":""},"tablet":{"background-color":"var(--ast-global-color-5)","background-image":"","background-repeat":"repeat","background-position":"center center","background-size":"auto","background-attachment":"scroll","background-type":"","background-media":"","overlay-type":"","overlay-color":"","overlay-opacity":"","overlay-gradient":""},"mobile":{"background-color":"var(--ast-global-color-5)","background-image":"","background-repeat":"repeat","background-position":"center center","background-size":"auto","background-attachment":"scroll","background-type":"","background-media":"","overlay-type":"","overlay-color":"","overlay-opacity":"","overlay-gradient":""}}},"product_brand":[],"product_cat":[190,334,193],"product_tag":[],"class_list":{"0":"post-12026","1":"product","2":"type-product","3":"status-publish","4":"has-post-thumbnail","6":"product_cat-_","7":"product_cat--_","9":"pa_-filozofi","10":"pa_-renas-jiyan","11":"pa_-kurmanci","12":"pa_--belki","13":"desktop-align-left","14":"tablet-align-left","15":"mobile-align-left","17":"first","18":"instock","19":"shipping-taxable","20":"purchasable","21":"product-type-simple"},"yoast_head":"<!-- This site is optimized with the Yoast SEO plugin v27.4 - https:\/\/yoast.com\/product\/yoast-seo-wordpress\/ -->\n<title>Ponij\u00een - R\u00eanas Jiyan - www.shanabooks.de<\/title>\n<meta name=\"description\" content=\"Ponij\u00een - R\u00eanas Jiyan Ewil\u00ee hatin nav\u00ean me guhertin, wan ziman\u00ea me ji zimanan nehesiband \u00fb ew j\u00ee guhert, k\u00eafa wan wiha dixwest. Ziman\u00ea me li gor\u00ee wan...\" \/>\n<meta name=\"robots\" content=\"index, follow, max-snippet:-1, max-image-preview:large, max-video-preview:-1\" \/>\n<link rel=\"canonical\" href=\"https:\/\/shanabooks.de\/product\/ponijin-renas-jiyan\/\" \/>\n<meta property=\"og:locale\" content=\"de_DE\" \/>\n<meta property=\"og:type\" content=\"article\" \/>\n<meta property=\"og:title\" content=\"Ponij\u00een - R\u00eanas Jiyan - www.shanabooks.de\" \/>\n<meta property=\"og:description\" content=\"Ponij\u00een - R\u00eanas Jiyan Ewil\u00ee hatin nav\u00ean me guhertin, wan ziman\u00ea me ji zimanan nehesiband \u00fb ew j\u00ee guhert, k\u00eafa wan wiha dixwest. Ziman\u00ea me li gor\u00ee wan...\" \/>\n<meta property=\"og:url\" content=\"https:\/\/shanabooks.de\/product\/ponijin-renas-jiyan\/\" \/>\n<meta property=\"og:site_name\" content=\"www.shanabooks.de\" \/>\n<meta property=\"article:modified_time\" content=\"2025-12-30T22:58:34+00:00\" \/>\n<meta property=\"og:image\" content=\"https:\/\/shanabooks.de\/wp-content\/uploads\/2024\/03\/Ponjin-1.png\" \/>\n\t<meta property=\"og:image:width\" content=\"305\" \/>\n\t<meta property=\"og:image:height\" content=\"474\" \/>\n\t<meta property=\"og:image:type\" content=\"image\/png\" \/>\n<meta name=\"twitter:card\" content=\"summary_large_image\" \/>\n<meta name=\"twitter:label1\" content=\"Gesch\u00e4tzte Lesezeit\" \/>\n\t<meta name=\"twitter:data1\" content=\"3\u00a0Minuten\" \/>\n<script type=\"application\/ld+json\" class=\"yoast-schema-graph\">{\"@context\":\"https:\\\/\\\/schema.org\",\"@graph\":[{\"@type\":\"WebPage\",\"@id\":\"https:\\\/\\\/shanabooks.de\\\/product\\\/ponijin-renas-jiyan\\\/\",\"url\":\"https:\\\/\\\/shanabooks.de\\\/product\\\/ponijin-renas-jiyan\\\/\",\"name\":\"Ponij\u00een - R\u00eanas Jiyan - www.shanabooks.de\",\"isPartOf\":{\"@id\":\"https:\\\/\\\/shanabooks.de\\\/#website\"},\"primaryImageOfPage\":{\"@id\":\"https:\\\/\\\/shanabooks.de\\\/product\\\/ponijin-renas-jiyan\\\/#primaryimage\"},\"image\":{\"@id\":\"https:\\\/\\\/shanabooks.de\\\/product\\\/ponijin-renas-jiyan\\\/#primaryimage\"},\"thumbnailUrl\":\"https:\\\/\\\/shanabooks.de\\\/wp-content\\\/uploads\\\/2024\\\/03\\\/Ponjin-1.png\",\"datePublished\":\"2024-03-03T19:40:03+00:00\",\"dateModified\":\"2025-12-30T22:58:34+00:00\",\"description\":\"Ponij\u00een - R\u00eanas Jiyan Ewil\u00ee hatin nav\u00ean me guhertin, wan ziman\u00ea me ji zimanan nehesiband \u00fb ew j\u00ee guhert, k\u00eafa wan wiha dixwest. Ziman\u00ea me li gor\u00ee wan...\",\"breadcrumb\":{\"@id\":\"https:\\\/\\\/shanabooks.de\\\/product\\\/ponijin-renas-jiyan\\\/#breadcrumb\"},\"inLanguage\":\"de\",\"potentialAction\":[{\"@type\":\"ReadAction\",\"target\":[\"https:\\\/\\\/shanabooks.de\\\/product\\\/ponijin-renas-jiyan\\\/\"]}]},{\"@type\":\"ImageObject\",\"inLanguage\":\"de\",\"@id\":\"https:\\\/\\\/shanabooks.de\\\/product\\\/ponijin-renas-jiyan\\\/#primaryimage\",\"url\":\"https:\\\/\\\/shanabooks.de\\\/wp-content\\\/uploads\\\/2024\\\/03\\\/Ponjin-1.png\",\"contentUrl\":\"https:\\\/\\\/shanabooks.de\\\/wp-content\\\/uploads\\\/2024\\\/03\\\/Ponjin-1.png\",\"width\":305,\"height\":474,\"caption\":\"Ponij\u00een - R\u00eanas Jiyan - pirt\u00fbk\u00ean kurd\u00ee - felsefe\"},{\"@type\":\"BreadcrumbList\",\"@id\":\"https:\\\/\\\/shanabooks.de\\\/product\\\/ponijin-renas-jiyan\\\/#breadcrumb\",\"itemListElement\":[{\"@type\":\"ListItem\",\"position\":1,\"name\":\"\u0627\u0644\u0631\u0626\u064a\u0633\u064a\u0629\",\"item\":\"https:\\\/\\\/shanabooks.de\\\/de\\\/\"},{\"@type\":\"ListItem\",\"position\":2,\"name\":\"\u0627\u0644\u0645\u0646\u062a\u062c\u0627\u062a\",\"item\":\"https:\\\/\\\/shanabooks.de\\\/shop\\\/\"},{\"@type\":\"ListItem\",\"position\":3,\"name\":\"Ponij\u00een\"}]},{\"@type\":\"WebSite\",\"@id\":\"https:\\\/\\\/shanabooks.de\\\/#website\",\"url\":\"https:\\\/\\\/shanabooks.de\\\/\",\"name\":\"www.shanbooks.de\",\"description\":\"C\u00eehana Pirt\u00fbk\u00ean Kurd\u00ee \u0645\u0643\u062a\u0628\u0629 \u0634\u0627\u0646\u0627 \u0641\u064a \u0627\u0644\u0645\u0627\u0646\u064a\u0627 \u0648\u0623\u0648\u0631\u0628\u0627\",\"publisher\":{\"@id\":\"https:\\\/\\\/shanabooks.de\\\/#organization\"},\"potentialAction\":[{\"@type\":\"SearchAction\",\"target\":{\"@type\":\"EntryPoint\",\"urlTemplate\":\"https:\\\/\\\/shanabooks.de\\\/?s={search_term_string}\"},\"query-input\":{\"@type\":\"PropertyValueSpecification\",\"valueRequired\":true,\"valueName\":\"search_term_string\"}}],\"inLanguage\":\"de\"},{\"@type\":\"Organization\",\"@id\":\"https:\\\/\\\/shanabooks.de\\\/#organization\",\"name\":\"www.shanbooks.de\",\"url\":\"https:\\\/\\\/shanabooks.de\\\/\",\"logo\":{\"@type\":\"ImageObject\",\"inLanguage\":\"de\",\"@id\":\"https:\\\/\\\/shanabooks.de\\\/#\\\/schema\\\/logo\\\/image\\\/\",\"url\":\"https:\\\/\\\/shanabooks.de\\\/wp-content\\\/uploads\\\/2024\\\/03\\\/SHANABOOKS__2_-removebg-preview.png\",\"contentUrl\":\"https:\\\/\\\/shanabooks.de\\\/wp-content\\\/uploads\\\/2024\\\/03\\\/SHANABOOKS__2_-removebg-preview.png\",\"width\":700,\"height\":150,\"caption\":\"www.shanbooks.de\"},\"image\":{\"@id\":\"https:\\\/\\\/shanabooks.de\\\/#\\\/schema\\\/logo\\\/image\\\/\"}}]}<\/script>\n<!-- \/ Yoast SEO plugin. -->","yoast_head_json":{"title":"Ponij\u00een - R\u00eanas Jiyan - www.shanabooks.de","description":"Ponij\u00een - R\u00eanas Jiyan Ewil\u00ee hatin nav\u00ean me guhertin, wan ziman\u00ea me ji zimanan nehesiband \u00fb ew j\u00ee guhert, k\u00eafa wan wiha dixwest. Ziman\u00ea me li gor\u00ee wan...","robots":{"index":"index","follow":"follow","max-snippet":"max-snippet:-1","max-image-preview":"max-image-preview:large","max-video-preview":"max-video-preview:-1"},"canonical":"https:\/\/shanabooks.de\/product\/ponijin-renas-jiyan\/","og_locale":"de_DE","og_type":"article","og_title":"Ponij\u00een - R\u00eanas Jiyan - www.shanabooks.de","og_description":"Ponij\u00een - R\u00eanas Jiyan Ewil\u00ee hatin nav\u00ean me guhertin, wan ziman\u00ea me ji zimanan nehesiband \u00fb ew j\u00ee guhert, k\u00eafa wan wiha dixwest. Ziman\u00ea me li gor\u00ee wan...","og_url":"https:\/\/shanabooks.de\/product\/ponijin-renas-jiyan\/","og_site_name":"www.shanabooks.de","article_modified_time":"2025-12-30T22:58:34+00:00","og_image":[{"width":305,"height":474,"url":"https:\/\/shanabooks.de\/wp-content\/uploads\/2024\/03\/Ponjin-1.png","type":"image\/png"}],"twitter_card":"summary_large_image","twitter_misc":{"Gesch\u00e4tzte Lesezeit":"3\u00a0Minuten"},"schema":{"@context":"https:\/\/schema.org","@graph":[{"@type":"WebPage","@id":"https:\/\/shanabooks.de\/product\/ponijin-renas-jiyan\/","url":"https:\/\/shanabooks.de\/product\/ponijin-renas-jiyan\/","name":"Ponij\u00een - R\u00eanas Jiyan - www.shanabooks.de","isPartOf":{"@id":"https:\/\/shanabooks.de\/#website"},"primaryImageOfPage":{"@id":"https:\/\/shanabooks.de\/product\/ponijin-renas-jiyan\/#primaryimage"},"image":{"@id":"https:\/\/shanabooks.de\/product\/ponijin-renas-jiyan\/#primaryimage"},"thumbnailUrl":"https:\/\/shanabooks.de\/wp-content\/uploads\/2024\/03\/Ponjin-1.png","datePublished":"2024-03-03T19:40:03+00:00","dateModified":"2025-12-30T22:58:34+00:00","description":"Ponij\u00een - R\u00eanas Jiyan Ewil\u00ee hatin nav\u00ean me guhertin, wan ziman\u00ea me ji zimanan nehesiband \u00fb ew j\u00ee guhert, k\u00eafa wan wiha dixwest. Ziman\u00ea me li gor\u00ee wan...","breadcrumb":{"@id":"https:\/\/shanabooks.de\/product\/ponijin-renas-jiyan\/#breadcrumb"},"inLanguage":"de","potentialAction":[{"@type":"ReadAction","target":["https:\/\/shanabooks.de\/product\/ponijin-renas-jiyan\/"]}]},{"@type":"ImageObject","inLanguage":"de","@id":"https:\/\/shanabooks.de\/product\/ponijin-renas-jiyan\/#primaryimage","url":"https:\/\/shanabooks.de\/wp-content\/uploads\/2024\/03\/Ponjin-1.png","contentUrl":"https:\/\/shanabooks.de\/wp-content\/uploads\/2024\/03\/Ponjin-1.png","width":305,"height":474,"caption":"Ponij\u00een - R\u00eanas Jiyan - pirt\u00fbk\u00ean kurd\u00ee - felsefe"},{"@type":"BreadcrumbList","@id":"https:\/\/shanabooks.de\/product\/ponijin-renas-jiyan\/#breadcrumb","itemListElement":[{"@type":"ListItem","position":1,"name":"\u0627\u0644\u0631\u0626\u064a\u0633\u064a\u0629","item":"https:\/\/shanabooks.de\/de\/"},{"@type":"ListItem","position":2,"name":"\u0627\u0644\u0645\u0646\u062a\u062c\u0627\u062a","item":"https:\/\/shanabooks.de\/shop\/"},{"@type":"ListItem","position":3,"name":"Ponij\u00een"}]},{"@type":"WebSite","@id":"https:\/\/shanabooks.de\/#website","url":"https:\/\/shanabooks.de\/","name":"www.shanbooks.de","description":"C\u00eehana Pirt\u00fbk\u00ean Kurd\u00ee \u0645\u0643\u062a\u0628\u0629 \u0634\u0627\u0646\u0627 \u0641\u064a \u0627\u0644\u0645\u0627\u0646\u064a\u0627 \u0648\u0623\u0648\u0631\u0628\u0627","publisher":{"@id":"https:\/\/shanabooks.de\/#organization"},"potentialAction":[{"@type":"SearchAction","target":{"@type":"EntryPoint","urlTemplate":"https:\/\/shanabooks.de\/?s={search_term_string}"},"query-input":{"@type":"PropertyValueSpecification","valueRequired":true,"valueName":"search_term_string"}}],"inLanguage":"de"},{"@type":"Organization","@id":"https:\/\/shanabooks.de\/#organization","name":"www.shanbooks.de","url":"https:\/\/shanabooks.de\/","logo":{"@type":"ImageObject","inLanguage":"de","@id":"https:\/\/shanabooks.de\/#\/schema\/logo\/image\/","url":"https:\/\/shanabooks.de\/wp-content\/uploads\/2024\/03\/SHANABOOKS__2_-removebg-preview.png","contentUrl":"https:\/\/shanabooks.de\/wp-content\/uploads\/2024\/03\/SHANABOOKS__2_-removebg-preview.png","width":700,"height":150,"caption":"www.shanbooks.de"},"image":{"@id":"https:\/\/shanabooks.de\/#\/schema\/logo\/image\/"}}]}},"jetpack_sharing_enabled":true,"_links":{"self":[{"href":"https:\/\/shanabooks.de\/de\/wp-json\/wp\/v2\/product\/12026","targetHints":{"allow":["GET"]}}],"collection":[{"href":"https:\/\/shanabooks.de\/de\/wp-json\/wp\/v2\/product"}],"about":[{"href":"https:\/\/shanabooks.de\/de\/wp-json\/wp\/v2\/types\/product"}],"version-history":[{"count":3,"href":"https:\/\/shanabooks.de\/de\/wp-json\/wp\/v2\/product\/12026\/revisions"}],"predecessor-version":[{"id":22977,"href":"https:\/\/shanabooks.de\/de\/wp-json\/wp\/v2\/product\/12026\/revisions\/22977"}],"wp:featuredmedia":[{"embeddable":true,"href":"https:\/\/shanabooks.de\/de\/wp-json\/wp\/v2\/media\/12091"}],"wp:attachment":[{"href":"https:\/\/shanabooks.de\/de\/wp-json\/wp\/v2\/media?parent=12026"}],"wp:term":[{"taxonomy":"product_brand","embeddable":true,"href":"https:\/\/shanabooks.de\/de\/wp-json\/wp\/v2\/product_brand?post=12026"},{"taxonomy":"product_cat","embeddable":true,"href":"https:\/\/shanabooks.de\/de\/wp-json\/wp\/v2\/product_cat?post=12026"},{"taxonomy":"product_tag","embeddable":true,"href":"https:\/\/shanabooks.de\/de\/wp-json\/wp\/v2\/product_tag?post=12026"}],"curies":[{"name":"wp","href":"https:\/\/api.w.org\/{rel}","templated":true}]}}