{"id":12028,"date":"2024-03-03T19:40:03","date_gmt":"2024-03-03T19:40:03","guid":{"rendered":"https:\/\/shanabooks.de\/?post_type=product&#038;p=12028"},"modified":"2024-11-03T21:32:07","modified_gmt":"2024-11-03T21:32:07","slug":"lehi-firat-ceweri","status":"publish","type":"product","link":"https:\/\/shanabooks.de\/de\/product\/lehi-firat-ceweri\/","title":{"rendered":"Leh\u00ee"},"content":{"rendered":"<p dir=\"ltr\"><strong>Leh\u00ee &#8211; Firat Cewer\u00ee<\/strong><\/p>\n<p dir=\"ltr\">&#8222;Ez di nav rast\u00ee \u00fb xeyalan de dijiyam. Rast\u00ee \u00fb xeyal\u00ean min carina bi hev re m\u00eena bab\u00eesokek\u00ea li ser ser\u00ea min radib\u00fbn, ez diki\u015fandim \u00fb dibirim. Ez carina ji xwe, ji rastiya xwe, ji serbor\u00ee \u00fb b\u00eeran\u00een\u00ean xwe bi d\u00fbr diketim \u00fb ten\u00ea dema niha dijiyam; carina j\u00ee min digot tep \u00fb ez li erd\u00ea diketim \u00fb bi hem\u00fb rastiy\u00ean xwe dihesiyam. Ev \u00e7i b\u00fb ya ku hatib\u00fb ser\u00ea min?&#8220;<\/p>\n<p dir=\"ltr\">Romana Firat Cewer\u00ee ya bi nav\u00ea Ez \u00ea yek\u00ee bikujim ku di \u00e7apemeniya kurd\u00ee \u00fb tirk\u00ee de dengek\u00ee bilind vedab\u00fb \u00fb bal ki\u015fandib\u00fb ser bir\u00eeneke me ya k\u00fbr, v\u00ea car\u00ea derbas\u00ee Lehiy\u00ea dibe. Leh\u00ee wek dewama Ez \u00ea yek\u00ee bikujim bi serp\u00eahatiya hers\u00ea karakter\u00ean sereke; D\u00eeana, Temo \u00fb Niv\u00eeskar dewam dike. Temo k\u00ee ku\u015ft? \u00c7i bi D\u00eeanay\u00ea hat? Niv\u00eeskar di rew\u015feke \u00e7awa de vedigevize? K\u00ee \u00fb \u00e7i b\u00fbye sebeba trajediya jiyana van lehengan?<br \/>\nCewer\u00ee bi hostet\u00ee dadikeve k\u00fbraniya ruhiyeta karakter\u00ean xwe, b\u00eay\u00ee ku al\u00ee bigire, bal\u00ea diki\u015f\u00eene.<\/p>\n<p dir=\"ltr\">Romana Leh\u00ee ya Firat Cewer\u00ee ji we\u015fanxaneya Avestay\u00ea derketiye.<\/p>\n<p dir=\"ltr\">\n","protected":false},"excerpt":{"rendered":"<p dir=\"ltr\" style=\"text-align: center;\"><strong>Pirt\u00fbk: Leh\u00ee<br \/>\nNiv\u00eeskar: Firat Cewer\u00ee<\/strong><br \/>\n<strong>Cure: Roman<\/strong><\/p>\n","protected":false},"featured_media":12095,"template":"","meta":{"site-sidebar-layout":"default","site-content-layout":"","ast-site-content-layout":"default","site-content-style":"default","site-sidebar-style":"default","ast-global-header-display":"","ast-banner-title-visibility":"","ast-main-header-display":"","ast-hfb-above-header-display":"","ast-hfb-below-header-display":"","ast-hfb-mobile-header-display":"","site-post-title":"","ast-breadcrumbs-content":"","ast-featured-img":"","footer-sml-layout":"","ast-disable-related-posts":"","theme-transparent-header-meta":"default","adv-header-id-meta":"","stick-header-meta":"","header-above-stick-meta":"","header-main-stick-meta":"","header-below-stick-meta":"","astra-migrate-meta-layouts":"set","ast-page-background-enabled":"default","ast-page-background-meta":{"desktop":{"background-color":"","background-image":"","background-repeat":"repeat","background-position":"center center","background-size":"auto","background-attachment":"scroll","background-type":"","background-media":"","overlay-type":"","overlay-color":"","overlay-opacity":"","overlay-gradient":""},"tablet":{"background-color":"","background-image":"","background-repeat":"repeat","background-position":"center center","background-size":"auto","background-attachment":"scroll","background-type":"","background-media":"","overlay-type":"","overlay-color":"","overlay-opacity":"","overlay-gradient":""},"mobile":{"background-color":"","background-image":"","background-repeat":"repeat","background-position":"center center","background-size":"auto","background-attachment":"scroll","background-type":"","background-media":"","overlay-type":"","overlay-color":"","overlay-opacity":"","overlay-gradient":""}},"ast-content-background-meta":{"desktop":{"background-color":"var(--ast-global-color-5)","background-image":"","background-repeat":"repeat","background-position":"center center","background-size":"auto","background-attachment":"scroll","background-type":"","background-media":"","overlay-type":"","overlay-color":"","overlay-opacity":"","overlay-gradient":""},"tablet":{"background-color":"var(--ast-global-color-5)","background-image":"","background-repeat":"repeat","background-position":"center center","background-size":"auto","background-attachment":"scroll","background-type":"","background-media":"","overlay-type":"","overlay-color":"","overlay-opacity":"","overlay-gradient":""},"mobile":{"background-color":"var(--ast-global-color-5)","background-image":"","background-repeat":"repeat","background-position":"center center","background-size":"auto","background-attachment":"scroll","background-type":"","background-media":"","overlay-type":"","overlay-color":"","overlay-opacity":"","overlay-gradient":""}}},"product_brand":[],"product_cat":[182,193],"product_tag":[],"class_list":{"0":"post-12028","1":"product","2":"type-product","3":"status-publish","4":"has-post-thumbnail","6":"product_cat-_","7":"product_cat--_","8":"pa_-roman","9":"pa_-firat-ceweri","10":"pa_-kurmanci","11":"pa_--avesta-yayinlari","12":"desktop-align-left","13":"tablet-align-left","14":"mobile-align-left","16":"first","17":"outofstock","18":"shipping-taxable","19":"purchasable","20":"product-type-simple"},"yoast_head":"<!-- This site is optimized with the Yoast SEO plugin v27.4 - https:\/\/yoast.com\/product\/yoast-seo-wordpress\/ -->\n<title>Leh\u00ee - Firat Cewer\u00ee - www.shanabooks.de<\/title>\n<meta name=\"description\" content=\"Leh\u00ee - Firat Cewer\u00ee &quot;Ez di nav rast\u00ee \u00fb xeyalan de dijiyam. Rast\u00ee \u00fb xeyal\u00ean min carina bi hev re m\u00eena bab\u00eesokek\u00ea li ser ser\u00ea min radib\u00fbn, ez diki\u015fandim \u00fb ...\" \/>\n<meta name=\"robots\" content=\"index, follow, max-snippet:-1, max-image-preview:large, max-video-preview:-1\" \/>\n<link rel=\"canonical\" href=\"https:\/\/shanabooks.de\/product\/lehi-firat-ceweri\/\" \/>\n<meta property=\"og:locale\" content=\"de_DE\" \/>\n<meta property=\"og:type\" content=\"article\" \/>\n<meta property=\"og:title\" content=\"Leh\u00ee - Firat Cewer\u00ee - www.shanabooks.de\" \/>\n<meta property=\"og:description\" content=\"Leh\u00ee - Firat Cewer\u00ee &quot;Ez di nav rast\u00ee \u00fb xeyalan de dijiyam. Rast\u00ee \u00fb xeyal\u00ean min carina bi hev re m\u00eena bab\u00eesokek\u00ea li ser ser\u00ea min radib\u00fbn, ez diki\u015fandim \u00fb ...\" \/>\n<meta property=\"og:url\" content=\"https:\/\/shanabooks.de\/product\/lehi-firat-ceweri\/\" \/>\n<meta property=\"og:site_name\" content=\"www.shanabooks.de\" \/>\n<meta property=\"article:modified_time\" content=\"2024-11-03T21:32:07+00:00\" \/>\n<meta property=\"og:image\" content=\"https:\/\/shanabooks.de\/wp-content\/uploads\/2024\/03\/Lehi.jpg\" \/>\n\t<meta property=\"og:image:width\" content=\"373\" \/>\n\t<meta property=\"og:image:height\" content=\"560\" \/>\n\t<meta property=\"og:image:type\" content=\"image\/jpeg\" \/>\n<meta name=\"twitter:card\" content=\"summary_large_image\" \/>\n<meta name=\"twitter:label1\" content=\"Gesch\u00e4tzte Lesezeit\" \/>\n\t<meta name=\"twitter:data1\" content=\"2\u00a0Minuten\" \/>\n<script type=\"application\/ld+json\" class=\"yoast-schema-graph\">{\"@context\":\"https:\\\/\\\/schema.org\",\"@graph\":[{\"@type\":\"WebPage\",\"@id\":\"https:\\\/\\\/shanabooks.de\\\/product\\\/lehi-firat-ceweri\\\/\",\"url\":\"https:\\\/\\\/shanabooks.de\\\/product\\\/lehi-firat-ceweri\\\/\",\"name\":\"Leh\u00ee - Firat Cewer\u00ee - www.shanabooks.de\",\"isPartOf\":{\"@id\":\"https:\\\/\\\/shanabooks.de\\\/#website\"},\"primaryImageOfPage\":{\"@id\":\"https:\\\/\\\/shanabooks.de\\\/product\\\/lehi-firat-ceweri\\\/#primaryimage\"},\"image\":{\"@id\":\"https:\\\/\\\/shanabooks.de\\\/product\\\/lehi-firat-ceweri\\\/#primaryimage\"},\"thumbnailUrl\":\"https:\\\/\\\/shanabooks.de\\\/wp-content\\\/uploads\\\/2024\\\/03\\\/Lehi.jpg\",\"datePublished\":\"2024-03-03T19:40:03+00:00\",\"dateModified\":\"2024-11-03T21:32:07+00:00\",\"description\":\"Leh\u00ee - Firat Cewer\u00ee \\\"Ez di nav rast\u00ee \u00fb xeyalan de dijiyam. Rast\u00ee \u00fb xeyal\u00ean min carina bi hev re m\u00eena bab\u00eesokek\u00ea li ser ser\u00ea min radib\u00fbn, ez diki\u015fandim \u00fb ...\",\"breadcrumb\":{\"@id\":\"https:\\\/\\\/shanabooks.de\\\/product\\\/lehi-firat-ceweri\\\/#breadcrumb\"},\"inLanguage\":\"de\",\"potentialAction\":[{\"@type\":\"ReadAction\",\"target\":[\"https:\\\/\\\/shanabooks.de\\\/product\\\/lehi-firat-ceweri\\\/\"]}]},{\"@type\":\"ImageObject\",\"inLanguage\":\"de\",\"@id\":\"https:\\\/\\\/shanabooks.de\\\/product\\\/lehi-firat-ceweri\\\/#primaryimage\",\"url\":\"https:\\\/\\\/shanabooks.de\\\/wp-content\\\/uploads\\\/2024\\\/03\\\/Lehi.jpg\",\"contentUrl\":\"https:\\\/\\\/shanabooks.de\\\/wp-content\\\/uploads\\\/2024\\\/03\\\/Lehi.jpg\",\"width\":373,\"height\":560,\"caption\":\"Leh\u00ee - Firat Cewer\u00ee - pirt\u00fbk\u00ean kurd\u00ee - roman\"},{\"@type\":\"BreadcrumbList\",\"@id\":\"https:\\\/\\\/shanabooks.de\\\/product\\\/lehi-firat-ceweri\\\/#breadcrumb\",\"itemListElement\":[{\"@type\":\"ListItem\",\"position\":1,\"name\":\"\u0627\u0644\u0631\u0626\u064a\u0633\u064a\u0629\",\"item\":\"https:\\\/\\\/shanabooks.de\\\/de\\\/\"},{\"@type\":\"ListItem\",\"position\":2,\"name\":\"\u0627\u0644\u0645\u0646\u062a\u062c\u0627\u062a\",\"item\":\"https:\\\/\\\/shanabooks.de\\\/shop\\\/\"},{\"@type\":\"ListItem\",\"position\":3,\"name\":\"Leh\u00ee\"}]},{\"@type\":\"WebSite\",\"@id\":\"https:\\\/\\\/shanabooks.de\\\/#website\",\"url\":\"https:\\\/\\\/shanabooks.de\\\/\",\"name\":\"www.shanbooks.de\",\"description\":\"C\u00eehana Pirt\u00fbk\u00ean Kurd\u00ee \u0645\u0643\u062a\u0628\u0629 \u0634\u0627\u0646\u0627 \u0641\u064a \u0627\u0644\u0645\u0627\u0646\u064a\u0627 \u0648\u0623\u0648\u0631\u0628\u0627\",\"publisher\":{\"@id\":\"https:\\\/\\\/shanabooks.de\\\/#organization\"},\"potentialAction\":[{\"@type\":\"SearchAction\",\"target\":{\"@type\":\"EntryPoint\",\"urlTemplate\":\"https:\\\/\\\/shanabooks.de\\\/?s={search_term_string}\"},\"query-input\":{\"@type\":\"PropertyValueSpecification\",\"valueRequired\":true,\"valueName\":\"search_term_string\"}}],\"inLanguage\":\"de\"},{\"@type\":\"Organization\",\"@id\":\"https:\\\/\\\/shanabooks.de\\\/#organization\",\"name\":\"www.shanbooks.de\",\"url\":\"https:\\\/\\\/shanabooks.de\\\/\",\"logo\":{\"@type\":\"ImageObject\",\"inLanguage\":\"de\",\"@id\":\"https:\\\/\\\/shanabooks.de\\\/#\\\/schema\\\/logo\\\/image\\\/\",\"url\":\"https:\\\/\\\/shanabooks.de\\\/wp-content\\\/uploads\\\/2024\\\/03\\\/SHANABOOKS__2_-removebg-preview.png\",\"contentUrl\":\"https:\\\/\\\/shanabooks.de\\\/wp-content\\\/uploads\\\/2024\\\/03\\\/SHANABOOKS__2_-removebg-preview.png\",\"width\":700,\"height\":150,\"caption\":\"www.shanbooks.de\"},\"image\":{\"@id\":\"https:\\\/\\\/shanabooks.de\\\/#\\\/schema\\\/logo\\\/image\\\/\"}}]}<\/script>\n<!-- \/ Yoast SEO plugin. -->","yoast_head_json":{"title":"Leh\u00ee - Firat Cewer\u00ee - www.shanabooks.de","description":"Leh\u00ee - Firat Cewer\u00ee \"Ez di nav rast\u00ee \u00fb xeyalan de dijiyam. Rast\u00ee \u00fb xeyal\u00ean min carina bi hev re m\u00eena bab\u00eesokek\u00ea li ser ser\u00ea min radib\u00fbn, ez diki\u015fandim \u00fb ...","robots":{"index":"index","follow":"follow","max-snippet":"max-snippet:-1","max-image-preview":"max-image-preview:large","max-video-preview":"max-video-preview:-1"},"canonical":"https:\/\/shanabooks.de\/product\/lehi-firat-ceweri\/","og_locale":"de_DE","og_type":"article","og_title":"Leh\u00ee - Firat Cewer\u00ee - www.shanabooks.de","og_description":"Leh\u00ee - Firat Cewer\u00ee \"Ez di nav rast\u00ee \u00fb xeyalan de dijiyam. Rast\u00ee \u00fb xeyal\u00ean min carina bi hev re m\u00eena bab\u00eesokek\u00ea li ser ser\u00ea min radib\u00fbn, ez diki\u015fandim \u00fb ...","og_url":"https:\/\/shanabooks.de\/product\/lehi-firat-ceweri\/","og_site_name":"www.shanabooks.de","article_modified_time":"2024-11-03T21:32:07+00:00","og_image":[{"width":373,"height":560,"url":"https:\/\/shanabooks.de\/wp-content\/uploads\/2024\/03\/Lehi.jpg","type":"image\/jpeg"}],"twitter_card":"summary_large_image","twitter_misc":{"Gesch\u00e4tzte Lesezeit":"2\u00a0Minuten"},"schema":{"@context":"https:\/\/schema.org","@graph":[{"@type":"WebPage","@id":"https:\/\/shanabooks.de\/product\/lehi-firat-ceweri\/","url":"https:\/\/shanabooks.de\/product\/lehi-firat-ceweri\/","name":"Leh\u00ee - Firat Cewer\u00ee - www.shanabooks.de","isPartOf":{"@id":"https:\/\/shanabooks.de\/#website"},"primaryImageOfPage":{"@id":"https:\/\/shanabooks.de\/product\/lehi-firat-ceweri\/#primaryimage"},"image":{"@id":"https:\/\/shanabooks.de\/product\/lehi-firat-ceweri\/#primaryimage"},"thumbnailUrl":"https:\/\/shanabooks.de\/wp-content\/uploads\/2024\/03\/Lehi.jpg","datePublished":"2024-03-03T19:40:03+00:00","dateModified":"2024-11-03T21:32:07+00:00","description":"Leh\u00ee - Firat Cewer\u00ee \"Ez di nav rast\u00ee \u00fb xeyalan de dijiyam. Rast\u00ee \u00fb xeyal\u00ean min carina bi hev re m\u00eena bab\u00eesokek\u00ea li ser ser\u00ea min radib\u00fbn, ez diki\u015fandim \u00fb ...","breadcrumb":{"@id":"https:\/\/shanabooks.de\/product\/lehi-firat-ceweri\/#breadcrumb"},"inLanguage":"de","potentialAction":[{"@type":"ReadAction","target":["https:\/\/shanabooks.de\/product\/lehi-firat-ceweri\/"]}]},{"@type":"ImageObject","inLanguage":"de","@id":"https:\/\/shanabooks.de\/product\/lehi-firat-ceweri\/#primaryimage","url":"https:\/\/shanabooks.de\/wp-content\/uploads\/2024\/03\/Lehi.jpg","contentUrl":"https:\/\/shanabooks.de\/wp-content\/uploads\/2024\/03\/Lehi.jpg","width":373,"height":560,"caption":"Leh\u00ee - Firat Cewer\u00ee - pirt\u00fbk\u00ean kurd\u00ee - roman"},{"@type":"BreadcrumbList","@id":"https:\/\/shanabooks.de\/product\/lehi-firat-ceweri\/#breadcrumb","itemListElement":[{"@type":"ListItem","position":1,"name":"\u0627\u0644\u0631\u0626\u064a\u0633\u064a\u0629","item":"https:\/\/shanabooks.de\/de\/"},{"@type":"ListItem","position":2,"name":"\u0627\u0644\u0645\u0646\u062a\u062c\u0627\u062a","item":"https:\/\/shanabooks.de\/shop\/"},{"@type":"ListItem","position":3,"name":"Leh\u00ee"}]},{"@type":"WebSite","@id":"https:\/\/shanabooks.de\/#website","url":"https:\/\/shanabooks.de\/","name":"www.shanbooks.de","description":"C\u00eehana Pirt\u00fbk\u00ean Kurd\u00ee \u0645\u0643\u062a\u0628\u0629 \u0634\u0627\u0646\u0627 \u0641\u064a \u0627\u0644\u0645\u0627\u0646\u064a\u0627 \u0648\u0623\u0648\u0631\u0628\u0627","publisher":{"@id":"https:\/\/shanabooks.de\/#organization"},"potentialAction":[{"@type":"SearchAction","target":{"@type":"EntryPoint","urlTemplate":"https:\/\/shanabooks.de\/?s={search_term_string}"},"query-input":{"@type":"PropertyValueSpecification","valueRequired":true,"valueName":"search_term_string"}}],"inLanguage":"de"},{"@type":"Organization","@id":"https:\/\/shanabooks.de\/#organization","name":"www.shanbooks.de","url":"https:\/\/shanabooks.de\/","logo":{"@type":"ImageObject","inLanguage":"de","@id":"https:\/\/shanabooks.de\/#\/schema\/logo\/image\/","url":"https:\/\/shanabooks.de\/wp-content\/uploads\/2024\/03\/SHANABOOKS__2_-removebg-preview.png","contentUrl":"https:\/\/shanabooks.de\/wp-content\/uploads\/2024\/03\/SHANABOOKS__2_-removebg-preview.png","width":700,"height":150,"caption":"www.shanbooks.de"},"image":{"@id":"https:\/\/shanabooks.de\/#\/schema\/logo\/image\/"}}]}},"jetpack_sharing_enabled":true,"_links":{"self":[{"href":"https:\/\/shanabooks.de\/de\/wp-json\/wp\/v2\/product\/12028","targetHints":{"allow":["GET"]}}],"collection":[{"href":"https:\/\/shanabooks.de\/de\/wp-json\/wp\/v2\/product"}],"about":[{"href":"https:\/\/shanabooks.de\/de\/wp-json\/wp\/v2\/types\/product"}],"version-history":[{"count":3,"href":"https:\/\/shanabooks.de\/de\/wp-json\/wp\/v2\/product\/12028\/revisions"}],"predecessor-version":[{"id":22971,"href":"https:\/\/shanabooks.de\/de\/wp-json\/wp\/v2\/product\/12028\/revisions\/22971"}],"wp:featuredmedia":[{"embeddable":true,"href":"https:\/\/shanabooks.de\/de\/wp-json\/wp\/v2\/media\/12095"}],"wp:attachment":[{"href":"https:\/\/shanabooks.de\/de\/wp-json\/wp\/v2\/media?parent=12028"}],"wp:term":[{"taxonomy":"product_brand","embeddable":true,"href":"https:\/\/shanabooks.de\/de\/wp-json\/wp\/v2\/product_brand?post=12028"},{"taxonomy":"product_cat","embeddable":true,"href":"https:\/\/shanabooks.de\/de\/wp-json\/wp\/v2\/product_cat?post=12028"},{"taxonomy":"product_tag","embeddable":true,"href":"https:\/\/shanabooks.de\/de\/wp-json\/wp\/v2\/product_tag?post=12028"}],"curies":[{"name":"wp","href":"https:\/\/api.w.org\/{rel}","templated":true}]}}