{"id":12030,"date":"2024-03-03T19:40:03","date_gmt":"2024-03-03T19:40:03","guid":{"rendered":"https:\/\/shanabooks.de\/?post_type=product&#038;p=12030"},"modified":"2024-04-04T21:14:15","modified_gmt":"2024-04-04T21:14:15","slug":"santiago-de-compestela-ferhad-pirbal","status":"publish","type":"product","link":"https:\/\/shanabooks.de\/de\/product\/santiago-de-compestela-ferhad-pirbal\/","title":{"rendered":"Santiago de Compestela"},"content":{"rendered":"<p dir=\"ltr\"><strong>Santiago de Compestela &#8211; Ferhad P\u00eerbal<\/strong><\/p>\n<p dir=\"ltr\">Ji soran\u00ee bo kurmanc\u00ee: Besam Mistefa<br \/>\nDara ressamek\u00ee kurd e ji xelk\u00ea Heleb\u00e7e \u00fb li Montmartrea Par\u00ees\u00ea portreyan ji bo t\u00fbr\u00eestan \u00e7\u00eadike. Her tim dixwaze ko\u00e7 bike, her tim dixwaze cih\u00ea ku l\u00ea ye li pey xwe bih\u00eale \u00fb bi\u00e7e. L\u00ea di nav ciy\u00ean \u00e7\u00fbyin\u00ea de Kurdistan n\u00eene, ji ber ku li wir wan tabloyan kes bi du d\u00eenaran nakire.<br \/>\n\u201c\u2026t\u00ea li wir \u00e7i bik\u00ee! Bi rast\u00ee, tu bi k\u00ear\u00ee \u00e7iy\u00ea Kurdistan\u00ea t\u00ea, ji ber \u00e7i t\u00ea veger\u00ee?\u201d Welat\u00ea w\u00ee \u00e7iraveke mezin e, ji hem\u00fb malbata w\u00ee goristanek maye.<br \/>\nDi xewne\/\u015fevek\u00ea de rast\u00ee Oriana t\u00ea. Di sohbeteke dir\u00eaj a ligel he\u015f\u00ee\u015f\u00ea ya li ser huner, qerar dide bi\u00e7e: Ji ber ku \u201cten\u00ea huner dikare \u2018xwe\u015fikiy\u00ea\u2019 zind\u00ee bih\u00eale.\u201d<br \/>\nDev ji her ti\u015ft\u00ee berdide. Li tr\u00ean\u00ea siwar dibe \u00fb bi r\u00ea dikeve. Di deftera w\u00ee de ten\u00ea adresek heye ku bi xet\u00ean aloz \u00fb tevlihev hatiye niv\u00eesandin:<br \/>\nVenus Corbacho Esteban<br \/>\nRue de Paradis 9, 3-1<br \/>\nSantiago de Compostela<br \/>\nBi Santiago de Compestela Ferhad P\u00eerbal me derdixe gerek\u00ea ber bi dil\u00ea dinyay\u00ea ve, gereke ku em\u00ea li watey\u00ean cih\u00ea y\u00ean jiyan, huner, ciwan\u00ee, hezkirin, xeyal \u00fb xwe\u015fikiy\u00ea rast werin\u2026<\/p>\n","protected":false},"excerpt":{"rendered":"<p dir=\"ltr\" style=\"text-align: center\"><strong>Pirt\u00fbk: Santiago de Compestela<\/strong><br \/>\n<strong>Niv\u00eeskar: Ferhad P\u00eerbal<br \/>\nCure: Roman<\/strong><\/p>\n","protected":false},"featured_media":12099,"template":"","meta":{"site-sidebar-layout":"default","site-content-layout":"","ast-site-content-layout":"default","site-content-style":"default","site-sidebar-style":"default","ast-global-header-display":"","ast-banner-title-visibility":"","ast-main-header-display":"","ast-hfb-above-header-display":"","ast-hfb-below-header-display":"","ast-hfb-mobile-header-display":"","site-post-title":"","ast-breadcrumbs-content":"","ast-featured-img":"","footer-sml-layout":"","ast-disable-related-posts":"","theme-transparent-header-meta":"default","adv-header-id-meta":"","stick-header-meta":"","header-above-stick-meta":"","header-main-stick-meta":"","header-below-stick-meta":"","astra-migrate-meta-layouts":"set","ast-page-background-enabled":"default","ast-page-background-meta":{"desktop":{"background-color":"","background-image":"","background-repeat":"repeat","background-position":"center center","background-size":"auto","background-attachment":"scroll","background-type":"","background-media":"","overlay-type":"","overlay-color":"","overlay-opacity":"","overlay-gradient":""},"tablet":{"background-color":"","background-image":"","background-repeat":"repeat","background-position":"center center","background-size":"auto","background-attachment":"scroll","background-type":"","background-media":"","overlay-type":"","overlay-color":"","overlay-opacity":"","overlay-gradient":""},"mobile":{"background-color":"","background-image":"","background-repeat":"repeat","background-position":"center center","background-size":"auto","background-attachment":"scroll","background-type":"","background-media":"","overlay-type":"","overlay-color":"","overlay-opacity":"","overlay-gradient":""}},"ast-content-background-meta":{"desktop":{"background-color":"var(--ast-global-color-5)","background-image":"","background-repeat":"repeat","background-position":"center center","background-size":"auto","background-attachment":"scroll","background-type":"","background-media":"","overlay-type":"","overlay-color":"","overlay-opacity":"","overlay-gradient":""},"tablet":{"background-color":"var(--ast-global-color-5)","background-image":"","background-repeat":"repeat","background-position":"center center","background-size":"auto","background-attachment":"scroll","background-type":"","background-media":"","overlay-type":"","overlay-color":"","overlay-opacity":"","overlay-gradient":""},"mobile":{"background-color":"var(--ast-global-color-5)","background-image":"","background-repeat":"repeat","background-position":"center center","background-size":"auto","background-attachment":"scroll","background-type":"","background-media":"","overlay-type":"","overlay-color":"","overlay-opacity":"","overlay-gradient":""}}},"product_brand":[],"product_cat":[182,193],"product_tag":[],"class_list":{"0":"post-12030","1":"product","2":"type-product","3":"status-publish","4":"has-post-thumbnail","6":"product_cat-_","7":"product_cat--_","8":"pa_-roman","9":"pa_-ferhad-pirbal","10":"pa_-kurmanci","11":"pa_--avesta-yayinlari","12":"desktop-align-left","13":"tablet-align-left","14":"mobile-align-left","16":"first","17":"instock","18":"shipping-taxable","19":"purchasable","20":"product-type-simple"},"yoast_head":"<!-- This site is optimized with the Yoast SEO plugin v27.4 - https:\/\/yoast.com\/product\/yoast-seo-wordpress\/ -->\n<title>Santiago de Compestela - Ferhad P\u00eerbal - www.shanabooks.de<\/title>\n<meta name=\"description\" content=\"Santiago de Compestela - Ferhad P\u00eerbal Dara ressamek\u00ee kurd e ji xelk\u00ea Heleb\u00e7e \u00fb li Montmartrea Par\u00ees\u00ea portreyan ji bo t\u00fbr\u00eestan \u00e7\u00eadike. Her tim dixwaze ko...\" \/>\n<meta name=\"robots\" content=\"index, follow, max-snippet:-1, max-image-preview:large, max-video-preview:-1\" \/>\n<link rel=\"canonical\" href=\"https:\/\/shanabooks.de\/product\/santiago-de-compestela-ferhad-pirbal\/\" \/>\n<meta property=\"og:locale\" content=\"de_DE\" \/>\n<meta property=\"og:type\" content=\"article\" \/>\n<meta property=\"og:title\" content=\"Santiago de Compestela - Ferhad P\u00eerbal - www.shanabooks.de\" \/>\n<meta property=\"og:description\" content=\"Santiago de Compestela - Ferhad P\u00eerbal Dara ressamek\u00ee kurd e ji xelk\u00ea Heleb\u00e7e \u00fb li Montmartrea Par\u00ees\u00ea portreyan ji bo t\u00fbr\u00eestan \u00e7\u00eadike. Her tim dixwaze ko...\" \/>\n<meta property=\"og:url\" content=\"https:\/\/shanabooks.de\/product\/santiago-de-compestela-ferhad-pirbal\/\" \/>\n<meta property=\"og:site_name\" content=\"www.shanabooks.de\" \/>\n<meta property=\"article:modified_time\" content=\"2024-04-04T21:14:15+00:00\" \/>\n<meta property=\"og:image\" content=\"https:\/\/shanabooks.de\/wp-content\/uploads\/2024\/03\/santiago-de-compestela.jpg\" \/>\n\t<meta property=\"og:image:width\" content=\"600\" \/>\n\t<meta property=\"og:image:height\" content=\"900\" \/>\n\t<meta property=\"og:image:type\" content=\"image\/jpeg\" \/>\n<meta name=\"twitter:card\" content=\"summary_large_image\" \/>\n<meta name=\"twitter:label1\" content=\"Gesch\u00e4tzte Lesezeit\" \/>\n\t<meta name=\"twitter:data1\" content=\"2\u00a0Minuten\" \/>\n<script type=\"application\/ld+json\" class=\"yoast-schema-graph\">{\"@context\":\"https:\\\/\\\/schema.org\",\"@graph\":[{\"@type\":\"WebPage\",\"@id\":\"https:\\\/\\\/shanabooks.de\\\/product\\\/santiago-de-compestela-ferhad-pirbal\\\/\",\"url\":\"https:\\\/\\\/shanabooks.de\\\/product\\\/santiago-de-compestela-ferhad-pirbal\\\/\",\"name\":\"Santiago de Compestela - Ferhad P\u00eerbal - www.shanabooks.de\",\"isPartOf\":{\"@id\":\"https:\\\/\\\/shanabooks.de\\\/#website\"},\"primaryImageOfPage\":{\"@id\":\"https:\\\/\\\/shanabooks.de\\\/product\\\/santiago-de-compestela-ferhad-pirbal\\\/#primaryimage\"},\"image\":{\"@id\":\"https:\\\/\\\/shanabooks.de\\\/product\\\/santiago-de-compestela-ferhad-pirbal\\\/#primaryimage\"},\"thumbnailUrl\":\"https:\\\/\\\/shanabooks.de\\\/wp-content\\\/uploads\\\/2024\\\/03\\\/santiago-de-compestela.jpg\",\"datePublished\":\"2024-03-03T19:40:03+00:00\",\"dateModified\":\"2024-04-04T21:14:15+00:00\",\"description\":\"Santiago de Compestela - Ferhad P\u00eerbal Dara ressamek\u00ee kurd e ji xelk\u00ea Heleb\u00e7e \u00fb li Montmartrea Par\u00ees\u00ea portreyan ji bo t\u00fbr\u00eestan \u00e7\u00eadike. Her tim dixwaze ko...\",\"breadcrumb\":{\"@id\":\"https:\\\/\\\/shanabooks.de\\\/product\\\/santiago-de-compestela-ferhad-pirbal\\\/#breadcrumb\"},\"inLanguage\":\"de\",\"potentialAction\":[{\"@type\":\"ReadAction\",\"target\":[\"https:\\\/\\\/shanabooks.de\\\/product\\\/santiago-de-compestela-ferhad-pirbal\\\/\"]}]},{\"@type\":\"ImageObject\",\"inLanguage\":\"de\",\"@id\":\"https:\\\/\\\/shanabooks.de\\\/product\\\/santiago-de-compestela-ferhad-pirbal\\\/#primaryimage\",\"url\":\"https:\\\/\\\/shanabooks.de\\\/wp-content\\\/uploads\\\/2024\\\/03\\\/santiago-de-compestela.jpg\",\"contentUrl\":\"https:\\\/\\\/shanabooks.de\\\/wp-content\\\/uploads\\\/2024\\\/03\\\/santiago-de-compestela.jpg\",\"width\":600,\"height\":900,\"caption\":\"Santiago de Compestela - Ferhad P\u00eerbal - pirt\u00fbk\u00ean kurd\u00ee - roman\"},{\"@type\":\"BreadcrumbList\",\"@id\":\"https:\\\/\\\/shanabooks.de\\\/product\\\/santiago-de-compestela-ferhad-pirbal\\\/#breadcrumb\",\"itemListElement\":[{\"@type\":\"ListItem\",\"position\":1,\"name\":\"\u0627\u0644\u0631\u0626\u064a\u0633\u064a\u0629\",\"item\":\"https:\\\/\\\/shanabooks.de\\\/de\\\/\"},{\"@type\":\"ListItem\",\"position\":2,\"name\":\"\u0627\u0644\u0645\u0646\u062a\u062c\u0627\u062a\",\"item\":\"https:\\\/\\\/shanabooks.de\\\/shop\\\/\"},{\"@type\":\"ListItem\",\"position\":3,\"name\":\"Santiago de Compestela\"}]},{\"@type\":\"WebSite\",\"@id\":\"https:\\\/\\\/shanabooks.de\\\/#website\",\"url\":\"https:\\\/\\\/shanabooks.de\\\/\",\"name\":\"www.shanbooks.de\",\"description\":\"C\u00eehana Pirt\u00fbk\u00ean Kurd\u00ee \u0645\u0643\u062a\u0628\u0629 \u0634\u0627\u0646\u0627 \u0641\u064a \u0627\u0644\u0645\u0627\u0646\u064a\u0627 \u0648\u0623\u0648\u0631\u0628\u0627\",\"publisher\":{\"@id\":\"https:\\\/\\\/shanabooks.de\\\/#organization\"},\"potentialAction\":[{\"@type\":\"SearchAction\",\"target\":{\"@type\":\"EntryPoint\",\"urlTemplate\":\"https:\\\/\\\/shanabooks.de\\\/?s={search_term_string}\"},\"query-input\":{\"@type\":\"PropertyValueSpecification\",\"valueRequired\":true,\"valueName\":\"search_term_string\"}}],\"inLanguage\":\"de\"},{\"@type\":\"Organization\",\"@id\":\"https:\\\/\\\/shanabooks.de\\\/#organization\",\"name\":\"www.shanbooks.de\",\"url\":\"https:\\\/\\\/shanabooks.de\\\/\",\"logo\":{\"@type\":\"ImageObject\",\"inLanguage\":\"de\",\"@id\":\"https:\\\/\\\/shanabooks.de\\\/#\\\/schema\\\/logo\\\/image\\\/\",\"url\":\"https:\\\/\\\/shanabooks.de\\\/wp-content\\\/uploads\\\/2024\\\/03\\\/SHANABOOKS__2_-removebg-preview.png\",\"contentUrl\":\"https:\\\/\\\/shanabooks.de\\\/wp-content\\\/uploads\\\/2024\\\/03\\\/SHANABOOKS__2_-removebg-preview.png\",\"width\":700,\"height\":150,\"caption\":\"www.shanbooks.de\"},\"image\":{\"@id\":\"https:\\\/\\\/shanabooks.de\\\/#\\\/schema\\\/logo\\\/image\\\/\"}}]}<\/script>\n<!-- \/ Yoast SEO plugin. -->","yoast_head_json":{"title":"Santiago de Compestela - Ferhad P\u00eerbal - www.shanabooks.de","description":"Santiago de Compestela - Ferhad P\u00eerbal Dara ressamek\u00ee kurd e ji xelk\u00ea Heleb\u00e7e \u00fb li Montmartrea Par\u00ees\u00ea portreyan ji bo t\u00fbr\u00eestan \u00e7\u00eadike. Her tim dixwaze ko...","robots":{"index":"index","follow":"follow","max-snippet":"max-snippet:-1","max-image-preview":"max-image-preview:large","max-video-preview":"max-video-preview:-1"},"canonical":"https:\/\/shanabooks.de\/product\/santiago-de-compestela-ferhad-pirbal\/","og_locale":"de_DE","og_type":"article","og_title":"Santiago de Compestela - Ferhad P\u00eerbal - www.shanabooks.de","og_description":"Santiago de Compestela - Ferhad P\u00eerbal Dara ressamek\u00ee kurd e ji xelk\u00ea Heleb\u00e7e \u00fb li Montmartrea Par\u00ees\u00ea portreyan ji bo t\u00fbr\u00eestan \u00e7\u00eadike. Her tim dixwaze ko...","og_url":"https:\/\/shanabooks.de\/product\/santiago-de-compestela-ferhad-pirbal\/","og_site_name":"www.shanabooks.de","article_modified_time":"2024-04-04T21:14:15+00:00","og_image":[{"width":600,"height":900,"url":"https:\/\/shanabooks.de\/wp-content\/uploads\/2024\/03\/santiago-de-compestela.jpg","type":"image\/jpeg"}],"twitter_card":"summary_large_image","twitter_misc":{"Gesch\u00e4tzte Lesezeit":"2\u00a0Minuten"},"schema":{"@context":"https:\/\/schema.org","@graph":[{"@type":"WebPage","@id":"https:\/\/shanabooks.de\/product\/santiago-de-compestela-ferhad-pirbal\/","url":"https:\/\/shanabooks.de\/product\/santiago-de-compestela-ferhad-pirbal\/","name":"Santiago de Compestela - Ferhad P\u00eerbal - www.shanabooks.de","isPartOf":{"@id":"https:\/\/shanabooks.de\/#website"},"primaryImageOfPage":{"@id":"https:\/\/shanabooks.de\/product\/santiago-de-compestela-ferhad-pirbal\/#primaryimage"},"image":{"@id":"https:\/\/shanabooks.de\/product\/santiago-de-compestela-ferhad-pirbal\/#primaryimage"},"thumbnailUrl":"https:\/\/shanabooks.de\/wp-content\/uploads\/2024\/03\/santiago-de-compestela.jpg","datePublished":"2024-03-03T19:40:03+00:00","dateModified":"2024-04-04T21:14:15+00:00","description":"Santiago de Compestela - Ferhad P\u00eerbal Dara ressamek\u00ee kurd e ji xelk\u00ea Heleb\u00e7e \u00fb li Montmartrea Par\u00ees\u00ea portreyan ji bo t\u00fbr\u00eestan \u00e7\u00eadike. Her tim dixwaze ko...","breadcrumb":{"@id":"https:\/\/shanabooks.de\/product\/santiago-de-compestela-ferhad-pirbal\/#breadcrumb"},"inLanguage":"de","potentialAction":[{"@type":"ReadAction","target":["https:\/\/shanabooks.de\/product\/santiago-de-compestela-ferhad-pirbal\/"]}]},{"@type":"ImageObject","inLanguage":"de","@id":"https:\/\/shanabooks.de\/product\/santiago-de-compestela-ferhad-pirbal\/#primaryimage","url":"https:\/\/shanabooks.de\/wp-content\/uploads\/2024\/03\/santiago-de-compestela.jpg","contentUrl":"https:\/\/shanabooks.de\/wp-content\/uploads\/2024\/03\/santiago-de-compestela.jpg","width":600,"height":900,"caption":"Santiago de Compestela - Ferhad P\u00eerbal - pirt\u00fbk\u00ean kurd\u00ee - roman"},{"@type":"BreadcrumbList","@id":"https:\/\/shanabooks.de\/product\/santiago-de-compestela-ferhad-pirbal\/#breadcrumb","itemListElement":[{"@type":"ListItem","position":1,"name":"\u0627\u0644\u0631\u0626\u064a\u0633\u064a\u0629","item":"https:\/\/shanabooks.de\/de\/"},{"@type":"ListItem","position":2,"name":"\u0627\u0644\u0645\u0646\u062a\u062c\u0627\u062a","item":"https:\/\/shanabooks.de\/shop\/"},{"@type":"ListItem","position":3,"name":"Santiago de Compestela"}]},{"@type":"WebSite","@id":"https:\/\/shanabooks.de\/#website","url":"https:\/\/shanabooks.de\/","name":"www.shanbooks.de","description":"C\u00eehana Pirt\u00fbk\u00ean Kurd\u00ee \u0645\u0643\u062a\u0628\u0629 \u0634\u0627\u0646\u0627 \u0641\u064a \u0627\u0644\u0645\u0627\u0646\u064a\u0627 \u0648\u0623\u0648\u0631\u0628\u0627","publisher":{"@id":"https:\/\/shanabooks.de\/#organization"},"potentialAction":[{"@type":"SearchAction","target":{"@type":"EntryPoint","urlTemplate":"https:\/\/shanabooks.de\/?s={search_term_string}"},"query-input":{"@type":"PropertyValueSpecification","valueRequired":true,"valueName":"search_term_string"}}],"inLanguage":"de"},{"@type":"Organization","@id":"https:\/\/shanabooks.de\/#organization","name":"www.shanbooks.de","url":"https:\/\/shanabooks.de\/","logo":{"@type":"ImageObject","inLanguage":"de","@id":"https:\/\/shanabooks.de\/#\/schema\/logo\/image\/","url":"https:\/\/shanabooks.de\/wp-content\/uploads\/2024\/03\/SHANABOOKS__2_-removebg-preview.png","contentUrl":"https:\/\/shanabooks.de\/wp-content\/uploads\/2024\/03\/SHANABOOKS__2_-removebg-preview.png","width":700,"height":150,"caption":"www.shanbooks.de"},"image":{"@id":"https:\/\/shanabooks.de\/#\/schema\/logo\/image\/"}}]}},"jetpack_sharing_enabled":true,"_links":{"self":[{"href":"https:\/\/shanabooks.de\/de\/wp-json\/wp\/v2\/product\/12030","targetHints":{"allow":["GET"]}}],"collection":[{"href":"https:\/\/shanabooks.de\/de\/wp-json\/wp\/v2\/product"}],"about":[{"href":"https:\/\/shanabooks.de\/de\/wp-json\/wp\/v2\/types\/product"}],"version-history":[{"count":3,"href":"https:\/\/shanabooks.de\/de\/wp-json\/wp\/v2\/product\/12030\/revisions"}],"predecessor-version":[{"id":22939,"href":"https:\/\/shanabooks.de\/de\/wp-json\/wp\/v2\/product\/12030\/revisions\/22939"}],"wp:featuredmedia":[{"embeddable":true,"href":"https:\/\/shanabooks.de\/de\/wp-json\/wp\/v2\/media\/12099"}],"wp:attachment":[{"href":"https:\/\/shanabooks.de\/de\/wp-json\/wp\/v2\/media?parent=12030"}],"wp:term":[{"taxonomy":"product_brand","embeddable":true,"href":"https:\/\/shanabooks.de\/de\/wp-json\/wp\/v2\/product_brand?post=12030"},{"taxonomy":"product_cat","embeddable":true,"href":"https:\/\/shanabooks.de\/de\/wp-json\/wp\/v2\/product_cat?post=12030"},{"taxonomy":"product_tag","embeddable":true,"href":"https:\/\/shanabooks.de\/de\/wp-json\/wp\/v2\/product_tag?post=12030"}],"curies":[{"name":"wp","href":"https:\/\/api.w.org\/{rel}","templated":true}]}}