{"id":12031,"date":"2024-03-03T19:40:03","date_gmt":"2024-03-03T19:40:03","guid":{"rendered":"https:\/\/shanabooks.de\/?post_type=product&#038;p=12031"},"modified":"2026-01-01T20:08:14","modified_gmt":"2026-01-01T20:08:14","slug":"feqiye-teyran-roni-war","status":"publish","type":"product","link":"https:\/\/shanabooks.de\/de\/product\/feqiye-teyran-roni-war\/","title":{"rendered":"Feqey\u00ea Teyran"},"content":{"rendered":"<p dir=\"ltr\"><strong>Feqiy\u00ea Teyran &#8211; Ron\u00ee War<\/strong><\/p>\n<p dir=\"ltr\">Mezopotamya ji h\u00eala \u00e7and \u00fb w\u00eajey\u00ea ve gelek\u00ee dewlemend e. L\u00ea ev \u00e7and \u00fb w\u00eaje piran\u00ee bi destanan \u00fb bi w\u00eajeya devk\u00ee bi s\u00eenor b\u00fbye \u00fb z\u00eade neb\u00fbye mijara romanan. Ber\u00ee niha hinek niv\u00eeskaran hinek destan kirib\u00fbn roman, niha Ron\u00ee WAR j\u00ee bi Feqiy\u00ea Teyran li wan z\u00eade b\u00fb. Ev destan (Feqiy\u00ea Teyran, Mem \u00fb Z\u00een, Siyabend \u00fb Xec\u00ea, Tehar \u00fb Zihar\u00ea.) li nav kurdan t\u00eane zan\u00een, l\u00ea niv\u00eeskar bi r\u00eaya roman\u00ea \u015fiklek n\u00fb daye van destanan \u00fb k\u00eetey\u00ean ji nav destan\u00ea bi \u015f\u00eawaza xwe p\u00ea\u015fk\u00ea\u015f kiriye. Careke din derxistina destanan ya li ser niv\u00ees\u00ea, derxistina p\u00ea\u015f xwendevanan wek\u00ee gaveke er\u00ean\u00ee t\u00ea d\u00eetin. Ji aliy\u00ea z\u00eadeb\u00fbna pirt\u00fbk\u00ean\/roman\u00ean kurd\u00ee \u00fb xwendevanan ve ev her \u00e7ar roman wek\u00ee dewlemendiyek\u00ea derdikevin p\u00ea\u015f.<br \/>\nCara yekem v\u00ea Roman\u00ea di sala 2011yan de hat we\u015fandin, eleqeyeke mezin d\u00eet \u00fb di demek kurt de qediya. \u00db vaye careke din bi \u00e7apa xwe ya n\u00fb li hember\u00ee xwendevanan e.<br \/>\n(Tan\u0131t\u0131m B\u00fclteninden)<\/p>\n","protected":false},"excerpt":{"rendered":"<p dir=\"ltr\" style=\"text-align: center;\"><strong>Pirt\u00fbk: Feqiy\u00ea Teyran<br \/>\nNiv\u00eeskar: Ron\u00ee War<\/strong><br \/>\n<strong>Cure: Roman<\/strong><\/p>\n","protected":false},"featured_media":12101,"template":"","meta":{"site-sidebar-layout":"default","site-content-layout":"","ast-site-content-layout":"default","site-content-style":"default","site-sidebar-style":"default","ast-global-header-display":"","ast-banner-title-visibility":"","ast-main-header-display":"","ast-hfb-above-header-display":"","ast-hfb-below-header-display":"","ast-hfb-mobile-header-display":"","site-post-title":"","ast-breadcrumbs-content":"","ast-featured-img":"","footer-sml-layout":"","ast-disable-related-posts":"","theme-transparent-header-meta":"default","adv-header-id-meta":"","stick-header-meta":"","header-above-stick-meta":"","header-main-stick-meta":"","header-below-stick-meta":"","astra-migrate-meta-layouts":"set","ast-page-background-enabled":"default","ast-page-background-meta":{"desktop":{"background-color":"","background-image":"","background-repeat":"repeat","background-position":"center center","background-size":"auto","background-attachment":"scroll","background-type":"","background-media":"","overlay-type":"","overlay-color":"","overlay-opacity":"","overlay-gradient":""},"tablet":{"background-color":"","background-image":"","background-repeat":"repeat","background-position":"center center","background-size":"auto","background-attachment":"scroll","background-type":"","background-media":"","overlay-type":"","overlay-color":"","overlay-opacity":"","overlay-gradient":""},"mobile":{"background-color":"","background-image":"","background-repeat":"repeat","background-position":"center center","background-size":"auto","background-attachment":"scroll","background-type":"","background-media":"","overlay-type":"","overlay-color":"","overlay-opacity":"","overlay-gradient":""}},"ast-content-background-meta":{"desktop":{"background-color":"var(--ast-global-color-5)","background-image":"","background-repeat":"repeat","background-position":"center center","background-size":"auto","background-attachment":"scroll","background-type":"","background-media":"","overlay-type":"","overlay-color":"","overlay-opacity":"","overlay-gradient":""},"tablet":{"background-color":"var(--ast-global-color-5)","background-image":"","background-repeat":"repeat","background-position":"center center","background-size":"auto","background-attachment":"scroll","background-type":"","background-media":"","overlay-type":"","overlay-color":"","overlay-opacity":"","overlay-gradient":""},"mobile":{"background-color":"var(--ast-global-color-5)","background-image":"","background-repeat":"repeat","background-position":"center center","background-size":"auto","background-attachment":"scroll","background-type":"","background-media":"","overlay-type":"","overlay-color":"","overlay-opacity":"","overlay-gradient":""}}},"product_brand":[],"product_cat":[182,193],"product_tag":[],"class_list":{"0":"post-12031","1":"product","2":"type-product","3":"status-publish","4":"has-post-thumbnail","6":"product_cat-_","7":"product_cat--_","8":"pa_-roman","9":"pa_-roni-war","10":"pa_-kurmanci","11":"pa_--322","12":"desktop-align-left","13":"tablet-align-left","14":"mobile-align-left","16":"first","17":"outofstock","18":"shipping-taxable","19":"purchasable","20":"product-type-simple"},"yoast_head":"<!-- This site is optimized with the Yoast SEO plugin v27.4 - https:\/\/yoast.com\/product\/yoast-seo-wordpress\/ -->\n<title>Feqiy\u00ea Teyran - Ron\u00ee War - www.shanabooks.de<\/title>\n<meta name=\"description\" content=\"Feqiy\u00ea Teyran - Ron\u00ee War Mezopotamya ji h\u00eala \u00e7and \u00fb w\u00eajey\u00ea ve gelek\u00ee dewlemend e. L\u00ea ev \u00e7and \u00fb w\u00eaje piran\u00ee bi destanan \u00fb bi w\u00eajeya devk\u00ee bi s\u00eenor b\u00fbye \u00fb...\" \/>\n<meta name=\"robots\" content=\"index, follow, max-snippet:-1, max-image-preview:large, max-video-preview:-1\" \/>\n<link rel=\"canonical\" href=\"https:\/\/shanabooks.de\/product\/feqiye-teyran-roni-war\/\" \/>\n<meta property=\"og:locale\" content=\"de_DE\" \/>\n<meta property=\"og:type\" content=\"article\" \/>\n<meta property=\"og:title\" content=\"Feqiy\u00ea Teyran - Ron\u00ee War - www.shanabooks.de\" \/>\n<meta property=\"og:description\" content=\"Feqiy\u00ea Teyran - Ron\u00ee War Mezopotamya ji h\u00eala \u00e7and \u00fb w\u00eajey\u00ea ve gelek\u00ee dewlemend e. L\u00ea ev \u00e7and \u00fb w\u00eaje piran\u00ee bi destanan \u00fb bi w\u00eajeya devk\u00ee bi s\u00eenor b\u00fbye \u00fb...\" \/>\n<meta property=\"og:url\" content=\"https:\/\/shanabooks.de\/product\/feqiye-teyran-roni-war\/\" \/>\n<meta property=\"og:site_name\" content=\"www.shanabooks.de\" \/>\n<meta property=\"article:modified_time\" content=\"2026-01-01T20:08:14+00:00\" \/>\n<meta property=\"og:image\" content=\"https:\/\/shanabooks.de\/wp-content\/uploads\/2024\/03\/Feqeye-Teyran.jpg\" \/>\n\t<meta property=\"og:image:width\" content=\"270\" \/>\n\t<meta property=\"og:image:height\" content=\"378\" \/>\n\t<meta property=\"og:image:type\" content=\"image\/jpeg\" \/>\n<meta name=\"twitter:card\" content=\"summary_large_image\" \/>\n<meta name=\"twitter:label1\" content=\"Gesch\u00e4tzte Lesezeit\" \/>\n\t<meta name=\"twitter:data1\" content=\"2\u00a0Minuten\" \/>\n<script type=\"application\/ld+json\" class=\"yoast-schema-graph\">{\"@context\":\"https:\\\/\\\/schema.org\",\"@graph\":[{\"@type\":\"WebPage\",\"@id\":\"https:\\\/\\\/shanabooks.de\\\/product\\\/feqiye-teyran-roni-war\\\/\",\"url\":\"https:\\\/\\\/shanabooks.de\\\/product\\\/feqiye-teyran-roni-war\\\/\",\"name\":\"Feqiy\u00ea Teyran - Ron\u00ee War - www.shanabooks.de\",\"isPartOf\":{\"@id\":\"https:\\\/\\\/shanabooks.de\\\/#website\"},\"primaryImageOfPage\":{\"@id\":\"https:\\\/\\\/shanabooks.de\\\/product\\\/feqiye-teyran-roni-war\\\/#primaryimage\"},\"image\":{\"@id\":\"https:\\\/\\\/shanabooks.de\\\/product\\\/feqiye-teyran-roni-war\\\/#primaryimage\"},\"thumbnailUrl\":\"https:\\\/\\\/shanabooks.de\\\/wp-content\\\/uploads\\\/2024\\\/03\\\/Feqeye-Teyran.jpg\",\"datePublished\":\"2024-03-03T19:40:03+00:00\",\"dateModified\":\"2026-01-01T20:08:14+00:00\",\"description\":\"Feqiy\u00ea Teyran - Ron\u00ee War Mezopotamya ji h\u00eala \u00e7and \u00fb w\u00eajey\u00ea ve gelek\u00ee dewlemend e. L\u00ea ev \u00e7and \u00fb w\u00eaje piran\u00ee bi destanan \u00fb bi w\u00eajeya devk\u00ee bi s\u00eenor b\u00fbye \u00fb...\",\"breadcrumb\":{\"@id\":\"https:\\\/\\\/shanabooks.de\\\/product\\\/feqiye-teyran-roni-war\\\/#breadcrumb\"},\"inLanguage\":\"de\",\"potentialAction\":[{\"@type\":\"ReadAction\",\"target\":[\"https:\\\/\\\/shanabooks.de\\\/product\\\/feqiye-teyran-roni-war\\\/\"]}]},{\"@type\":\"ImageObject\",\"inLanguage\":\"de\",\"@id\":\"https:\\\/\\\/shanabooks.de\\\/product\\\/feqiye-teyran-roni-war\\\/#primaryimage\",\"url\":\"https:\\\/\\\/shanabooks.de\\\/wp-content\\\/uploads\\\/2024\\\/03\\\/Feqeye-Teyran.jpg\",\"contentUrl\":\"https:\\\/\\\/shanabooks.de\\\/wp-content\\\/uploads\\\/2024\\\/03\\\/Feqeye-Teyran.jpg\",\"width\":270,\"height\":378,\"caption\":\"Feqey\u00ea Teyran - Ron\u00ee War - pirt\u00fbk\u00ean kurd\u00ee - roman\"},{\"@type\":\"BreadcrumbList\",\"@id\":\"https:\\\/\\\/shanabooks.de\\\/product\\\/feqiye-teyran-roni-war\\\/#breadcrumb\",\"itemListElement\":[{\"@type\":\"ListItem\",\"position\":1,\"name\":\"\u0627\u0644\u0631\u0626\u064a\u0633\u064a\u0629\",\"item\":\"https:\\\/\\\/shanabooks.de\\\/de\\\/\"},{\"@type\":\"ListItem\",\"position\":2,\"name\":\"\u0627\u0644\u0645\u0646\u062a\u062c\u0627\u062a\",\"item\":\"https:\\\/\\\/shanabooks.de\\\/shop\\\/\"},{\"@type\":\"ListItem\",\"position\":3,\"name\":\"Feqey\u00ea Teyran\"}]},{\"@type\":\"WebSite\",\"@id\":\"https:\\\/\\\/shanabooks.de\\\/#website\",\"url\":\"https:\\\/\\\/shanabooks.de\\\/\",\"name\":\"www.shanbooks.de\",\"description\":\"C\u00eehana Pirt\u00fbk\u00ean Kurd\u00ee \u0645\u0643\u062a\u0628\u0629 \u0634\u0627\u0646\u0627 \u0641\u064a \u0627\u0644\u0645\u0627\u0646\u064a\u0627 \u0648\u0623\u0648\u0631\u0628\u0627\",\"publisher\":{\"@id\":\"https:\\\/\\\/shanabooks.de\\\/#organization\"},\"potentialAction\":[{\"@type\":\"SearchAction\",\"target\":{\"@type\":\"EntryPoint\",\"urlTemplate\":\"https:\\\/\\\/shanabooks.de\\\/?s={search_term_string}\"},\"query-input\":{\"@type\":\"PropertyValueSpecification\",\"valueRequired\":true,\"valueName\":\"search_term_string\"}}],\"inLanguage\":\"de\"},{\"@type\":\"Organization\",\"@id\":\"https:\\\/\\\/shanabooks.de\\\/#organization\",\"name\":\"www.shanbooks.de\",\"url\":\"https:\\\/\\\/shanabooks.de\\\/\",\"logo\":{\"@type\":\"ImageObject\",\"inLanguage\":\"de\",\"@id\":\"https:\\\/\\\/shanabooks.de\\\/#\\\/schema\\\/logo\\\/image\\\/\",\"url\":\"https:\\\/\\\/shanabooks.de\\\/wp-content\\\/uploads\\\/2024\\\/03\\\/SHANABOOKS__2_-removebg-preview.png\",\"contentUrl\":\"https:\\\/\\\/shanabooks.de\\\/wp-content\\\/uploads\\\/2024\\\/03\\\/SHANABOOKS__2_-removebg-preview.png\",\"width\":700,\"height\":150,\"caption\":\"www.shanbooks.de\"},\"image\":{\"@id\":\"https:\\\/\\\/shanabooks.de\\\/#\\\/schema\\\/logo\\\/image\\\/\"}}]}<\/script>\n<!-- \/ Yoast SEO plugin. -->","yoast_head_json":{"title":"Feqiy\u00ea Teyran - Ron\u00ee War - www.shanabooks.de","description":"Feqiy\u00ea Teyran - Ron\u00ee War Mezopotamya ji h\u00eala \u00e7and \u00fb w\u00eajey\u00ea ve gelek\u00ee dewlemend e. L\u00ea ev \u00e7and \u00fb w\u00eaje piran\u00ee bi destanan \u00fb bi w\u00eajeya devk\u00ee bi s\u00eenor b\u00fbye \u00fb...","robots":{"index":"index","follow":"follow","max-snippet":"max-snippet:-1","max-image-preview":"max-image-preview:large","max-video-preview":"max-video-preview:-1"},"canonical":"https:\/\/shanabooks.de\/product\/feqiye-teyran-roni-war\/","og_locale":"de_DE","og_type":"article","og_title":"Feqiy\u00ea Teyran - Ron\u00ee War - www.shanabooks.de","og_description":"Feqiy\u00ea Teyran - Ron\u00ee War Mezopotamya ji h\u00eala \u00e7and \u00fb w\u00eajey\u00ea ve gelek\u00ee dewlemend e. L\u00ea ev \u00e7and \u00fb w\u00eaje piran\u00ee bi destanan \u00fb bi w\u00eajeya devk\u00ee bi s\u00eenor b\u00fbye \u00fb...","og_url":"https:\/\/shanabooks.de\/product\/feqiye-teyran-roni-war\/","og_site_name":"www.shanabooks.de","article_modified_time":"2026-01-01T20:08:14+00:00","og_image":[{"width":270,"height":378,"url":"https:\/\/shanabooks.de\/wp-content\/uploads\/2024\/03\/Feqeye-Teyran.jpg","type":"image\/jpeg"}],"twitter_card":"summary_large_image","twitter_misc":{"Gesch\u00e4tzte Lesezeit":"2\u00a0Minuten"},"schema":{"@context":"https:\/\/schema.org","@graph":[{"@type":"WebPage","@id":"https:\/\/shanabooks.de\/product\/feqiye-teyran-roni-war\/","url":"https:\/\/shanabooks.de\/product\/feqiye-teyran-roni-war\/","name":"Feqiy\u00ea Teyran - Ron\u00ee War - www.shanabooks.de","isPartOf":{"@id":"https:\/\/shanabooks.de\/#website"},"primaryImageOfPage":{"@id":"https:\/\/shanabooks.de\/product\/feqiye-teyran-roni-war\/#primaryimage"},"image":{"@id":"https:\/\/shanabooks.de\/product\/feqiye-teyran-roni-war\/#primaryimage"},"thumbnailUrl":"https:\/\/shanabooks.de\/wp-content\/uploads\/2024\/03\/Feqeye-Teyran.jpg","datePublished":"2024-03-03T19:40:03+00:00","dateModified":"2026-01-01T20:08:14+00:00","description":"Feqiy\u00ea Teyran - Ron\u00ee War Mezopotamya ji h\u00eala \u00e7and \u00fb w\u00eajey\u00ea ve gelek\u00ee dewlemend e. L\u00ea ev \u00e7and \u00fb w\u00eaje piran\u00ee bi destanan \u00fb bi w\u00eajeya devk\u00ee bi s\u00eenor b\u00fbye \u00fb...","breadcrumb":{"@id":"https:\/\/shanabooks.de\/product\/feqiye-teyran-roni-war\/#breadcrumb"},"inLanguage":"de","potentialAction":[{"@type":"ReadAction","target":["https:\/\/shanabooks.de\/product\/feqiye-teyran-roni-war\/"]}]},{"@type":"ImageObject","inLanguage":"de","@id":"https:\/\/shanabooks.de\/product\/feqiye-teyran-roni-war\/#primaryimage","url":"https:\/\/shanabooks.de\/wp-content\/uploads\/2024\/03\/Feqeye-Teyran.jpg","contentUrl":"https:\/\/shanabooks.de\/wp-content\/uploads\/2024\/03\/Feqeye-Teyran.jpg","width":270,"height":378,"caption":"Feqey\u00ea Teyran - Ron\u00ee War - pirt\u00fbk\u00ean kurd\u00ee - roman"},{"@type":"BreadcrumbList","@id":"https:\/\/shanabooks.de\/product\/feqiye-teyran-roni-war\/#breadcrumb","itemListElement":[{"@type":"ListItem","position":1,"name":"\u0627\u0644\u0631\u0626\u064a\u0633\u064a\u0629","item":"https:\/\/shanabooks.de\/de\/"},{"@type":"ListItem","position":2,"name":"\u0627\u0644\u0645\u0646\u062a\u062c\u0627\u062a","item":"https:\/\/shanabooks.de\/shop\/"},{"@type":"ListItem","position":3,"name":"Feqey\u00ea Teyran"}]},{"@type":"WebSite","@id":"https:\/\/shanabooks.de\/#website","url":"https:\/\/shanabooks.de\/","name":"www.shanbooks.de","description":"C\u00eehana Pirt\u00fbk\u00ean Kurd\u00ee \u0645\u0643\u062a\u0628\u0629 \u0634\u0627\u0646\u0627 \u0641\u064a \u0627\u0644\u0645\u0627\u0646\u064a\u0627 \u0648\u0623\u0648\u0631\u0628\u0627","publisher":{"@id":"https:\/\/shanabooks.de\/#organization"},"potentialAction":[{"@type":"SearchAction","target":{"@type":"EntryPoint","urlTemplate":"https:\/\/shanabooks.de\/?s={search_term_string}"},"query-input":{"@type":"PropertyValueSpecification","valueRequired":true,"valueName":"search_term_string"}}],"inLanguage":"de"},{"@type":"Organization","@id":"https:\/\/shanabooks.de\/#organization","name":"www.shanbooks.de","url":"https:\/\/shanabooks.de\/","logo":{"@type":"ImageObject","inLanguage":"de","@id":"https:\/\/shanabooks.de\/#\/schema\/logo\/image\/","url":"https:\/\/shanabooks.de\/wp-content\/uploads\/2024\/03\/SHANABOOKS__2_-removebg-preview.png","contentUrl":"https:\/\/shanabooks.de\/wp-content\/uploads\/2024\/03\/SHANABOOKS__2_-removebg-preview.png","width":700,"height":150,"caption":"www.shanbooks.de"},"image":{"@id":"https:\/\/shanabooks.de\/#\/schema\/logo\/image\/"}}]}},"jetpack_sharing_enabled":true,"_links":{"self":[{"href":"https:\/\/shanabooks.de\/de\/wp-json\/wp\/v2\/product\/12031","targetHints":{"allow":["GET"]}}],"collection":[{"href":"https:\/\/shanabooks.de\/de\/wp-json\/wp\/v2\/product"}],"about":[{"href":"https:\/\/shanabooks.de\/de\/wp-json\/wp\/v2\/types\/product"}],"version-history":[{"count":4,"href":"https:\/\/shanabooks.de\/de\/wp-json\/wp\/v2\/product\/12031\/revisions"}],"predecessor-version":[{"id":25671,"href":"https:\/\/shanabooks.de\/de\/wp-json\/wp\/v2\/product\/12031\/revisions\/25671"}],"wp:featuredmedia":[{"embeddable":true,"href":"https:\/\/shanabooks.de\/de\/wp-json\/wp\/v2\/media\/12101"}],"wp:attachment":[{"href":"https:\/\/shanabooks.de\/de\/wp-json\/wp\/v2\/media?parent=12031"}],"wp:term":[{"taxonomy":"product_brand","embeddable":true,"href":"https:\/\/shanabooks.de\/de\/wp-json\/wp\/v2\/product_brand?post=12031"},{"taxonomy":"product_cat","embeddable":true,"href":"https:\/\/shanabooks.de\/de\/wp-json\/wp\/v2\/product_cat?post=12031"},{"taxonomy":"product_tag","embeddable":true,"href":"https:\/\/shanabooks.de\/de\/wp-json\/wp\/v2\/product_tag?post=12031"}],"curies":[{"name":"wp","href":"https:\/\/api.w.org\/{rel}","templated":true}]}}