{"id":12032,"date":"2024-03-03T19:40:03","date_gmt":"2024-03-03T19:40:03","guid":{"rendered":"https:\/\/shanabooks.de\/?post_type=product&#038;p=12032"},"modified":"2024-04-04T21:02:45","modified_gmt":"2024-04-04T21:02:45","slug":"serkes-cihan-roj","status":"publish","type":"product","link":"https:\/\/shanabooks.de\/de\/product\/serkes-cihan-roj\/","title":{"rendered":"Serk\u00ea\u015f"},"content":{"rendered":"<p dir=\"ltr\"><strong>Serk\u00ea\u015f &#8211; C\u00eehan Roj<\/strong><\/p>\n<p dir=\"ltr\">Romana Serk\u00ea\u015f ya C\u00eehan Roj e.<\/p>\n<p dir=\"ltr\">Min t\u00eakiliy\u00ean d\u00ea \u00fb bav\u00ea xwe dida hi\u015f\u00ea xwe; rojek\u00ea diya min li ser qoltix\u00ea raza b\u00fb. Wexta ez di ber deriy\u00ea od\u00ea re derbas b\u00fbm, bav\u00ea min bi rehm li diya min dinih\u00ear\u00ee, rah\u00ea\u015ft \u015feltek zirav av\u00eat ser diya min. Ew hal\u00ea w\u00ee, b\u00fb sedem, ez li wan tema\u015fe bikim. W\u00ee, dest da por\u00ea diya min, li hember w\u00ea r\u00fbni\u015ft.<\/p>\n","protected":false},"excerpt":{"rendered":"<p dir=\"ltr\" style=\"text-align: center\"><strong>Pirt\u00fbk: Serk\u00ea\u015f<br \/>\nNiv\u00eeskar: C\u00eehan Roj<\/strong><br \/>\n<strong>Cure: Roman<\/strong><\/p>\n","protected":false},"featured_media":12103,"template":"","meta":{"site-sidebar-layout":"default","site-content-layout":"","ast-site-content-layout":"default","site-content-style":"default","site-sidebar-style":"default","ast-global-header-display":"","ast-banner-title-visibility":"","ast-main-header-display":"","ast-hfb-above-header-display":"","ast-hfb-below-header-display":"","ast-hfb-mobile-header-display":"","site-post-title":"","ast-breadcrumbs-content":"","ast-featured-img":"","footer-sml-layout":"","ast-disable-related-posts":"","theme-transparent-header-meta":"default","adv-header-id-meta":"","stick-header-meta":"","header-above-stick-meta":"","header-main-stick-meta":"","header-below-stick-meta":"","astra-migrate-meta-layouts":"set","ast-page-background-enabled":"default","ast-page-background-meta":{"desktop":{"background-color":"","background-image":"","background-repeat":"repeat","background-position":"center center","background-size":"auto","background-attachment":"scroll","background-type":"","background-media":"","overlay-type":"","overlay-color":"","overlay-opacity":"","overlay-gradient":""},"tablet":{"background-color":"","background-image":"","background-repeat":"repeat","background-position":"center center","background-size":"auto","background-attachment":"scroll","background-type":"","background-media":"","overlay-type":"","overlay-color":"","overlay-opacity":"","overlay-gradient":""},"mobile":{"background-color":"","background-image":"","background-repeat":"repeat","background-position":"center center","background-size":"auto","background-attachment":"scroll","background-type":"","background-media":"","overlay-type":"","overlay-color":"","overlay-opacity":"","overlay-gradient":""}},"ast-content-background-meta":{"desktop":{"background-color":"var(--ast-global-color-5)","background-image":"","background-repeat":"repeat","background-position":"center center","background-size":"auto","background-attachment":"scroll","background-type":"","background-media":"","overlay-type":"","overlay-color":"","overlay-opacity":"","overlay-gradient":""},"tablet":{"background-color":"var(--ast-global-color-5)","background-image":"","background-repeat":"repeat","background-position":"center center","background-size":"auto","background-attachment":"scroll","background-type":"","background-media":"","overlay-type":"","overlay-color":"","overlay-opacity":"","overlay-gradient":""},"mobile":{"background-color":"var(--ast-global-color-5)","background-image":"","background-repeat":"repeat","background-position":"center center","background-size":"auto","background-attachment":"scroll","background-type":"","background-media":"","overlay-type":"","overlay-color":"","overlay-opacity":"","overlay-gradient":""}}},"product_brand":[],"product_cat":[182,193],"product_tag":[],"class_list":{"0":"post-12032","1":"product","2":"type-product","3":"status-publish","4":"has-post-thumbnail","6":"product_cat-_","7":"product_cat--_","8":"pa_-roman","9":"pa_-cihan-roj","10":"pa_-kurmanci","11":"pa_--jj","12":"desktop-align-left","13":"tablet-align-left","14":"mobile-align-left","16":"first","17":"instock","18":"shipping-taxable","19":"purchasable","20":"product-type-simple"},"yoast_head":"<!-- This site is optimized with the Yoast SEO plugin v27.4 - https:\/\/yoast.com\/product\/yoast-seo-wordpress\/ -->\n<title>Serk\u00ea\u015f -C\u00eehan Roj - www.shanabooks.de<\/title>\n<meta name=\"description\" content=\"Serk\u00ea\u015f - C\u00eehan Roj Min t\u00eakiliy\u00ean d\u00ea \u00fb bav\u00ea xwe dida hi\u015f\u00ea xwe; rojek\u00ea diya min li ser qoltix\u00ea raza b\u00fb. Wexta ez di ber deriy\u00ea od\u00ea re derbas b\u00fbm, bav\u00ea min...\" \/>\n<meta name=\"robots\" content=\"index, follow, max-snippet:-1, max-image-preview:large, max-video-preview:-1\" \/>\n<link rel=\"canonical\" href=\"https:\/\/shanabooks.de\/product\/serkes-cihan-roj\/\" \/>\n<meta property=\"og:locale\" content=\"de_DE\" \/>\n<meta property=\"og:type\" content=\"article\" \/>\n<meta property=\"og:title\" content=\"Serk\u00ea\u015f -C\u00eehan Roj - www.shanabooks.de\" \/>\n<meta property=\"og:description\" content=\"Serk\u00ea\u015f - C\u00eehan Roj Min t\u00eakiliy\u00ean d\u00ea \u00fb bav\u00ea xwe dida hi\u015f\u00ea xwe; rojek\u00ea diya min li ser qoltix\u00ea raza b\u00fb. Wexta ez di ber deriy\u00ea od\u00ea re derbas b\u00fbm, bav\u00ea min...\" \/>\n<meta property=\"og:url\" content=\"https:\/\/shanabooks.de\/product\/serkes-cihan-roj\/\" \/>\n<meta property=\"og:site_name\" content=\"www.shanabooks.de\" \/>\n<meta property=\"article:modified_time\" content=\"2024-04-04T21:02:45+00:00\" \/>\n<meta property=\"og:image\" content=\"https:\/\/shanabooks.de\/wp-content\/uploads\/2024\/03\/Serkes.png\" \/>\n\t<meta property=\"og:image:width\" content=\"277\" \/>\n\t<meta property=\"og:image:height\" content=\"476\" \/>\n\t<meta property=\"og:image:type\" content=\"image\/png\" \/>\n<meta name=\"twitter:card\" content=\"summary_large_image\" \/>\n<meta name=\"twitter:label1\" content=\"Gesch\u00e4tzte Lesezeit\" \/>\n\t<meta name=\"twitter:data1\" content=\"1\u00a0Minute\" \/>\n<script type=\"application\/ld+json\" class=\"yoast-schema-graph\">{\"@context\":\"https:\\\/\\\/schema.org\",\"@graph\":[{\"@type\":\"WebPage\",\"@id\":\"https:\\\/\\\/shanabooks.de\\\/product\\\/serkes-cihan-roj\\\/\",\"url\":\"https:\\\/\\\/shanabooks.de\\\/product\\\/serkes-cihan-roj\\\/\",\"name\":\"Serk\u00ea\u015f -C\u00eehan Roj - www.shanabooks.de\",\"isPartOf\":{\"@id\":\"https:\\\/\\\/shanabooks.de\\\/#website\"},\"primaryImageOfPage\":{\"@id\":\"https:\\\/\\\/shanabooks.de\\\/product\\\/serkes-cihan-roj\\\/#primaryimage\"},\"image\":{\"@id\":\"https:\\\/\\\/shanabooks.de\\\/product\\\/serkes-cihan-roj\\\/#primaryimage\"},\"thumbnailUrl\":\"https:\\\/\\\/shanabooks.de\\\/wp-content\\\/uploads\\\/2024\\\/03\\\/Serkes.png\",\"datePublished\":\"2024-03-03T19:40:03+00:00\",\"dateModified\":\"2024-04-04T21:02:45+00:00\",\"description\":\"Serk\u00ea\u015f - C\u00eehan Roj Min t\u00eakiliy\u00ean d\u00ea \u00fb bav\u00ea xwe dida hi\u015f\u00ea xwe; rojek\u00ea diya min li ser qoltix\u00ea raza b\u00fb. Wexta ez di ber deriy\u00ea od\u00ea re derbas b\u00fbm, bav\u00ea min...\",\"breadcrumb\":{\"@id\":\"https:\\\/\\\/shanabooks.de\\\/product\\\/serkes-cihan-roj\\\/#breadcrumb\"},\"inLanguage\":\"de\",\"potentialAction\":[{\"@type\":\"ReadAction\",\"target\":[\"https:\\\/\\\/shanabooks.de\\\/product\\\/serkes-cihan-roj\\\/\"]}]},{\"@type\":\"ImageObject\",\"inLanguage\":\"de\",\"@id\":\"https:\\\/\\\/shanabooks.de\\\/product\\\/serkes-cihan-roj\\\/#primaryimage\",\"url\":\"https:\\\/\\\/shanabooks.de\\\/wp-content\\\/uploads\\\/2024\\\/03\\\/Serkes.png\",\"contentUrl\":\"https:\\\/\\\/shanabooks.de\\\/wp-content\\\/uploads\\\/2024\\\/03\\\/Serkes.png\",\"width\":277,\"height\":476,\"caption\":\"Serk\u00ea\u015f - C\u00eehan Roj - pirt\u00fbk\u00ean kurd\u00ee - roman\"},{\"@type\":\"BreadcrumbList\",\"@id\":\"https:\\\/\\\/shanabooks.de\\\/product\\\/serkes-cihan-roj\\\/#breadcrumb\",\"itemListElement\":[{\"@type\":\"ListItem\",\"position\":1,\"name\":\"\u0627\u0644\u0631\u0626\u064a\u0633\u064a\u0629\",\"item\":\"https:\\\/\\\/shanabooks.de\\\/de\\\/\"},{\"@type\":\"ListItem\",\"position\":2,\"name\":\"\u0627\u0644\u0645\u0646\u062a\u062c\u0627\u062a\",\"item\":\"https:\\\/\\\/shanabooks.de\\\/shop\\\/\"},{\"@type\":\"ListItem\",\"position\":3,\"name\":\"Serk\u00ea\u015f\"}]},{\"@type\":\"WebSite\",\"@id\":\"https:\\\/\\\/shanabooks.de\\\/#website\",\"url\":\"https:\\\/\\\/shanabooks.de\\\/\",\"name\":\"www.shanbooks.de\",\"description\":\"C\u00eehana Pirt\u00fbk\u00ean Kurd\u00ee \u0645\u0643\u062a\u0628\u0629 \u0634\u0627\u0646\u0627 \u0641\u064a \u0627\u0644\u0645\u0627\u0646\u064a\u0627 \u0648\u0623\u0648\u0631\u0628\u0627\",\"publisher\":{\"@id\":\"https:\\\/\\\/shanabooks.de\\\/#organization\"},\"potentialAction\":[{\"@type\":\"SearchAction\",\"target\":{\"@type\":\"EntryPoint\",\"urlTemplate\":\"https:\\\/\\\/shanabooks.de\\\/?s={search_term_string}\"},\"query-input\":{\"@type\":\"PropertyValueSpecification\",\"valueRequired\":true,\"valueName\":\"search_term_string\"}}],\"inLanguage\":\"de\"},{\"@type\":\"Organization\",\"@id\":\"https:\\\/\\\/shanabooks.de\\\/#organization\",\"name\":\"www.shanbooks.de\",\"url\":\"https:\\\/\\\/shanabooks.de\\\/\",\"logo\":{\"@type\":\"ImageObject\",\"inLanguage\":\"de\",\"@id\":\"https:\\\/\\\/shanabooks.de\\\/#\\\/schema\\\/logo\\\/image\\\/\",\"url\":\"https:\\\/\\\/shanabooks.de\\\/wp-content\\\/uploads\\\/2024\\\/03\\\/SHANABOOKS__2_-removebg-preview.png\",\"contentUrl\":\"https:\\\/\\\/shanabooks.de\\\/wp-content\\\/uploads\\\/2024\\\/03\\\/SHANABOOKS__2_-removebg-preview.png\",\"width\":700,\"height\":150,\"caption\":\"www.shanbooks.de\"},\"image\":{\"@id\":\"https:\\\/\\\/shanabooks.de\\\/#\\\/schema\\\/logo\\\/image\\\/\"}}]}<\/script>\n<!-- \/ Yoast SEO plugin. -->","yoast_head_json":{"title":"Serk\u00ea\u015f -C\u00eehan Roj - www.shanabooks.de","description":"Serk\u00ea\u015f - C\u00eehan Roj Min t\u00eakiliy\u00ean d\u00ea \u00fb bav\u00ea xwe dida hi\u015f\u00ea xwe; rojek\u00ea diya min li ser qoltix\u00ea raza b\u00fb. Wexta ez di ber deriy\u00ea od\u00ea re derbas b\u00fbm, bav\u00ea min...","robots":{"index":"index","follow":"follow","max-snippet":"max-snippet:-1","max-image-preview":"max-image-preview:large","max-video-preview":"max-video-preview:-1"},"canonical":"https:\/\/shanabooks.de\/product\/serkes-cihan-roj\/","og_locale":"de_DE","og_type":"article","og_title":"Serk\u00ea\u015f -C\u00eehan Roj - www.shanabooks.de","og_description":"Serk\u00ea\u015f - C\u00eehan Roj Min t\u00eakiliy\u00ean d\u00ea \u00fb bav\u00ea xwe dida hi\u015f\u00ea xwe; rojek\u00ea diya min li ser qoltix\u00ea raza b\u00fb. Wexta ez di ber deriy\u00ea od\u00ea re derbas b\u00fbm, bav\u00ea min...","og_url":"https:\/\/shanabooks.de\/product\/serkes-cihan-roj\/","og_site_name":"www.shanabooks.de","article_modified_time":"2024-04-04T21:02:45+00:00","og_image":[{"width":277,"height":476,"url":"https:\/\/shanabooks.de\/wp-content\/uploads\/2024\/03\/Serkes.png","type":"image\/png"}],"twitter_card":"summary_large_image","twitter_misc":{"Gesch\u00e4tzte Lesezeit":"1\u00a0Minute"},"schema":{"@context":"https:\/\/schema.org","@graph":[{"@type":"WebPage","@id":"https:\/\/shanabooks.de\/product\/serkes-cihan-roj\/","url":"https:\/\/shanabooks.de\/product\/serkes-cihan-roj\/","name":"Serk\u00ea\u015f -C\u00eehan Roj - www.shanabooks.de","isPartOf":{"@id":"https:\/\/shanabooks.de\/#website"},"primaryImageOfPage":{"@id":"https:\/\/shanabooks.de\/product\/serkes-cihan-roj\/#primaryimage"},"image":{"@id":"https:\/\/shanabooks.de\/product\/serkes-cihan-roj\/#primaryimage"},"thumbnailUrl":"https:\/\/shanabooks.de\/wp-content\/uploads\/2024\/03\/Serkes.png","datePublished":"2024-03-03T19:40:03+00:00","dateModified":"2024-04-04T21:02:45+00:00","description":"Serk\u00ea\u015f - C\u00eehan Roj Min t\u00eakiliy\u00ean d\u00ea \u00fb bav\u00ea xwe dida hi\u015f\u00ea xwe; rojek\u00ea diya min li ser qoltix\u00ea raza b\u00fb. Wexta ez di ber deriy\u00ea od\u00ea re derbas b\u00fbm, bav\u00ea min...","breadcrumb":{"@id":"https:\/\/shanabooks.de\/product\/serkes-cihan-roj\/#breadcrumb"},"inLanguage":"de","potentialAction":[{"@type":"ReadAction","target":["https:\/\/shanabooks.de\/product\/serkes-cihan-roj\/"]}]},{"@type":"ImageObject","inLanguage":"de","@id":"https:\/\/shanabooks.de\/product\/serkes-cihan-roj\/#primaryimage","url":"https:\/\/shanabooks.de\/wp-content\/uploads\/2024\/03\/Serkes.png","contentUrl":"https:\/\/shanabooks.de\/wp-content\/uploads\/2024\/03\/Serkes.png","width":277,"height":476,"caption":"Serk\u00ea\u015f - C\u00eehan Roj - pirt\u00fbk\u00ean kurd\u00ee - roman"},{"@type":"BreadcrumbList","@id":"https:\/\/shanabooks.de\/product\/serkes-cihan-roj\/#breadcrumb","itemListElement":[{"@type":"ListItem","position":1,"name":"\u0627\u0644\u0631\u0626\u064a\u0633\u064a\u0629","item":"https:\/\/shanabooks.de\/de\/"},{"@type":"ListItem","position":2,"name":"\u0627\u0644\u0645\u0646\u062a\u062c\u0627\u062a","item":"https:\/\/shanabooks.de\/shop\/"},{"@type":"ListItem","position":3,"name":"Serk\u00ea\u015f"}]},{"@type":"WebSite","@id":"https:\/\/shanabooks.de\/#website","url":"https:\/\/shanabooks.de\/","name":"www.shanbooks.de","description":"C\u00eehana Pirt\u00fbk\u00ean Kurd\u00ee \u0645\u0643\u062a\u0628\u0629 \u0634\u0627\u0646\u0627 \u0641\u064a \u0627\u0644\u0645\u0627\u0646\u064a\u0627 \u0648\u0623\u0648\u0631\u0628\u0627","publisher":{"@id":"https:\/\/shanabooks.de\/#organization"},"potentialAction":[{"@type":"SearchAction","target":{"@type":"EntryPoint","urlTemplate":"https:\/\/shanabooks.de\/?s={search_term_string}"},"query-input":{"@type":"PropertyValueSpecification","valueRequired":true,"valueName":"search_term_string"}}],"inLanguage":"de"},{"@type":"Organization","@id":"https:\/\/shanabooks.de\/#organization","name":"www.shanbooks.de","url":"https:\/\/shanabooks.de\/","logo":{"@type":"ImageObject","inLanguage":"de","@id":"https:\/\/shanabooks.de\/#\/schema\/logo\/image\/","url":"https:\/\/shanabooks.de\/wp-content\/uploads\/2024\/03\/SHANABOOKS__2_-removebg-preview.png","contentUrl":"https:\/\/shanabooks.de\/wp-content\/uploads\/2024\/03\/SHANABOOKS__2_-removebg-preview.png","width":700,"height":150,"caption":"www.shanbooks.de"},"image":{"@id":"https:\/\/shanabooks.de\/#\/schema\/logo\/image\/"}}]}},"jetpack_sharing_enabled":true,"_links":{"self":[{"href":"https:\/\/shanabooks.de\/de\/wp-json\/wp\/v2\/product\/12032","targetHints":{"allow":["GET"]}}],"collection":[{"href":"https:\/\/shanabooks.de\/de\/wp-json\/wp\/v2\/product"}],"about":[{"href":"https:\/\/shanabooks.de\/de\/wp-json\/wp\/v2\/types\/product"}],"version-history":[{"count":3,"href":"https:\/\/shanabooks.de\/de\/wp-json\/wp\/v2\/product\/12032\/revisions"}],"predecessor-version":[{"id":22936,"href":"https:\/\/shanabooks.de\/de\/wp-json\/wp\/v2\/product\/12032\/revisions\/22936"}],"wp:featuredmedia":[{"embeddable":true,"href":"https:\/\/shanabooks.de\/de\/wp-json\/wp\/v2\/media\/12103"}],"wp:attachment":[{"href":"https:\/\/shanabooks.de\/de\/wp-json\/wp\/v2\/media?parent=12032"}],"wp:term":[{"taxonomy":"product_brand","embeddable":true,"href":"https:\/\/shanabooks.de\/de\/wp-json\/wp\/v2\/product_brand?post=12032"},{"taxonomy":"product_cat","embeddable":true,"href":"https:\/\/shanabooks.de\/de\/wp-json\/wp\/v2\/product_cat?post=12032"},{"taxonomy":"product_tag","embeddable":true,"href":"https:\/\/shanabooks.de\/de\/wp-json\/wp\/v2\/product_tag?post=12032"}],"curies":[{"name":"wp","href":"https:\/\/api.w.org\/{rel}","templated":true}]}}