{"id":12033,"date":"2024-03-03T19:40:03","date_gmt":"2024-03-03T19:40:03","guid":{"rendered":"https:\/\/shanabooks.de\/?post_type=product&#038;p=12033"},"modified":"2025-12-30T23:02:37","modified_gmt":"2025-12-30T23:02:37","slug":"ez-e-yeki-bikujim-firat-ceweri","status":"publish","type":"product","link":"https:\/\/shanabooks.de\/de\/product\/ez-e-yeki-bikujim-firat-ceweri\/","title":{"rendered":"Ez \u00ea yek\u00ee bikujim"},"content":{"rendered":"<p dir=\"ltr\"><strong>Ez \u00ea yek\u00ee bikujim &#8211; Firat Cewer\u00ee<\/strong><\/p>\n<p dir=\"ltr\">Ez \u00ea yek\u00ee bikujim ya Firat Cewer\u00ee di karakter\u00ean s\u00ea kesayetiy\u00ean cih\u00ea de li ser dema n\u00fb t\u00ea rawestandin. Di dema n\u00fb de behsa mirov\u00ean jib\u00eerb\u00fby\u00ee, ps\u00eekolojiya wan, h\u00eav\u00ee \u00fb armanc\u00ean wan \u00fb behsa \u00ea\u015f \u00fb xemg\u00eeniy\u00ean wan t\u00ea kirin. Ji aliy\u00ea din ve hin sebeb \u00e7awa dikarin bibin encam\u00ean trajed\u00eek, mirov\u00ean ku demek\u00ea bi \u00eedeal\u00ean mezin radibin \u00e7awa dikarin t\u00eakevin ger\u00eenek\u00ean melankol\u00eek \u00fb tesaduf\u00ean jiyan\u00ea mirov bi \u00e7i re r\u00fbbir\u00fb dike, b\u00fbye mijara roman\u00ea.<\/p>\n<p dir=\"ltr\">Gelo w\u00ea k\u00ee, k\u00ea, ji bo \u00e7i bikuje? Ma qatil j\u00ee qurbanek e?<br \/>\nFirat Cewer\u00ee bi vegotina xwe ya sade \u00fb bi tevna xwe ya tek\u00fbz bal\u00ea diki\u015f\u00eene \u00fb gava \u00e7\u00eeroka mirov\u00ean b\u00ea\u00e7are \u00fb b\u00eanasnav\u00eetiya gelek\u00ee vedib\u00eaje bi tu away\u00ee propoganday\u00ea nake. Romana Ez \u00ea yek\u00ee bikujim yek ji roman\u00ean her\u00ee xwe\u015f e ku min ji m\u00eaj ve nexwendib\u00fb.<br \/>\nSibel Oral (Rojnameya Taraf\u00ea)<\/p>\n<p dir=\"ltr\">\u00c7\u00eerok bi hosteyiyeke hunermendane di nav derfet \u00fb encam\u00ean xwe de diherike \u00fb bi f\u00eenaleke gelek zar\u00eef bi daw\u00ee dibe.<br \/>\nAli Fikri I\u015f\u0131k (Netkurd)<\/p>\n<p dir=\"ltr\">\n","protected":false},"excerpt":{"rendered":"<p dir=\"ltr\" style=\"text-align: center\"><strong>Pirt\u00fbk: Ez \u00ea yek\u00ee bikujim<\/strong><br \/>\n<strong>Niv\u00eeskar: Firat Cewer\u00ee<br \/>\nCure: Roman<\/strong><\/p>\n","protected":false},"featured_media":12105,"template":"","meta":{"site-sidebar-layout":"default","site-content-layout":"","ast-site-content-layout":"default","site-content-style":"default","site-sidebar-style":"default","ast-global-header-display":"","ast-banner-title-visibility":"","ast-main-header-display":"","ast-hfb-above-header-display":"","ast-hfb-below-header-display":"","ast-hfb-mobile-header-display":"","site-post-title":"","ast-breadcrumbs-content":"","ast-featured-img":"","footer-sml-layout":"","ast-disable-related-posts":"","theme-transparent-header-meta":"default","adv-header-id-meta":"","stick-header-meta":"","header-above-stick-meta":"","header-main-stick-meta":"","header-below-stick-meta":"","astra-migrate-meta-layouts":"set","ast-page-background-enabled":"default","ast-page-background-meta":{"desktop":{"background-color":"","background-image":"","background-repeat":"repeat","background-position":"center center","background-size":"auto","background-attachment":"scroll","background-type":"","background-media":"","overlay-type":"","overlay-color":"","overlay-opacity":"","overlay-gradient":""},"tablet":{"background-color":"","background-image":"","background-repeat":"repeat","background-position":"center center","background-size":"auto","background-attachment":"scroll","background-type":"","background-media":"","overlay-type":"","overlay-color":"","overlay-opacity":"","overlay-gradient":""},"mobile":{"background-color":"","background-image":"","background-repeat":"repeat","background-position":"center center","background-size":"auto","background-attachment":"scroll","background-type":"","background-media":"","overlay-type":"","overlay-color":"","overlay-opacity":"","overlay-gradient":""}},"ast-content-background-meta":{"desktop":{"background-color":"var(--ast-global-color-5)","background-image":"","background-repeat":"repeat","background-position":"center center","background-size":"auto","background-attachment":"scroll","background-type":"","background-media":"","overlay-type":"","overlay-color":"","overlay-opacity":"","overlay-gradient":""},"tablet":{"background-color":"var(--ast-global-color-5)","background-image":"","background-repeat":"repeat","background-position":"center center","background-size":"auto","background-attachment":"scroll","background-type":"","background-media":"","overlay-type":"","overlay-color":"","overlay-opacity":"","overlay-gradient":""},"mobile":{"background-color":"var(--ast-global-color-5)","background-image":"","background-repeat":"repeat","background-position":"center center","background-size":"auto","background-attachment":"scroll","background-type":"","background-media":"","overlay-type":"","overlay-color":"","overlay-opacity":"","overlay-gradient":""}}},"product_brand":[],"product_cat":[182,193],"product_tag":[],"class_list":{"0":"post-12033","1":"product","2":"type-product","3":"status-publish","4":"has-post-thumbnail","6":"product_cat-_","7":"product_cat--_","8":"pa_-roman","9":"pa_-firat-ceweri","10":"pa_-kurmanci","11":"pa_--avesta-yayinlari","12":"desktop-align-left","13":"tablet-align-left","14":"mobile-align-left","16":"first","17":"outofstock","18":"shipping-taxable","19":"purchasable","20":"product-type-simple"},"yoast_head":"<!-- This site is optimized with the Yoast SEO plugin v27.5 - https:\/\/yoast.com\/product\/yoast-seo-wordpress\/ -->\n<title>Ez \u00ea yek\u00ee bikujim - Firat Cewer\u00ee - www.shanabooks.de<\/title>\n<meta name=\"description\" content=\"Ez \u00ea yek\u00ee bikujim - Firat Cewer\u00ee Ez \u00ea yek\u00ee bikujim di karakter\u00ean s\u00ea kesayetiy\u00ean cih\u00ea de li ser dema n\u00fb t\u00ea rawestandin. Di dema n\u00fb de behsa mirov\u00ean jib\u00eerb...\" \/>\n<meta name=\"robots\" content=\"index, follow, max-snippet:-1, max-image-preview:large, max-video-preview:-1\" \/>\n<link rel=\"canonical\" href=\"https:\/\/shanabooks.de\/product\/ez-e-yeki-bikujim-firat-ceweri\/\" \/>\n<meta property=\"og:locale\" content=\"de_DE\" \/>\n<meta property=\"og:type\" content=\"article\" \/>\n<meta property=\"og:title\" content=\"Ez \u00ea yek\u00ee bikujim - Firat Cewer\u00ee - www.shanabooks.de\" \/>\n<meta property=\"og:description\" content=\"Ez \u00ea yek\u00ee bikujim - Firat Cewer\u00ee Ez \u00ea yek\u00ee bikujim di karakter\u00ean s\u00ea kesayetiy\u00ean cih\u00ea de li ser dema n\u00fb t\u00ea rawestandin. Di dema n\u00fb de behsa mirov\u00ean jib\u00eerb...\" \/>\n<meta property=\"og:url\" content=\"https:\/\/shanabooks.de\/product\/ez-e-yeki-bikujim-firat-ceweri\/\" \/>\n<meta property=\"og:site_name\" content=\"www.shanabooks.de\" \/>\n<meta property=\"article:modified_time\" content=\"2025-12-30T23:02:37+00:00\" \/>\n<meta property=\"og:image\" content=\"https:\/\/shanabooks.de\/wp-content\/uploads\/2024\/03\/ey-e-yeki-bikujim.jpg\" \/>\n\t<meta property=\"og:image:width\" content=\"595\" \/>\n\t<meta property=\"og:image:height\" content=\"900\" \/>\n\t<meta property=\"og:image:type\" content=\"image\/jpeg\" \/>\n<meta name=\"twitter:card\" content=\"summary_large_image\" \/>\n<meta name=\"twitter:label1\" content=\"Gesch\u00e4tzte Lesezeit\" \/>\n\t<meta name=\"twitter:data1\" content=\"2\u00a0Minuten\" \/>\n<script type=\"application\/ld+json\" class=\"yoast-schema-graph\">{\"@context\":\"https:\\\/\\\/schema.org\",\"@graph\":[{\"@type\":\"WebPage\",\"@id\":\"https:\\\/\\\/shanabooks.de\\\/product\\\/ez-e-yeki-bikujim-firat-ceweri\\\/\",\"url\":\"https:\\\/\\\/shanabooks.de\\\/product\\\/ez-e-yeki-bikujim-firat-ceweri\\\/\",\"name\":\"Ez \u00ea yek\u00ee bikujim - Firat Cewer\u00ee - www.shanabooks.de\",\"isPartOf\":{\"@id\":\"https:\\\/\\\/shanabooks.de\\\/#website\"},\"primaryImageOfPage\":{\"@id\":\"https:\\\/\\\/shanabooks.de\\\/product\\\/ez-e-yeki-bikujim-firat-ceweri\\\/#primaryimage\"},\"image\":{\"@id\":\"https:\\\/\\\/shanabooks.de\\\/product\\\/ez-e-yeki-bikujim-firat-ceweri\\\/#primaryimage\"},\"thumbnailUrl\":\"https:\\\/\\\/shanabooks.de\\\/wp-content\\\/uploads\\\/2024\\\/03\\\/ey-e-yeki-bikujim.jpg\",\"datePublished\":\"2024-03-03T19:40:03+00:00\",\"dateModified\":\"2025-12-30T23:02:37+00:00\",\"description\":\"Ez \u00ea yek\u00ee bikujim - Firat Cewer\u00ee Ez \u00ea yek\u00ee bikujim di karakter\u00ean s\u00ea kesayetiy\u00ean cih\u00ea de li ser dema n\u00fb t\u00ea rawestandin. Di dema n\u00fb de behsa mirov\u00ean jib\u00eerb...\",\"breadcrumb\":{\"@id\":\"https:\\\/\\\/shanabooks.de\\\/product\\\/ez-e-yeki-bikujim-firat-ceweri\\\/#breadcrumb\"},\"inLanguage\":\"de\",\"potentialAction\":[{\"@type\":\"ReadAction\",\"target\":[\"https:\\\/\\\/shanabooks.de\\\/product\\\/ez-e-yeki-bikujim-firat-ceweri\\\/\"]}]},{\"@type\":\"ImageObject\",\"inLanguage\":\"de\",\"@id\":\"https:\\\/\\\/shanabooks.de\\\/product\\\/ez-e-yeki-bikujim-firat-ceweri\\\/#primaryimage\",\"url\":\"https:\\\/\\\/shanabooks.de\\\/wp-content\\\/uploads\\\/2024\\\/03\\\/ey-e-yeki-bikujim.jpg\",\"contentUrl\":\"https:\\\/\\\/shanabooks.de\\\/wp-content\\\/uploads\\\/2024\\\/03\\\/ey-e-yeki-bikujim.jpg\",\"width\":595,\"height\":900,\"caption\":\"Ez \u00ea yek\u00ee bikujim - Firat Cewer\u00ee - pirt\u00fbk\u00ean kurd\u00ee -roman\"},{\"@type\":\"BreadcrumbList\",\"@id\":\"https:\\\/\\\/shanabooks.de\\\/product\\\/ez-e-yeki-bikujim-firat-ceweri\\\/#breadcrumb\",\"itemListElement\":[{\"@type\":\"ListItem\",\"position\":1,\"name\":\"\u0627\u0644\u0631\u0626\u064a\u0633\u064a\u0629\",\"item\":\"https:\\\/\\\/shanabooks.de\\\/de\\\/\"},{\"@type\":\"ListItem\",\"position\":2,\"name\":\"\u0627\u0644\u0645\u0646\u062a\u062c\u0627\u062a\",\"item\":\"https:\\\/\\\/shanabooks.de\\\/shop\\\/\"},{\"@type\":\"ListItem\",\"position\":3,\"name\":\"Ez \u00ea yek\u00ee bikujim\"}]},{\"@type\":\"WebSite\",\"@id\":\"https:\\\/\\\/shanabooks.de\\\/#website\",\"url\":\"https:\\\/\\\/shanabooks.de\\\/\",\"name\":\"www.shanbooks.de\",\"description\":\"C\u00eehana Pirt\u00fbk\u00ean Kurd\u00ee \u0645\u0643\u062a\u0628\u0629 \u0634\u0627\u0646\u0627 \u0641\u064a \u0627\u0644\u0645\u0627\u0646\u064a\u0627 \u0648\u0623\u0648\u0631\u0628\u0627\",\"publisher\":{\"@id\":\"https:\\\/\\\/shanabooks.de\\\/#organization\"},\"potentialAction\":[{\"@type\":\"SearchAction\",\"target\":{\"@type\":\"EntryPoint\",\"urlTemplate\":\"https:\\\/\\\/shanabooks.de\\\/?s={search_term_string}\"},\"query-input\":{\"@type\":\"PropertyValueSpecification\",\"valueRequired\":true,\"valueName\":\"search_term_string\"}}],\"inLanguage\":\"de\"},{\"@type\":\"Organization\",\"@id\":\"https:\\\/\\\/shanabooks.de\\\/#organization\",\"name\":\"www.shanbooks.de\",\"url\":\"https:\\\/\\\/shanabooks.de\\\/\",\"logo\":{\"@type\":\"ImageObject\",\"inLanguage\":\"de\",\"@id\":\"https:\\\/\\\/shanabooks.de\\\/#\\\/schema\\\/logo\\\/image\\\/\",\"url\":\"https:\\\/\\\/shanabooks.de\\\/wp-content\\\/uploads\\\/2024\\\/03\\\/SHANABOOKS__2_-removebg-preview.png\",\"contentUrl\":\"https:\\\/\\\/shanabooks.de\\\/wp-content\\\/uploads\\\/2024\\\/03\\\/SHANABOOKS__2_-removebg-preview.png\",\"width\":700,\"height\":150,\"caption\":\"www.shanbooks.de\"},\"image\":{\"@id\":\"https:\\\/\\\/shanabooks.de\\\/#\\\/schema\\\/logo\\\/image\\\/\"}}]}<\/script>\n<!-- \/ Yoast SEO plugin. -->","yoast_head_json":{"title":"Ez \u00ea yek\u00ee bikujim - Firat Cewer\u00ee - www.shanabooks.de","description":"Ez \u00ea yek\u00ee bikujim - Firat Cewer\u00ee Ez \u00ea yek\u00ee bikujim di karakter\u00ean s\u00ea kesayetiy\u00ean cih\u00ea de li ser dema n\u00fb t\u00ea rawestandin. Di dema n\u00fb de behsa mirov\u00ean jib\u00eerb...","robots":{"index":"index","follow":"follow","max-snippet":"max-snippet:-1","max-image-preview":"max-image-preview:large","max-video-preview":"max-video-preview:-1"},"canonical":"https:\/\/shanabooks.de\/product\/ez-e-yeki-bikujim-firat-ceweri\/","og_locale":"de_DE","og_type":"article","og_title":"Ez \u00ea yek\u00ee bikujim - Firat Cewer\u00ee - www.shanabooks.de","og_description":"Ez \u00ea yek\u00ee bikujim - Firat Cewer\u00ee Ez \u00ea yek\u00ee bikujim di karakter\u00ean s\u00ea kesayetiy\u00ean cih\u00ea de li ser dema n\u00fb t\u00ea rawestandin. Di dema n\u00fb de behsa mirov\u00ean jib\u00eerb...","og_url":"https:\/\/shanabooks.de\/product\/ez-e-yeki-bikujim-firat-ceweri\/","og_site_name":"www.shanabooks.de","article_modified_time":"2025-12-30T23:02:37+00:00","og_image":[{"width":595,"height":900,"url":"https:\/\/shanabooks.de\/wp-content\/uploads\/2024\/03\/ey-e-yeki-bikujim.jpg","type":"image\/jpeg"}],"twitter_card":"summary_large_image","twitter_misc":{"Gesch\u00e4tzte Lesezeit":"2\u00a0Minuten"},"schema":{"@context":"https:\/\/schema.org","@graph":[{"@type":"WebPage","@id":"https:\/\/shanabooks.de\/product\/ez-e-yeki-bikujim-firat-ceweri\/","url":"https:\/\/shanabooks.de\/product\/ez-e-yeki-bikujim-firat-ceweri\/","name":"Ez \u00ea yek\u00ee bikujim - Firat Cewer\u00ee - www.shanabooks.de","isPartOf":{"@id":"https:\/\/shanabooks.de\/#website"},"primaryImageOfPage":{"@id":"https:\/\/shanabooks.de\/product\/ez-e-yeki-bikujim-firat-ceweri\/#primaryimage"},"image":{"@id":"https:\/\/shanabooks.de\/product\/ez-e-yeki-bikujim-firat-ceweri\/#primaryimage"},"thumbnailUrl":"https:\/\/shanabooks.de\/wp-content\/uploads\/2024\/03\/ey-e-yeki-bikujim.jpg","datePublished":"2024-03-03T19:40:03+00:00","dateModified":"2025-12-30T23:02:37+00:00","description":"Ez \u00ea yek\u00ee bikujim - Firat Cewer\u00ee Ez \u00ea yek\u00ee bikujim di karakter\u00ean s\u00ea kesayetiy\u00ean cih\u00ea de li ser dema n\u00fb t\u00ea rawestandin. Di dema n\u00fb de behsa mirov\u00ean jib\u00eerb...","breadcrumb":{"@id":"https:\/\/shanabooks.de\/product\/ez-e-yeki-bikujim-firat-ceweri\/#breadcrumb"},"inLanguage":"de","potentialAction":[{"@type":"ReadAction","target":["https:\/\/shanabooks.de\/product\/ez-e-yeki-bikujim-firat-ceweri\/"]}]},{"@type":"ImageObject","inLanguage":"de","@id":"https:\/\/shanabooks.de\/product\/ez-e-yeki-bikujim-firat-ceweri\/#primaryimage","url":"https:\/\/shanabooks.de\/wp-content\/uploads\/2024\/03\/ey-e-yeki-bikujim.jpg","contentUrl":"https:\/\/shanabooks.de\/wp-content\/uploads\/2024\/03\/ey-e-yeki-bikujim.jpg","width":595,"height":900,"caption":"Ez \u00ea yek\u00ee bikujim - Firat Cewer\u00ee - pirt\u00fbk\u00ean kurd\u00ee -roman"},{"@type":"BreadcrumbList","@id":"https:\/\/shanabooks.de\/product\/ez-e-yeki-bikujim-firat-ceweri\/#breadcrumb","itemListElement":[{"@type":"ListItem","position":1,"name":"\u0627\u0644\u0631\u0626\u064a\u0633\u064a\u0629","item":"https:\/\/shanabooks.de\/de\/"},{"@type":"ListItem","position":2,"name":"\u0627\u0644\u0645\u0646\u062a\u062c\u0627\u062a","item":"https:\/\/shanabooks.de\/shop\/"},{"@type":"ListItem","position":3,"name":"Ez \u00ea yek\u00ee bikujim"}]},{"@type":"WebSite","@id":"https:\/\/shanabooks.de\/#website","url":"https:\/\/shanabooks.de\/","name":"www.shanbooks.de","description":"C\u00eehana Pirt\u00fbk\u00ean Kurd\u00ee \u0645\u0643\u062a\u0628\u0629 \u0634\u0627\u0646\u0627 \u0641\u064a \u0627\u0644\u0645\u0627\u0646\u064a\u0627 \u0648\u0623\u0648\u0631\u0628\u0627","publisher":{"@id":"https:\/\/shanabooks.de\/#organization"},"potentialAction":[{"@type":"SearchAction","target":{"@type":"EntryPoint","urlTemplate":"https:\/\/shanabooks.de\/?s={search_term_string}"},"query-input":{"@type":"PropertyValueSpecification","valueRequired":true,"valueName":"search_term_string"}}],"inLanguage":"de"},{"@type":"Organization","@id":"https:\/\/shanabooks.de\/#organization","name":"www.shanbooks.de","url":"https:\/\/shanabooks.de\/","logo":{"@type":"ImageObject","inLanguage":"de","@id":"https:\/\/shanabooks.de\/#\/schema\/logo\/image\/","url":"https:\/\/shanabooks.de\/wp-content\/uploads\/2024\/03\/SHANABOOKS__2_-removebg-preview.png","contentUrl":"https:\/\/shanabooks.de\/wp-content\/uploads\/2024\/03\/SHANABOOKS__2_-removebg-preview.png","width":700,"height":150,"caption":"www.shanbooks.de"},"image":{"@id":"https:\/\/shanabooks.de\/#\/schema\/logo\/image\/"}}]}},"jetpack_sharing_enabled":true,"_links":{"self":[{"href":"https:\/\/shanabooks.de\/de\/wp-json\/wp\/v2\/product\/12033","targetHints":{"allow":["GET"]}}],"collection":[{"href":"https:\/\/shanabooks.de\/de\/wp-json\/wp\/v2\/product"}],"about":[{"href":"https:\/\/shanabooks.de\/de\/wp-json\/wp\/v2\/types\/product"}],"version-history":[{"count":3,"href":"https:\/\/shanabooks.de\/de\/wp-json\/wp\/v2\/product\/12033\/revisions"}],"predecessor-version":[{"id":22933,"href":"https:\/\/shanabooks.de\/de\/wp-json\/wp\/v2\/product\/12033\/revisions\/22933"}],"wp:featuredmedia":[{"embeddable":true,"href":"https:\/\/shanabooks.de\/de\/wp-json\/wp\/v2\/media\/12105"}],"wp:attachment":[{"href":"https:\/\/shanabooks.de\/de\/wp-json\/wp\/v2\/media?parent=12033"}],"wp:term":[{"taxonomy":"product_brand","embeddable":true,"href":"https:\/\/shanabooks.de\/de\/wp-json\/wp\/v2\/product_brand?post=12033"},{"taxonomy":"product_cat","embeddable":true,"href":"https:\/\/shanabooks.de\/de\/wp-json\/wp\/v2\/product_cat?post=12033"},{"taxonomy":"product_tag","embeddable":true,"href":"https:\/\/shanabooks.de\/de\/wp-json\/wp\/v2\/product_tag?post=12033"}],"curies":[{"name":"wp","href":"https:\/\/api.w.org\/{rel}","templated":true}]}}