{"id":12067,"date":"2024-03-03T19:40:27","date_gmt":"2024-03-03T19:40:27","guid":{"rendered":"https:\/\/shanabooks.de\/?post_type=product&#038;p=12067"},"modified":"2026-01-02T19:01:49","modified_gmt":"2026-01-02T19:01:49","slug":"meryema-sebri-silevani","status":"publish","type":"product","link":"https:\/\/shanabooks.de\/de\/product\/meryema-sebri-silevani\/","title":{"rendered":"Meryema"},"content":{"rendered":"<p dir=\"ltr\"><strong>Meryema &#8211; Sebr\u00ee Sil\u00eavan\u00ee<\/strong><\/p>\n<p dir=\"ltr\">Romana bi nav\u00ea Meryema ya romann\u00fbs\u00ea j\u00eahat\u00ee Sebr\u00ee Sil\u00eavan\u00ee ji aliy\u00ea We\u015fanxaneya L\u00ees\u00ea ve hate we\u015fandin.<br \/>\nSil\u00eavan\u00ee di romana xwe Meryemay\u00ea de gel\u015f \u00fb pirsgir\u00eaka jin\u00ea, ku ji ber nasnava jinb\u00fbn\u00ea ji aliy\u00ea desthilat\u00ea ve hatiye afirandin, bo xwe j\u00ee dike ar\u00ee\u015feyeke heb\u00fbniy\u00ea \u00fb di nava romana xwe re v\u00ea yek\u00ea bi me re n\u00eeqa\u015f dike. \u00db di riya v\u00ea yek\u00ea re j\u00ee desthilata m\u00earane dide ber pirsan.<br \/>\nGel\u015fa jin\u00ea, ku di roja \u00eeroy\u00een de gel\u015feke taybet e \u00fb bi sedema heb\u00fbna mirovahiy\u00ea ve vebest\u00ee ye, li gel civak \u00fb komel\u00ean din \u00ean c\u00eehan\u00ea, h\u00ea j\u00ee ser\u00ee li civaka Kurdan j\u00ee diger\u00eene. Niv\u00eeskar di romana Meryemay\u00ea de dis\u00eepl\u00een\u00ean wek\u00ee ol, felsefe, \u00eedeoloj\u00ee, sosyoloj\u00ee, w\u00eaje \u00fb \u00e7and, her yek\u00ea dike tewqeke roman\u00ea \u00fb me vedixw\u00eene nava n\u00eeqa\u015f\u00ea; bi p\u00eade\u00e7\u00fbna xwendin\u00ea re bi me dihis\u00eene ku ev gel\u015f a me hem\u00fbyan e j\u00ee \u00fb ji me tu kes nikare j\u00ea ta bide; \u00fb dike ku em ji xwe bipirsin \u00fb bib\u00eajin: \u201cGelo ar\u00ee\u015feya jinan \u00e7i r\u00ea \u00fb \u00e7areser\u00ee j\u00ea re div\u00ea?\u201d<br \/>\nMeyrema. Ji romann\u00fbs Sebr\u00ee Sil\u00eavan\u00ee romaneke ku bi mijara xwe ve gir\u00eengiya k\u00ea\u015feyeke civak\u00ee t\u00eene b\u00eera xw\u00eeneran.<\/p>\n","protected":false},"excerpt":{"rendered":"<p dir=\"ltr\" style=\"text-align: center;\"><strong>Pirt\u00fbk: Meryema<br \/>\nNiv\u00eeskar: Sebr\u00ee Sil\u00eavan\u00ee<\/strong><br \/>\n<strong>Cure: Roman<\/strong><\/p>\n","protected":false},"featured_media":12109,"template":"","meta":{"site-sidebar-layout":"default","site-content-layout":"","ast-site-content-layout":"default","site-content-style":"default","site-sidebar-style":"default","ast-global-header-display":"","ast-banner-title-visibility":"","ast-main-header-display":"","ast-hfb-above-header-display":"","ast-hfb-below-header-display":"","ast-hfb-mobile-header-display":"","site-post-title":"","ast-breadcrumbs-content":"","ast-featured-img":"","footer-sml-layout":"","ast-disable-related-posts":"","theme-transparent-header-meta":"default","adv-header-id-meta":"","stick-header-meta":"","header-above-stick-meta":"","header-main-stick-meta":"","header-below-stick-meta":"","astra-migrate-meta-layouts":"set","ast-page-background-enabled":"default","ast-page-background-meta":{"desktop":{"background-color":"","background-image":"","background-repeat":"repeat","background-position":"center center","background-size":"auto","background-attachment":"scroll","background-type":"","background-media":"","overlay-type":"","overlay-color":"","overlay-opacity":"","overlay-gradient":""},"tablet":{"background-color":"","background-image":"","background-repeat":"repeat","background-position":"center center","background-size":"auto","background-attachment":"scroll","background-type":"","background-media":"","overlay-type":"","overlay-color":"","overlay-opacity":"","overlay-gradient":""},"mobile":{"background-color":"","background-image":"","background-repeat":"repeat","background-position":"center center","background-size":"auto","background-attachment":"scroll","background-type":"","background-media":"","overlay-type":"","overlay-color":"","overlay-opacity":"","overlay-gradient":""}},"ast-content-background-meta":{"desktop":{"background-color":"var(--ast-global-color-5)","background-image":"","background-repeat":"repeat","background-position":"center center","background-size":"auto","background-attachment":"scroll","background-type":"","background-media":"","overlay-type":"","overlay-color":"","overlay-opacity":"","overlay-gradient":""},"tablet":{"background-color":"var(--ast-global-color-5)","background-image":"","background-repeat":"repeat","background-position":"center center","background-size":"auto","background-attachment":"scroll","background-type":"","background-media":"","overlay-type":"","overlay-color":"","overlay-opacity":"","overlay-gradient":""},"mobile":{"background-color":"var(--ast-global-color-5)","background-image":"","background-repeat":"repeat","background-position":"center center","background-size":"auto","background-attachment":"scroll","background-type":"","background-media":"","overlay-type":"","overlay-color":"","overlay-opacity":"","overlay-gradient":""}}},"product_brand":[],"product_cat":[182,193],"product_tag":[],"class_list":{"0":"post-12067","1":"product","2":"type-product","3":"status-publish","4":"has-post-thumbnail","6":"product_cat-_","7":"product_cat--_","8":"pa_-roman","9":"pa_-sebri-silevani","10":"pa_-kurmanci","11":"pa_--lis-yayinevi","12":"desktop-align-left","13":"tablet-align-left","14":"mobile-align-left","16":"first","17":"instock","18":"shipping-taxable","19":"purchasable","20":"product-type-simple"},"yoast_head":"<!-- This site is optimized with the Yoast SEO plugin v27.4 - https:\/\/yoast.com\/product\/yoast-seo-wordpress\/ -->\n<title>Meryema - Sebr\u00ee Sil\u00eavan\u00ee - www.shanabooks.de<\/title>\n<meta name=\"description\" content=\"Meryema - Sebr\u00ee Sil\u00eavan\u00ee Romana bi nav\u00ea Meryema ya romann\u00fbs\u00ea j\u00eahat\u00ee Sebr\u00ee Sil\u00eavan\u00ee ji aliy\u00ea We\u015fanxaneya L\u00ees\u00ea ve hate we\u015fandin.Sil\u00eavan\u00ee di romana xwe Mer...\" \/>\n<meta name=\"robots\" content=\"index, follow, max-snippet:-1, max-image-preview:large, max-video-preview:-1\" \/>\n<link rel=\"canonical\" href=\"https:\/\/shanabooks.de\/product\/meryema-sebri-silevani\/\" \/>\n<meta property=\"og:locale\" content=\"de_DE\" \/>\n<meta property=\"og:type\" content=\"article\" \/>\n<meta property=\"og:title\" content=\"Meryema - Sebr\u00ee Sil\u00eavan\u00ee - www.shanabooks.de\" \/>\n<meta property=\"og:description\" content=\"Meryema - Sebr\u00ee Sil\u00eavan\u00ee Romana bi nav\u00ea Meryema ya romann\u00fbs\u00ea j\u00eahat\u00ee Sebr\u00ee Sil\u00eavan\u00ee ji aliy\u00ea We\u015fanxaneya L\u00ees\u00ea ve hate we\u015fandin.Sil\u00eavan\u00ee di romana xwe Mer...\" \/>\n<meta property=\"og:url\" content=\"https:\/\/shanabooks.de\/product\/meryema-sebri-silevani\/\" \/>\n<meta property=\"og:site_name\" content=\"www.shanabooks.de\" \/>\n<meta property=\"article:modified_time\" content=\"2026-01-02T19:01:49+00:00\" \/>\n<meta property=\"og:image\" content=\"https:\/\/shanabooks.de\/wp-content\/uploads\/2024\/03\/Meryema.jpg\" \/>\n\t<meta property=\"og:image:width\" content=\"310\" \/>\n\t<meta property=\"og:image:height\" content=\"472\" \/>\n\t<meta property=\"og:image:type\" content=\"image\/jpeg\" \/>\n<meta name=\"twitter:card\" content=\"summary_large_image\" \/>\n<meta name=\"twitter:label1\" content=\"Gesch\u00e4tzte Lesezeit\" \/>\n\t<meta name=\"twitter:data1\" content=\"2\u00a0Minuten\" \/>\n<script type=\"application\/ld+json\" class=\"yoast-schema-graph\">{\"@context\":\"https:\\\/\\\/schema.org\",\"@graph\":[{\"@type\":\"WebPage\",\"@id\":\"https:\\\/\\\/shanabooks.de\\\/product\\\/meryema-sebri-silevani\\\/\",\"url\":\"https:\\\/\\\/shanabooks.de\\\/product\\\/meryema-sebri-silevani\\\/\",\"name\":\"Meryema - Sebr\u00ee Sil\u00eavan\u00ee - www.shanabooks.de\",\"isPartOf\":{\"@id\":\"https:\\\/\\\/shanabooks.de\\\/#website\"},\"primaryImageOfPage\":{\"@id\":\"https:\\\/\\\/shanabooks.de\\\/product\\\/meryema-sebri-silevani\\\/#primaryimage\"},\"image\":{\"@id\":\"https:\\\/\\\/shanabooks.de\\\/product\\\/meryema-sebri-silevani\\\/#primaryimage\"},\"thumbnailUrl\":\"https:\\\/\\\/shanabooks.de\\\/wp-content\\\/uploads\\\/2024\\\/03\\\/Meryema.jpg\",\"datePublished\":\"2024-03-03T19:40:27+00:00\",\"dateModified\":\"2026-01-02T19:01:49+00:00\",\"description\":\"Meryema - Sebr\u00ee Sil\u00eavan\u00ee Romana bi nav\u00ea Meryema ya romann\u00fbs\u00ea j\u00eahat\u00ee Sebr\u00ee Sil\u00eavan\u00ee ji aliy\u00ea We\u015fanxaneya L\u00ees\u00ea ve hate we\u015fandin.Sil\u00eavan\u00ee di romana xwe Mer...\",\"breadcrumb\":{\"@id\":\"https:\\\/\\\/shanabooks.de\\\/product\\\/meryema-sebri-silevani\\\/#breadcrumb\"},\"inLanguage\":\"de\",\"potentialAction\":[{\"@type\":\"ReadAction\",\"target\":[\"https:\\\/\\\/shanabooks.de\\\/product\\\/meryema-sebri-silevani\\\/\"]}]},{\"@type\":\"ImageObject\",\"inLanguage\":\"de\",\"@id\":\"https:\\\/\\\/shanabooks.de\\\/product\\\/meryema-sebri-silevani\\\/#primaryimage\",\"url\":\"https:\\\/\\\/shanabooks.de\\\/wp-content\\\/uploads\\\/2024\\\/03\\\/Meryema.jpg\",\"contentUrl\":\"https:\\\/\\\/shanabooks.de\\\/wp-content\\\/uploads\\\/2024\\\/03\\\/Meryema.jpg\",\"width\":310,\"height\":472,\"caption\":\"Meryema - Sebr\u00ee Sil\u00eavan\u00ee - pirt\u00fbk\u00ean kurd\u00ee - roman\"},{\"@type\":\"BreadcrumbList\",\"@id\":\"https:\\\/\\\/shanabooks.de\\\/product\\\/meryema-sebri-silevani\\\/#breadcrumb\",\"itemListElement\":[{\"@type\":\"ListItem\",\"position\":1,\"name\":\"\u0627\u0644\u0631\u0626\u064a\u0633\u064a\u0629\",\"item\":\"https:\\\/\\\/shanabooks.de\\\/de\\\/\"},{\"@type\":\"ListItem\",\"position\":2,\"name\":\"\u0627\u0644\u0645\u0646\u062a\u062c\u0627\u062a\",\"item\":\"https:\\\/\\\/shanabooks.de\\\/shop\\\/\"},{\"@type\":\"ListItem\",\"position\":3,\"name\":\"Meryema\"}]},{\"@type\":\"WebSite\",\"@id\":\"https:\\\/\\\/shanabooks.de\\\/#website\",\"url\":\"https:\\\/\\\/shanabooks.de\\\/\",\"name\":\"www.shanbooks.de\",\"description\":\"C\u00eehana Pirt\u00fbk\u00ean Kurd\u00ee \u0645\u0643\u062a\u0628\u0629 \u0634\u0627\u0646\u0627 \u0641\u064a \u0627\u0644\u0645\u0627\u0646\u064a\u0627 \u0648\u0623\u0648\u0631\u0628\u0627\",\"publisher\":{\"@id\":\"https:\\\/\\\/shanabooks.de\\\/#organization\"},\"potentialAction\":[{\"@type\":\"SearchAction\",\"target\":{\"@type\":\"EntryPoint\",\"urlTemplate\":\"https:\\\/\\\/shanabooks.de\\\/?s={search_term_string}\"},\"query-input\":{\"@type\":\"PropertyValueSpecification\",\"valueRequired\":true,\"valueName\":\"search_term_string\"}}],\"inLanguage\":\"de\"},{\"@type\":\"Organization\",\"@id\":\"https:\\\/\\\/shanabooks.de\\\/#organization\",\"name\":\"www.shanbooks.de\",\"url\":\"https:\\\/\\\/shanabooks.de\\\/\",\"logo\":{\"@type\":\"ImageObject\",\"inLanguage\":\"de\",\"@id\":\"https:\\\/\\\/shanabooks.de\\\/#\\\/schema\\\/logo\\\/image\\\/\",\"url\":\"https:\\\/\\\/shanabooks.de\\\/wp-content\\\/uploads\\\/2024\\\/03\\\/SHANABOOKS__2_-removebg-preview.png\",\"contentUrl\":\"https:\\\/\\\/shanabooks.de\\\/wp-content\\\/uploads\\\/2024\\\/03\\\/SHANABOOKS__2_-removebg-preview.png\",\"width\":700,\"height\":150,\"caption\":\"www.shanbooks.de\"},\"image\":{\"@id\":\"https:\\\/\\\/shanabooks.de\\\/#\\\/schema\\\/logo\\\/image\\\/\"}}]}<\/script>\n<!-- \/ Yoast SEO plugin. -->","yoast_head_json":{"title":"Meryema - Sebr\u00ee Sil\u00eavan\u00ee - www.shanabooks.de","description":"Meryema - Sebr\u00ee Sil\u00eavan\u00ee Romana bi nav\u00ea Meryema ya romann\u00fbs\u00ea j\u00eahat\u00ee Sebr\u00ee Sil\u00eavan\u00ee ji aliy\u00ea We\u015fanxaneya L\u00ees\u00ea ve hate we\u015fandin.Sil\u00eavan\u00ee di romana xwe Mer...","robots":{"index":"index","follow":"follow","max-snippet":"max-snippet:-1","max-image-preview":"max-image-preview:large","max-video-preview":"max-video-preview:-1"},"canonical":"https:\/\/shanabooks.de\/product\/meryema-sebri-silevani\/","og_locale":"de_DE","og_type":"article","og_title":"Meryema - Sebr\u00ee Sil\u00eavan\u00ee - www.shanabooks.de","og_description":"Meryema - Sebr\u00ee Sil\u00eavan\u00ee Romana bi nav\u00ea Meryema ya romann\u00fbs\u00ea j\u00eahat\u00ee Sebr\u00ee Sil\u00eavan\u00ee ji aliy\u00ea We\u015fanxaneya L\u00ees\u00ea ve hate we\u015fandin.Sil\u00eavan\u00ee di romana xwe Mer...","og_url":"https:\/\/shanabooks.de\/product\/meryema-sebri-silevani\/","og_site_name":"www.shanabooks.de","article_modified_time":"2026-01-02T19:01:49+00:00","og_image":[{"width":310,"height":472,"url":"https:\/\/shanabooks.de\/wp-content\/uploads\/2024\/03\/Meryema.jpg","type":"image\/jpeg"}],"twitter_card":"summary_large_image","twitter_misc":{"Gesch\u00e4tzte Lesezeit":"2\u00a0Minuten"},"schema":{"@context":"https:\/\/schema.org","@graph":[{"@type":"WebPage","@id":"https:\/\/shanabooks.de\/product\/meryema-sebri-silevani\/","url":"https:\/\/shanabooks.de\/product\/meryema-sebri-silevani\/","name":"Meryema - Sebr\u00ee Sil\u00eavan\u00ee - www.shanabooks.de","isPartOf":{"@id":"https:\/\/shanabooks.de\/#website"},"primaryImageOfPage":{"@id":"https:\/\/shanabooks.de\/product\/meryema-sebri-silevani\/#primaryimage"},"image":{"@id":"https:\/\/shanabooks.de\/product\/meryema-sebri-silevani\/#primaryimage"},"thumbnailUrl":"https:\/\/shanabooks.de\/wp-content\/uploads\/2024\/03\/Meryema.jpg","datePublished":"2024-03-03T19:40:27+00:00","dateModified":"2026-01-02T19:01:49+00:00","description":"Meryema - Sebr\u00ee Sil\u00eavan\u00ee Romana bi nav\u00ea Meryema ya romann\u00fbs\u00ea j\u00eahat\u00ee Sebr\u00ee Sil\u00eavan\u00ee ji aliy\u00ea We\u015fanxaneya L\u00ees\u00ea ve hate we\u015fandin.Sil\u00eavan\u00ee di romana xwe Mer...","breadcrumb":{"@id":"https:\/\/shanabooks.de\/product\/meryema-sebri-silevani\/#breadcrumb"},"inLanguage":"de","potentialAction":[{"@type":"ReadAction","target":["https:\/\/shanabooks.de\/product\/meryema-sebri-silevani\/"]}]},{"@type":"ImageObject","inLanguage":"de","@id":"https:\/\/shanabooks.de\/product\/meryema-sebri-silevani\/#primaryimage","url":"https:\/\/shanabooks.de\/wp-content\/uploads\/2024\/03\/Meryema.jpg","contentUrl":"https:\/\/shanabooks.de\/wp-content\/uploads\/2024\/03\/Meryema.jpg","width":310,"height":472,"caption":"Meryema - Sebr\u00ee Sil\u00eavan\u00ee - pirt\u00fbk\u00ean kurd\u00ee - roman"},{"@type":"BreadcrumbList","@id":"https:\/\/shanabooks.de\/product\/meryema-sebri-silevani\/#breadcrumb","itemListElement":[{"@type":"ListItem","position":1,"name":"\u0627\u0644\u0631\u0626\u064a\u0633\u064a\u0629","item":"https:\/\/shanabooks.de\/de\/"},{"@type":"ListItem","position":2,"name":"\u0627\u0644\u0645\u0646\u062a\u062c\u0627\u062a","item":"https:\/\/shanabooks.de\/shop\/"},{"@type":"ListItem","position":3,"name":"Meryema"}]},{"@type":"WebSite","@id":"https:\/\/shanabooks.de\/#website","url":"https:\/\/shanabooks.de\/","name":"www.shanbooks.de","description":"C\u00eehana Pirt\u00fbk\u00ean Kurd\u00ee \u0645\u0643\u062a\u0628\u0629 \u0634\u0627\u0646\u0627 \u0641\u064a \u0627\u0644\u0645\u0627\u0646\u064a\u0627 \u0648\u0623\u0648\u0631\u0628\u0627","publisher":{"@id":"https:\/\/shanabooks.de\/#organization"},"potentialAction":[{"@type":"SearchAction","target":{"@type":"EntryPoint","urlTemplate":"https:\/\/shanabooks.de\/?s={search_term_string}"},"query-input":{"@type":"PropertyValueSpecification","valueRequired":true,"valueName":"search_term_string"}}],"inLanguage":"de"},{"@type":"Organization","@id":"https:\/\/shanabooks.de\/#organization","name":"www.shanbooks.de","url":"https:\/\/shanabooks.de\/","logo":{"@type":"ImageObject","inLanguage":"de","@id":"https:\/\/shanabooks.de\/#\/schema\/logo\/image\/","url":"https:\/\/shanabooks.de\/wp-content\/uploads\/2024\/03\/SHANABOOKS__2_-removebg-preview.png","contentUrl":"https:\/\/shanabooks.de\/wp-content\/uploads\/2024\/03\/SHANABOOKS__2_-removebg-preview.png","width":700,"height":150,"caption":"www.shanbooks.de"},"image":{"@id":"https:\/\/shanabooks.de\/#\/schema\/logo\/image\/"}}]}},"jetpack_sharing_enabled":true,"_links":{"self":[{"href":"https:\/\/shanabooks.de\/de\/wp-json\/wp\/v2\/product\/12067","targetHints":{"allow":["GET"]}}],"collection":[{"href":"https:\/\/shanabooks.de\/de\/wp-json\/wp\/v2\/product"}],"about":[{"href":"https:\/\/shanabooks.de\/de\/wp-json\/wp\/v2\/types\/product"}],"version-history":[{"count":2,"href":"https:\/\/shanabooks.de\/de\/wp-json\/wp\/v2\/product\/12067\/revisions"}],"predecessor-version":[{"id":22958,"href":"https:\/\/shanabooks.de\/de\/wp-json\/wp\/v2\/product\/12067\/revisions\/22958"}],"wp:featuredmedia":[{"embeddable":true,"href":"https:\/\/shanabooks.de\/de\/wp-json\/wp\/v2\/media\/12109"}],"wp:attachment":[{"href":"https:\/\/shanabooks.de\/de\/wp-json\/wp\/v2\/media?parent=12067"}],"wp:term":[{"taxonomy":"product_brand","embeddable":true,"href":"https:\/\/shanabooks.de\/de\/wp-json\/wp\/v2\/product_brand?post=12067"},{"taxonomy":"product_cat","embeddable":true,"href":"https:\/\/shanabooks.de\/de\/wp-json\/wp\/v2\/product_cat?post=12067"},{"taxonomy":"product_tag","embeddable":true,"href":"https:\/\/shanabooks.de\/de\/wp-json\/wp\/v2\/product_tag?post=12067"}],"curies":[{"name":"wp","href":"https:\/\/api.w.org\/{rel}","templated":true}]}}