{"id":12075,"date":"2024-03-03T19:40:27","date_gmt":"2024-03-03T19:40:27","guid":{"rendered":"https:\/\/shanabooks.de\/?post_type=product&#038;p=12075"},"modified":"2026-01-02T19:04:04","modified_gmt":"2026-01-02T19:04:04","slug":"gulistan-u-sev-hesen-silevani","status":"publish","type":"product","link":"https:\/\/shanabooks.de\/de\/product\/gulistan-u-sev-hesen-silevani\/","title":{"rendered":"\u015eev \u00fb Gulistan"},"content":{"rendered":"<p dir=\"ltr\"><strong>\u015eev \u00fb Gulistan &#8211; Hesen Sil\u00eavan\u00ee\u00a0<\/strong><\/p>\n<p dir=\"ltr\">Di v\u00ea kurteromana bi nav\u00ea \u015eev \u00fb Gulistan de, niv\u00eeskar Hesen Sil\u00eavan\u00ee ji al\u00eeyek\u00ee de \u015ferek\u00ee qir\u00eaj bi hem\u00fb ciwan\u00eeya huner\u00ee \u00fb vegotina lihevhat\u00ee li ber \u00e7avan radixe \u00fb ji al\u00eeyek\u00ee din ve ps\u00eekoloj\u00eeya Kurd\u00ean ku le\u015fker\u00eey\u00ea ji \u2018dijmin\u00ea\u2019 xwe re dikin, bi hevok\u00ean kurt \u00fb watedar \u00fb ew \u00e7end n\u00eaz\u00ee der\u00fbn\u00eeya rasteq\u00een a mirov\u00ea Kurd bi b\u00eera me dixe.<\/p>\n<p dir=\"ltr\">Di roman\u00ea de, Hesen\u00ea ku li p\u00ea\u015fber\u00ee efser\u00ea xwe (serbaz\u00ea le\u015fker\u00ee) bi n\u00eev-Ereb\u00eeyek\u00ea \u2018tekm\u00eel\u00ea\u2019 didiy\u00ea \u00fb dike nake nikare xwe \u00eefade bike, bi d\u00fb re hawara xwe digih\u00eene \u2018tert\u00eeb\u00ea\u2019 xwe Dil\u015fad \u00fb j\u00ea re dib\u00eaje: \u201cDil\u015fad, de were v\u00ee dewar\u00ee t\u00ea bigih\u00eene\u201d ewqas\u00ee di\u015fibe Kurdek\u00ee ku le\u015fker\u00eey\u00ea ji Tirkan an Farisan re dike!<\/p>\n<p dir=\"ltr\">Niv\u00eeskar, bi zan\u00een, v\u00ea bir\u00eena hevbe\u015f dixe tevina roman\u00ea \u00fb bi awayek\u00ee serket\u00ee li gel ku b\u00eera her mirov\u00ea Kurd \u00ea ku le\u015fker\u00ee ji v\u00ee \u00fb w\u00ee re kiriye bikole; hest \u00fb dil\u00een\u00ean reva ji \u2018cehenem\u00ea\u2019 \u00fb \u00e7\u00fbna \u2018behi\u015ft\u00ea\u2019, \u2018behi\u015fta berf\u00een\u2019 yan\u00ee \u00e7\u00eeyay\u00ean Kurdistan\u00ea, \u00e7\u00eeyay\u00ean ku duh j\u00ee \u00fb \u00eero j\u00ee sembola azad\u00eey\u00ea ne, bi h\u00eamin\u00eeyeke siru\u015ft\u00ee \u00fb vegotineke mirov\u00ee li ber \u00e7av\u00ean me radixe.<\/p>\n<p dir=\"ltr\">Berhem her \u00e7end wek\u00ee berhemeke cure-w\u00eajey\u00ee nav\u00ea kurteroman\u00ea l\u00ea hatibe kirin j\u00ee, ji bil\u00ee be\u015f\u00ean di \u00e7\u00eaja helbest\u00ea de, helbesta \u015feveke \u00e7ardehperwaz e. Her perwazek bi her vehesandinek\u00ea re hilmeke bendemay\u00eena g\u00eeyansot\u00eener e.<\/p>\n<p dir=\"ltr\">Em dikarin bib\u00eajin ku ev berhema han der\u00ee \u00fb s\u00eenor\u00ean bi xilq \u00fb as\u00ea y\u00ean li ber w\u00eajeya Kurd\u00ee dir\u00fbx\u00eene, xw\u00eeneran bi berhem\u00ea re ji s\u00eenoran diqeviz\u00eene \u00fb wan digih\u00eene g\u00eeyan\u00ean wan \u00ean jib\u00eerb\u00fby\u00ee.<\/p>\n","protected":false},"excerpt":{"rendered":"<p dir=\"ltr\" style=\"text-align: center;\"><strong>Pirt\u00fbk: Gulistan \u00fb \u015fev<br \/>\nNiv\u00eeskar: Hesen sil\u00eavan\u00ee<br \/>\nCure: Kurteroman\u00a0<\/strong><\/p>\n","protected":false},"featured_media":12140,"template":"","meta":{"site-sidebar-layout":"default","site-content-layout":"","ast-site-content-layout":"default","site-content-style":"default","site-sidebar-style":"default","ast-global-header-display":"","ast-banner-title-visibility":"","ast-main-header-display":"","ast-hfb-above-header-display":"","ast-hfb-below-header-display":"","ast-hfb-mobile-header-display":"","site-post-title":"","ast-breadcrumbs-content":"","ast-featured-img":"","footer-sml-layout":"","ast-disable-related-posts":"","theme-transparent-header-meta":"default","adv-header-id-meta":"","stick-header-meta":"","header-above-stick-meta":"","header-main-stick-meta":"","header-below-stick-meta":"","astra-migrate-meta-layouts":"set","ast-page-background-enabled":"default","ast-page-background-meta":{"desktop":{"background-color":"","background-image":"","background-repeat":"repeat","background-position":"center center","background-size":"auto","background-attachment":"scroll","background-type":"","background-media":"","overlay-type":"","overlay-color":"","overlay-opacity":"","overlay-gradient":""},"tablet":{"background-color":"","background-image":"","background-repeat":"repeat","background-position":"center center","background-size":"auto","background-attachment":"scroll","background-type":"","background-media":"","overlay-type":"","overlay-color":"","overlay-opacity":"","overlay-gradient":""},"mobile":{"background-color":"","background-image":"","background-repeat":"repeat","background-position":"center center","background-size":"auto","background-attachment":"scroll","background-type":"","background-media":"","overlay-type":"","overlay-color":"","overlay-opacity":"","overlay-gradient":""}},"ast-content-background-meta":{"desktop":{"background-color":"var(--ast-global-color-5)","background-image":"","background-repeat":"repeat","background-position":"center center","background-size":"auto","background-attachment":"scroll","background-type":"","background-media":"","overlay-type":"","overlay-color":"","overlay-opacity":"","overlay-gradient":""},"tablet":{"background-color":"var(--ast-global-color-5)","background-image":"","background-repeat":"repeat","background-position":"center center","background-size":"auto","background-attachment":"scroll","background-type":"","background-media":"","overlay-type":"","overlay-color":"","overlay-opacity":"","overlay-gradient":""},"mobile":{"background-color":"var(--ast-global-color-5)","background-image":"","background-repeat":"repeat","background-position":"center center","background-size":"auto","background-attachment":"scroll","background-type":"","background-media":"","overlay-type":"","overlay-color":"","overlay-opacity":"","overlay-gradient":""}}},"product_brand":[],"product_cat":[182,193],"product_tag":[],"class_list":{"0":"post-12075","1":"product","2":"type-product","3":"status-publish","4":"has-post-thumbnail","6":"product_cat-_","7":"product_cat--_","8":"pa_-roman","9":"pa_-hesen-silevani","10":"pa_-kurmanci","11":"pa_--lis-yayinevi","12":"desktop-align-left","13":"tablet-align-left","14":"mobile-align-left","16":"first","17":"instock","18":"shipping-taxable","19":"purchasable","20":"product-type-simple"},"yoast_head":"<!-- This site is optimized with the Yoast SEO plugin v27.4 - https:\/\/yoast.com\/product\/yoast-seo-wordpress\/ -->\n<title>Gulistan \u00fb \u015eev - Hesen Sil\u00eavan\u00ee - www.shanabooks.de<\/title>\n<meta name=\"description\" content=\"Gulistan \u00fb \u015eev - Hesen Sil\u00eavan\u00ee\u00a0Di v\u00ea kurteromana xwe de, niv\u00eeskar Hesen Sil\u00eavan\u00ee ji al\u00eeyek\u00ee de \u015ferek\u00ee qir\u00eaj bi hem\u00fb ciwan\u00eeya huner\u00ee \u00fb vegotina lihevhat\u00ee...\" \/>\n<meta name=\"robots\" content=\"index, follow, max-snippet:-1, max-image-preview:large, max-video-preview:-1\" \/>\n<link rel=\"canonical\" href=\"https:\/\/shanabooks.de\/product\/gulistan-u-sev-hesen-silevani\/\" \/>\n<meta property=\"og:locale\" content=\"de_DE\" \/>\n<meta property=\"og:type\" content=\"article\" \/>\n<meta property=\"og:title\" content=\"Gulistan \u00fb \u015eev - Hesen Sil\u00eavan\u00ee - www.shanabooks.de\" \/>\n<meta property=\"og:description\" content=\"Gulistan \u00fb \u015eev - Hesen Sil\u00eavan\u00ee\u00a0Di v\u00ea kurteromana xwe de, niv\u00eeskar Hesen Sil\u00eavan\u00ee ji al\u00eeyek\u00ee de \u015ferek\u00ee qir\u00eaj bi hem\u00fb ciwan\u00eeya huner\u00ee \u00fb vegotina lihevhat\u00ee...\" \/>\n<meta property=\"og:url\" content=\"https:\/\/shanabooks.de\/product\/gulistan-u-sev-hesen-silevani\/\" \/>\n<meta property=\"og:site_name\" content=\"www.shanabooks.de\" \/>\n<meta property=\"article:modified_time\" content=\"2026-01-02T19:04:04+00:00\" \/>\n<meta property=\"og:image\" content=\"https:\/\/shanabooks.de\/wp-content\/uploads\/2024\/03\/Gulistan-u-sev-lis.png\" \/>\n\t<meta property=\"og:image:width\" content=\"472\" \/>\n\t<meta property=\"og:image:height\" content=\"711\" \/>\n\t<meta property=\"og:image:type\" content=\"image\/png\" \/>\n<meta name=\"twitter:card\" content=\"summary_large_image\" \/>\n<meta name=\"twitter:label1\" content=\"Gesch\u00e4tzte Lesezeit\" \/>\n\t<meta name=\"twitter:data1\" content=\"3\u00a0Minuten\" \/>\n<script type=\"application\/ld+json\" class=\"yoast-schema-graph\">{\"@context\":\"https:\\\/\\\/schema.org\",\"@graph\":[{\"@type\":\"WebPage\",\"@id\":\"https:\\\/\\\/shanabooks.de\\\/product\\\/gulistan-u-sev-hesen-silevani\\\/\",\"url\":\"https:\\\/\\\/shanabooks.de\\\/product\\\/gulistan-u-sev-hesen-silevani\\\/\",\"name\":\"Gulistan \u00fb \u015eev - Hesen Sil\u00eavan\u00ee - www.shanabooks.de\",\"isPartOf\":{\"@id\":\"https:\\\/\\\/shanabooks.de\\\/#website\"},\"primaryImageOfPage\":{\"@id\":\"https:\\\/\\\/shanabooks.de\\\/product\\\/gulistan-u-sev-hesen-silevani\\\/#primaryimage\"},\"image\":{\"@id\":\"https:\\\/\\\/shanabooks.de\\\/product\\\/gulistan-u-sev-hesen-silevani\\\/#primaryimage\"},\"thumbnailUrl\":\"https:\\\/\\\/shanabooks.de\\\/wp-content\\\/uploads\\\/2024\\\/03\\\/Gulistan-u-sev-lis.png\",\"datePublished\":\"2024-03-03T19:40:27+00:00\",\"dateModified\":\"2026-01-02T19:04:04+00:00\",\"description\":\"Gulistan \u00fb \u015eev - Hesen Sil\u00eavan\u00ee\u00a0Di v\u00ea kurteromana xwe de, niv\u00eeskar Hesen Sil\u00eavan\u00ee ji al\u00eeyek\u00ee de \u015ferek\u00ee qir\u00eaj bi hem\u00fb ciwan\u00eeya huner\u00ee \u00fb vegotina lihevhat\u00ee...\",\"breadcrumb\":{\"@id\":\"https:\\\/\\\/shanabooks.de\\\/product\\\/gulistan-u-sev-hesen-silevani\\\/#breadcrumb\"},\"inLanguage\":\"de\",\"potentialAction\":[{\"@type\":\"ReadAction\",\"target\":[\"https:\\\/\\\/shanabooks.de\\\/product\\\/gulistan-u-sev-hesen-silevani\\\/\"]}]},{\"@type\":\"ImageObject\",\"inLanguage\":\"de\",\"@id\":\"https:\\\/\\\/shanabooks.de\\\/product\\\/gulistan-u-sev-hesen-silevani\\\/#primaryimage\",\"url\":\"https:\\\/\\\/shanabooks.de\\\/wp-content\\\/uploads\\\/2024\\\/03\\\/Gulistan-u-sev-lis.png\",\"contentUrl\":\"https:\\\/\\\/shanabooks.de\\\/wp-content\\\/uploads\\\/2024\\\/03\\\/Gulistan-u-sev-lis.png\",\"width\":472,\"height\":711,\"caption\":\"\u015eev \u00fb Gulistan - Hesen sil\u00eavan\u00ee\u00a0- pirt\u00fbk\u00ean kurd\u00ee - roman\"},{\"@type\":\"BreadcrumbList\",\"@id\":\"https:\\\/\\\/shanabooks.de\\\/product\\\/gulistan-u-sev-hesen-silevani\\\/#breadcrumb\",\"itemListElement\":[{\"@type\":\"ListItem\",\"position\":1,\"name\":\"\u0627\u0644\u0631\u0626\u064a\u0633\u064a\u0629\",\"item\":\"https:\\\/\\\/shanabooks.de\\\/de\\\/\"},{\"@type\":\"ListItem\",\"position\":2,\"name\":\"\u0627\u0644\u0645\u0646\u062a\u062c\u0627\u062a\",\"item\":\"https:\\\/\\\/shanabooks.de\\\/shop\\\/\"},{\"@type\":\"ListItem\",\"position\":3,\"name\":\"\u015eev \u00fb Gulistan\"}]},{\"@type\":\"WebSite\",\"@id\":\"https:\\\/\\\/shanabooks.de\\\/#website\",\"url\":\"https:\\\/\\\/shanabooks.de\\\/\",\"name\":\"www.shanbooks.de\",\"description\":\"C\u00eehana Pirt\u00fbk\u00ean Kurd\u00ee \u0645\u0643\u062a\u0628\u0629 \u0634\u0627\u0646\u0627 \u0641\u064a \u0627\u0644\u0645\u0627\u0646\u064a\u0627 \u0648\u0623\u0648\u0631\u0628\u0627\",\"publisher\":{\"@id\":\"https:\\\/\\\/shanabooks.de\\\/#organization\"},\"potentialAction\":[{\"@type\":\"SearchAction\",\"target\":{\"@type\":\"EntryPoint\",\"urlTemplate\":\"https:\\\/\\\/shanabooks.de\\\/?s={search_term_string}\"},\"query-input\":{\"@type\":\"PropertyValueSpecification\",\"valueRequired\":true,\"valueName\":\"search_term_string\"}}],\"inLanguage\":\"de\"},{\"@type\":\"Organization\",\"@id\":\"https:\\\/\\\/shanabooks.de\\\/#organization\",\"name\":\"www.shanbooks.de\",\"url\":\"https:\\\/\\\/shanabooks.de\\\/\",\"logo\":{\"@type\":\"ImageObject\",\"inLanguage\":\"de\",\"@id\":\"https:\\\/\\\/shanabooks.de\\\/#\\\/schema\\\/logo\\\/image\\\/\",\"url\":\"https:\\\/\\\/shanabooks.de\\\/wp-content\\\/uploads\\\/2024\\\/03\\\/SHANABOOKS__2_-removebg-preview.png\",\"contentUrl\":\"https:\\\/\\\/shanabooks.de\\\/wp-content\\\/uploads\\\/2024\\\/03\\\/SHANABOOKS__2_-removebg-preview.png\",\"width\":700,\"height\":150,\"caption\":\"www.shanbooks.de\"},\"image\":{\"@id\":\"https:\\\/\\\/shanabooks.de\\\/#\\\/schema\\\/logo\\\/image\\\/\"}}]}<\/script>\n<!-- \/ Yoast SEO plugin. -->","yoast_head_json":{"title":"Gulistan \u00fb \u015eev - Hesen Sil\u00eavan\u00ee - www.shanabooks.de","description":"Gulistan \u00fb \u015eev - Hesen Sil\u00eavan\u00ee\u00a0Di v\u00ea kurteromana xwe de, niv\u00eeskar Hesen Sil\u00eavan\u00ee ji al\u00eeyek\u00ee de \u015ferek\u00ee qir\u00eaj bi hem\u00fb ciwan\u00eeya huner\u00ee \u00fb vegotina lihevhat\u00ee...","robots":{"index":"index","follow":"follow","max-snippet":"max-snippet:-1","max-image-preview":"max-image-preview:large","max-video-preview":"max-video-preview:-1"},"canonical":"https:\/\/shanabooks.de\/product\/gulistan-u-sev-hesen-silevani\/","og_locale":"de_DE","og_type":"article","og_title":"Gulistan \u00fb \u015eev - Hesen Sil\u00eavan\u00ee - www.shanabooks.de","og_description":"Gulistan \u00fb \u015eev - Hesen Sil\u00eavan\u00ee\u00a0Di v\u00ea kurteromana xwe de, niv\u00eeskar Hesen Sil\u00eavan\u00ee ji al\u00eeyek\u00ee de \u015ferek\u00ee qir\u00eaj bi hem\u00fb ciwan\u00eeya huner\u00ee \u00fb vegotina lihevhat\u00ee...","og_url":"https:\/\/shanabooks.de\/product\/gulistan-u-sev-hesen-silevani\/","og_site_name":"www.shanabooks.de","article_modified_time":"2026-01-02T19:04:04+00:00","og_image":[{"width":472,"height":711,"url":"https:\/\/shanabooks.de\/wp-content\/uploads\/2024\/03\/Gulistan-u-sev-lis.png","type":"image\/png"}],"twitter_card":"summary_large_image","twitter_misc":{"Gesch\u00e4tzte Lesezeit":"3\u00a0Minuten"},"schema":{"@context":"https:\/\/schema.org","@graph":[{"@type":"WebPage","@id":"https:\/\/shanabooks.de\/product\/gulistan-u-sev-hesen-silevani\/","url":"https:\/\/shanabooks.de\/product\/gulistan-u-sev-hesen-silevani\/","name":"Gulistan \u00fb \u015eev - Hesen Sil\u00eavan\u00ee - www.shanabooks.de","isPartOf":{"@id":"https:\/\/shanabooks.de\/#website"},"primaryImageOfPage":{"@id":"https:\/\/shanabooks.de\/product\/gulistan-u-sev-hesen-silevani\/#primaryimage"},"image":{"@id":"https:\/\/shanabooks.de\/product\/gulistan-u-sev-hesen-silevani\/#primaryimage"},"thumbnailUrl":"https:\/\/shanabooks.de\/wp-content\/uploads\/2024\/03\/Gulistan-u-sev-lis.png","datePublished":"2024-03-03T19:40:27+00:00","dateModified":"2026-01-02T19:04:04+00:00","description":"Gulistan \u00fb \u015eev - Hesen Sil\u00eavan\u00ee\u00a0Di v\u00ea kurteromana xwe de, niv\u00eeskar Hesen Sil\u00eavan\u00ee ji al\u00eeyek\u00ee de \u015ferek\u00ee qir\u00eaj bi hem\u00fb ciwan\u00eeya huner\u00ee \u00fb vegotina lihevhat\u00ee...","breadcrumb":{"@id":"https:\/\/shanabooks.de\/product\/gulistan-u-sev-hesen-silevani\/#breadcrumb"},"inLanguage":"de","potentialAction":[{"@type":"ReadAction","target":["https:\/\/shanabooks.de\/product\/gulistan-u-sev-hesen-silevani\/"]}]},{"@type":"ImageObject","inLanguage":"de","@id":"https:\/\/shanabooks.de\/product\/gulistan-u-sev-hesen-silevani\/#primaryimage","url":"https:\/\/shanabooks.de\/wp-content\/uploads\/2024\/03\/Gulistan-u-sev-lis.png","contentUrl":"https:\/\/shanabooks.de\/wp-content\/uploads\/2024\/03\/Gulistan-u-sev-lis.png","width":472,"height":711,"caption":"\u015eev \u00fb Gulistan - Hesen sil\u00eavan\u00ee\u00a0- pirt\u00fbk\u00ean kurd\u00ee - roman"},{"@type":"BreadcrumbList","@id":"https:\/\/shanabooks.de\/product\/gulistan-u-sev-hesen-silevani\/#breadcrumb","itemListElement":[{"@type":"ListItem","position":1,"name":"\u0627\u0644\u0631\u0626\u064a\u0633\u064a\u0629","item":"https:\/\/shanabooks.de\/de\/"},{"@type":"ListItem","position":2,"name":"\u0627\u0644\u0645\u0646\u062a\u062c\u0627\u062a","item":"https:\/\/shanabooks.de\/shop\/"},{"@type":"ListItem","position":3,"name":"\u015eev \u00fb Gulistan"}]},{"@type":"WebSite","@id":"https:\/\/shanabooks.de\/#website","url":"https:\/\/shanabooks.de\/","name":"www.shanbooks.de","description":"C\u00eehana Pirt\u00fbk\u00ean Kurd\u00ee \u0645\u0643\u062a\u0628\u0629 \u0634\u0627\u0646\u0627 \u0641\u064a \u0627\u0644\u0645\u0627\u0646\u064a\u0627 \u0648\u0623\u0648\u0631\u0628\u0627","publisher":{"@id":"https:\/\/shanabooks.de\/#organization"},"potentialAction":[{"@type":"SearchAction","target":{"@type":"EntryPoint","urlTemplate":"https:\/\/shanabooks.de\/?s={search_term_string}"},"query-input":{"@type":"PropertyValueSpecification","valueRequired":true,"valueName":"search_term_string"}}],"inLanguage":"de"},{"@type":"Organization","@id":"https:\/\/shanabooks.de\/#organization","name":"www.shanbooks.de","url":"https:\/\/shanabooks.de\/","logo":{"@type":"ImageObject","inLanguage":"de","@id":"https:\/\/shanabooks.de\/#\/schema\/logo\/image\/","url":"https:\/\/shanabooks.de\/wp-content\/uploads\/2024\/03\/SHANABOOKS__2_-removebg-preview.png","contentUrl":"https:\/\/shanabooks.de\/wp-content\/uploads\/2024\/03\/SHANABOOKS__2_-removebg-preview.png","width":700,"height":150,"caption":"www.shanbooks.de"},"image":{"@id":"https:\/\/shanabooks.de\/#\/schema\/logo\/image\/"}}]}},"jetpack_sharing_enabled":true,"_links":{"self":[{"href":"https:\/\/shanabooks.de\/de\/wp-json\/wp\/v2\/product\/12075","targetHints":{"allow":["GET"]}}],"collection":[{"href":"https:\/\/shanabooks.de\/de\/wp-json\/wp\/v2\/product"}],"about":[{"href":"https:\/\/shanabooks.de\/de\/wp-json\/wp\/v2\/types\/product"}],"version-history":[{"count":3,"href":"https:\/\/shanabooks.de\/de\/wp-json\/wp\/v2\/product\/12075\/revisions"}],"predecessor-version":[{"id":22956,"href":"https:\/\/shanabooks.de\/de\/wp-json\/wp\/v2\/product\/12075\/revisions\/22956"}],"wp:featuredmedia":[{"embeddable":true,"href":"https:\/\/shanabooks.de\/de\/wp-json\/wp\/v2\/media\/12140"}],"wp:attachment":[{"href":"https:\/\/shanabooks.de\/de\/wp-json\/wp\/v2\/media?parent=12075"}],"wp:term":[{"taxonomy":"product_brand","embeddable":true,"href":"https:\/\/shanabooks.de\/de\/wp-json\/wp\/v2\/product_brand?post=12075"},{"taxonomy":"product_cat","embeddable":true,"href":"https:\/\/shanabooks.de\/de\/wp-json\/wp\/v2\/product_cat?post=12075"},{"taxonomy":"product_tag","embeddable":true,"href":"https:\/\/shanabooks.de\/de\/wp-json\/wp\/v2\/product_tag?post=12075"}],"curies":[{"name":"wp","href":"https:\/\/api.w.org\/{rel}","templated":true}]}}