{"id":12076,"date":"2024-03-03T19:40:27","date_gmt":"2024-03-03T19:40:27","guid":{"rendered":"https:\/\/shanabooks.de\/?post_type=product&#038;p=12076"},"modified":"2026-01-01T19:52:01","modified_gmt":"2026-01-01T19:52:01","slug":"pisik-ji-xewnan-dibinin-sahine-bekire-sorekli","status":"publish","type":"product","link":"https:\/\/shanabooks.de\/de\/product\/pisik-ji-xewnan-dibinin-sahine-bekire-sorekli\/","title":{"rendered":"Pis\u00eek J\u00ee Xewnan Dib\u00eenin"},"content":{"rendered":"<p dir=\"ltr\"><strong>Pis\u00eek J\u00ee Xewnan Dib\u00eenin &#8211; \u015eah\u00een\u00ea Bekir\u00ea Sorekl\u00ee<\/strong><\/p>\n<p dir=\"ltr\">Ji bil\u00ee ev\u00ea pirt\u00fbk\u00ea, niv\u00eeskar romana navdar ya bi nav\u00ea &#8222;Veger&#8220; j\u00ee niv\u00ees\u00eeye.<\/p>\n<p dir=\"ltr\">\u015eah\u00een\u00ea Bekir\u00ea Sorekl\u00ee ku bi esl\u00ea xwe ji Kobaniy\u00ea ye, \u00e7avd\u00eariy\u00ean xwe y\u00ean li diyasporay\u00ea, serp\u00eahat\u00ee \u00fb \u00e7\u00eerok\u00ean ku bih\u00eestine di pirt\u00fbka Pis\u00eek j\u00ee Xewnan Dib\u00eenin de li hev kom kirine.<br \/>\nEv berhem, bi naveroka xwe ya reng\u00een \u00fb ziman\u00ea resen di nav \u00e7\u00eerok\u00ean Kurd\u00ee y\u00ean pi\u015ft\u00ee 2000an de xwed\u00ee \u015f\u00fbneke ciyawaz e.<br \/>\nDi Pis\u00eek j\u00ee Xewnan Dib\u00eenin\u00ea de Kurmanciyeke zelal, xasma j\u00ee devoka Berfer\u00eat li benda xw\u00eener\u00ean Kurd e. \u015eah\u00een\u00ea Bekir\u00ea Sorekl\u00ee, bi tecrubeya salan, \u00e7\u00eerok\u00ean xwe bi hostet\u00ee h\u00fbnandine. Nemaze j\u00ee hin be\u015f\u00ean berhem\u00ea ku b\u00eajer\/vegotiner tev li mijar\u00ea b\u00fbye, tahmeke cuda, \u015f\u00eaweyeke ciwan bi xwendevanan dide naskirin. Bi taybet\u00ee di demeke ku gelek n\u00fbser\u00ean Kurd bi nexwe\u015fiya Tirkmanciey\u00ea ketine de, Pis\u00eek j\u00ee Xewnan Dib\u00eenin deriy\u00ea aramiyeke edeb\u00ee ye.<\/p>\n","protected":false},"excerpt":{"rendered":"<p dir=\"ltr\" style=\"text-align: center\"><strong>Pirt\u00fbk: Pis\u00eek j\u00ee xewnan dib\u00eenin<br \/>\nNiv\u00eeskar<\/strong><strong>: \u015eah\u00een\u00ea Bekir\u00ea Sorekl\u00ee<br \/>\nCure: \u00c7\u00eerok<\/strong><\/p>\n","protected":false},"featured_media":12142,"template":"","meta":{"site-sidebar-layout":"default","site-content-layout":"","ast-site-content-layout":"default","site-content-style":"default","site-sidebar-style":"default","ast-global-header-display":"","ast-banner-title-visibility":"","ast-main-header-display":"","ast-hfb-above-header-display":"","ast-hfb-below-header-display":"","ast-hfb-mobile-header-display":"","site-post-title":"","ast-breadcrumbs-content":"","ast-featured-img":"","footer-sml-layout":"","ast-disable-related-posts":"","theme-transparent-header-meta":"default","adv-header-id-meta":"","stick-header-meta":"","header-above-stick-meta":"","header-main-stick-meta":"","header-below-stick-meta":"","astra-migrate-meta-layouts":"set","ast-page-background-enabled":"default","ast-page-background-meta":{"desktop":{"background-color":"","background-image":"","background-repeat":"repeat","background-position":"center center","background-size":"auto","background-attachment":"scroll","background-type":"","background-media":"","overlay-type":"","overlay-color":"","overlay-opacity":"","overlay-gradient":""},"tablet":{"background-color":"","background-image":"","background-repeat":"repeat","background-position":"center center","background-size":"auto","background-attachment":"scroll","background-type":"","background-media":"","overlay-type":"","overlay-color":"","overlay-opacity":"","overlay-gradient":""},"mobile":{"background-color":"","background-image":"","background-repeat":"repeat","background-position":"center center","background-size":"auto","background-attachment":"scroll","background-type":"","background-media":"","overlay-type":"","overlay-color":"","overlay-opacity":"","overlay-gradient":""}},"ast-content-background-meta":{"desktop":{"background-color":"var(--ast-global-color-5)","background-image":"","background-repeat":"repeat","background-position":"center center","background-size":"auto","background-attachment":"scroll","background-type":"","background-media":"","overlay-type":"","overlay-color":"","overlay-opacity":"","overlay-gradient":""},"tablet":{"background-color":"var(--ast-global-color-5)","background-image":"","background-repeat":"repeat","background-position":"center center","background-size":"auto","background-attachment":"scroll","background-type":"","background-media":"","overlay-type":"","overlay-color":"","overlay-opacity":"","overlay-gradient":""},"mobile":{"background-color":"var(--ast-global-color-5)","background-image":"","background-repeat":"repeat","background-position":"center center","background-size":"auto","background-attachment":"scroll","background-type":"","background-media":"","overlay-type":"","overlay-color":"","overlay-opacity":"","overlay-gradient":""}}},"product_brand":[],"product_cat":[183,193],"product_tag":[],"class_list":{"0":"post-12076","1":"product","2":"type-product","3":"status-publish","4":"has-post-thumbnail","6":"product_cat-_","7":"product_cat--_","8":"pa_-cirok","9":"pa_-sahin-bekir-sorekli","10":"pa_-kurmanci","11":"pa_--lis-yayinevi","12":"desktop-align-left","13":"tablet-align-left","14":"mobile-align-left","16":"first","17":"instock","18":"shipping-taxable","19":"purchasable","20":"product-type-simple"},"yoast_head":"<!-- This site is optimized with the Yoast SEO plugin v27.4 - https:\/\/yoast.com\/product\/yoast-seo-wordpress\/ -->\n<title>Pis\u00eek J\u00ee Xewnan Dib\u00eenin - \u015eah\u00een\u00ea Bekir\u00ea Sorekl\u00ee - www.shanabooks.de<\/title>\n<meta name=\"description\" content=\"Pis\u00eek J\u00ee Xewnan Dib\u00eenin - \u015eah\u00een\u00ea Bekir\u00ea Sorekl\u00ee Pirt\u00fbk bi nav\u00ea &quot;Pis\u00eek J\u00ee Xewnan Dib\u00eenin&quot;, ya ku ji h\u00eala niv\u00eeskar &quot;\u015eah\u00een\u00ea Bekir\u00ea Sorekl\u00ee&quot; hat\u00ee niv\u00eesandin....\" \/>\n<meta name=\"robots\" content=\"index, follow, max-snippet:-1, max-image-preview:large, max-video-preview:-1\" \/>\n<link rel=\"canonical\" href=\"https:\/\/shanabooks.de\/product\/pisik-ji-xewnan-dibinin-sahine-bekire-sorekli\/\" \/>\n<meta property=\"og:locale\" content=\"de_DE\" \/>\n<meta property=\"og:type\" content=\"article\" \/>\n<meta property=\"og:title\" content=\"Pis\u00eek J\u00ee Xewnan Dib\u00eenin - \u015eah\u00een\u00ea Bekir\u00ea Sorekl\u00ee - www.shanabooks.de\" \/>\n<meta property=\"og:description\" content=\"Pis\u00eek J\u00ee Xewnan Dib\u00eenin - \u015eah\u00een\u00ea Bekir\u00ea Sorekl\u00ee Pirt\u00fbk bi nav\u00ea &quot;Pis\u00eek J\u00ee Xewnan Dib\u00eenin&quot;, ya ku ji h\u00eala niv\u00eeskar &quot;\u015eah\u00een\u00ea Bekir\u00ea Sorekl\u00ee&quot; hat\u00ee niv\u00eesandin....\" \/>\n<meta property=\"og:url\" content=\"https:\/\/shanabooks.de\/product\/pisik-ji-xewnan-dibinin-sahine-bekire-sorekli\/\" \/>\n<meta property=\"og:site_name\" content=\"www.shanabooks.de\" \/>\n<meta property=\"article:modified_time\" content=\"2026-01-01T19:52:01+00:00\" \/>\n<meta property=\"og:image\" content=\"https:\/\/shanabooks.de\/wp-content\/uploads\/2024\/03\/pisik-ji-xewnan-dibinin.jpg\" \/>\n\t<meta property=\"og:image:width\" content=\"490\" \/>\n\t<meta property=\"og:image:height\" content=\"737\" \/>\n\t<meta property=\"og:image:type\" content=\"image\/jpeg\" \/>\n<meta name=\"twitter:card\" content=\"summary_large_image\" \/>\n<meta name=\"twitter:label1\" content=\"Gesch\u00e4tzte Lesezeit\" \/>\n\t<meta name=\"twitter:data1\" content=\"2\u00a0Minuten\" \/>\n<script type=\"application\/ld+json\" class=\"yoast-schema-graph\">{\"@context\":\"https:\\\/\\\/schema.org\",\"@graph\":[{\"@type\":\"WebPage\",\"@id\":\"https:\\\/\\\/shanabooks.de\\\/product\\\/pisik-ji-xewnan-dibinin-sahine-bekire-sorekli\\\/\",\"url\":\"https:\\\/\\\/shanabooks.de\\\/product\\\/pisik-ji-xewnan-dibinin-sahine-bekire-sorekli\\\/\",\"name\":\"Pis\u00eek J\u00ee Xewnan Dib\u00eenin - \u015eah\u00een\u00ea Bekir\u00ea Sorekl\u00ee - www.shanabooks.de\",\"isPartOf\":{\"@id\":\"https:\\\/\\\/shanabooks.de\\\/#website\"},\"primaryImageOfPage\":{\"@id\":\"https:\\\/\\\/shanabooks.de\\\/product\\\/pisik-ji-xewnan-dibinin-sahine-bekire-sorekli\\\/#primaryimage\"},\"image\":{\"@id\":\"https:\\\/\\\/shanabooks.de\\\/product\\\/pisik-ji-xewnan-dibinin-sahine-bekire-sorekli\\\/#primaryimage\"},\"thumbnailUrl\":\"https:\\\/\\\/shanabooks.de\\\/wp-content\\\/uploads\\\/2024\\\/03\\\/pisik-ji-xewnan-dibinin.jpg\",\"datePublished\":\"2024-03-03T19:40:27+00:00\",\"dateModified\":\"2026-01-01T19:52:01+00:00\",\"description\":\"Pis\u00eek J\u00ee Xewnan Dib\u00eenin - \u015eah\u00een\u00ea Bekir\u00ea Sorekl\u00ee Pirt\u00fbk bi nav\u00ea \\\"Pis\u00eek J\u00ee Xewnan Dib\u00eenin\\\", ya ku ji h\u00eala niv\u00eeskar \\\"\u015eah\u00een\u00ea Bekir\u00ea Sorekl\u00ee\\\" hat\u00ee niv\u00eesandin....\",\"breadcrumb\":{\"@id\":\"https:\\\/\\\/shanabooks.de\\\/product\\\/pisik-ji-xewnan-dibinin-sahine-bekire-sorekli\\\/#breadcrumb\"},\"inLanguage\":\"de\",\"potentialAction\":[{\"@type\":\"ReadAction\",\"target\":[\"https:\\\/\\\/shanabooks.de\\\/product\\\/pisik-ji-xewnan-dibinin-sahine-bekire-sorekli\\\/\"]}]},{\"@type\":\"ImageObject\",\"inLanguage\":\"de\",\"@id\":\"https:\\\/\\\/shanabooks.de\\\/product\\\/pisik-ji-xewnan-dibinin-sahine-bekire-sorekli\\\/#primaryimage\",\"url\":\"https:\\\/\\\/shanabooks.de\\\/wp-content\\\/uploads\\\/2024\\\/03\\\/pisik-ji-xewnan-dibinin.jpg\",\"contentUrl\":\"https:\\\/\\\/shanabooks.de\\\/wp-content\\\/uploads\\\/2024\\\/03\\\/pisik-ji-xewnan-dibinin.jpg\",\"width\":490,\"height\":737,\"caption\":\"Pis\u00eek J\u00ee Xewnan Dib\u00eenin - \u015eah\u00een\u00ea Bekir\u00ea Sorekl\u00ee - pirt\u00fbk\u00ean kurd\u00ee - roman\"},{\"@type\":\"BreadcrumbList\",\"@id\":\"https:\\\/\\\/shanabooks.de\\\/product\\\/pisik-ji-xewnan-dibinin-sahine-bekire-sorekli\\\/#breadcrumb\",\"itemListElement\":[{\"@type\":\"ListItem\",\"position\":1,\"name\":\"\u0627\u0644\u0631\u0626\u064a\u0633\u064a\u0629\",\"item\":\"https:\\\/\\\/shanabooks.de\\\/de\\\/\"},{\"@type\":\"ListItem\",\"position\":2,\"name\":\"\u0627\u0644\u0645\u0646\u062a\u062c\u0627\u062a\",\"item\":\"https:\\\/\\\/shanabooks.de\\\/shop\\\/\"},{\"@type\":\"ListItem\",\"position\":3,\"name\":\"Pis\u00eek J\u00ee Xewnan Dib\u00eenin\"}]},{\"@type\":\"WebSite\",\"@id\":\"https:\\\/\\\/shanabooks.de\\\/#website\",\"url\":\"https:\\\/\\\/shanabooks.de\\\/\",\"name\":\"www.shanbooks.de\",\"description\":\"C\u00eehana Pirt\u00fbk\u00ean Kurd\u00ee \u0645\u0643\u062a\u0628\u0629 \u0634\u0627\u0646\u0627 \u0641\u064a \u0627\u0644\u0645\u0627\u0646\u064a\u0627 \u0648\u0623\u0648\u0631\u0628\u0627\",\"publisher\":{\"@id\":\"https:\\\/\\\/shanabooks.de\\\/#organization\"},\"potentialAction\":[{\"@type\":\"SearchAction\",\"target\":{\"@type\":\"EntryPoint\",\"urlTemplate\":\"https:\\\/\\\/shanabooks.de\\\/?s={search_term_string}\"},\"query-input\":{\"@type\":\"PropertyValueSpecification\",\"valueRequired\":true,\"valueName\":\"search_term_string\"}}],\"inLanguage\":\"de\"},{\"@type\":\"Organization\",\"@id\":\"https:\\\/\\\/shanabooks.de\\\/#organization\",\"name\":\"www.shanbooks.de\",\"url\":\"https:\\\/\\\/shanabooks.de\\\/\",\"logo\":{\"@type\":\"ImageObject\",\"inLanguage\":\"de\",\"@id\":\"https:\\\/\\\/shanabooks.de\\\/#\\\/schema\\\/logo\\\/image\\\/\",\"url\":\"https:\\\/\\\/shanabooks.de\\\/wp-content\\\/uploads\\\/2024\\\/03\\\/SHANABOOKS__2_-removebg-preview.png\",\"contentUrl\":\"https:\\\/\\\/shanabooks.de\\\/wp-content\\\/uploads\\\/2024\\\/03\\\/SHANABOOKS__2_-removebg-preview.png\",\"width\":700,\"height\":150,\"caption\":\"www.shanbooks.de\"},\"image\":{\"@id\":\"https:\\\/\\\/shanabooks.de\\\/#\\\/schema\\\/logo\\\/image\\\/\"}}]}<\/script>\n<!-- \/ Yoast SEO plugin. -->","yoast_head_json":{"title":"Pis\u00eek J\u00ee Xewnan Dib\u00eenin - \u015eah\u00een\u00ea Bekir\u00ea Sorekl\u00ee - www.shanabooks.de","description":"Pis\u00eek J\u00ee Xewnan Dib\u00eenin - \u015eah\u00een\u00ea Bekir\u00ea Sorekl\u00ee Pirt\u00fbk bi nav\u00ea \"Pis\u00eek J\u00ee Xewnan Dib\u00eenin\", ya ku ji h\u00eala niv\u00eeskar \"\u015eah\u00een\u00ea Bekir\u00ea Sorekl\u00ee\" hat\u00ee niv\u00eesandin....","robots":{"index":"index","follow":"follow","max-snippet":"max-snippet:-1","max-image-preview":"max-image-preview:large","max-video-preview":"max-video-preview:-1"},"canonical":"https:\/\/shanabooks.de\/product\/pisik-ji-xewnan-dibinin-sahine-bekire-sorekli\/","og_locale":"de_DE","og_type":"article","og_title":"Pis\u00eek J\u00ee Xewnan Dib\u00eenin - \u015eah\u00een\u00ea Bekir\u00ea Sorekl\u00ee - www.shanabooks.de","og_description":"Pis\u00eek J\u00ee Xewnan Dib\u00eenin - \u015eah\u00een\u00ea Bekir\u00ea Sorekl\u00ee Pirt\u00fbk bi nav\u00ea \"Pis\u00eek J\u00ee Xewnan Dib\u00eenin\", ya ku ji h\u00eala niv\u00eeskar \"\u015eah\u00een\u00ea Bekir\u00ea Sorekl\u00ee\" hat\u00ee niv\u00eesandin....","og_url":"https:\/\/shanabooks.de\/product\/pisik-ji-xewnan-dibinin-sahine-bekire-sorekli\/","og_site_name":"www.shanabooks.de","article_modified_time":"2026-01-01T19:52:01+00:00","og_image":[{"width":490,"height":737,"url":"https:\/\/shanabooks.de\/wp-content\/uploads\/2024\/03\/pisik-ji-xewnan-dibinin.jpg","type":"image\/jpeg"}],"twitter_card":"summary_large_image","twitter_misc":{"Gesch\u00e4tzte Lesezeit":"2\u00a0Minuten"},"schema":{"@context":"https:\/\/schema.org","@graph":[{"@type":"WebPage","@id":"https:\/\/shanabooks.de\/product\/pisik-ji-xewnan-dibinin-sahine-bekire-sorekli\/","url":"https:\/\/shanabooks.de\/product\/pisik-ji-xewnan-dibinin-sahine-bekire-sorekli\/","name":"Pis\u00eek J\u00ee Xewnan Dib\u00eenin - \u015eah\u00een\u00ea Bekir\u00ea Sorekl\u00ee - www.shanabooks.de","isPartOf":{"@id":"https:\/\/shanabooks.de\/#website"},"primaryImageOfPage":{"@id":"https:\/\/shanabooks.de\/product\/pisik-ji-xewnan-dibinin-sahine-bekire-sorekli\/#primaryimage"},"image":{"@id":"https:\/\/shanabooks.de\/product\/pisik-ji-xewnan-dibinin-sahine-bekire-sorekli\/#primaryimage"},"thumbnailUrl":"https:\/\/shanabooks.de\/wp-content\/uploads\/2024\/03\/pisik-ji-xewnan-dibinin.jpg","datePublished":"2024-03-03T19:40:27+00:00","dateModified":"2026-01-01T19:52:01+00:00","description":"Pis\u00eek J\u00ee Xewnan Dib\u00eenin - \u015eah\u00een\u00ea Bekir\u00ea Sorekl\u00ee Pirt\u00fbk bi nav\u00ea \"Pis\u00eek J\u00ee Xewnan Dib\u00eenin\", ya ku ji h\u00eala niv\u00eeskar \"\u015eah\u00een\u00ea Bekir\u00ea Sorekl\u00ee\" hat\u00ee niv\u00eesandin....","breadcrumb":{"@id":"https:\/\/shanabooks.de\/product\/pisik-ji-xewnan-dibinin-sahine-bekire-sorekli\/#breadcrumb"},"inLanguage":"de","potentialAction":[{"@type":"ReadAction","target":["https:\/\/shanabooks.de\/product\/pisik-ji-xewnan-dibinin-sahine-bekire-sorekli\/"]}]},{"@type":"ImageObject","inLanguage":"de","@id":"https:\/\/shanabooks.de\/product\/pisik-ji-xewnan-dibinin-sahine-bekire-sorekli\/#primaryimage","url":"https:\/\/shanabooks.de\/wp-content\/uploads\/2024\/03\/pisik-ji-xewnan-dibinin.jpg","contentUrl":"https:\/\/shanabooks.de\/wp-content\/uploads\/2024\/03\/pisik-ji-xewnan-dibinin.jpg","width":490,"height":737,"caption":"Pis\u00eek J\u00ee Xewnan Dib\u00eenin - \u015eah\u00een\u00ea Bekir\u00ea Sorekl\u00ee - pirt\u00fbk\u00ean kurd\u00ee - roman"},{"@type":"BreadcrumbList","@id":"https:\/\/shanabooks.de\/product\/pisik-ji-xewnan-dibinin-sahine-bekire-sorekli\/#breadcrumb","itemListElement":[{"@type":"ListItem","position":1,"name":"\u0627\u0644\u0631\u0626\u064a\u0633\u064a\u0629","item":"https:\/\/shanabooks.de\/de\/"},{"@type":"ListItem","position":2,"name":"\u0627\u0644\u0645\u0646\u062a\u062c\u0627\u062a","item":"https:\/\/shanabooks.de\/shop\/"},{"@type":"ListItem","position":3,"name":"Pis\u00eek J\u00ee Xewnan Dib\u00eenin"}]},{"@type":"WebSite","@id":"https:\/\/shanabooks.de\/#website","url":"https:\/\/shanabooks.de\/","name":"www.shanbooks.de","description":"C\u00eehana Pirt\u00fbk\u00ean Kurd\u00ee \u0645\u0643\u062a\u0628\u0629 \u0634\u0627\u0646\u0627 \u0641\u064a \u0627\u0644\u0645\u0627\u0646\u064a\u0627 \u0648\u0623\u0648\u0631\u0628\u0627","publisher":{"@id":"https:\/\/shanabooks.de\/#organization"},"potentialAction":[{"@type":"SearchAction","target":{"@type":"EntryPoint","urlTemplate":"https:\/\/shanabooks.de\/?s={search_term_string}"},"query-input":{"@type":"PropertyValueSpecification","valueRequired":true,"valueName":"search_term_string"}}],"inLanguage":"de"},{"@type":"Organization","@id":"https:\/\/shanabooks.de\/#organization","name":"www.shanbooks.de","url":"https:\/\/shanabooks.de\/","logo":{"@type":"ImageObject","inLanguage":"de","@id":"https:\/\/shanabooks.de\/#\/schema\/logo\/image\/","url":"https:\/\/shanabooks.de\/wp-content\/uploads\/2024\/03\/SHANABOOKS__2_-removebg-preview.png","contentUrl":"https:\/\/shanabooks.de\/wp-content\/uploads\/2024\/03\/SHANABOOKS__2_-removebg-preview.png","width":700,"height":150,"caption":"www.shanbooks.de"},"image":{"@id":"https:\/\/shanabooks.de\/#\/schema\/logo\/image\/"}}]}},"jetpack_sharing_enabled":true,"_links":{"self":[{"href":"https:\/\/shanabooks.de\/de\/wp-json\/wp\/v2\/product\/12076","targetHints":{"allow":["GET"]}}],"collection":[{"href":"https:\/\/shanabooks.de\/de\/wp-json\/wp\/v2\/product"}],"about":[{"href":"https:\/\/shanabooks.de\/de\/wp-json\/wp\/v2\/types\/product"}],"version-history":[{"count":3,"href":"https:\/\/shanabooks.de\/de\/wp-json\/wp\/v2\/product\/12076\/revisions"}],"predecessor-version":[{"id":22847,"href":"https:\/\/shanabooks.de\/de\/wp-json\/wp\/v2\/product\/12076\/revisions\/22847"}],"wp:featuredmedia":[{"embeddable":true,"href":"https:\/\/shanabooks.de\/de\/wp-json\/wp\/v2\/media\/12142"}],"wp:attachment":[{"href":"https:\/\/shanabooks.de\/de\/wp-json\/wp\/v2\/media?parent=12076"}],"wp:term":[{"taxonomy":"product_brand","embeddable":true,"href":"https:\/\/shanabooks.de\/de\/wp-json\/wp\/v2\/product_brand?post=12076"},{"taxonomy":"product_cat","embeddable":true,"href":"https:\/\/shanabooks.de\/de\/wp-json\/wp\/v2\/product_cat?post=12076"},{"taxonomy":"product_tag","embeddable":true,"href":"https:\/\/shanabooks.de\/de\/wp-json\/wp\/v2\/product_tag?post=12076"}],"curies":[{"name":"wp","href":"https:\/\/api.w.org\/{rel}","templated":true}]}}