{"id":12077,"date":"2024-03-03T19:40:27","date_gmt":"2024-03-03T19:40:27","guid":{"rendered":"https:\/\/shanabooks.de\/?post_type=product&#038;p=12077"},"modified":"2026-01-02T19:21:31","modified_gmt":"2026-01-02T19:21:31","slug":"nexsen-li-giyan-dilawer-zeraq","status":"publish","type":"product","link":"https:\/\/shanabooks.de\/de\/product\/nexsen-li-giyan-dilawer-zeraq\/","title":{"rendered":"Nex\u015f\u00ean Li Giyan"},"content":{"rendered":"<p dir=\"ltr\"><strong>Nex\u015f\u00ean Li Giyan &#8211; Dilawer Zeraq<\/strong><\/p>\n<p dir=\"ltr\">Dilawer Zeraq, bi romana Nex\u015f\u00ean Li Giyan, s\u00eayem\u00een xeleka S\u00eay\u00eeneya Winda temam dike. Zeraq, di romana yekem a s\u00eay\u00eeney\u00ea de (\u015eev\u00ean Winda W\u00eaney\u00ean Me\u00e7h\u00fbl), em bi \u00ea\u015fa ku di can \u00fb dil\u00ea hevser\u00ean windayan de \u00e7\u00eab\u00fbye, di romana duyem a s\u00eay\u00eeney\u00ea de (Mirina B\u00eas\u00ee), em bi \u00ea\u015fa ku di can \u00fb dil\u00ea hezkiriy\u00ean windayan de \u00e7\u00eab\u00fbye, dab\u00fbn hisandin. Di romana Nex\u015f\u00ean Li Giyan de j\u00ee, me bi \u00ea\u015f \u00fb jana ku di dil \u00fb can \u00fb giyan\u00ea dayik\u00ean windayan de \u00e7\u00eab\u00fbye, dide hisandin. \u00db bi tev\u00ee van j\u00ee, bi biw\u00eadekirina hey\u00eeniya ku bes bi fiz\u00eek\u00ee \u00fb la\u015f\u00ee t\u00ea qeb\u00fblkirin, bala me dibe ser giyan\u00ean ku \u201cheb\u00fbniyeke d\u00eetir ava kirine\u201d \u00fb nex\u015f\u00ean xwe li ser xak\u00ea \u00e7\u00eakirine. \u00db em pi\u015ft\u00ee xwendina v\u00ea roman\u00ea, careke d\u00ee t\u00eagih\u00ean sedem \u00fb away\u00ean \u201cheb\u00fbn\u201d \u00fb \u201ctuneb\u00fbn\u201d \u00fb \u201cwindab\u00fbn\u00ea\u201d didin ber pirsyaran.<\/p>\n","protected":false},"excerpt":{"rendered":"<p dir=\"ltr\" style=\"text-align: center\"><strong>Pirt\u00fbk: Nex\u015f\u00ean Li Giyan<br \/>\nNiv\u00eeskar: Dilawer Zeraq<\/strong><br \/>\n<strong>Cure: Roman<\/strong><\/p>\n","protected":false},"featured_media":12144,"template":"","meta":{"site-sidebar-layout":"default","site-content-layout":"","ast-site-content-layout":"default","site-content-style":"default","site-sidebar-style":"default","ast-global-header-display":"","ast-banner-title-visibility":"","ast-main-header-display":"","ast-hfb-above-header-display":"","ast-hfb-below-header-display":"","ast-hfb-mobile-header-display":"","site-post-title":"","ast-breadcrumbs-content":"","ast-featured-img":"","footer-sml-layout":"","ast-disable-related-posts":"","theme-transparent-header-meta":"default","adv-header-id-meta":"","stick-header-meta":"","header-above-stick-meta":"","header-main-stick-meta":"","header-below-stick-meta":"","astra-migrate-meta-layouts":"set","ast-page-background-enabled":"default","ast-page-background-meta":{"desktop":{"background-color":"","background-image":"","background-repeat":"repeat","background-position":"center center","background-size":"auto","background-attachment":"scroll","background-type":"","background-media":"","overlay-type":"","overlay-color":"","overlay-opacity":"","overlay-gradient":""},"tablet":{"background-color":"","background-image":"","background-repeat":"repeat","background-position":"center center","background-size":"auto","background-attachment":"scroll","background-type":"","background-media":"","overlay-type":"","overlay-color":"","overlay-opacity":"","overlay-gradient":""},"mobile":{"background-color":"","background-image":"","background-repeat":"repeat","background-position":"center center","background-size":"auto","background-attachment":"scroll","background-type":"","background-media":"","overlay-type":"","overlay-color":"","overlay-opacity":"","overlay-gradient":""}},"ast-content-background-meta":{"desktop":{"background-color":"var(--ast-global-color-5)","background-image":"","background-repeat":"repeat","background-position":"center center","background-size":"auto","background-attachment":"scroll","background-type":"","background-media":"","overlay-type":"","overlay-color":"","overlay-opacity":"","overlay-gradient":""},"tablet":{"background-color":"var(--ast-global-color-5)","background-image":"","background-repeat":"repeat","background-position":"center center","background-size":"auto","background-attachment":"scroll","background-type":"","background-media":"","overlay-type":"","overlay-color":"","overlay-opacity":"","overlay-gradient":""},"mobile":{"background-color":"var(--ast-global-color-5)","background-image":"","background-repeat":"repeat","background-position":"center center","background-size":"auto","background-attachment":"scroll","background-type":"","background-media":"","overlay-type":"","overlay-color":"","overlay-opacity":"","overlay-gradient":""}}},"product_brand":[],"product_cat":[182,193],"product_tag":[],"class_list":{"0":"post-12077","1":"product","2":"type-product","3":"status-publish","4":"has-post-thumbnail","6":"product_cat-_","7":"product_cat--_","8":"pa_-roman","9":"pa_-dilawer-zeraq","10":"pa_-kurmanci","11":"pa_--lis-yayinevi","12":"desktop-align-left","13":"tablet-align-left","14":"mobile-align-left","16":"first","17":"outofstock","18":"shipping-taxable","19":"purchasable","20":"product-type-simple"},"yoast_head":"<!-- This site is optimized with the Yoast SEO plugin v27.4 - https:\/\/yoast.com\/product\/yoast-seo-wordpress\/ -->\n<title>Nex\u015f\u00ean Li Giyan - Dilawer Zeraq - www.shanabooks.de<\/title>\n<meta name=\"description\" content=\"Nex\u015f\u00ean Li Giyan - Dilawer Zeraq Dilawer Zeraq, bi romana Nex\u015f\u00ean Li Giyan, s\u00eayem\u00een xeleka S\u00eay\u00eeneya Winda temam dike. Zeraq, di romana yekem a s\u00eay\u00eeney\u00ea de...\" \/>\n<meta name=\"robots\" content=\"index, follow, max-snippet:-1, max-image-preview:large, max-video-preview:-1\" \/>\n<link rel=\"canonical\" href=\"https:\/\/shanabooks.de\/product\/nexsen-li-giyan-dilawer-zeraq\/\" \/>\n<meta property=\"og:locale\" content=\"de_DE\" \/>\n<meta property=\"og:type\" content=\"article\" \/>\n<meta property=\"og:title\" content=\"Nex\u015f\u00ean Li Giyan - Dilawer Zeraq - www.shanabooks.de\" \/>\n<meta property=\"og:description\" content=\"Nex\u015f\u00ean Li Giyan - Dilawer Zeraq Dilawer Zeraq, bi romana Nex\u015f\u00ean Li Giyan, s\u00eayem\u00een xeleka S\u00eay\u00eeneya Winda temam dike. Zeraq, di romana yekem a s\u00eay\u00eeney\u00ea de...\" \/>\n<meta property=\"og:url\" content=\"https:\/\/shanabooks.de\/product\/nexsen-li-giyan-dilawer-zeraq\/\" \/>\n<meta property=\"og:site_name\" content=\"www.shanabooks.de\" \/>\n<meta property=\"article:modified_time\" content=\"2026-01-02T19:21:31+00:00\" \/>\n<meta property=\"og:image\" content=\"https:\/\/shanabooks.de\/wp-content\/uploads\/2024\/03\/Dilawer-Zeraq-nexsen-li-giyan.jpg\" \/>\n\t<meta property=\"og:image:width\" content=\"400\" \/>\n\t<meta property=\"og:image:height\" content=\"604\" \/>\n\t<meta property=\"og:image:type\" content=\"image\/jpeg\" \/>\n<meta name=\"twitter:card\" content=\"summary_large_image\" \/>\n<meta name=\"twitter:label1\" content=\"Gesch\u00e4tzte Lesezeit\" \/>\n\t<meta name=\"twitter:data1\" content=\"2\u00a0Minuten\" \/>\n<script type=\"application\/ld+json\" class=\"yoast-schema-graph\">{\"@context\":\"https:\\\/\\\/schema.org\",\"@graph\":[{\"@type\":\"WebPage\",\"@id\":\"https:\\\/\\\/shanabooks.de\\\/product\\\/nexsen-li-giyan-dilawer-zeraq\\\/\",\"url\":\"https:\\\/\\\/shanabooks.de\\\/product\\\/nexsen-li-giyan-dilawer-zeraq\\\/\",\"name\":\"Nex\u015f\u00ean Li Giyan - Dilawer Zeraq - www.shanabooks.de\",\"isPartOf\":{\"@id\":\"https:\\\/\\\/shanabooks.de\\\/#website\"},\"primaryImageOfPage\":{\"@id\":\"https:\\\/\\\/shanabooks.de\\\/product\\\/nexsen-li-giyan-dilawer-zeraq\\\/#primaryimage\"},\"image\":{\"@id\":\"https:\\\/\\\/shanabooks.de\\\/product\\\/nexsen-li-giyan-dilawer-zeraq\\\/#primaryimage\"},\"thumbnailUrl\":\"https:\\\/\\\/shanabooks.de\\\/wp-content\\\/uploads\\\/2024\\\/03\\\/Dilawer-Zeraq-nexsen-li-giyan.jpg\",\"datePublished\":\"2024-03-03T19:40:27+00:00\",\"dateModified\":\"2026-01-02T19:21:31+00:00\",\"description\":\"Nex\u015f\u00ean Li Giyan - Dilawer Zeraq Dilawer Zeraq, bi romana Nex\u015f\u00ean Li Giyan, s\u00eayem\u00een xeleka S\u00eay\u00eeneya Winda temam dike. Zeraq, di romana yekem a s\u00eay\u00eeney\u00ea de...\",\"breadcrumb\":{\"@id\":\"https:\\\/\\\/shanabooks.de\\\/product\\\/nexsen-li-giyan-dilawer-zeraq\\\/#breadcrumb\"},\"inLanguage\":\"de\",\"potentialAction\":[{\"@type\":\"ReadAction\",\"target\":[\"https:\\\/\\\/shanabooks.de\\\/product\\\/nexsen-li-giyan-dilawer-zeraq\\\/\"]}]},{\"@type\":\"ImageObject\",\"inLanguage\":\"de\",\"@id\":\"https:\\\/\\\/shanabooks.de\\\/product\\\/nexsen-li-giyan-dilawer-zeraq\\\/#primaryimage\",\"url\":\"https:\\\/\\\/shanabooks.de\\\/wp-content\\\/uploads\\\/2024\\\/03\\\/Dilawer-Zeraq-nexsen-li-giyan.jpg\",\"contentUrl\":\"https:\\\/\\\/shanabooks.de\\\/wp-content\\\/uploads\\\/2024\\\/03\\\/Dilawer-Zeraq-nexsen-li-giyan.jpg\",\"width\":400,\"height\":604,\"caption\":\"Nex\u015f\u00ean Li Giyan - Dilawer Zeraq - pirt\u00fbk\u00ean kurd\u00ee - roman\"},{\"@type\":\"BreadcrumbList\",\"@id\":\"https:\\\/\\\/shanabooks.de\\\/product\\\/nexsen-li-giyan-dilawer-zeraq\\\/#breadcrumb\",\"itemListElement\":[{\"@type\":\"ListItem\",\"position\":1,\"name\":\"\u0627\u0644\u0631\u0626\u064a\u0633\u064a\u0629\",\"item\":\"https:\\\/\\\/shanabooks.de\\\/de\\\/\"},{\"@type\":\"ListItem\",\"position\":2,\"name\":\"\u0627\u0644\u0645\u0646\u062a\u062c\u0627\u062a\",\"item\":\"https:\\\/\\\/shanabooks.de\\\/shop\\\/\"},{\"@type\":\"ListItem\",\"position\":3,\"name\":\"Nex\u015f\u00ean Li Giyan\"}]},{\"@type\":\"WebSite\",\"@id\":\"https:\\\/\\\/shanabooks.de\\\/#website\",\"url\":\"https:\\\/\\\/shanabooks.de\\\/\",\"name\":\"www.shanbooks.de\",\"description\":\"C\u00eehana Pirt\u00fbk\u00ean Kurd\u00ee \u0645\u0643\u062a\u0628\u0629 \u0634\u0627\u0646\u0627 \u0641\u064a \u0627\u0644\u0645\u0627\u0646\u064a\u0627 \u0648\u0623\u0648\u0631\u0628\u0627\",\"publisher\":{\"@id\":\"https:\\\/\\\/shanabooks.de\\\/#organization\"},\"potentialAction\":[{\"@type\":\"SearchAction\",\"target\":{\"@type\":\"EntryPoint\",\"urlTemplate\":\"https:\\\/\\\/shanabooks.de\\\/?s={search_term_string}\"},\"query-input\":{\"@type\":\"PropertyValueSpecification\",\"valueRequired\":true,\"valueName\":\"search_term_string\"}}],\"inLanguage\":\"de\"},{\"@type\":\"Organization\",\"@id\":\"https:\\\/\\\/shanabooks.de\\\/#organization\",\"name\":\"www.shanbooks.de\",\"url\":\"https:\\\/\\\/shanabooks.de\\\/\",\"logo\":{\"@type\":\"ImageObject\",\"inLanguage\":\"de\",\"@id\":\"https:\\\/\\\/shanabooks.de\\\/#\\\/schema\\\/logo\\\/image\\\/\",\"url\":\"https:\\\/\\\/shanabooks.de\\\/wp-content\\\/uploads\\\/2024\\\/03\\\/SHANABOOKS__2_-removebg-preview.png\",\"contentUrl\":\"https:\\\/\\\/shanabooks.de\\\/wp-content\\\/uploads\\\/2024\\\/03\\\/SHANABOOKS__2_-removebg-preview.png\",\"width\":700,\"height\":150,\"caption\":\"www.shanbooks.de\"},\"image\":{\"@id\":\"https:\\\/\\\/shanabooks.de\\\/#\\\/schema\\\/logo\\\/image\\\/\"}}]}<\/script>\n<!-- \/ Yoast SEO plugin. -->","yoast_head_json":{"title":"Nex\u015f\u00ean Li Giyan - Dilawer Zeraq - www.shanabooks.de","description":"Nex\u015f\u00ean Li Giyan - Dilawer Zeraq Dilawer Zeraq, bi romana Nex\u015f\u00ean Li Giyan, s\u00eayem\u00een xeleka S\u00eay\u00eeneya Winda temam dike. Zeraq, di romana yekem a s\u00eay\u00eeney\u00ea de...","robots":{"index":"index","follow":"follow","max-snippet":"max-snippet:-1","max-image-preview":"max-image-preview:large","max-video-preview":"max-video-preview:-1"},"canonical":"https:\/\/shanabooks.de\/product\/nexsen-li-giyan-dilawer-zeraq\/","og_locale":"de_DE","og_type":"article","og_title":"Nex\u015f\u00ean Li Giyan - Dilawer Zeraq - www.shanabooks.de","og_description":"Nex\u015f\u00ean Li Giyan - Dilawer Zeraq Dilawer Zeraq, bi romana Nex\u015f\u00ean Li Giyan, s\u00eayem\u00een xeleka S\u00eay\u00eeneya Winda temam dike. Zeraq, di romana yekem a s\u00eay\u00eeney\u00ea de...","og_url":"https:\/\/shanabooks.de\/product\/nexsen-li-giyan-dilawer-zeraq\/","og_site_name":"www.shanabooks.de","article_modified_time":"2026-01-02T19:21:31+00:00","og_image":[{"width":400,"height":604,"url":"https:\/\/shanabooks.de\/wp-content\/uploads\/2024\/03\/Dilawer-Zeraq-nexsen-li-giyan.jpg","type":"image\/jpeg"}],"twitter_card":"summary_large_image","twitter_misc":{"Gesch\u00e4tzte Lesezeit":"2\u00a0Minuten"},"schema":{"@context":"https:\/\/schema.org","@graph":[{"@type":"WebPage","@id":"https:\/\/shanabooks.de\/product\/nexsen-li-giyan-dilawer-zeraq\/","url":"https:\/\/shanabooks.de\/product\/nexsen-li-giyan-dilawer-zeraq\/","name":"Nex\u015f\u00ean Li Giyan - Dilawer Zeraq - www.shanabooks.de","isPartOf":{"@id":"https:\/\/shanabooks.de\/#website"},"primaryImageOfPage":{"@id":"https:\/\/shanabooks.de\/product\/nexsen-li-giyan-dilawer-zeraq\/#primaryimage"},"image":{"@id":"https:\/\/shanabooks.de\/product\/nexsen-li-giyan-dilawer-zeraq\/#primaryimage"},"thumbnailUrl":"https:\/\/shanabooks.de\/wp-content\/uploads\/2024\/03\/Dilawer-Zeraq-nexsen-li-giyan.jpg","datePublished":"2024-03-03T19:40:27+00:00","dateModified":"2026-01-02T19:21:31+00:00","description":"Nex\u015f\u00ean Li Giyan - Dilawer Zeraq Dilawer Zeraq, bi romana Nex\u015f\u00ean Li Giyan, s\u00eayem\u00een xeleka S\u00eay\u00eeneya Winda temam dike. Zeraq, di romana yekem a s\u00eay\u00eeney\u00ea de...","breadcrumb":{"@id":"https:\/\/shanabooks.de\/product\/nexsen-li-giyan-dilawer-zeraq\/#breadcrumb"},"inLanguage":"de","potentialAction":[{"@type":"ReadAction","target":["https:\/\/shanabooks.de\/product\/nexsen-li-giyan-dilawer-zeraq\/"]}]},{"@type":"ImageObject","inLanguage":"de","@id":"https:\/\/shanabooks.de\/product\/nexsen-li-giyan-dilawer-zeraq\/#primaryimage","url":"https:\/\/shanabooks.de\/wp-content\/uploads\/2024\/03\/Dilawer-Zeraq-nexsen-li-giyan.jpg","contentUrl":"https:\/\/shanabooks.de\/wp-content\/uploads\/2024\/03\/Dilawer-Zeraq-nexsen-li-giyan.jpg","width":400,"height":604,"caption":"Nex\u015f\u00ean Li Giyan - Dilawer Zeraq - pirt\u00fbk\u00ean kurd\u00ee - roman"},{"@type":"BreadcrumbList","@id":"https:\/\/shanabooks.de\/product\/nexsen-li-giyan-dilawer-zeraq\/#breadcrumb","itemListElement":[{"@type":"ListItem","position":1,"name":"\u0627\u0644\u0631\u0626\u064a\u0633\u064a\u0629","item":"https:\/\/shanabooks.de\/de\/"},{"@type":"ListItem","position":2,"name":"\u0627\u0644\u0645\u0646\u062a\u062c\u0627\u062a","item":"https:\/\/shanabooks.de\/shop\/"},{"@type":"ListItem","position":3,"name":"Nex\u015f\u00ean Li Giyan"}]},{"@type":"WebSite","@id":"https:\/\/shanabooks.de\/#website","url":"https:\/\/shanabooks.de\/","name":"www.shanbooks.de","description":"C\u00eehana Pirt\u00fbk\u00ean Kurd\u00ee \u0645\u0643\u062a\u0628\u0629 \u0634\u0627\u0646\u0627 \u0641\u064a \u0627\u0644\u0645\u0627\u0646\u064a\u0627 \u0648\u0623\u0648\u0631\u0628\u0627","publisher":{"@id":"https:\/\/shanabooks.de\/#organization"},"potentialAction":[{"@type":"SearchAction","target":{"@type":"EntryPoint","urlTemplate":"https:\/\/shanabooks.de\/?s={search_term_string}"},"query-input":{"@type":"PropertyValueSpecification","valueRequired":true,"valueName":"search_term_string"}}],"inLanguage":"de"},{"@type":"Organization","@id":"https:\/\/shanabooks.de\/#organization","name":"www.shanbooks.de","url":"https:\/\/shanabooks.de\/","logo":{"@type":"ImageObject","inLanguage":"de","@id":"https:\/\/shanabooks.de\/#\/schema\/logo\/image\/","url":"https:\/\/shanabooks.de\/wp-content\/uploads\/2024\/03\/SHANABOOKS__2_-removebg-preview.png","contentUrl":"https:\/\/shanabooks.de\/wp-content\/uploads\/2024\/03\/SHANABOOKS__2_-removebg-preview.png","width":700,"height":150,"caption":"www.shanbooks.de"},"image":{"@id":"https:\/\/shanabooks.de\/#\/schema\/logo\/image\/"}}]}},"jetpack_sharing_enabled":true,"_links":{"self":[{"href":"https:\/\/shanabooks.de\/de\/wp-json\/wp\/v2\/product\/12077","targetHints":{"allow":["GET"]}}],"collection":[{"href":"https:\/\/shanabooks.de\/de\/wp-json\/wp\/v2\/product"}],"about":[{"href":"https:\/\/shanabooks.de\/de\/wp-json\/wp\/v2\/types\/product"}],"version-history":[{"count":2,"href":"https:\/\/shanabooks.de\/de\/wp-json\/wp\/v2\/product\/12077\/revisions"}],"predecessor-version":[{"id":22844,"href":"https:\/\/shanabooks.de\/de\/wp-json\/wp\/v2\/product\/12077\/revisions\/22844"}],"wp:featuredmedia":[{"embeddable":true,"href":"https:\/\/shanabooks.de\/de\/wp-json\/wp\/v2\/media\/12144"}],"wp:attachment":[{"href":"https:\/\/shanabooks.de\/de\/wp-json\/wp\/v2\/media?parent=12077"}],"wp:term":[{"taxonomy":"product_brand","embeddable":true,"href":"https:\/\/shanabooks.de\/de\/wp-json\/wp\/v2\/product_brand?post=12077"},{"taxonomy":"product_cat","embeddable":true,"href":"https:\/\/shanabooks.de\/de\/wp-json\/wp\/v2\/product_cat?post=12077"},{"taxonomy":"product_tag","embeddable":true,"href":"https:\/\/shanabooks.de\/de\/wp-json\/wp\/v2\/product_tag?post=12077"}],"curies":[{"name":"wp","href":"https:\/\/api.w.org\/{rel}","templated":true}]}}