{"id":12080,"date":"2024-03-03T19:40:28","date_gmt":"2024-03-03T19:40:28","guid":{"rendered":"https:\/\/shanabooks.de\/?post_type=product&#038;p=12080"},"modified":"2026-01-02T19:05:03","modified_gmt":"2026-01-02T19:05:03","slug":"hotel-europe-ferhad-pirbal","status":"publish","type":"product","link":"https:\/\/shanabooks.de\/de\/product\/hotel-europe-ferhad-pirbal\/","title":{"rendered":"Hot\u00eal Europe"},"content":{"rendered":"<p dir=\"ltr\"><strong>Hot\u00eal Europe &#8211; Ferhad P\u00eerbal<\/strong><\/p>\n<p dir=\"ltr\">Mihemed\u00ea Hac\u00eezade, meleyek\u00ee kevn \u00ee \u00eeran\u00ee ku ji aliy\u00ea rej\u00eema meleyan a Tehran\u00ea ve hatiye xel\u2019\u00eel\u00eebaskirin \u00fb li Par\u00ees\u00ea penaber e, eger peyda bibe bi qa\u00e7ax\u00ee kar dike, b\u00ea nasname ye, nikare here ciyek\u00ee\u2026<br \/>\nFerhad, veb\u00eajer\u00ea roman\u00ea, ressamek\u00ee kurd li Par\u00ees \/ Montmartre portreyan \u00e7\u00eadike. Bi \u015fev li hot\u00ealek\u00ea kar dike: H\u00f4tel Europe.<br \/>\nMonsieur Luciana, cih\u00fbyek\u00ee bi esl\u00ea xwe portek\u00eez\u00ee, li Par\u00ees, Oxford \u00fb Tel Av\u00eev xwediy\u00ea milk\u00ean mezin, doktora xwe li ser \u015fa\u00eerek\u00ee \u00eeran\u00ee kiriye, xewna w\u00ee ya mezin serdana Esfehan\u00ea ye.<br \/>\nSaq\u00ee Gul\u00e7\u00een, li San Francisco xwediya galeriyeke navdar, fem\u00een\u00eesteke ehl\u00ee keyf\u2026<\/p>\n<p dir=\"ltr\">Hot\u00eal Europe ya Ferhad P\u00eerbal\u00a0laboratuwareke Rojhilat \u00fb Rojava ye, do \u00fb \u00eero, em \u00fb \u00ean din, ni\u015ftec\u00ee \u00fb biyan\u00ee, rast\u00ee \u00fb \u00e7ewt\u00ee raser\u00ee hev in.<br \/>\n\u00db wek di roman\u00ea de t\u00ea gotin b\u00fbyereke pi\u00e7\u00fbk:<br \/>\n\u201cHertim tekane b\u00fbyereke pi\u00e7\u00fbk heye \u00e7areniv\u00eesa me destn\u00ee\u015fan dike. Lewma em, hem\u00fb, hergav ji xwe re dib\u00eajin: \u2018Eger ew b\u00fbyera ji r\u00eaz\u00ea neqewim\u00eeba, ew hem\u00fb b\u00fbyer\u00ean din qet nedihatin ser\u00ean me.\u2019<br \/>\nTu kes n\u00eene rojek\u00ea ji rojan, ev gotin ji xwe re negotibe!<br \/>\nHer b\u00fbyerek riyek e bo gihi\u015ftina bi b\u00fbyereke din.\u201d<br \/>\nB\u00fbyer li pey hev diqewimin, r\u00fb tev li hev dibin, nav tev li hev dibin, rojava \u00fb rojhilat, d\u00fbrb\u00fbna wan xewneke, n\u00eaz\u00eekb\u00fbna wan du xewn in\u2026 paradoks\u00ean ku di daw\u00ee de \u00fb bi hev re tevneke hevd\u00fbgirt\u00ee p\u00eak t\u00eenin, \u00fb gotina yekal\u00eeker ji dev\u00ea Saq\u00ee Gul\u00e7\u00een\u00ea t\u00ea der\u2026<\/p>\n<p dir=\"ltr\">\n","protected":false},"excerpt":{"rendered":"<p dir=\"ltr\" style=\"text-align: center;\"><strong>Pirt\u00fbk: Hot\u00eal Europe<br \/>\nNiv\u00eeskar: Ferhad P\u00eerbal<\/strong><br \/>\n<strong>Cure: Roman<\/strong><\/p>\n","protected":false},"featured_media":12161,"template":"","meta":{"site-sidebar-layout":"default","site-content-layout":"","ast-site-content-layout":"default","site-content-style":"default","site-sidebar-style":"default","ast-global-header-display":"","ast-banner-title-visibility":"","ast-main-header-display":"","ast-hfb-above-header-display":"","ast-hfb-below-header-display":"","ast-hfb-mobile-header-display":"","site-post-title":"","ast-breadcrumbs-content":"","ast-featured-img":"","footer-sml-layout":"","ast-disable-related-posts":"","theme-transparent-header-meta":"default","adv-header-id-meta":"","stick-header-meta":"","header-above-stick-meta":"","header-main-stick-meta":"","header-below-stick-meta":"","astra-migrate-meta-layouts":"set","ast-page-background-enabled":"default","ast-page-background-meta":{"desktop":{"background-color":"","background-image":"","background-repeat":"repeat","background-position":"center center","background-size":"auto","background-attachment":"scroll","background-type":"","background-media":"","overlay-type":"","overlay-color":"","overlay-opacity":"","overlay-gradient":""},"tablet":{"background-color":"","background-image":"","background-repeat":"repeat","background-position":"center center","background-size":"auto","background-attachment":"scroll","background-type":"","background-media":"","overlay-type":"","overlay-color":"","overlay-opacity":"","overlay-gradient":""},"mobile":{"background-color":"","background-image":"","background-repeat":"repeat","background-position":"center center","background-size":"auto","background-attachment":"scroll","background-type":"","background-media":"","overlay-type":"","overlay-color":"","overlay-opacity":"","overlay-gradient":""}},"ast-content-background-meta":{"desktop":{"background-color":"var(--ast-global-color-5)","background-image":"","background-repeat":"repeat","background-position":"center center","background-size":"auto","background-attachment":"scroll","background-type":"","background-media":"","overlay-type":"","overlay-color":"","overlay-opacity":"","overlay-gradient":""},"tablet":{"background-color":"var(--ast-global-color-5)","background-image":"","background-repeat":"repeat","background-position":"center center","background-size":"auto","background-attachment":"scroll","background-type":"","background-media":"","overlay-type":"","overlay-color":"","overlay-opacity":"","overlay-gradient":""},"mobile":{"background-color":"var(--ast-global-color-5)","background-image":"","background-repeat":"repeat","background-position":"center center","background-size":"auto","background-attachment":"scroll","background-type":"","background-media":"","overlay-type":"","overlay-color":"","overlay-opacity":"","overlay-gradient":""}}},"product_brand":[],"product_cat":[182,193],"product_tag":[],"class_list":{"0":"post-12080","1":"product","2":"type-product","3":"status-publish","4":"has-post-thumbnail","6":"product_cat-_","7":"product_cat--_","8":"pa_-roman","9":"pa_-ferhad-pirbal","10":"pa_-kurmanci","11":"pa_--avesta-yayinlari","12":"desktop-align-left","13":"tablet-align-left","14":"mobile-align-left","16":"first","17":"outofstock","18":"shipping-taxable","19":"purchasable","20":"product-type-simple"},"yoast_head":"<!-- This site is optimized with the Yoast SEO plugin v27.4 - https:\/\/yoast.com\/product\/yoast-seo-wordpress\/ -->\n<title>Hot\u00eal Europe - Ferhad P\u00eerbal - www.shanabooks.de<\/title>\n<meta name=\"description\" content=\"Hot\u00eal Europe - Ferhad P\u00eerbal Mihemed\u00ea Hac\u00eezade, meleyek\u00ee kevn \u00ee \u00eeran\u00ee ku ji aliy\u00ea rej\u00eema meleyan a Tehran\u00ea ve hatiye xel\u2019\u00eel\u00eebaskirin \u00fb li Par\u00ees\u00ea penaber ...\" \/>\n<meta name=\"robots\" content=\"index, follow, max-snippet:-1, max-image-preview:large, max-video-preview:-1\" \/>\n<link rel=\"canonical\" href=\"https:\/\/shanabooks.de\/product\/hotel-europe-ferhad-pirbal\/\" \/>\n<meta property=\"og:locale\" content=\"de_DE\" \/>\n<meta property=\"og:type\" content=\"article\" \/>\n<meta property=\"og:title\" content=\"Hot\u00eal Europe - Ferhad P\u00eerbal - www.shanabooks.de\" \/>\n<meta property=\"og:description\" content=\"Hot\u00eal Europe - Ferhad P\u00eerbal Mihemed\u00ea Hac\u00eezade, meleyek\u00ee kevn \u00ee \u00eeran\u00ee ku ji aliy\u00ea rej\u00eema meleyan a Tehran\u00ea ve hatiye xel\u2019\u00eel\u00eebaskirin \u00fb li Par\u00ees\u00ea penaber ...\" \/>\n<meta property=\"og:url\" content=\"https:\/\/shanabooks.de\/product\/hotel-europe-ferhad-pirbal\/\" \/>\n<meta property=\"og:site_name\" content=\"www.shanabooks.de\" \/>\n<meta property=\"article:modified_time\" content=\"2026-01-02T19:05:03+00:00\" \/>\n<meta property=\"og:image\" content=\"https:\/\/shanabooks.de\/wp-content\/uploads\/2024\/03\/Hotel-europe.jpg\" \/>\n\t<meta property=\"og:image:width\" content=\"603\" \/>\n\t<meta property=\"og:image:height\" content=\"900\" \/>\n\t<meta property=\"og:image:type\" content=\"image\/jpeg\" \/>\n<meta name=\"twitter:card\" content=\"summary_large_image\" \/>\n<meta name=\"twitter:label1\" content=\"Gesch\u00e4tzte Lesezeit\" \/>\n\t<meta name=\"twitter:data1\" content=\"2\u00a0Minuten\" \/>\n<script type=\"application\/ld+json\" class=\"yoast-schema-graph\">{\"@context\":\"https:\\\/\\\/schema.org\",\"@graph\":[{\"@type\":\"WebPage\",\"@id\":\"https:\\\/\\\/shanabooks.de\\\/product\\\/hotel-europe-ferhad-pirbal\\\/\",\"url\":\"https:\\\/\\\/shanabooks.de\\\/product\\\/hotel-europe-ferhad-pirbal\\\/\",\"name\":\"Hot\u00eal Europe - Ferhad P\u00eerbal - www.shanabooks.de\",\"isPartOf\":{\"@id\":\"https:\\\/\\\/shanabooks.de\\\/#website\"},\"primaryImageOfPage\":{\"@id\":\"https:\\\/\\\/shanabooks.de\\\/product\\\/hotel-europe-ferhad-pirbal\\\/#primaryimage\"},\"image\":{\"@id\":\"https:\\\/\\\/shanabooks.de\\\/product\\\/hotel-europe-ferhad-pirbal\\\/#primaryimage\"},\"thumbnailUrl\":\"https:\\\/\\\/shanabooks.de\\\/wp-content\\\/uploads\\\/2024\\\/03\\\/Hotel-europe.jpg\",\"datePublished\":\"2024-03-03T19:40:28+00:00\",\"dateModified\":\"2026-01-02T19:05:03+00:00\",\"description\":\"Hot\u00eal Europe - Ferhad P\u00eerbal Mihemed\u00ea Hac\u00eezade, meleyek\u00ee kevn \u00ee \u00eeran\u00ee ku ji aliy\u00ea rej\u00eema meleyan a Tehran\u00ea ve hatiye xel\u2019\u00eel\u00eebaskirin \u00fb li Par\u00ees\u00ea penaber ...\",\"breadcrumb\":{\"@id\":\"https:\\\/\\\/shanabooks.de\\\/product\\\/hotel-europe-ferhad-pirbal\\\/#breadcrumb\"},\"inLanguage\":\"de\",\"potentialAction\":[{\"@type\":\"ReadAction\",\"target\":[\"https:\\\/\\\/shanabooks.de\\\/product\\\/hotel-europe-ferhad-pirbal\\\/\"]}]},{\"@type\":\"ImageObject\",\"inLanguage\":\"de\",\"@id\":\"https:\\\/\\\/shanabooks.de\\\/product\\\/hotel-europe-ferhad-pirbal\\\/#primaryimage\",\"url\":\"https:\\\/\\\/shanabooks.de\\\/wp-content\\\/uploads\\\/2024\\\/03\\\/Hotel-europe.jpg\",\"contentUrl\":\"https:\\\/\\\/shanabooks.de\\\/wp-content\\\/uploads\\\/2024\\\/03\\\/Hotel-europe.jpg\",\"width\":603,\"height\":900,\"caption\":\"Hot\u00eal Europe - Ferhad P\u00eerbal - pirt\u00fbk\u00ean kurd\u00ee - roman\"},{\"@type\":\"BreadcrumbList\",\"@id\":\"https:\\\/\\\/shanabooks.de\\\/product\\\/hotel-europe-ferhad-pirbal\\\/#breadcrumb\",\"itemListElement\":[{\"@type\":\"ListItem\",\"position\":1,\"name\":\"\u0627\u0644\u0631\u0626\u064a\u0633\u064a\u0629\",\"item\":\"https:\\\/\\\/shanabooks.de\\\/de\\\/\"},{\"@type\":\"ListItem\",\"position\":2,\"name\":\"\u0627\u0644\u0645\u0646\u062a\u062c\u0627\u062a\",\"item\":\"https:\\\/\\\/shanabooks.de\\\/shop\\\/\"},{\"@type\":\"ListItem\",\"position\":3,\"name\":\"Hot\u00eal Europe\"}]},{\"@type\":\"WebSite\",\"@id\":\"https:\\\/\\\/shanabooks.de\\\/#website\",\"url\":\"https:\\\/\\\/shanabooks.de\\\/\",\"name\":\"www.shanbooks.de\",\"description\":\"C\u00eehana Pirt\u00fbk\u00ean Kurd\u00ee \u0645\u0643\u062a\u0628\u0629 \u0634\u0627\u0646\u0627 \u0641\u064a \u0627\u0644\u0645\u0627\u0646\u064a\u0627 \u0648\u0623\u0648\u0631\u0628\u0627\",\"publisher\":{\"@id\":\"https:\\\/\\\/shanabooks.de\\\/#organization\"},\"potentialAction\":[{\"@type\":\"SearchAction\",\"target\":{\"@type\":\"EntryPoint\",\"urlTemplate\":\"https:\\\/\\\/shanabooks.de\\\/?s={search_term_string}\"},\"query-input\":{\"@type\":\"PropertyValueSpecification\",\"valueRequired\":true,\"valueName\":\"search_term_string\"}}],\"inLanguage\":\"de\"},{\"@type\":\"Organization\",\"@id\":\"https:\\\/\\\/shanabooks.de\\\/#organization\",\"name\":\"www.shanbooks.de\",\"url\":\"https:\\\/\\\/shanabooks.de\\\/\",\"logo\":{\"@type\":\"ImageObject\",\"inLanguage\":\"de\",\"@id\":\"https:\\\/\\\/shanabooks.de\\\/#\\\/schema\\\/logo\\\/image\\\/\",\"url\":\"https:\\\/\\\/shanabooks.de\\\/wp-content\\\/uploads\\\/2024\\\/03\\\/SHANABOOKS__2_-removebg-preview.png\",\"contentUrl\":\"https:\\\/\\\/shanabooks.de\\\/wp-content\\\/uploads\\\/2024\\\/03\\\/SHANABOOKS__2_-removebg-preview.png\",\"width\":700,\"height\":150,\"caption\":\"www.shanbooks.de\"},\"image\":{\"@id\":\"https:\\\/\\\/shanabooks.de\\\/#\\\/schema\\\/logo\\\/image\\\/\"}}]}<\/script>\n<!-- \/ Yoast SEO plugin. -->","yoast_head_json":{"title":"Hot\u00eal Europe - Ferhad P\u00eerbal - www.shanabooks.de","description":"Hot\u00eal Europe - Ferhad P\u00eerbal Mihemed\u00ea Hac\u00eezade, meleyek\u00ee kevn \u00ee \u00eeran\u00ee ku ji aliy\u00ea rej\u00eema meleyan a Tehran\u00ea ve hatiye xel\u2019\u00eel\u00eebaskirin \u00fb li Par\u00ees\u00ea penaber ...","robots":{"index":"index","follow":"follow","max-snippet":"max-snippet:-1","max-image-preview":"max-image-preview:large","max-video-preview":"max-video-preview:-1"},"canonical":"https:\/\/shanabooks.de\/product\/hotel-europe-ferhad-pirbal\/","og_locale":"de_DE","og_type":"article","og_title":"Hot\u00eal Europe - Ferhad P\u00eerbal - www.shanabooks.de","og_description":"Hot\u00eal Europe - Ferhad P\u00eerbal Mihemed\u00ea Hac\u00eezade, meleyek\u00ee kevn \u00ee \u00eeran\u00ee ku ji aliy\u00ea rej\u00eema meleyan a Tehran\u00ea ve hatiye xel\u2019\u00eel\u00eebaskirin \u00fb li Par\u00ees\u00ea penaber ...","og_url":"https:\/\/shanabooks.de\/product\/hotel-europe-ferhad-pirbal\/","og_site_name":"www.shanabooks.de","article_modified_time":"2026-01-02T19:05:03+00:00","og_image":[{"width":603,"height":900,"url":"https:\/\/shanabooks.de\/wp-content\/uploads\/2024\/03\/Hotel-europe.jpg","type":"image\/jpeg"}],"twitter_card":"summary_large_image","twitter_misc":{"Gesch\u00e4tzte Lesezeit":"2\u00a0Minuten"},"schema":{"@context":"https:\/\/schema.org","@graph":[{"@type":"WebPage","@id":"https:\/\/shanabooks.de\/product\/hotel-europe-ferhad-pirbal\/","url":"https:\/\/shanabooks.de\/product\/hotel-europe-ferhad-pirbal\/","name":"Hot\u00eal Europe - Ferhad P\u00eerbal - www.shanabooks.de","isPartOf":{"@id":"https:\/\/shanabooks.de\/#website"},"primaryImageOfPage":{"@id":"https:\/\/shanabooks.de\/product\/hotel-europe-ferhad-pirbal\/#primaryimage"},"image":{"@id":"https:\/\/shanabooks.de\/product\/hotel-europe-ferhad-pirbal\/#primaryimage"},"thumbnailUrl":"https:\/\/shanabooks.de\/wp-content\/uploads\/2024\/03\/Hotel-europe.jpg","datePublished":"2024-03-03T19:40:28+00:00","dateModified":"2026-01-02T19:05:03+00:00","description":"Hot\u00eal Europe - Ferhad P\u00eerbal Mihemed\u00ea Hac\u00eezade, meleyek\u00ee kevn \u00ee \u00eeran\u00ee ku ji aliy\u00ea rej\u00eema meleyan a Tehran\u00ea ve hatiye xel\u2019\u00eel\u00eebaskirin \u00fb li Par\u00ees\u00ea penaber ...","breadcrumb":{"@id":"https:\/\/shanabooks.de\/product\/hotel-europe-ferhad-pirbal\/#breadcrumb"},"inLanguage":"de","potentialAction":[{"@type":"ReadAction","target":["https:\/\/shanabooks.de\/product\/hotel-europe-ferhad-pirbal\/"]}]},{"@type":"ImageObject","inLanguage":"de","@id":"https:\/\/shanabooks.de\/product\/hotel-europe-ferhad-pirbal\/#primaryimage","url":"https:\/\/shanabooks.de\/wp-content\/uploads\/2024\/03\/Hotel-europe.jpg","contentUrl":"https:\/\/shanabooks.de\/wp-content\/uploads\/2024\/03\/Hotel-europe.jpg","width":603,"height":900,"caption":"Hot\u00eal Europe - Ferhad P\u00eerbal - pirt\u00fbk\u00ean kurd\u00ee - roman"},{"@type":"BreadcrumbList","@id":"https:\/\/shanabooks.de\/product\/hotel-europe-ferhad-pirbal\/#breadcrumb","itemListElement":[{"@type":"ListItem","position":1,"name":"\u0627\u0644\u0631\u0626\u064a\u0633\u064a\u0629","item":"https:\/\/shanabooks.de\/de\/"},{"@type":"ListItem","position":2,"name":"\u0627\u0644\u0645\u0646\u062a\u062c\u0627\u062a","item":"https:\/\/shanabooks.de\/shop\/"},{"@type":"ListItem","position":3,"name":"Hot\u00eal Europe"}]},{"@type":"WebSite","@id":"https:\/\/shanabooks.de\/#website","url":"https:\/\/shanabooks.de\/","name":"www.shanbooks.de","description":"C\u00eehana Pirt\u00fbk\u00ean Kurd\u00ee \u0645\u0643\u062a\u0628\u0629 \u0634\u0627\u0646\u0627 \u0641\u064a \u0627\u0644\u0645\u0627\u0646\u064a\u0627 \u0648\u0623\u0648\u0631\u0628\u0627","publisher":{"@id":"https:\/\/shanabooks.de\/#organization"},"potentialAction":[{"@type":"SearchAction","target":{"@type":"EntryPoint","urlTemplate":"https:\/\/shanabooks.de\/?s={search_term_string}"},"query-input":{"@type":"PropertyValueSpecification","valueRequired":true,"valueName":"search_term_string"}}],"inLanguage":"de"},{"@type":"Organization","@id":"https:\/\/shanabooks.de\/#organization","name":"www.shanbooks.de","url":"https:\/\/shanabooks.de\/","logo":{"@type":"ImageObject","inLanguage":"de","@id":"https:\/\/shanabooks.de\/#\/schema\/logo\/image\/","url":"https:\/\/shanabooks.de\/wp-content\/uploads\/2024\/03\/SHANABOOKS__2_-removebg-preview.png","contentUrl":"https:\/\/shanabooks.de\/wp-content\/uploads\/2024\/03\/SHANABOOKS__2_-removebg-preview.png","width":700,"height":150,"caption":"www.shanbooks.de"},"image":{"@id":"https:\/\/shanabooks.de\/#\/schema\/logo\/image\/"}}]}},"jetpack_sharing_enabled":true,"_links":{"self":[{"href":"https:\/\/shanabooks.de\/de\/wp-json\/wp\/v2\/product\/12080","targetHints":{"allow":["GET"]}}],"collection":[{"href":"https:\/\/shanabooks.de\/de\/wp-json\/wp\/v2\/product"}],"about":[{"href":"https:\/\/shanabooks.de\/de\/wp-json\/wp\/v2\/types\/product"}],"version-history":[{"count":3,"href":"https:\/\/shanabooks.de\/de\/wp-json\/wp\/v2\/product\/12080\/revisions"}],"predecessor-version":[{"id":22944,"href":"https:\/\/shanabooks.de\/de\/wp-json\/wp\/v2\/product\/12080\/revisions\/22944"}],"wp:featuredmedia":[{"embeddable":true,"href":"https:\/\/shanabooks.de\/de\/wp-json\/wp\/v2\/media\/12161"}],"wp:attachment":[{"href":"https:\/\/shanabooks.de\/de\/wp-json\/wp\/v2\/media?parent=12080"}],"wp:term":[{"taxonomy":"product_brand","embeddable":true,"href":"https:\/\/shanabooks.de\/de\/wp-json\/wp\/v2\/product_brand?post=12080"},{"taxonomy":"product_cat","embeddable":true,"href":"https:\/\/shanabooks.de\/de\/wp-json\/wp\/v2\/product_cat?post=12080"},{"taxonomy":"product_tag","embeddable":true,"href":"https:\/\/shanabooks.de\/de\/wp-json\/wp\/v2\/product_tag?post=12080"}],"curies":[{"name":"wp","href":"https:\/\/api.w.org\/{rel}","templated":true}]}}