{"id":12082,"date":"2024-03-03T19:40:28","date_gmt":"2024-03-03T19:40:28","guid":{"rendered":"https:\/\/shanabooks.de\/?post_type=product&#038;p=12082"},"modified":"2024-04-03T22:21:26","modified_gmt":"2024-04-03T22:21:26","slug":"romanseke-cilmisi-firat-ceweri","status":"publish","type":"product","link":"https:\/\/shanabooks.de\/de\/product\/romanseke-cilmisi-firat-ceweri\/","title":{"rendered":"Romanseke \u00c7ilmis\u00ee"},"content":{"rendered":"<p dir=\"ltr\"><strong>Romanseke \u00c7ilmis\u00ee &#8211; Firat Cewer\u00ee<\/strong><\/p>\n<p dir=\"ltr\">\u201dEr\u00ea Mal\u00eena min, m\u00eena ku ti\u015ftek ji dil\u00ea min qetiyabe, dil\u015fahiya min di qirika min de ma. Min nameya te di nav dest\u00ean xwe de guva\u015ft, ez h\u00ead\u00eeka li ser \u00e7okan r\u00fbni\u015ftim, min xwe li ser dev av\u00eat ser niv\u00een\u00ea xwe \u00fb ez bi \u00eesk\u00eena zarokek\u00ee giriyam.\u201d<\/p>\n<p dir=\"ltr\">Firat Cewer\u00ee di \u201dRomanseke \u00e7ilmis\u00ee\u201d de hem\u00fb tabuyan di\u015fik\u00eene, st\u00eel \u00fb away\u00ean n\u00fb bi kirasek\u00ee kurmanc\u00ee \u00ee speh\u00ee dic<span class=\"text_exposed_show\">erib\u00eene, trajed\u00ee \u00fb \u00eeroniy\u00ea di nav hev de dih\u00fbne \u00fb \u00e7\u00eeroka kurd\u00ee ber bi \u00e7\u00eeroka gerd\u00fbn\u00ee ve diki\u015f\u00eene\u2026<br \/>\n\u201cHer kes nikare m\u00eena Firat Cewer\u00ee bi b\u00eahneke dir\u00eaj hunera kurte\u00e7\u00eerok\u00ea bi kar b\u00eene.\u201d Der Kleine Bund, 1996 (Rojnameya alman\u00ee)<br \/>\n\u201dFirat Cewer\u00ee niv\u00eeskarek\u00ee n\u00fb \u00fb balk\u00ea\u015f e.\u201d<br \/>\nSvenska Journalen 1986 (Kovara sw\u00ead\u00ee)<br \/>\n\u201cFirat Cewer\u00ee li ser detay\u00ean h\u00fbr radiweste, fikr\u00ean k\u00fbr di wan de dib\u00eene \u00fb t\u00eene ber \u00e7avan. Ez bawer dikim ew \u00ea bibe hostay\u00ea pex\u015fan\u00ea.\u201d Emer\u00eek\u00ea Serdar, Rya Teze, 1993 (Ermenistan)<\/span><\/p>\n<p dir=\"ltr\">\n","protected":false},"excerpt":{"rendered":"<p dir=\"ltr\"><em><strong>Niv\u00eeskar: Firat Cewer\u00ee<\/strong><\/em><br \/>\n<em><strong>Pirt\u00fbk: Romanseke \u00c7ilmis\u00ee<\/strong><\/em><br \/>\n<em><strong>Cure: \u00e7\u00eerok<\/strong><\/em><\/p>\n","protected":false},"featured_media":12165,"template":"","meta":{"site-sidebar-layout":"default","site-content-layout":"","ast-site-content-layout":"default","site-content-style":"default","site-sidebar-style":"default","ast-global-header-display":"","ast-banner-title-visibility":"","ast-main-header-display":"","ast-hfb-above-header-display":"","ast-hfb-below-header-display":"","ast-hfb-mobile-header-display":"","site-post-title":"","ast-breadcrumbs-content":"","ast-featured-img":"","footer-sml-layout":"","ast-disable-related-posts":"","theme-transparent-header-meta":"default","adv-header-id-meta":"","stick-header-meta":"","header-above-stick-meta":"","header-main-stick-meta":"","header-below-stick-meta":"","astra-migrate-meta-layouts":"set","ast-page-background-enabled":"default","ast-page-background-meta":{"desktop":{"background-color":"","background-image":"","background-repeat":"repeat","background-position":"center center","background-size":"auto","background-attachment":"scroll","background-type":"","background-media":"","overlay-type":"","overlay-color":"","overlay-opacity":"","overlay-gradient":""},"tablet":{"background-color":"","background-image":"","background-repeat":"repeat","background-position":"center center","background-size":"auto","background-attachment":"scroll","background-type":"","background-media":"","overlay-type":"","overlay-color":"","overlay-opacity":"","overlay-gradient":""},"mobile":{"background-color":"","background-image":"","background-repeat":"repeat","background-position":"center center","background-size":"auto","background-attachment":"scroll","background-type":"","background-media":"","overlay-type":"","overlay-color":"","overlay-opacity":"","overlay-gradient":""}},"ast-content-background-meta":{"desktop":{"background-color":"var(--ast-global-color-5)","background-image":"","background-repeat":"repeat","background-position":"center center","background-size":"auto","background-attachment":"scroll","background-type":"","background-media":"","overlay-type":"","overlay-color":"","overlay-opacity":"","overlay-gradient":""},"tablet":{"background-color":"var(--ast-global-color-5)","background-image":"","background-repeat":"repeat","background-position":"center center","background-size":"auto","background-attachment":"scroll","background-type":"","background-media":"","overlay-type":"","overlay-color":"","overlay-opacity":"","overlay-gradient":""},"mobile":{"background-color":"var(--ast-global-color-5)","background-image":"","background-repeat":"repeat","background-position":"center center","background-size":"auto","background-attachment":"scroll","background-type":"","background-media":"","overlay-type":"","overlay-color":"","overlay-opacity":"","overlay-gradient":""}}},"product_brand":[],"product_cat":[183,193],"product_tag":[],"class_list":{"0":"post-12082","1":"product","2":"type-product","3":"status-publish","4":"has-post-thumbnail","6":"product_cat-_","7":"product_cat--_","8":"pa_-cirok","9":"pa_-firat-ceweri","10":"pa_-kurmanci","11":"pa_--avesta-yayinlari","12":"desktop-align-left","13":"tablet-align-left","14":"mobile-align-left","16":"first","17":"instock","18":"shipping-taxable","19":"purchasable","20":"product-type-simple"},"yoast_head":"<!-- This site is optimized with the Yoast SEO plugin v27.4 - https:\/\/yoast.com\/product\/yoast-seo-wordpress\/ -->\n<title>Romanseke \u00c7ilmis\u00ee - Firat Cewer\u00ee - www.shanabooks.de<\/title>\n<meta name=\"description\" content=\"Romanseke \u00c7ilmis\u00ee - Firat Cewer\u00ee \u201dEr\u00ea Mal\u00eena min, m\u00eena ku ti\u015ftek ji dil\u00ea min qetiyabe, dil\u015fahiya min di qirika min de ma. Min nameya te di nav dest\u00ean xwe...\" \/>\n<meta name=\"robots\" content=\"index, follow, max-snippet:-1, max-image-preview:large, max-video-preview:-1\" \/>\n<link rel=\"canonical\" href=\"https:\/\/shanabooks.de\/product\/romanseke-cilmisi-firat-ceweri\/\" \/>\n<meta property=\"og:locale\" content=\"de_DE\" \/>\n<meta property=\"og:type\" content=\"article\" \/>\n<meta property=\"og:title\" content=\"Romanseke \u00c7ilmis\u00ee - Firat Cewer\u00ee - www.shanabooks.de\" \/>\n<meta property=\"og:description\" content=\"Romanseke \u00c7ilmis\u00ee - Firat Cewer\u00ee \u201dEr\u00ea Mal\u00eena min, m\u00eena ku ti\u015ftek ji dil\u00ea min qetiyabe, dil\u015fahiya min di qirika min de ma. Min nameya te di nav dest\u00ean xwe...\" \/>\n<meta property=\"og:url\" content=\"https:\/\/shanabooks.de\/product\/romanseke-cilmisi-firat-ceweri\/\" \/>\n<meta property=\"og:site_name\" content=\"www.shanabooks.de\" \/>\n<meta property=\"article:modified_time\" content=\"2024-04-03T22:21:26+00:00\" \/>\n<meta property=\"og:image\" content=\"https:\/\/shanabooks.de\/wp-content\/uploads\/2024\/03\/Romanseke-Cilmisi.jpg\" \/>\n\t<meta property=\"og:image:width\" content=\"597\" \/>\n\t<meta property=\"og:image:height\" content=\"900\" \/>\n\t<meta property=\"og:image:type\" content=\"image\/jpeg\" \/>\n<meta name=\"twitter:card\" content=\"summary_large_image\" \/>\n<meta name=\"twitter:label1\" content=\"Gesch\u00e4tzte Lesezeit\" \/>\n\t<meta name=\"twitter:data1\" content=\"2\u00a0Minuten\" \/>\n<script type=\"application\/ld+json\" class=\"yoast-schema-graph\">{\"@context\":\"https:\\\/\\\/schema.org\",\"@graph\":[{\"@type\":\"WebPage\",\"@id\":\"https:\\\/\\\/shanabooks.de\\\/product\\\/romanseke-cilmisi-firat-ceweri\\\/\",\"url\":\"https:\\\/\\\/shanabooks.de\\\/product\\\/romanseke-cilmisi-firat-ceweri\\\/\",\"name\":\"Romanseke \u00c7ilmis\u00ee - Firat Cewer\u00ee - www.shanabooks.de\",\"isPartOf\":{\"@id\":\"https:\\\/\\\/shanabooks.de\\\/#website\"},\"primaryImageOfPage\":{\"@id\":\"https:\\\/\\\/shanabooks.de\\\/product\\\/romanseke-cilmisi-firat-ceweri\\\/#primaryimage\"},\"image\":{\"@id\":\"https:\\\/\\\/shanabooks.de\\\/product\\\/romanseke-cilmisi-firat-ceweri\\\/#primaryimage\"},\"thumbnailUrl\":\"https:\\\/\\\/shanabooks.de\\\/wp-content\\\/uploads\\\/2024\\\/03\\\/Romanseke-Cilmisi.jpg\",\"datePublished\":\"2024-03-03T19:40:28+00:00\",\"dateModified\":\"2024-04-03T22:21:26+00:00\",\"description\":\"Romanseke \u00c7ilmis\u00ee - Firat Cewer\u00ee \u201dEr\u00ea Mal\u00eena min, m\u00eena ku ti\u015ftek ji dil\u00ea min qetiyabe, dil\u015fahiya min di qirika min de ma. Min nameya te di nav dest\u00ean xwe...\",\"breadcrumb\":{\"@id\":\"https:\\\/\\\/shanabooks.de\\\/product\\\/romanseke-cilmisi-firat-ceweri\\\/#breadcrumb\"},\"inLanguage\":\"de\",\"potentialAction\":[{\"@type\":\"ReadAction\",\"target\":[\"https:\\\/\\\/shanabooks.de\\\/product\\\/romanseke-cilmisi-firat-ceweri\\\/\"]}]},{\"@type\":\"ImageObject\",\"inLanguage\":\"de\",\"@id\":\"https:\\\/\\\/shanabooks.de\\\/product\\\/romanseke-cilmisi-firat-ceweri\\\/#primaryimage\",\"url\":\"https:\\\/\\\/shanabooks.de\\\/wp-content\\\/uploads\\\/2024\\\/03\\\/Romanseke-Cilmisi.jpg\",\"contentUrl\":\"https:\\\/\\\/shanabooks.de\\\/wp-content\\\/uploads\\\/2024\\\/03\\\/Romanseke-Cilmisi.jpg\",\"width\":597,\"height\":900,\"caption\":\"Romanseke \u00c7ilmis\u00ee - Firat Cewer\u00ee - pirt\u00fbk\u00ean kurd\u00ee - \u00e7\u00eerok\"},{\"@type\":\"BreadcrumbList\",\"@id\":\"https:\\\/\\\/shanabooks.de\\\/product\\\/romanseke-cilmisi-firat-ceweri\\\/#breadcrumb\",\"itemListElement\":[{\"@type\":\"ListItem\",\"position\":1,\"name\":\"\u0627\u0644\u0631\u0626\u064a\u0633\u064a\u0629\",\"item\":\"https:\\\/\\\/shanabooks.de\\\/de\\\/\"},{\"@type\":\"ListItem\",\"position\":2,\"name\":\"\u0627\u0644\u0645\u0646\u062a\u062c\u0627\u062a\",\"item\":\"https:\\\/\\\/shanabooks.de\\\/shop\\\/\"},{\"@type\":\"ListItem\",\"position\":3,\"name\":\"Romanseke \u00c7ilmis\u00ee\"}]},{\"@type\":\"WebSite\",\"@id\":\"https:\\\/\\\/shanabooks.de\\\/#website\",\"url\":\"https:\\\/\\\/shanabooks.de\\\/\",\"name\":\"www.shanbooks.de\",\"description\":\"C\u00eehana Pirt\u00fbk\u00ean Kurd\u00ee \u0645\u0643\u062a\u0628\u0629 \u0634\u0627\u0646\u0627 \u0641\u064a \u0627\u0644\u0645\u0627\u0646\u064a\u0627 \u0648\u0623\u0648\u0631\u0628\u0627\",\"publisher\":{\"@id\":\"https:\\\/\\\/shanabooks.de\\\/#organization\"},\"potentialAction\":[{\"@type\":\"SearchAction\",\"target\":{\"@type\":\"EntryPoint\",\"urlTemplate\":\"https:\\\/\\\/shanabooks.de\\\/?s={search_term_string}\"},\"query-input\":{\"@type\":\"PropertyValueSpecification\",\"valueRequired\":true,\"valueName\":\"search_term_string\"}}],\"inLanguage\":\"de\"},{\"@type\":\"Organization\",\"@id\":\"https:\\\/\\\/shanabooks.de\\\/#organization\",\"name\":\"www.shanbooks.de\",\"url\":\"https:\\\/\\\/shanabooks.de\\\/\",\"logo\":{\"@type\":\"ImageObject\",\"inLanguage\":\"de\",\"@id\":\"https:\\\/\\\/shanabooks.de\\\/#\\\/schema\\\/logo\\\/image\\\/\",\"url\":\"https:\\\/\\\/shanabooks.de\\\/wp-content\\\/uploads\\\/2024\\\/03\\\/SHANABOOKS__2_-removebg-preview.png\",\"contentUrl\":\"https:\\\/\\\/shanabooks.de\\\/wp-content\\\/uploads\\\/2024\\\/03\\\/SHANABOOKS__2_-removebg-preview.png\",\"width\":700,\"height\":150,\"caption\":\"www.shanbooks.de\"},\"image\":{\"@id\":\"https:\\\/\\\/shanabooks.de\\\/#\\\/schema\\\/logo\\\/image\\\/\"}}]}<\/script>\n<!-- \/ Yoast SEO plugin. -->","yoast_head_json":{"title":"Romanseke \u00c7ilmis\u00ee - Firat Cewer\u00ee - www.shanabooks.de","description":"Romanseke \u00c7ilmis\u00ee - Firat Cewer\u00ee \u201dEr\u00ea Mal\u00eena min, m\u00eena ku ti\u015ftek ji dil\u00ea min qetiyabe, dil\u015fahiya min di qirika min de ma. Min nameya te di nav dest\u00ean xwe...","robots":{"index":"index","follow":"follow","max-snippet":"max-snippet:-1","max-image-preview":"max-image-preview:large","max-video-preview":"max-video-preview:-1"},"canonical":"https:\/\/shanabooks.de\/product\/romanseke-cilmisi-firat-ceweri\/","og_locale":"de_DE","og_type":"article","og_title":"Romanseke \u00c7ilmis\u00ee - Firat Cewer\u00ee - www.shanabooks.de","og_description":"Romanseke \u00c7ilmis\u00ee - Firat Cewer\u00ee \u201dEr\u00ea Mal\u00eena min, m\u00eena ku ti\u015ftek ji dil\u00ea min qetiyabe, dil\u015fahiya min di qirika min de ma. Min nameya te di nav dest\u00ean xwe...","og_url":"https:\/\/shanabooks.de\/product\/romanseke-cilmisi-firat-ceweri\/","og_site_name":"www.shanabooks.de","article_modified_time":"2024-04-03T22:21:26+00:00","og_image":[{"width":597,"height":900,"url":"https:\/\/shanabooks.de\/wp-content\/uploads\/2024\/03\/Romanseke-Cilmisi.jpg","type":"image\/jpeg"}],"twitter_card":"summary_large_image","twitter_misc":{"Gesch\u00e4tzte Lesezeit":"2\u00a0Minuten"},"schema":{"@context":"https:\/\/schema.org","@graph":[{"@type":"WebPage","@id":"https:\/\/shanabooks.de\/product\/romanseke-cilmisi-firat-ceweri\/","url":"https:\/\/shanabooks.de\/product\/romanseke-cilmisi-firat-ceweri\/","name":"Romanseke \u00c7ilmis\u00ee - Firat Cewer\u00ee - www.shanabooks.de","isPartOf":{"@id":"https:\/\/shanabooks.de\/#website"},"primaryImageOfPage":{"@id":"https:\/\/shanabooks.de\/product\/romanseke-cilmisi-firat-ceweri\/#primaryimage"},"image":{"@id":"https:\/\/shanabooks.de\/product\/romanseke-cilmisi-firat-ceweri\/#primaryimage"},"thumbnailUrl":"https:\/\/shanabooks.de\/wp-content\/uploads\/2024\/03\/Romanseke-Cilmisi.jpg","datePublished":"2024-03-03T19:40:28+00:00","dateModified":"2024-04-03T22:21:26+00:00","description":"Romanseke \u00c7ilmis\u00ee - Firat Cewer\u00ee \u201dEr\u00ea Mal\u00eena min, m\u00eena ku ti\u015ftek ji dil\u00ea min qetiyabe, dil\u015fahiya min di qirika min de ma. Min nameya te di nav dest\u00ean xwe...","breadcrumb":{"@id":"https:\/\/shanabooks.de\/product\/romanseke-cilmisi-firat-ceweri\/#breadcrumb"},"inLanguage":"de","potentialAction":[{"@type":"ReadAction","target":["https:\/\/shanabooks.de\/product\/romanseke-cilmisi-firat-ceweri\/"]}]},{"@type":"ImageObject","inLanguage":"de","@id":"https:\/\/shanabooks.de\/product\/romanseke-cilmisi-firat-ceweri\/#primaryimage","url":"https:\/\/shanabooks.de\/wp-content\/uploads\/2024\/03\/Romanseke-Cilmisi.jpg","contentUrl":"https:\/\/shanabooks.de\/wp-content\/uploads\/2024\/03\/Romanseke-Cilmisi.jpg","width":597,"height":900,"caption":"Romanseke \u00c7ilmis\u00ee - Firat Cewer\u00ee - pirt\u00fbk\u00ean kurd\u00ee - \u00e7\u00eerok"},{"@type":"BreadcrumbList","@id":"https:\/\/shanabooks.de\/product\/romanseke-cilmisi-firat-ceweri\/#breadcrumb","itemListElement":[{"@type":"ListItem","position":1,"name":"\u0627\u0644\u0631\u0626\u064a\u0633\u064a\u0629","item":"https:\/\/shanabooks.de\/de\/"},{"@type":"ListItem","position":2,"name":"\u0627\u0644\u0645\u0646\u062a\u062c\u0627\u062a","item":"https:\/\/shanabooks.de\/shop\/"},{"@type":"ListItem","position":3,"name":"Romanseke \u00c7ilmis\u00ee"}]},{"@type":"WebSite","@id":"https:\/\/shanabooks.de\/#website","url":"https:\/\/shanabooks.de\/","name":"www.shanbooks.de","description":"C\u00eehana Pirt\u00fbk\u00ean Kurd\u00ee \u0645\u0643\u062a\u0628\u0629 \u0634\u0627\u0646\u0627 \u0641\u064a \u0627\u0644\u0645\u0627\u0646\u064a\u0627 \u0648\u0623\u0648\u0631\u0628\u0627","publisher":{"@id":"https:\/\/shanabooks.de\/#organization"},"potentialAction":[{"@type":"SearchAction","target":{"@type":"EntryPoint","urlTemplate":"https:\/\/shanabooks.de\/?s={search_term_string}"},"query-input":{"@type":"PropertyValueSpecification","valueRequired":true,"valueName":"search_term_string"}}],"inLanguage":"de"},{"@type":"Organization","@id":"https:\/\/shanabooks.de\/#organization","name":"www.shanbooks.de","url":"https:\/\/shanabooks.de\/","logo":{"@type":"ImageObject","inLanguage":"de","@id":"https:\/\/shanabooks.de\/#\/schema\/logo\/image\/","url":"https:\/\/shanabooks.de\/wp-content\/uploads\/2024\/03\/SHANABOOKS__2_-removebg-preview.png","contentUrl":"https:\/\/shanabooks.de\/wp-content\/uploads\/2024\/03\/SHANABOOKS__2_-removebg-preview.png","width":700,"height":150,"caption":"www.shanbooks.de"},"image":{"@id":"https:\/\/shanabooks.de\/#\/schema\/logo\/image\/"}}]}},"jetpack_sharing_enabled":true,"_links":{"self":[{"href":"https:\/\/shanabooks.de\/de\/wp-json\/wp\/v2\/product\/12082","targetHints":{"allow":["GET"]}}],"collection":[{"href":"https:\/\/shanabooks.de\/de\/wp-json\/wp\/v2\/product"}],"about":[{"href":"https:\/\/shanabooks.de\/de\/wp-json\/wp\/v2\/types\/product"}],"version-history":[{"count":1,"href":"https:\/\/shanabooks.de\/de\/wp-json\/wp\/v2\/product\/12082\/revisions"}],"predecessor-version":[{"id":12166,"href":"https:\/\/shanabooks.de\/de\/wp-json\/wp\/v2\/product\/12082\/revisions\/12166"}],"wp:featuredmedia":[{"embeddable":true,"href":"https:\/\/shanabooks.de\/de\/wp-json\/wp\/v2\/media\/12165"}],"wp:attachment":[{"href":"https:\/\/shanabooks.de\/de\/wp-json\/wp\/v2\/media?parent=12082"}],"wp:term":[{"taxonomy":"product_brand","embeddable":true,"href":"https:\/\/shanabooks.de\/de\/wp-json\/wp\/v2\/product_brand?post=12082"},{"taxonomy":"product_cat","embeddable":true,"href":"https:\/\/shanabooks.de\/de\/wp-json\/wp\/v2\/product_cat?post=12082"},{"taxonomy":"product_tag","embeddable":true,"href":"https:\/\/shanabooks.de\/de\/wp-json\/wp\/v2\/product_tag?post=12082"}],"curies":[{"name":"wp","href":"https:\/\/api.w.org\/{rel}","templated":true}]}}