{"id":12113,"date":"2024-03-03T19:40:52","date_gmt":"2024-03-03T19:40:52","guid":{"rendered":"https:\/\/shanabooks.de\/?post_type=product&#038;p=12113"},"modified":"2025-12-30T23:05:40","modified_gmt":"2025-12-30T23:05:40","slug":"li-mala-mir-firat-ceweri","status":"publish","type":"product","link":"https:\/\/shanabooks.de\/de\/product\/li-mala-mir-firat-ceweri\/","title":{"rendered":"Li Mala M\u00eer"},"content":{"rendered":"<p dir=\"ltr\"><strong>Li Mala M\u00eer &#8211; Firat Cewer\u00ee<\/strong><\/p>\n<p dir=\"ltr\" style=\"font-weight: 400\">\u201cFirat Cewer\u00ee: Gelo milet\u00ean bindest bi \u00e7i away\u00ee dikarin hey\u00eena xwe ji serdest\u00ean xwe bipar\u00eazin? M\u00eer Celadet Al\u00ee Bedirxan: Milet\u00ean bindest hey\u00eena xwe ji serdest\u00ean xwe bi du ti\u015ftan, bi quweta du \u00e7ekan dipar\u00eazin.<\/p>\n<p dir=\"ltr\" style=\"font-weight: 400\">&#8211; \u00c7i ne ew herdu \u00e7ek?<br \/>\n&#8211; Ol yek, ziman dido.<br \/>\n&#8211; Ba\u015f e, mamoste, heke ola milet\u00ea serdest \u00fb bindest yek be, hing\u00ea div\u00ea milet\u00ea bindest k\u00eejan \u00e7ek\u00ea li hember\u00ee serdest\u00ean xwe bi kar b\u00eene da ku\u00a0 \u00a0bikaribe hey\u00eena xwe bipar\u00eaze?<br \/>\n&#8211; Heke ola milet\u00ea serdest \u00fb bindest yek be, hing\u00ea \u00e7ek yek bi ten\u00ea ye \u00fb bend ten\u00ea ziman e&#8230;\u201d<\/p>\n<p dir=\"ltr\" style=\"font-weight: 400\">Di sal\u00ean nod\u00ee de, Firat Cewer\u00ee bi riya kovara N\u00fbdem\u00ea \u00fb bi jin\u00fbvewe\u015fandina kovara Hawar\u00ea, rew\u015fenb\u00eer\u00ea me y\u00ea b\u00eahempa Celadet Al\u00ee Bedirxa ku di s\u00eenor\u00ea jib\u00eerkirin\u00ea de b\u00fb, d\u00eesa derxist, gihand nif\u015f\u00ea me \u00fb aktuel kir. Cewer\u00ee, di v\u00ea kit\u00eaba ku bi forma romaneke modern de hatiye h\u00fbnandin, li mala Rew\u015fen Xanim\u00ea dibe m\u00eavan \u00fb bi M\u00eer Celadet Al\u00ee Bedirxan re dikeve diyalogeke k\u00fbr \u00fb piral\u00ee. Di siya xewn \u00fb rastiy\u00ea de, portreyek\u00ee M\u00eer Celadet Al\u00ee Bedirxan y\u00ea ji d\u00eeroka sedsalane h\u00ead\u00ee h\u00ead\u00ee zelal dibe \u00fb tahmeke edeb\u00ee ya xwe\u015f li d\u00fb xwe dih\u00eale.<\/p>\n<p dir=\"ltr\">Firat Cewer\u00ee pirt\u00fbka xwe ya bi nav\u00ea li mala m\u00eer wek b\u00eeran\u00ean xwe \u00fb M\u00eer Celadet el\u00ee Bedirxan niv\u00ees\u00eeye \u00fb pirt\u00fbk ji we\u015fan\u00ean Avestay\u00ea derketiye.<\/p>\n","protected":false},"excerpt":{"rendered":"<p dir=\"ltr\" style=\"text-align: center\"><strong>Pirt\u00fbk: Li Mala M\u00eer<br \/>\nNiv\u00eeskar: Firat Cewer\u00ee<br \/>\n<\/strong><strong>Cure: Roman<\/strong><\/p>\n","protected":false},"featured_media":12171,"template":"","meta":{"site-sidebar-layout":"default","site-content-layout":"","ast-site-content-layout":"default","site-content-style":"default","site-sidebar-style":"default","ast-global-header-display":"","ast-banner-title-visibility":"","ast-main-header-display":"","ast-hfb-above-header-display":"","ast-hfb-below-header-display":"","ast-hfb-mobile-header-display":"","site-post-title":"","ast-breadcrumbs-content":"","ast-featured-img":"","footer-sml-layout":"","ast-disable-related-posts":"","theme-transparent-header-meta":"default","adv-header-id-meta":"","stick-header-meta":"","header-above-stick-meta":"","header-main-stick-meta":"","header-below-stick-meta":"","astra-migrate-meta-layouts":"set","ast-page-background-enabled":"default","ast-page-background-meta":{"desktop":{"background-color":"","background-image":"","background-repeat":"repeat","background-position":"center center","background-size":"auto","background-attachment":"scroll","background-type":"","background-media":"","overlay-type":"","overlay-color":"","overlay-opacity":"","overlay-gradient":""},"tablet":{"background-color":"","background-image":"","background-repeat":"repeat","background-position":"center center","background-size":"auto","background-attachment":"scroll","background-type":"","background-media":"","overlay-type":"","overlay-color":"","overlay-opacity":"","overlay-gradient":""},"mobile":{"background-color":"","background-image":"","background-repeat":"repeat","background-position":"center center","background-size":"auto","background-attachment":"scroll","background-type":"","background-media":"","overlay-type":"","overlay-color":"","overlay-opacity":"","overlay-gradient":""}},"ast-content-background-meta":{"desktop":{"background-color":"var(--ast-global-color-5)","background-image":"","background-repeat":"repeat","background-position":"center center","background-size":"auto","background-attachment":"scroll","background-type":"","background-media":"","overlay-type":"","overlay-color":"","overlay-opacity":"","overlay-gradient":""},"tablet":{"background-color":"var(--ast-global-color-5)","background-image":"","background-repeat":"repeat","background-position":"center center","background-size":"auto","background-attachment":"scroll","background-type":"","background-media":"","overlay-type":"","overlay-color":"","overlay-opacity":"","overlay-gradient":""},"mobile":{"background-color":"var(--ast-global-color-5)","background-image":"","background-repeat":"repeat","background-position":"center center","background-size":"auto","background-attachment":"scroll","background-type":"","background-media":"","overlay-type":"","overlay-color":"","overlay-opacity":"","overlay-gradient":""}}},"product_brand":[],"product_cat":[334,182,193],"product_tag":[],"class_list":{"0":"post-12113","1":"product","2":"type-product","3":"status-publish","4":"has-post-thumbnail","6":"product_cat--_","7":"product_cat-_","9":"pa_-biranin","10":"pa_-roman","11":"pa_-firat-ceweri","12":"pa_-kurmanci","13":"pa_--avesta-yayinlari","14":"desktop-align-left","15":"tablet-align-left","16":"mobile-align-left","18":"first","19":"outofstock","20":"shipping-taxable","21":"purchasable","22":"product-type-simple"},"yoast_head":"<!-- This site is optimized with the Yoast SEO plugin v27.4 - https:\/\/yoast.com\/product\/yoast-seo-wordpress\/ -->\n<title>Li Mala M\u00eer - Firat Cewer\u00ee - www.shanabooks.de<\/title>\n<meta name=\"description\" content=\"Li Mala M\u00eer - Firat Cewer\u00ee \u201cFirat Cewer\u00ee: Gelo milet\u00ean bindest bi \u00e7i away\u00ee dikarin hey\u00eena xwe ji serdest\u00ean xwe bipar\u00eazin? M\u00eer Celadet Al\u00ee Bedirxan: Milet...\" \/>\n<meta name=\"robots\" content=\"index, follow, max-snippet:-1, max-image-preview:large, max-video-preview:-1\" \/>\n<link rel=\"canonical\" href=\"https:\/\/shanabooks.de\/product\/li-mala-mir-firat-ceweri\/\" \/>\n<meta property=\"og:locale\" content=\"de_DE\" \/>\n<meta property=\"og:type\" content=\"article\" \/>\n<meta property=\"og:title\" content=\"Li Mala M\u00eer - Firat Cewer\u00ee - www.shanabooks.de\" \/>\n<meta property=\"og:description\" content=\"Li Mala M\u00eer - Firat Cewer\u00ee \u201cFirat Cewer\u00ee: Gelo milet\u00ean bindest bi \u00e7i away\u00ee dikarin hey\u00eena xwe ji serdest\u00ean xwe bipar\u00eazin? M\u00eer Celadet Al\u00ee Bedirxan: Milet...\" \/>\n<meta property=\"og:url\" content=\"https:\/\/shanabooks.de\/product\/li-mala-mir-firat-ceweri\/\" \/>\n<meta property=\"og:site_name\" content=\"www.shanabooks.de\" \/>\n<meta property=\"article:modified_time\" content=\"2025-12-30T23:05:40+00:00\" \/>\n<meta property=\"og:image\" content=\"https:\/\/shanabooks.de\/wp-content\/uploads\/2024\/03\/li-mala-mir.jpg\" \/>\n\t<meta property=\"og:image:width\" content=\"512\" \/>\n\t<meta property=\"og:image:height\" content=\"775\" \/>\n\t<meta property=\"og:image:type\" content=\"image\/jpeg\" \/>\n<meta name=\"twitter:card\" content=\"summary_large_image\" \/>\n<meta name=\"twitter:label1\" content=\"Gesch\u00e4tzte Lesezeit\" \/>\n\t<meta name=\"twitter:data1\" content=\"2\u00a0Minuten\" \/>\n<script type=\"application\/ld+json\" class=\"yoast-schema-graph\">{\"@context\":\"https:\\\/\\\/schema.org\",\"@graph\":[{\"@type\":\"WebPage\",\"@id\":\"https:\\\/\\\/shanabooks.de\\\/product\\\/li-mala-mir-firat-ceweri\\\/\",\"url\":\"https:\\\/\\\/shanabooks.de\\\/product\\\/li-mala-mir-firat-ceweri\\\/\",\"name\":\"Li Mala M\u00eer - Firat Cewer\u00ee - www.shanabooks.de\",\"isPartOf\":{\"@id\":\"https:\\\/\\\/shanabooks.de\\\/#website\"},\"primaryImageOfPage\":{\"@id\":\"https:\\\/\\\/shanabooks.de\\\/product\\\/li-mala-mir-firat-ceweri\\\/#primaryimage\"},\"image\":{\"@id\":\"https:\\\/\\\/shanabooks.de\\\/product\\\/li-mala-mir-firat-ceweri\\\/#primaryimage\"},\"thumbnailUrl\":\"https:\\\/\\\/shanabooks.de\\\/wp-content\\\/uploads\\\/2024\\\/03\\\/li-mala-mir.jpg\",\"datePublished\":\"2024-03-03T19:40:52+00:00\",\"dateModified\":\"2025-12-30T23:05:40+00:00\",\"description\":\"Li Mala M\u00eer - Firat Cewer\u00ee \u201cFirat Cewer\u00ee: Gelo milet\u00ean bindest bi \u00e7i away\u00ee dikarin hey\u00eena xwe ji serdest\u00ean xwe bipar\u00eazin? M\u00eer Celadet Al\u00ee Bedirxan: Milet...\",\"breadcrumb\":{\"@id\":\"https:\\\/\\\/shanabooks.de\\\/product\\\/li-mala-mir-firat-ceweri\\\/#breadcrumb\"},\"inLanguage\":\"de\",\"potentialAction\":[{\"@type\":\"ReadAction\",\"target\":[\"https:\\\/\\\/shanabooks.de\\\/product\\\/li-mala-mir-firat-ceweri\\\/\"]}]},{\"@type\":\"ImageObject\",\"inLanguage\":\"de\",\"@id\":\"https:\\\/\\\/shanabooks.de\\\/product\\\/li-mala-mir-firat-ceweri\\\/#primaryimage\",\"url\":\"https:\\\/\\\/shanabooks.de\\\/wp-content\\\/uploads\\\/2024\\\/03\\\/li-mala-mir.jpg\",\"contentUrl\":\"https:\\\/\\\/shanabooks.de\\\/wp-content\\\/uploads\\\/2024\\\/03\\\/li-mala-mir.jpg\",\"width\":512,\"height\":775,\"caption\":\"Li Mala M\u00eer - Firat Cewer\u00ee - pirt\u00fbk\u00ean kurd\u00ee - roman\"},{\"@type\":\"BreadcrumbList\",\"@id\":\"https:\\\/\\\/shanabooks.de\\\/product\\\/li-mala-mir-firat-ceweri\\\/#breadcrumb\",\"itemListElement\":[{\"@type\":\"ListItem\",\"position\":1,\"name\":\"\u0627\u0644\u0631\u0626\u064a\u0633\u064a\u0629\",\"item\":\"https:\\\/\\\/shanabooks.de\\\/de\\\/\"},{\"@type\":\"ListItem\",\"position\":2,\"name\":\"\u0627\u0644\u0645\u0646\u062a\u062c\u0627\u062a\",\"item\":\"https:\\\/\\\/shanabooks.de\\\/shop\\\/\"},{\"@type\":\"ListItem\",\"position\":3,\"name\":\"Li Mala M\u00eer\"}]},{\"@type\":\"WebSite\",\"@id\":\"https:\\\/\\\/shanabooks.de\\\/#website\",\"url\":\"https:\\\/\\\/shanabooks.de\\\/\",\"name\":\"www.shanbooks.de\",\"description\":\"C\u00eehana Pirt\u00fbk\u00ean Kurd\u00ee \u0645\u0643\u062a\u0628\u0629 \u0634\u0627\u0646\u0627 \u0641\u064a \u0627\u0644\u0645\u0627\u0646\u064a\u0627 \u0648\u0623\u0648\u0631\u0628\u0627\",\"publisher\":{\"@id\":\"https:\\\/\\\/shanabooks.de\\\/#organization\"},\"potentialAction\":[{\"@type\":\"SearchAction\",\"target\":{\"@type\":\"EntryPoint\",\"urlTemplate\":\"https:\\\/\\\/shanabooks.de\\\/?s={search_term_string}\"},\"query-input\":{\"@type\":\"PropertyValueSpecification\",\"valueRequired\":true,\"valueName\":\"search_term_string\"}}],\"inLanguage\":\"de\"},{\"@type\":\"Organization\",\"@id\":\"https:\\\/\\\/shanabooks.de\\\/#organization\",\"name\":\"www.shanbooks.de\",\"url\":\"https:\\\/\\\/shanabooks.de\\\/\",\"logo\":{\"@type\":\"ImageObject\",\"inLanguage\":\"de\",\"@id\":\"https:\\\/\\\/shanabooks.de\\\/#\\\/schema\\\/logo\\\/image\\\/\",\"url\":\"https:\\\/\\\/shanabooks.de\\\/wp-content\\\/uploads\\\/2024\\\/03\\\/SHANABOOKS__2_-removebg-preview.png\",\"contentUrl\":\"https:\\\/\\\/shanabooks.de\\\/wp-content\\\/uploads\\\/2024\\\/03\\\/SHANABOOKS__2_-removebg-preview.png\",\"width\":700,\"height\":150,\"caption\":\"www.shanbooks.de\"},\"image\":{\"@id\":\"https:\\\/\\\/shanabooks.de\\\/#\\\/schema\\\/logo\\\/image\\\/\"}}]}<\/script>\n<!-- \/ Yoast SEO plugin. -->","yoast_head_json":{"title":"Li Mala M\u00eer - Firat Cewer\u00ee - www.shanabooks.de","description":"Li Mala M\u00eer - Firat Cewer\u00ee \u201cFirat Cewer\u00ee: Gelo milet\u00ean bindest bi \u00e7i away\u00ee dikarin hey\u00eena xwe ji serdest\u00ean xwe bipar\u00eazin? M\u00eer Celadet Al\u00ee Bedirxan: Milet...","robots":{"index":"index","follow":"follow","max-snippet":"max-snippet:-1","max-image-preview":"max-image-preview:large","max-video-preview":"max-video-preview:-1"},"canonical":"https:\/\/shanabooks.de\/product\/li-mala-mir-firat-ceweri\/","og_locale":"de_DE","og_type":"article","og_title":"Li Mala M\u00eer - Firat Cewer\u00ee - www.shanabooks.de","og_description":"Li Mala M\u00eer - Firat Cewer\u00ee \u201cFirat Cewer\u00ee: Gelo milet\u00ean bindest bi \u00e7i away\u00ee dikarin hey\u00eena xwe ji serdest\u00ean xwe bipar\u00eazin? M\u00eer Celadet Al\u00ee Bedirxan: Milet...","og_url":"https:\/\/shanabooks.de\/product\/li-mala-mir-firat-ceweri\/","og_site_name":"www.shanabooks.de","article_modified_time":"2025-12-30T23:05:40+00:00","og_image":[{"width":512,"height":775,"url":"https:\/\/shanabooks.de\/wp-content\/uploads\/2024\/03\/li-mala-mir.jpg","type":"image\/jpeg"}],"twitter_card":"summary_large_image","twitter_misc":{"Gesch\u00e4tzte Lesezeit":"2\u00a0Minuten"},"schema":{"@context":"https:\/\/schema.org","@graph":[{"@type":"WebPage","@id":"https:\/\/shanabooks.de\/product\/li-mala-mir-firat-ceweri\/","url":"https:\/\/shanabooks.de\/product\/li-mala-mir-firat-ceweri\/","name":"Li Mala M\u00eer - Firat Cewer\u00ee - www.shanabooks.de","isPartOf":{"@id":"https:\/\/shanabooks.de\/#website"},"primaryImageOfPage":{"@id":"https:\/\/shanabooks.de\/product\/li-mala-mir-firat-ceweri\/#primaryimage"},"image":{"@id":"https:\/\/shanabooks.de\/product\/li-mala-mir-firat-ceweri\/#primaryimage"},"thumbnailUrl":"https:\/\/shanabooks.de\/wp-content\/uploads\/2024\/03\/li-mala-mir.jpg","datePublished":"2024-03-03T19:40:52+00:00","dateModified":"2025-12-30T23:05:40+00:00","description":"Li Mala M\u00eer - Firat Cewer\u00ee \u201cFirat Cewer\u00ee: Gelo milet\u00ean bindest bi \u00e7i away\u00ee dikarin hey\u00eena xwe ji serdest\u00ean xwe bipar\u00eazin? M\u00eer Celadet Al\u00ee Bedirxan: Milet...","breadcrumb":{"@id":"https:\/\/shanabooks.de\/product\/li-mala-mir-firat-ceweri\/#breadcrumb"},"inLanguage":"de","potentialAction":[{"@type":"ReadAction","target":["https:\/\/shanabooks.de\/product\/li-mala-mir-firat-ceweri\/"]}]},{"@type":"ImageObject","inLanguage":"de","@id":"https:\/\/shanabooks.de\/product\/li-mala-mir-firat-ceweri\/#primaryimage","url":"https:\/\/shanabooks.de\/wp-content\/uploads\/2024\/03\/li-mala-mir.jpg","contentUrl":"https:\/\/shanabooks.de\/wp-content\/uploads\/2024\/03\/li-mala-mir.jpg","width":512,"height":775,"caption":"Li Mala M\u00eer - Firat Cewer\u00ee - pirt\u00fbk\u00ean kurd\u00ee - roman"},{"@type":"BreadcrumbList","@id":"https:\/\/shanabooks.de\/product\/li-mala-mir-firat-ceweri\/#breadcrumb","itemListElement":[{"@type":"ListItem","position":1,"name":"\u0627\u0644\u0631\u0626\u064a\u0633\u064a\u0629","item":"https:\/\/shanabooks.de\/de\/"},{"@type":"ListItem","position":2,"name":"\u0627\u0644\u0645\u0646\u062a\u062c\u0627\u062a","item":"https:\/\/shanabooks.de\/shop\/"},{"@type":"ListItem","position":3,"name":"Li Mala M\u00eer"}]},{"@type":"WebSite","@id":"https:\/\/shanabooks.de\/#website","url":"https:\/\/shanabooks.de\/","name":"www.shanbooks.de","description":"C\u00eehana Pirt\u00fbk\u00ean Kurd\u00ee \u0645\u0643\u062a\u0628\u0629 \u0634\u0627\u0646\u0627 \u0641\u064a \u0627\u0644\u0645\u0627\u0646\u064a\u0627 \u0648\u0623\u0648\u0631\u0628\u0627","publisher":{"@id":"https:\/\/shanabooks.de\/#organization"},"potentialAction":[{"@type":"SearchAction","target":{"@type":"EntryPoint","urlTemplate":"https:\/\/shanabooks.de\/?s={search_term_string}"},"query-input":{"@type":"PropertyValueSpecification","valueRequired":true,"valueName":"search_term_string"}}],"inLanguage":"de"},{"@type":"Organization","@id":"https:\/\/shanabooks.de\/#organization","name":"www.shanbooks.de","url":"https:\/\/shanabooks.de\/","logo":{"@type":"ImageObject","inLanguage":"de","@id":"https:\/\/shanabooks.de\/#\/schema\/logo\/image\/","url":"https:\/\/shanabooks.de\/wp-content\/uploads\/2024\/03\/SHANABOOKS__2_-removebg-preview.png","contentUrl":"https:\/\/shanabooks.de\/wp-content\/uploads\/2024\/03\/SHANABOOKS__2_-removebg-preview.png","width":700,"height":150,"caption":"www.shanbooks.de"},"image":{"@id":"https:\/\/shanabooks.de\/#\/schema\/logo\/image\/"}}]}},"jetpack_sharing_enabled":true,"_links":{"self":[{"href":"https:\/\/shanabooks.de\/de\/wp-json\/wp\/v2\/product\/12113","targetHints":{"allow":["GET"]}}],"collection":[{"href":"https:\/\/shanabooks.de\/de\/wp-json\/wp\/v2\/product"}],"about":[{"href":"https:\/\/shanabooks.de\/de\/wp-json\/wp\/v2\/types\/product"}],"version-history":[{"count":3,"href":"https:\/\/shanabooks.de\/de\/wp-json\/wp\/v2\/product\/12113\/revisions"}],"predecessor-version":[{"id":22854,"href":"https:\/\/shanabooks.de\/de\/wp-json\/wp\/v2\/product\/12113\/revisions\/22854"}],"wp:featuredmedia":[{"embeddable":true,"href":"https:\/\/shanabooks.de\/de\/wp-json\/wp\/v2\/media\/12171"}],"wp:attachment":[{"href":"https:\/\/shanabooks.de\/de\/wp-json\/wp\/v2\/media?parent=12113"}],"wp:term":[{"taxonomy":"product_brand","embeddable":true,"href":"https:\/\/shanabooks.de\/de\/wp-json\/wp\/v2\/product_brand?post=12113"},{"taxonomy":"product_cat","embeddable":true,"href":"https:\/\/shanabooks.de\/de\/wp-json\/wp\/v2\/product_cat?post=12113"},{"taxonomy":"product_tag","embeddable":true,"href":"https:\/\/shanabooks.de\/de\/wp-json\/wp\/v2\/product_tag?post=12113"}],"curies":[{"name":"wp","href":"https:\/\/api.w.org\/{rel}","templated":true}]}}