{"id":12115,"date":"2024-03-03T19:40:53","date_gmt":"2024-03-03T19:40:53","guid":{"rendered":"https:\/\/shanabooks.de\/?post_type=product&#038;p=12115"},"modified":"2025-12-30T22:55:35","modified_gmt":"2025-12-30T22:55:35","slug":"din-u-sin-renas-jiyan","status":"publish","type":"product","link":"https:\/\/shanabooks.de\/de\/product\/din-u-sin-renas-jiyan\/","title":{"rendered":"D\u00een \u00fb \u015e\u00een"},"content":{"rendered":"<p dir=\"ltr\"><strong>D\u00een \u00fb \u015e\u00een &#8211; R\u00eanas Jiyan<\/strong><\/p>\n<p dir=\"ltr\">Min ji te hez kir<br \/>\n\u00e7\u00eerokan b\u00ea xatirxwestin ji c\u00eerantiya min bar kir<br \/>\nMin li hember\u00ee bedewiya baranan ser\u00ee rakir<br \/>\nMin ji bo ku dest\u00ean te neqefil\u00eene bay\u00ea kur bert\u00eel kir<br \/>\nMin kenek\u00ee n\u00fb ji xwe re kir\u00ea kir\u00a0<span class=\"text_exposed_show\"><br \/>\nMin xwe di nav xelk\u00ea de nav-no kir<br \/>\nMin li benda te xwe sp\u00ee kir,<br \/>\n\u015f\u00eeva xwe sar kir,<br \/>\nXw\u00eena xwe zilindar kir,<br \/>\nMin ji aciz\u00ee xwe \u00e7\u00eer\u00e7\u00eer\u00ee kir,<br \/>\nXwe bi ten\u00eatiyeke pir bi tal\u00fbke h\u00fbrh\u00fbr\u00ee kir<br \/>\nMin ji te hez kir<br \/>\nMin mala xwe xera kir<\/span><\/p>\n<p dir=\"ltr\">\n","protected":false},"excerpt":{"rendered":"<p dir=\"ltr\" style=\"text-align: center\"><strong>Pirt\u00fbk: D\u00een \u00fb \u015e\u00een<br \/>\nNiv\u00eeskar: R\u00eanas Jiyan<\/strong><br \/>\n<strong>Cure: Helbest<\/strong><\/p>\n","protected":false},"featured_media":12175,"template":"","meta":{"site-sidebar-layout":"default","site-content-layout":"","ast-site-content-layout":"default","site-content-style":"default","site-sidebar-style":"default","ast-global-header-display":"","ast-banner-title-visibility":"","ast-main-header-display":"","ast-hfb-above-header-display":"","ast-hfb-below-header-display":"","ast-hfb-mobile-header-display":"","site-post-title":"","ast-breadcrumbs-content":"","ast-featured-img":"","footer-sml-layout":"","ast-disable-related-posts":"","theme-transparent-header-meta":"default","adv-header-id-meta":"","stick-header-meta":"","header-above-stick-meta":"","header-main-stick-meta":"","header-below-stick-meta":"","astra-migrate-meta-layouts":"set","ast-page-background-enabled":"default","ast-page-background-meta":{"desktop":{"background-color":"","background-image":"","background-repeat":"repeat","background-position":"center center","background-size":"auto","background-attachment":"scroll","background-type":"","background-media":"","overlay-type":"","overlay-color":"","overlay-opacity":"","overlay-gradient":""},"tablet":{"background-color":"","background-image":"","background-repeat":"repeat","background-position":"center center","background-size":"auto","background-attachment":"scroll","background-type":"","background-media":"","overlay-type":"","overlay-color":"","overlay-opacity":"","overlay-gradient":""},"mobile":{"background-color":"","background-image":"","background-repeat":"repeat","background-position":"center center","background-size":"auto","background-attachment":"scroll","background-type":"","background-media":"","overlay-type":"","overlay-color":"","overlay-opacity":"","overlay-gradient":""}},"ast-content-background-meta":{"desktop":{"background-color":"var(--ast-global-color-5)","background-image":"","background-repeat":"repeat","background-position":"center center","background-size":"auto","background-attachment":"scroll","background-type":"","background-media":"","overlay-type":"","overlay-color":"","overlay-opacity":"","overlay-gradient":""},"tablet":{"background-color":"var(--ast-global-color-5)","background-image":"","background-repeat":"repeat","background-position":"center center","background-size":"auto","background-attachment":"scroll","background-type":"","background-media":"","overlay-type":"","overlay-color":"","overlay-opacity":"","overlay-gradient":""},"mobile":{"background-color":"var(--ast-global-color-5)","background-image":"","background-repeat":"repeat","background-position":"center center","background-size":"auto","background-attachment":"scroll","background-type":"","background-media":"","overlay-type":"","overlay-color":"","overlay-opacity":"","overlay-gradient":""}}},"product_brand":[],"product_cat":[193],"product_tag":[],"class_list":{"0":"post-12115","1":"product","2":"type-product","3":"status-publish","4":"has-post-thumbnail","6":"product_cat--_","7":"pa_-helbest","8":"pa_-renas-jiyan","9":"pa_-kurmanci","10":"pa_--belki","11":"desktop-align-left","12":"tablet-align-left","13":"mobile-align-left","15":"first","16":"outofstock","17":"shipping-taxable","18":"purchasable","19":"product-type-simple"},"yoast_head":"<!-- This site is optimized with the Yoast SEO plugin v27.4 - https:\/\/yoast.com\/product\/yoast-seo-wordpress\/ -->\n<title>D\u00een \u00fb \u015e\u00een - R\u00eanas Jiyan - www.shanabooks.de<\/title>\n<meta name=\"description\" content=\"D\u00een \u00fb \u015e\u00een - R\u00eanas Jiyan Min ji te hez kir \u00e7\u00eerokan b\u00ea xatirxwestin ji c\u00eerantiya min bar kir Min li hember\u00ee bedewiya baranan ser\u00ee rakir Min ji bo ku dest\u00ean...\" \/>\n<meta name=\"robots\" content=\"index, follow, max-snippet:-1, max-image-preview:large, max-video-preview:-1\" \/>\n<link rel=\"canonical\" href=\"https:\/\/shanabooks.de\/product\/din-u-sin-renas-jiyan\/\" \/>\n<meta property=\"og:locale\" content=\"de_DE\" \/>\n<meta property=\"og:type\" content=\"article\" \/>\n<meta property=\"og:title\" content=\"D\u00een \u00fb \u015e\u00een - R\u00eanas Jiyan - www.shanabooks.de\" \/>\n<meta property=\"og:description\" content=\"D\u00een \u00fb \u015e\u00een - R\u00eanas Jiyan Min ji te hez kir \u00e7\u00eerokan b\u00ea xatirxwestin ji c\u00eerantiya min bar kir Min li hember\u00ee bedewiya baranan ser\u00ee rakir Min ji bo ku dest\u00ean...\" \/>\n<meta property=\"og:url\" content=\"https:\/\/shanabooks.de\/product\/din-u-sin-renas-jiyan\/\" \/>\n<meta property=\"og:site_name\" content=\"www.shanabooks.de\" \/>\n<meta property=\"article:modified_time\" content=\"2025-12-30T22:55:35+00:00\" \/>\n<meta property=\"og:image\" content=\"https:\/\/shanabooks.de\/wp-content\/uploads\/2024\/03\/Din-u-Sin-1-1.png\" \/>\n\t<meta property=\"og:image:width\" content=\"334\" \/>\n\t<meta property=\"og:image:height\" content=\"478\" \/>\n\t<meta property=\"og:image:type\" content=\"image\/png\" \/>\n<meta name=\"twitter:card\" content=\"summary_large_image\" \/>\n<meta name=\"twitter:label1\" content=\"Gesch\u00e4tzte Lesezeit\" \/>\n\t<meta name=\"twitter:data1\" content=\"1\u00a0Minute\" \/>\n<script type=\"application\/ld+json\" class=\"yoast-schema-graph\">{\"@context\":\"https:\\\/\\\/schema.org\",\"@graph\":[{\"@type\":\"WebPage\",\"@id\":\"https:\\\/\\\/shanabooks.de\\\/product\\\/din-u-sin-renas-jiyan\\\/\",\"url\":\"https:\\\/\\\/shanabooks.de\\\/product\\\/din-u-sin-renas-jiyan\\\/\",\"name\":\"D\u00een \u00fb \u015e\u00een - R\u00eanas Jiyan - www.shanabooks.de\",\"isPartOf\":{\"@id\":\"https:\\\/\\\/shanabooks.de\\\/#website\"},\"primaryImageOfPage\":{\"@id\":\"https:\\\/\\\/shanabooks.de\\\/product\\\/din-u-sin-renas-jiyan\\\/#primaryimage\"},\"image\":{\"@id\":\"https:\\\/\\\/shanabooks.de\\\/product\\\/din-u-sin-renas-jiyan\\\/#primaryimage\"},\"thumbnailUrl\":\"https:\\\/\\\/shanabooks.de\\\/wp-content\\\/uploads\\\/2024\\\/03\\\/Din-u-Sin-1-1.png\",\"datePublished\":\"2024-03-03T19:40:53+00:00\",\"dateModified\":\"2025-12-30T22:55:35+00:00\",\"description\":\"D\u00een \u00fb \u015e\u00een - R\u00eanas Jiyan Min ji te hez kir \u00e7\u00eerokan b\u00ea xatirxwestin ji c\u00eerantiya min bar kir Min li hember\u00ee bedewiya baranan ser\u00ee rakir Min ji bo ku dest\u00ean...\",\"breadcrumb\":{\"@id\":\"https:\\\/\\\/shanabooks.de\\\/product\\\/din-u-sin-renas-jiyan\\\/#breadcrumb\"},\"inLanguage\":\"de\",\"potentialAction\":[{\"@type\":\"ReadAction\",\"target\":[\"https:\\\/\\\/shanabooks.de\\\/product\\\/din-u-sin-renas-jiyan\\\/\"]}]},{\"@type\":\"ImageObject\",\"inLanguage\":\"de\",\"@id\":\"https:\\\/\\\/shanabooks.de\\\/product\\\/din-u-sin-renas-jiyan\\\/#primaryimage\",\"url\":\"https:\\\/\\\/shanabooks.de\\\/wp-content\\\/uploads\\\/2024\\\/03\\\/Din-u-Sin-1-1.png\",\"contentUrl\":\"https:\\\/\\\/shanabooks.de\\\/wp-content\\\/uploads\\\/2024\\\/03\\\/Din-u-Sin-1-1.png\",\"width\":334,\"height\":478,\"caption\":\"D\u00een \u00fb \u015e\u00een - R\u00eanas Jiyan - pirt\u00fbk\u00ean kurd\u00ee - helbest\"},{\"@type\":\"BreadcrumbList\",\"@id\":\"https:\\\/\\\/shanabooks.de\\\/product\\\/din-u-sin-renas-jiyan\\\/#breadcrumb\",\"itemListElement\":[{\"@type\":\"ListItem\",\"position\":1,\"name\":\"\u0627\u0644\u0631\u0626\u064a\u0633\u064a\u0629\",\"item\":\"https:\\\/\\\/shanabooks.de\\\/de\\\/\"},{\"@type\":\"ListItem\",\"position\":2,\"name\":\"\u0627\u0644\u0645\u0646\u062a\u062c\u0627\u062a\",\"item\":\"https:\\\/\\\/shanabooks.de\\\/shop\\\/\"},{\"@type\":\"ListItem\",\"position\":3,\"name\":\"D\u00een \u00fb \u015e\u00een\"}]},{\"@type\":\"WebSite\",\"@id\":\"https:\\\/\\\/shanabooks.de\\\/#website\",\"url\":\"https:\\\/\\\/shanabooks.de\\\/\",\"name\":\"www.shanbooks.de\",\"description\":\"C\u00eehana Pirt\u00fbk\u00ean Kurd\u00ee \u0645\u0643\u062a\u0628\u0629 \u0634\u0627\u0646\u0627 \u0641\u064a \u0627\u0644\u0645\u0627\u0646\u064a\u0627 \u0648\u0623\u0648\u0631\u0628\u0627\",\"publisher\":{\"@id\":\"https:\\\/\\\/shanabooks.de\\\/#organization\"},\"potentialAction\":[{\"@type\":\"SearchAction\",\"target\":{\"@type\":\"EntryPoint\",\"urlTemplate\":\"https:\\\/\\\/shanabooks.de\\\/?s={search_term_string}\"},\"query-input\":{\"@type\":\"PropertyValueSpecification\",\"valueRequired\":true,\"valueName\":\"search_term_string\"}}],\"inLanguage\":\"de\"},{\"@type\":\"Organization\",\"@id\":\"https:\\\/\\\/shanabooks.de\\\/#organization\",\"name\":\"www.shanbooks.de\",\"url\":\"https:\\\/\\\/shanabooks.de\\\/\",\"logo\":{\"@type\":\"ImageObject\",\"inLanguage\":\"de\",\"@id\":\"https:\\\/\\\/shanabooks.de\\\/#\\\/schema\\\/logo\\\/image\\\/\",\"url\":\"https:\\\/\\\/shanabooks.de\\\/wp-content\\\/uploads\\\/2024\\\/03\\\/SHANABOOKS__2_-removebg-preview.png\",\"contentUrl\":\"https:\\\/\\\/shanabooks.de\\\/wp-content\\\/uploads\\\/2024\\\/03\\\/SHANABOOKS__2_-removebg-preview.png\",\"width\":700,\"height\":150,\"caption\":\"www.shanbooks.de\"},\"image\":{\"@id\":\"https:\\\/\\\/shanabooks.de\\\/#\\\/schema\\\/logo\\\/image\\\/\"}}]}<\/script>\n<!-- \/ Yoast SEO plugin. -->","yoast_head_json":{"title":"D\u00een \u00fb \u015e\u00een - R\u00eanas Jiyan - www.shanabooks.de","description":"D\u00een \u00fb \u015e\u00een - R\u00eanas Jiyan Min ji te hez kir \u00e7\u00eerokan b\u00ea xatirxwestin ji c\u00eerantiya min bar kir Min li hember\u00ee bedewiya baranan ser\u00ee rakir Min ji bo ku dest\u00ean...","robots":{"index":"index","follow":"follow","max-snippet":"max-snippet:-1","max-image-preview":"max-image-preview:large","max-video-preview":"max-video-preview:-1"},"canonical":"https:\/\/shanabooks.de\/product\/din-u-sin-renas-jiyan\/","og_locale":"de_DE","og_type":"article","og_title":"D\u00een \u00fb \u015e\u00een - R\u00eanas Jiyan - www.shanabooks.de","og_description":"D\u00een \u00fb \u015e\u00een - R\u00eanas Jiyan Min ji te hez kir \u00e7\u00eerokan b\u00ea xatirxwestin ji c\u00eerantiya min bar kir Min li hember\u00ee bedewiya baranan ser\u00ee rakir Min ji bo ku dest\u00ean...","og_url":"https:\/\/shanabooks.de\/product\/din-u-sin-renas-jiyan\/","og_site_name":"www.shanabooks.de","article_modified_time":"2025-12-30T22:55:35+00:00","og_image":[{"width":334,"height":478,"url":"https:\/\/shanabooks.de\/wp-content\/uploads\/2024\/03\/Din-u-Sin-1-1.png","type":"image\/png"}],"twitter_card":"summary_large_image","twitter_misc":{"Gesch\u00e4tzte Lesezeit":"1\u00a0Minute"},"schema":{"@context":"https:\/\/schema.org","@graph":[{"@type":"WebPage","@id":"https:\/\/shanabooks.de\/product\/din-u-sin-renas-jiyan\/","url":"https:\/\/shanabooks.de\/product\/din-u-sin-renas-jiyan\/","name":"D\u00een \u00fb \u015e\u00een - R\u00eanas Jiyan - www.shanabooks.de","isPartOf":{"@id":"https:\/\/shanabooks.de\/#website"},"primaryImageOfPage":{"@id":"https:\/\/shanabooks.de\/product\/din-u-sin-renas-jiyan\/#primaryimage"},"image":{"@id":"https:\/\/shanabooks.de\/product\/din-u-sin-renas-jiyan\/#primaryimage"},"thumbnailUrl":"https:\/\/shanabooks.de\/wp-content\/uploads\/2024\/03\/Din-u-Sin-1-1.png","datePublished":"2024-03-03T19:40:53+00:00","dateModified":"2025-12-30T22:55:35+00:00","description":"D\u00een \u00fb \u015e\u00een - R\u00eanas Jiyan Min ji te hez kir \u00e7\u00eerokan b\u00ea xatirxwestin ji c\u00eerantiya min bar kir Min li hember\u00ee bedewiya baranan ser\u00ee rakir Min ji bo ku dest\u00ean...","breadcrumb":{"@id":"https:\/\/shanabooks.de\/product\/din-u-sin-renas-jiyan\/#breadcrumb"},"inLanguage":"de","potentialAction":[{"@type":"ReadAction","target":["https:\/\/shanabooks.de\/product\/din-u-sin-renas-jiyan\/"]}]},{"@type":"ImageObject","inLanguage":"de","@id":"https:\/\/shanabooks.de\/product\/din-u-sin-renas-jiyan\/#primaryimage","url":"https:\/\/shanabooks.de\/wp-content\/uploads\/2024\/03\/Din-u-Sin-1-1.png","contentUrl":"https:\/\/shanabooks.de\/wp-content\/uploads\/2024\/03\/Din-u-Sin-1-1.png","width":334,"height":478,"caption":"D\u00een \u00fb \u015e\u00een - R\u00eanas Jiyan - pirt\u00fbk\u00ean kurd\u00ee - helbest"},{"@type":"BreadcrumbList","@id":"https:\/\/shanabooks.de\/product\/din-u-sin-renas-jiyan\/#breadcrumb","itemListElement":[{"@type":"ListItem","position":1,"name":"\u0627\u0644\u0631\u0626\u064a\u0633\u064a\u0629","item":"https:\/\/shanabooks.de\/de\/"},{"@type":"ListItem","position":2,"name":"\u0627\u0644\u0645\u0646\u062a\u062c\u0627\u062a","item":"https:\/\/shanabooks.de\/shop\/"},{"@type":"ListItem","position":3,"name":"D\u00een \u00fb \u015e\u00een"}]},{"@type":"WebSite","@id":"https:\/\/shanabooks.de\/#website","url":"https:\/\/shanabooks.de\/","name":"www.shanbooks.de","description":"C\u00eehana Pirt\u00fbk\u00ean Kurd\u00ee \u0645\u0643\u062a\u0628\u0629 \u0634\u0627\u0646\u0627 \u0641\u064a \u0627\u0644\u0645\u0627\u0646\u064a\u0627 \u0648\u0623\u0648\u0631\u0628\u0627","publisher":{"@id":"https:\/\/shanabooks.de\/#organization"},"potentialAction":[{"@type":"SearchAction","target":{"@type":"EntryPoint","urlTemplate":"https:\/\/shanabooks.de\/?s={search_term_string}"},"query-input":{"@type":"PropertyValueSpecification","valueRequired":true,"valueName":"search_term_string"}}],"inLanguage":"de"},{"@type":"Organization","@id":"https:\/\/shanabooks.de\/#organization","name":"www.shanbooks.de","url":"https:\/\/shanabooks.de\/","logo":{"@type":"ImageObject","inLanguage":"de","@id":"https:\/\/shanabooks.de\/#\/schema\/logo\/image\/","url":"https:\/\/shanabooks.de\/wp-content\/uploads\/2024\/03\/SHANABOOKS__2_-removebg-preview.png","contentUrl":"https:\/\/shanabooks.de\/wp-content\/uploads\/2024\/03\/SHANABOOKS__2_-removebg-preview.png","width":700,"height":150,"caption":"www.shanbooks.de"},"image":{"@id":"https:\/\/shanabooks.de\/#\/schema\/logo\/image\/"}}]}},"jetpack_sharing_enabled":true,"_links":{"self":[{"href":"https:\/\/shanabooks.de\/de\/wp-json\/wp\/v2\/product\/12115","targetHints":{"allow":["GET"]}}],"collection":[{"href":"https:\/\/shanabooks.de\/de\/wp-json\/wp\/v2\/product"}],"about":[{"href":"https:\/\/shanabooks.de\/de\/wp-json\/wp\/v2\/types\/product"}],"version-history":[{"count":2,"href":"https:\/\/shanabooks.de\/de\/wp-json\/wp\/v2\/product\/12115\/revisions"}],"predecessor-version":[{"id":22911,"href":"https:\/\/shanabooks.de\/de\/wp-json\/wp\/v2\/product\/12115\/revisions\/22911"}],"wp:featuredmedia":[{"embeddable":true,"href":"https:\/\/shanabooks.de\/de\/wp-json\/wp\/v2\/media\/12175"}],"wp:attachment":[{"href":"https:\/\/shanabooks.de\/de\/wp-json\/wp\/v2\/media?parent=12115"}],"wp:term":[{"taxonomy":"product_brand","embeddable":true,"href":"https:\/\/shanabooks.de\/de\/wp-json\/wp\/v2\/product_brand?post=12115"},{"taxonomy":"product_cat","embeddable":true,"href":"https:\/\/shanabooks.de\/de\/wp-json\/wp\/v2\/product_cat?post=12115"},{"taxonomy":"product_tag","embeddable":true,"href":"https:\/\/shanabooks.de\/de\/wp-json\/wp\/v2\/product_tag?post=12115"}],"curies":[{"name":"wp","href":"https:\/\/api.w.org\/{rel}","templated":true}]}}