{"id":12117,"date":"2024-03-03T19:40:53","date_gmt":"2024-03-03T19:40:53","guid":{"rendered":"https:\/\/shanabooks.de\/?post_type=product&#038;p=12117"},"modified":"2026-01-02T19:17:58","modified_gmt":"2026-01-02T19:17:58","slug":"strana-sev-u-rojeke-ciwanmerd-kulek","status":"publish","type":"product","link":"https:\/\/shanabooks.de\/de\/product\/strana-sev-u-rojeke-ciwanmerd-kulek\/","title":{"rendered":"Strana \u015eev \u00fb Rojek\u00ea\u00a0"},"content":{"rendered":"<p dir=\"ltr\"><strong>Strana \u015eev \u00fb Rojek\u00ea &#8211; Ciwanmerd Kulek<\/strong><\/p>\n<div class=\"product-tabs\">\n<div class=\"tabs-content\">\n<div id=\"tab-description\" class=\"tab-pane tab-content active \">\n<p dir=\"ltr\">Strana \u015eev \u00fb Rojek\u00ea Ciwanmerd Kulek di v\u00ea berhema xwe de me dibe destp\u00eaka gotin\u00ea \u00fb qelema xwe di reng\u00ean d\u00ee \u00ean edebiyat\u00ea dadike. Gotin vedigere deng \u00fb bi kilam, nihurandin \u00fb d\u00fbrikan durr \u00fb mirwariy\u00ean deng\u00ean edebiyata devk\u00ee \u00fb gel\u00ear\u00ee card\u00ee li ber \u00e7av\u00ean me radix\u00eene. Dema ji t\u00fbrik\u00ea zargotin\u00ea bi temayeke w\u00ea ya her\u00ee takekes\u00ee \u00fb caw\u00eedan, ango bi ev\u00een\u00ea, li ber guh\u00ea me dipist\u00eene, ji w\u00ea yek\u00ea j\u00ee nam\u00eene ku hem silavek\u00ea bide \u015f\u00eawey\u00ea ezel\u00ee \u00ea vegotin\u00ea, ango helbest\u00ea, hem j\u00ee xatireke derengmay\u00ee j\u00ea bixwaze ku weku di destp\u00eaka edebiyat\u00ea \u00fb k\u00eam z\u00eade a her niv\u00eeskar\u00ee de heb\u00fbye, di qonaxa w\u00ee ya yekem a niv\u00eeskariy\u00ea de j\u00ee ciyek girtiye. V\u00ea berhevoka ku deng\u00ean Kurd\u00ee t\u00ea de wek ava kaniyan ji bin tebeqey\u00ean kevnar \u00ean m\u00eaj\u00fb \u00fb w\u00eajeya me diherikin, d\u00ea bi muz\u00eekal\u00eeteyeke resen \u00fb reng\u00een kit\u00eabxaneya me bixemil\u00eene.<\/p>\n<\/div>\n<\/div>\n<\/div>\n","protected":false},"excerpt":{"rendered":"<p dir=\"ltr\" style=\"text-align: center\"><strong>Pirt\u00fbk: Strana \u015eev \u00fb Rojek\u00ea<br \/>\nNiv\u00eeskar: Ciwanmerd Kulek<\/strong><strong><br \/>\nCure: Helbest<\/strong><\/p>\n<div id=\"product\" class=\"product-options\">\n<div class=\"journal-custom-tab\" style=\"text-align: center\"><\/div>\n<\/div>\n","protected":false},"featured_media":12179,"template":"","meta":{"site-sidebar-layout":"default","site-content-layout":"","ast-site-content-layout":"default","site-content-style":"default","site-sidebar-style":"default","ast-global-header-display":"","ast-banner-title-visibility":"","ast-main-header-display":"","ast-hfb-above-header-display":"","ast-hfb-below-header-display":"","ast-hfb-mobile-header-display":"","site-post-title":"","ast-breadcrumbs-content":"","ast-featured-img":"","footer-sml-layout":"","ast-disable-related-posts":"","theme-transparent-header-meta":"default","adv-header-id-meta":"","stick-header-meta":"","header-above-stick-meta":"","header-main-stick-meta":"","header-below-stick-meta":"","astra-migrate-meta-layouts":"set","ast-page-background-enabled":"default","ast-page-background-meta":{"desktop":{"background-color":"","background-image":"","background-repeat":"repeat","background-position":"center center","background-size":"auto","background-attachment":"scroll","background-type":"","background-media":"","overlay-type":"","overlay-color":"","overlay-opacity":"","overlay-gradient":""},"tablet":{"background-color":"","background-image":"","background-repeat":"repeat","background-position":"center center","background-size":"auto","background-attachment":"scroll","background-type":"","background-media":"","overlay-type":"","overlay-color":"","overlay-opacity":"","overlay-gradient":""},"mobile":{"background-color":"","background-image":"","background-repeat":"repeat","background-position":"center center","background-size":"auto","background-attachment":"scroll","background-type":"","background-media":"","overlay-type":"","overlay-color":"","overlay-opacity":"","overlay-gradient":""}},"ast-content-background-meta":{"desktop":{"background-color":"var(--ast-global-color-5)","background-image":"","background-repeat":"repeat","background-position":"center center","background-size":"auto","background-attachment":"scroll","background-type":"","background-media":"","overlay-type":"","overlay-color":"","overlay-opacity":"","overlay-gradient":""},"tablet":{"background-color":"var(--ast-global-color-5)","background-image":"","background-repeat":"repeat","background-position":"center center","background-size":"auto","background-attachment":"scroll","background-type":"","background-media":"","overlay-type":"","overlay-color":"","overlay-opacity":"","overlay-gradient":""},"mobile":{"background-color":"var(--ast-global-color-5)","background-image":"","background-repeat":"repeat","background-position":"center center","background-size":"auto","background-attachment":"scroll","background-type":"","background-media":"","overlay-type":"","overlay-color":"","overlay-opacity":"","overlay-gradient":""}}},"product_brand":[],"product_cat":[184,193],"product_tag":[],"class_list":{"0":"post-12117","1":"product","2":"type-product","3":"status-publish","4":"has-post-thumbnail","6":"product_cat-_","7":"product_cat--_","8":"pa_-helbest","9":"pa_-ciwanmerd-kulek","10":"pa_-kurmanci","11":"pa_--avesta-yayinlari","12":"desktop-align-left","13":"tablet-align-left","14":"mobile-align-left","16":"first","17":"instock","18":"shipping-taxable","19":"purchasable","20":"product-type-simple"},"yoast_head":"<!-- This site is optimized with the Yoast SEO plugin v27.4 - https:\/\/yoast.com\/product\/yoast-seo-wordpress\/ -->\n<title>Strana \u015eev \u00fb Rojek\u00ea - Ciwanmerd Kulek - www.shanabooks.de<\/title>\n<meta name=\"description\" content=\"Strana \u015eev \u00fb Rojek\u00ea - Ciwanmerd Kulek Strana \u015eev \u00fb Rojek\u00ea Ciwanmerd Kulek di v\u00ea berhema xwe de me dibe destp\u00eaka gotin\u00ea \u00fb qelema xwe di reng\u00ean d\u00ee \u00ean edeb...\" \/>\n<meta name=\"robots\" content=\"index, follow, max-snippet:-1, max-image-preview:large, max-video-preview:-1\" \/>\n<link rel=\"canonical\" href=\"https:\/\/shanabooks.de\/product\/strana-sev-u-rojeke-ciwanmerd-kulek\/\" \/>\n<meta property=\"og:locale\" content=\"de_DE\" \/>\n<meta property=\"og:type\" content=\"article\" \/>\n<meta property=\"og:title\" content=\"Strana \u015eev \u00fb Rojek\u00ea - Ciwanmerd Kulek - www.shanabooks.de\" \/>\n<meta property=\"og:description\" content=\"Strana \u015eev \u00fb Rojek\u00ea - Ciwanmerd Kulek Strana \u015eev \u00fb Rojek\u00ea Ciwanmerd Kulek di v\u00ea berhema xwe de me dibe destp\u00eaka gotin\u00ea \u00fb qelema xwe di reng\u00ean d\u00ee \u00ean edeb...\" \/>\n<meta property=\"og:url\" content=\"https:\/\/shanabooks.de\/product\/strana-sev-u-rojeke-ciwanmerd-kulek\/\" \/>\n<meta property=\"og:site_name\" content=\"www.shanabooks.de\" \/>\n<meta property=\"article:modified_time\" content=\"2026-01-02T19:17:58+00:00\" \/>\n<meta property=\"og:image\" content=\"https:\/\/shanabooks.de\/wp-content\/uploads\/2024\/03\/Strana-sev-u-cirokeke.jpg\" \/>\n\t<meta property=\"og:image:width\" content=\"610\" \/>\n\t<meta property=\"og:image:height\" content=\"900\" \/>\n\t<meta property=\"og:image:type\" content=\"image\/jpeg\" \/>\n<meta name=\"twitter:card\" content=\"summary_large_image\" \/>\n<meta name=\"twitter:label1\" content=\"Gesch\u00e4tzte Lesezeit\" \/>\n\t<meta name=\"twitter:data1\" content=\"2\u00a0Minuten\" \/>\n<script type=\"application\/ld+json\" class=\"yoast-schema-graph\">{\"@context\":\"https:\\\/\\\/schema.org\",\"@graph\":[{\"@type\":\"WebPage\",\"@id\":\"https:\\\/\\\/shanabooks.de\\\/product\\\/strana-sev-u-rojeke-ciwanmerd-kulek\\\/\",\"url\":\"https:\\\/\\\/shanabooks.de\\\/product\\\/strana-sev-u-rojeke-ciwanmerd-kulek\\\/\",\"name\":\"Strana \u015eev \u00fb Rojek\u00ea - Ciwanmerd Kulek - www.shanabooks.de\",\"isPartOf\":{\"@id\":\"https:\\\/\\\/shanabooks.de\\\/#website\"},\"primaryImageOfPage\":{\"@id\":\"https:\\\/\\\/shanabooks.de\\\/product\\\/strana-sev-u-rojeke-ciwanmerd-kulek\\\/#primaryimage\"},\"image\":{\"@id\":\"https:\\\/\\\/shanabooks.de\\\/product\\\/strana-sev-u-rojeke-ciwanmerd-kulek\\\/#primaryimage\"},\"thumbnailUrl\":\"https:\\\/\\\/shanabooks.de\\\/wp-content\\\/uploads\\\/2024\\\/03\\\/Strana-sev-u-cirokeke.jpg\",\"datePublished\":\"2024-03-03T19:40:53+00:00\",\"dateModified\":\"2026-01-02T19:17:58+00:00\",\"description\":\"Strana \u015eev \u00fb Rojek\u00ea - Ciwanmerd Kulek Strana \u015eev \u00fb Rojek\u00ea Ciwanmerd Kulek di v\u00ea berhema xwe de me dibe destp\u00eaka gotin\u00ea \u00fb qelema xwe di reng\u00ean d\u00ee \u00ean edeb...\",\"breadcrumb\":{\"@id\":\"https:\\\/\\\/shanabooks.de\\\/product\\\/strana-sev-u-rojeke-ciwanmerd-kulek\\\/#breadcrumb\"},\"inLanguage\":\"de\",\"potentialAction\":[{\"@type\":\"ReadAction\",\"target\":[\"https:\\\/\\\/shanabooks.de\\\/product\\\/strana-sev-u-rojeke-ciwanmerd-kulek\\\/\"]}]},{\"@type\":\"ImageObject\",\"inLanguage\":\"de\",\"@id\":\"https:\\\/\\\/shanabooks.de\\\/product\\\/strana-sev-u-rojeke-ciwanmerd-kulek\\\/#primaryimage\",\"url\":\"https:\\\/\\\/shanabooks.de\\\/wp-content\\\/uploads\\\/2024\\\/03\\\/Strana-sev-u-cirokeke.jpg\",\"contentUrl\":\"https:\\\/\\\/shanabooks.de\\\/wp-content\\\/uploads\\\/2024\\\/03\\\/Strana-sev-u-cirokeke.jpg\",\"width\":610,\"height\":900,\"caption\":\"Strana \u015eev \u00fb Rojek\u00ea - Ciwanmerd Kulek - pirt\u00fbk\u00ean kurd\u00ee - helbest\"},{\"@type\":\"BreadcrumbList\",\"@id\":\"https:\\\/\\\/shanabooks.de\\\/product\\\/strana-sev-u-rojeke-ciwanmerd-kulek\\\/#breadcrumb\",\"itemListElement\":[{\"@type\":\"ListItem\",\"position\":1,\"name\":\"\u0627\u0644\u0631\u0626\u064a\u0633\u064a\u0629\",\"item\":\"https:\\\/\\\/shanabooks.de\\\/de\\\/\"},{\"@type\":\"ListItem\",\"position\":2,\"name\":\"\u0627\u0644\u0645\u0646\u062a\u062c\u0627\u062a\",\"item\":\"https:\\\/\\\/shanabooks.de\\\/shop\\\/\"},{\"@type\":\"ListItem\",\"position\":3,\"name\":\"Strana \u015eev \u00fb Rojek\u00ea\u00a0\"}]},{\"@type\":\"WebSite\",\"@id\":\"https:\\\/\\\/shanabooks.de\\\/#website\",\"url\":\"https:\\\/\\\/shanabooks.de\\\/\",\"name\":\"www.shanbooks.de\",\"description\":\"C\u00eehana Pirt\u00fbk\u00ean Kurd\u00ee \u0645\u0643\u062a\u0628\u0629 \u0634\u0627\u0646\u0627 \u0641\u064a \u0627\u0644\u0645\u0627\u0646\u064a\u0627 \u0648\u0623\u0648\u0631\u0628\u0627\",\"publisher\":{\"@id\":\"https:\\\/\\\/shanabooks.de\\\/#organization\"},\"potentialAction\":[{\"@type\":\"SearchAction\",\"target\":{\"@type\":\"EntryPoint\",\"urlTemplate\":\"https:\\\/\\\/shanabooks.de\\\/?s={search_term_string}\"},\"query-input\":{\"@type\":\"PropertyValueSpecification\",\"valueRequired\":true,\"valueName\":\"search_term_string\"}}],\"inLanguage\":\"de\"},{\"@type\":\"Organization\",\"@id\":\"https:\\\/\\\/shanabooks.de\\\/#organization\",\"name\":\"www.shanbooks.de\",\"url\":\"https:\\\/\\\/shanabooks.de\\\/\",\"logo\":{\"@type\":\"ImageObject\",\"inLanguage\":\"de\",\"@id\":\"https:\\\/\\\/shanabooks.de\\\/#\\\/schema\\\/logo\\\/image\\\/\",\"url\":\"https:\\\/\\\/shanabooks.de\\\/wp-content\\\/uploads\\\/2024\\\/03\\\/SHANABOOKS__2_-removebg-preview.png\",\"contentUrl\":\"https:\\\/\\\/shanabooks.de\\\/wp-content\\\/uploads\\\/2024\\\/03\\\/SHANABOOKS__2_-removebg-preview.png\",\"width\":700,\"height\":150,\"caption\":\"www.shanbooks.de\"},\"image\":{\"@id\":\"https:\\\/\\\/shanabooks.de\\\/#\\\/schema\\\/logo\\\/image\\\/\"}}]}<\/script>\n<!-- \/ Yoast SEO plugin. -->","yoast_head_json":{"title":"Strana \u015eev \u00fb Rojek\u00ea - Ciwanmerd Kulek - www.shanabooks.de","description":"Strana \u015eev \u00fb Rojek\u00ea - Ciwanmerd Kulek Strana \u015eev \u00fb Rojek\u00ea Ciwanmerd Kulek di v\u00ea berhema xwe de me dibe destp\u00eaka gotin\u00ea \u00fb qelema xwe di reng\u00ean d\u00ee \u00ean edeb...","robots":{"index":"index","follow":"follow","max-snippet":"max-snippet:-1","max-image-preview":"max-image-preview:large","max-video-preview":"max-video-preview:-1"},"canonical":"https:\/\/shanabooks.de\/product\/strana-sev-u-rojeke-ciwanmerd-kulek\/","og_locale":"de_DE","og_type":"article","og_title":"Strana \u015eev \u00fb Rojek\u00ea - Ciwanmerd Kulek - www.shanabooks.de","og_description":"Strana \u015eev \u00fb Rojek\u00ea - Ciwanmerd Kulek Strana \u015eev \u00fb Rojek\u00ea Ciwanmerd Kulek di v\u00ea berhema xwe de me dibe destp\u00eaka gotin\u00ea \u00fb qelema xwe di reng\u00ean d\u00ee \u00ean edeb...","og_url":"https:\/\/shanabooks.de\/product\/strana-sev-u-rojeke-ciwanmerd-kulek\/","og_site_name":"www.shanabooks.de","article_modified_time":"2026-01-02T19:17:58+00:00","og_image":[{"width":610,"height":900,"url":"https:\/\/shanabooks.de\/wp-content\/uploads\/2024\/03\/Strana-sev-u-cirokeke.jpg","type":"image\/jpeg"}],"twitter_card":"summary_large_image","twitter_misc":{"Gesch\u00e4tzte Lesezeit":"2\u00a0Minuten"},"schema":{"@context":"https:\/\/schema.org","@graph":[{"@type":"WebPage","@id":"https:\/\/shanabooks.de\/product\/strana-sev-u-rojeke-ciwanmerd-kulek\/","url":"https:\/\/shanabooks.de\/product\/strana-sev-u-rojeke-ciwanmerd-kulek\/","name":"Strana \u015eev \u00fb Rojek\u00ea - Ciwanmerd Kulek - www.shanabooks.de","isPartOf":{"@id":"https:\/\/shanabooks.de\/#website"},"primaryImageOfPage":{"@id":"https:\/\/shanabooks.de\/product\/strana-sev-u-rojeke-ciwanmerd-kulek\/#primaryimage"},"image":{"@id":"https:\/\/shanabooks.de\/product\/strana-sev-u-rojeke-ciwanmerd-kulek\/#primaryimage"},"thumbnailUrl":"https:\/\/shanabooks.de\/wp-content\/uploads\/2024\/03\/Strana-sev-u-cirokeke.jpg","datePublished":"2024-03-03T19:40:53+00:00","dateModified":"2026-01-02T19:17:58+00:00","description":"Strana \u015eev \u00fb Rojek\u00ea - Ciwanmerd Kulek Strana \u015eev \u00fb Rojek\u00ea Ciwanmerd Kulek di v\u00ea berhema xwe de me dibe destp\u00eaka gotin\u00ea \u00fb qelema xwe di reng\u00ean d\u00ee \u00ean edeb...","breadcrumb":{"@id":"https:\/\/shanabooks.de\/product\/strana-sev-u-rojeke-ciwanmerd-kulek\/#breadcrumb"},"inLanguage":"de","potentialAction":[{"@type":"ReadAction","target":["https:\/\/shanabooks.de\/product\/strana-sev-u-rojeke-ciwanmerd-kulek\/"]}]},{"@type":"ImageObject","inLanguage":"de","@id":"https:\/\/shanabooks.de\/product\/strana-sev-u-rojeke-ciwanmerd-kulek\/#primaryimage","url":"https:\/\/shanabooks.de\/wp-content\/uploads\/2024\/03\/Strana-sev-u-cirokeke.jpg","contentUrl":"https:\/\/shanabooks.de\/wp-content\/uploads\/2024\/03\/Strana-sev-u-cirokeke.jpg","width":610,"height":900,"caption":"Strana \u015eev \u00fb Rojek\u00ea - Ciwanmerd Kulek - pirt\u00fbk\u00ean kurd\u00ee - helbest"},{"@type":"BreadcrumbList","@id":"https:\/\/shanabooks.de\/product\/strana-sev-u-rojeke-ciwanmerd-kulek\/#breadcrumb","itemListElement":[{"@type":"ListItem","position":1,"name":"\u0627\u0644\u0631\u0626\u064a\u0633\u064a\u0629","item":"https:\/\/shanabooks.de\/de\/"},{"@type":"ListItem","position":2,"name":"\u0627\u0644\u0645\u0646\u062a\u062c\u0627\u062a","item":"https:\/\/shanabooks.de\/shop\/"},{"@type":"ListItem","position":3,"name":"Strana \u015eev \u00fb Rojek\u00ea\u00a0"}]},{"@type":"WebSite","@id":"https:\/\/shanabooks.de\/#website","url":"https:\/\/shanabooks.de\/","name":"www.shanbooks.de","description":"C\u00eehana Pirt\u00fbk\u00ean Kurd\u00ee \u0645\u0643\u062a\u0628\u0629 \u0634\u0627\u0646\u0627 \u0641\u064a \u0627\u0644\u0645\u0627\u0646\u064a\u0627 \u0648\u0623\u0648\u0631\u0628\u0627","publisher":{"@id":"https:\/\/shanabooks.de\/#organization"},"potentialAction":[{"@type":"SearchAction","target":{"@type":"EntryPoint","urlTemplate":"https:\/\/shanabooks.de\/?s={search_term_string}"},"query-input":{"@type":"PropertyValueSpecification","valueRequired":true,"valueName":"search_term_string"}}],"inLanguage":"de"},{"@type":"Organization","@id":"https:\/\/shanabooks.de\/#organization","name":"www.shanbooks.de","url":"https:\/\/shanabooks.de\/","logo":{"@type":"ImageObject","inLanguage":"de","@id":"https:\/\/shanabooks.de\/#\/schema\/logo\/image\/","url":"https:\/\/shanabooks.de\/wp-content\/uploads\/2024\/03\/SHANABOOKS__2_-removebg-preview.png","contentUrl":"https:\/\/shanabooks.de\/wp-content\/uploads\/2024\/03\/SHANABOOKS__2_-removebg-preview.png","width":700,"height":150,"caption":"www.shanbooks.de"},"image":{"@id":"https:\/\/shanabooks.de\/#\/schema\/logo\/image\/"}}]}},"jetpack_sharing_enabled":true,"_links":{"self":[{"href":"https:\/\/shanabooks.de\/de\/wp-json\/wp\/v2\/product\/12117","targetHints":{"allow":["GET"]}}],"collection":[{"href":"https:\/\/shanabooks.de\/de\/wp-json\/wp\/v2\/product"}],"about":[{"href":"https:\/\/shanabooks.de\/de\/wp-json\/wp\/v2\/types\/product"}],"version-history":[{"count":2,"href":"https:\/\/shanabooks.de\/de\/wp-json\/wp\/v2\/product\/12117\/revisions"}],"predecessor-version":[{"id":22774,"href":"https:\/\/shanabooks.de\/de\/wp-json\/wp\/v2\/product\/12117\/revisions\/22774"}],"wp:featuredmedia":[{"embeddable":true,"href":"https:\/\/shanabooks.de\/de\/wp-json\/wp\/v2\/media\/12179"}],"wp:attachment":[{"href":"https:\/\/shanabooks.de\/de\/wp-json\/wp\/v2\/media?parent=12117"}],"wp:term":[{"taxonomy":"product_brand","embeddable":true,"href":"https:\/\/shanabooks.de\/de\/wp-json\/wp\/v2\/product_brand?post=12117"},{"taxonomy":"product_cat","embeddable":true,"href":"https:\/\/shanabooks.de\/de\/wp-json\/wp\/v2\/product_cat?post=12117"},{"taxonomy":"product_tag","embeddable":true,"href":"https:\/\/shanabooks.de\/de\/wp-json\/wp\/v2\/product_tag?post=12117"}],"curies":[{"name":"wp","href":"https:\/\/api.w.org\/{rel}","templated":true}]}}