{"id":12119,"date":"2024-03-03T19:40:53","date_gmt":"2024-03-03T19:40:53","guid":{"rendered":"https:\/\/shanabooks.de\/?post_type=product&#038;p=12119"},"modified":"2024-04-03T21:27:54","modified_gmt":"2024-04-03T21:27:54","slug":"zaroken-ber-cem-ciwanmerd-kulek","status":"publish","type":"product","link":"https:\/\/shanabooks.de\/de\/product\/zaroken-ber-cem-ciwanmerd-kulek\/","title":{"rendered":"Zarok\u00ean Ber \u00c7\u00eam"},"content":{"rendered":"<div id=\"g_bimg\" class=\"grid-DS-EntryPoint1-1 backgroundImageGrid-DS-EntryPoint1-1\">\n<div id=\"c_bimg\">\n<div class=\"museumCard_linkTitle-DS-EntryPoint1-1\" dir=\"ltr\"><strong>Zarok\u00ean Ber \u00c7\u00eam &#8211; Ciwanmerd Kulek<\/strong><\/div>\n<\/div>\n<div dir=\"ltr\"><\/div>\n<div id=\"c_bimg\">\n<div id=\"backgroundImage\" class=\"BingImageRoot-DS-EntryPoint1-1\">\n<div id=\"HotspotsContainer\" class=\"hotspotsRenderRegion-DS-EntryPoint1-1 resizeFadeInAnimation-DS-EntryPoint1-1\" dir=\"ltr\" data-t=\"{&quot;n&quot;:&quot;hotspot-container&quot;,&quot;t&quot;:8}\">\u201cDibe ku dema te\u015fb\u00eeha neynik\u00ea bo roman\u00ea \u00ead\u00ee derbas b\u00fbbe \u00e7\u00fbbe, l\u00ea di gumana min de b\u00eay\u00ee ku em Kurd j\u00ee \u00e7endak\u00ee di neynika roman\u00ea de li rast\u00ee \u00fb jiyana xwe binerin ciyek\u00ee ku em herin\u00ea tune. Min ev romana xwe bi t\u00een \u00fb heyecaneke ji a roman\u00ean xwe y\u00ean ber\u00ee w\u00ea cudatir niv\u00ees\u00ee. Gava min ew diniv\u00eesand, ti\u015fta ku min dixwest bikim hinek\u00ee p\u00ea re h\u00een j\u00ee dib\u00fbm: ti\u015fta ku ez l\u00ea digeriyam jixwe li ba min b\u00fb. Serdem serdema siyaset, \u00eedeoloj\u00ee \u00fb medyayan be j\u00ee bi raya min h\u00ea j\u00ee alaveke ku ji romanan \u00e7\u00eatir mirov h\u00een\u00ee ner\u00een \u00fb p\u00eahes\u00een\u00ea bike tune ye. \u00c7unk\u00ee ew meydan\u00ean mezin \u00ean d\u00eetin \u00fb n\u00ee\u015fandan\u00ea ne \u00fb gelek caran ji niv\u00eeskar\u00ean xwe j\u00ee rasteq\u00eentir in.\u201dCiwanmerd Kulek di v\u00ea romana xwe ya ku wek robarek\u00ee diherike de me di karnevala gotin\u00ean pi\u00e7\u00fbk, ner\u00een\u00ean zarokane \u00fb jiyan\u00ean rojane re derdixe gorepana c\u00eehan\u00ean mezin, rabird\u00fby\u00ean d\u00fbr, \u015fapat \u00fb bobelat\u00ean giran \u00fb ber\u00ea neynikeke ronak \u00fb fireh dide ser v\u00ea sedsala me ya buhur\u00ee. Avesta di b\u00eest saliya xwe de bi \u015fanaz\u00ee v\u00ea romana mezin ligel berhem\u00ean din \u00ean Ciwanmerd Kulek bi hev re ji n\u00fb ve \u00e7ap dike.<\/div>\n<\/div>\n<\/div>\n<\/div>\n<div id=\"g_abvFold\" class=\"grid-DS-EntryPoint1-2\">\n<div id=\"c_logo\" class=\"logo-DS-EntryPoint1-1\" style=\"text-align: left\">Zarok\u00ean Ber \u00c7\u00eam ya Ciwanmerd Kulek ji we\u015fan\u00ean L\u00ees\u00ea ye.<\/div>\n<div id=\"c_srch\" class=\"search-DS-EntryPoint1-1 stickySearch-DS-EntryPoint1-1\">\n<div class=\"alignSearchElements-DS-EntryPoint1-1\">\n<div class=\"inputContainer-DS-EntryPoint1-1 inputContainer-DS-EntryPoint1-3\">\n<div id=\"g_bimg\" class=\"grid-DS-EntryPoint1-1 backgroundImageGrid-DS-EntryPoint1-1\">\n<div id=\"c_bimg\">\n<div id=\"backgroundImage\" class=\"BingImageRoot-DS-EntryPoint1-1\">\n<div id=\"museumCard\" class=\"museumCard-DS-EntryPoint1-1 museumCard-DS-EntryPoint1-2\" data-t=\"{&quot;n&quot;:&quot;FeedbackMuseumCard&quot;,&quot;b&quot;:1}\">\n<div id=\"museumCard_linkTitle\" class=\"museumCard_linkTitle-DS-EntryPoint1-1\"><\/div>\n<\/div>\n<div id=\"HotspotsContainer\" class=\"hotspotsRenderRegion-DS-EntryPoint1-1 resizeFadeInAnimation-DS-EntryPoint1-1\" data-t=\"{&quot;n&quot;:&quot;hotspot-container&quot;,&quot;t&quot;:8}\"><\/div>\n<\/div>\n<\/div>\n<\/div>\n<div id=\"g_abvFold\" class=\"grid-DS-EntryPoint1-2\">\n<div id=\"c_logo\" class=\"logo-DS-EntryPoint1-1\"><\/div>\n<div id=\"c_srch\" class=\"search-DS-EntryPoint1-1 stickySearch-DS-EntryPoint1-1\">\n<div class=\"alignSearchElements-DS-EntryPoint1-1\">\n<div class=\"inputContainer-DS-EntryPoint1-1 inputContainer-DS-EntryPoint1-3\"><\/div>\n<\/div>\n<\/div>\n<\/div>\n<\/div>\n<\/div>\n<\/div>\n<\/div>\n","protected":false},"excerpt":{"rendered":"<p dir=\"ltr\" style=\"text-align: center\"><strong>Pirt\u00fbk: Zarok\u00ean ber \u00e7\u00eam<br \/>\nNiv\u00eeskar: Ciwanmerd Kulek<\/strong><br \/>\n<strong>Cure: Roman<\/strong><\/p>\n","protected":false},"featured_media":12183,"template":"","meta":{"site-sidebar-layout":"default","site-content-layout":"","ast-site-content-layout":"default","site-content-style":"default","site-sidebar-style":"default","ast-global-header-display":"","ast-banner-title-visibility":"","ast-main-header-display":"","ast-hfb-above-header-display":"","ast-hfb-below-header-display":"","ast-hfb-mobile-header-display":"","site-post-title":"","ast-breadcrumbs-content":"","ast-featured-img":"","footer-sml-layout":"","ast-disable-related-posts":"","theme-transparent-header-meta":"default","adv-header-id-meta":"","stick-header-meta":"","header-above-stick-meta":"","header-main-stick-meta":"","header-below-stick-meta":"","astra-migrate-meta-layouts":"set","ast-page-background-enabled":"default","ast-page-background-meta":{"desktop":{"background-color":"","background-image":"","background-repeat":"repeat","background-position":"center center","background-size":"auto","background-attachment":"scroll","background-type":"","background-media":"","overlay-type":"","overlay-color":"","overlay-opacity":"","overlay-gradient":""},"tablet":{"background-color":"","background-image":"","background-repeat":"repeat","background-position":"center center","background-size":"auto","background-attachment":"scroll","background-type":"","background-media":"","overlay-type":"","overlay-color":"","overlay-opacity":"","overlay-gradient":""},"mobile":{"background-color":"","background-image":"","background-repeat":"repeat","background-position":"center center","background-size":"auto","background-attachment":"scroll","background-type":"","background-media":"","overlay-type":"","overlay-color":"","overlay-opacity":"","overlay-gradient":""}},"ast-content-background-meta":{"desktop":{"background-color":"var(--ast-global-color-5)","background-image":"","background-repeat":"repeat","background-position":"center center","background-size":"auto","background-attachment":"scroll","background-type":"","background-media":"","overlay-type":"","overlay-color":"","overlay-opacity":"","overlay-gradient":""},"tablet":{"background-color":"var(--ast-global-color-5)","background-image":"","background-repeat":"repeat","background-position":"center center","background-size":"auto","background-attachment":"scroll","background-type":"","background-media":"","overlay-type":"","overlay-color":"","overlay-opacity":"","overlay-gradient":""},"mobile":{"background-color":"var(--ast-global-color-5)","background-image":"","background-repeat":"repeat","background-position":"center center","background-size":"auto","background-attachment":"scroll","background-type":"","background-media":"","overlay-type":"","overlay-color":"","overlay-opacity":"","overlay-gradient":""}}},"product_brand":[],"product_cat":[182,193],"product_tag":[],"class_list":{"0":"post-12119","1":"product","2":"type-product","3":"status-publish","4":"has-post-thumbnail","6":"product_cat-_","7":"product_cat--_","8":"pa_-roman","9":"pa_-ciwanmerd-kulek","10":"pa_-kurmanci","11":"pa_--lis-yayinevi","12":"desktop-align-left","13":"tablet-align-left","14":"mobile-align-left","16":"first","17":"instock","18":"shipping-taxable","19":"purchasable","20":"product-type-simple"},"yoast_head":"<!-- This site is optimized with the Yoast SEO plugin v27.4 - https:\/\/yoast.com\/product\/yoast-seo-wordpress\/ -->\n<title>Zarok\u00ean Ber \u00c7\u00eam - Ciwanmerd Kulek - www.shanabooks.de<\/title>\n<meta name=\"description\" content=\"Zarok\u00ean Ber \u00c7\u00eam - Ciwanmerd Kulek \u201cDibe ku dema te\u015fb\u00eeha neynik\u00ea bo roman\u00ea \u00ead\u00ee derbas b\u00fbbe \u00e7\u00fbbe, l\u00ea di gumana min de b\u00eay\u00ee ku em Kurd j\u00ee \u00e7endak\u00ee di neynika...\" \/>\n<meta name=\"robots\" content=\"index, follow, max-snippet:-1, max-image-preview:large, max-video-preview:-1\" \/>\n<link rel=\"canonical\" href=\"https:\/\/shanabooks.de\/product\/zaroken-ber-cem-ciwanmerd-kulek\/\" \/>\n<meta property=\"og:locale\" content=\"de_DE\" \/>\n<meta property=\"og:type\" content=\"article\" \/>\n<meta property=\"og:title\" content=\"Zarok\u00ean Ber \u00c7\u00eam - Ciwanmerd Kulek - www.shanabooks.de\" \/>\n<meta property=\"og:description\" content=\"Zarok\u00ean Ber \u00c7\u00eam - Ciwanmerd Kulek \u201cDibe ku dema te\u015fb\u00eeha neynik\u00ea bo roman\u00ea \u00ead\u00ee derbas b\u00fbbe \u00e7\u00fbbe, l\u00ea di gumana min de b\u00eay\u00ee ku em Kurd j\u00ee \u00e7endak\u00ee di neynika...\" \/>\n<meta property=\"og:url\" content=\"https:\/\/shanabooks.de\/product\/zaroken-ber-cem-ciwanmerd-kulek\/\" \/>\n<meta property=\"og:site_name\" content=\"www.shanabooks.de\" \/>\n<meta property=\"article:modified_time\" content=\"2024-04-03T21:27:54+00:00\" \/>\n<meta property=\"og:image\" content=\"https:\/\/shanabooks.de\/wp-content\/uploads\/2024\/03\/Zaroken-Ber-cem-Lis.png\" \/>\n\t<meta property=\"og:image:width\" content=\"317\" \/>\n\t<meta property=\"og:image:height\" content=\"477\" \/>\n\t<meta property=\"og:image:type\" content=\"image\/png\" \/>\n<meta name=\"twitter:card\" content=\"summary_large_image\" \/>\n<meta name=\"twitter:label1\" content=\"Gesch\u00e4tzte Lesezeit\" \/>\n\t<meta name=\"twitter:data1\" content=\"2\u00a0Minuten\" \/>\n<script type=\"application\/ld+json\" class=\"yoast-schema-graph\">{\"@context\":\"https:\\\/\\\/schema.org\",\"@graph\":[{\"@type\":\"WebPage\",\"@id\":\"https:\\\/\\\/shanabooks.de\\\/product\\\/zaroken-ber-cem-ciwanmerd-kulek\\\/\",\"url\":\"https:\\\/\\\/shanabooks.de\\\/product\\\/zaroken-ber-cem-ciwanmerd-kulek\\\/\",\"name\":\"Zarok\u00ean Ber \u00c7\u00eam - Ciwanmerd Kulek - www.shanabooks.de\",\"isPartOf\":{\"@id\":\"https:\\\/\\\/shanabooks.de\\\/#website\"},\"primaryImageOfPage\":{\"@id\":\"https:\\\/\\\/shanabooks.de\\\/product\\\/zaroken-ber-cem-ciwanmerd-kulek\\\/#primaryimage\"},\"image\":{\"@id\":\"https:\\\/\\\/shanabooks.de\\\/product\\\/zaroken-ber-cem-ciwanmerd-kulek\\\/#primaryimage\"},\"thumbnailUrl\":\"https:\\\/\\\/shanabooks.de\\\/wp-content\\\/uploads\\\/2024\\\/03\\\/Zaroken-Ber-cem-Lis.png\",\"datePublished\":\"2024-03-03T19:40:53+00:00\",\"dateModified\":\"2024-04-03T21:27:54+00:00\",\"description\":\"Zarok\u00ean Ber \u00c7\u00eam - Ciwanmerd Kulek \u201cDibe ku dema te\u015fb\u00eeha neynik\u00ea bo roman\u00ea \u00ead\u00ee derbas b\u00fbbe \u00e7\u00fbbe, l\u00ea di gumana min de b\u00eay\u00ee ku em Kurd j\u00ee \u00e7endak\u00ee di neynika...\",\"breadcrumb\":{\"@id\":\"https:\\\/\\\/shanabooks.de\\\/product\\\/zaroken-ber-cem-ciwanmerd-kulek\\\/#breadcrumb\"},\"inLanguage\":\"de\",\"potentialAction\":[{\"@type\":\"ReadAction\",\"target\":[\"https:\\\/\\\/shanabooks.de\\\/product\\\/zaroken-ber-cem-ciwanmerd-kulek\\\/\"]}]},{\"@type\":\"ImageObject\",\"inLanguage\":\"de\",\"@id\":\"https:\\\/\\\/shanabooks.de\\\/product\\\/zaroken-ber-cem-ciwanmerd-kulek\\\/#primaryimage\",\"url\":\"https:\\\/\\\/shanabooks.de\\\/wp-content\\\/uploads\\\/2024\\\/03\\\/Zaroken-Ber-cem-Lis.png\",\"contentUrl\":\"https:\\\/\\\/shanabooks.de\\\/wp-content\\\/uploads\\\/2024\\\/03\\\/Zaroken-Ber-cem-Lis.png\",\"width\":317,\"height\":477,\"caption\":\"Zarok\u00ean Ber \u00c7\u00eam - Ciwanmerd Kulek - pirt\u00fbk\u00ean kurd\u00ee - roman\"},{\"@type\":\"BreadcrumbList\",\"@id\":\"https:\\\/\\\/shanabooks.de\\\/product\\\/zaroken-ber-cem-ciwanmerd-kulek\\\/#breadcrumb\",\"itemListElement\":[{\"@type\":\"ListItem\",\"position\":1,\"name\":\"\u0627\u0644\u0631\u0626\u064a\u0633\u064a\u0629\",\"item\":\"https:\\\/\\\/shanabooks.de\\\/de\\\/\"},{\"@type\":\"ListItem\",\"position\":2,\"name\":\"\u0627\u0644\u0645\u0646\u062a\u062c\u0627\u062a\",\"item\":\"https:\\\/\\\/shanabooks.de\\\/shop\\\/\"},{\"@type\":\"ListItem\",\"position\":3,\"name\":\"Zarok\u00ean Ber \u00c7\u00eam\"}]},{\"@type\":\"WebSite\",\"@id\":\"https:\\\/\\\/shanabooks.de\\\/#website\",\"url\":\"https:\\\/\\\/shanabooks.de\\\/\",\"name\":\"www.shanbooks.de\",\"description\":\"C\u00eehana Pirt\u00fbk\u00ean Kurd\u00ee \u0645\u0643\u062a\u0628\u0629 \u0634\u0627\u0646\u0627 \u0641\u064a \u0627\u0644\u0645\u0627\u0646\u064a\u0627 \u0648\u0623\u0648\u0631\u0628\u0627\",\"publisher\":{\"@id\":\"https:\\\/\\\/shanabooks.de\\\/#organization\"},\"potentialAction\":[{\"@type\":\"SearchAction\",\"target\":{\"@type\":\"EntryPoint\",\"urlTemplate\":\"https:\\\/\\\/shanabooks.de\\\/?s={search_term_string}\"},\"query-input\":{\"@type\":\"PropertyValueSpecification\",\"valueRequired\":true,\"valueName\":\"search_term_string\"}}],\"inLanguage\":\"de\"},{\"@type\":\"Organization\",\"@id\":\"https:\\\/\\\/shanabooks.de\\\/#organization\",\"name\":\"www.shanbooks.de\",\"url\":\"https:\\\/\\\/shanabooks.de\\\/\",\"logo\":{\"@type\":\"ImageObject\",\"inLanguage\":\"de\",\"@id\":\"https:\\\/\\\/shanabooks.de\\\/#\\\/schema\\\/logo\\\/image\\\/\",\"url\":\"https:\\\/\\\/shanabooks.de\\\/wp-content\\\/uploads\\\/2024\\\/03\\\/SHANABOOKS__2_-removebg-preview.png\",\"contentUrl\":\"https:\\\/\\\/shanabooks.de\\\/wp-content\\\/uploads\\\/2024\\\/03\\\/SHANABOOKS__2_-removebg-preview.png\",\"width\":700,\"height\":150,\"caption\":\"www.shanbooks.de\"},\"image\":{\"@id\":\"https:\\\/\\\/shanabooks.de\\\/#\\\/schema\\\/logo\\\/image\\\/\"}}]}<\/script>\n<!-- \/ Yoast SEO plugin. -->","yoast_head_json":{"title":"Zarok\u00ean Ber \u00c7\u00eam - Ciwanmerd Kulek - www.shanabooks.de","description":"Zarok\u00ean Ber \u00c7\u00eam - Ciwanmerd Kulek \u201cDibe ku dema te\u015fb\u00eeha neynik\u00ea bo roman\u00ea \u00ead\u00ee derbas b\u00fbbe \u00e7\u00fbbe, l\u00ea di gumana min de b\u00eay\u00ee ku em Kurd j\u00ee \u00e7endak\u00ee di neynika...","robots":{"index":"index","follow":"follow","max-snippet":"max-snippet:-1","max-image-preview":"max-image-preview:large","max-video-preview":"max-video-preview:-1"},"canonical":"https:\/\/shanabooks.de\/product\/zaroken-ber-cem-ciwanmerd-kulek\/","og_locale":"de_DE","og_type":"article","og_title":"Zarok\u00ean Ber \u00c7\u00eam - Ciwanmerd Kulek - www.shanabooks.de","og_description":"Zarok\u00ean Ber \u00c7\u00eam - Ciwanmerd Kulek \u201cDibe ku dema te\u015fb\u00eeha neynik\u00ea bo roman\u00ea \u00ead\u00ee derbas b\u00fbbe \u00e7\u00fbbe, l\u00ea di gumana min de b\u00eay\u00ee ku em Kurd j\u00ee \u00e7endak\u00ee di neynika...","og_url":"https:\/\/shanabooks.de\/product\/zaroken-ber-cem-ciwanmerd-kulek\/","og_site_name":"www.shanabooks.de","article_modified_time":"2024-04-03T21:27:54+00:00","og_image":[{"width":317,"height":477,"url":"https:\/\/shanabooks.de\/wp-content\/uploads\/2024\/03\/Zaroken-Ber-cem-Lis.png","type":"image\/png"}],"twitter_card":"summary_large_image","twitter_misc":{"Gesch\u00e4tzte Lesezeit":"2\u00a0Minuten"},"schema":{"@context":"https:\/\/schema.org","@graph":[{"@type":"WebPage","@id":"https:\/\/shanabooks.de\/product\/zaroken-ber-cem-ciwanmerd-kulek\/","url":"https:\/\/shanabooks.de\/product\/zaroken-ber-cem-ciwanmerd-kulek\/","name":"Zarok\u00ean Ber \u00c7\u00eam - Ciwanmerd Kulek - www.shanabooks.de","isPartOf":{"@id":"https:\/\/shanabooks.de\/#website"},"primaryImageOfPage":{"@id":"https:\/\/shanabooks.de\/product\/zaroken-ber-cem-ciwanmerd-kulek\/#primaryimage"},"image":{"@id":"https:\/\/shanabooks.de\/product\/zaroken-ber-cem-ciwanmerd-kulek\/#primaryimage"},"thumbnailUrl":"https:\/\/shanabooks.de\/wp-content\/uploads\/2024\/03\/Zaroken-Ber-cem-Lis.png","datePublished":"2024-03-03T19:40:53+00:00","dateModified":"2024-04-03T21:27:54+00:00","description":"Zarok\u00ean Ber \u00c7\u00eam - Ciwanmerd Kulek \u201cDibe ku dema te\u015fb\u00eeha neynik\u00ea bo roman\u00ea \u00ead\u00ee derbas b\u00fbbe \u00e7\u00fbbe, l\u00ea di gumana min de b\u00eay\u00ee ku em Kurd j\u00ee \u00e7endak\u00ee di neynika...","breadcrumb":{"@id":"https:\/\/shanabooks.de\/product\/zaroken-ber-cem-ciwanmerd-kulek\/#breadcrumb"},"inLanguage":"de","potentialAction":[{"@type":"ReadAction","target":["https:\/\/shanabooks.de\/product\/zaroken-ber-cem-ciwanmerd-kulek\/"]}]},{"@type":"ImageObject","inLanguage":"de","@id":"https:\/\/shanabooks.de\/product\/zaroken-ber-cem-ciwanmerd-kulek\/#primaryimage","url":"https:\/\/shanabooks.de\/wp-content\/uploads\/2024\/03\/Zaroken-Ber-cem-Lis.png","contentUrl":"https:\/\/shanabooks.de\/wp-content\/uploads\/2024\/03\/Zaroken-Ber-cem-Lis.png","width":317,"height":477,"caption":"Zarok\u00ean Ber \u00c7\u00eam - Ciwanmerd Kulek - pirt\u00fbk\u00ean kurd\u00ee - roman"},{"@type":"BreadcrumbList","@id":"https:\/\/shanabooks.de\/product\/zaroken-ber-cem-ciwanmerd-kulek\/#breadcrumb","itemListElement":[{"@type":"ListItem","position":1,"name":"\u0627\u0644\u0631\u0626\u064a\u0633\u064a\u0629","item":"https:\/\/shanabooks.de\/de\/"},{"@type":"ListItem","position":2,"name":"\u0627\u0644\u0645\u0646\u062a\u062c\u0627\u062a","item":"https:\/\/shanabooks.de\/shop\/"},{"@type":"ListItem","position":3,"name":"Zarok\u00ean Ber \u00c7\u00eam"}]},{"@type":"WebSite","@id":"https:\/\/shanabooks.de\/#website","url":"https:\/\/shanabooks.de\/","name":"www.shanbooks.de","description":"C\u00eehana Pirt\u00fbk\u00ean Kurd\u00ee \u0645\u0643\u062a\u0628\u0629 \u0634\u0627\u0646\u0627 \u0641\u064a \u0627\u0644\u0645\u0627\u0646\u064a\u0627 \u0648\u0623\u0648\u0631\u0628\u0627","publisher":{"@id":"https:\/\/shanabooks.de\/#organization"},"potentialAction":[{"@type":"SearchAction","target":{"@type":"EntryPoint","urlTemplate":"https:\/\/shanabooks.de\/?s={search_term_string}"},"query-input":{"@type":"PropertyValueSpecification","valueRequired":true,"valueName":"search_term_string"}}],"inLanguage":"de"},{"@type":"Organization","@id":"https:\/\/shanabooks.de\/#organization","name":"www.shanbooks.de","url":"https:\/\/shanabooks.de\/","logo":{"@type":"ImageObject","inLanguage":"de","@id":"https:\/\/shanabooks.de\/#\/schema\/logo\/image\/","url":"https:\/\/shanabooks.de\/wp-content\/uploads\/2024\/03\/SHANABOOKS__2_-removebg-preview.png","contentUrl":"https:\/\/shanabooks.de\/wp-content\/uploads\/2024\/03\/SHANABOOKS__2_-removebg-preview.png","width":700,"height":150,"caption":"www.shanbooks.de"},"image":{"@id":"https:\/\/shanabooks.de\/#\/schema\/logo\/image\/"}}]}},"jetpack_sharing_enabled":true,"_links":{"self":[{"href":"https:\/\/shanabooks.de\/de\/wp-json\/wp\/v2\/product\/12119","targetHints":{"allow":["GET"]}}],"collection":[{"href":"https:\/\/shanabooks.de\/de\/wp-json\/wp\/v2\/product"}],"about":[{"href":"https:\/\/shanabooks.de\/de\/wp-json\/wp\/v2\/types\/product"}],"version-history":[{"count":3,"href":"https:\/\/shanabooks.de\/de\/wp-json\/wp\/v2\/product\/12119\/revisions"}],"predecessor-version":[{"id":22780,"href":"https:\/\/shanabooks.de\/de\/wp-json\/wp\/v2\/product\/12119\/revisions\/22780"}],"wp:featuredmedia":[{"embeddable":true,"href":"https:\/\/shanabooks.de\/de\/wp-json\/wp\/v2\/media\/12183"}],"wp:attachment":[{"href":"https:\/\/shanabooks.de\/de\/wp-json\/wp\/v2\/media?parent=12119"}],"wp:term":[{"taxonomy":"product_brand","embeddable":true,"href":"https:\/\/shanabooks.de\/de\/wp-json\/wp\/v2\/product_brand?post=12119"},{"taxonomy":"product_cat","embeddable":true,"href":"https:\/\/shanabooks.de\/de\/wp-json\/wp\/v2\/product_cat?post=12119"},{"taxonomy":"product_tag","embeddable":true,"href":"https:\/\/shanabooks.de\/de\/wp-json\/wp\/v2\/product_tag?post=12119"}],"curies":[{"name":"wp","href":"https:\/\/api.w.org\/{rel}","templated":true}]}}