{"id":12120,"date":"2024-03-03T19:40:53","date_gmt":"2024-03-03T19:40:53","guid":{"rendered":"https:\/\/shanabooks.de\/?post_type=product&#038;p=12120"},"modified":"2024-04-03T21:31:42","modified_gmt":"2024-04-03T21:31:42","slug":"car-necar-ciwanmerd-kulek","status":"publish","type":"product","link":"https:\/\/shanabooks.de\/de\/product\/car-necar-ciwanmerd-kulek\/","title":{"rendered":"\u00c7ar Ne\u00e7ar"},"content":{"rendered":"<p dir=\"ltr\"><strong>\u00c7ar Ne\u00e7ar &#8211; Ciwanmerd Kulek<\/strong><\/p>\n<p dir=\"ltr\">\u00c7\u00eeroka her ti\u015ft\u00ee heye \u00fb v\u00ea car\u00ea ti\u015ft\u00ean ku \u00e7\u00eeroka wan nehatine gotin serp\u00eahatiya xwe vedib\u00eajin.<br \/>\n\u00c7\u00eerok t\u00ean gotin, gotin dibin \u00e7\u00eerok.<br \/>\nB\u00eajeyek li xwe mikur t\u00ea, mirin dikeve dewsa jiyan\u00ea, neb\u00fbn dor\u00ea ji heb\u00fbn\u00ea dist\u00eene, daw\u00ee dikeve p\u00ea\u015fiya her ti\u015ft\u00ee.<br \/>\nCareke d\u00ee her ti\u015ft dema t\u00ea vegotin rasteq\u00eentir dibe.<br \/>\nCiwanmerd Kulek\u00a0\u00e7ar \u00e7\u00eerok\u00ean xwe y\u00ean d\u00ee ji n\u00fb ve ki\u015fif dike \u00fb me li pey \u00e7\u00eeroka wan diger\u00eene. Kevn n\u00fb dibe, n\u00fb kevin dibe, xeyal dibe rast\u00ee, rast\u00ee dibe xeyal, \u00fb her ti\u015ft \u00e7awa em dizanin, wiha ye.<\/p>\n","protected":false},"excerpt":{"rendered":"<p dir=\"ltr\" style=\"text-align: center\"><strong>Pirt\u00fbk: \u00c7ar Ne\u00e7ar<br \/>\nNiv\u00eeskar: Ciwanmerd Kulek<\/strong><br \/>\n<strong>Cure: \u00c7\u00eerok<\/strong><\/p>\n","protected":false},"featured_media":12185,"template":"","meta":{"site-sidebar-layout":"default","site-content-layout":"","ast-site-content-layout":"default","site-content-style":"default","site-sidebar-style":"default","ast-global-header-display":"","ast-banner-title-visibility":"","ast-main-header-display":"","ast-hfb-above-header-display":"","ast-hfb-below-header-display":"","ast-hfb-mobile-header-display":"","site-post-title":"","ast-breadcrumbs-content":"","ast-featured-img":"","footer-sml-layout":"","ast-disable-related-posts":"","theme-transparent-header-meta":"default","adv-header-id-meta":"","stick-header-meta":"","header-above-stick-meta":"","header-main-stick-meta":"","header-below-stick-meta":"","astra-migrate-meta-layouts":"set","ast-page-background-enabled":"default","ast-page-background-meta":{"desktop":{"background-color":"","background-image":"","background-repeat":"repeat","background-position":"center center","background-size":"auto","background-attachment":"scroll","background-type":"","background-media":"","overlay-type":"","overlay-color":"","overlay-opacity":"","overlay-gradient":""},"tablet":{"background-color":"","background-image":"","background-repeat":"repeat","background-position":"center center","background-size":"auto","background-attachment":"scroll","background-type":"","background-media":"","overlay-type":"","overlay-color":"","overlay-opacity":"","overlay-gradient":""},"mobile":{"background-color":"","background-image":"","background-repeat":"repeat","background-position":"center center","background-size":"auto","background-attachment":"scroll","background-type":"","background-media":"","overlay-type":"","overlay-color":"","overlay-opacity":"","overlay-gradient":""}},"ast-content-background-meta":{"desktop":{"background-color":"var(--ast-global-color-5)","background-image":"","background-repeat":"repeat","background-position":"center center","background-size":"auto","background-attachment":"scroll","background-type":"","background-media":"","overlay-type":"","overlay-color":"","overlay-opacity":"","overlay-gradient":""},"tablet":{"background-color":"var(--ast-global-color-5)","background-image":"","background-repeat":"repeat","background-position":"center center","background-size":"auto","background-attachment":"scroll","background-type":"","background-media":"","overlay-type":"","overlay-color":"","overlay-opacity":"","overlay-gradient":""},"mobile":{"background-color":"var(--ast-global-color-5)","background-image":"","background-repeat":"repeat","background-position":"center center","background-size":"auto","background-attachment":"scroll","background-type":"","background-media":"","overlay-type":"","overlay-color":"","overlay-opacity":"","overlay-gradient":""}}},"product_brand":[],"product_cat":[183,193],"product_tag":[],"class_list":{"0":"post-12120","1":"product","2":"type-product","3":"status-publish","4":"has-post-thumbnail","6":"product_cat-_","7":"product_cat--_","8":"pa_-cirok","9":"pa_-ciwanmerd-kulek","10":"pa_-kurmanci","11":"pa_--avesta-yayinlari","12":"desktop-align-left","13":"tablet-align-left","14":"mobile-align-left","16":"first","17":"instock","18":"shipping-taxable","19":"purchasable","20":"product-type-simple"},"yoast_head":"<!-- This site is optimized with the Yoast SEO plugin v27.4 - https:\/\/yoast.com\/product\/yoast-seo-wordpress\/ -->\n<title>\u00c7ar Ne\u00e7ar - Ciwanmerd Kulek - www.shanabooks.de<\/title>\n<meta name=\"description\" content=\"\u00c7ar Ne\u00e7ar - Ciwanmerd Kulek \u00c7\u00eeroka her ti\u015ft\u00ee heye \u00fb v\u00ea car\u00ea ti\u015ft\u00ean ku \u00e7\u00eeroka wan nehatine gotin serp\u00eahatiya xwe vedib\u00eajin.\u00c7\u00eerok t\u00ean gotin, gotin dibin ...\" \/>\n<meta name=\"robots\" content=\"index, follow, max-snippet:-1, max-image-preview:large, max-video-preview:-1\" \/>\n<link rel=\"canonical\" href=\"https:\/\/shanabooks.de\/product\/car-necar-ciwanmerd-kulek\/\" \/>\n<meta property=\"og:locale\" content=\"de_DE\" \/>\n<meta property=\"og:type\" content=\"article\" \/>\n<meta property=\"og:title\" content=\"\u00c7ar Ne\u00e7ar - Ciwanmerd Kulek - www.shanabooks.de\" \/>\n<meta property=\"og:description\" content=\"\u00c7ar Ne\u00e7ar - Ciwanmerd Kulek \u00c7\u00eeroka her ti\u015ft\u00ee heye \u00fb v\u00ea car\u00ea ti\u015ft\u00ean ku \u00e7\u00eeroka wan nehatine gotin serp\u00eahatiya xwe vedib\u00eajin.\u00c7\u00eerok t\u00ean gotin, gotin dibin ...\" \/>\n<meta property=\"og:url\" content=\"https:\/\/shanabooks.de\/product\/car-necar-ciwanmerd-kulek\/\" \/>\n<meta property=\"og:site_name\" content=\"www.shanabooks.de\" \/>\n<meta property=\"article:modified_time\" content=\"2024-04-03T21:31:42+00:00\" \/>\n<meta property=\"og:image\" content=\"https:\/\/shanabooks.de\/wp-content\/uploads\/2024\/03\/car-necar.jpg\" \/>\n\t<meta property=\"og:image:width\" content=\"524\" \/>\n\t<meta property=\"og:image:height\" content=\"900\" \/>\n\t<meta property=\"og:image:type\" content=\"image\/jpeg\" \/>\n<meta name=\"twitter:card\" content=\"summary_large_image\" \/>\n<meta name=\"twitter:label1\" content=\"Gesch\u00e4tzte Lesezeit\" \/>\n\t<meta name=\"twitter:data1\" content=\"1\u00a0Minute\" \/>\n<script type=\"application\/ld+json\" class=\"yoast-schema-graph\">{\"@context\":\"https:\\\/\\\/schema.org\",\"@graph\":[{\"@type\":\"WebPage\",\"@id\":\"https:\\\/\\\/shanabooks.de\\\/product\\\/car-necar-ciwanmerd-kulek\\\/\",\"url\":\"https:\\\/\\\/shanabooks.de\\\/product\\\/car-necar-ciwanmerd-kulek\\\/\",\"name\":\"\u00c7ar Ne\u00e7ar - Ciwanmerd Kulek - www.shanabooks.de\",\"isPartOf\":{\"@id\":\"https:\\\/\\\/shanabooks.de\\\/#website\"},\"primaryImageOfPage\":{\"@id\":\"https:\\\/\\\/shanabooks.de\\\/product\\\/car-necar-ciwanmerd-kulek\\\/#primaryimage\"},\"image\":{\"@id\":\"https:\\\/\\\/shanabooks.de\\\/product\\\/car-necar-ciwanmerd-kulek\\\/#primaryimage\"},\"thumbnailUrl\":\"https:\\\/\\\/shanabooks.de\\\/wp-content\\\/uploads\\\/2024\\\/03\\\/car-necar.jpg\",\"datePublished\":\"2024-03-03T19:40:53+00:00\",\"dateModified\":\"2024-04-03T21:31:42+00:00\",\"description\":\"\u00c7ar Ne\u00e7ar - Ciwanmerd Kulek \u00c7\u00eeroka her ti\u015ft\u00ee heye \u00fb v\u00ea car\u00ea ti\u015ft\u00ean ku \u00e7\u00eeroka wan nehatine gotin serp\u00eahatiya xwe vedib\u00eajin.\u00c7\u00eerok t\u00ean gotin, gotin dibin ...\",\"breadcrumb\":{\"@id\":\"https:\\\/\\\/shanabooks.de\\\/product\\\/car-necar-ciwanmerd-kulek\\\/#breadcrumb\"},\"inLanguage\":\"de\",\"potentialAction\":[{\"@type\":\"ReadAction\",\"target\":[\"https:\\\/\\\/shanabooks.de\\\/product\\\/car-necar-ciwanmerd-kulek\\\/\"]}]},{\"@type\":\"ImageObject\",\"inLanguage\":\"de\",\"@id\":\"https:\\\/\\\/shanabooks.de\\\/product\\\/car-necar-ciwanmerd-kulek\\\/#primaryimage\",\"url\":\"https:\\\/\\\/shanabooks.de\\\/wp-content\\\/uploads\\\/2024\\\/03\\\/car-necar.jpg\",\"contentUrl\":\"https:\\\/\\\/shanabooks.de\\\/wp-content\\\/uploads\\\/2024\\\/03\\\/car-necar.jpg\",\"width\":524,\"height\":900,\"caption\":\"\u00c7ar Ne\u00e7ar - Ciwanmerd Kulek - pirt\u00fbk\u00ean kurd\u00ee - \u00e7\u00eerok\"},{\"@type\":\"BreadcrumbList\",\"@id\":\"https:\\\/\\\/shanabooks.de\\\/product\\\/car-necar-ciwanmerd-kulek\\\/#breadcrumb\",\"itemListElement\":[{\"@type\":\"ListItem\",\"position\":1,\"name\":\"\u0627\u0644\u0631\u0626\u064a\u0633\u064a\u0629\",\"item\":\"https:\\\/\\\/shanabooks.de\\\/de\\\/\"},{\"@type\":\"ListItem\",\"position\":2,\"name\":\"\u0627\u0644\u0645\u0646\u062a\u062c\u0627\u062a\",\"item\":\"https:\\\/\\\/shanabooks.de\\\/shop\\\/\"},{\"@type\":\"ListItem\",\"position\":3,\"name\":\"\u00c7ar Ne\u00e7ar\"}]},{\"@type\":\"WebSite\",\"@id\":\"https:\\\/\\\/shanabooks.de\\\/#website\",\"url\":\"https:\\\/\\\/shanabooks.de\\\/\",\"name\":\"www.shanbooks.de\",\"description\":\"C\u00eehana Pirt\u00fbk\u00ean Kurd\u00ee \u0645\u0643\u062a\u0628\u0629 \u0634\u0627\u0646\u0627 \u0641\u064a \u0627\u0644\u0645\u0627\u0646\u064a\u0627 \u0648\u0623\u0648\u0631\u0628\u0627\",\"publisher\":{\"@id\":\"https:\\\/\\\/shanabooks.de\\\/#organization\"},\"potentialAction\":[{\"@type\":\"SearchAction\",\"target\":{\"@type\":\"EntryPoint\",\"urlTemplate\":\"https:\\\/\\\/shanabooks.de\\\/?s={search_term_string}\"},\"query-input\":{\"@type\":\"PropertyValueSpecification\",\"valueRequired\":true,\"valueName\":\"search_term_string\"}}],\"inLanguage\":\"de\"},{\"@type\":\"Organization\",\"@id\":\"https:\\\/\\\/shanabooks.de\\\/#organization\",\"name\":\"www.shanbooks.de\",\"url\":\"https:\\\/\\\/shanabooks.de\\\/\",\"logo\":{\"@type\":\"ImageObject\",\"inLanguage\":\"de\",\"@id\":\"https:\\\/\\\/shanabooks.de\\\/#\\\/schema\\\/logo\\\/image\\\/\",\"url\":\"https:\\\/\\\/shanabooks.de\\\/wp-content\\\/uploads\\\/2024\\\/03\\\/SHANABOOKS__2_-removebg-preview.png\",\"contentUrl\":\"https:\\\/\\\/shanabooks.de\\\/wp-content\\\/uploads\\\/2024\\\/03\\\/SHANABOOKS__2_-removebg-preview.png\",\"width\":700,\"height\":150,\"caption\":\"www.shanbooks.de\"},\"image\":{\"@id\":\"https:\\\/\\\/shanabooks.de\\\/#\\\/schema\\\/logo\\\/image\\\/\"}}]}<\/script>\n<!-- \/ Yoast SEO plugin. -->","yoast_head_json":{"title":"\u00c7ar Ne\u00e7ar - Ciwanmerd Kulek - www.shanabooks.de","description":"\u00c7ar Ne\u00e7ar - Ciwanmerd Kulek \u00c7\u00eeroka her ti\u015ft\u00ee heye \u00fb v\u00ea car\u00ea ti\u015ft\u00ean ku \u00e7\u00eeroka wan nehatine gotin serp\u00eahatiya xwe vedib\u00eajin.\u00c7\u00eerok t\u00ean gotin, gotin dibin ...","robots":{"index":"index","follow":"follow","max-snippet":"max-snippet:-1","max-image-preview":"max-image-preview:large","max-video-preview":"max-video-preview:-1"},"canonical":"https:\/\/shanabooks.de\/product\/car-necar-ciwanmerd-kulek\/","og_locale":"de_DE","og_type":"article","og_title":"\u00c7ar Ne\u00e7ar - Ciwanmerd Kulek - www.shanabooks.de","og_description":"\u00c7ar Ne\u00e7ar - Ciwanmerd Kulek \u00c7\u00eeroka her ti\u015ft\u00ee heye \u00fb v\u00ea car\u00ea ti\u015ft\u00ean ku \u00e7\u00eeroka wan nehatine gotin serp\u00eahatiya xwe vedib\u00eajin.\u00c7\u00eerok t\u00ean gotin, gotin dibin ...","og_url":"https:\/\/shanabooks.de\/product\/car-necar-ciwanmerd-kulek\/","og_site_name":"www.shanabooks.de","article_modified_time":"2024-04-03T21:31:42+00:00","og_image":[{"width":524,"height":900,"url":"https:\/\/shanabooks.de\/wp-content\/uploads\/2024\/03\/car-necar.jpg","type":"image\/jpeg"}],"twitter_card":"summary_large_image","twitter_misc":{"Gesch\u00e4tzte Lesezeit":"1\u00a0Minute"},"schema":{"@context":"https:\/\/schema.org","@graph":[{"@type":"WebPage","@id":"https:\/\/shanabooks.de\/product\/car-necar-ciwanmerd-kulek\/","url":"https:\/\/shanabooks.de\/product\/car-necar-ciwanmerd-kulek\/","name":"\u00c7ar Ne\u00e7ar - Ciwanmerd Kulek - www.shanabooks.de","isPartOf":{"@id":"https:\/\/shanabooks.de\/#website"},"primaryImageOfPage":{"@id":"https:\/\/shanabooks.de\/product\/car-necar-ciwanmerd-kulek\/#primaryimage"},"image":{"@id":"https:\/\/shanabooks.de\/product\/car-necar-ciwanmerd-kulek\/#primaryimage"},"thumbnailUrl":"https:\/\/shanabooks.de\/wp-content\/uploads\/2024\/03\/car-necar.jpg","datePublished":"2024-03-03T19:40:53+00:00","dateModified":"2024-04-03T21:31:42+00:00","description":"\u00c7ar Ne\u00e7ar - Ciwanmerd Kulek \u00c7\u00eeroka her ti\u015ft\u00ee heye \u00fb v\u00ea car\u00ea ti\u015ft\u00ean ku \u00e7\u00eeroka wan nehatine gotin serp\u00eahatiya xwe vedib\u00eajin.\u00c7\u00eerok t\u00ean gotin, gotin dibin ...","breadcrumb":{"@id":"https:\/\/shanabooks.de\/product\/car-necar-ciwanmerd-kulek\/#breadcrumb"},"inLanguage":"de","potentialAction":[{"@type":"ReadAction","target":["https:\/\/shanabooks.de\/product\/car-necar-ciwanmerd-kulek\/"]}]},{"@type":"ImageObject","inLanguage":"de","@id":"https:\/\/shanabooks.de\/product\/car-necar-ciwanmerd-kulek\/#primaryimage","url":"https:\/\/shanabooks.de\/wp-content\/uploads\/2024\/03\/car-necar.jpg","contentUrl":"https:\/\/shanabooks.de\/wp-content\/uploads\/2024\/03\/car-necar.jpg","width":524,"height":900,"caption":"\u00c7ar Ne\u00e7ar - Ciwanmerd Kulek - pirt\u00fbk\u00ean kurd\u00ee - \u00e7\u00eerok"},{"@type":"BreadcrumbList","@id":"https:\/\/shanabooks.de\/product\/car-necar-ciwanmerd-kulek\/#breadcrumb","itemListElement":[{"@type":"ListItem","position":1,"name":"\u0627\u0644\u0631\u0626\u064a\u0633\u064a\u0629","item":"https:\/\/shanabooks.de\/de\/"},{"@type":"ListItem","position":2,"name":"\u0627\u0644\u0645\u0646\u062a\u062c\u0627\u062a","item":"https:\/\/shanabooks.de\/shop\/"},{"@type":"ListItem","position":3,"name":"\u00c7ar Ne\u00e7ar"}]},{"@type":"WebSite","@id":"https:\/\/shanabooks.de\/#website","url":"https:\/\/shanabooks.de\/","name":"www.shanbooks.de","description":"C\u00eehana Pirt\u00fbk\u00ean Kurd\u00ee \u0645\u0643\u062a\u0628\u0629 \u0634\u0627\u0646\u0627 \u0641\u064a \u0627\u0644\u0645\u0627\u0646\u064a\u0627 \u0648\u0623\u0648\u0631\u0628\u0627","publisher":{"@id":"https:\/\/shanabooks.de\/#organization"},"potentialAction":[{"@type":"SearchAction","target":{"@type":"EntryPoint","urlTemplate":"https:\/\/shanabooks.de\/?s={search_term_string}"},"query-input":{"@type":"PropertyValueSpecification","valueRequired":true,"valueName":"search_term_string"}}],"inLanguage":"de"},{"@type":"Organization","@id":"https:\/\/shanabooks.de\/#organization","name":"www.shanbooks.de","url":"https:\/\/shanabooks.de\/","logo":{"@type":"ImageObject","inLanguage":"de","@id":"https:\/\/shanabooks.de\/#\/schema\/logo\/image\/","url":"https:\/\/shanabooks.de\/wp-content\/uploads\/2024\/03\/SHANABOOKS__2_-removebg-preview.png","contentUrl":"https:\/\/shanabooks.de\/wp-content\/uploads\/2024\/03\/SHANABOOKS__2_-removebg-preview.png","width":700,"height":150,"caption":"www.shanbooks.de"},"image":{"@id":"https:\/\/shanabooks.de\/#\/schema\/logo\/image\/"}}]}},"jetpack_sharing_enabled":true,"_links":{"self":[{"href":"https:\/\/shanabooks.de\/de\/wp-json\/wp\/v2\/product\/12120","targetHints":{"allow":["GET"]}}],"collection":[{"href":"https:\/\/shanabooks.de\/de\/wp-json\/wp\/v2\/product"}],"about":[{"href":"https:\/\/shanabooks.de\/de\/wp-json\/wp\/v2\/types\/product"}],"version-history":[{"count":2,"href":"https:\/\/shanabooks.de\/de\/wp-json\/wp\/v2\/product\/12120\/revisions"}],"predecessor-version":[{"id":22782,"href":"https:\/\/shanabooks.de\/de\/wp-json\/wp\/v2\/product\/12120\/revisions\/22782"}],"wp:featuredmedia":[{"embeddable":true,"href":"https:\/\/shanabooks.de\/de\/wp-json\/wp\/v2\/media\/12185"}],"wp:attachment":[{"href":"https:\/\/shanabooks.de\/de\/wp-json\/wp\/v2\/media?parent=12120"}],"wp:term":[{"taxonomy":"product_brand","embeddable":true,"href":"https:\/\/shanabooks.de\/de\/wp-json\/wp\/v2\/product_brand?post=12120"},{"taxonomy":"product_cat","embeddable":true,"href":"https:\/\/shanabooks.de\/de\/wp-json\/wp\/v2\/product_cat?post=12120"},{"taxonomy":"product_tag","embeddable":true,"href":"https:\/\/shanabooks.de\/de\/wp-json\/wp\/v2\/product_tag?post=12120"}],"curies":[{"name":"wp","href":"https:\/\/api.w.org\/{rel}","templated":true}]}}