{"id":12121,"date":"2024-03-03T19:40:53","date_gmt":"2024-03-03T19:40:53","guid":{"rendered":"https:\/\/shanabooks.de\/?post_type=product&#038;p=12121"},"modified":"2024-04-03T21:36:50","modified_gmt":"2024-04-03T21:36:50","slug":"otobes-ciwanmerd-kulek","status":"publish","type":"product","link":"https:\/\/shanabooks.de\/de\/product\/otobes-ciwanmerd-kulek\/","title":{"rendered":"Otob\u00eas"},"content":{"rendered":"<p dir=\"ltr\"><strong>Otob\u00eas &#8211; Ciwanmerd Kulek<\/strong><\/p>\n<p dir=\"ltr\">\u201cDema min ew niv\u00eesand, navek\u00ee w\u00ea y\u00ea d\u00eeku min l\u00ea kirib\u00fb Li Pi\u015ft Behr\u00ean<em> D\u00fbr<\/em>\u00a0b\u00fb. Li paytexta welatek\u00ee girav\u00ee (dorgey\u00ee) ku ne ten\u00ea bi behr\u00ean b\u00ea ser \u00fb daw\u00ee, bi hal \u00fb hewal\u00ean xwe j\u00ee\u00a0 li dervey\u00ee d\u00eerok\u00ea mab\u00fb \u00fb ji c\u00eehan\u00ea qetiyab\u00fb, \u00e7\u00eerok \u00fb serp\u00eahatiy\u00ean t\u00eavel bi form\u00ean xwe y\u00ean t\u00eavel tevnek ra\u00e7andib\u00fbn. Li ber \u00e7\u00eerok\u00fb meseleya gi\u015ft\u00ee \u00fb serdest a ban\u00ee a li v\u00ee welat\u00ee evan take-hikayet\u00ean xweser \u00e7awa dikarib\u00fbn heb\u00fbnan, bi destp\u00eak \u00fb dawiy\u00ean xwe li navendeke ger\u00eede \u00fb b\u00ea teqez\u00ee bigunciyanan? Di maweyeke ku her roj gelek\u00ean me bi v\u00ee reng\u00ee serf dikin de, di ciyek\u00ee ku insan\u00ean her\u00ee d\u00fbr\u00ee hev n\u00eaz\u00eek\u00ee hev dibin, li ciyek\u00ee ku di b\u00eatemasiy\u00ea de temasek, di temasek\u00ea de jevcudab\u00fbnek p\u00eak dihat \u00fb ev\u00eaya bi ger dixist de, qehreman\u00ean min dihatin ba hev \u00fb her yek\u00ee ji t\u00fbrik\u00ea xwe ti\u015ftek derdixist. Otob\u00easa ku her yek ji qonaxek\u00ea l\u00ea siwar dib\u00fb-m\u00eena ku ji ciyek\u00ee dest bi \u00e7\u00eeroka xwe bike- \u00fb li qonaxeke d\u00ee dadiket \u2013m\u00eena ku \u00e7\u00eeroka w\u00ee li ciyek yan demeke d\u00eetir biqede- vediguher\u00ee gund\u00ean heb\u00fbn, veguhestin \u00fb ten\u00eatiya mirov\u00ean serdema hev\u00e7erx, m\u00eena cih\u00ea honak \u00fb tevna jiyana mirov\u00ean \u00eero. Her par\u00e7eyekedi v\u00ea kit\u00eab\u00ea de m\u00eena her paldankek \u00fb her r\u00eawiyek\u00ee n\u00eaz\u00eek\u00ee hev e \u00fb b\u00eahna hevdu dike, tev\u00ee kudi heman dem\u00ea de ewqas\u00ee j\u00ee d\u00fbr \u00ee hev e, ji hev diqete. Sercema paldank \u00fb r\u00eawiyan \u00e7iqas otob\u00eas bi xwe bin \u00fb \u00e7iqas ji w\u00ea k\u00eamtir yan w\u00eadetir bin, \u00e7\u00eerok\u00ean wan j\u00ee ewqas\u00ee di bin hukm \u00fb rista du vegotinan dene, ku yek a miriyek\u00ee \u00fb yek a zarokek\u00ee ye \u00fb herdu j\u00ee bi mezin\u00ee \u00fb bi\u00e7\u00fbkatiya xwe reng ji hevdu vedidin. Di dawiya daw\u00ee de waqi\u2018e ne ewqas\u00ee d\u00fbr, belk\u00ee ji hem\u00fb behr\u00ean c\u00eehan\u00ea n\u00eaz\u00eektir\u00ee Kurdistan\u00ea ye.<\/p>\n<p dir=\"ltr\">Ez di v\u00ea baweriy\u00ea de me ku ev\u00ea \u00e7ap \u00fb versiyona n\u00fb a\u00a0<em>Otob\u00eas<\/em>\u00ea, a ku bi r\u00eat\u00fb\u015f \u00fb revizyon\u00ean n\u00fb hatiye bih\u00eazkirin, d\u00eareng\u00een\u00ee, dewlemend\u00ee \u00fb t\u00eaveliya v\u00ea kit\u00eab\u00ea careke d\u00ee \u00fb ji ber\u00ea xurttir derxe meydan\u00ea.\u201d<br \/>\nAvesta, di \u00e7ar\u00e7oveya ji n\u00fb ve \u00e7apkirina hem\u00fb berhem\u00ean Ciwanmerd Kulek de, ev\u00ea berhema ku tekeziyeke d\u00eetir dike li ser navend \u00fb peywend\u00ea di hunera roman\u00ea de, bi \u015fanaz\u00ee p\u00ea\u015fk\u00ea\u015f\u00ee xwendevan\u00ean Kurd\u00ee dike.<\/p>\n","protected":false},"excerpt":{"rendered":"<p dir=\"ltr\" style=\"text-align: center\"><strong>Pirt\u00fbk: Otob\u00eas<br \/>\nNiv\u00eeskar: Ciwanmerd Kulek<\/strong><br \/>\n<strong>Cure: Roman<\/strong><\/p>\n","protected":false},"featured_media":12187,"template":"","meta":{"site-sidebar-layout":"default","site-content-layout":"","ast-site-content-layout":"default","site-content-style":"default","site-sidebar-style":"default","ast-global-header-display":"","ast-banner-title-visibility":"","ast-main-header-display":"","ast-hfb-above-header-display":"","ast-hfb-below-header-display":"","ast-hfb-mobile-header-display":"","site-post-title":"","ast-breadcrumbs-content":"","ast-featured-img":"","footer-sml-layout":"","ast-disable-related-posts":"","theme-transparent-header-meta":"default","adv-header-id-meta":"","stick-header-meta":"","header-above-stick-meta":"","header-main-stick-meta":"","header-below-stick-meta":"","astra-migrate-meta-layouts":"set","ast-page-background-enabled":"default","ast-page-background-meta":{"desktop":{"background-color":"","background-image":"","background-repeat":"repeat","background-position":"center center","background-size":"auto","background-attachment":"scroll","background-type":"","background-media":"","overlay-type":"","overlay-color":"","overlay-opacity":"","overlay-gradient":""},"tablet":{"background-color":"","background-image":"","background-repeat":"repeat","background-position":"center center","background-size":"auto","background-attachment":"scroll","background-type":"","background-media":"","overlay-type":"","overlay-color":"","overlay-opacity":"","overlay-gradient":""},"mobile":{"background-color":"","background-image":"","background-repeat":"repeat","background-position":"center center","background-size":"auto","background-attachment":"scroll","background-type":"","background-media":"","overlay-type":"","overlay-color":"","overlay-opacity":"","overlay-gradient":""}},"ast-content-background-meta":{"desktop":{"background-color":"var(--ast-global-color-5)","background-image":"","background-repeat":"repeat","background-position":"center center","background-size":"auto","background-attachment":"scroll","background-type":"","background-media":"","overlay-type":"","overlay-color":"","overlay-opacity":"","overlay-gradient":""},"tablet":{"background-color":"var(--ast-global-color-5)","background-image":"","background-repeat":"repeat","background-position":"center center","background-size":"auto","background-attachment":"scroll","background-type":"","background-media":"","overlay-type":"","overlay-color":"","overlay-opacity":"","overlay-gradient":""},"mobile":{"background-color":"var(--ast-global-color-5)","background-image":"","background-repeat":"repeat","background-position":"center center","background-size":"auto","background-attachment":"scroll","background-type":"","background-media":"","overlay-type":"","overlay-color":"","overlay-opacity":"","overlay-gradient":""}}},"product_brand":[],"product_cat":[182,193],"product_tag":[],"class_list":{"0":"post-12121","1":"product","2":"type-product","3":"status-publish","4":"has-post-thumbnail","6":"product_cat-_","7":"product_cat--_","8":"pa_-roman","9":"pa_-ciwanmerd-kulek","10":"pa_-kurmanci","11":"pa_--avesta-yayinlari","12":"desktop-align-left","13":"tablet-align-left","14":"mobile-align-left","16":"first","17":"instock","18":"shipping-taxable","19":"purchasable","20":"product-type-simple"},"yoast_head":"<!-- This site is optimized with the Yoast SEO plugin v27.4 - https:\/\/yoast.com\/product\/yoast-seo-wordpress\/ -->\n<title>Otob\u00eas - Ciwanmerd Kulek - www.shanabooks.de<\/title>\n<meta name=\"description\" content=\"Otob\u00eas - Ciwanmerd Kulek \u201cDema min ew niv\u00eesand, navek\u00ee w\u00ea y\u00ea d\u00eeku min l\u00ea kirib\u00fb Li Pi\u015ft Behr\u00ean D\u00fbr\u00a0b\u00fb. Li paytexta welatek\u00ee girav\u00ee (dorgey\u00ee) ku ne ten\u00ea b...\" \/>\n<meta name=\"robots\" content=\"index, follow, max-snippet:-1, max-image-preview:large, max-video-preview:-1\" \/>\n<link rel=\"canonical\" href=\"https:\/\/shanabooks.de\/product\/otobes-ciwanmerd-kulek\/\" \/>\n<meta property=\"og:locale\" content=\"de_DE\" \/>\n<meta property=\"og:type\" content=\"article\" \/>\n<meta property=\"og:title\" content=\"Otob\u00eas - Ciwanmerd Kulek - www.shanabooks.de\" \/>\n<meta property=\"og:description\" content=\"Otob\u00eas - Ciwanmerd Kulek \u201cDema min ew niv\u00eesand, navek\u00ee w\u00ea y\u00ea d\u00eeku min l\u00ea kirib\u00fb Li Pi\u015ft Behr\u00ean D\u00fbr\u00a0b\u00fb. Li paytexta welatek\u00ee girav\u00ee (dorgey\u00ee) ku ne ten\u00ea b...\" \/>\n<meta property=\"og:url\" content=\"https:\/\/shanabooks.de\/product\/otobes-ciwanmerd-kulek\/\" \/>\n<meta property=\"og:site_name\" content=\"www.shanabooks.de\" \/>\n<meta property=\"article:modified_time\" content=\"2024-04-03T21:36:50+00:00\" \/>\n<meta property=\"og:image\" content=\"https:\/\/shanabooks.de\/wp-content\/uploads\/2024\/03\/Otobes.jpg\" \/>\n\t<meta property=\"og:image:width\" content=\"588\" \/>\n\t<meta property=\"og:image:height\" content=\"900\" \/>\n\t<meta property=\"og:image:type\" content=\"image\/jpeg\" \/>\n<meta name=\"twitter:card\" content=\"summary_large_image\" \/>\n<meta name=\"twitter:label1\" content=\"Gesch\u00e4tzte Lesezeit\" \/>\n\t<meta name=\"twitter:data1\" content=\"3\u00a0Minuten\" \/>\n<script type=\"application\/ld+json\" class=\"yoast-schema-graph\">{\"@context\":\"https:\\\/\\\/schema.org\",\"@graph\":[{\"@type\":\"WebPage\",\"@id\":\"https:\\\/\\\/shanabooks.de\\\/product\\\/otobes-ciwanmerd-kulek\\\/\",\"url\":\"https:\\\/\\\/shanabooks.de\\\/product\\\/otobes-ciwanmerd-kulek\\\/\",\"name\":\"Otob\u00eas - Ciwanmerd Kulek - www.shanabooks.de\",\"isPartOf\":{\"@id\":\"https:\\\/\\\/shanabooks.de\\\/#website\"},\"primaryImageOfPage\":{\"@id\":\"https:\\\/\\\/shanabooks.de\\\/product\\\/otobes-ciwanmerd-kulek\\\/#primaryimage\"},\"image\":{\"@id\":\"https:\\\/\\\/shanabooks.de\\\/product\\\/otobes-ciwanmerd-kulek\\\/#primaryimage\"},\"thumbnailUrl\":\"https:\\\/\\\/shanabooks.de\\\/wp-content\\\/uploads\\\/2024\\\/03\\\/Otobes.jpg\",\"datePublished\":\"2024-03-03T19:40:53+00:00\",\"dateModified\":\"2024-04-03T21:36:50+00:00\",\"description\":\"Otob\u00eas - Ciwanmerd Kulek \u201cDema min ew niv\u00eesand, navek\u00ee w\u00ea y\u00ea d\u00eeku min l\u00ea kirib\u00fb Li Pi\u015ft Behr\u00ean D\u00fbr\u00a0b\u00fb. Li paytexta welatek\u00ee girav\u00ee (dorgey\u00ee) ku ne ten\u00ea b...\",\"breadcrumb\":{\"@id\":\"https:\\\/\\\/shanabooks.de\\\/product\\\/otobes-ciwanmerd-kulek\\\/#breadcrumb\"},\"inLanguage\":\"de\",\"potentialAction\":[{\"@type\":\"ReadAction\",\"target\":[\"https:\\\/\\\/shanabooks.de\\\/product\\\/otobes-ciwanmerd-kulek\\\/\"]}]},{\"@type\":\"ImageObject\",\"inLanguage\":\"de\",\"@id\":\"https:\\\/\\\/shanabooks.de\\\/product\\\/otobes-ciwanmerd-kulek\\\/#primaryimage\",\"url\":\"https:\\\/\\\/shanabooks.de\\\/wp-content\\\/uploads\\\/2024\\\/03\\\/Otobes.jpg\",\"contentUrl\":\"https:\\\/\\\/shanabooks.de\\\/wp-content\\\/uploads\\\/2024\\\/03\\\/Otobes.jpg\",\"width\":588,\"height\":900,\"caption\":\"Otob\u00eas - Ciwanmerd Kulek - pirt\u00fbk\u00ean kurd\u00ee - roman\"},{\"@type\":\"BreadcrumbList\",\"@id\":\"https:\\\/\\\/shanabooks.de\\\/product\\\/otobes-ciwanmerd-kulek\\\/#breadcrumb\",\"itemListElement\":[{\"@type\":\"ListItem\",\"position\":1,\"name\":\"\u0627\u0644\u0631\u0626\u064a\u0633\u064a\u0629\",\"item\":\"https:\\\/\\\/shanabooks.de\\\/de\\\/\"},{\"@type\":\"ListItem\",\"position\":2,\"name\":\"\u0627\u0644\u0645\u0646\u062a\u062c\u0627\u062a\",\"item\":\"https:\\\/\\\/shanabooks.de\\\/shop\\\/\"},{\"@type\":\"ListItem\",\"position\":3,\"name\":\"Otob\u00eas\"}]},{\"@type\":\"WebSite\",\"@id\":\"https:\\\/\\\/shanabooks.de\\\/#website\",\"url\":\"https:\\\/\\\/shanabooks.de\\\/\",\"name\":\"www.shanbooks.de\",\"description\":\"C\u00eehana Pirt\u00fbk\u00ean Kurd\u00ee \u0645\u0643\u062a\u0628\u0629 \u0634\u0627\u0646\u0627 \u0641\u064a \u0627\u0644\u0645\u0627\u0646\u064a\u0627 \u0648\u0623\u0648\u0631\u0628\u0627\",\"publisher\":{\"@id\":\"https:\\\/\\\/shanabooks.de\\\/#organization\"},\"potentialAction\":[{\"@type\":\"SearchAction\",\"target\":{\"@type\":\"EntryPoint\",\"urlTemplate\":\"https:\\\/\\\/shanabooks.de\\\/?s={search_term_string}\"},\"query-input\":{\"@type\":\"PropertyValueSpecification\",\"valueRequired\":true,\"valueName\":\"search_term_string\"}}],\"inLanguage\":\"de\"},{\"@type\":\"Organization\",\"@id\":\"https:\\\/\\\/shanabooks.de\\\/#organization\",\"name\":\"www.shanbooks.de\",\"url\":\"https:\\\/\\\/shanabooks.de\\\/\",\"logo\":{\"@type\":\"ImageObject\",\"inLanguage\":\"de\",\"@id\":\"https:\\\/\\\/shanabooks.de\\\/#\\\/schema\\\/logo\\\/image\\\/\",\"url\":\"https:\\\/\\\/shanabooks.de\\\/wp-content\\\/uploads\\\/2024\\\/03\\\/SHANABOOKS__2_-removebg-preview.png\",\"contentUrl\":\"https:\\\/\\\/shanabooks.de\\\/wp-content\\\/uploads\\\/2024\\\/03\\\/SHANABOOKS__2_-removebg-preview.png\",\"width\":700,\"height\":150,\"caption\":\"www.shanbooks.de\"},\"image\":{\"@id\":\"https:\\\/\\\/shanabooks.de\\\/#\\\/schema\\\/logo\\\/image\\\/\"}}]}<\/script>\n<!-- \/ Yoast SEO plugin. -->","yoast_head_json":{"title":"Otob\u00eas - Ciwanmerd Kulek - www.shanabooks.de","description":"Otob\u00eas - Ciwanmerd Kulek \u201cDema min ew niv\u00eesand, navek\u00ee w\u00ea y\u00ea d\u00eeku min l\u00ea kirib\u00fb Li Pi\u015ft Behr\u00ean D\u00fbr\u00a0b\u00fb. Li paytexta welatek\u00ee girav\u00ee (dorgey\u00ee) ku ne ten\u00ea b...","robots":{"index":"index","follow":"follow","max-snippet":"max-snippet:-1","max-image-preview":"max-image-preview:large","max-video-preview":"max-video-preview:-1"},"canonical":"https:\/\/shanabooks.de\/product\/otobes-ciwanmerd-kulek\/","og_locale":"de_DE","og_type":"article","og_title":"Otob\u00eas - Ciwanmerd Kulek - www.shanabooks.de","og_description":"Otob\u00eas - Ciwanmerd Kulek \u201cDema min ew niv\u00eesand, navek\u00ee w\u00ea y\u00ea d\u00eeku min l\u00ea kirib\u00fb Li Pi\u015ft Behr\u00ean D\u00fbr\u00a0b\u00fb. Li paytexta welatek\u00ee girav\u00ee (dorgey\u00ee) ku ne ten\u00ea b...","og_url":"https:\/\/shanabooks.de\/product\/otobes-ciwanmerd-kulek\/","og_site_name":"www.shanabooks.de","article_modified_time":"2024-04-03T21:36:50+00:00","og_image":[{"width":588,"height":900,"url":"https:\/\/shanabooks.de\/wp-content\/uploads\/2024\/03\/Otobes.jpg","type":"image\/jpeg"}],"twitter_card":"summary_large_image","twitter_misc":{"Gesch\u00e4tzte Lesezeit":"3\u00a0Minuten"},"schema":{"@context":"https:\/\/schema.org","@graph":[{"@type":"WebPage","@id":"https:\/\/shanabooks.de\/product\/otobes-ciwanmerd-kulek\/","url":"https:\/\/shanabooks.de\/product\/otobes-ciwanmerd-kulek\/","name":"Otob\u00eas - Ciwanmerd Kulek - www.shanabooks.de","isPartOf":{"@id":"https:\/\/shanabooks.de\/#website"},"primaryImageOfPage":{"@id":"https:\/\/shanabooks.de\/product\/otobes-ciwanmerd-kulek\/#primaryimage"},"image":{"@id":"https:\/\/shanabooks.de\/product\/otobes-ciwanmerd-kulek\/#primaryimage"},"thumbnailUrl":"https:\/\/shanabooks.de\/wp-content\/uploads\/2024\/03\/Otobes.jpg","datePublished":"2024-03-03T19:40:53+00:00","dateModified":"2024-04-03T21:36:50+00:00","description":"Otob\u00eas - Ciwanmerd Kulek \u201cDema min ew niv\u00eesand, navek\u00ee w\u00ea y\u00ea d\u00eeku min l\u00ea kirib\u00fb Li Pi\u015ft Behr\u00ean D\u00fbr\u00a0b\u00fb. Li paytexta welatek\u00ee girav\u00ee (dorgey\u00ee) ku ne ten\u00ea b...","breadcrumb":{"@id":"https:\/\/shanabooks.de\/product\/otobes-ciwanmerd-kulek\/#breadcrumb"},"inLanguage":"de","potentialAction":[{"@type":"ReadAction","target":["https:\/\/shanabooks.de\/product\/otobes-ciwanmerd-kulek\/"]}]},{"@type":"ImageObject","inLanguage":"de","@id":"https:\/\/shanabooks.de\/product\/otobes-ciwanmerd-kulek\/#primaryimage","url":"https:\/\/shanabooks.de\/wp-content\/uploads\/2024\/03\/Otobes.jpg","contentUrl":"https:\/\/shanabooks.de\/wp-content\/uploads\/2024\/03\/Otobes.jpg","width":588,"height":900,"caption":"Otob\u00eas - Ciwanmerd Kulek - pirt\u00fbk\u00ean kurd\u00ee - roman"},{"@type":"BreadcrumbList","@id":"https:\/\/shanabooks.de\/product\/otobes-ciwanmerd-kulek\/#breadcrumb","itemListElement":[{"@type":"ListItem","position":1,"name":"\u0627\u0644\u0631\u0626\u064a\u0633\u064a\u0629","item":"https:\/\/shanabooks.de\/de\/"},{"@type":"ListItem","position":2,"name":"\u0627\u0644\u0645\u0646\u062a\u062c\u0627\u062a","item":"https:\/\/shanabooks.de\/shop\/"},{"@type":"ListItem","position":3,"name":"Otob\u00eas"}]},{"@type":"WebSite","@id":"https:\/\/shanabooks.de\/#website","url":"https:\/\/shanabooks.de\/","name":"www.shanbooks.de","description":"C\u00eehana Pirt\u00fbk\u00ean Kurd\u00ee \u0645\u0643\u062a\u0628\u0629 \u0634\u0627\u0646\u0627 \u0641\u064a \u0627\u0644\u0645\u0627\u0646\u064a\u0627 \u0648\u0623\u0648\u0631\u0628\u0627","publisher":{"@id":"https:\/\/shanabooks.de\/#organization"},"potentialAction":[{"@type":"SearchAction","target":{"@type":"EntryPoint","urlTemplate":"https:\/\/shanabooks.de\/?s={search_term_string}"},"query-input":{"@type":"PropertyValueSpecification","valueRequired":true,"valueName":"search_term_string"}}],"inLanguage":"de"},{"@type":"Organization","@id":"https:\/\/shanabooks.de\/#organization","name":"www.shanbooks.de","url":"https:\/\/shanabooks.de\/","logo":{"@type":"ImageObject","inLanguage":"de","@id":"https:\/\/shanabooks.de\/#\/schema\/logo\/image\/","url":"https:\/\/shanabooks.de\/wp-content\/uploads\/2024\/03\/SHANABOOKS__2_-removebg-preview.png","contentUrl":"https:\/\/shanabooks.de\/wp-content\/uploads\/2024\/03\/SHANABOOKS__2_-removebg-preview.png","width":700,"height":150,"caption":"www.shanbooks.de"},"image":{"@id":"https:\/\/shanabooks.de\/#\/schema\/logo\/image\/"}}]}},"jetpack_sharing_enabled":true,"_links":{"self":[{"href":"https:\/\/shanabooks.de\/de\/wp-json\/wp\/v2\/product\/12121","targetHints":{"allow":["GET"]}}],"collection":[{"href":"https:\/\/shanabooks.de\/de\/wp-json\/wp\/v2\/product"}],"about":[{"href":"https:\/\/shanabooks.de\/de\/wp-json\/wp\/v2\/types\/product"}],"version-history":[{"count":3,"href":"https:\/\/shanabooks.de\/de\/wp-json\/wp\/v2\/product\/12121\/revisions"}],"predecessor-version":[{"id":22801,"href":"https:\/\/shanabooks.de\/de\/wp-json\/wp\/v2\/product\/12121\/revisions\/22801"}],"wp:featuredmedia":[{"embeddable":true,"href":"https:\/\/shanabooks.de\/de\/wp-json\/wp\/v2\/media\/12187"}],"wp:attachment":[{"href":"https:\/\/shanabooks.de\/de\/wp-json\/wp\/v2\/media?parent=12121"}],"wp:term":[{"taxonomy":"product_brand","embeddable":true,"href":"https:\/\/shanabooks.de\/de\/wp-json\/wp\/v2\/product_brand?post=12121"},{"taxonomy":"product_cat","embeddable":true,"href":"https:\/\/shanabooks.de\/de\/wp-json\/wp\/v2\/product_cat?post=12121"},{"taxonomy":"product_tag","embeddable":true,"href":"https:\/\/shanabooks.de\/de\/wp-json\/wp\/v2\/product_tag?post=12121"}],"curies":[{"name":"wp","href":"https:\/\/api.w.org\/{rel}","templated":true}]}}