{"id":12123,"date":"2024-03-03T19:40:53","date_gmt":"2024-03-03T19:40:53","guid":{"rendered":"https:\/\/shanabooks.de\/?post_type=product&#038;p=12123"},"modified":"2026-01-01T19:47:28","modified_gmt":"2026-01-01T19:47:28","slug":"perde-cihan-roj","status":"publish","type":"product","link":"https:\/\/shanabooks.de\/de\/product\/perde-cihan-roj\/","title":{"rendered":"Perde"},"content":{"rendered":"<p dir=\"ltr\"><strong>Perde &#8211; C\u00eehan Roj<\/strong><\/p>\n<p dir=\"ltr\">C\u00eehan Roj, v\u00ea car\u00ea j\u00ee bi romana xwe ya bi nav\u00ea Perde hat \u00fb li miqabil\u00ee me sekin\u00ee. C\u00eehan roj, di v\u00ea romana xwe de, b\u00eay\u00ee ku bi t\u00fbmer\u00ee ji \u015f\u00eawaza xwe bi d\u00fbr keve, li ser koka xwe sekiniye \u00fb \u00e7av dike Vircinia Woolf. Guh\u00ea xwe disp\u00eare zem\u00ean \u00fb li nihir\u00eena Woolf guhdar dike. Sewta nihir\u00eena Woolf vediguh\u00eaz\u00eene guh\u00ea xw\u00een\u00ear. Woolf texl\u00eet nake. Wek referans dihesib\u00eene. Bi ziman \u00fb \u00e7avd\u00eariyeke real\u00eest, radih\u00eale xw\u00een\u00ear \u00fb di nava Stembol \u00fb Diyarbekir\u00ea de dibe \u00fb t\u00eene; xw\u00eener, ne ji te&#8217;ama \u00e7avd\u00ear\u00ee \u00fb vegotin\u00ean fantast\u00eek b\u00eapar dim\u00eene \u00fb ne ji hisandina tekn\u00eeka veherik\u00eena \u015fi\u00fbr\u00ea d\u00fbr dim\u00eene. C\u00eehan, di v\u00ea roman\u00ea de, ji merhaleyek\u00ea bi r\u00ea ketiye \u00fb ber\u00ea xwe daye merhaley\u00ean d\u00eetir. Ji b\u00fbyer \u00fb portreyan b\u00eatir, takekes\u00ee heye; serhi\u015f \u00fb binhi\u015f\u00ea Gulten heye. Kerem bikin dehl\u00eez \u00fb maxzen\u00eek \u00fb tar\u00eestana binhi\u015f.<\/p>\n<p dir=\"ltr\">\n","protected":false},"excerpt":{"rendered":"<p dir=\"ltr\" style=\"text-align: center\"><strong>Pirt\u00fbk: Perde<br \/>\nNiv\u00eeskar: C\u00eehan Roj<\/strong><br \/>\n<strong>Cure: Roman<\/strong><\/p>\n","protected":false},"featured_media":12205,"template":"","meta":{"site-sidebar-layout":"default","site-content-layout":"","ast-site-content-layout":"default","site-content-style":"default","site-sidebar-style":"default","ast-global-header-display":"","ast-banner-title-visibility":"","ast-main-header-display":"","ast-hfb-above-header-display":"","ast-hfb-below-header-display":"","ast-hfb-mobile-header-display":"","site-post-title":"","ast-breadcrumbs-content":"","ast-featured-img":"","footer-sml-layout":"","ast-disable-related-posts":"","theme-transparent-header-meta":"default","adv-header-id-meta":"","stick-header-meta":"","header-above-stick-meta":"","header-main-stick-meta":"","header-below-stick-meta":"","astra-migrate-meta-layouts":"set","ast-page-background-enabled":"default","ast-page-background-meta":{"desktop":{"background-color":"","background-image":"","background-repeat":"repeat","background-position":"center center","background-size":"auto","background-attachment":"scroll","background-type":"","background-media":"","overlay-type":"","overlay-color":"","overlay-opacity":"","overlay-gradient":""},"tablet":{"background-color":"","background-image":"","background-repeat":"repeat","background-position":"center center","background-size":"auto","background-attachment":"scroll","background-type":"","background-media":"","overlay-type":"","overlay-color":"","overlay-opacity":"","overlay-gradient":""},"mobile":{"background-color":"","background-image":"","background-repeat":"repeat","background-position":"center center","background-size":"auto","background-attachment":"scroll","background-type":"","background-media":"","overlay-type":"","overlay-color":"","overlay-opacity":"","overlay-gradient":""}},"ast-content-background-meta":{"desktop":{"background-color":"var(--ast-global-color-5)","background-image":"","background-repeat":"repeat","background-position":"center center","background-size":"auto","background-attachment":"scroll","background-type":"","background-media":"","overlay-type":"","overlay-color":"","overlay-opacity":"","overlay-gradient":""},"tablet":{"background-color":"var(--ast-global-color-5)","background-image":"","background-repeat":"repeat","background-position":"center center","background-size":"auto","background-attachment":"scroll","background-type":"","background-media":"","overlay-type":"","overlay-color":"","overlay-opacity":"","overlay-gradient":""},"mobile":{"background-color":"var(--ast-global-color-5)","background-image":"","background-repeat":"repeat","background-position":"center center","background-size":"auto","background-attachment":"scroll","background-type":"","background-media":"","overlay-type":"","overlay-color":"","overlay-opacity":"","overlay-gradient":""}}},"product_brand":[],"product_cat":[182,193],"product_tag":[],"class_list":{"0":"post-12123","1":"product","2":"type-product","3":"status-publish","4":"has-post-thumbnail","6":"product_cat-_","7":"product_cat--_","8":"pa_-roman","9":"pa_-cihan-roj","10":"pa_-kurmanci","11":"pa_--wesanen-na","12":"desktop-align-left","13":"tablet-align-left","14":"mobile-align-left","16":"first","17":"instock","18":"shipping-taxable","19":"purchasable","20":"product-type-simple"},"yoast_head":"<!-- This site is optimized with the Yoast SEO plugin v27.4 - https:\/\/yoast.com\/product\/yoast-seo-wordpress\/ -->\n<title>Perde - C\u00eehan Roj - www.shanabooks.de<\/title>\n<meta name=\"description\" content=\"Perde - C\u00eehan Roj C\u00eehan Roj, v\u00ea car\u00ea j\u00ee bi romanek\u00ea hat \u00fb li miqabil\u00ee me sekin\u00ee. C\u00eehan roj, di v\u00ea romana xwe de, b\u00eay\u00ee ku bi t\u00fbmer\u00ee ji \u015f\u00eawaza xwe bi d\u00fbr ...\" \/>\n<meta name=\"robots\" content=\"index, follow, max-snippet:-1, max-image-preview:large, max-video-preview:-1\" \/>\n<link rel=\"canonical\" href=\"https:\/\/shanabooks.de\/product\/perde-cihan-roj\/\" \/>\n<meta property=\"og:locale\" content=\"de_DE\" \/>\n<meta property=\"og:type\" content=\"article\" \/>\n<meta property=\"og:title\" content=\"Perde - C\u00eehan Roj - www.shanabooks.de\" \/>\n<meta property=\"og:description\" content=\"Perde - C\u00eehan Roj C\u00eehan Roj, v\u00ea car\u00ea j\u00ee bi romanek\u00ea hat \u00fb li miqabil\u00ee me sekin\u00ee. C\u00eehan roj, di v\u00ea romana xwe de, b\u00eay\u00ee ku bi t\u00fbmer\u00ee ji \u015f\u00eawaza xwe bi d\u00fbr ...\" \/>\n<meta property=\"og:url\" content=\"https:\/\/shanabooks.de\/product\/perde-cihan-roj\/\" \/>\n<meta property=\"og:site_name\" content=\"www.shanabooks.de\" \/>\n<meta property=\"article:modified_time\" content=\"2026-01-01T19:47:28+00:00\" \/>\n<meta property=\"og:image\" content=\"https:\/\/shanabooks.de\/wp-content\/uploads\/2024\/03\/Perde.png\" \/>\n\t<meta property=\"og:image:width\" content=\"293\" \/>\n\t<meta property=\"og:image:height\" content=\"476\" \/>\n\t<meta property=\"og:image:type\" content=\"image\/png\" \/>\n<meta name=\"twitter:card\" content=\"summary_large_image\" \/>\n<meta name=\"twitter:label1\" content=\"Gesch\u00e4tzte Lesezeit\" \/>\n\t<meta name=\"twitter:data1\" content=\"2\u00a0Minuten\" \/>\n<script type=\"application\/ld+json\" class=\"yoast-schema-graph\">{\"@context\":\"https:\\\/\\\/schema.org\",\"@graph\":[{\"@type\":\"WebPage\",\"@id\":\"https:\\\/\\\/shanabooks.de\\\/product\\\/perde-cihan-roj\\\/\",\"url\":\"https:\\\/\\\/shanabooks.de\\\/product\\\/perde-cihan-roj\\\/\",\"name\":\"Perde - C\u00eehan Roj - www.shanabooks.de\",\"isPartOf\":{\"@id\":\"https:\\\/\\\/shanabooks.de\\\/#website\"},\"primaryImageOfPage\":{\"@id\":\"https:\\\/\\\/shanabooks.de\\\/product\\\/perde-cihan-roj\\\/#primaryimage\"},\"image\":{\"@id\":\"https:\\\/\\\/shanabooks.de\\\/product\\\/perde-cihan-roj\\\/#primaryimage\"},\"thumbnailUrl\":\"https:\\\/\\\/shanabooks.de\\\/wp-content\\\/uploads\\\/2024\\\/03\\\/Perde.png\",\"datePublished\":\"2024-03-03T19:40:53+00:00\",\"dateModified\":\"2026-01-01T19:47:28+00:00\",\"description\":\"Perde - C\u00eehan Roj C\u00eehan Roj, v\u00ea car\u00ea j\u00ee bi romanek\u00ea hat \u00fb li miqabil\u00ee me sekin\u00ee. C\u00eehan roj, di v\u00ea romana xwe de, b\u00eay\u00ee ku bi t\u00fbmer\u00ee ji \u015f\u00eawaza xwe bi d\u00fbr ...\",\"breadcrumb\":{\"@id\":\"https:\\\/\\\/shanabooks.de\\\/product\\\/perde-cihan-roj\\\/#breadcrumb\"},\"inLanguage\":\"de\",\"potentialAction\":[{\"@type\":\"ReadAction\",\"target\":[\"https:\\\/\\\/shanabooks.de\\\/product\\\/perde-cihan-roj\\\/\"]}]},{\"@type\":\"ImageObject\",\"inLanguage\":\"de\",\"@id\":\"https:\\\/\\\/shanabooks.de\\\/product\\\/perde-cihan-roj\\\/#primaryimage\",\"url\":\"https:\\\/\\\/shanabooks.de\\\/wp-content\\\/uploads\\\/2024\\\/03\\\/Perde.png\",\"contentUrl\":\"https:\\\/\\\/shanabooks.de\\\/wp-content\\\/uploads\\\/2024\\\/03\\\/Perde.png\",\"width\":293,\"height\":476,\"caption\":\"Perde - C\u00eehan Roj - pirt\u00fbk\u00ean kurd\u00ee - roman\"},{\"@type\":\"BreadcrumbList\",\"@id\":\"https:\\\/\\\/shanabooks.de\\\/product\\\/perde-cihan-roj\\\/#breadcrumb\",\"itemListElement\":[{\"@type\":\"ListItem\",\"position\":1,\"name\":\"\u0627\u0644\u0631\u0626\u064a\u0633\u064a\u0629\",\"item\":\"https:\\\/\\\/shanabooks.de\\\/de\\\/\"},{\"@type\":\"ListItem\",\"position\":2,\"name\":\"\u0627\u0644\u0645\u0646\u062a\u062c\u0627\u062a\",\"item\":\"https:\\\/\\\/shanabooks.de\\\/shop\\\/\"},{\"@type\":\"ListItem\",\"position\":3,\"name\":\"Perde\"}]},{\"@type\":\"WebSite\",\"@id\":\"https:\\\/\\\/shanabooks.de\\\/#website\",\"url\":\"https:\\\/\\\/shanabooks.de\\\/\",\"name\":\"www.shanbooks.de\",\"description\":\"C\u00eehana Pirt\u00fbk\u00ean Kurd\u00ee \u0645\u0643\u062a\u0628\u0629 \u0634\u0627\u0646\u0627 \u0641\u064a \u0627\u0644\u0645\u0627\u0646\u064a\u0627 \u0648\u0623\u0648\u0631\u0628\u0627\",\"publisher\":{\"@id\":\"https:\\\/\\\/shanabooks.de\\\/#organization\"},\"potentialAction\":[{\"@type\":\"SearchAction\",\"target\":{\"@type\":\"EntryPoint\",\"urlTemplate\":\"https:\\\/\\\/shanabooks.de\\\/?s={search_term_string}\"},\"query-input\":{\"@type\":\"PropertyValueSpecification\",\"valueRequired\":true,\"valueName\":\"search_term_string\"}}],\"inLanguage\":\"de\"},{\"@type\":\"Organization\",\"@id\":\"https:\\\/\\\/shanabooks.de\\\/#organization\",\"name\":\"www.shanbooks.de\",\"url\":\"https:\\\/\\\/shanabooks.de\\\/\",\"logo\":{\"@type\":\"ImageObject\",\"inLanguage\":\"de\",\"@id\":\"https:\\\/\\\/shanabooks.de\\\/#\\\/schema\\\/logo\\\/image\\\/\",\"url\":\"https:\\\/\\\/shanabooks.de\\\/wp-content\\\/uploads\\\/2024\\\/03\\\/SHANABOOKS__2_-removebg-preview.png\",\"contentUrl\":\"https:\\\/\\\/shanabooks.de\\\/wp-content\\\/uploads\\\/2024\\\/03\\\/SHANABOOKS__2_-removebg-preview.png\",\"width\":700,\"height\":150,\"caption\":\"www.shanbooks.de\"},\"image\":{\"@id\":\"https:\\\/\\\/shanabooks.de\\\/#\\\/schema\\\/logo\\\/image\\\/\"}}]}<\/script>\n<!-- \/ Yoast SEO plugin. -->","yoast_head_json":{"title":"Perde - C\u00eehan Roj - www.shanabooks.de","description":"Perde - C\u00eehan Roj C\u00eehan Roj, v\u00ea car\u00ea j\u00ee bi romanek\u00ea hat \u00fb li miqabil\u00ee me sekin\u00ee. C\u00eehan roj, di v\u00ea romana xwe de, b\u00eay\u00ee ku bi t\u00fbmer\u00ee ji \u015f\u00eawaza xwe bi d\u00fbr ...","robots":{"index":"index","follow":"follow","max-snippet":"max-snippet:-1","max-image-preview":"max-image-preview:large","max-video-preview":"max-video-preview:-1"},"canonical":"https:\/\/shanabooks.de\/product\/perde-cihan-roj\/","og_locale":"de_DE","og_type":"article","og_title":"Perde - C\u00eehan Roj - www.shanabooks.de","og_description":"Perde - C\u00eehan Roj C\u00eehan Roj, v\u00ea car\u00ea j\u00ee bi romanek\u00ea hat \u00fb li miqabil\u00ee me sekin\u00ee. C\u00eehan roj, di v\u00ea romana xwe de, b\u00eay\u00ee ku bi t\u00fbmer\u00ee ji \u015f\u00eawaza xwe bi d\u00fbr ...","og_url":"https:\/\/shanabooks.de\/product\/perde-cihan-roj\/","og_site_name":"www.shanabooks.de","article_modified_time":"2026-01-01T19:47:28+00:00","og_image":[{"width":293,"height":476,"url":"https:\/\/shanabooks.de\/wp-content\/uploads\/2024\/03\/Perde.png","type":"image\/png"}],"twitter_card":"summary_large_image","twitter_misc":{"Gesch\u00e4tzte Lesezeit":"2\u00a0Minuten"},"schema":{"@context":"https:\/\/schema.org","@graph":[{"@type":"WebPage","@id":"https:\/\/shanabooks.de\/product\/perde-cihan-roj\/","url":"https:\/\/shanabooks.de\/product\/perde-cihan-roj\/","name":"Perde - C\u00eehan Roj - www.shanabooks.de","isPartOf":{"@id":"https:\/\/shanabooks.de\/#website"},"primaryImageOfPage":{"@id":"https:\/\/shanabooks.de\/product\/perde-cihan-roj\/#primaryimage"},"image":{"@id":"https:\/\/shanabooks.de\/product\/perde-cihan-roj\/#primaryimage"},"thumbnailUrl":"https:\/\/shanabooks.de\/wp-content\/uploads\/2024\/03\/Perde.png","datePublished":"2024-03-03T19:40:53+00:00","dateModified":"2026-01-01T19:47:28+00:00","description":"Perde - C\u00eehan Roj C\u00eehan Roj, v\u00ea car\u00ea j\u00ee bi romanek\u00ea hat \u00fb li miqabil\u00ee me sekin\u00ee. C\u00eehan roj, di v\u00ea romana xwe de, b\u00eay\u00ee ku bi t\u00fbmer\u00ee ji \u015f\u00eawaza xwe bi d\u00fbr ...","breadcrumb":{"@id":"https:\/\/shanabooks.de\/product\/perde-cihan-roj\/#breadcrumb"},"inLanguage":"de","potentialAction":[{"@type":"ReadAction","target":["https:\/\/shanabooks.de\/product\/perde-cihan-roj\/"]}]},{"@type":"ImageObject","inLanguage":"de","@id":"https:\/\/shanabooks.de\/product\/perde-cihan-roj\/#primaryimage","url":"https:\/\/shanabooks.de\/wp-content\/uploads\/2024\/03\/Perde.png","contentUrl":"https:\/\/shanabooks.de\/wp-content\/uploads\/2024\/03\/Perde.png","width":293,"height":476,"caption":"Perde - C\u00eehan Roj - pirt\u00fbk\u00ean kurd\u00ee - roman"},{"@type":"BreadcrumbList","@id":"https:\/\/shanabooks.de\/product\/perde-cihan-roj\/#breadcrumb","itemListElement":[{"@type":"ListItem","position":1,"name":"\u0627\u0644\u0631\u0626\u064a\u0633\u064a\u0629","item":"https:\/\/shanabooks.de\/de\/"},{"@type":"ListItem","position":2,"name":"\u0627\u0644\u0645\u0646\u062a\u062c\u0627\u062a","item":"https:\/\/shanabooks.de\/shop\/"},{"@type":"ListItem","position":3,"name":"Perde"}]},{"@type":"WebSite","@id":"https:\/\/shanabooks.de\/#website","url":"https:\/\/shanabooks.de\/","name":"www.shanbooks.de","description":"C\u00eehana Pirt\u00fbk\u00ean Kurd\u00ee \u0645\u0643\u062a\u0628\u0629 \u0634\u0627\u0646\u0627 \u0641\u064a \u0627\u0644\u0645\u0627\u0646\u064a\u0627 \u0648\u0623\u0648\u0631\u0628\u0627","publisher":{"@id":"https:\/\/shanabooks.de\/#organization"},"potentialAction":[{"@type":"SearchAction","target":{"@type":"EntryPoint","urlTemplate":"https:\/\/shanabooks.de\/?s={search_term_string}"},"query-input":{"@type":"PropertyValueSpecification","valueRequired":true,"valueName":"search_term_string"}}],"inLanguage":"de"},{"@type":"Organization","@id":"https:\/\/shanabooks.de\/#organization","name":"www.shanbooks.de","url":"https:\/\/shanabooks.de\/","logo":{"@type":"ImageObject","inLanguage":"de","@id":"https:\/\/shanabooks.de\/#\/schema\/logo\/image\/","url":"https:\/\/shanabooks.de\/wp-content\/uploads\/2024\/03\/SHANABOOKS__2_-removebg-preview.png","contentUrl":"https:\/\/shanabooks.de\/wp-content\/uploads\/2024\/03\/SHANABOOKS__2_-removebg-preview.png","width":700,"height":150,"caption":"www.shanbooks.de"},"image":{"@id":"https:\/\/shanabooks.de\/#\/schema\/logo\/image\/"}}]}},"jetpack_sharing_enabled":true,"_links":{"self":[{"href":"https:\/\/shanabooks.de\/de\/wp-json\/wp\/v2\/product\/12123","targetHints":{"allow":["GET"]}}],"collection":[{"href":"https:\/\/shanabooks.de\/de\/wp-json\/wp\/v2\/product"}],"about":[{"href":"https:\/\/shanabooks.de\/de\/wp-json\/wp\/v2\/types\/product"}],"version-history":[{"count":3,"href":"https:\/\/shanabooks.de\/de\/wp-json\/wp\/v2\/product\/12123\/revisions"}],"predecessor-version":[{"id":22834,"href":"https:\/\/shanabooks.de\/de\/wp-json\/wp\/v2\/product\/12123\/revisions\/22834"}],"wp:featuredmedia":[{"embeddable":true,"href":"https:\/\/shanabooks.de\/de\/wp-json\/wp\/v2\/media\/12205"}],"wp:attachment":[{"href":"https:\/\/shanabooks.de\/de\/wp-json\/wp\/v2\/media?parent=12123"}],"wp:term":[{"taxonomy":"product_brand","embeddable":true,"href":"https:\/\/shanabooks.de\/de\/wp-json\/wp\/v2\/product_brand?post=12123"},{"taxonomy":"product_cat","embeddable":true,"href":"https:\/\/shanabooks.de\/de\/wp-json\/wp\/v2\/product_cat?post=12123"},{"taxonomy":"product_tag","embeddable":true,"href":"https:\/\/shanabooks.de\/de\/wp-json\/wp\/v2\/product_tag?post=12123"}],"curies":[{"name":"wp","href":"https:\/\/api.w.org\/{rel}","templated":true}]}}