{"id":12150,"date":"2024-03-03T19:41:16","date_gmt":"2024-03-03T19:41:16","guid":{"rendered":"https:\/\/shanabooks.de\/?post_type=product&#038;p=12150"},"modified":"2025-12-30T23:09:12","modified_gmt":"2025-12-30T23:09:12","slug":"gotinen-navdaran-firat-ceweri","status":"publish","type":"product","link":"https:\/\/shanabooks.de\/de\/product\/gotinen-navdaran-firat-ceweri\/","title":{"rendered":"Gotin\u00ean Navd\u00earan"},"content":{"rendered":"<p dir=\"ltr\"><strong>Gotin\u00ean Navdaran &#8211; Firat Cewer\u00ee<\/strong><\/p>\n<p dir=\"ltr\">Afor\u00eesmay\u00ean ku ji aliy\u00ea Firat Cewer\u00ee ve hatine amadekirin, di gelek mijaran de ji gotin\u00ean kes\u00ean navdar p\u00eak t\u00ean \u00fb gotin bi awayek\u00ee temat\u00eek hatine r\u00eazkirin.<\/p>\n","protected":false},"excerpt":{"rendered":"<p dir=\"ltr\" style=\"text-align: center\"><strong>Pirt\u00fbk: Gotin\u00ean Navdaran<br \/>\nNiv\u00eeskar: Firat Cewer\u00ee<br \/>\nCure: Gotin\u00ean P\u00ea\u015fiyan<\/strong><\/p>\n","protected":false},"featured_media":12213,"template":"","meta":{"site-sidebar-layout":"default","site-content-layout":"","ast-site-content-layout":"default","site-content-style":"default","site-sidebar-style":"default","ast-global-header-display":"","ast-banner-title-visibility":"","ast-main-header-display":"","ast-hfb-above-header-display":"","ast-hfb-below-header-display":"","ast-hfb-mobile-header-display":"","site-post-title":"","ast-breadcrumbs-content":"","ast-featured-img":"","footer-sml-layout":"","ast-disable-related-posts":"","theme-transparent-header-meta":"default","adv-header-id-meta":"","stick-header-meta":"","header-above-stick-meta":"","header-main-stick-meta":"","header-below-stick-meta":"","astra-migrate-meta-layouts":"set","ast-page-background-enabled":"default","ast-page-background-meta":{"desktop":{"background-color":"","background-image":"","background-repeat":"repeat","background-position":"center center","background-size":"auto","background-attachment":"scroll","background-type":"","background-media":"","overlay-type":"","overlay-color":"","overlay-opacity":"","overlay-gradient":""},"tablet":{"background-color":"","background-image":"","background-repeat":"repeat","background-position":"center center","background-size":"auto","background-attachment":"scroll","background-type":"","background-media":"","overlay-type":"","overlay-color":"","overlay-opacity":"","overlay-gradient":""},"mobile":{"background-color":"","background-image":"","background-repeat":"repeat","background-position":"center center","background-size":"auto","background-attachment":"scroll","background-type":"","background-media":"","overlay-type":"","overlay-color":"","overlay-opacity":"","overlay-gradient":""}},"ast-content-background-meta":{"desktop":{"background-color":"var(--ast-global-color-5)","background-image":"","background-repeat":"repeat","background-position":"center center","background-size":"auto","background-attachment":"scroll","background-type":"","background-media":"","overlay-type":"","overlay-color":"","overlay-opacity":"","overlay-gradient":""},"tablet":{"background-color":"var(--ast-global-color-5)","background-image":"","background-repeat":"repeat","background-position":"center center","background-size":"auto","background-attachment":"scroll","background-type":"","background-media":"","overlay-type":"","overlay-color":"","overlay-opacity":"","overlay-gradient":""},"mobile":{"background-color":"var(--ast-global-color-5)","background-image":"","background-repeat":"repeat","background-position":"center center","background-size":"auto","background-attachment":"scroll","background-type":"","background-media":"","overlay-type":"","overlay-color":"","overlay-opacity":"","overlay-gradient":""}}},"product_brand":[],"product_cat":[334,193],"product_tag":[],"class_list":{"0":"post-12150","1":"product","2":"type-product","3":"status-publish","4":"has-post-thumbnail","6":"product_cat--_","8":"pa_-gotinen-pesiyan","9":"pa_-firat-ceweri","10":"pa_-kurmanci","11":"pa_--avesta-yayinlari","12":"desktop-align-left","13":"tablet-align-left","14":"mobile-align-left","16":"first","17":"outofstock","18":"shipping-taxable","19":"purchasable","20":"product-type-simple"},"yoast_head":"<!-- This site is optimized with the Yoast SEO plugin v27.4 - https:\/\/yoast.com\/product\/yoast-seo-wordpress\/ -->\n<title>Gotin\u00ean Navdaran - Firat Cewer\u00ee - www.shanabooks.de<\/title>\n<meta name=\"description\" content=\"Gotin\u00ean Navdaran - Firat Cewer\u00ee Afor\u00eesmay\u00ean ku ji aliy\u00ea Firat Cewer\u00ee ve hatine amadekirin, di gelek mijaran de ji gotin\u00ean kes\u00ean navdar p\u00eak t\u00ean \u00fb gotin...\" \/>\n<meta name=\"robots\" content=\"index, follow, max-snippet:-1, max-image-preview:large, max-video-preview:-1\" \/>\n<link rel=\"canonical\" href=\"https:\/\/shanabooks.de\/product\/gotinen-navdaran-firat-ceweri\/\" \/>\n<meta property=\"og:locale\" content=\"de_DE\" \/>\n<meta property=\"og:type\" content=\"article\" \/>\n<meta property=\"og:title\" content=\"Gotin\u00ean Navdaran - Firat Cewer\u00ee - www.shanabooks.de\" \/>\n<meta property=\"og:description\" content=\"Gotin\u00ean Navdaran - Firat Cewer\u00ee Afor\u00eesmay\u00ean ku ji aliy\u00ea Firat Cewer\u00ee ve hatine amadekirin, di gelek mijaran de ji gotin\u00ean kes\u00ean navdar p\u00eak t\u00ean \u00fb gotin...\" \/>\n<meta property=\"og:url\" content=\"https:\/\/shanabooks.de\/product\/gotinen-navdaran-firat-ceweri\/\" \/>\n<meta property=\"og:site_name\" content=\"www.shanabooks.de\" \/>\n<meta property=\"article:modified_time\" content=\"2025-12-30T23:09:12+00:00\" \/>\n<meta property=\"og:image\" content=\"https:\/\/shanabooks.de\/wp-content\/uploads\/2024\/03\/Gorinen-Navdaran.jpg\" \/>\n\t<meta property=\"og:image:width\" content=\"593\" \/>\n\t<meta property=\"og:image:height\" content=\"900\" \/>\n\t<meta property=\"og:image:type\" content=\"image\/jpeg\" \/>\n<meta name=\"twitter:card\" content=\"summary_large_image\" \/>\n<meta name=\"twitter:label1\" content=\"Gesch\u00e4tzte Lesezeit\" \/>\n\t<meta name=\"twitter:data1\" content=\"1\u00a0Minute\" \/>\n<script type=\"application\/ld+json\" class=\"yoast-schema-graph\">{\"@context\":\"https:\\\/\\\/schema.org\",\"@graph\":[{\"@type\":\"WebPage\",\"@id\":\"https:\\\/\\\/shanabooks.de\\\/product\\\/gotinen-navdaran-firat-ceweri\\\/\",\"url\":\"https:\\\/\\\/shanabooks.de\\\/product\\\/gotinen-navdaran-firat-ceweri\\\/\",\"name\":\"Gotin\u00ean Navdaran - Firat Cewer\u00ee - www.shanabooks.de\",\"isPartOf\":{\"@id\":\"https:\\\/\\\/shanabooks.de\\\/#website\"},\"primaryImageOfPage\":{\"@id\":\"https:\\\/\\\/shanabooks.de\\\/product\\\/gotinen-navdaran-firat-ceweri\\\/#primaryimage\"},\"image\":{\"@id\":\"https:\\\/\\\/shanabooks.de\\\/product\\\/gotinen-navdaran-firat-ceweri\\\/#primaryimage\"},\"thumbnailUrl\":\"https:\\\/\\\/shanabooks.de\\\/wp-content\\\/uploads\\\/2024\\\/03\\\/Gorinen-Navdaran.jpg\",\"datePublished\":\"2024-03-03T19:41:16+00:00\",\"dateModified\":\"2025-12-30T23:09:12+00:00\",\"description\":\"Gotin\u00ean Navdaran - Firat Cewer\u00ee Afor\u00eesmay\u00ean ku ji aliy\u00ea Firat Cewer\u00ee ve hatine amadekirin, di gelek mijaran de ji gotin\u00ean kes\u00ean navdar p\u00eak t\u00ean \u00fb gotin...\",\"breadcrumb\":{\"@id\":\"https:\\\/\\\/shanabooks.de\\\/product\\\/gotinen-navdaran-firat-ceweri\\\/#breadcrumb\"},\"inLanguage\":\"de\",\"potentialAction\":[{\"@type\":\"ReadAction\",\"target\":[\"https:\\\/\\\/shanabooks.de\\\/product\\\/gotinen-navdaran-firat-ceweri\\\/\"]}]},{\"@type\":\"ImageObject\",\"inLanguage\":\"de\",\"@id\":\"https:\\\/\\\/shanabooks.de\\\/product\\\/gotinen-navdaran-firat-ceweri\\\/#primaryimage\",\"url\":\"https:\\\/\\\/shanabooks.de\\\/wp-content\\\/uploads\\\/2024\\\/03\\\/Gorinen-Navdaran.jpg\",\"contentUrl\":\"https:\\\/\\\/shanabooks.de\\\/wp-content\\\/uploads\\\/2024\\\/03\\\/Gorinen-Navdaran.jpg\",\"width\":593,\"height\":900,\"caption\":\"Gotin\u00ean Navdaran - Firat Cewer\u00ee - pirt\u00fbk\u00ean kurd\u00ee - gotin\u00ean p\u00ea\u015fiyan\"},{\"@type\":\"BreadcrumbList\",\"@id\":\"https:\\\/\\\/shanabooks.de\\\/product\\\/gotinen-navdaran-firat-ceweri\\\/#breadcrumb\",\"itemListElement\":[{\"@type\":\"ListItem\",\"position\":1,\"name\":\"\u0627\u0644\u0631\u0626\u064a\u0633\u064a\u0629\",\"item\":\"https:\\\/\\\/shanabooks.de\\\/de\\\/\"},{\"@type\":\"ListItem\",\"position\":2,\"name\":\"\u0627\u0644\u0645\u0646\u062a\u062c\u0627\u062a\",\"item\":\"https:\\\/\\\/shanabooks.de\\\/shop\\\/\"},{\"@type\":\"ListItem\",\"position\":3,\"name\":\"Gotin\u00ean Navd\u00earan\"}]},{\"@type\":\"WebSite\",\"@id\":\"https:\\\/\\\/shanabooks.de\\\/#website\",\"url\":\"https:\\\/\\\/shanabooks.de\\\/\",\"name\":\"www.shanbooks.de\",\"description\":\"C\u00eehana Pirt\u00fbk\u00ean Kurd\u00ee \u0645\u0643\u062a\u0628\u0629 \u0634\u0627\u0646\u0627 \u0641\u064a \u0627\u0644\u0645\u0627\u0646\u064a\u0627 \u0648\u0623\u0648\u0631\u0628\u0627\",\"publisher\":{\"@id\":\"https:\\\/\\\/shanabooks.de\\\/#organization\"},\"potentialAction\":[{\"@type\":\"SearchAction\",\"target\":{\"@type\":\"EntryPoint\",\"urlTemplate\":\"https:\\\/\\\/shanabooks.de\\\/?s={search_term_string}\"},\"query-input\":{\"@type\":\"PropertyValueSpecification\",\"valueRequired\":true,\"valueName\":\"search_term_string\"}}],\"inLanguage\":\"de\"},{\"@type\":\"Organization\",\"@id\":\"https:\\\/\\\/shanabooks.de\\\/#organization\",\"name\":\"www.shanbooks.de\",\"url\":\"https:\\\/\\\/shanabooks.de\\\/\",\"logo\":{\"@type\":\"ImageObject\",\"inLanguage\":\"de\",\"@id\":\"https:\\\/\\\/shanabooks.de\\\/#\\\/schema\\\/logo\\\/image\\\/\",\"url\":\"https:\\\/\\\/shanabooks.de\\\/wp-content\\\/uploads\\\/2024\\\/03\\\/SHANABOOKS__2_-removebg-preview.png\",\"contentUrl\":\"https:\\\/\\\/shanabooks.de\\\/wp-content\\\/uploads\\\/2024\\\/03\\\/SHANABOOKS__2_-removebg-preview.png\",\"width\":700,\"height\":150,\"caption\":\"www.shanbooks.de\"},\"image\":{\"@id\":\"https:\\\/\\\/shanabooks.de\\\/#\\\/schema\\\/logo\\\/image\\\/\"}}]}<\/script>\n<!-- \/ Yoast SEO plugin. -->","yoast_head_json":{"title":"Gotin\u00ean Navdaran - Firat Cewer\u00ee - www.shanabooks.de","description":"Gotin\u00ean Navdaran - Firat Cewer\u00ee Afor\u00eesmay\u00ean ku ji aliy\u00ea Firat Cewer\u00ee ve hatine amadekirin, di gelek mijaran de ji gotin\u00ean kes\u00ean navdar p\u00eak t\u00ean \u00fb gotin...","robots":{"index":"index","follow":"follow","max-snippet":"max-snippet:-1","max-image-preview":"max-image-preview:large","max-video-preview":"max-video-preview:-1"},"canonical":"https:\/\/shanabooks.de\/product\/gotinen-navdaran-firat-ceweri\/","og_locale":"de_DE","og_type":"article","og_title":"Gotin\u00ean Navdaran - Firat Cewer\u00ee - www.shanabooks.de","og_description":"Gotin\u00ean Navdaran - Firat Cewer\u00ee Afor\u00eesmay\u00ean ku ji aliy\u00ea Firat Cewer\u00ee ve hatine amadekirin, di gelek mijaran de ji gotin\u00ean kes\u00ean navdar p\u00eak t\u00ean \u00fb gotin...","og_url":"https:\/\/shanabooks.de\/product\/gotinen-navdaran-firat-ceweri\/","og_site_name":"www.shanabooks.de","article_modified_time":"2025-12-30T23:09:12+00:00","og_image":[{"width":593,"height":900,"url":"https:\/\/shanabooks.de\/wp-content\/uploads\/2024\/03\/Gorinen-Navdaran.jpg","type":"image\/jpeg"}],"twitter_card":"summary_large_image","twitter_misc":{"Gesch\u00e4tzte Lesezeit":"1\u00a0Minute"},"schema":{"@context":"https:\/\/schema.org","@graph":[{"@type":"WebPage","@id":"https:\/\/shanabooks.de\/product\/gotinen-navdaran-firat-ceweri\/","url":"https:\/\/shanabooks.de\/product\/gotinen-navdaran-firat-ceweri\/","name":"Gotin\u00ean Navdaran - Firat Cewer\u00ee - www.shanabooks.de","isPartOf":{"@id":"https:\/\/shanabooks.de\/#website"},"primaryImageOfPage":{"@id":"https:\/\/shanabooks.de\/product\/gotinen-navdaran-firat-ceweri\/#primaryimage"},"image":{"@id":"https:\/\/shanabooks.de\/product\/gotinen-navdaran-firat-ceweri\/#primaryimage"},"thumbnailUrl":"https:\/\/shanabooks.de\/wp-content\/uploads\/2024\/03\/Gorinen-Navdaran.jpg","datePublished":"2024-03-03T19:41:16+00:00","dateModified":"2025-12-30T23:09:12+00:00","description":"Gotin\u00ean Navdaran - Firat Cewer\u00ee Afor\u00eesmay\u00ean ku ji aliy\u00ea Firat Cewer\u00ee ve hatine amadekirin, di gelek mijaran de ji gotin\u00ean kes\u00ean navdar p\u00eak t\u00ean \u00fb gotin...","breadcrumb":{"@id":"https:\/\/shanabooks.de\/product\/gotinen-navdaran-firat-ceweri\/#breadcrumb"},"inLanguage":"de","potentialAction":[{"@type":"ReadAction","target":["https:\/\/shanabooks.de\/product\/gotinen-navdaran-firat-ceweri\/"]}]},{"@type":"ImageObject","inLanguage":"de","@id":"https:\/\/shanabooks.de\/product\/gotinen-navdaran-firat-ceweri\/#primaryimage","url":"https:\/\/shanabooks.de\/wp-content\/uploads\/2024\/03\/Gorinen-Navdaran.jpg","contentUrl":"https:\/\/shanabooks.de\/wp-content\/uploads\/2024\/03\/Gorinen-Navdaran.jpg","width":593,"height":900,"caption":"Gotin\u00ean Navdaran - Firat Cewer\u00ee - pirt\u00fbk\u00ean kurd\u00ee - gotin\u00ean p\u00ea\u015fiyan"},{"@type":"BreadcrumbList","@id":"https:\/\/shanabooks.de\/product\/gotinen-navdaran-firat-ceweri\/#breadcrumb","itemListElement":[{"@type":"ListItem","position":1,"name":"\u0627\u0644\u0631\u0626\u064a\u0633\u064a\u0629","item":"https:\/\/shanabooks.de\/de\/"},{"@type":"ListItem","position":2,"name":"\u0627\u0644\u0645\u0646\u062a\u062c\u0627\u062a","item":"https:\/\/shanabooks.de\/shop\/"},{"@type":"ListItem","position":3,"name":"Gotin\u00ean Navd\u00earan"}]},{"@type":"WebSite","@id":"https:\/\/shanabooks.de\/#website","url":"https:\/\/shanabooks.de\/","name":"www.shanbooks.de","description":"C\u00eehana Pirt\u00fbk\u00ean Kurd\u00ee \u0645\u0643\u062a\u0628\u0629 \u0634\u0627\u0646\u0627 \u0641\u064a \u0627\u0644\u0645\u0627\u0646\u064a\u0627 \u0648\u0623\u0648\u0631\u0628\u0627","publisher":{"@id":"https:\/\/shanabooks.de\/#organization"},"potentialAction":[{"@type":"SearchAction","target":{"@type":"EntryPoint","urlTemplate":"https:\/\/shanabooks.de\/?s={search_term_string}"},"query-input":{"@type":"PropertyValueSpecification","valueRequired":true,"valueName":"search_term_string"}}],"inLanguage":"de"},{"@type":"Organization","@id":"https:\/\/shanabooks.de\/#organization","name":"www.shanbooks.de","url":"https:\/\/shanabooks.de\/","logo":{"@type":"ImageObject","inLanguage":"de","@id":"https:\/\/shanabooks.de\/#\/schema\/logo\/image\/","url":"https:\/\/shanabooks.de\/wp-content\/uploads\/2024\/03\/SHANABOOKS__2_-removebg-preview.png","contentUrl":"https:\/\/shanabooks.de\/wp-content\/uploads\/2024\/03\/SHANABOOKS__2_-removebg-preview.png","width":700,"height":150,"caption":"www.shanbooks.de"},"image":{"@id":"https:\/\/shanabooks.de\/#\/schema\/logo\/image\/"}}]}},"jetpack_sharing_enabled":true,"_links":{"self":[{"href":"https:\/\/shanabooks.de\/de\/wp-json\/wp\/v2\/product\/12150","targetHints":{"allow":["GET"]}}],"collection":[{"href":"https:\/\/shanabooks.de\/de\/wp-json\/wp\/v2\/product"}],"about":[{"href":"https:\/\/shanabooks.de\/de\/wp-json\/wp\/v2\/types\/product"}],"version-history":[{"count":2,"href":"https:\/\/shanabooks.de\/de\/wp-json\/wp\/v2\/product\/12150\/revisions"}],"predecessor-version":[{"id":22905,"href":"https:\/\/shanabooks.de\/de\/wp-json\/wp\/v2\/product\/12150\/revisions\/22905"}],"wp:featuredmedia":[{"embeddable":true,"href":"https:\/\/shanabooks.de\/de\/wp-json\/wp\/v2\/media\/12213"}],"wp:attachment":[{"href":"https:\/\/shanabooks.de\/de\/wp-json\/wp\/v2\/media?parent=12150"}],"wp:term":[{"taxonomy":"product_brand","embeddable":true,"href":"https:\/\/shanabooks.de\/de\/wp-json\/wp\/v2\/product_brand?post=12150"},{"taxonomy":"product_cat","embeddable":true,"href":"https:\/\/shanabooks.de\/de\/wp-json\/wp\/v2\/product_cat?post=12150"},{"taxonomy":"product_tag","embeddable":true,"href":"https:\/\/shanabooks.de\/de\/wp-json\/wp\/v2\/product_tag?post=12150"}],"curies":[{"name":"wp","href":"https:\/\/api.w.org\/{rel}","templated":true}]}}