{"id":12151,"date":"2024-03-03T19:41:16","date_gmt":"2024-03-03T19:41:16","guid":{"rendered":"https:\/\/shanabooks.de\/?post_type=product&#038;p=12151"},"modified":"2024-04-04T18:46:22","modified_gmt":"2024-04-04T18:46:22","slug":"kecen-derike-yen-serseri-xelat-ehmed","status":"publish","type":"product","link":"https:\/\/shanabooks.de\/de\/product\/kecen-derike-yen-serseri-xelat-ehmed\/","title":{"rendered":"Ke\u00e7\u00ean D\u00earik\u00ea y\u00ean serser\u00ee"},"content":{"rendered":"<p dir=\"ltr\"><strong>Ke\u00e7\u00ean D\u00earik\u00ea y\u00ean serser\u00ee &#8211; Xelat Ehmed<\/strong><\/p>\n<div class=\"product-tabs\">\n<div class=\"tabs-content\">\n<div id=\"tab-description\" class=\"tab-pane tab-content active \">\n<p dir=\"ltr\">Herdu \u00e7av\u00ean te b\u00fbn<br \/>\nY\u00ean xemg\u00een\u00ee<br \/>\nJi xewn\u00ean binef\u015fan<br \/>\nDidiz\u00een<br \/>\nHerdu l\u00eav\u00ean te b\u00fbn<br \/>\nY\u00ean rez\u00ean tir\u00ee<br \/>\nTalan kirib\u00fbn.<\/p>\n<p dir=\"ltr\">Jana Seyda di \u015eeva Daw\u00ee de.<br \/>\nDi helbest\u00ean d\u00eewana w\u00ea de tev -ji bil\u00ee helbesta Mehabad- hesaniyeke pir bedew heye ya ku wan helbestan tev digh\u00eene hevd\u00fb; k\u00fbrahiya rew\u015fa helbest\u00ee \u00fb giraniya w\u00ea ye, mirov bi hesaniya xwe dixap\u00eene.<br \/>\nEz \u00ea z\u00eade mezin nekim ku bib\u00eajin: Di gotin\u00ean ku Jana di v\u00ea kit\u00eab\u00ea de t\u00eara xwe m\u00ear rexne kiriye; ew m\u00ear\u00ea dudil, y\u00ea tirsok, y\u00ea ku ketiye l\u00eesk\u00ea da ku bi t\u00eak\u00e7\u00fbna xwe vegere \u00fb bi t\u00eak\u00e7\u00fbna xwe raz\u00ee be j\u00ee ji berk \u00fb ew w\u00ea t\u00eak\u00e7\u00fbn\u00ea heq dike lew re ku bi xeyal\u00ean m\u00earane bendkir\u00ee b\u00fb.<br \/>\nJana tev\u00ee ku helbesta flash diniv\u00ees\u00eene an helbesta kurt, em dib\u00eenin ku li ser helbesta xwe dixebite, b\u00fbdem dike, w\u00ea ji giyay\u00ean neba\u015f paqij dike.<br \/>\nJana n\u00eaz\u00eek\u00ee c\u00eehana xwe ya der\u00fbn\u00ee dibe, bi cegermend\u00ee li k\u00fbrahiy\u00ean xwe guhdar dike \u00fb guh nade \u00e7epikan an sir\u00fbd \u00fb deng\u00ean bilind, li xwendevanek\u00ee nagere da ku dil\u00ea w\u00ee p\u00ea bi\u015fewite \u00fb tu name li ba w\u00ea n\u00eenin da ku bigh\u00eene, ew der\u00fbn\u00ea xwe t\u00eene ziman \u00fb hew.<br \/>\nQedera w\u00ea ya helbestane ew e ku b\u00eay\u00ee h\u00ears biniv\u00eese an b\u00eay\u00ee pehlewaniy\u00ea ne delal \u00ean ku helbest\u00ea t\u00eak dibin. Ew meydanek\u00ea dide xwendevan da ew j\u00ee birame \u00fb raman\u00ean xwe bib\u00eaje.<\/p>\n<p dir=\"ltr\">M. N\u00fbr El-Huseyn\u00ee, Hejelname, 2003<\/p>\n<\/div>\n<\/div>\n<\/div>\n<p dir=\"ltr\">Ke\u00e7\u00ean D\u00earik\u00ea y\u00ean serser\u00ee ya Xelat Ehmed ji we\u015fan\u00ean Avestay\u00ea ye.<\/p>\n","protected":false},"excerpt":{"rendered":"<p dir=\"ltr\" style=\"text-align: center\"><strong>Pirt\u00fbk: Ke\u00e7\u00ean D\u00earik\u00ea y\u00ean serser\u00ee<\/strong><br \/>\n<strong>Niv\u00eeskar: Xelat Ehmed<br \/>\nCure: Helbest<\/strong><\/p>\n","protected":false},"featured_media":12215,"template":"","meta":{"site-sidebar-layout":"default","site-content-layout":"","ast-site-content-layout":"default","site-content-style":"default","site-sidebar-style":"default","ast-global-header-display":"","ast-banner-title-visibility":"","ast-main-header-display":"","ast-hfb-above-header-display":"","ast-hfb-below-header-display":"","ast-hfb-mobile-header-display":"","site-post-title":"","ast-breadcrumbs-content":"","ast-featured-img":"","footer-sml-layout":"","ast-disable-related-posts":"","theme-transparent-header-meta":"default","adv-header-id-meta":"","stick-header-meta":"","header-above-stick-meta":"","header-main-stick-meta":"","header-below-stick-meta":"","astra-migrate-meta-layouts":"set","ast-page-background-enabled":"default","ast-page-background-meta":{"desktop":{"background-color":"","background-image":"","background-repeat":"repeat","background-position":"center center","background-size":"auto","background-attachment":"scroll","background-type":"","background-media":"","overlay-type":"","overlay-color":"","overlay-opacity":"","overlay-gradient":""},"tablet":{"background-color":"","background-image":"","background-repeat":"repeat","background-position":"center center","background-size":"auto","background-attachment":"scroll","background-type":"","background-media":"","overlay-type":"","overlay-color":"","overlay-opacity":"","overlay-gradient":""},"mobile":{"background-color":"","background-image":"","background-repeat":"repeat","background-position":"center center","background-size":"auto","background-attachment":"scroll","background-type":"","background-media":"","overlay-type":"","overlay-color":"","overlay-opacity":"","overlay-gradient":""}},"ast-content-background-meta":{"desktop":{"background-color":"var(--ast-global-color-5)","background-image":"","background-repeat":"repeat","background-position":"center center","background-size":"auto","background-attachment":"scroll","background-type":"","background-media":"","overlay-type":"","overlay-color":"","overlay-opacity":"","overlay-gradient":""},"tablet":{"background-color":"var(--ast-global-color-5)","background-image":"","background-repeat":"repeat","background-position":"center center","background-size":"auto","background-attachment":"scroll","background-type":"","background-media":"","overlay-type":"","overlay-color":"","overlay-opacity":"","overlay-gradient":""},"mobile":{"background-color":"var(--ast-global-color-5)","background-image":"","background-repeat":"repeat","background-position":"center center","background-size":"auto","background-attachment":"scroll","background-type":"","background-media":"","overlay-type":"","overlay-color":"","overlay-opacity":"","overlay-gradient":""}}},"product_brand":[],"product_cat":[184,193],"product_tag":[],"class_list":{"0":"post-12151","1":"product","2":"type-product","3":"status-publish","4":"has-post-thumbnail","6":"product_cat-_","7":"product_cat--_","8":"pa_-helbest","9":"pa_-xelat-ehmed","10":"pa_-kurmanci","11":"pa_--avesta-yayinlari","12":"desktop-align-left","13":"tablet-align-left","14":"mobile-align-left","16":"first","17":"instock","18":"shipping-taxable","19":"purchasable","20":"product-type-simple"},"yoast_head":"<!-- This site is optimized with the Yoast SEO plugin v27.4 - https:\/\/yoast.com\/product\/yoast-seo-wordpress\/ -->\n<title>Ke\u00e7\u00ean D\u00earik\u00ea y\u00ean serser\u00ee - Xelat Ehmed - www.shanabooks.de<\/title>\n<meta name=\"description\" content=\"Ke\u00e7\u00ean D\u00earik\u00ea y\u00ean serser\u00ee - Xelat Ehmed Jana Seyda di \u015eeva Daw\u00ee de.Di helbest\u00ean d\u00eewana w\u00ea de tev -ji bil\u00ee helbesta Mehabad- hesaniyeke pir bedew heye ya ...\" \/>\n<meta name=\"robots\" content=\"index, follow, max-snippet:-1, max-image-preview:large, max-video-preview:-1\" \/>\n<link rel=\"canonical\" href=\"https:\/\/shanabooks.de\/product\/kecen-derike-yen-serseri-xelat-ehmed\/\" \/>\n<meta property=\"og:locale\" content=\"de_DE\" \/>\n<meta property=\"og:type\" content=\"article\" \/>\n<meta property=\"og:title\" content=\"Ke\u00e7\u00ean D\u00earik\u00ea y\u00ean serser\u00ee - Xelat Ehmed - www.shanabooks.de\" \/>\n<meta property=\"og:description\" content=\"Ke\u00e7\u00ean D\u00earik\u00ea y\u00ean serser\u00ee - Xelat Ehmed Jana Seyda di \u015eeva Daw\u00ee de.Di helbest\u00ean d\u00eewana w\u00ea de tev -ji bil\u00ee helbesta Mehabad- hesaniyeke pir bedew heye ya ...\" \/>\n<meta property=\"og:url\" content=\"https:\/\/shanabooks.de\/product\/kecen-derike-yen-serseri-xelat-ehmed\/\" \/>\n<meta property=\"og:site_name\" content=\"www.shanabooks.de\" \/>\n<meta property=\"article:modified_time\" content=\"2024-04-04T18:46:22+00:00\" \/>\n<meta property=\"og:image\" content=\"https:\/\/shanabooks.de\/wp-content\/uploads\/2024\/03\/kecen-derike-yen-serseri.jpg\" \/>\n\t<meta property=\"og:image:width\" content=\"558\" \/>\n\t<meta property=\"og:image:height\" content=\"900\" \/>\n\t<meta property=\"og:image:type\" content=\"image\/jpeg\" \/>\n<meta name=\"twitter:card\" content=\"summary_large_image\" \/>\n<meta name=\"twitter:label1\" content=\"Gesch\u00e4tzte Lesezeit\" \/>\n\t<meta name=\"twitter:data1\" content=\"2\u00a0Minuten\" \/>\n<script type=\"application\/ld+json\" class=\"yoast-schema-graph\">{\"@context\":\"https:\\\/\\\/schema.org\",\"@graph\":[{\"@type\":\"WebPage\",\"@id\":\"https:\\\/\\\/shanabooks.de\\\/product\\\/kecen-derike-yen-serseri-xelat-ehmed\\\/\",\"url\":\"https:\\\/\\\/shanabooks.de\\\/product\\\/kecen-derike-yen-serseri-xelat-ehmed\\\/\",\"name\":\"Ke\u00e7\u00ean D\u00earik\u00ea y\u00ean serser\u00ee - Xelat Ehmed - www.shanabooks.de\",\"isPartOf\":{\"@id\":\"https:\\\/\\\/shanabooks.de\\\/#website\"},\"primaryImageOfPage\":{\"@id\":\"https:\\\/\\\/shanabooks.de\\\/product\\\/kecen-derike-yen-serseri-xelat-ehmed\\\/#primaryimage\"},\"image\":{\"@id\":\"https:\\\/\\\/shanabooks.de\\\/product\\\/kecen-derike-yen-serseri-xelat-ehmed\\\/#primaryimage\"},\"thumbnailUrl\":\"https:\\\/\\\/shanabooks.de\\\/wp-content\\\/uploads\\\/2024\\\/03\\\/kecen-derike-yen-serseri.jpg\",\"datePublished\":\"2024-03-03T19:41:16+00:00\",\"dateModified\":\"2024-04-04T18:46:22+00:00\",\"description\":\"Ke\u00e7\u00ean D\u00earik\u00ea y\u00ean serser\u00ee - Xelat Ehmed Jana Seyda di \u015eeva Daw\u00ee de.Di helbest\u00ean d\u00eewana w\u00ea de tev -ji bil\u00ee helbesta Mehabad- hesaniyeke pir bedew heye ya ...\",\"breadcrumb\":{\"@id\":\"https:\\\/\\\/shanabooks.de\\\/product\\\/kecen-derike-yen-serseri-xelat-ehmed\\\/#breadcrumb\"},\"inLanguage\":\"de\",\"potentialAction\":[{\"@type\":\"ReadAction\",\"target\":[\"https:\\\/\\\/shanabooks.de\\\/product\\\/kecen-derike-yen-serseri-xelat-ehmed\\\/\"]}]},{\"@type\":\"ImageObject\",\"inLanguage\":\"de\",\"@id\":\"https:\\\/\\\/shanabooks.de\\\/product\\\/kecen-derike-yen-serseri-xelat-ehmed\\\/#primaryimage\",\"url\":\"https:\\\/\\\/shanabooks.de\\\/wp-content\\\/uploads\\\/2024\\\/03\\\/kecen-derike-yen-serseri.jpg\",\"contentUrl\":\"https:\\\/\\\/shanabooks.de\\\/wp-content\\\/uploads\\\/2024\\\/03\\\/kecen-derike-yen-serseri.jpg\",\"width\":558,\"height\":900,\"caption\":\"Ke\u00e7\u00ean D\u00earik\u00ea y\u00ean serser\u00ee - Xelat Ehmed - pirt\u00fbk\u00ean kurd\u00ee - helbest\"},{\"@type\":\"BreadcrumbList\",\"@id\":\"https:\\\/\\\/shanabooks.de\\\/product\\\/kecen-derike-yen-serseri-xelat-ehmed\\\/#breadcrumb\",\"itemListElement\":[{\"@type\":\"ListItem\",\"position\":1,\"name\":\"\u0627\u0644\u0631\u0626\u064a\u0633\u064a\u0629\",\"item\":\"https:\\\/\\\/shanabooks.de\\\/de\\\/\"},{\"@type\":\"ListItem\",\"position\":2,\"name\":\"\u0627\u0644\u0645\u0646\u062a\u062c\u0627\u062a\",\"item\":\"https:\\\/\\\/shanabooks.de\\\/shop\\\/\"},{\"@type\":\"ListItem\",\"position\":3,\"name\":\"Ke\u00e7\u00ean D\u00earik\u00ea y\u00ean serser\u00ee\"}]},{\"@type\":\"WebSite\",\"@id\":\"https:\\\/\\\/shanabooks.de\\\/#website\",\"url\":\"https:\\\/\\\/shanabooks.de\\\/\",\"name\":\"www.shanbooks.de\",\"description\":\"C\u00eehana Pirt\u00fbk\u00ean Kurd\u00ee \u0645\u0643\u062a\u0628\u0629 \u0634\u0627\u0646\u0627 \u0641\u064a \u0627\u0644\u0645\u0627\u0646\u064a\u0627 \u0648\u0623\u0648\u0631\u0628\u0627\",\"publisher\":{\"@id\":\"https:\\\/\\\/shanabooks.de\\\/#organization\"},\"potentialAction\":[{\"@type\":\"SearchAction\",\"target\":{\"@type\":\"EntryPoint\",\"urlTemplate\":\"https:\\\/\\\/shanabooks.de\\\/?s={search_term_string}\"},\"query-input\":{\"@type\":\"PropertyValueSpecification\",\"valueRequired\":true,\"valueName\":\"search_term_string\"}}],\"inLanguage\":\"de\"},{\"@type\":\"Organization\",\"@id\":\"https:\\\/\\\/shanabooks.de\\\/#organization\",\"name\":\"www.shanbooks.de\",\"url\":\"https:\\\/\\\/shanabooks.de\\\/\",\"logo\":{\"@type\":\"ImageObject\",\"inLanguage\":\"de\",\"@id\":\"https:\\\/\\\/shanabooks.de\\\/#\\\/schema\\\/logo\\\/image\\\/\",\"url\":\"https:\\\/\\\/shanabooks.de\\\/wp-content\\\/uploads\\\/2024\\\/03\\\/SHANABOOKS__2_-removebg-preview.png\",\"contentUrl\":\"https:\\\/\\\/shanabooks.de\\\/wp-content\\\/uploads\\\/2024\\\/03\\\/SHANABOOKS__2_-removebg-preview.png\",\"width\":700,\"height\":150,\"caption\":\"www.shanbooks.de\"},\"image\":{\"@id\":\"https:\\\/\\\/shanabooks.de\\\/#\\\/schema\\\/logo\\\/image\\\/\"}}]}<\/script>\n<!-- \/ Yoast SEO plugin. -->","yoast_head_json":{"title":"Ke\u00e7\u00ean D\u00earik\u00ea y\u00ean serser\u00ee - Xelat Ehmed - www.shanabooks.de","description":"Ke\u00e7\u00ean D\u00earik\u00ea y\u00ean serser\u00ee - Xelat Ehmed Jana Seyda di \u015eeva Daw\u00ee de.Di helbest\u00ean d\u00eewana w\u00ea de tev -ji bil\u00ee helbesta Mehabad- hesaniyeke pir bedew heye ya ...","robots":{"index":"index","follow":"follow","max-snippet":"max-snippet:-1","max-image-preview":"max-image-preview:large","max-video-preview":"max-video-preview:-1"},"canonical":"https:\/\/shanabooks.de\/product\/kecen-derike-yen-serseri-xelat-ehmed\/","og_locale":"de_DE","og_type":"article","og_title":"Ke\u00e7\u00ean D\u00earik\u00ea y\u00ean serser\u00ee - Xelat Ehmed - www.shanabooks.de","og_description":"Ke\u00e7\u00ean D\u00earik\u00ea y\u00ean serser\u00ee - Xelat Ehmed Jana Seyda di \u015eeva Daw\u00ee de.Di helbest\u00ean d\u00eewana w\u00ea de tev -ji bil\u00ee helbesta Mehabad- hesaniyeke pir bedew heye ya ...","og_url":"https:\/\/shanabooks.de\/product\/kecen-derike-yen-serseri-xelat-ehmed\/","og_site_name":"www.shanabooks.de","article_modified_time":"2024-04-04T18:46:22+00:00","og_image":[{"width":558,"height":900,"url":"https:\/\/shanabooks.de\/wp-content\/uploads\/2024\/03\/kecen-derike-yen-serseri.jpg","type":"image\/jpeg"}],"twitter_card":"summary_large_image","twitter_misc":{"Gesch\u00e4tzte Lesezeit":"2\u00a0Minuten"},"schema":{"@context":"https:\/\/schema.org","@graph":[{"@type":"WebPage","@id":"https:\/\/shanabooks.de\/product\/kecen-derike-yen-serseri-xelat-ehmed\/","url":"https:\/\/shanabooks.de\/product\/kecen-derike-yen-serseri-xelat-ehmed\/","name":"Ke\u00e7\u00ean D\u00earik\u00ea y\u00ean serser\u00ee - Xelat Ehmed - www.shanabooks.de","isPartOf":{"@id":"https:\/\/shanabooks.de\/#website"},"primaryImageOfPage":{"@id":"https:\/\/shanabooks.de\/product\/kecen-derike-yen-serseri-xelat-ehmed\/#primaryimage"},"image":{"@id":"https:\/\/shanabooks.de\/product\/kecen-derike-yen-serseri-xelat-ehmed\/#primaryimage"},"thumbnailUrl":"https:\/\/shanabooks.de\/wp-content\/uploads\/2024\/03\/kecen-derike-yen-serseri.jpg","datePublished":"2024-03-03T19:41:16+00:00","dateModified":"2024-04-04T18:46:22+00:00","description":"Ke\u00e7\u00ean D\u00earik\u00ea y\u00ean serser\u00ee - Xelat Ehmed Jana Seyda di \u015eeva Daw\u00ee de.Di helbest\u00ean d\u00eewana w\u00ea de tev -ji bil\u00ee helbesta Mehabad- hesaniyeke pir bedew heye ya ...","breadcrumb":{"@id":"https:\/\/shanabooks.de\/product\/kecen-derike-yen-serseri-xelat-ehmed\/#breadcrumb"},"inLanguage":"de","potentialAction":[{"@type":"ReadAction","target":["https:\/\/shanabooks.de\/product\/kecen-derike-yen-serseri-xelat-ehmed\/"]}]},{"@type":"ImageObject","inLanguage":"de","@id":"https:\/\/shanabooks.de\/product\/kecen-derike-yen-serseri-xelat-ehmed\/#primaryimage","url":"https:\/\/shanabooks.de\/wp-content\/uploads\/2024\/03\/kecen-derike-yen-serseri.jpg","contentUrl":"https:\/\/shanabooks.de\/wp-content\/uploads\/2024\/03\/kecen-derike-yen-serseri.jpg","width":558,"height":900,"caption":"Ke\u00e7\u00ean D\u00earik\u00ea y\u00ean serser\u00ee - Xelat Ehmed - pirt\u00fbk\u00ean kurd\u00ee - helbest"},{"@type":"BreadcrumbList","@id":"https:\/\/shanabooks.de\/product\/kecen-derike-yen-serseri-xelat-ehmed\/#breadcrumb","itemListElement":[{"@type":"ListItem","position":1,"name":"\u0627\u0644\u0631\u0626\u064a\u0633\u064a\u0629","item":"https:\/\/shanabooks.de\/de\/"},{"@type":"ListItem","position":2,"name":"\u0627\u0644\u0645\u0646\u062a\u062c\u0627\u062a","item":"https:\/\/shanabooks.de\/shop\/"},{"@type":"ListItem","position":3,"name":"Ke\u00e7\u00ean D\u00earik\u00ea y\u00ean serser\u00ee"}]},{"@type":"WebSite","@id":"https:\/\/shanabooks.de\/#website","url":"https:\/\/shanabooks.de\/","name":"www.shanbooks.de","description":"C\u00eehana Pirt\u00fbk\u00ean Kurd\u00ee \u0645\u0643\u062a\u0628\u0629 \u0634\u0627\u0646\u0627 \u0641\u064a \u0627\u0644\u0645\u0627\u0646\u064a\u0627 \u0648\u0623\u0648\u0631\u0628\u0627","publisher":{"@id":"https:\/\/shanabooks.de\/#organization"},"potentialAction":[{"@type":"SearchAction","target":{"@type":"EntryPoint","urlTemplate":"https:\/\/shanabooks.de\/?s={search_term_string}"},"query-input":{"@type":"PropertyValueSpecification","valueRequired":true,"valueName":"search_term_string"}}],"inLanguage":"de"},{"@type":"Organization","@id":"https:\/\/shanabooks.de\/#organization","name":"www.shanbooks.de","url":"https:\/\/shanabooks.de\/","logo":{"@type":"ImageObject","inLanguage":"de","@id":"https:\/\/shanabooks.de\/#\/schema\/logo\/image\/","url":"https:\/\/shanabooks.de\/wp-content\/uploads\/2024\/03\/SHANABOOKS__2_-removebg-preview.png","contentUrl":"https:\/\/shanabooks.de\/wp-content\/uploads\/2024\/03\/SHANABOOKS__2_-removebg-preview.png","width":700,"height":150,"caption":"www.shanbooks.de"},"image":{"@id":"https:\/\/shanabooks.de\/#\/schema\/logo\/image\/"}}]}},"jetpack_sharing_enabled":true,"_links":{"self":[{"href":"https:\/\/shanabooks.de\/de\/wp-json\/wp\/v2\/product\/12151","targetHints":{"allow":["GET"]}}],"collection":[{"href":"https:\/\/shanabooks.de\/de\/wp-json\/wp\/v2\/product"}],"about":[{"href":"https:\/\/shanabooks.de\/de\/wp-json\/wp\/v2\/types\/product"}],"version-history":[{"count":3,"href":"https:\/\/shanabooks.de\/de\/wp-json\/wp\/v2\/product\/12151\/revisions"}],"predecessor-version":[{"id":22903,"href":"https:\/\/shanabooks.de\/de\/wp-json\/wp\/v2\/product\/12151\/revisions\/22903"}],"wp:featuredmedia":[{"embeddable":true,"href":"https:\/\/shanabooks.de\/de\/wp-json\/wp\/v2\/media\/12215"}],"wp:attachment":[{"href":"https:\/\/shanabooks.de\/de\/wp-json\/wp\/v2\/media?parent=12151"}],"wp:term":[{"taxonomy":"product_brand","embeddable":true,"href":"https:\/\/shanabooks.de\/de\/wp-json\/wp\/v2\/product_brand?post=12151"},{"taxonomy":"product_cat","embeddable":true,"href":"https:\/\/shanabooks.de\/de\/wp-json\/wp\/v2\/product_cat?post=12151"},{"taxonomy":"product_tag","embeddable":true,"href":"https:\/\/shanabooks.de\/de\/wp-json\/wp\/v2\/product_tag?post=12151"}],"curies":[{"name":"wp","href":"https:\/\/api.w.org\/{rel}","templated":true}]}}