{"id":12189,"date":"2024-03-03T19:41:40","date_gmt":"2024-03-03T19:41:40","guid":{"rendered":"https:\/\/shanabooks.de\/?post_type=product&#038;p=12189"},"modified":"2025-12-31T17:11:33","modified_gmt":"2025-12-31T17:11:33","slug":"kawaye-hesinkar-serko-bekes","status":"publish","type":"product","link":"https:\/\/shanabooks.de\/de\/product\/kawaye-hesinkar-serko-bekes\/","title":{"rendered":"kaway\u00ea Hesinkar"},"content":{"rendered":"<p dir=\"ltr\"><strong>kaway\u00ea Hesinkar &#8211; \u015e\u00earko B\u00eakes<\/strong><\/p>\n<p dir=\"ltr\" style=\"font-weight: 400\">Me pi\u015fta gunehkariy\u00ea<br \/>\n\u00db ya Ejdehak \u015fikand.<br \/>\nBila \u00eero bibe cejna gel<br \/>\nCejna jiyan\u00ea<br \/>\nCejna Kurd\u00ean bindest.<br \/>\nBila agir\u00ea v\u00ea Newroz\u00ea<br \/>\nLi ser \u00e7iyay\u00ean bilind \u00ean wel\u00eat<br \/>\nHeta hetay\u00ea bi\u015fewite<br \/>\nAlava v\u00ee agir\u00ee bike hawar<br \/>\nBib\u00eaje: N\u00eaviy\u00ean adem\u00eezad<br \/>\nKurd b\u00fbn y\u00ean ku yekem serhildana<br \/>\n\u015eore\u015fa sor p\u00eak t\u00eene.<\/p>\n","protected":false},"excerpt":{"rendered":"<p dir=\"ltr\" style=\"text-align: center\"><strong>Pirt\u00fbk: Kaway\u00ea Hesinkar<br \/>\nNiv\u00eeskar: \u015e\u00earko B\u00eakes<\/strong><br \/>\n<strong>Cure:\u00a0\u015fano-helbest<\/strong><\/p>\n","protected":false},"featured_media":12250,"template":"","meta":{"site-sidebar-layout":"default","site-content-layout":"","ast-site-content-layout":"default","site-content-style":"default","site-sidebar-style":"default","ast-global-header-display":"","ast-banner-title-visibility":"","ast-main-header-display":"","ast-hfb-above-header-display":"","ast-hfb-below-header-display":"","ast-hfb-mobile-header-display":"","site-post-title":"","ast-breadcrumbs-content":"","ast-featured-img":"","footer-sml-layout":"","ast-disable-related-posts":"","theme-transparent-header-meta":"default","adv-header-id-meta":"","stick-header-meta":"","header-above-stick-meta":"","header-main-stick-meta":"","header-below-stick-meta":"","astra-migrate-meta-layouts":"set","ast-page-background-enabled":"default","ast-page-background-meta":{"desktop":{"background-color":"","background-image":"","background-repeat":"repeat","background-position":"center center","background-size":"auto","background-attachment":"scroll","background-type":"","background-media":"","overlay-type":"","overlay-color":"","overlay-opacity":"","overlay-gradient":""},"tablet":{"background-color":"","background-image":"","background-repeat":"repeat","background-position":"center center","background-size":"auto","background-attachment":"scroll","background-type":"","background-media":"","overlay-type":"","overlay-color":"","overlay-opacity":"","overlay-gradient":""},"mobile":{"background-color":"","background-image":"","background-repeat":"repeat","background-position":"center center","background-size":"auto","background-attachment":"scroll","background-type":"","background-media":"","overlay-type":"","overlay-color":"","overlay-opacity":"","overlay-gradient":""}},"ast-content-background-meta":{"desktop":{"background-color":"var(--ast-global-color-5)","background-image":"","background-repeat":"repeat","background-position":"center center","background-size":"auto","background-attachment":"scroll","background-type":"","background-media":"","overlay-type":"","overlay-color":"","overlay-opacity":"","overlay-gradient":""},"tablet":{"background-color":"var(--ast-global-color-5)","background-image":"","background-repeat":"repeat","background-position":"center center","background-size":"auto","background-attachment":"scroll","background-type":"","background-media":"","overlay-type":"","overlay-color":"","overlay-opacity":"","overlay-gradient":""},"mobile":{"background-color":"var(--ast-global-color-5)","background-image":"","background-repeat":"repeat","background-position":"center center","background-size":"auto","background-attachment":"scroll","background-type":"","background-media":"","overlay-type":"","overlay-color":"","overlay-opacity":"","overlay-gradient":""}}},"product_brand":[],"product_cat":[184,193],"product_tag":[],"class_list":{"0":"post-12189","1":"product","2":"type-product","3":"status-publish","4":"has-post-thumbnail","6":"product_cat-_","7":"product_cat--_","8":"pa_-helbest","9":"pa_-sano","10":"pa_-serko-bekes","11":"pa_-kurmanci","12":"pa_--dara-yayinlari","13":"desktop-align-left","14":"tablet-align-left","15":"mobile-align-left","17":"first","18":"outofstock","19":"shipping-taxable","20":"purchasable","21":"product-type-simple"},"yoast_head":"<!-- This site is optimized with the Yoast SEO plugin v27.4 - https:\/\/yoast.com\/product\/yoast-seo-wordpress\/ -->\n<title>kaway\u00ea Hesinkar - \u015e\u00earko B\u00eakes - www.shanabooks.de<\/title>\n<meta name=\"description\" content=\"kaway\u00ea Hesinkar - \u015e\u00earko B\u00eakes Me pi\u015fta gunehkariy\u00ea \u00db ya Ejdehak \u015fikand. Bila \u00eero bibe cejna gel Cejna jiyan\u00ea Cejna Kurd\u00ean bindest....\" \/>\n<meta name=\"robots\" content=\"index, follow, max-snippet:-1, max-image-preview:large, max-video-preview:-1\" \/>\n<link rel=\"canonical\" href=\"https:\/\/shanabooks.de\/product\/kawaye-hesinkar-serko-bekes\/\" \/>\n<meta property=\"og:locale\" content=\"de_DE\" \/>\n<meta property=\"og:type\" content=\"article\" \/>\n<meta property=\"og:title\" content=\"kaway\u00ea Hesinkar - \u015e\u00earko B\u00eakes - www.shanabooks.de\" \/>\n<meta property=\"og:description\" content=\"kaway\u00ea Hesinkar - \u015e\u00earko B\u00eakes Me pi\u015fta gunehkariy\u00ea \u00db ya Ejdehak \u015fikand. Bila \u00eero bibe cejna gel Cejna jiyan\u00ea Cejna Kurd\u00ean bindest....\" \/>\n<meta property=\"og:url\" content=\"https:\/\/shanabooks.de\/product\/kawaye-hesinkar-serko-bekes\/\" \/>\n<meta property=\"og:site_name\" content=\"www.shanabooks.de\" \/>\n<meta property=\"article:modified_time\" content=\"2025-12-31T17:11:33+00:00\" \/>\n<meta property=\"og:image\" content=\"https:\/\/shanabooks.de\/wp-content\/uploads\/2024\/03\/Kawaye-Hesinkar.jpg\" \/>\n\t<meta property=\"og:image:width\" content=\"1160\" \/>\n\t<meta property=\"og:image:height\" content=\"1824\" \/>\n\t<meta property=\"og:image:type\" content=\"image\/jpeg\" \/>\n<meta name=\"twitter:card\" content=\"summary_large_image\" \/>\n<meta name=\"twitter:label1\" content=\"Gesch\u00e4tzte Lesezeit\" \/>\n\t<meta name=\"twitter:data1\" content=\"1\u00a0Minute\" \/>\n<script type=\"application\/ld+json\" class=\"yoast-schema-graph\">{\"@context\":\"https:\\\/\\\/schema.org\",\"@graph\":[{\"@type\":\"WebPage\",\"@id\":\"https:\\\/\\\/shanabooks.de\\\/product\\\/kawaye-hesinkar-serko-bekes\\\/\",\"url\":\"https:\\\/\\\/shanabooks.de\\\/product\\\/kawaye-hesinkar-serko-bekes\\\/\",\"name\":\"kaway\u00ea Hesinkar - \u015e\u00earko B\u00eakes - www.shanabooks.de\",\"isPartOf\":{\"@id\":\"https:\\\/\\\/shanabooks.de\\\/#website\"},\"primaryImageOfPage\":{\"@id\":\"https:\\\/\\\/shanabooks.de\\\/product\\\/kawaye-hesinkar-serko-bekes\\\/#primaryimage\"},\"image\":{\"@id\":\"https:\\\/\\\/shanabooks.de\\\/product\\\/kawaye-hesinkar-serko-bekes\\\/#primaryimage\"},\"thumbnailUrl\":\"https:\\\/\\\/shanabooks.de\\\/wp-content\\\/uploads\\\/2024\\\/03\\\/Kawaye-Hesinkar.jpg\",\"datePublished\":\"2024-03-03T19:41:40+00:00\",\"dateModified\":\"2025-12-31T17:11:33+00:00\",\"description\":\"kaway\u00ea Hesinkar - \u015e\u00earko B\u00eakes Me pi\u015fta gunehkariy\u00ea \u00db ya Ejdehak \u015fikand. Bila \u00eero bibe cejna gel Cejna jiyan\u00ea Cejna Kurd\u00ean bindest....\",\"breadcrumb\":{\"@id\":\"https:\\\/\\\/shanabooks.de\\\/product\\\/kawaye-hesinkar-serko-bekes\\\/#breadcrumb\"},\"inLanguage\":\"de\",\"potentialAction\":[{\"@type\":\"ReadAction\",\"target\":[\"https:\\\/\\\/shanabooks.de\\\/product\\\/kawaye-hesinkar-serko-bekes\\\/\"]}]},{\"@type\":\"ImageObject\",\"inLanguage\":\"de\",\"@id\":\"https:\\\/\\\/shanabooks.de\\\/product\\\/kawaye-hesinkar-serko-bekes\\\/#primaryimage\",\"url\":\"https:\\\/\\\/shanabooks.de\\\/wp-content\\\/uploads\\\/2024\\\/03\\\/Kawaye-Hesinkar.jpg\",\"contentUrl\":\"https:\\\/\\\/shanabooks.de\\\/wp-content\\\/uploads\\\/2024\\\/03\\\/Kawaye-Hesinkar.jpg\",\"width\":1160,\"height\":1824,\"caption\":\"kaway\u00ea Hesinkar - \u015e\u00earko B\u00eakes\"},{\"@type\":\"BreadcrumbList\",\"@id\":\"https:\\\/\\\/shanabooks.de\\\/product\\\/kawaye-hesinkar-serko-bekes\\\/#breadcrumb\",\"itemListElement\":[{\"@type\":\"ListItem\",\"position\":1,\"name\":\"\u0627\u0644\u0631\u0626\u064a\u0633\u064a\u0629\",\"item\":\"https:\\\/\\\/shanabooks.de\\\/de\\\/\"},{\"@type\":\"ListItem\",\"position\":2,\"name\":\"\u0627\u0644\u0645\u0646\u062a\u062c\u0627\u062a\",\"item\":\"https:\\\/\\\/shanabooks.de\\\/shop\\\/\"},{\"@type\":\"ListItem\",\"position\":3,\"name\":\"kaway\u00ea Hesinkar\"}]},{\"@type\":\"WebSite\",\"@id\":\"https:\\\/\\\/shanabooks.de\\\/#website\",\"url\":\"https:\\\/\\\/shanabooks.de\\\/\",\"name\":\"www.shanbooks.de\",\"description\":\"C\u00eehana Pirt\u00fbk\u00ean Kurd\u00ee \u0645\u0643\u062a\u0628\u0629 \u0634\u0627\u0646\u0627 \u0641\u064a \u0627\u0644\u0645\u0627\u0646\u064a\u0627 \u0648\u0623\u0648\u0631\u0628\u0627\",\"publisher\":{\"@id\":\"https:\\\/\\\/shanabooks.de\\\/#organization\"},\"potentialAction\":[{\"@type\":\"SearchAction\",\"target\":{\"@type\":\"EntryPoint\",\"urlTemplate\":\"https:\\\/\\\/shanabooks.de\\\/?s={search_term_string}\"},\"query-input\":{\"@type\":\"PropertyValueSpecification\",\"valueRequired\":true,\"valueName\":\"search_term_string\"}}],\"inLanguage\":\"de\"},{\"@type\":\"Organization\",\"@id\":\"https:\\\/\\\/shanabooks.de\\\/#organization\",\"name\":\"www.shanbooks.de\",\"url\":\"https:\\\/\\\/shanabooks.de\\\/\",\"logo\":{\"@type\":\"ImageObject\",\"inLanguage\":\"de\",\"@id\":\"https:\\\/\\\/shanabooks.de\\\/#\\\/schema\\\/logo\\\/image\\\/\",\"url\":\"https:\\\/\\\/shanabooks.de\\\/wp-content\\\/uploads\\\/2024\\\/03\\\/SHANABOOKS__2_-removebg-preview.png\",\"contentUrl\":\"https:\\\/\\\/shanabooks.de\\\/wp-content\\\/uploads\\\/2024\\\/03\\\/SHANABOOKS__2_-removebg-preview.png\",\"width\":700,\"height\":150,\"caption\":\"www.shanbooks.de\"},\"image\":{\"@id\":\"https:\\\/\\\/shanabooks.de\\\/#\\\/schema\\\/logo\\\/image\\\/\"}}]}<\/script>\n<!-- \/ Yoast SEO plugin. -->","yoast_head_json":{"title":"kaway\u00ea Hesinkar - \u015e\u00earko B\u00eakes - www.shanabooks.de","description":"kaway\u00ea Hesinkar - \u015e\u00earko B\u00eakes Me pi\u015fta gunehkariy\u00ea \u00db ya Ejdehak \u015fikand. Bila \u00eero bibe cejna gel Cejna jiyan\u00ea Cejna Kurd\u00ean bindest....","robots":{"index":"index","follow":"follow","max-snippet":"max-snippet:-1","max-image-preview":"max-image-preview:large","max-video-preview":"max-video-preview:-1"},"canonical":"https:\/\/shanabooks.de\/product\/kawaye-hesinkar-serko-bekes\/","og_locale":"de_DE","og_type":"article","og_title":"kaway\u00ea Hesinkar - \u015e\u00earko B\u00eakes - www.shanabooks.de","og_description":"kaway\u00ea Hesinkar - \u015e\u00earko B\u00eakes Me pi\u015fta gunehkariy\u00ea \u00db ya Ejdehak \u015fikand. Bila \u00eero bibe cejna gel Cejna jiyan\u00ea Cejna Kurd\u00ean bindest....","og_url":"https:\/\/shanabooks.de\/product\/kawaye-hesinkar-serko-bekes\/","og_site_name":"www.shanabooks.de","article_modified_time":"2025-12-31T17:11:33+00:00","og_image":[{"width":1160,"height":1824,"url":"https:\/\/shanabooks.de\/wp-content\/uploads\/2024\/03\/Kawaye-Hesinkar.jpg","type":"image\/jpeg"}],"twitter_card":"summary_large_image","twitter_misc":{"Gesch\u00e4tzte Lesezeit":"1\u00a0Minute"},"schema":{"@context":"https:\/\/schema.org","@graph":[{"@type":"WebPage","@id":"https:\/\/shanabooks.de\/product\/kawaye-hesinkar-serko-bekes\/","url":"https:\/\/shanabooks.de\/product\/kawaye-hesinkar-serko-bekes\/","name":"kaway\u00ea Hesinkar - \u015e\u00earko B\u00eakes - www.shanabooks.de","isPartOf":{"@id":"https:\/\/shanabooks.de\/#website"},"primaryImageOfPage":{"@id":"https:\/\/shanabooks.de\/product\/kawaye-hesinkar-serko-bekes\/#primaryimage"},"image":{"@id":"https:\/\/shanabooks.de\/product\/kawaye-hesinkar-serko-bekes\/#primaryimage"},"thumbnailUrl":"https:\/\/shanabooks.de\/wp-content\/uploads\/2024\/03\/Kawaye-Hesinkar.jpg","datePublished":"2024-03-03T19:41:40+00:00","dateModified":"2025-12-31T17:11:33+00:00","description":"kaway\u00ea Hesinkar - \u015e\u00earko B\u00eakes Me pi\u015fta gunehkariy\u00ea \u00db ya Ejdehak \u015fikand. Bila \u00eero bibe cejna gel Cejna jiyan\u00ea Cejna Kurd\u00ean bindest....","breadcrumb":{"@id":"https:\/\/shanabooks.de\/product\/kawaye-hesinkar-serko-bekes\/#breadcrumb"},"inLanguage":"de","potentialAction":[{"@type":"ReadAction","target":["https:\/\/shanabooks.de\/product\/kawaye-hesinkar-serko-bekes\/"]}]},{"@type":"ImageObject","inLanguage":"de","@id":"https:\/\/shanabooks.de\/product\/kawaye-hesinkar-serko-bekes\/#primaryimage","url":"https:\/\/shanabooks.de\/wp-content\/uploads\/2024\/03\/Kawaye-Hesinkar.jpg","contentUrl":"https:\/\/shanabooks.de\/wp-content\/uploads\/2024\/03\/Kawaye-Hesinkar.jpg","width":1160,"height":1824,"caption":"kaway\u00ea Hesinkar - \u015e\u00earko B\u00eakes"},{"@type":"BreadcrumbList","@id":"https:\/\/shanabooks.de\/product\/kawaye-hesinkar-serko-bekes\/#breadcrumb","itemListElement":[{"@type":"ListItem","position":1,"name":"\u0627\u0644\u0631\u0626\u064a\u0633\u064a\u0629","item":"https:\/\/shanabooks.de\/de\/"},{"@type":"ListItem","position":2,"name":"\u0627\u0644\u0645\u0646\u062a\u062c\u0627\u062a","item":"https:\/\/shanabooks.de\/shop\/"},{"@type":"ListItem","position":3,"name":"kaway\u00ea Hesinkar"}]},{"@type":"WebSite","@id":"https:\/\/shanabooks.de\/#website","url":"https:\/\/shanabooks.de\/","name":"www.shanbooks.de","description":"C\u00eehana Pirt\u00fbk\u00ean Kurd\u00ee \u0645\u0643\u062a\u0628\u0629 \u0634\u0627\u0646\u0627 \u0641\u064a \u0627\u0644\u0645\u0627\u0646\u064a\u0627 \u0648\u0623\u0648\u0631\u0628\u0627","publisher":{"@id":"https:\/\/shanabooks.de\/#organization"},"potentialAction":[{"@type":"SearchAction","target":{"@type":"EntryPoint","urlTemplate":"https:\/\/shanabooks.de\/?s={search_term_string}"},"query-input":{"@type":"PropertyValueSpecification","valueRequired":true,"valueName":"search_term_string"}}],"inLanguage":"de"},{"@type":"Organization","@id":"https:\/\/shanabooks.de\/#organization","name":"www.shanbooks.de","url":"https:\/\/shanabooks.de\/","logo":{"@type":"ImageObject","inLanguage":"de","@id":"https:\/\/shanabooks.de\/#\/schema\/logo\/image\/","url":"https:\/\/shanabooks.de\/wp-content\/uploads\/2024\/03\/SHANABOOKS__2_-removebg-preview.png","contentUrl":"https:\/\/shanabooks.de\/wp-content\/uploads\/2024\/03\/SHANABOOKS__2_-removebg-preview.png","width":700,"height":150,"caption":"www.shanbooks.de"},"image":{"@id":"https:\/\/shanabooks.de\/#\/schema\/logo\/image\/"}}]}},"jetpack_sharing_enabled":true,"_links":{"self":[{"href":"https:\/\/shanabooks.de\/de\/wp-json\/wp\/v2\/product\/12189","targetHints":{"allow":["GET"]}}],"collection":[{"href":"https:\/\/shanabooks.de\/de\/wp-json\/wp\/v2\/product"}],"about":[{"href":"https:\/\/shanabooks.de\/de\/wp-json\/wp\/v2\/types\/product"}],"version-history":[{"count":2,"href":"https:\/\/shanabooks.de\/de\/wp-json\/wp\/v2\/product\/12189\/revisions"}],"predecessor-version":[{"id":22877,"href":"https:\/\/shanabooks.de\/de\/wp-json\/wp\/v2\/product\/12189\/revisions\/22877"}],"wp:featuredmedia":[{"embeddable":true,"href":"https:\/\/shanabooks.de\/de\/wp-json\/wp\/v2\/media\/12250"}],"wp:attachment":[{"href":"https:\/\/shanabooks.de\/de\/wp-json\/wp\/v2\/media?parent=12189"}],"wp:term":[{"taxonomy":"product_brand","embeddable":true,"href":"https:\/\/shanabooks.de\/de\/wp-json\/wp\/v2\/product_brand?post=12189"},{"taxonomy":"product_cat","embeddable":true,"href":"https:\/\/shanabooks.de\/de\/wp-json\/wp\/v2\/product_cat?post=12189"},{"taxonomy":"product_tag","embeddable":true,"href":"https:\/\/shanabooks.de\/de\/wp-json\/wp\/v2\/product_tag?post=12189"}],"curies":[{"name":"wp","href":"https:\/\/api.w.org\/{rel}","templated":true}]}}