{"id":12190,"date":"2024-03-03T19:41:40","date_gmt":"2024-03-03T19:41:40","guid":{"rendered":"https:\/\/shanabooks.de\/?post_type=product&#038;p=12190"},"modified":"2024-04-04T15:39:41","modified_gmt":"2024-04-04T15:39:41","slug":"spitama-renas-jiyan","status":"publish","type":"product","link":"https:\/\/shanabooks.de\/de\/product\/spitama-renas-jiyan\/","title":{"rendered":"Sp\u00eetama"},"content":{"rendered":"<p dir=\"ltr\"><strong>Sp\u00eetama &#8211; R\u00eanas Jiyan <\/strong><\/p>\n<p dir=\"ltr\"><span class=\"text_exposed_show\">\u201cXweda azad\u00ee ye Ma\u00eedyo. Tu y\u00ea bib\u00een\u00ee em \u00ea dinyay\u00ea ron\u00ee bikin Ma\u00eedyo! Em \u00ea neheq\u00ee \u00fb koletiy\u00ea ji hol\u00ea rakin Ma\u00eedyo! Em \u00ea mija re\u015f \u00fb tar\u00ee ya ku xizan \u00fb hejar fetisandine gi\u015f\u00ee t\u00eak bibin Ma\u00eedyo! Tu y\u00ea bib\u00een\u00ee delal\u00ea min, em \u00ea jiyan\u00ea ji koledar \u00fb zaliman, ji hes\u00fbd \u00fb \u00e7avbir\u00e7iyan, ji gur \u00fb keftaran, ji mar \u00fb \u015farmaran rizgar bikin \u00fb jiyaneke ron\u00ee ava bikin Ma\u00eedyo! Jiyaneke ron\u00ee \u00fb biriq\u00ee \u00fb azad \u00fb serbilind biqas\u00ee Xwed\u00ea \u00fb agir\u00ea w\u00ee. Tu y\u00ea bib\u00een\u00ee delal\u00ea min, rojek\u00ea dinya wek ava v\u00ee \u00e7em\u00ee \u00fb\u00a0wek ewr\u00ean sp\u00eeboz \u00ean v\u00ee ezman\u00ee w\u00ea zelal bibe Ma\u00eedyo! L\u00ea div\u00ea ber\u00ea em bawer bikin, ger em bawer nekin tar\u00ee \u00fb xerab\u00ee w\u00ea dil\u00ea me bikuje \u00fb bixwe, ji b\u00eer meke Ma\u00eedyo tu dil di tariy\u00ea de \u015f\u00een nabe, mezin nabe. Bi dilek\u00ee mezin \u00fb ron\u00ee heta mirin\u00ea ji bo azadiy\u00ea li hember\u00ee tar\u00eetiy\u00ea berxwedan! Xweda ronah\u00ee ye Ma\u00eedyo, em \u00e7ir\u00fbsk\u00ean w\u00ee!\u201d<br \/>\n\u201cHeta mirin\u00ea Sp\u00eetama, heta mirin\u00ea!\u201d<\/span><\/p>\n<p dir=\"ltr\">Pirt\u00fbka Sp\u00eetama ya R\u00eanas Jiyan ji we\u015fan\u00ean Belk\u00ee ye.<\/p>\n","protected":false},"excerpt":{"rendered":"<p dir=\"ltr\" style=\"text-align: center\"><strong>Pirt\u00fbk: Sp\u00eetama<br \/>\nNiv\u00eeskar: R\u00eanas Jiyan<\/strong><br \/>\n<strong>Cure: Roman\u00a0<\/strong><\/p>\n","protected":false},"featured_media":12252,"template":"","meta":{"site-sidebar-layout":"default","site-content-layout":"","ast-site-content-layout":"default","site-content-style":"default","site-sidebar-style":"default","ast-global-header-display":"","ast-banner-title-visibility":"","ast-main-header-display":"","ast-hfb-above-header-display":"","ast-hfb-below-header-display":"","ast-hfb-mobile-header-display":"","site-post-title":"","ast-breadcrumbs-content":"","ast-featured-img":"","footer-sml-layout":"","ast-disable-related-posts":"","theme-transparent-header-meta":"default","adv-header-id-meta":"","stick-header-meta":"","header-above-stick-meta":"","header-main-stick-meta":"","header-below-stick-meta":"","astra-migrate-meta-layouts":"set","ast-page-background-enabled":"default","ast-page-background-meta":{"desktop":{"background-color":"","background-image":"","background-repeat":"repeat","background-position":"center center","background-size":"auto","background-attachment":"scroll","background-type":"","background-media":"","overlay-type":"","overlay-color":"","overlay-opacity":"","overlay-gradient":""},"tablet":{"background-color":"","background-image":"","background-repeat":"repeat","background-position":"center center","background-size":"auto","background-attachment":"scroll","background-type":"","background-media":"","overlay-type":"","overlay-color":"","overlay-opacity":"","overlay-gradient":""},"mobile":{"background-color":"","background-image":"","background-repeat":"repeat","background-position":"center center","background-size":"auto","background-attachment":"scroll","background-type":"","background-media":"","overlay-type":"","overlay-color":"","overlay-opacity":"","overlay-gradient":""}},"ast-content-background-meta":{"desktop":{"background-color":"var(--ast-global-color-5)","background-image":"","background-repeat":"repeat","background-position":"center center","background-size":"auto","background-attachment":"scroll","background-type":"","background-media":"","overlay-type":"","overlay-color":"","overlay-opacity":"","overlay-gradient":""},"tablet":{"background-color":"var(--ast-global-color-5)","background-image":"","background-repeat":"repeat","background-position":"center center","background-size":"auto","background-attachment":"scroll","background-type":"","background-media":"","overlay-type":"","overlay-color":"","overlay-opacity":"","overlay-gradient":""},"mobile":{"background-color":"var(--ast-global-color-5)","background-image":"","background-repeat":"repeat","background-position":"center center","background-size":"auto","background-attachment":"scroll","background-type":"","background-media":"","overlay-type":"","overlay-color":"","overlay-opacity":"","overlay-gradient":""}}},"product_brand":[],"product_cat":[182,193],"product_tag":[],"class_list":{"0":"post-12190","1":"product","2":"type-product","3":"status-publish","4":"has-post-thumbnail","6":"product_cat-_","7":"product_cat--_","8":"pa_-roman","9":"pa_-renas-jiyan","10":"pa_-kurmanci","11":"pa_--belki","12":"desktop-align-left","13":"tablet-align-left","14":"mobile-align-left","16":"first","17":"instock","18":"shipping-taxable","19":"purchasable","20":"product-type-simple"},"yoast_head":"<!-- This site is optimized with the Yoast SEO plugin v27.4 - https:\/\/yoast.com\/product\/yoast-seo-wordpress\/ -->\n<title>Sp\u00eetama - R\u00eanas Jiyan - www.shanabooks.de<\/title>\n<meta name=\"description\" content=\"Sp\u00eetama - R\u00eanas Jiyan \u201cXweda azad\u00ee ye Ma\u00eedyo. Tu y\u00ea bib\u00een\u00ee em \u00ea dinyay\u00ea ron\u00ee bikin Ma\u00eedyo! Em \u00ea neheq\u00ee \u00fb koletiy\u00ea ji hol\u00ea rakin Ma\u00eedyo! Em \u00ea mija re\u015f \u00fb...\" \/>\n<meta name=\"robots\" content=\"index, follow, max-snippet:-1, max-image-preview:large, max-video-preview:-1\" \/>\n<link rel=\"canonical\" href=\"https:\/\/shanabooks.de\/product\/spitama-renas-jiyan\/\" \/>\n<meta property=\"og:locale\" content=\"de_DE\" \/>\n<meta property=\"og:type\" content=\"article\" \/>\n<meta property=\"og:title\" content=\"Sp\u00eetama - R\u00eanas Jiyan - www.shanabooks.de\" \/>\n<meta property=\"og:description\" content=\"Sp\u00eetama - R\u00eanas Jiyan \u201cXweda azad\u00ee ye Ma\u00eedyo. Tu y\u00ea bib\u00een\u00ee em \u00ea dinyay\u00ea ron\u00ee bikin Ma\u00eedyo! Em \u00ea neheq\u00ee \u00fb koletiy\u00ea ji hol\u00ea rakin Ma\u00eedyo! Em \u00ea mija re\u015f \u00fb...\" \/>\n<meta property=\"og:url\" content=\"https:\/\/shanabooks.de\/product\/spitama-renas-jiyan\/\" \/>\n<meta property=\"og:site_name\" content=\"www.shanabooks.de\" \/>\n<meta property=\"article:modified_time\" content=\"2024-04-04T15:39:41+00:00\" \/>\n<meta property=\"og:image\" content=\"https:\/\/shanabooks.de\/wp-content\/uploads\/2024\/03\/spitama-1.png\" \/>\n\t<meta property=\"og:image:width\" content=\"307\" \/>\n\t<meta property=\"og:image:height\" content=\"475\" \/>\n\t<meta property=\"og:image:type\" content=\"image\/png\" \/>\n<meta name=\"twitter:card\" content=\"summary_large_image\" \/>\n<meta name=\"twitter:label1\" content=\"Gesch\u00e4tzte Lesezeit\" \/>\n\t<meta name=\"twitter:data1\" content=\"2\u00a0Minuten\" \/>\n<script type=\"application\/ld+json\" class=\"yoast-schema-graph\">{\"@context\":\"https:\\\/\\\/schema.org\",\"@graph\":[{\"@type\":\"WebPage\",\"@id\":\"https:\\\/\\\/shanabooks.de\\\/product\\\/spitama-renas-jiyan\\\/\",\"url\":\"https:\\\/\\\/shanabooks.de\\\/product\\\/spitama-renas-jiyan\\\/\",\"name\":\"Sp\u00eetama - R\u00eanas Jiyan - www.shanabooks.de\",\"isPartOf\":{\"@id\":\"https:\\\/\\\/shanabooks.de\\\/#website\"},\"primaryImageOfPage\":{\"@id\":\"https:\\\/\\\/shanabooks.de\\\/product\\\/spitama-renas-jiyan\\\/#primaryimage\"},\"image\":{\"@id\":\"https:\\\/\\\/shanabooks.de\\\/product\\\/spitama-renas-jiyan\\\/#primaryimage\"},\"thumbnailUrl\":\"https:\\\/\\\/shanabooks.de\\\/wp-content\\\/uploads\\\/2024\\\/03\\\/spitama-1.png\",\"datePublished\":\"2024-03-03T19:41:40+00:00\",\"dateModified\":\"2024-04-04T15:39:41+00:00\",\"description\":\"Sp\u00eetama - R\u00eanas Jiyan \u201cXweda azad\u00ee ye Ma\u00eedyo. Tu y\u00ea bib\u00een\u00ee em \u00ea dinyay\u00ea ron\u00ee bikin Ma\u00eedyo! Em \u00ea neheq\u00ee \u00fb koletiy\u00ea ji hol\u00ea rakin Ma\u00eedyo! Em \u00ea mija re\u015f \u00fb...\",\"breadcrumb\":{\"@id\":\"https:\\\/\\\/shanabooks.de\\\/product\\\/spitama-renas-jiyan\\\/#breadcrumb\"},\"inLanguage\":\"de\",\"potentialAction\":[{\"@type\":\"ReadAction\",\"target\":[\"https:\\\/\\\/shanabooks.de\\\/product\\\/spitama-renas-jiyan\\\/\"]}]},{\"@type\":\"ImageObject\",\"inLanguage\":\"de\",\"@id\":\"https:\\\/\\\/shanabooks.de\\\/product\\\/spitama-renas-jiyan\\\/#primaryimage\",\"url\":\"https:\\\/\\\/shanabooks.de\\\/wp-content\\\/uploads\\\/2024\\\/03\\\/spitama-1.png\",\"contentUrl\":\"https:\\\/\\\/shanabooks.de\\\/wp-content\\\/uploads\\\/2024\\\/03\\\/spitama-1.png\",\"width\":307,\"height\":475,\"caption\":\"Sp\u00eetama - R\u00eanas Jiyan - pirt\u00fbk\u00ean kurd\u00ee - roman\"},{\"@type\":\"BreadcrumbList\",\"@id\":\"https:\\\/\\\/shanabooks.de\\\/product\\\/spitama-renas-jiyan\\\/#breadcrumb\",\"itemListElement\":[{\"@type\":\"ListItem\",\"position\":1,\"name\":\"\u0627\u0644\u0631\u0626\u064a\u0633\u064a\u0629\",\"item\":\"https:\\\/\\\/shanabooks.de\\\/de\\\/\"},{\"@type\":\"ListItem\",\"position\":2,\"name\":\"\u0627\u0644\u0645\u0646\u062a\u062c\u0627\u062a\",\"item\":\"https:\\\/\\\/shanabooks.de\\\/shop\\\/\"},{\"@type\":\"ListItem\",\"position\":3,\"name\":\"Sp\u00eetama\"}]},{\"@type\":\"WebSite\",\"@id\":\"https:\\\/\\\/shanabooks.de\\\/#website\",\"url\":\"https:\\\/\\\/shanabooks.de\\\/\",\"name\":\"www.shanbooks.de\",\"description\":\"C\u00eehana Pirt\u00fbk\u00ean Kurd\u00ee \u0645\u0643\u062a\u0628\u0629 \u0634\u0627\u0646\u0627 \u0641\u064a \u0627\u0644\u0645\u0627\u0646\u064a\u0627 \u0648\u0623\u0648\u0631\u0628\u0627\",\"publisher\":{\"@id\":\"https:\\\/\\\/shanabooks.de\\\/#organization\"},\"potentialAction\":[{\"@type\":\"SearchAction\",\"target\":{\"@type\":\"EntryPoint\",\"urlTemplate\":\"https:\\\/\\\/shanabooks.de\\\/?s={search_term_string}\"},\"query-input\":{\"@type\":\"PropertyValueSpecification\",\"valueRequired\":true,\"valueName\":\"search_term_string\"}}],\"inLanguage\":\"de\"},{\"@type\":\"Organization\",\"@id\":\"https:\\\/\\\/shanabooks.de\\\/#organization\",\"name\":\"www.shanbooks.de\",\"url\":\"https:\\\/\\\/shanabooks.de\\\/\",\"logo\":{\"@type\":\"ImageObject\",\"inLanguage\":\"de\",\"@id\":\"https:\\\/\\\/shanabooks.de\\\/#\\\/schema\\\/logo\\\/image\\\/\",\"url\":\"https:\\\/\\\/shanabooks.de\\\/wp-content\\\/uploads\\\/2024\\\/03\\\/SHANABOOKS__2_-removebg-preview.png\",\"contentUrl\":\"https:\\\/\\\/shanabooks.de\\\/wp-content\\\/uploads\\\/2024\\\/03\\\/SHANABOOKS__2_-removebg-preview.png\",\"width\":700,\"height\":150,\"caption\":\"www.shanbooks.de\"},\"image\":{\"@id\":\"https:\\\/\\\/shanabooks.de\\\/#\\\/schema\\\/logo\\\/image\\\/\"}}]}<\/script>\n<!-- \/ Yoast SEO plugin. -->","yoast_head_json":{"title":"Sp\u00eetama - R\u00eanas Jiyan - www.shanabooks.de","description":"Sp\u00eetama - R\u00eanas Jiyan \u201cXweda azad\u00ee ye Ma\u00eedyo. Tu y\u00ea bib\u00een\u00ee em \u00ea dinyay\u00ea ron\u00ee bikin Ma\u00eedyo! Em \u00ea neheq\u00ee \u00fb koletiy\u00ea ji hol\u00ea rakin Ma\u00eedyo! Em \u00ea mija re\u015f \u00fb...","robots":{"index":"index","follow":"follow","max-snippet":"max-snippet:-1","max-image-preview":"max-image-preview:large","max-video-preview":"max-video-preview:-1"},"canonical":"https:\/\/shanabooks.de\/product\/spitama-renas-jiyan\/","og_locale":"de_DE","og_type":"article","og_title":"Sp\u00eetama - R\u00eanas Jiyan - www.shanabooks.de","og_description":"Sp\u00eetama - R\u00eanas Jiyan \u201cXweda azad\u00ee ye Ma\u00eedyo. Tu y\u00ea bib\u00een\u00ee em \u00ea dinyay\u00ea ron\u00ee bikin Ma\u00eedyo! Em \u00ea neheq\u00ee \u00fb koletiy\u00ea ji hol\u00ea rakin Ma\u00eedyo! Em \u00ea mija re\u015f \u00fb...","og_url":"https:\/\/shanabooks.de\/product\/spitama-renas-jiyan\/","og_site_name":"www.shanabooks.de","article_modified_time":"2024-04-04T15:39:41+00:00","og_image":[{"width":307,"height":475,"url":"https:\/\/shanabooks.de\/wp-content\/uploads\/2024\/03\/spitama-1.png","type":"image\/png"}],"twitter_card":"summary_large_image","twitter_misc":{"Gesch\u00e4tzte Lesezeit":"2\u00a0Minuten"},"schema":{"@context":"https:\/\/schema.org","@graph":[{"@type":"WebPage","@id":"https:\/\/shanabooks.de\/product\/spitama-renas-jiyan\/","url":"https:\/\/shanabooks.de\/product\/spitama-renas-jiyan\/","name":"Sp\u00eetama - R\u00eanas Jiyan - www.shanabooks.de","isPartOf":{"@id":"https:\/\/shanabooks.de\/#website"},"primaryImageOfPage":{"@id":"https:\/\/shanabooks.de\/product\/spitama-renas-jiyan\/#primaryimage"},"image":{"@id":"https:\/\/shanabooks.de\/product\/spitama-renas-jiyan\/#primaryimage"},"thumbnailUrl":"https:\/\/shanabooks.de\/wp-content\/uploads\/2024\/03\/spitama-1.png","datePublished":"2024-03-03T19:41:40+00:00","dateModified":"2024-04-04T15:39:41+00:00","description":"Sp\u00eetama - R\u00eanas Jiyan \u201cXweda azad\u00ee ye Ma\u00eedyo. Tu y\u00ea bib\u00een\u00ee em \u00ea dinyay\u00ea ron\u00ee bikin Ma\u00eedyo! Em \u00ea neheq\u00ee \u00fb koletiy\u00ea ji hol\u00ea rakin Ma\u00eedyo! Em \u00ea mija re\u015f \u00fb...","breadcrumb":{"@id":"https:\/\/shanabooks.de\/product\/spitama-renas-jiyan\/#breadcrumb"},"inLanguage":"de","potentialAction":[{"@type":"ReadAction","target":["https:\/\/shanabooks.de\/product\/spitama-renas-jiyan\/"]}]},{"@type":"ImageObject","inLanguage":"de","@id":"https:\/\/shanabooks.de\/product\/spitama-renas-jiyan\/#primaryimage","url":"https:\/\/shanabooks.de\/wp-content\/uploads\/2024\/03\/spitama-1.png","contentUrl":"https:\/\/shanabooks.de\/wp-content\/uploads\/2024\/03\/spitama-1.png","width":307,"height":475,"caption":"Sp\u00eetama - R\u00eanas Jiyan - pirt\u00fbk\u00ean kurd\u00ee - roman"},{"@type":"BreadcrumbList","@id":"https:\/\/shanabooks.de\/product\/spitama-renas-jiyan\/#breadcrumb","itemListElement":[{"@type":"ListItem","position":1,"name":"\u0627\u0644\u0631\u0626\u064a\u0633\u064a\u0629","item":"https:\/\/shanabooks.de\/de\/"},{"@type":"ListItem","position":2,"name":"\u0627\u0644\u0645\u0646\u062a\u062c\u0627\u062a","item":"https:\/\/shanabooks.de\/shop\/"},{"@type":"ListItem","position":3,"name":"Sp\u00eetama"}]},{"@type":"WebSite","@id":"https:\/\/shanabooks.de\/#website","url":"https:\/\/shanabooks.de\/","name":"www.shanbooks.de","description":"C\u00eehana Pirt\u00fbk\u00ean Kurd\u00ee \u0645\u0643\u062a\u0628\u0629 \u0634\u0627\u0646\u0627 \u0641\u064a \u0627\u0644\u0645\u0627\u0646\u064a\u0627 \u0648\u0623\u0648\u0631\u0628\u0627","publisher":{"@id":"https:\/\/shanabooks.de\/#organization"},"potentialAction":[{"@type":"SearchAction","target":{"@type":"EntryPoint","urlTemplate":"https:\/\/shanabooks.de\/?s={search_term_string}"},"query-input":{"@type":"PropertyValueSpecification","valueRequired":true,"valueName":"search_term_string"}}],"inLanguage":"de"},{"@type":"Organization","@id":"https:\/\/shanabooks.de\/#organization","name":"www.shanbooks.de","url":"https:\/\/shanabooks.de\/","logo":{"@type":"ImageObject","inLanguage":"de","@id":"https:\/\/shanabooks.de\/#\/schema\/logo\/image\/","url":"https:\/\/shanabooks.de\/wp-content\/uploads\/2024\/03\/SHANABOOKS__2_-removebg-preview.png","contentUrl":"https:\/\/shanabooks.de\/wp-content\/uploads\/2024\/03\/SHANABOOKS__2_-removebg-preview.png","width":700,"height":150,"caption":"www.shanbooks.de"},"image":{"@id":"https:\/\/shanabooks.de\/#\/schema\/logo\/image\/"}}]}},"jetpack_sharing_enabled":true,"_links":{"self":[{"href":"https:\/\/shanabooks.de\/de\/wp-json\/wp\/v2\/product\/12190","targetHints":{"allow":["GET"]}}],"collection":[{"href":"https:\/\/shanabooks.de\/de\/wp-json\/wp\/v2\/product"}],"about":[{"href":"https:\/\/shanabooks.de\/de\/wp-json\/wp\/v2\/types\/product"}],"version-history":[{"count":3,"href":"https:\/\/shanabooks.de\/de\/wp-json\/wp\/v2\/product\/12190\/revisions"}],"predecessor-version":[{"id":22882,"href":"https:\/\/shanabooks.de\/de\/wp-json\/wp\/v2\/product\/12190\/revisions\/22882"}],"wp:featuredmedia":[{"embeddable":true,"href":"https:\/\/shanabooks.de\/de\/wp-json\/wp\/v2\/media\/12252"}],"wp:attachment":[{"href":"https:\/\/shanabooks.de\/de\/wp-json\/wp\/v2\/media?parent=12190"}],"wp:term":[{"taxonomy":"product_brand","embeddable":true,"href":"https:\/\/shanabooks.de\/de\/wp-json\/wp\/v2\/product_brand?post=12190"},{"taxonomy":"product_cat","embeddable":true,"href":"https:\/\/shanabooks.de\/de\/wp-json\/wp\/v2\/product_cat?post=12190"},{"taxonomy":"product_tag","embeddable":true,"href":"https:\/\/shanabooks.de\/de\/wp-json\/wp\/v2\/product_tag?post=12190"}],"curies":[{"name":"wp","href":"https:\/\/api.w.org\/{rel}","templated":true}]}}