{"id":12195,"date":"2024-03-03T19:41:41","date_gmt":"2024-03-03T19:41:41","guid":{"rendered":"https:\/\/shanabooks.de\/?post_type=product&#038;p=12195"},"modified":"2024-03-25T17:30:37","modified_gmt":"2024-03-25T17:30:37","slug":"sev-nine-hun-neyene-xewna-min-abdulla-pesew","status":"publish","type":"product","link":"https:\/\/shanabooks.de\/de\/product\/sev-nine-hun-neyene-xewna-min-abdulla-pesew\/","title":{"rendered":"\u015eev n\u00eene h\u00fbn ney\u00eane xewna min (Cild 1)"},"content":{"rendered":"<p dir=\"ltr\"><strong>\u015eev n\u00eene h\u00fbn ney\u00eane xewna min &#8211; Abdulla Pe\u015f\u00eaw<\/strong><\/p>\n<p dir=\"ltr\">Helbesta \u015eev n\u00eene h\u00fbn ney\u00eane xewna min (Cild 1) ya Abdulla Pe\u015f\u00eaw e \u00fb ji Soran\u00ee ji aliy\u00ea Z\u00fclk\u00fcf Erg\u00fcn ve hatiye wergerandin bo Kurd\u00ee Kurmanc\u00ee.<\/p>\n<p dir=\"ltr\">Ev \u00c7ap bi w\u00eane \u00fb berg\u00ea taybet e.<\/p>\n","protected":false},"excerpt":{"rendered":"<p dir=\"ltr\" style=\"text-align: center\"><strong>Pirt\u00fbk: \u015eev n\u00eene h\u00fbn ney\u00eane xewna min (Cild 1)<\/strong><br \/>\n<strong>Niv\u00eeskar: Abdulla P\u00ea\u015few<br \/>\nCure: Helbest<\/strong><\/p>\n","protected":false},"featured_media":12262,"template":"","meta":{"site-sidebar-layout":"default","site-content-layout":"","ast-site-content-layout":"default","site-content-style":"default","site-sidebar-style":"default","ast-global-header-display":"","ast-banner-title-visibility":"","ast-main-header-display":"","ast-hfb-above-header-display":"","ast-hfb-below-header-display":"","ast-hfb-mobile-header-display":"","site-post-title":"","ast-breadcrumbs-content":"","ast-featured-img":"","footer-sml-layout":"","ast-disable-related-posts":"","theme-transparent-header-meta":"default","adv-header-id-meta":"","stick-header-meta":"","header-above-stick-meta":"","header-main-stick-meta":"","header-below-stick-meta":"","astra-migrate-meta-layouts":"set","ast-page-background-enabled":"default","ast-page-background-meta":{"desktop":{"background-color":"","background-image":"","background-repeat":"repeat","background-position":"center center","background-size":"auto","background-attachment":"scroll","background-type":"","background-media":"","overlay-type":"","overlay-color":"","overlay-opacity":"","overlay-gradient":""},"tablet":{"background-color":"","background-image":"","background-repeat":"repeat","background-position":"center center","background-size":"auto","background-attachment":"scroll","background-type":"","background-media":"","overlay-type":"","overlay-color":"","overlay-opacity":"","overlay-gradient":""},"mobile":{"background-color":"","background-image":"","background-repeat":"repeat","background-position":"center center","background-size":"auto","background-attachment":"scroll","background-type":"","background-media":"","overlay-type":"","overlay-color":"","overlay-opacity":"","overlay-gradient":""}},"ast-content-background-meta":{"desktop":{"background-color":"var(--ast-global-color-5)","background-image":"","background-repeat":"repeat","background-position":"center center","background-size":"auto","background-attachment":"scroll","background-type":"","background-media":"","overlay-type":"","overlay-color":"","overlay-opacity":"","overlay-gradient":""},"tablet":{"background-color":"var(--ast-global-color-5)","background-image":"","background-repeat":"repeat","background-position":"center center","background-size":"auto","background-attachment":"scroll","background-type":"","background-media":"","overlay-type":"","overlay-color":"","overlay-opacity":"","overlay-gradient":""},"mobile":{"background-color":"var(--ast-global-color-5)","background-image":"","background-repeat":"repeat","background-position":"center center","background-size":"auto","background-attachment":"scroll","background-type":"","background-media":"","overlay-type":"","overlay-color":"","overlay-opacity":"","overlay-gradient":""}}},"product_brand":[],"product_cat":[184,193],"product_tag":[],"class_list":{"0":"post-12195","1":"product","2":"type-product","3":"status-publish","4":"has-post-thumbnail","6":"product_cat-_","7":"product_cat--_","8":"pa_-helbest","9":"pa_-abdulla-pesew","10":"pa_-kurmanci","11":"pa_--peywend-yayinlari","12":"desktop-align-left","13":"tablet-align-left","14":"mobile-align-left","16":"first","17":"instock","18":"shipping-taxable","19":"purchasable","20":"product-type-simple"},"yoast_head":"<!-- This site is optimized with the Yoast SEO plugin v27.4 - https:\/\/yoast.com\/product\/yoast-seo-wordpress\/ -->\n<title>\u015eev n\u00eene h\u00fbn ney\u00eane xewna min - Abdulla Pe\u015f\u00eaw - www.shanabooks.de<\/title>\n<meta name=\"description\" content=\"\u015eev n\u00eene h\u00fbn ney\u00eane xewna min - Abdulla Pe\u015f\u00eaw Helbesta \u015eev n\u00eene h\u00fbn ney\u00eane xewna min (Cild 1) ya Abdulla Pe\u015f\u00eaw e \u00fb ji Soran\u00ee ji aliy\u00ea Z\u00fclk\u00fcf Erg\u00fcn ve ha...\" \/>\n<meta name=\"robots\" content=\"index, follow, max-snippet:-1, max-image-preview:large, max-video-preview:-1\" \/>\n<link rel=\"canonical\" href=\"https:\/\/shanabooks.de\/product\/sev-nine-hun-neyene-xewna-min-abdulla-pesew\/\" \/>\n<meta property=\"og:locale\" content=\"de_DE\" \/>\n<meta property=\"og:type\" content=\"article\" \/>\n<meta property=\"og:title\" content=\"\u015eev n\u00eene h\u00fbn ney\u00eane xewna min - Abdulla Pe\u015f\u00eaw - www.shanabooks.de\" \/>\n<meta property=\"og:description\" content=\"\u015eev n\u00eene h\u00fbn ney\u00eane xewna min - Abdulla Pe\u015f\u00eaw Helbesta \u015eev n\u00eene h\u00fbn ney\u00eane xewna min (Cild 1) ya Abdulla Pe\u015f\u00eaw e \u00fb ji Soran\u00ee ji aliy\u00ea Z\u00fclk\u00fcf Erg\u00fcn ve ha...\" \/>\n<meta property=\"og:url\" content=\"https:\/\/shanabooks.de\/product\/sev-nine-hun-neyene-xewna-min-abdulla-pesew\/\" \/>\n<meta property=\"og:site_name\" content=\"www.shanabooks.de\" \/>\n<meta property=\"article:modified_time\" content=\"2024-03-25T17:30:37+00:00\" \/>\n<meta property=\"og:image\" content=\"https:\/\/shanabooks.de\/wp-content\/uploads\/2024\/03\/Sev-Nine-Hun-Neyene-Xewna-Min.png\" \/>\n\t<meta property=\"og:image:width\" content=\"313\" \/>\n\t<meta property=\"og:image:height\" content=\"480\" \/>\n\t<meta property=\"og:image:type\" content=\"image\/png\" \/>\n<meta name=\"twitter:card\" content=\"summary_large_image\" \/>\n<meta name=\"twitter:label1\" content=\"Gesch\u00e4tzte Lesezeit\" \/>\n\t<meta name=\"twitter:data1\" content=\"1\u00a0Minute\" \/>\n<script type=\"application\/ld+json\" class=\"yoast-schema-graph\">{\"@context\":\"https:\\\/\\\/schema.org\",\"@graph\":[{\"@type\":\"WebPage\",\"@id\":\"https:\\\/\\\/shanabooks.de\\\/product\\\/sev-nine-hun-neyene-xewna-min-abdulla-pesew\\\/\",\"url\":\"https:\\\/\\\/shanabooks.de\\\/product\\\/sev-nine-hun-neyene-xewna-min-abdulla-pesew\\\/\",\"name\":\"\u015eev n\u00eene h\u00fbn ney\u00eane xewna min - Abdulla Pe\u015f\u00eaw - www.shanabooks.de\",\"isPartOf\":{\"@id\":\"https:\\\/\\\/shanabooks.de\\\/#website\"},\"primaryImageOfPage\":{\"@id\":\"https:\\\/\\\/shanabooks.de\\\/product\\\/sev-nine-hun-neyene-xewna-min-abdulla-pesew\\\/#primaryimage\"},\"image\":{\"@id\":\"https:\\\/\\\/shanabooks.de\\\/product\\\/sev-nine-hun-neyene-xewna-min-abdulla-pesew\\\/#primaryimage\"},\"thumbnailUrl\":\"https:\\\/\\\/shanabooks.de\\\/wp-content\\\/uploads\\\/2024\\\/03\\\/Sev-Nine-Hun-Neyene-Xewna-Min.png\",\"datePublished\":\"2024-03-03T19:41:41+00:00\",\"dateModified\":\"2024-03-25T17:30:37+00:00\",\"description\":\"\u015eev n\u00eene h\u00fbn ney\u00eane xewna min - Abdulla Pe\u015f\u00eaw Helbesta \u015eev n\u00eene h\u00fbn ney\u00eane xewna min (Cild 1) ya Abdulla Pe\u015f\u00eaw e \u00fb ji Soran\u00ee ji aliy\u00ea Z\u00fclk\u00fcf Erg\u00fcn ve ha...\",\"breadcrumb\":{\"@id\":\"https:\\\/\\\/shanabooks.de\\\/product\\\/sev-nine-hun-neyene-xewna-min-abdulla-pesew\\\/#breadcrumb\"},\"inLanguage\":\"de\",\"potentialAction\":[{\"@type\":\"ReadAction\",\"target\":[\"https:\\\/\\\/shanabooks.de\\\/product\\\/sev-nine-hun-neyene-xewna-min-abdulla-pesew\\\/\"]}]},{\"@type\":\"ImageObject\",\"inLanguage\":\"de\",\"@id\":\"https:\\\/\\\/shanabooks.de\\\/product\\\/sev-nine-hun-neyene-xewna-min-abdulla-pesew\\\/#primaryimage\",\"url\":\"https:\\\/\\\/shanabooks.de\\\/wp-content\\\/uploads\\\/2024\\\/03\\\/Sev-Nine-Hun-Neyene-Xewna-Min.png\",\"contentUrl\":\"https:\\\/\\\/shanabooks.de\\\/wp-content\\\/uploads\\\/2024\\\/03\\\/Sev-Nine-Hun-Neyene-Xewna-Min.png\",\"width\":313,\"height\":480,\"caption\":\"\u015eev n\u00eene h\u00fbn ney\u00eane xewna min (Cild 1) - Abdulla Pe\u015f\u00eaw - pirt\u00fbk\u00ean kurd\u00ee - helbest\"},{\"@type\":\"BreadcrumbList\",\"@id\":\"https:\\\/\\\/shanabooks.de\\\/product\\\/sev-nine-hun-neyene-xewna-min-abdulla-pesew\\\/#breadcrumb\",\"itemListElement\":[{\"@type\":\"ListItem\",\"position\":1,\"name\":\"\u0627\u0644\u0631\u0626\u064a\u0633\u064a\u0629\",\"item\":\"https:\\\/\\\/shanabooks.de\\\/de\\\/\"},{\"@type\":\"ListItem\",\"position\":2,\"name\":\"\u0627\u0644\u0645\u0646\u062a\u062c\u0627\u062a\",\"item\":\"https:\\\/\\\/shanabooks.de\\\/shop\\\/\"},{\"@type\":\"ListItem\",\"position\":3,\"name\":\"\u015eev n\u00eene h\u00fbn ney\u00eane xewna min (Cild 1)\"}]},{\"@type\":\"WebSite\",\"@id\":\"https:\\\/\\\/shanabooks.de\\\/#website\",\"url\":\"https:\\\/\\\/shanabooks.de\\\/\",\"name\":\"www.shanbooks.de\",\"description\":\"C\u00eehana Pirt\u00fbk\u00ean Kurd\u00ee \u0645\u0643\u062a\u0628\u0629 \u0634\u0627\u0646\u0627 \u0641\u064a \u0627\u0644\u0645\u0627\u0646\u064a\u0627 \u0648\u0623\u0648\u0631\u0628\u0627\",\"publisher\":{\"@id\":\"https:\\\/\\\/shanabooks.de\\\/#organization\"},\"potentialAction\":[{\"@type\":\"SearchAction\",\"target\":{\"@type\":\"EntryPoint\",\"urlTemplate\":\"https:\\\/\\\/shanabooks.de\\\/?s={search_term_string}\"},\"query-input\":{\"@type\":\"PropertyValueSpecification\",\"valueRequired\":true,\"valueName\":\"search_term_string\"}}],\"inLanguage\":\"de\"},{\"@type\":\"Organization\",\"@id\":\"https:\\\/\\\/shanabooks.de\\\/#organization\",\"name\":\"www.shanbooks.de\",\"url\":\"https:\\\/\\\/shanabooks.de\\\/\",\"logo\":{\"@type\":\"ImageObject\",\"inLanguage\":\"de\",\"@id\":\"https:\\\/\\\/shanabooks.de\\\/#\\\/schema\\\/logo\\\/image\\\/\",\"url\":\"https:\\\/\\\/shanabooks.de\\\/wp-content\\\/uploads\\\/2024\\\/03\\\/SHANABOOKS__2_-removebg-preview.png\",\"contentUrl\":\"https:\\\/\\\/shanabooks.de\\\/wp-content\\\/uploads\\\/2024\\\/03\\\/SHANABOOKS__2_-removebg-preview.png\",\"width\":700,\"height\":150,\"caption\":\"www.shanbooks.de\"},\"image\":{\"@id\":\"https:\\\/\\\/shanabooks.de\\\/#\\\/schema\\\/logo\\\/image\\\/\"}}]}<\/script>\n<!-- \/ Yoast SEO plugin. -->","yoast_head_json":{"title":"\u015eev n\u00eene h\u00fbn ney\u00eane xewna min - Abdulla Pe\u015f\u00eaw - www.shanabooks.de","description":"\u015eev n\u00eene h\u00fbn ney\u00eane xewna min - Abdulla Pe\u015f\u00eaw Helbesta \u015eev n\u00eene h\u00fbn ney\u00eane xewna min (Cild 1) ya Abdulla Pe\u015f\u00eaw e \u00fb ji Soran\u00ee ji aliy\u00ea Z\u00fclk\u00fcf Erg\u00fcn ve ha...","robots":{"index":"index","follow":"follow","max-snippet":"max-snippet:-1","max-image-preview":"max-image-preview:large","max-video-preview":"max-video-preview:-1"},"canonical":"https:\/\/shanabooks.de\/product\/sev-nine-hun-neyene-xewna-min-abdulla-pesew\/","og_locale":"de_DE","og_type":"article","og_title":"\u015eev n\u00eene h\u00fbn ney\u00eane xewna min - Abdulla Pe\u015f\u00eaw - www.shanabooks.de","og_description":"\u015eev n\u00eene h\u00fbn ney\u00eane xewna min - Abdulla Pe\u015f\u00eaw Helbesta \u015eev n\u00eene h\u00fbn ney\u00eane xewna min (Cild 1) ya Abdulla Pe\u015f\u00eaw e \u00fb ji Soran\u00ee ji aliy\u00ea Z\u00fclk\u00fcf Erg\u00fcn ve ha...","og_url":"https:\/\/shanabooks.de\/product\/sev-nine-hun-neyene-xewna-min-abdulla-pesew\/","og_site_name":"www.shanabooks.de","article_modified_time":"2024-03-25T17:30:37+00:00","og_image":[{"width":313,"height":480,"url":"https:\/\/shanabooks.de\/wp-content\/uploads\/2024\/03\/Sev-Nine-Hun-Neyene-Xewna-Min.png","type":"image\/png"}],"twitter_card":"summary_large_image","twitter_misc":{"Gesch\u00e4tzte Lesezeit":"1\u00a0Minute"},"schema":{"@context":"https:\/\/schema.org","@graph":[{"@type":"WebPage","@id":"https:\/\/shanabooks.de\/product\/sev-nine-hun-neyene-xewna-min-abdulla-pesew\/","url":"https:\/\/shanabooks.de\/product\/sev-nine-hun-neyene-xewna-min-abdulla-pesew\/","name":"\u015eev n\u00eene h\u00fbn ney\u00eane xewna min - Abdulla Pe\u015f\u00eaw - www.shanabooks.de","isPartOf":{"@id":"https:\/\/shanabooks.de\/#website"},"primaryImageOfPage":{"@id":"https:\/\/shanabooks.de\/product\/sev-nine-hun-neyene-xewna-min-abdulla-pesew\/#primaryimage"},"image":{"@id":"https:\/\/shanabooks.de\/product\/sev-nine-hun-neyene-xewna-min-abdulla-pesew\/#primaryimage"},"thumbnailUrl":"https:\/\/shanabooks.de\/wp-content\/uploads\/2024\/03\/Sev-Nine-Hun-Neyene-Xewna-Min.png","datePublished":"2024-03-03T19:41:41+00:00","dateModified":"2024-03-25T17:30:37+00:00","description":"\u015eev n\u00eene h\u00fbn ney\u00eane xewna min - Abdulla Pe\u015f\u00eaw Helbesta \u015eev n\u00eene h\u00fbn ney\u00eane xewna min (Cild 1) ya Abdulla Pe\u015f\u00eaw e \u00fb ji Soran\u00ee ji aliy\u00ea Z\u00fclk\u00fcf Erg\u00fcn ve ha...","breadcrumb":{"@id":"https:\/\/shanabooks.de\/product\/sev-nine-hun-neyene-xewna-min-abdulla-pesew\/#breadcrumb"},"inLanguage":"de","potentialAction":[{"@type":"ReadAction","target":["https:\/\/shanabooks.de\/product\/sev-nine-hun-neyene-xewna-min-abdulla-pesew\/"]}]},{"@type":"ImageObject","inLanguage":"de","@id":"https:\/\/shanabooks.de\/product\/sev-nine-hun-neyene-xewna-min-abdulla-pesew\/#primaryimage","url":"https:\/\/shanabooks.de\/wp-content\/uploads\/2024\/03\/Sev-Nine-Hun-Neyene-Xewna-Min.png","contentUrl":"https:\/\/shanabooks.de\/wp-content\/uploads\/2024\/03\/Sev-Nine-Hun-Neyene-Xewna-Min.png","width":313,"height":480,"caption":"\u015eev n\u00eene h\u00fbn ney\u00eane xewna min (Cild 1) - Abdulla Pe\u015f\u00eaw - pirt\u00fbk\u00ean kurd\u00ee - helbest"},{"@type":"BreadcrumbList","@id":"https:\/\/shanabooks.de\/product\/sev-nine-hun-neyene-xewna-min-abdulla-pesew\/#breadcrumb","itemListElement":[{"@type":"ListItem","position":1,"name":"\u0627\u0644\u0631\u0626\u064a\u0633\u064a\u0629","item":"https:\/\/shanabooks.de\/de\/"},{"@type":"ListItem","position":2,"name":"\u0627\u0644\u0645\u0646\u062a\u062c\u0627\u062a","item":"https:\/\/shanabooks.de\/shop\/"},{"@type":"ListItem","position":3,"name":"\u015eev n\u00eene h\u00fbn ney\u00eane xewna min (Cild 1)"}]},{"@type":"WebSite","@id":"https:\/\/shanabooks.de\/#website","url":"https:\/\/shanabooks.de\/","name":"www.shanbooks.de","description":"C\u00eehana Pirt\u00fbk\u00ean Kurd\u00ee \u0645\u0643\u062a\u0628\u0629 \u0634\u0627\u0646\u0627 \u0641\u064a \u0627\u0644\u0645\u0627\u0646\u064a\u0627 \u0648\u0623\u0648\u0631\u0628\u0627","publisher":{"@id":"https:\/\/shanabooks.de\/#organization"},"potentialAction":[{"@type":"SearchAction","target":{"@type":"EntryPoint","urlTemplate":"https:\/\/shanabooks.de\/?s={search_term_string}"},"query-input":{"@type":"PropertyValueSpecification","valueRequired":true,"valueName":"search_term_string"}}],"inLanguage":"de"},{"@type":"Organization","@id":"https:\/\/shanabooks.de\/#organization","name":"www.shanbooks.de","url":"https:\/\/shanabooks.de\/","logo":{"@type":"ImageObject","inLanguage":"de","@id":"https:\/\/shanabooks.de\/#\/schema\/logo\/image\/","url":"https:\/\/shanabooks.de\/wp-content\/uploads\/2024\/03\/SHANABOOKS__2_-removebg-preview.png","contentUrl":"https:\/\/shanabooks.de\/wp-content\/uploads\/2024\/03\/SHANABOOKS__2_-removebg-preview.png","width":700,"height":150,"caption":"www.shanbooks.de"},"image":{"@id":"https:\/\/shanabooks.de\/#\/schema\/logo\/image\/"}}]}},"jetpack_sharing_enabled":true,"_links":{"self":[{"href":"https:\/\/shanabooks.de\/de\/wp-json\/wp\/v2\/product\/12195","targetHints":{"allow":["GET"]}}],"collection":[{"href":"https:\/\/shanabooks.de\/de\/wp-json\/wp\/v2\/product"}],"about":[{"href":"https:\/\/shanabooks.de\/de\/wp-json\/wp\/v2\/types\/product"}],"version-history":[{"count":3,"href":"https:\/\/shanabooks.de\/de\/wp-json\/wp\/v2\/product\/12195\/revisions"}],"predecessor-version":[{"id":22466,"href":"https:\/\/shanabooks.de\/de\/wp-json\/wp\/v2\/product\/12195\/revisions\/22466"}],"wp:featuredmedia":[{"embeddable":true,"href":"https:\/\/shanabooks.de\/de\/wp-json\/wp\/v2\/media\/12262"}],"wp:attachment":[{"href":"https:\/\/shanabooks.de\/de\/wp-json\/wp\/v2\/media?parent=12195"}],"wp:term":[{"taxonomy":"product_brand","embeddable":true,"href":"https:\/\/shanabooks.de\/de\/wp-json\/wp\/v2\/product_brand?post=12195"},{"taxonomy":"product_cat","embeddable":true,"href":"https:\/\/shanabooks.de\/de\/wp-json\/wp\/v2\/product_cat?post=12195"},{"taxonomy":"product_tag","embeddable":true,"href":"https:\/\/shanabooks.de\/de\/wp-json\/wp\/v2\/product_tag?post=12195"}],"curies":[{"name":"wp","href":"https:\/\/api.w.org\/{rel}","templated":true}]}}