{"id":12196,"date":"2024-03-03T19:41:41","date_gmt":"2024-03-03T19:41:41","guid":{"rendered":"https:\/\/shanabooks.de\/?post_type=product&#038;p=12196"},"modified":"2026-01-02T19:47:20","modified_gmt":"2026-01-02T19:47:20","slug":"hemu-berhemen-wi-qedri-can","status":"publish","type":"product","link":"https:\/\/shanabooks.de\/de\/product\/hemu-berhemen-wi-qedri-can\/","title":{"rendered":"Qedr\u00ee Can &#8211; Hem\u00fb berhem\u00ean w\u00ee"},"content":{"rendered":"<p dir=\"ltr\"><strong>Hem\u00fb berhem\u00ean w\u00ee &#8211; Qedr\u00ee Can<\/strong><\/p>\n<p dir=\"ltr\">Qedr\u00ee Can di w\u00eajeya Kurmanc\u00ee de \u201cn\u00fbpar\u00eazeki\u201d mezin e, ji tema, te\u015fe \u00fb h\u00eamaya helbesta w\u00ee ya \u201cR\u00eaya Taze\u201d em ba\u015f fahm dikin ku w\u00ee ev guher\u00een \u00fb n\u00fbjen\u00ee gi\u015f \u201cbihemd\u201d\u00ea xwe kirine\u2026<br \/>\nQedr\u00ee Can bi v\u00ea helbest\u00ea ne bi ten\u00ea ji bo xwe, herweha ji bo me \u00fb helbesta me j\u00ee perdeya re\u015f di\u00e7irr\u00eene ji ser\u00e7av\u00ea w\u00eajeya me, gemara guh\u00ee, mikrob\u00ean can\u00ee, kufika dil\u00ee \u00fb pel\u00ean riziyay\u00ee y\u00ean helbesta me j\u00ee paqij dike.<br \/>\nEw ne bi ten\u00ea xwe dike \u00eensanek\u00ee n\u00fb \u00fb di bajar\u00ea dil\u00ea xwe de holeke n\u00fb ava dike, herweha me \u00fb helbesta me j\u00ee n\u00fbjen dike \u00fb li bajar\u00ea w\u00eajey\u00ea \u201cholik\u201deke n\u00fb ji bo helbesta me ava dike. Ev \u201cholik\u201d ji bo nujeniya helbesta me destp\u00eakeke ewqas\u00ee h\u00eaja ye ku di p\u00ea\u015feroj\u00ea de beranber\u00ee \u201cqesr\u201d\u00ean modern e, ev \u201cholik\u201d beramber\u00ee \u201c\u015fato\u201dyek\u00ea ye. Ji ber ku w\u00ee di w\u00eajeya Kurmanc\u00ee de gellek nim\u00fbney\u00ean helbesta n\u00fbjen dane yekem \u201chelbestkar\u201d\u00ea n\u00fbjen Qedr\u00ee Can e\u2026<br \/>\nDi \u00e7\u00eerokniv\u00eesiya Qedr\u00ee Can\u2019\u00ee de vegotina \u201cb\u00eeran\u00een\u201dan \u015f\u00eawazeke pirr delal\u00ee ye, bi gi\u015ft\u00ee ev \u015f\u00eawaz, \u00e7\u00eerokniv\u00eesiya w\u00ee karakterize dike ku di v\u00ea \u015f\u00eawaz\u00ea de gellek\u00ee serkeft\u00ee ye. Ewil ti\u015ftek t\u00ea \u201cbir\u201da w\u00ee, bi d\u00fbre ew \u201cb\u00eer\u201d dikele, peqilkan dide \u00fb \u00e7\u00eerokniv\u00ees dest p\u00ea dike li xwe mikurr t\u00ea, xwe noq\u00ee \u201cbir\u201d\u00ea dike li bin\u00ea w\u00ea t\u00ear digere \u00fb di pey re d\u00eesa derdikeve ser r\u00fby\u00ea w\u00ea; l\u00ea gava ku ji \u201cbir\u201d\u00ea vedigere dema xwe ya niha, dil\u00ea w\u00ee li ber teq\u00een\u00ea bi \u00ea\u015fan dagirt\u00ee ye. Di helbesta Qedr\u00ee Can\u2019\u00ee referans \u201csibe\u201d \u00fb di \u00e7\u00eerok\u00ean w\u00ee de tam dijber\u00ee v\u00ea yek\u00ea referans \u201cdo\u201d ye.<br \/>\nDi helbest\u00ean xwe de \u201cp\u00ea\u015feroj\u201d \u00fb di \u00e7\u00eerok\u00ean xwe de bi \u015f\u00eawazeke Proust\u2019k\u00ee li pey dema winda bi \u201cb\u00eeran\u00een\u201d \u201cpa\u015feroj\u201d vegotiye.<\/p>\n<p dir=\"ltr\">Ev pirt\u00fbka Qedr\u00ee Can hem\u00fb Berhem\u00ean w\u00ee kom dike.<\/p>\n","protected":false},"excerpt":{"rendered":"<p dir=\"ltr\" style=\"text-align: center\"><strong>Pirt\u00fbk: Hem\u00fb berhem\u00ean w\u00ee<\/strong><br \/>\n<strong>Niv\u00eeskar: Qedr\u00ee Can<br \/>\nCure: Helbest<\/strong><\/p>\n","protected":false},"featured_media":12264,"template":"","meta":{"site-sidebar-layout":"default","site-content-layout":"","ast-site-content-layout":"default","site-content-style":"default","site-sidebar-style":"default","ast-global-header-display":"","ast-banner-title-visibility":"","ast-main-header-display":"","ast-hfb-above-header-display":"","ast-hfb-below-header-display":"","ast-hfb-mobile-header-display":"","site-post-title":"","ast-breadcrumbs-content":"","ast-featured-img":"","footer-sml-layout":"","ast-disable-related-posts":"","theme-transparent-header-meta":"default","adv-header-id-meta":"","stick-header-meta":"","header-above-stick-meta":"","header-main-stick-meta":"","header-below-stick-meta":"","astra-migrate-meta-layouts":"set","ast-page-background-enabled":"default","ast-page-background-meta":{"desktop":{"background-color":"","background-image":"","background-repeat":"repeat","background-position":"center center","background-size":"auto","background-attachment":"scroll","background-type":"","background-media":"","overlay-type":"","overlay-color":"","overlay-opacity":"","overlay-gradient":""},"tablet":{"background-color":"","background-image":"","background-repeat":"repeat","background-position":"center center","background-size":"auto","background-attachment":"scroll","background-type":"","background-media":"","overlay-type":"","overlay-color":"","overlay-opacity":"","overlay-gradient":""},"mobile":{"background-color":"","background-image":"","background-repeat":"repeat","background-position":"center center","background-size":"auto","background-attachment":"scroll","background-type":"","background-media":"","overlay-type":"","overlay-color":"","overlay-opacity":"","overlay-gradient":""}},"ast-content-background-meta":{"desktop":{"background-color":"var(--ast-global-color-5)","background-image":"","background-repeat":"repeat","background-position":"center center","background-size":"auto","background-attachment":"scroll","background-type":"","background-media":"","overlay-type":"","overlay-color":"","overlay-opacity":"","overlay-gradient":""},"tablet":{"background-color":"var(--ast-global-color-5)","background-image":"","background-repeat":"repeat","background-position":"center center","background-size":"auto","background-attachment":"scroll","background-type":"","background-media":"","overlay-type":"","overlay-color":"","overlay-opacity":"","overlay-gradient":""},"mobile":{"background-color":"var(--ast-global-color-5)","background-image":"","background-repeat":"repeat","background-position":"center center","background-size":"auto","background-attachment":"scroll","background-type":"","background-media":"","overlay-type":"","overlay-color":"","overlay-opacity":"","overlay-gradient":""}}},"product_brand":[],"product_cat":[184,193],"product_tag":[],"class_list":{"0":"post-12196","1":"product","2":"type-product","3":"status-publish","4":"has-post-thumbnail","6":"product_cat-_","7":"product_cat--_","8":"pa_-helbest","9":"pa_-qedri-can","10":"pa_-kurmanci","11":"pa_--belki","12":"desktop-align-left","13":"tablet-align-left","14":"mobile-align-left","16":"first","17":"outofstock","18":"shipping-taxable","19":"purchasable","20":"product-type-simple"},"yoast_head":"<!-- This site is optimized with the Yoast SEO plugin v27.4 - https:\/\/yoast.com\/product\/yoast-seo-wordpress\/ -->\n<title>Hem\u00fb berhem\u00ean w\u00ee - Qedr\u00ee Can - www.shanabooks.de<\/title>\n<meta name=\"description\" content=\"Hem\u00fb berhem\u00ean w\u00ee - Qedr\u00ee Can Qedr\u00ee Can di w\u00eajeya Kurmanc\u00ee de \u201cn\u00fbpar\u00eazeki\u201d mezin e, ji tema, te\u015fe \u00fb h\u00eamaya helbesta w\u00ee ya \u201cR\u00eaya Taze\u201d em ba\u015f fahm dikin k...\" \/>\n<meta name=\"robots\" content=\"index, follow, max-snippet:-1, max-image-preview:large, max-video-preview:-1\" \/>\n<link rel=\"canonical\" href=\"https:\/\/shanabooks.de\/product\/hemu-berhemen-wi-qedri-can\/\" \/>\n<meta property=\"og:locale\" content=\"de_DE\" \/>\n<meta property=\"og:type\" content=\"article\" \/>\n<meta property=\"og:title\" content=\"Hem\u00fb berhem\u00ean w\u00ee - Qedr\u00ee Can - www.shanabooks.de\" \/>\n<meta property=\"og:description\" content=\"Hem\u00fb berhem\u00ean w\u00ee - Qedr\u00ee Can Qedr\u00ee Can di w\u00eajeya Kurmanc\u00ee de \u201cn\u00fbpar\u00eazeki\u201d mezin e, ji tema, te\u015fe \u00fb h\u00eamaya helbesta w\u00ee ya \u201cR\u00eaya Taze\u201d em ba\u015f fahm dikin k...\" \/>\n<meta property=\"og:url\" content=\"https:\/\/shanabooks.de\/product\/hemu-berhemen-wi-qedri-can\/\" \/>\n<meta property=\"og:site_name\" content=\"www.shanabooks.de\" \/>\n<meta property=\"article:modified_time\" content=\"2026-01-02T19:47:20+00:00\" \/>\n<meta property=\"og:image\" content=\"https:\/\/shanabooks.de\/wp-content\/uploads\/2024\/03\/Qedri-Can-hemu-berhemen-wi-1.png\" \/>\n\t<meta property=\"og:image:width\" content=\"336\" \/>\n\t<meta property=\"og:image:height\" content=\"480\" \/>\n\t<meta property=\"og:image:type\" content=\"image\/png\" \/>\n<meta name=\"twitter:card\" content=\"summary_large_image\" \/>\n<meta name=\"twitter:label1\" content=\"Gesch\u00e4tzte Lesezeit\" \/>\n\t<meta name=\"twitter:data1\" content=\"3\u00a0Minuten\" \/>\n<script type=\"application\/ld+json\" class=\"yoast-schema-graph\">{\"@context\":\"https:\\\/\\\/schema.org\",\"@graph\":[{\"@type\":\"WebPage\",\"@id\":\"https:\\\/\\\/shanabooks.de\\\/product\\\/hemu-berhemen-wi-qedri-can\\\/\",\"url\":\"https:\\\/\\\/shanabooks.de\\\/product\\\/hemu-berhemen-wi-qedri-can\\\/\",\"name\":\"Hem\u00fb berhem\u00ean w\u00ee - Qedr\u00ee Can - www.shanabooks.de\",\"isPartOf\":{\"@id\":\"https:\\\/\\\/shanabooks.de\\\/#website\"},\"primaryImageOfPage\":{\"@id\":\"https:\\\/\\\/shanabooks.de\\\/product\\\/hemu-berhemen-wi-qedri-can\\\/#primaryimage\"},\"image\":{\"@id\":\"https:\\\/\\\/shanabooks.de\\\/product\\\/hemu-berhemen-wi-qedri-can\\\/#primaryimage\"},\"thumbnailUrl\":\"https:\\\/\\\/shanabooks.de\\\/wp-content\\\/uploads\\\/2024\\\/03\\\/Qedri-Can-hemu-berhemen-wi-1.png\",\"datePublished\":\"2024-03-03T19:41:41+00:00\",\"dateModified\":\"2026-01-02T19:47:20+00:00\",\"description\":\"Hem\u00fb berhem\u00ean w\u00ee - Qedr\u00ee Can Qedr\u00ee Can di w\u00eajeya Kurmanc\u00ee de \u201cn\u00fbpar\u00eazeki\u201d mezin e, ji tema, te\u015fe \u00fb h\u00eamaya helbesta w\u00ee ya \u201cR\u00eaya Taze\u201d em ba\u015f fahm dikin k...\",\"breadcrumb\":{\"@id\":\"https:\\\/\\\/shanabooks.de\\\/product\\\/hemu-berhemen-wi-qedri-can\\\/#breadcrumb\"},\"inLanguage\":\"de\",\"potentialAction\":[{\"@type\":\"ReadAction\",\"target\":[\"https:\\\/\\\/shanabooks.de\\\/product\\\/hemu-berhemen-wi-qedri-can\\\/\"]}]},{\"@type\":\"ImageObject\",\"inLanguage\":\"de\",\"@id\":\"https:\\\/\\\/shanabooks.de\\\/product\\\/hemu-berhemen-wi-qedri-can\\\/#primaryimage\",\"url\":\"https:\\\/\\\/shanabooks.de\\\/wp-content\\\/uploads\\\/2024\\\/03\\\/Qedri-Can-hemu-berhemen-wi-1.png\",\"contentUrl\":\"https:\\\/\\\/shanabooks.de\\\/wp-content\\\/uploads\\\/2024\\\/03\\\/Qedri-Can-hemu-berhemen-wi-1.png\",\"width\":336,\"height\":480,\"caption\":\"Hem\u00fb berhem\u00ean w\u00ee - Qedr\u00ee Can - pirt\u00fbk\u00ean kurd\u00ee - helbest\"},{\"@type\":\"BreadcrumbList\",\"@id\":\"https:\\\/\\\/shanabooks.de\\\/product\\\/hemu-berhemen-wi-qedri-can\\\/#breadcrumb\",\"itemListElement\":[{\"@type\":\"ListItem\",\"position\":1,\"name\":\"\u0627\u0644\u0631\u0626\u064a\u0633\u064a\u0629\",\"item\":\"https:\\\/\\\/shanabooks.de\\\/de\\\/\"},{\"@type\":\"ListItem\",\"position\":2,\"name\":\"\u0627\u0644\u0645\u0646\u062a\u062c\u0627\u062a\",\"item\":\"https:\\\/\\\/shanabooks.de\\\/shop\\\/\"},{\"@type\":\"ListItem\",\"position\":3,\"name\":\"Qedr\u00ee Can &#8211; Hem\u00fb berhem\u00ean w\u00ee\"}]},{\"@type\":\"WebSite\",\"@id\":\"https:\\\/\\\/shanabooks.de\\\/#website\",\"url\":\"https:\\\/\\\/shanabooks.de\\\/\",\"name\":\"www.shanbooks.de\",\"description\":\"C\u00eehana Pirt\u00fbk\u00ean Kurd\u00ee \u0645\u0643\u062a\u0628\u0629 \u0634\u0627\u0646\u0627 \u0641\u064a \u0627\u0644\u0645\u0627\u0646\u064a\u0627 \u0648\u0623\u0648\u0631\u0628\u0627\",\"publisher\":{\"@id\":\"https:\\\/\\\/shanabooks.de\\\/#organization\"},\"potentialAction\":[{\"@type\":\"SearchAction\",\"target\":{\"@type\":\"EntryPoint\",\"urlTemplate\":\"https:\\\/\\\/shanabooks.de\\\/?s={search_term_string}\"},\"query-input\":{\"@type\":\"PropertyValueSpecification\",\"valueRequired\":true,\"valueName\":\"search_term_string\"}}],\"inLanguage\":\"de\"},{\"@type\":\"Organization\",\"@id\":\"https:\\\/\\\/shanabooks.de\\\/#organization\",\"name\":\"www.shanbooks.de\",\"url\":\"https:\\\/\\\/shanabooks.de\\\/\",\"logo\":{\"@type\":\"ImageObject\",\"inLanguage\":\"de\",\"@id\":\"https:\\\/\\\/shanabooks.de\\\/#\\\/schema\\\/logo\\\/image\\\/\",\"url\":\"https:\\\/\\\/shanabooks.de\\\/wp-content\\\/uploads\\\/2024\\\/03\\\/SHANABOOKS__2_-removebg-preview.png\",\"contentUrl\":\"https:\\\/\\\/shanabooks.de\\\/wp-content\\\/uploads\\\/2024\\\/03\\\/SHANABOOKS__2_-removebg-preview.png\",\"width\":700,\"height\":150,\"caption\":\"www.shanbooks.de\"},\"image\":{\"@id\":\"https:\\\/\\\/shanabooks.de\\\/#\\\/schema\\\/logo\\\/image\\\/\"}}]}<\/script>\n<!-- \/ Yoast SEO plugin. -->","yoast_head_json":{"title":"Hem\u00fb berhem\u00ean w\u00ee - Qedr\u00ee Can - www.shanabooks.de","description":"Hem\u00fb berhem\u00ean w\u00ee - Qedr\u00ee Can Qedr\u00ee Can di w\u00eajeya Kurmanc\u00ee de \u201cn\u00fbpar\u00eazeki\u201d mezin e, ji tema, te\u015fe \u00fb h\u00eamaya helbesta w\u00ee ya \u201cR\u00eaya Taze\u201d em ba\u015f fahm dikin k...","robots":{"index":"index","follow":"follow","max-snippet":"max-snippet:-1","max-image-preview":"max-image-preview:large","max-video-preview":"max-video-preview:-1"},"canonical":"https:\/\/shanabooks.de\/product\/hemu-berhemen-wi-qedri-can\/","og_locale":"de_DE","og_type":"article","og_title":"Hem\u00fb berhem\u00ean w\u00ee - Qedr\u00ee Can - www.shanabooks.de","og_description":"Hem\u00fb berhem\u00ean w\u00ee - Qedr\u00ee Can Qedr\u00ee Can di w\u00eajeya Kurmanc\u00ee de \u201cn\u00fbpar\u00eazeki\u201d mezin e, ji tema, te\u015fe \u00fb h\u00eamaya helbesta w\u00ee ya \u201cR\u00eaya Taze\u201d em ba\u015f fahm dikin k...","og_url":"https:\/\/shanabooks.de\/product\/hemu-berhemen-wi-qedri-can\/","og_site_name":"www.shanabooks.de","article_modified_time":"2026-01-02T19:47:20+00:00","og_image":[{"width":336,"height":480,"url":"https:\/\/shanabooks.de\/wp-content\/uploads\/2024\/03\/Qedri-Can-hemu-berhemen-wi-1.png","type":"image\/png"}],"twitter_card":"summary_large_image","twitter_misc":{"Gesch\u00e4tzte Lesezeit":"3\u00a0Minuten"},"schema":{"@context":"https:\/\/schema.org","@graph":[{"@type":"WebPage","@id":"https:\/\/shanabooks.de\/product\/hemu-berhemen-wi-qedri-can\/","url":"https:\/\/shanabooks.de\/product\/hemu-berhemen-wi-qedri-can\/","name":"Hem\u00fb berhem\u00ean w\u00ee - Qedr\u00ee Can - www.shanabooks.de","isPartOf":{"@id":"https:\/\/shanabooks.de\/#website"},"primaryImageOfPage":{"@id":"https:\/\/shanabooks.de\/product\/hemu-berhemen-wi-qedri-can\/#primaryimage"},"image":{"@id":"https:\/\/shanabooks.de\/product\/hemu-berhemen-wi-qedri-can\/#primaryimage"},"thumbnailUrl":"https:\/\/shanabooks.de\/wp-content\/uploads\/2024\/03\/Qedri-Can-hemu-berhemen-wi-1.png","datePublished":"2024-03-03T19:41:41+00:00","dateModified":"2026-01-02T19:47:20+00:00","description":"Hem\u00fb berhem\u00ean w\u00ee - Qedr\u00ee Can Qedr\u00ee Can di w\u00eajeya Kurmanc\u00ee de \u201cn\u00fbpar\u00eazeki\u201d mezin e, ji tema, te\u015fe \u00fb h\u00eamaya helbesta w\u00ee ya \u201cR\u00eaya Taze\u201d em ba\u015f fahm dikin k...","breadcrumb":{"@id":"https:\/\/shanabooks.de\/product\/hemu-berhemen-wi-qedri-can\/#breadcrumb"},"inLanguage":"de","potentialAction":[{"@type":"ReadAction","target":["https:\/\/shanabooks.de\/product\/hemu-berhemen-wi-qedri-can\/"]}]},{"@type":"ImageObject","inLanguage":"de","@id":"https:\/\/shanabooks.de\/product\/hemu-berhemen-wi-qedri-can\/#primaryimage","url":"https:\/\/shanabooks.de\/wp-content\/uploads\/2024\/03\/Qedri-Can-hemu-berhemen-wi-1.png","contentUrl":"https:\/\/shanabooks.de\/wp-content\/uploads\/2024\/03\/Qedri-Can-hemu-berhemen-wi-1.png","width":336,"height":480,"caption":"Hem\u00fb berhem\u00ean w\u00ee - Qedr\u00ee Can - pirt\u00fbk\u00ean kurd\u00ee - helbest"},{"@type":"BreadcrumbList","@id":"https:\/\/shanabooks.de\/product\/hemu-berhemen-wi-qedri-can\/#breadcrumb","itemListElement":[{"@type":"ListItem","position":1,"name":"\u0627\u0644\u0631\u0626\u064a\u0633\u064a\u0629","item":"https:\/\/shanabooks.de\/de\/"},{"@type":"ListItem","position":2,"name":"\u0627\u0644\u0645\u0646\u062a\u062c\u0627\u062a","item":"https:\/\/shanabooks.de\/shop\/"},{"@type":"ListItem","position":3,"name":"Qedr\u00ee Can &#8211; Hem\u00fb berhem\u00ean w\u00ee"}]},{"@type":"WebSite","@id":"https:\/\/shanabooks.de\/#website","url":"https:\/\/shanabooks.de\/","name":"www.shanbooks.de","description":"C\u00eehana Pirt\u00fbk\u00ean Kurd\u00ee \u0645\u0643\u062a\u0628\u0629 \u0634\u0627\u0646\u0627 \u0641\u064a \u0627\u0644\u0645\u0627\u0646\u064a\u0627 \u0648\u0623\u0648\u0631\u0628\u0627","publisher":{"@id":"https:\/\/shanabooks.de\/#organization"},"potentialAction":[{"@type":"SearchAction","target":{"@type":"EntryPoint","urlTemplate":"https:\/\/shanabooks.de\/?s={search_term_string}"},"query-input":{"@type":"PropertyValueSpecification","valueRequired":true,"valueName":"search_term_string"}}],"inLanguage":"de"},{"@type":"Organization","@id":"https:\/\/shanabooks.de\/#organization","name":"www.shanbooks.de","url":"https:\/\/shanabooks.de\/","logo":{"@type":"ImageObject","inLanguage":"de","@id":"https:\/\/shanabooks.de\/#\/schema\/logo\/image\/","url":"https:\/\/shanabooks.de\/wp-content\/uploads\/2024\/03\/SHANABOOKS__2_-removebg-preview.png","contentUrl":"https:\/\/shanabooks.de\/wp-content\/uploads\/2024\/03\/SHANABOOKS__2_-removebg-preview.png","width":700,"height":150,"caption":"www.shanbooks.de"},"image":{"@id":"https:\/\/shanabooks.de\/#\/schema\/logo\/image\/"}}]}},"jetpack_sharing_enabled":true,"_links":{"self":[{"href":"https:\/\/shanabooks.de\/de\/wp-json\/wp\/v2\/product\/12196","targetHints":{"allow":["GET"]}}],"collection":[{"href":"https:\/\/shanabooks.de\/de\/wp-json\/wp\/v2\/product"}],"about":[{"href":"https:\/\/shanabooks.de\/de\/wp-json\/wp\/v2\/types\/product"}],"version-history":[{"count":3,"href":"https:\/\/shanabooks.de\/de\/wp-json\/wp\/v2\/product\/12196\/revisions"}],"predecessor-version":[{"id":22472,"href":"https:\/\/shanabooks.de\/de\/wp-json\/wp\/v2\/product\/12196\/revisions\/22472"}],"wp:featuredmedia":[{"embeddable":true,"href":"https:\/\/shanabooks.de\/de\/wp-json\/wp\/v2\/media\/12264"}],"wp:attachment":[{"href":"https:\/\/shanabooks.de\/de\/wp-json\/wp\/v2\/media?parent=12196"}],"wp:term":[{"taxonomy":"product_brand","embeddable":true,"href":"https:\/\/shanabooks.de\/de\/wp-json\/wp\/v2\/product_brand?post=12196"},{"taxonomy":"product_cat","embeddable":true,"href":"https:\/\/shanabooks.de\/de\/wp-json\/wp\/v2\/product_cat?post=12196"},{"taxonomy":"product_tag","embeddable":true,"href":"https:\/\/shanabooks.de\/de\/wp-json\/wp\/v2\/product_tag?post=12196"}],"curies":[{"name":"wp","href":"https:\/\/api.w.org\/{rel}","templated":true}]}}