{"id":12236,"date":"2024-03-03T19:42:04","date_gmt":"2024-03-03T19:42:04","guid":{"rendered":"https:\/\/shanabooks.de\/?post_type=product&#038;p=12236"},"modified":"2024-03-21T20:55:08","modified_gmt":"2024-03-21T20:55:08","slug":"asiti-cegerxwin","status":"publish","type":"product","link":"https:\/\/shanabooks.de\/de\/product\/asiti-cegerxwin\/","title":{"rendered":"A\u015fit\u00ee"},"content":{"rendered":"<p dir=\"ltr\"><strong>A\u015fit\u00ee &#8211; Cegerxw\u00een<br \/>\n<\/strong><\/p>\n<p dir=\"ltr\">&#8220; Eger ez ji layiq bim, eger ez ji heja bim di dile xort u ke\u00e7a da, jin \u00fc mera da bimenim, ez tim jindar im, ez tim sax im. Ez bimrim ji ew hesti u go\u015ft u \u00e7erm hemu herin, qimete wan tune ye, bira herin, le eze di dile millete xwe da bimenim.&#8220;<br \/>\nCegerxw\u00een<\/p>\n<p dir=\"ltr\">&#8220; Gel\u00ea kurda h\u00ee\u00e7 cara baweriya xwe y\u00ean bona roj\u00ean aza winda nekiriye.<br \/>\n\u00db \u00e7awa ku pey zivistan\u00ea ra bihar t\u00ea \u00fb \u00e7awa helbestvan\u00ea mezin Cegerxw\u00een dib\u00eaje, pey \u015fev\u00ea tim\u00ea dib\u00ea ronah\u00ee, \u00e7iqas\u00ee j\u00ee \u015fevere\u015f be, d\u00eesa sibe saf\u00ee dibe, \u00fbsa j\u00ee gel\u00ea kurda w\u00ea ji bindestiy\u00ea aza be, \u00e7awa dib\u00eajin, dijmin w\u00ea nava xw\u00eena xwe da b\u00ea xeniqandin, \u00e7awa ku mesela kurda dib\u00eaje, w\u00ea bext\u00ea b\u00eabexta l\u00ea welgere. \u00db v\u00ea yek\u00ea da w\u00ea rola Cegerxw\u00een j\u00ee hebe \u00fb helbest\u00ean w\u00ee w\u00ea gotin\u00ean xwe b\u00eajin, ji ber ew helbest w\u00ea bibin \u00e7avkaniya baweriya Kurdistaneke aza.&#8220;<br \/>\nT\u00eam\u00fbr\u00ea Xel\u00eel M\u00fbradov<\/p>\n<p dir=\"ltr\">D\u00eewana A\u015fit\u00ee ya Cegerxw\u00een ji we\u015fan\u00ean Avesta ye.<\/p>\n","protected":false},"excerpt":{"rendered":"<p dir=\"ltr\" style=\"text-align: center\"><strong>Pirt\u00fbk: A\u015fit\u00ee<br \/>\nNiv\u00eeskar: Cegerxw\u00een<\/strong><br \/>\n<strong>Cure: Helbest<\/strong><\/p>\n","protected":false},"featured_media":12295,"template":"","meta":{"site-sidebar-layout":"default","site-content-layout":"","ast-site-content-layout":"default","site-content-style":"default","site-sidebar-style":"default","ast-global-header-display":"","ast-banner-title-visibility":"","ast-main-header-display":"","ast-hfb-above-header-display":"","ast-hfb-below-header-display":"","ast-hfb-mobile-header-display":"","site-post-title":"","ast-breadcrumbs-content":"","ast-featured-img":"","footer-sml-layout":"","ast-disable-related-posts":"","theme-transparent-header-meta":"default","adv-header-id-meta":"","stick-header-meta":"","header-above-stick-meta":"","header-main-stick-meta":"","header-below-stick-meta":"","astra-migrate-meta-layouts":"set","ast-page-background-enabled":"default","ast-page-background-meta":{"desktop":{"background-color":"","background-image":"","background-repeat":"repeat","background-position":"center center","background-size":"auto","background-attachment":"scroll","background-type":"","background-media":"","overlay-type":"","overlay-color":"","overlay-opacity":"","overlay-gradient":""},"tablet":{"background-color":"","background-image":"","background-repeat":"repeat","background-position":"center center","background-size":"auto","background-attachment":"scroll","background-type":"","background-media":"","overlay-type":"","overlay-color":"","overlay-opacity":"","overlay-gradient":""},"mobile":{"background-color":"","background-image":"","background-repeat":"repeat","background-position":"center center","background-size":"auto","background-attachment":"scroll","background-type":"","background-media":"","overlay-type":"","overlay-color":"","overlay-opacity":"","overlay-gradient":""}},"ast-content-background-meta":{"desktop":{"background-color":"var(--ast-global-color-5)","background-image":"","background-repeat":"repeat","background-position":"center center","background-size":"auto","background-attachment":"scroll","background-type":"","background-media":"","overlay-type":"","overlay-color":"","overlay-opacity":"","overlay-gradient":""},"tablet":{"background-color":"var(--ast-global-color-5)","background-image":"","background-repeat":"repeat","background-position":"center center","background-size":"auto","background-attachment":"scroll","background-type":"","background-media":"","overlay-type":"","overlay-color":"","overlay-opacity":"","overlay-gradient":""},"mobile":{"background-color":"var(--ast-global-color-5)","background-image":"","background-repeat":"repeat","background-position":"center center","background-size":"auto","background-attachment":"scroll","background-type":"","background-media":"","overlay-type":"","overlay-color":"","overlay-opacity":"","overlay-gradient":""}}},"product_brand":[],"product_cat":[184,193],"product_tag":[],"class_list":{"0":"post-12236","1":"product","2":"type-product","3":"status-publish","4":"has-post-thumbnail","6":"product_cat-_","7":"product_cat--_","8":"pa_-helbest","9":"pa_-cegerxwin","10":"pa_-kurmanci","11":"pa_--avesta-yayinlari","12":"desktop-align-left","13":"tablet-align-left","14":"mobile-align-left","16":"first","17":"outofstock","18":"shipping-taxable","19":"purchasable","20":"product-type-simple"},"yoast_head":"<!-- This site is optimized with the Yoast SEO plugin v27.4 - https:\/\/yoast.com\/product\/yoast-seo-wordpress\/ -->\n<title>A\u015fit\u00ee - Cegerxw\u00een - www.shanabooks.de<\/title>\n<meta name=\"description\" content=\"A\u015fit\u00ee - Cegerxw\u00een&quot; Eger ez ji layiq bim, eger ez ji heja bim di dile xort u ke\u00e7a da, jin \u00fc mera da bimenim, ez tim jindar im, ez tim sax im. Ez bimrim ji...\" \/>\n<meta name=\"robots\" content=\"index, follow, max-snippet:-1, max-image-preview:large, max-video-preview:-1\" \/>\n<link rel=\"canonical\" href=\"https:\/\/shanabooks.de\/product\/asiti-cegerxwin\/\" \/>\n<meta property=\"og:locale\" content=\"de_DE\" \/>\n<meta property=\"og:type\" content=\"article\" \/>\n<meta property=\"og:title\" content=\"A\u015fit\u00ee - Cegerxw\u00een - www.shanabooks.de\" \/>\n<meta property=\"og:description\" content=\"A\u015fit\u00ee - Cegerxw\u00een&quot; Eger ez ji layiq bim, eger ez ji heja bim di dile xort u ke\u00e7a da, jin \u00fc mera da bimenim, ez tim jindar im, ez tim sax im. Ez bimrim ji...\" \/>\n<meta property=\"og:url\" content=\"https:\/\/shanabooks.de\/product\/asiti-cegerxwin\/\" \/>\n<meta property=\"og:site_name\" content=\"www.shanabooks.de\" \/>\n<meta property=\"article:modified_time\" content=\"2024-03-21T20:55:08+00:00\" \/>\n<meta property=\"og:image\" content=\"https:\/\/shanabooks.de\/wp-content\/uploads\/2024\/03\/Asiti.jpg\" \/>\n\t<meta property=\"og:image:width\" content=\"594\" \/>\n\t<meta property=\"og:image:height\" content=\"900\" \/>\n\t<meta property=\"og:image:type\" content=\"image\/jpeg\" \/>\n<meta name=\"twitter:card\" content=\"summary_large_image\" \/>\n<meta name=\"twitter:label1\" content=\"Gesch\u00e4tzte Lesezeit\" \/>\n\t<meta name=\"twitter:data1\" content=\"2\u00a0Minuten\" \/>\n<script type=\"application\/ld+json\" class=\"yoast-schema-graph\">{\"@context\":\"https:\\\/\\\/schema.org\",\"@graph\":[{\"@type\":\"WebPage\",\"@id\":\"https:\\\/\\\/shanabooks.de\\\/product\\\/asiti-cegerxwin\\\/\",\"url\":\"https:\\\/\\\/shanabooks.de\\\/product\\\/asiti-cegerxwin\\\/\",\"name\":\"A\u015fit\u00ee - Cegerxw\u00een - www.shanabooks.de\",\"isPartOf\":{\"@id\":\"https:\\\/\\\/shanabooks.de\\\/#website\"},\"primaryImageOfPage\":{\"@id\":\"https:\\\/\\\/shanabooks.de\\\/product\\\/asiti-cegerxwin\\\/#primaryimage\"},\"image\":{\"@id\":\"https:\\\/\\\/shanabooks.de\\\/product\\\/asiti-cegerxwin\\\/#primaryimage\"},\"thumbnailUrl\":\"https:\\\/\\\/shanabooks.de\\\/wp-content\\\/uploads\\\/2024\\\/03\\\/Asiti.jpg\",\"datePublished\":\"2024-03-03T19:42:04+00:00\",\"dateModified\":\"2024-03-21T20:55:08+00:00\",\"description\":\"A\u015fit\u00ee - Cegerxw\u00een\\\" Eger ez ji layiq bim, eger ez ji heja bim di dile xort u ke\u00e7a da, jin \u00fc mera da bimenim, ez tim jindar im, ez tim sax im. Ez bimrim ji...\",\"breadcrumb\":{\"@id\":\"https:\\\/\\\/shanabooks.de\\\/product\\\/asiti-cegerxwin\\\/#breadcrumb\"},\"inLanguage\":\"de\",\"potentialAction\":[{\"@type\":\"ReadAction\",\"target\":[\"https:\\\/\\\/shanabooks.de\\\/product\\\/asiti-cegerxwin\\\/\"]}]},{\"@type\":\"ImageObject\",\"inLanguage\":\"de\",\"@id\":\"https:\\\/\\\/shanabooks.de\\\/product\\\/asiti-cegerxwin\\\/#primaryimage\",\"url\":\"https:\\\/\\\/shanabooks.de\\\/wp-content\\\/uploads\\\/2024\\\/03\\\/Asiti.jpg\",\"contentUrl\":\"https:\\\/\\\/shanabooks.de\\\/wp-content\\\/uploads\\\/2024\\\/03\\\/Asiti.jpg\",\"width\":594,\"height\":900,\"caption\":\"A\u015fit\u00ee - Cegerxw\u00een - pirt\u00fbk\u00ean kurd\u00ee - helbest\"},{\"@type\":\"BreadcrumbList\",\"@id\":\"https:\\\/\\\/shanabooks.de\\\/product\\\/asiti-cegerxwin\\\/#breadcrumb\",\"itemListElement\":[{\"@type\":\"ListItem\",\"position\":1,\"name\":\"\u0627\u0644\u0631\u0626\u064a\u0633\u064a\u0629\",\"item\":\"https:\\\/\\\/shanabooks.de\\\/de\\\/\"},{\"@type\":\"ListItem\",\"position\":2,\"name\":\"\u0627\u0644\u0645\u0646\u062a\u062c\u0627\u062a\",\"item\":\"https:\\\/\\\/shanabooks.de\\\/shop\\\/\"},{\"@type\":\"ListItem\",\"position\":3,\"name\":\"A\u015fit\u00ee\"}]},{\"@type\":\"WebSite\",\"@id\":\"https:\\\/\\\/shanabooks.de\\\/#website\",\"url\":\"https:\\\/\\\/shanabooks.de\\\/\",\"name\":\"www.shanbooks.de\",\"description\":\"C\u00eehana Pirt\u00fbk\u00ean Kurd\u00ee \u0645\u0643\u062a\u0628\u0629 \u0634\u0627\u0646\u0627 \u0641\u064a \u0627\u0644\u0645\u0627\u0646\u064a\u0627 \u0648\u0623\u0648\u0631\u0628\u0627\",\"publisher\":{\"@id\":\"https:\\\/\\\/shanabooks.de\\\/#organization\"},\"potentialAction\":[{\"@type\":\"SearchAction\",\"target\":{\"@type\":\"EntryPoint\",\"urlTemplate\":\"https:\\\/\\\/shanabooks.de\\\/?s={search_term_string}\"},\"query-input\":{\"@type\":\"PropertyValueSpecification\",\"valueRequired\":true,\"valueName\":\"search_term_string\"}}],\"inLanguage\":\"de\"},{\"@type\":\"Organization\",\"@id\":\"https:\\\/\\\/shanabooks.de\\\/#organization\",\"name\":\"www.shanbooks.de\",\"url\":\"https:\\\/\\\/shanabooks.de\\\/\",\"logo\":{\"@type\":\"ImageObject\",\"inLanguage\":\"de\",\"@id\":\"https:\\\/\\\/shanabooks.de\\\/#\\\/schema\\\/logo\\\/image\\\/\",\"url\":\"https:\\\/\\\/shanabooks.de\\\/wp-content\\\/uploads\\\/2024\\\/03\\\/SHANABOOKS__2_-removebg-preview.png\",\"contentUrl\":\"https:\\\/\\\/shanabooks.de\\\/wp-content\\\/uploads\\\/2024\\\/03\\\/SHANABOOKS__2_-removebg-preview.png\",\"width\":700,\"height\":150,\"caption\":\"www.shanbooks.de\"},\"image\":{\"@id\":\"https:\\\/\\\/shanabooks.de\\\/#\\\/schema\\\/logo\\\/image\\\/\"}}]}<\/script>\n<!-- \/ Yoast SEO plugin. -->","yoast_head_json":{"title":"A\u015fit\u00ee - Cegerxw\u00een - www.shanabooks.de","description":"A\u015fit\u00ee - Cegerxw\u00een\" Eger ez ji layiq bim, eger ez ji heja bim di dile xort u ke\u00e7a da, jin \u00fc mera da bimenim, ez tim jindar im, ez tim sax im. Ez bimrim ji...","robots":{"index":"index","follow":"follow","max-snippet":"max-snippet:-1","max-image-preview":"max-image-preview:large","max-video-preview":"max-video-preview:-1"},"canonical":"https:\/\/shanabooks.de\/product\/asiti-cegerxwin\/","og_locale":"de_DE","og_type":"article","og_title":"A\u015fit\u00ee - Cegerxw\u00een - www.shanabooks.de","og_description":"A\u015fit\u00ee - Cegerxw\u00een\" Eger ez ji layiq bim, eger ez ji heja bim di dile xort u ke\u00e7a da, jin \u00fc mera da bimenim, ez tim jindar im, ez tim sax im. Ez bimrim ji...","og_url":"https:\/\/shanabooks.de\/product\/asiti-cegerxwin\/","og_site_name":"www.shanabooks.de","article_modified_time":"2024-03-21T20:55:08+00:00","og_image":[{"width":594,"height":900,"url":"https:\/\/shanabooks.de\/wp-content\/uploads\/2024\/03\/Asiti.jpg","type":"image\/jpeg"}],"twitter_card":"summary_large_image","twitter_misc":{"Gesch\u00e4tzte Lesezeit":"2\u00a0Minuten"},"schema":{"@context":"https:\/\/schema.org","@graph":[{"@type":"WebPage","@id":"https:\/\/shanabooks.de\/product\/asiti-cegerxwin\/","url":"https:\/\/shanabooks.de\/product\/asiti-cegerxwin\/","name":"A\u015fit\u00ee - Cegerxw\u00een - www.shanabooks.de","isPartOf":{"@id":"https:\/\/shanabooks.de\/#website"},"primaryImageOfPage":{"@id":"https:\/\/shanabooks.de\/product\/asiti-cegerxwin\/#primaryimage"},"image":{"@id":"https:\/\/shanabooks.de\/product\/asiti-cegerxwin\/#primaryimage"},"thumbnailUrl":"https:\/\/shanabooks.de\/wp-content\/uploads\/2024\/03\/Asiti.jpg","datePublished":"2024-03-03T19:42:04+00:00","dateModified":"2024-03-21T20:55:08+00:00","description":"A\u015fit\u00ee - Cegerxw\u00een\" Eger ez ji layiq bim, eger ez ji heja bim di dile xort u ke\u00e7a da, jin \u00fc mera da bimenim, ez tim jindar im, ez tim sax im. Ez bimrim ji...","breadcrumb":{"@id":"https:\/\/shanabooks.de\/product\/asiti-cegerxwin\/#breadcrumb"},"inLanguage":"de","potentialAction":[{"@type":"ReadAction","target":["https:\/\/shanabooks.de\/product\/asiti-cegerxwin\/"]}]},{"@type":"ImageObject","inLanguage":"de","@id":"https:\/\/shanabooks.de\/product\/asiti-cegerxwin\/#primaryimage","url":"https:\/\/shanabooks.de\/wp-content\/uploads\/2024\/03\/Asiti.jpg","contentUrl":"https:\/\/shanabooks.de\/wp-content\/uploads\/2024\/03\/Asiti.jpg","width":594,"height":900,"caption":"A\u015fit\u00ee - Cegerxw\u00een - pirt\u00fbk\u00ean kurd\u00ee - helbest"},{"@type":"BreadcrumbList","@id":"https:\/\/shanabooks.de\/product\/asiti-cegerxwin\/#breadcrumb","itemListElement":[{"@type":"ListItem","position":1,"name":"\u0627\u0644\u0631\u0626\u064a\u0633\u064a\u0629","item":"https:\/\/shanabooks.de\/de\/"},{"@type":"ListItem","position":2,"name":"\u0627\u0644\u0645\u0646\u062a\u062c\u0627\u062a","item":"https:\/\/shanabooks.de\/shop\/"},{"@type":"ListItem","position":3,"name":"A\u015fit\u00ee"}]},{"@type":"WebSite","@id":"https:\/\/shanabooks.de\/#website","url":"https:\/\/shanabooks.de\/","name":"www.shanbooks.de","description":"C\u00eehana Pirt\u00fbk\u00ean Kurd\u00ee \u0645\u0643\u062a\u0628\u0629 \u0634\u0627\u0646\u0627 \u0641\u064a \u0627\u0644\u0645\u0627\u0646\u064a\u0627 \u0648\u0623\u0648\u0631\u0628\u0627","publisher":{"@id":"https:\/\/shanabooks.de\/#organization"},"potentialAction":[{"@type":"SearchAction","target":{"@type":"EntryPoint","urlTemplate":"https:\/\/shanabooks.de\/?s={search_term_string}"},"query-input":{"@type":"PropertyValueSpecification","valueRequired":true,"valueName":"search_term_string"}}],"inLanguage":"de"},{"@type":"Organization","@id":"https:\/\/shanabooks.de\/#organization","name":"www.shanbooks.de","url":"https:\/\/shanabooks.de\/","logo":{"@type":"ImageObject","inLanguage":"de","@id":"https:\/\/shanabooks.de\/#\/schema\/logo\/image\/","url":"https:\/\/shanabooks.de\/wp-content\/uploads\/2024\/03\/SHANABOOKS__2_-removebg-preview.png","contentUrl":"https:\/\/shanabooks.de\/wp-content\/uploads\/2024\/03\/SHANABOOKS__2_-removebg-preview.png","width":700,"height":150,"caption":"www.shanbooks.de"},"image":{"@id":"https:\/\/shanabooks.de\/#\/schema\/logo\/image\/"}}]}},"jetpack_sharing_enabled":true,"_links":{"self":[{"href":"https:\/\/shanabooks.de\/de\/wp-json\/wp\/v2\/product\/12236","targetHints":{"allow":["GET"]}}],"collection":[{"href":"https:\/\/shanabooks.de\/de\/wp-json\/wp\/v2\/product"}],"about":[{"href":"https:\/\/shanabooks.de\/de\/wp-json\/wp\/v2\/types\/product"}],"version-history":[{"count":3,"href":"https:\/\/shanabooks.de\/de\/wp-json\/wp\/v2\/product\/12236\/revisions"}],"predecessor-version":[{"id":22122,"href":"https:\/\/shanabooks.de\/de\/wp-json\/wp\/v2\/product\/12236\/revisions\/22122"}],"wp:featuredmedia":[{"embeddable":true,"href":"https:\/\/shanabooks.de\/de\/wp-json\/wp\/v2\/media\/12295"}],"wp:attachment":[{"href":"https:\/\/shanabooks.de\/de\/wp-json\/wp\/v2\/media?parent=12236"}],"wp:term":[{"taxonomy":"product_brand","embeddable":true,"href":"https:\/\/shanabooks.de\/de\/wp-json\/wp\/v2\/product_brand?post=12236"},{"taxonomy":"product_cat","embeddable":true,"href":"https:\/\/shanabooks.de\/de\/wp-json\/wp\/v2\/product_cat?post=12236"},{"taxonomy":"product_tag","embeddable":true,"href":"https:\/\/shanabooks.de\/de\/wp-json\/wp\/v2\/product_tag?post=12236"}],"curies":[{"name":"wp","href":"https:\/\/api.w.org\/{rel}","templated":true}]}}