{"id":12237,"date":"2024-03-03T19:42:04","date_gmt":"2024-03-03T19:42:04","guid":{"rendered":"https:\/\/shanabooks.de\/?post_type=product&#038;p=12237"},"modified":"2024-11-18T22:50:15","modified_gmt":"2024-11-18T22:50:15","slug":"sefaq-cegerxwin","status":"publish","type":"product","link":"https:\/\/shanabooks.de\/de\/product\/sefaq-cegerxwin\/","title":{"rendered":"\u015eefaq"},"content":{"rendered":"<p dir=\"ltr\"><strong>\u015eefaq &#8211; Cegerxw\u00een<\/strong><\/p>\n<p dir=\"ltr\">\u201cNav\u00ea Cegerxw\u00een, nav\u00ea host\u00ea xebera, xudan\u00ea lewz\u00ea \u015f\u00eerin, li her \u00e7ar teref\u00ea Kurdistan\u00ea, ji rohilat\u00ea girt\u00ee hetan\u00ee roava\u00ea, ji \u015f\u00eemal\u00ea hetan\u00ee cen\u00fbb\u00ea nava xwendevan\u00ea kurda da xwe\u015f eyan e. \u015ei\u00ear\u00ead w\u00ee b\u00fbne stran \u00fb nava cimet\u00ea digerin. Xort \u00fb q\u00eez\u00ea kurda y\u00ea n\u00fb bi\u015fkiv\u00ee niv\u00eesar\u00ea \u015fay\u00eer bi devk\u00ee h\u00een dikin, b\u00eer \u00fb baweriya xwe, miletperweriya xwe bi wan \u015fi\u00eara tam dikin \u00fb bi xwe j\u00ee dibin ceger bi xw\u00een. Tune civ\u00eenek yan j\u00ee \u00eavarek, li ku \u015fi\u00ear\u00ead hilbestvan\u00ea kurda y\u00ee nav \u00fb deng ne\u00eane xwendin\u00ea.<\/p>\n<p dir=\"ltr\">\u201cSerp\u00eahatiya Cegerxw\u00een, ew serp\u00eahatiya milet\u00ea me ye: Kes\u00eeb\u00ee, zulm \u00fb zor\u00ee, hebs \u00fb l\u00eadan, werguh\u00eaz\u00ee \u00fb mihacir\u00ee. L\u00ea tev\u00ee van gi\u015fka -serbilind\u00ee \u00fb kubar\u00ee, m\u00earxas\u00ee \u00fb eg\u00eet\u00ee, h\u00eeviya b\u00ea\u015fik bi \u015ferkar\u00ee bigih\u00eeje armanca xwe. B\u00eer \u00fb baweriya niv\u00eesar\u00ead Cegerxw\u00een ew b\u00eer \u00fb baweriya milet\u00ea me ye. Ay lama j\u00ee ewana ewqas ji aliy\u00ea cimet\u00ea hizkir\u00ee ne \u00fb milet wana dipar\u00eaze.\u201d<br \/>\nCasim\u00ea Cel\u00eel<\/p>\n<p dir=\"ltr\">D\u00eewan \u015eefaq ya Cegerxw\u00een ji we\u015fan\u00ean Avesta ye.<\/p>\n<p dir=\"ltr\">\n","protected":false},"excerpt":{"rendered":"<p dir=\"ltr\" style=\"text-align: center\"><strong>Pirt\u00fbk: \u015eefaq<br \/>\nNiv\u00eeskar: Cegerxw\u00een<\/strong><br \/>\n<strong>Cure: Helbest<\/strong><\/p>\n","protected":false},"featured_media":12297,"template":"","meta":{"site-sidebar-layout":"default","site-content-layout":"","ast-site-content-layout":"default","site-content-style":"default","site-sidebar-style":"default","ast-global-header-display":"","ast-banner-title-visibility":"","ast-main-header-display":"","ast-hfb-above-header-display":"","ast-hfb-below-header-display":"","ast-hfb-mobile-header-display":"","site-post-title":"","ast-breadcrumbs-content":"","ast-featured-img":"","footer-sml-layout":"","ast-disable-related-posts":"","theme-transparent-header-meta":"default","adv-header-id-meta":"","stick-header-meta":"","header-above-stick-meta":"","header-main-stick-meta":"","header-below-stick-meta":"","astra-migrate-meta-layouts":"set","ast-page-background-enabled":"default","ast-page-background-meta":{"desktop":{"background-color":"","background-image":"","background-repeat":"repeat","background-position":"center center","background-size":"auto","background-attachment":"scroll","background-type":"","background-media":"","overlay-type":"","overlay-color":"","overlay-opacity":"","overlay-gradient":""},"tablet":{"background-color":"","background-image":"","background-repeat":"repeat","background-position":"center center","background-size":"auto","background-attachment":"scroll","background-type":"","background-media":"","overlay-type":"","overlay-color":"","overlay-opacity":"","overlay-gradient":""},"mobile":{"background-color":"","background-image":"","background-repeat":"repeat","background-position":"center center","background-size":"auto","background-attachment":"scroll","background-type":"","background-media":"","overlay-type":"","overlay-color":"","overlay-opacity":"","overlay-gradient":""}},"ast-content-background-meta":{"desktop":{"background-color":"var(--ast-global-color-5)","background-image":"","background-repeat":"repeat","background-position":"center center","background-size":"auto","background-attachment":"scroll","background-type":"","background-media":"","overlay-type":"","overlay-color":"","overlay-opacity":"","overlay-gradient":""},"tablet":{"background-color":"var(--ast-global-color-5)","background-image":"","background-repeat":"repeat","background-position":"center center","background-size":"auto","background-attachment":"scroll","background-type":"","background-media":"","overlay-type":"","overlay-color":"","overlay-opacity":"","overlay-gradient":""},"mobile":{"background-color":"var(--ast-global-color-5)","background-image":"","background-repeat":"repeat","background-position":"center center","background-size":"auto","background-attachment":"scroll","background-type":"","background-media":"","overlay-type":"","overlay-color":"","overlay-opacity":"","overlay-gradient":""}}},"product_brand":[],"product_cat":[184,193],"product_tag":[],"class_list":{"0":"post-12237","1":"product","2":"type-product","3":"status-publish","4":"has-post-thumbnail","6":"product_cat-_","7":"product_cat--_","8":"pa_-helbest","9":"pa_-cegerxwin","10":"pa_-kurmanci","11":"pa_--avesta-yayinlari","12":"desktop-align-left","13":"tablet-align-left","14":"mobile-align-left","16":"first","17":"outofstock","18":"shipping-taxable","19":"purchasable","20":"product-type-simple"},"yoast_head":"<!-- This site is optimized with the Yoast SEO plugin v27.4 - https:\/\/yoast.com\/product\/yoast-seo-wordpress\/ -->\n<title>\u015eefaq - Cegerxw\u00een - www.shanabooks.de<\/title>\n<meta name=\"description\" content=\"\u015eefaq - Cegerxw\u00een \u201cNav\u00ea Cegerxw\u00een, nav\u00ea host\u00ea xebera, xudan\u00ea lewz\u00ea \u015f\u00eerin, li her \u00e7ar teref\u00ea Kurdistan\u00ea, ji rohilat\u00ea girt\u00ee hetan\u00ee roava\u00ea, ji \u015f\u00eemal\u00ea hetan\u00ee...\" \/>\n<meta name=\"robots\" content=\"index, follow, max-snippet:-1, max-image-preview:large, max-video-preview:-1\" \/>\n<link rel=\"canonical\" href=\"https:\/\/shanabooks.de\/product\/sefaq-cegerxwin\/\" \/>\n<meta property=\"og:locale\" content=\"de_DE\" \/>\n<meta property=\"og:type\" content=\"article\" \/>\n<meta property=\"og:title\" content=\"\u015eefaq - Cegerxw\u00een - www.shanabooks.de\" \/>\n<meta property=\"og:description\" content=\"\u015eefaq - Cegerxw\u00een \u201cNav\u00ea Cegerxw\u00een, nav\u00ea host\u00ea xebera, xudan\u00ea lewz\u00ea \u015f\u00eerin, li her \u00e7ar teref\u00ea Kurdistan\u00ea, ji rohilat\u00ea girt\u00ee hetan\u00ee roava\u00ea, ji \u015f\u00eemal\u00ea hetan\u00ee...\" \/>\n<meta property=\"og:url\" content=\"https:\/\/shanabooks.de\/product\/sefaq-cegerxwin\/\" \/>\n<meta property=\"og:site_name\" content=\"www.shanabooks.de\" \/>\n<meta property=\"article:modified_time\" content=\"2024-11-18T22:50:15+00:00\" \/>\n<meta property=\"og:image\" content=\"https:\/\/shanabooks.de\/wp-content\/uploads\/2024\/03\/Sefeq.jpg\" \/>\n\t<meta property=\"og:image:width\" content=\"500\" \/>\n\t<meta property=\"og:image:height\" content=\"752\" \/>\n\t<meta property=\"og:image:type\" content=\"image\/jpeg\" \/>\n<meta name=\"twitter:card\" content=\"summary_large_image\" \/>\n<meta name=\"twitter:label1\" content=\"Gesch\u00e4tzte Lesezeit\" \/>\n\t<meta name=\"twitter:data1\" content=\"2\u00a0Minuten\" \/>\n<script type=\"application\/ld+json\" class=\"yoast-schema-graph\">{\"@context\":\"https:\\\/\\\/schema.org\",\"@graph\":[{\"@type\":\"WebPage\",\"@id\":\"https:\\\/\\\/shanabooks.de\\\/product\\\/sefaq-cegerxwin\\\/\",\"url\":\"https:\\\/\\\/shanabooks.de\\\/product\\\/sefaq-cegerxwin\\\/\",\"name\":\"\u015eefaq - Cegerxw\u00een - www.shanabooks.de\",\"isPartOf\":{\"@id\":\"https:\\\/\\\/shanabooks.de\\\/#website\"},\"primaryImageOfPage\":{\"@id\":\"https:\\\/\\\/shanabooks.de\\\/product\\\/sefaq-cegerxwin\\\/#primaryimage\"},\"image\":{\"@id\":\"https:\\\/\\\/shanabooks.de\\\/product\\\/sefaq-cegerxwin\\\/#primaryimage\"},\"thumbnailUrl\":\"https:\\\/\\\/shanabooks.de\\\/wp-content\\\/uploads\\\/2024\\\/03\\\/Sefeq.jpg\",\"datePublished\":\"2024-03-03T19:42:04+00:00\",\"dateModified\":\"2024-11-18T22:50:15+00:00\",\"description\":\"\u015eefaq - Cegerxw\u00een \u201cNav\u00ea Cegerxw\u00een, nav\u00ea host\u00ea xebera, xudan\u00ea lewz\u00ea \u015f\u00eerin, li her \u00e7ar teref\u00ea Kurdistan\u00ea, ji rohilat\u00ea girt\u00ee hetan\u00ee roava\u00ea, ji \u015f\u00eemal\u00ea hetan\u00ee...\",\"breadcrumb\":{\"@id\":\"https:\\\/\\\/shanabooks.de\\\/product\\\/sefaq-cegerxwin\\\/#breadcrumb\"},\"inLanguage\":\"de\",\"potentialAction\":[{\"@type\":\"ReadAction\",\"target\":[\"https:\\\/\\\/shanabooks.de\\\/product\\\/sefaq-cegerxwin\\\/\"]}]},{\"@type\":\"ImageObject\",\"inLanguage\":\"de\",\"@id\":\"https:\\\/\\\/shanabooks.de\\\/product\\\/sefaq-cegerxwin\\\/#primaryimage\",\"url\":\"https:\\\/\\\/shanabooks.de\\\/wp-content\\\/uploads\\\/2024\\\/03\\\/Sefeq.jpg\",\"contentUrl\":\"https:\\\/\\\/shanabooks.de\\\/wp-content\\\/uploads\\\/2024\\\/03\\\/Sefeq.jpg\",\"width\":500,\"height\":752,\"caption\":\"\u015eefaq - Cegerxw\u00een - pirt\u00fbk\u00ean kurd\u00ee - helbest\"},{\"@type\":\"BreadcrumbList\",\"@id\":\"https:\\\/\\\/shanabooks.de\\\/product\\\/sefaq-cegerxwin\\\/#breadcrumb\",\"itemListElement\":[{\"@type\":\"ListItem\",\"position\":1,\"name\":\"\u0627\u0644\u0631\u0626\u064a\u0633\u064a\u0629\",\"item\":\"https:\\\/\\\/shanabooks.de\\\/de\\\/\"},{\"@type\":\"ListItem\",\"position\":2,\"name\":\"\u0627\u0644\u0645\u0646\u062a\u062c\u0627\u062a\",\"item\":\"https:\\\/\\\/shanabooks.de\\\/shop\\\/\"},{\"@type\":\"ListItem\",\"position\":3,\"name\":\"\u015eefaq\"}]},{\"@type\":\"WebSite\",\"@id\":\"https:\\\/\\\/shanabooks.de\\\/#website\",\"url\":\"https:\\\/\\\/shanabooks.de\\\/\",\"name\":\"www.shanbooks.de\",\"description\":\"C\u00eehana Pirt\u00fbk\u00ean Kurd\u00ee \u0645\u0643\u062a\u0628\u0629 \u0634\u0627\u0646\u0627 \u0641\u064a \u0627\u0644\u0645\u0627\u0646\u064a\u0627 \u0648\u0623\u0648\u0631\u0628\u0627\",\"publisher\":{\"@id\":\"https:\\\/\\\/shanabooks.de\\\/#organization\"},\"potentialAction\":[{\"@type\":\"SearchAction\",\"target\":{\"@type\":\"EntryPoint\",\"urlTemplate\":\"https:\\\/\\\/shanabooks.de\\\/?s={search_term_string}\"},\"query-input\":{\"@type\":\"PropertyValueSpecification\",\"valueRequired\":true,\"valueName\":\"search_term_string\"}}],\"inLanguage\":\"de\"},{\"@type\":\"Organization\",\"@id\":\"https:\\\/\\\/shanabooks.de\\\/#organization\",\"name\":\"www.shanbooks.de\",\"url\":\"https:\\\/\\\/shanabooks.de\\\/\",\"logo\":{\"@type\":\"ImageObject\",\"inLanguage\":\"de\",\"@id\":\"https:\\\/\\\/shanabooks.de\\\/#\\\/schema\\\/logo\\\/image\\\/\",\"url\":\"https:\\\/\\\/shanabooks.de\\\/wp-content\\\/uploads\\\/2024\\\/03\\\/SHANABOOKS__2_-removebg-preview.png\",\"contentUrl\":\"https:\\\/\\\/shanabooks.de\\\/wp-content\\\/uploads\\\/2024\\\/03\\\/SHANABOOKS__2_-removebg-preview.png\",\"width\":700,\"height\":150,\"caption\":\"www.shanbooks.de\"},\"image\":{\"@id\":\"https:\\\/\\\/shanabooks.de\\\/#\\\/schema\\\/logo\\\/image\\\/\"}}]}<\/script>\n<!-- \/ Yoast SEO plugin. -->","yoast_head_json":{"title":"\u015eefaq - Cegerxw\u00een - www.shanabooks.de","description":"\u015eefaq - Cegerxw\u00een \u201cNav\u00ea Cegerxw\u00een, nav\u00ea host\u00ea xebera, xudan\u00ea lewz\u00ea \u015f\u00eerin, li her \u00e7ar teref\u00ea Kurdistan\u00ea, ji rohilat\u00ea girt\u00ee hetan\u00ee roava\u00ea, ji \u015f\u00eemal\u00ea hetan\u00ee...","robots":{"index":"index","follow":"follow","max-snippet":"max-snippet:-1","max-image-preview":"max-image-preview:large","max-video-preview":"max-video-preview:-1"},"canonical":"https:\/\/shanabooks.de\/product\/sefaq-cegerxwin\/","og_locale":"de_DE","og_type":"article","og_title":"\u015eefaq - Cegerxw\u00een - www.shanabooks.de","og_description":"\u015eefaq - Cegerxw\u00een \u201cNav\u00ea Cegerxw\u00een, nav\u00ea host\u00ea xebera, xudan\u00ea lewz\u00ea \u015f\u00eerin, li her \u00e7ar teref\u00ea Kurdistan\u00ea, ji rohilat\u00ea girt\u00ee hetan\u00ee roava\u00ea, ji \u015f\u00eemal\u00ea hetan\u00ee...","og_url":"https:\/\/shanabooks.de\/product\/sefaq-cegerxwin\/","og_site_name":"www.shanabooks.de","article_modified_time":"2024-11-18T22:50:15+00:00","og_image":[{"width":500,"height":752,"url":"https:\/\/shanabooks.de\/wp-content\/uploads\/2024\/03\/Sefeq.jpg","type":"image\/jpeg"}],"twitter_card":"summary_large_image","twitter_misc":{"Gesch\u00e4tzte Lesezeit":"2\u00a0Minuten"},"schema":{"@context":"https:\/\/schema.org","@graph":[{"@type":"WebPage","@id":"https:\/\/shanabooks.de\/product\/sefaq-cegerxwin\/","url":"https:\/\/shanabooks.de\/product\/sefaq-cegerxwin\/","name":"\u015eefaq - Cegerxw\u00een - www.shanabooks.de","isPartOf":{"@id":"https:\/\/shanabooks.de\/#website"},"primaryImageOfPage":{"@id":"https:\/\/shanabooks.de\/product\/sefaq-cegerxwin\/#primaryimage"},"image":{"@id":"https:\/\/shanabooks.de\/product\/sefaq-cegerxwin\/#primaryimage"},"thumbnailUrl":"https:\/\/shanabooks.de\/wp-content\/uploads\/2024\/03\/Sefeq.jpg","datePublished":"2024-03-03T19:42:04+00:00","dateModified":"2024-11-18T22:50:15+00:00","description":"\u015eefaq - Cegerxw\u00een \u201cNav\u00ea Cegerxw\u00een, nav\u00ea host\u00ea xebera, xudan\u00ea lewz\u00ea \u015f\u00eerin, li her \u00e7ar teref\u00ea Kurdistan\u00ea, ji rohilat\u00ea girt\u00ee hetan\u00ee roava\u00ea, ji \u015f\u00eemal\u00ea hetan\u00ee...","breadcrumb":{"@id":"https:\/\/shanabooks.de\/product\/sefaq-cegerxwin\/#breadcrumb"},"inLanguage":"de","potentialAction":[{"@type":"ReadAction","target":["https:\/\/shanabooks.de\/product\/sefaq-cegerxwin\/"]}]},{"@type":"ImageObject","inLanguage":"de","@id":"https:\/\/shanabooks.de\/product\/sefaq-cegerxwin\/#primaryimage","url":"https:\/\/shanabooks.de\/wp-content\/uploads\/2024\/03\/Sefeq.jpg","contentUrl":"https:\/\/shanabooks.de\/wp-content\/uploads\/2024\/03\/Sefeq.jpg","width":500,"height":752,"caption":"\u015eefaq - Cegerxw\u00een - pirt\u00fbk\u00ean kurd\u00ee - helbest"},{"@type":"BreadcrumbList","@id":"https:\/\/shanabooks.de\/product\/sefaq-cegerxwin\/#breadcrumb","itemListElement":[{"@type":"ListItem","position":1,"name":"\u0627\u0644\u0631\u0626\u064a\u0633\u064a\u0629","item":"https:\/\/shanabooks.de\/de\/"},{"@type":"ListItem","position":2,"name":"\u0627\u0644\u0645\u0646\u062a\u062c\u0627\u062a","item":"https:\/\/shanabooks.de\/shop\/"},{"@type":"ListItem","position":3,"name":"\u015eefaq"}]},{"@type":"WebSite","@id":"https:\/\/shanabooks.de\/#website","url":"https:\/\/shanabooks.de\/","name":"www.shanbooks.de","description":"C\u00eehana Pirt\u00fbk\u00ean Kurd\u00ee \u0645\u0643\u062a\u0628\u0629 \u0634\u0627\u0646\u0627 \u0641\u064a \u0627\u0644\u0645\u0627\u0646\u064a\u0627 \u0648\u0623\u0648\u0631\u0628\u0627","publisher":{"@id":"https:\/\/shanabooks.de\/#organization"},"potentialAction":[{"@type":"SearchAction","target":{"@type":"EntryPoint","urlTemplate":"https:\/\/shanabooks.de\/?s={search_term_string}"},"query-input":{"@type":"PropertyValueSpecification","valueRequired":true,"valueName":"search_term_string"}}],"inLanguage":"de"},{"@type":"Organization","@id":"https:\/\/shanabooks.de\/#organization","name":"www.shanbooks.de","url":"https:\/\/shanabooks.de\/","logo":{"@type":"ImageObject","inLanguage":"de","@id":"https:\/\/shanabooks.de\/#\/schema\/logo\/image\/","url":"https:\/\/shanabooks.de\/wp-content\/uploads\/2024\/03\/SHANABOOKS__2_-removebg-preview.png","contentUrl":"https:\/\/shanabooks.de\/wp-content\/uploads\/2024\/03\/SHANABOOKS__2_-removebg-preview.png","width":700,"height":150,"caption":"www.shanbooks.de"},"image":{"@id":"https:\/\/shanabooks.de\/#\/schema\/logo\/image\/"}}]}},"jetpack_sharing_enabled":true,"_links":{"self":[{"href":"https:\/\/shanabooks.de\/de\/wp-json\/wp\/v2\/product\/12237","targetHints":{"allow":["GET"]}}],"collection":[{"href":"https:\/\/shanabooks.de\/de\/wp-json\/wp\/v2\/product"}],"about":[{"href":"https:\/\/shanabooks.de\/de\/wp-json\/wp\/v2\/types\/product"}],"version-history":[{"count":3,"href":"https:\/\/shanabooks.de\/de\/wp-json\/wp\/v2\/product\/12237\/revisions"}],"predecessor-version":[{"id":22119,"href":"https:\/\/shanabooks.de\/de\/wp-json\/wp\/v2\/product\/12237\/revisions\/22119"}],"wp:featuredmedia":[{"embeddable":true,"href":"https:\/\/shanabooks.de\/de\/wp-json\/wp\/v2\/media\/12297"}],"wp:attachment":[{"href":"https:\/\/shanabooks.de\/de\/wp-json\/wp\/v2\/media?parent=12237"}],"wp:term":[{"taxonomy":"product_brand","embeddable":true,"href":"https:\/\/shanabooks.de\/de\/wp-json\/wp\/v2\/product_brand?post=12237"},{"taxonomy":"product_cat","embeddable":true,"href":"https:\/\/shanabooks.de\/de\/wp-json\/wp\/v2\/product_cat?post=12237"},{"taxonomy":"product_tag","embeddable":true,"href":"https:\/\/shanabooks.de\/de\/wp-json\/wp\/v2\/product_tag?post=12237"}],"curies":[{"name":"wp","href":"https:\/\/api.w.org\/{rel}","templated":true}]}}