{"id":12238,"date":"2024-03-03T19:42:04","date_gmt":"2024-03-03T19:42:04","guid":{"rendered":"https:\/\/shanabooks.de\/?post_type=product&#038;p=12238"},"modified":"2024-03-21T20:39:48","modified_gmt":"2024-03-21T20:39:48","slug":"hevi-cegerxwin","status":"publish","type":"product","link":"https:\/\/shanabooks.de\/de\/product\/hevi-cegerxwin\/","title":{"rendered":"H\u00eav\u00ee"},"content":{"rendered":"<p dir=\"ltr\"><strong>H\u00eav\u00ee &#8211; Cegerxw\u00een<\/strong><\/p>\n<p dir=\"ltr\">T\u00eama wel\u00eat, tema kurd \u00fb Kurdistan\u00ea, t\u00eama \u015fori\u015f\u00ea \u00fb serxweb\u00fbna gel\u00ea me, pirsa xwendin\u00ea \u00fb pe\u015fketin\u00ea, neyariya \u00fb bebextiya dijmin\u00ea gel, pirsa dostiya \u00fb biratiya hem\u00fb gel\u00ea c\u00eenar \u00fb t\u00eama \u00eenternas\u00eeonal\u00eezm\u00ea Cegerxw\u00een her dem dike binyata helbest\u00ead xwe. Ev e mezinaya Cegerxw\u00een \u00fb b\u00eer \u00fb baweriya w\u00ee.<\/p>\n<p dir=\"ltr\">X\u00ean ji helbest\u00ean watanperwariy\u00ea \u00fb \u015fori\u015fgiriy\u00ea, Cegerxw\u00een \u015fay\u00eerek\u00ee l\u00eer\u00eek e, \u015fay\u00eer\u00ea hub \u00fb hezkirin\u00ea ye. Ew nemir e bona gel\u00ea xwe \u00fb ez bawer im, wek\u00ee w\u00ea ew roj b\u00ea, \u00e7ax\u00ea ko helbest\u00ea Cegerxw\u00een\u00ea delal nek ten\u00ea kurd\u00ea aza w\u00ea bixunin, l\u00ea usa j\u00ee xwendevan\u00ea diniyalik\u00ea w\u00ea bi tercima ziman\u00ea xwe ezber\u00ea b\u00eajin \u00fb p\u00ea k\u00eafxwe\u015f bibin, \u00e7imk\u00ee biniyata helbest\u00ean Cegerxw\u00een ew delaliya emir e, delaliya jiy\u00eena mirov e.<br \/>\nOrd\u00eexan\u00ea Cel\u00eel<\/p>\n<p dir=\"ltr\">D\u00eewana H\u00eav\u00ee ya Cegerxw\u00een ji we\u015fan\u00ean Avesta ye.<\/p>\n","protected":false},"excerpt":{"rendered":"<p dir=\"ltr\" style=\"text-align: center\"><strong>Pirt\u00fbk: H\u00eav\u00ee<br \/>\nNiv\u00eeskar: Cegerxw\u00een<\/strong><br \/>\n<strong>Cure: Helbest<\/strong><\/p>\n","protected":false},"featured_media":12299,"template":"","meta":{"site-sidebar-layout":"default","site-content-layout":"","ast-site-content-layout":"default","site-content-style":"default","site-sidebar-style":"default","ast-global-header-display":"","ast-banner-title-visibility":"","ast-main-header-display":"","ast-hfb-above-header-display":"","ast-hfb-below-header-display":"","ast-hfb-mobile-header-display":"","site-post-title":"","ast-breadcrumbs-content":"","ast-featured-img":"","footer-sml-layout":"","ast-disable-related-posts":"","theme-transparent-header-meta":"default","adv-header-id-meta":"","stick-header-meta":"","header-above-stick-meta":"","header-main-stick-meta":"","header-below-stick-meta":"","astra-migrate-meta-layouts":"set","ast-page-background-enabled":"default","ast-page-background-meta":{"desktop":{"background-color":"","background-image":"","background-repeat":"repeat","background-position":"center center","background-size":"auto","background-attachment":"scroll","background-type":"","background-media":"","overlay-type":"","overlay-color":"","overlay-opacity":"","overlay-gradient":""},"tablet":{"background-color":"","background-image":"","background-repeat":"repeat","background-position":"center center","background-size":"auto","background-attachment":"scroll","background-type":"","background-media":"","overlay-type":"","overlay-color":"","overlay-opacity":"","overlay-gradient":""},"mobile":{"background-color":"","background-image":"","background-repeat":"repeat","background-position":"center center","background-size":"auto","background-attachment":"scroll","background-type":"","background-media":"","overlay-type":"","overlay-color":"","overlay-opacity":"","overlay-gradient":""}},"ast-content-background-meta":{"desktop":{"background-color":"var(--ast-global-color-5)","background-image":"","background-repeat":"repeat","background-position":"center center","background-size":"auto","background-attachment":"scroll","background-type":"","background-media":"","overlay-type":"","overlay-color":"","overlay-opacity":"","overlay-gradient":""},"tablet":{"background-color":"var(--ast-global-color-5)","background-image":"","background-repeat":"repeat","background-position":"center center","background-size":"auto","background-attachment":"scroll","background-type":"","background-media":"","overlay-type":"","overlay-color":"","overlay-opacity":"","overlay-gradient":""},"mobile":{"background-color":"var(--ast-global-color-5)","background-image":"","background-repeat":"repeat","background-position":"center center","background-size":"auto","background-attachment":"scroll","background-type":"","background-media":"","overlay-type":"","overlay-color":"","overlay-opacity":"","overlay-gradient":""}}},"product_brand":[],"product_cat":[184,193],"product_tag":[],"class_list":{"0":"post-12238","1":"product","2":"type-product","3":"status-publish","4":"has-post-thumbnail","6":"product_cat-_","7":"product_cat--_","8":"pa_-helbest","9":"pa_-cegerxwin","10":"pa_-kurmanci","11":"pa_--avesta-yayinlari","12":"desktop-align-left","13":"tablet-align-left","14":"mobile-align-left","16":"first","17":"outofstock","18":"shipping-taxable","19":"purchasable","20":"product-type-simple"},"yoast_head":"<!-- This site is optimized with the Yoast SEO plugin v27.4 - https:\/\/yoast.com\/product\/yoast-seo-wordpress\/ -->\n<title>H\u00eav\u00ee - Cegerxw\u00een - www.shanabooks.de<\/title>\n<meta name=\"description\" content=\"H\u00eav\u00ee - Cegerxw\u00een T\u00eama wel\u00eat, tema kurd \u00fb Kurdistan\u00ea, t\u00eama \u015fori\u015f\u00ea \u00fb serxweb\u00fbna gel\u00ea me, pirsa xwendin\u00ea \u00fb pe\u015fketin\u00ea, neyariya \u00fb bebextiya dijmin\u00ea gel, pirs...\" \/>\n<meta name=\"robots\" content=\"index, follow, max-snippet:-1, max-image-preview:large, max-video-preview:-1\" \/>\n<link rel=\"canonical\" href=\"https:\/\/shanabooks.de\/product\/hevi-cegerxwin\/\" \/>\n<meta property=\"og:locale\" content=\"de_DE\" \/>\n<meta property=\"og:type\" content=\"article\" \/>\n<meta property=\"og:title\" content=\"H\u00eav\u00ee - Cegerxw\u00een - www.shanabooks.de\" \/>\n<meta property=\"og:description\" content=\"H\u00eav\u00ee - Cegerxw\u00een T\u00eama wel\u00eat, tema kurd \u00fb Kurdistan\u00ea, t\u00eama \u015fori\u015f\u00ea \u00fb serxweb\u00fbna gel\u00ea me, pirsa xwendin\u00ea \u00fb pe\u015fketin\u00ea, neyariya \u00fb bebextiya dijmin\u00ea gel, pirs...\" \/>\n<meta property=\"og:url\" content=\"https:\/\/shanabooks.de\/product\/hevi-cegerxwin\/\" \/>\n<meta property=\"og:site_name\" content=\"www.shanabooks.de\" \/>\n<meta property=\"article:modified_time\" content=\"2024-03-21T20:39:48+00:00\" \/>\n<meta property=\"og:image\" content=\"https:\/\/shanabooks.de\/wp-content\/uploads\/2024\/03\/Hevi.jpg\" \/>\n\t<meta property=\"og:image:width\" content=\"609\" \/>\n\t<meta property=\"og:image:height\" content=\"900\" \/>\n\t<meta property=\"og:image:type\" content=\"image\/jpeg\" \/>\n<meta name=\"twitter:card\" content=\"summary_large_image\" \/>\n<meta name=\"twitter:label1\" content=\"Gesch\u00e4tzte Lesezeit\" \/>\n\t<meta name=\"twitter:data1\" content=\"2\u00a0Minuten\" \/>\n<script type=\"application\/ld+json\" class=\"yoast-schema-graph\">{\"@context\":\"https:\\\/\\\/schema.org\",\"@graph\":[{\"@type\":\"WebPage\",\"@id\":\"https:\\\/\\\/shanabooks.de\\\/product\\\/hevi-cegerxwin\\\/\",\"url\":\"https:\\\/\\\/shanabooks.de\\\/product\\\/hevi-cegerxwin\\\/\",\"name\":\"H\u00eav\u00ee - Cegerxw\u00een - www.shanabooks.de\",\"isPartOf\":{\"@id\":\"https:\\\/\\\/shanabooks.de\\\/#website\"},\"primaryImageOfPage\":{\"@id\":\"https:\\\/\\\/shanabooks.de\\\/product\\\/hevi-cegerxwin\\\/#primaryimage\"},\"image\":{\"@id\":\"https:\\\/\\\/shanabooks.de\\\/product\\\/hevi-cegerxwin\\\/#primaryimage\"},\"thumbnailUrl\":\"https:\\\/\\\/shanabooks.de\\\/wp-content\\\/uploads\\\/2024\\\/03\\\/Hevi.jpg\",\"datePublished\":\"2024-03-03T19:42:04+00:00\",\"dateModified\":\"2024-03-21T20:39:48+00:00\",\"description\":\"H\u00eav\u00ee - Cegerxw\u00een T\u00eama wel\u00eat, tema kurd \u00fb Kurdistan\u00ea, t\u00eama \u015fori\u015f\u00ea \u00fb serxweb\u00fbna gel\u00ea me, pirsa xwendin\u00ea \u00fb pe\u015fketin\u00ea, neyariya \u00fb bebextiya dijmin\u00ea gel, pirs...\",\"breadcrumb\":{\"@id\":\"https:\\\/\\\/shanabooks.de\\\/product\\\/hevi-cegerxwin\\\/#breadcrumb\"},\"inLanguage\":\"de\",\"potentialAction\":[{\"@type\":\"ReadAction\",\"target\":[\"https:\\\/\\\/shanabooks.de\\\/product\\\/hevi-cegerxwin\\\/\"]}]},{\"@type\":\"ImageObject\",\"inLanguage\":\"de\",\"@id\":\"https:\\\/\\\/shanabooks.de\\\/product\\\/hevi-cegerxwin\\\/#primaryimage\",\"url\":\"https:\\\/\\\/shanabooks.de\\\/wp-content\\\/uploads\\\/2024\\\/03\\\/Hevi.jpg\",\"contentUrl\":\"https:\\\/\\\/shanabooks.de\\\/wp-content\\\/uploads\\\/2024\\\/03\\\/Hevi.jpg\",\"width\":609,\"height\":900,\"caption\":\"H\u00eav\u00ee - Cegerxw\u00een - pirt\u00fbk\u00ean kurd\u00ee - helbest\"},{\"@type\":\"BreadcrumbList\",\"@id\":\"https:\\\/\\\/shanabooks.de\\\/product\\\/hevi-cegerxwin\\\/#breadcrumb\",\"itemListElement\":[{\"@type\":\"ListItem\",\"position\":1,\"name\":\"\u0627\u0644\u0631\u0626\u064a\u0633\u064a\u0629\",\"item\":\"https:\\\/\\\/shanabooks.de\\\/de\\\/\"},{\"@type\":\"ListItem\",\"position\":2,\"name\":\"\u0627\u0644\u0645\u0646\u062a\u062c\u0627\u062a\",\"item\":\"https:\\\/\\\/shanabooks.de\\\/shop\\\/\"},{\"@type\":\"ListItem\",\"position\":3,\"name\":\"H\u00eav\u00ee\"}]},{\"@type\":\"WebSite\",\"@id\":\"https:\\\/\\\/shanabooks.de\\\/#website\",\"url\":\"https:\\\/\\\/shanabooks.de\\\/\",\"name\":\"www.shanbooks.de\",\"description\":\"C\u00eehana Pirt\u00fbk\u00ean Kurd\u00ee \u0645\u0643\u062a\u0628\u0629 \u0634\u0627\u0646\u0627 \u0641\u064a \u0627\u0644\u0645\u0627\u0646\u064a\u0627 \u0648\u0623\u0648\u0631\u0628\u0627\",\"publisher\":{\"@id\":\"https:\\\/\\\/shanabooks.de\\\/#organization\"},\"potentialAction\":[{\"@type\":\"SearchAction\",\"target\":{\"@type\":\"EntryPoint\",\"urlTemplate\":\"https:\\\/\\\/shanabooks.de\\\/?s={search_term_string}\"},\"query-input\":{\"@type\":\"PropertyValueSpecification\",\"valueRequired\":true,\"valueName\":\"search_term_string\"}}],\"inLanguage\":\"de\"},{\"@type\":\"Organization\",\"@id\":\"https:\\\/\\\/shanabooks.de\\\/#organization\",\"name\":\"www.shanbooks.de\",\"url\":\"https:\\\/\\\/shanabooks.de\\\/\",\"logo\":{\"@type\":\"ImageObject\",\"inLanguage\":\"de\",\"@id\":\"https:\\\/\\\/shanabooks.de\\\/#\\\/schema\\\/logo\\\/image\\\/\",\"url\":\"https:\\\/\\\/shanabooks.de\\\/wp-content\\\/uploads\\\/2024\\\/03\\\/SHANABOOKS__2_-removebg-preview.png\",\"contentUrl\":\"https:\\\/\\\/shanabooks.de\\\/wp-content\\\/uploads\\\/2024\\\/03\\\/SHANABOOKS__2_-removebg-preview.png\",\"width\":700,\"height\":150,\"caption\":\"www.shanbooks.de\"},\"image\":{\"@id\":\"https:\\\/\\\/shanabooks.de\\\/#\\\/schema\\\/logo\\\/image\\\/\"}}]}<\/script>\n<!-- \/ Yoast SEO plugin. -->","yoast_head_json":{"title":"H\u00eav\u00ee - Cegerxw\u00een - www.shanabooks.de","description":"H\u00eav\u00ee - Cegerxw\u00een T\u00eama wel\u00eat, tema kurd \u00fb Kurdistan\u00ea, t\u00eama \u015fori\u015f\u00ea \u00fb serxweb\u00fbna gel\u00ea me, pirsa xwendin\u00ea \u00fb pe\u015fketin\u00ea, neyariya \u00fb bebextiya dijmin\u00ea gel, pirs...","robots":{"index":"index","follow":"follow","max-snippet":"max-snippet:-1","max-image-preview":"max-image-preview:large","max-video-preview":"max-video-preview:-1"},"canonical":"https:\/\/shanabooks.de\/product\/hevi-cegerxwin\/","og_locale":"de_DE","og_type":"article","og_title":"H\u00eav\u00ee - Cegerxw\u00een - www.shanabooks.de","og_description":"H\u00eav\u00ee - Cegerxw\u00een T\u00eama wel\u00eat, tema kurd \u00fb Kurdistan\u00ea, t\u00eama \u015fori\u015f\u00ea \u00fb serxweb\u00fbna gel\u00ea me, pirsa xwendin\u00ea \u00fb pe\u015fketin\u00ea, neyariya \u00fb bebextiya dijmin\u00ea gel, pirs...","og_url":"https:\/\/shanabooks.de\/product\/hevi-cegerxwin\/","og_site_name":"www.shanabooks.de","article_modified_time":"2024-03-21T20:39:48+00:00","og_image":[{"width":609,"height":900,"url":"https:\/\/shanabooks.de\/wp-content\/uploads\/2024\/03\/Hevi.jpg","type":"image\/jpeg"}],"twitter_card":"summary_large_image","twitter_misc":{"Gesch\u00e4tzte Lesezeit":"2\u00a0Minuten"},"schema":{"@context":"https:\/\/schema.org","@graph":[{"@type":"WebPage","@id":"https:\/\/shanabooks.de\/product\/hevi-cegerxwin\/","url":"https:\/\/shanabooks.de\/product\/hevi-cegerxwin\/","name":"H\u00eav\u00ee - Cegerxw\u00een - www.shanabooks.de","isPartOf":{"@id":"https:\/\/shanabooks.de\/#website"},"primaryImageOfPage":{"@id":"https:\/\/shanabooks.de\/product\/hevi-cegerxwin\/#primaryimage"},"image":{"@id":"https:\/\/shanabooks.de\/product\/hevi-cegerxwin\/#primaryimage"},"thumbnailUrl":"https:\/\/shanabooks.de\/wp-content\/uploads\/2024\/03\/Hevi.jpg","datePublished":"2024-03-03T19:42:04+00:00","dateModified":"2024-03-21T20:39:48+00:00","description":"H\u00eav\u00ee - Cegerxw\u00een T\u00eama wel\u00eat, tema kurd \u00fb Kurdistan\u00ea, t\u00eama \u015fori\u015f\u00ea \u00fb serxweb\u00fbna gel\u00ea me, pirsa xwendin\u00ea \u00fb pe\u015fketin\u00ea, neyariya \u00fb bebextiya dijmin\u00ea gel, pirs...","breadcrumb":{"@id":"https:\/\/shanabooks.de\/product\/hevi-cegerxwin\/#breadcrumb"},"inLanguage":"de","potentialAction":[{"@type":"ReadAction","target":["https:\/\/shanabooks.de\/product\/hevi-cegerxwin\/"]}]},{"@type":"ImageObject","inLanguage":"de","@id":"https:\/\/shanabooks.de\/product\/hevi-cegerxwin\/#primaryimage","url":"https:\/\/shanabooks.de\/wp-content\/uploads\/2024\/03\/Hevi.jpg","contentUrl":"https:\/\/shanabooks.de\/wp-content\/uploads\/2024\/03\/Hevi.jpg","width":609,"height":900,"caption":"H\u00eav\u00ee - Cegerxw\u00een - pirt\u00fbk\u00ean kurd\u00ee - helbest"},{"@type":"BreadcrumbList","@id":"https:\/\/shanabooks.de\/product\/hevi-cegerxwin\/#breadcrumb","itemListElement":[{"@type":"ListItem","position":1,"name":"\u0627\u0644\u0631\u0626\u064a\u0633\u064a\u0629","item":"https:\/\/shanabooks.de\/de\/"},{"@type":"ListItem","position":2,"name":"\u0627\u0644\u0645\u0646\u062a\u062c\u0627\u062a","item":"https:\/\/shanabooks.de\/shop\/"},{"@type":"ListItem","position":3,"name":"H\u00eav\u00ee"}]},{"@type":"WebSite","@id":"https:\/\/shanabooks.de\/#website","url":"https:\/\/shanabooks.de\/","name":"www.shanbooks.de","description":"C\u00eehana Pirt\u00fbk\u00ean Kurd\u00ee \u0645\u0643\u062a\u0628\u0629 \u0634\u0627\u0646\u0627 \u0641\u064a \u0627\u0644\u0645\u0627\u0646\u064a\u0627 \u0648\u0623\u0648\u0631\u0628\u0627","publisher":{"@id":"https:\/\/shanabooks.de\/#organization"},"potentialAction":[{"@type":"SearchAction","target":{"@type":"EntryPoint","urlTemplate":"https:\/\/shanabooks.de\/?s={search_term_string}"},"query-input":{"@type":"PropertyValueSpecification","valueRequired":true,"valueName":"search_term_string"}}],"inLanguage":"de"},{"@type":"Organization","@id":"https:\/\/shanabooks.de\/#organization","name":"www.shanbooks.de","url":"https:\/\/shanabooks.de\/","logo":{"@type":"ImageObject","inLanguage":"de","@id":"https:\/\/shanabooks.de\/#\/schema\/logo\/image\/","url":"https:\/\/shanabooks.de\/wp-content\/uploads\/2024\/03\/SHANABOOKS__2_-removebg-preview.png","contentUrl":"https:\/\/shanabooks.de\/wp-content\/uploads\/2024\/03\/SHANABOOKS__2_-removebg-preview.png","width":700,"height":150,"caption":"www.shanbooks.de"},"image":{"@id":"https:\/\/shanabooks.de\/#\/schema\/logo\/image\/"}}]}},"jetpack_sharing_enabled":true,"_links":{"self":[{"href":"https:\/\/shanabooks.de\/de\/wp-json\/wp\/v2\/product\/12238","targetHints":{"allow":["GET"]}}],"collection":[{"href":"https:\/\/shanabooks.de\/de\/wp-json\/wp\/v2\/product"}],"about":[{"href":"https:\/\/shanabooks.de\/de\/wp-json\/wp\/v2\/types\/product"}],"version-history":[{"count":3,"href":"https:\/\/shanabooks.de\/de\/wp-json\/wp\/v2\/product\/12238\/revisions"}],"predecessor-version":[{"id":22116,"href":"https:\/\/shanabooks.de\/de\/wp-json\/wp\/v2\/product\/12238\/revisions\/22116"}],"wp:featuredmedia":[{"embeddable":true,"href":"https:\/\/shanabooks.de\/de\/wp-json\/wp\/v2\/media\/12299"}],"wp:attachment":[{"href":"https:\/\/shanabooks.de\/de\/wp-json\/wp\/v2\/media?parent=12238"}],"wp:term":[{"taxonomy":"product_brand","embeddable":true,"href":"https:\/\/shanabooks.de\/de\/wp-json\/wp\/v2\/product_brand?post=12238"},{"taxonomy":"product_cat","embeddable":true,"href":"https:\/\/shanabooks.de\/de\/wp-json\/wp\/v2\/product_cat?post=12238"},{"taxonomy":"product_tag","embeddable":true,"href":"https:\/\/shanabooks.de\/de\/wp-json\/wp\/v2\/product_tag?post=12238"}],"curies":[{"name":"wp","href":"https:\/\/api.w.org\/{rel}","templated":true}]}}