{"id":12240,"date":"2024-03-03T19:42:04","date_gmt":"2024-03-03T19:42:04","guid":{"rendered":"https:\/\/shanabooks.de\/?post_type=product&#038;p=12240"},"modified":"2025-12-31T17:23:15","modified_gmt":"2025-12-31T17:23:15","slug":"ronak-cegerxwin","status":"publish","type":"product","link":"https:\/\/shanabooks.de\/de\/product\/ronak-cegerxwin\/","title":{"rendered":"Ronak"},"content":{"rendered":"<p dir=\"ltr\"><strong>Ronak &#8211; Cegerxw\u00een<\/strong><\/p>\n<p dir=\"ltr\">\u201c\u00c7ax\u00ea ez nav\u00ea \u015fay\u00eer\u00ean kurdan t\u00eenim b\u00eera xwe, herdem nav\u00ea hezker\u00ea me, \u015fay\u00eer\u00ea me mezin \u00fb h\u00eaja Cegerxw\u00een t\u00ea ser l\u00eav\u00ea min&#8230; Cegerxw\u00een bi rew\u015fa xwe va, bi afirandin\u00ea xwe va behra b\u00eaber\u00ee \u00fb b\u00ea bin\u00ee ye.<\/p>\n<p dir=\"ltr\">\u201cCegerxw\u00een bi reng \u00fb r\u00fby\u00ea xwe va, bi niv\u00eesar\u00ean xwe va wek teht \u00fb kelem\u00ean ser\u00ea \u00e7iyay\u00ean Kurdistan\u00ea here bilind e; sedan sedsal hatine, \u00e7\u00fbne \u00fb bihir\u00eene, l\u00ea ew teht, ew kelem di ciy\u00ea xwe da bi t\u00eek, qaym \u00fb berk mane, Cegerxw\u00een j\u00ee li huneriya xwe da, li b\u00eer \u00fb bawera xwe da bi qaym serbilind \u00fb serefraz maye \u00fb li riya xwe da her di\u00e7e \u00fb di\u00e7e.<\/p>\n<p dir=\"ltr\">\u201c&#8230;D\u00eewan\u00ean Cegerxw\u00een \u00eansiklop\u00eadiya peydab\u00fbn \u00fb p\u00ea\u015fve\u00e7\u00fbna netewey\u00ea kurd e, ya helketin, serketin \u00fb daketina \u015fer\u00ea serxweb\u00fbna kurdan e, \u00eansiklop\u00eadiya rab\u00fbn \u00fb r\u00fbni\u015ftina kurda ye.\u201d<br \/>\nQanat\u00ea Kurdo<\/p>\n<p dir=\"ltr\">D\u00eewana Ronak ye Cegerxw\u00een ji we\u015fan\u00ean Avesta ye.<\/p>\n","protected":false},"excerpt":{"rendered":"<p dir=\"ltr\" style=\"text-align: center\"><strong>Pirt\u00fbk: Ronak<br \/>\nNiv\u00eeskar: Cegerxw\u00een<\/strong><br \/>\n<strong>Cure: Helbest<\/strong><\/p>\n","protected":false},"featured_media":12303,"template":"","meta":{"site-sidebar-layout":"default","site-content-layout":"","ast-site-content-layout":"default","site-content-style":"default","site-sidebar-style":"default","ast-global-header-display":"","ast-banner-title-visibility":"","ast-main-header-display":"","ast-hfb-above-header-display":"","ast-hfb-below-header-display":"","ast-hfb-mobile-header-display":"","site-post-title":"","ast-breadcrumbs-content":"","ast-featured-img":"","footer-sml-layout":"","ast-disable-related-posts":"","theme-transparent-header-meta":"default","adv-header-id-meta":"","stick-header-meta":"","header-above-stick-meta":"","header-main-stick-meta":"","header-below-stick-meta":"","astra-migrate-meta-layouts":"set","ast-page-background-enabled":"default","ast-page-background-meta":{"desktop":{"background-color":"","background-image":"","background-repeat":"repeat","background-position":"center center","background-size":"auto","background-attachment":"scroll","background-type":"","background-media":"","overlay-type":"","overlay-color":"","overlay-opacity":"","overlay-gradient":""},"tablet":{"background-color":"","background-image":"","background-repeat":"repeat","background-position":"center center","background-size":"auto","background-attachment":"scroll","background-type":"","background-media":"","overlay-type":"","overlay-color":"","overlay-opacity":"","overlay-gradient":""},"mobile":{"background-color":"","background-image":"","background-repeat":"repeat","background-position":"center center","background-size":"auto","background-attachment":"scroll","background-type":"","background-media":"","overlay-type":"","overlay-color":"","overlay-opacity":"","overlay-gradient":""}},"ast-content-background-meta":{"desktop":{"background-color":"var(--ast-global-color-5)","background-image":"","background-repeat":"repeat","background-position":"center center","background-size":"auto","background-attachment":"scroll","background-type":"","background-media":"","overlay-type":"","overlay-color":"","overlay-opacity":"","overlay-gradient":""},"tablet":{"background-color":"var(--ast-global-color-5)","background-image":"","background-repeat":"repeat","background-position":"center center","background-size":"auto","background-attachment":"scroll","background-type":"","background-media":"","overlay-type":"","overlay-color":"","overlay-opacity":"","overlay-gradient":""},"mobile":{"background-color":"var(--ast-global-color-5)","background-image":"","background-repeat":"repeat","background-position":"center center","background-size":"auto","background-attachment":"scroll","background-type":"","background-media":"","overlay-type":"","overlay-color":"","overlay-opacity":"","overlay-gradient":""}}},"product_brand":[],"product_cat":[184,193],"product_tag":[],"class_list":{"0":"post-12240","1":"product","2":"type-product","3":"status-publish","4":"has-post-thumbnail","6":"product_cat-_","7":"product_cat--_","8":"pa_-helbest","9":"pa_-cegerxwin","10":"pa_-kurmanci","11":"pa_--avesta-yayinlari","12":"desktop-align-left","13":"tablet-align-left","14":"mobile-align-left","16":"first","17":"instock","18":"shipping-taxable","19":"purchasable","20":"product-type-simple"},"yoast_head":"<!-- This site is optimized with the Yoast SEO plugin v27.4 - https:\/\/yoast.com\/product\/yoast-seo-wordpress\/ -->\n<title>Ronak - Cegerxw\u00een - www.shanabooks.de<\/title>\n<meta name=\"description\" content=\"Ronak - Cegerxw\u00een \u201c\u00c7ax\u00ea ez nav\u00ea \u015fay\u00eer\u00ean kurdan t\u00eenim b\u00eera xwe, herdem nav\u00ea hezker\u00ea me, \u015fay\u00eer\u00ea me mezin \u00fb h\u00eaja Cegerxw\u00een t\u00ea ser l\u00eav\u00ea min... Cegerxw\u00een bi ...\" \/>\n<meta name=\"robots\" content=\"index, follow, max-snippet:-1, max-image-preview:large, max-video-preview:-1\" \/>\n<link rel=\"canonical\" href=\"https:\/\/shanabooks.de\/product\/ronak-cegerxwin\/\" \/>\n<meta property=\"og:locale\" content=\"de_DE\" \/>\n<meta property=\"og:type\" content=\"article\" \/>\n<meta property=\"og:title\" content=\"Ronak - Cegerxw\u00een - www.shanabooks.de\" \/>\n<meta property=\"og:description\" content=\"Ronak - Cegerxw\u00een \u201c\u00c7ax\u00ea ez nav\u00ea \u015fay\u00eer\u00ean kurdan t\u00eenim b\u00eera xwe, herdem nav\u00ea hezker\u00ea me, \u015fay\u00eer\u00ea me mezin \u00fb h\u00eaja Cegerxw\u00een t\u00ea ser l\u00eav\u00ea min... Cegerxw\u00een bi ...\" \/>\n<meta property=\"og:url\" content=\"https:\/\/shanabooks.de\/product\/ronak-cegerxwin\/\" \/>\n<meta property=\"og:site_name\" content=\"www.shanabooks.de\" \/>\n<meta property=\"article:modified_time\" content=\"2025-12-31T17:23:15+00:00\" \/>\n<meta property=\"og:image\" content=\"https:\/\/shanabooks.de\/wp-content\/uploads\/2024\/03\/Ronak.jpg\" \/>\n\t<meta property=\"og:image:width\" content=\"500\" \/>\n\t<meta property=\"og:image:height\" content=\"754\" \/>\n\t<meta property=\"og:image:type\" content=\"image\/jpeg\" \/>\n<meta name=\"twitter:card\" content=\"summary_large_image\" \/>\n<meta name=\"twitter:label1\" content=\"Gesch\u00e4tzte Lesezeit\" \/>\n\t<meta name=\"twitter:data1\" content=\"2\u00a0Minuten\" \/>\n<script type=\"application\/ld+json\" class=\"yoast-schema-graph\">{\"@context\":\"https:\\\/\\\/schema.org\",\"@graph\":[{\"@type\":\"WebPage\",\"@id\":\"https:\\\/\\\/shanabooks.de\\\/product\\\/ronak-cegerxwin\\\/\",\"url\":\"https:\\\/\\\/shanabooks.de\\\/product\\\/ronak-cegerxwin\\\/\",\"name\":\"Ronak - Cegerxw\u00een - www.shanabooks.de\",\"isPartOf\":{\"@id\":\"https:\\\/\\\/shanabooks.de\\\/#website\"},\"primaryImageOfPage\":{\"@id\":\"https:\\\/\\\/shanabooks.de\\\/product\\\/ronak-cegerxwin\\\/#primaryimage\"},\"image\":{\"@id\":\"https:\\\/\\\/shanabooks.de\\\/product\\\/ronak-cegerxwin\\\/#primaryimage\"},\"thumbnailUrl\":\"https:\\\/\\\/shanabooks.de\\\/wp-content\\\/uploads\\\/2024\\\/03\\\/Ronak.jpg\",\"datePublished\":\"2024-03-03T19:42:04+00:00\",\"dateModified\":\"2025-12-31T17:23:15+00:00\",\"description\":\"Ronak - Cegerxw\u00een \u201c\u00c7ax\u00ea ez nav\u00ea \u015fay\u00eer\u00ean kurdan t\u00eenim b\u00eera xwe, herdem nav\u00ea hezker\u00ea me, \u015fay\u00eer\u00ea me mezin \u00fb h\u00eaja Cegerxw\u00een t\u00ea ser l\u00eav\u00ea min... Cegerxw\u00een bi ...\",\"breadcrumb\":{\"@id\":\"https:\\\/\\\/shanabooks.de\\\/product\\\/ronak-cegerxwin\\\/#breadcrumb\"},\"inLanguage\":\"de\",\"potentialAction\":[{\"@type\":\"ReadAction\",\"target\":[\"https:\\\/\\\/shanabooks.de\\\/product\\\/ronak-cegerxwin\\\/\"]}]},{\"@type\":\"ImageObject\",\"inLanguage\":\"de\",\"@id\":\"https:\\\/\\\/shanabooks.de\\\/product\\\/ronak-cegerxwin\\\/#primaryimage\",\"url\":\"https:\\\/\\\/shanabooks.de\\\/wp-content\\\/uploads\\\/2024\\\/03\\\/Ronak.jpg\",\"contentUrl\":\"https:\\\/\\\/shanabooks.de\\\/wp-content\\\/uploads\\\/2024\\\/03\\\/Ronak.jpg\",\"width\":500,\"height\":754,\"caption\":\"Ronak - Cegerxw\u00een - pirt\u00fbk\u00ean kurd\u00ee - helbest\"},{\"@type\":\"BreadcrumbList\",\"@id\":\"https:\\\/\\\/shanabooks.de\\\/product\\\/ronak-cegerxwin\\\/#breadcrumb\",\"itemListElement\":[{\"@type\":\"ListItem\",\"position\":1,\"name\":\"\u0627\u0644\u0631\u0626\u064a\u0633\u064a\u0629\",\"item\":\"https:\\\/\\\/shanabooks.de\\\/de\\\/\"},{\"@type\":\"ListItem\",\"position\":2,\"name\":\"\u0627\u0644\u0645\u0646\u062a\u062c\u0627\u062a\",\"item\":\"https:\\\/\\\/shanabooks.de\\\/shop\\\/\"},{\"@type\":\"ListItem\",\"position\":3,\"name\":\"Ronak\"}]},{\"@type\":\"WebSite\",\"@id\":\"https:\\\/\\\/shanabooks.de\\\/#website\",\"url\":\"https:\\\/\\\/shanabooks.de\\\/\",\"name\":\"www.shanbooks.de\",\"description\":\"C\u00eehana Pirt\u00fbk\u00ean Kurd\u00ee \u0645\u0643\u062a\u0628\u0629 \u0634\u0627\u0646\u0627 \u0641\u064a \u0627\u0644\u0645\u0627\u0646\u064a\u0627 \u0648\u0623\u0648\u0631\u0628\u0627\",\"publisher\":{\"@id\":\"https:\\\/\\\/shanabooks.de\\\/#organization\"},\"potentialAction\":[{\"@type\":\"SearchAction\",\"target\":{\"@type\":\"EntryPoint\",\"urlTemplate\":\"https:\\\/\\\/shanabooks.de\\\/?s={search_term_string}\"},\"query-input\":{\"@type\":\"PropertyValueSpecification\",\"valueRequired\":true,\"valueName\":\"search_term_string\"}}],\"inLanguage\":\"de\"},{\"@type\":\"Organization\",\"@id\":\"https:\\\/\\\/shanabooks.de\\\/#organization\",\"name\":\"www.shanbooks.de\",\"url\":\"https:\\\/\\\/shanabooks.de\\\/\",\"logo\":{\"@type\":\"ImageObject\",\"inLanguage\":\"de\",\"@id\":\"https:\\\/\\\/shanabooks.de\\\/#\\\/schema\\\/logo\\\/image\\\/\",\"url\":\"https:\\\/\\\/shanabooks.de\\\/wp-content\\\/uploads\\\/2024\\\/03\\\/SHANABOOKS__2_-removebg-preview.png\",\"contentUrl\":\"https:\\\/\\\/shanabooks.de\\\/wp-content\\\/uploads\\\/2024\\\/03\\\/SHANABOOKS__2_-removebg-preview.png\",\"width\":700,\"height\":150,\"caption\":\"www.shanbooks.de\"},\"image\":{\"@id\":\"https:\\\/\\\/shanabooks.de\\\/#\\\/schema\\\/logo\\\/image\\\/\"}}]}<\/script>\n<!-- \/ Yoast SEO plugin. -->","yoast_head_json":{"title":"Ronak - Cegerxw\u00een - www.shanabooks.de","description":"Ronak - Cegerxw\u00een \u201c\u00c7ax\u00ea ez nav\u00ea \u015fay\u00eer\u00ean kurdan t\u00eenim b\u00eera xwe, herdem nav\u00ea hezker\u00ea me, \u015fay\u00eer\u00ea me mezin \u00fb h\u00eaja Cegerxw\u00een t\u00ea ser l\u00eav\u00ea min... Cegerxw\u00een bi ...","robots":{"index":"index","follow":"follow","max-snippet":"max-snippet:-1","max-image-preview":"max-image-preview:large","max-video-preview":"max-video-preview:-1"},"canonical":"https:\/\/shanabooks.de\/product\/ronak-cegerxwin\/","og_locale":"de_DE","og_type":"article","og_title":"Ronak - Cegerxw\u00een - www.shanabooks.de","og_description":"Ronak - Cegerxw\u00een \u201c\u00c7ax\u00ea ez nav\u00ea \u015fay\u00eer\u00ean kurdan t\u00eenim b\u00eera xwe, herdem nav\u00ea hezker\u00ea me, \u015fay\u00eer\u00ea me mezin \u00fb h\u00eaja Cegerxw\u00een t\u00ea ser l\u00eav\u00ea min... Cegerxw\u00een bi ...","og_url":"https:\/\/shanabooks.de\/product\/ronak-cegerxwin\/","og_site_name":"www.shanabooks.de","article_modified_time":"2025-12-31T17:23:15+00:00","og_image":[{"width":500,"height":754,"url":"https:\/\/shanabooks.de\/wp-content\/uploads\/2024\/03\/Ronak.jpg","type":"image\/jpeg"}],"twitter_card":"summary_large_image","twitter_misc":{"Gesch\u00e4tzte Lesezeit":"2\u00a0Minuten"},"schema":{"@context":"https:\/\/schema.org","@graph":[{"@type":"WebPage","@id":"https:\/\/shanabooks.de\/product\/ronak-cegerxwin\/","url":"https:\/\/shanabooks.de\/product\/ronak-cegerxwin\/","name":"Ronak - Cegerxw\u00een - www.shanabooks.de","isPartOf":{"@id":"https:\/\/shanabooks.de\/#website"},"primaryImageOfPage":{"@id":"https:\/\/shanabooks.de\/product\/ronak-cegerxwin\/#primaryimage"},"image":{"@id":"https:\/\/shanabooks.de\/product\/ronak-cegerxwin\/#primaryimage"},"thumbnailUrl":"https:\/\/shanabooks.de\/wp-content\/uploads\/2024\/03\/Ronak.jpg","datePublished":"2024-03-03T19:42:04+00:00","dateModified":"2025-12-31T17:23:15+00:00","description":"Ronak - Cegerxw\u00een \u201c\u00c7ax\u00ea ez nav\u00ea \u015fay\u00eer\u00ean kurdan t\u00eenim b\u00eera xwe, herdem nav\u00ea hezker\u00ea me, \u015fay\u00eer\u00ea me mezin \u00fb h\u00eaja Cegerxw\u00een t\u00ea ser l\u00eav\u00ea min... Cegerxw\u00een bi ...","breadcrumb":{"@id":"https:\/\/shanabooks.de\/product\/ronak-cegerxwin\/#breadcrumb"},"inLanguage":"de","potentialAction":[{"@type":"ReadAction","target":["https:\/\/shanabooks.de\/product\/ronak-cegerxwin\/"]}]},{"@type":"ImageObject","inLanguage":"de","@id":"https:\/\/shanabooks.de\/product\/ronak-cegerxwin\/#primaryimage","url":"https:\/\/shanabooks.de\/wp-content\/uploads\/2024\/03\/Ronak.jpg","contentUrl":"https:\/\/shanabooks.de\/wp-content\/uploads\/2024\/03\/Ronak.jpg","width":500,"height":754,"caption":"Ronak - Cegerxw\u00een - pirt\u00fbk\u00ean kurd\u00ee - helbest"},{"@type":"BreadcrumbList","@id":"https:\/\/shanabooks.de\/product\/ronak-cegerxwin\/#breadcrumb","itemListElement":[{"@type":"ListItem","position":1,"name":"\u0627\u0644\u0631\u0626\u064a\u0633\u064a\u0629","item":"https:\/\/shanabooks.de\/de\/"},{"@type":"ListItem","position":2,"name":"\u0627\u0644\u0645\u0646\u062a\u062c\u0627\u062a","item":"https:\/\/shanabooks.de\/shop\/"},{"@type":"ListItem","position":3,"name":"Ronak"}]},{"@type":"WebSite","@id":"https:\/\/shanabooks.de\/#website","url":"https:\/\/shanabooks.de\/","name":"www.shanbooks.de","description":"C\u00eehana Pirt\u00fbk\u00ean Kurd\u00ee \u0645\u0643\u062a\u0628\u0629 \u0634\u0627\u0646\u0627 \u0641\u064a \u0627\u0644\u0645\u0627\u0646\u064a\u0627 \u0648\u0623\u0648\u0631\u0628\u0627","publisher":{"@id":"https:\/\/shanabooks.de\/#organization"},"potentialAction":[{"@type":"SearchAction","target":{"@type":"EntryPoint","urlTemplate":"https:\/\/shanabooks.de\/?s={search_term_string}"},"query-input":{"@type":"PropertyValueSpecification","valueRequired":true,"valueName":"search_term_string"}}],"inLanguage":"de"},{"@type":"Organization","@id":"https:\/\/shanabooks.de\/#organization","name":"www.shanbooks.de","url":"https:\/\/shanabooks.de\/","logo":{"@type":"ImageObject","inLanguage":"de","@id":"https:\/\/shanabooks.de\/#\/schema\/logo\/image\/","url":"https:\/\/shanabooks.de\/wp-content\/uploads\/2024\/03\/SHANABOOKS__2_-removebg-preview.png","contentUrl":"https:\/\/shanabooks.de\/wp-content\/uploads\/2024\/03\/SHANABOOKS__2_-removebg-preview.png","width":700,"height":150,"caption":"www.shanbooks.de"},"image":{"@id":"https:\/\/shanabooks.de\/#\/schema\/logo\/image\/"}}]}},"jetpack_sharing_enabled":true,"_links":{"self":[{"href":"https:\/\/shanabooks.de\/de\/wp-json\/wp\/v2\/product\/12240","targetHints":{"allow":["GET"]}}],"collection":[{"href":"https:\/\/shanabooks.de\/de\/wp-json\/wp\/v2\/product"}],"about":[{"href":"https:\/\/shanabooks.de\/de\/wp-json\/wp\/v2\/types\/product"}],"version-history":[{"count":3,"href":"https:\/\/shanabooks.de\/de\/wp-json\/wp\/v2\/product\/12240\/revisions"}],"predecessor-version":[{"id":22133,"href":"https:\/\/shanabooks.de\/de\/wp-json\/wp\/v2\/product\/12240\/revisions\/22133"}],"wp:featuredmedia":[{"embeddable":true,"href":"https:\/\/shanabooks.de\/de\/wp-json\/wp\/v2\/media\/12303"}],"wp:attachment":[{"href":"https:\/\/shanabooks.de\/de\/wp-json\/wp\/v2\/media?parent=12240"}],"wp:term":[{"taxonomy":"product_brand","embeddable":true,"href":"https:\/\/shanabooks.de\/de\/wp-json\/wp\/v2\/product_brand?post=12240"},{"taxonomy":"product_cat","embeddable":true,"href":"https:\/\/shanabooks.de\/de\/wp-json\/wp\/v2\/product_cat?post=12240"},{"taxonomy":"product_tag","embeddable":true,"href":"https:\/\/shanabooks.de\/de\/wp-json\/wp\/v2\/product_tag?post=12240"}],"curies":[{"name":"wp","href":"https:\/\/api.w.org\/{rel}","templated":true}]}}