{"id":12241,"date":"2024-03-03T19:42:04","date_gmt":"2024-03-03T19:42:04","guid":{"rendered":"https:\/\/shanabooks.de\/?post_type=product&#038;p=12241"},"modified":"2024-03-21T21:19:43","modified_gmt":"2024-03-21T21:19:43","slug":"sewra-azadi-cegerxwin","status":"publish","type":"product","link":"https:\/\/shanabooks.de\/de\/product\/sewra-azadi-cegerxwin\/","title":{"rendered":"Sewra Azad\u00ee"},"content":{"rendered":"<p dir=\"ltr\"><strong>Sewra Azad\u00ee &#8211; Cegerxw\u00een<\/strong><\/p>\n<p dir=\"ltr\">\u201c&#8230;Cegerxw\u00een derd\u00ea millet\u00ea xwe ba\u015f nasiye. Bela millet\u00ea kurd di m\u00eer \u00fb pa\u015fan, beg \u00fb axan, \u015f\u00eax \u00fb melan de dib\u00eene. B\u00ea\u015fik Seyda di v\u00ea ramana xwe de ne \u015fa<span style=\"font-size: 16px\">\u015f e. (&#8230;) B\u00ea dilovan\u00ee k\u00eam \u00fb kasiy\u00ean wan dib\u00eaje \u00fb millet serwext\u00ee fend \u00fb xap, b\u00eabext\u00ee \u00fb dilre\u015fiy\u00ean wan dike.<\/span><\/p>\n<p dir=\"ltr\">\u201cCegerxw\u00een di kurd\u00eetiya xwe de j\u00ee rast \u00fb durust e. Ew\u00e7end rast \u00fb durust ku, di riya welat \u00fb welatiy\u00ean xwe de s\u00eenga xwe ji z\u00eevar\u00ee \u00fb belengaziy\u00ea re vekiriye. Bi \u00e7av min ev yeka han ko\u00e7a fedakar\u00ee ya dawiy\u00ea ye.<\/p>\n<p dir=\"ltr\">\u201cEv d\u00eewan li ser armanceke xuya hatiye niv\u00ees\u00een \u00fb r\u00fb \u00fb r\u00ea\u00e7a w\u00ee t\u00ea de xwe\u015f diyar in. (&#8230;) Heye ku ev d\u00eewan di \u00e7apxaney\u00ean Kurdistan\u00ea de b\u00eate \u00e7apkirin. Ma k\u00ee dizane ku p\u00ea\u015fende di himb\u00eaza xwe ya nediyar de ji bo gel\u00ea kurd \u00e7i vedi\u015f\u00eare.\u201d<br \/>\nOsman Sebr\u00ee<\/p>\n<p dir=\"ltr\">Pirt\u00fbka Sewra Azad\u00ee ya Cegerxw\u00een ji we\u015fan\u00ean Avesta ye.<\/p>\n","protected":false},"excerpt":{"rendered":"<p dir=\"ltr\" style=\"text-align: center\"><strong>Pirt\u00fbk: Sewra Azad\u00ee<br \/>\nNiv\u00eeskar: Cegerxw\u00een<\/strong><br \/>\n<strong>Cure: Helbest<\/strong><\/p>\n","protected":false},"featured_media":12305,"template":"","meta":{"site-sidebar-layout":"default","site-content-layout":"","ast-site-content-layout":"default","site-content-style":"default","site-sidebar-style":"default","ast-global-header-display":"","ast-banner-title-visibility":"","ast-main-header-display":"","ast-hfb-above-header-display":"","ast-hfb-below-header-display":"","ast-hfb-mobile-header-display":"","site-post-title":"","ast-breadcrumbs-content":"","ast-featured-img":"","footer-sml-layout":"","ast-disable-related-posts":"","theme-transparent-header-meta":"default","adv-header-id-meta":"","stick-header-meta":"","header-above-stick-meta":"","header-main-stick-meta":"","header-below-stick-meta":"","astra-migrate-meta-layouts":"set","ast-page-background-enabled":"default","ast-page-background-meta":{"desktop":{"background-color":"","background-image":"","background-repeat":"repeat","background-position":"center center","background-size":"auto","background-attachment":"scroll","background-type":"","background-media":"","overlay-type":"","overlay-color":"","overlay-opacity":"","overlay-gradient":""},"tablet":{"background-color":"","background-image":"","background-repeat":"repeat","background-position":"center center","background-size":"auto","background-attachment":"scroll","background-type":"","background-media":"","overlay-type":"","overlay-color":"","overlay-opacity":"","overlay-gradient":""},"mobile":{"background-color":"","background-image":"","background-repeat":"repeat","background-position":"center center","background-size":"auto","background-attachment":"scroll","background-type":"","background-media":"","overlay-type":"","overlay-color":"","overlay-opacity":"","overlay-gradient":""}},"ast-content-background-meta":{"desktop":{"background-color":"var(--ast-global-color-5)","background-image":"","background-repeat":"repeat","background-position":"center center","background-size":"auto","background-attachment":"scroll","background-type":"","background-media":"","overlay-type":"","overlay-color":"","overlay-opacity":"","overlay-gradient":""},"tablet":{"background-color":"var(--ast-global-color-5)","background-image":"","background-repeat":"repeat","background-position":"center center","background-size":"auto","background-attachment":"scroll","background-type":"","background-media":"","overlay-type":"","overlay-color":"","overlay-opacity":"","overlay-gradient":""},"mobile":{"background-color":"var(--ast-global-color-5)","background-image":"","background-repeat":"repeat","background-position":"center center","background-size":"auto","background-attachment":"scroll","background-type":"","background-media":"","overlay-type":"","overlay-color":"","overlay-opacity":"","overlay-gradient":""}}},"product_brand":[],"product_cat":[184,193],"product_tag":[],"class_list":{"0":"post-12241","1":"product","2":"type-product","3":"status-publish","4":"has-post-thumbnail","6":"product_cat-_","7":"product_cat--_","8":"pa_-helbest","9":"pa_-cegerxwin","10":"pa_-kurmanci","11":"pa_--avesta-yayinlari","12":"desktop-align-left","13":"tablet-align-left","14":"mobile-align-left","16":"first","17":"outofstock","18":"shipping-taxable","19":"purchasable","20":"product-type-simple"},"yoast_head":"<!-- This site is optimized with the Yoast SEO plugin v27.4 - https:\/\/yoast.com\/product\/yoast-seo-wordpress\/ -->\n<title>Sewra Azad\u00ee - Cegerxw\u00een - www.shanabooks.de<\/title>\n<meta name=\"description\" content=\"Sewra Azad\u00ee - Cegerxw\u00een \u201c...Cegerxw\u00een derd\u00ea millet\u00ea xwe ba\u015f nasiye. Bela millet\u00ea kurd di m\u00eer \u00fb pa\u015fan, beg \u00fb axan, \u015f\u00eax \u00fb melan de dib\u00eene. B\u00ea\u015fik Seyda di ...\" \/>\n<meta name=\"robots\" content=\"index, follow, max-snippet:-1, max-image-preview:large, max-video-preview:-1\" \/>\n<link rel=\"canonical\" href=\"https:\/\/shanabooks.de\/product\/sewra-azadi-cegerxwin\/\" \/>\n<meta property=\"og:locale\" content=\"de_DE\" \/>\n<meta property=\"og:type\" content=\"article\" \/>\n<meta property=\"og:title\" content=\"Sewra Azad\u00ee - Cegerxw\u00een - www.shanabooks.de\" \/>\n<meta property=\"og:description\" content=\"Sewra Azad\u00ee - Cegerxw\u00een \u201c...Cegerxw\u00een derd\u00ea millet\u00ea xwe ba\u015f nasiye. Bela millet\u00ea kurd di m\u00eer \u00fb pa\u015fan, beg \u00fb axan, \u015f\u00eax \u00fb melan de dib\u00eene. B\u00ea\u015fik Seyda di ...\" \/>\n<meta property=\"og:url\" content=\"https:\/\/shanabooks.de\/product\/sewra-azadi-cegerxwin\/\" \/>\n<meta property=\"og:site_name\" content=\"www.shanabooks.de\" \/>\n<meta property=\"article:modified_time\" content=\"2024-03-21T21:19:43+00:00\" \/>\n<meta property=\"og:image\" content=\"https:\/\/shanabooks.de\/wp-content\/uploads\/2024\/03\/Sewra-Azadi.jpg\" \/>\n\t<meta property=\"og:image:width\" content=\"593\" \/>\n\t<meta property=\"og:image:height\" content=\"900\" \/>\n\t<meta property=\"og:image:type\" content=\"image\/jpeg\" \/>\n<meta name=\"twitter:card\" content=\"summary_large_image\" \/>\n<meta name=\"twitter:label1\" content=\"Gesch\u00e4tzte Lesezeit\" \/>\n\t<meta name=\"twitter:data1\" content=\"2\u00a0Minuten\" \/>\n<script type=\"application\/ld+json\" class=\"yoast-schema-graph\">{\"@context\":\"https:\\\/\\\/schema.org\",\"@graph\":[{\"@type\":\"WebPage\",\"@id\":\"https:\\\/\\\/shanabooks.de\\\/product\\\/sewra-azadi-cegerxwin\\\/\",\"url\":\"https:\\\/\\\/shanabooks.de\\\/product\\\/sewra-azadi-cegerxwin\\\/\",\"name\":\"Sewra Azad\u00ee - Cegerxw\u00een - www.shanabooks.de\",\"isPartOf\":{\"@id\":\"https:\\\/\\\/shanabooks.de\\\/#website\"},\"primaryImageOfPage\":{\"@id\":\"https:\\\/\\\/shanabooks.de\\\/product\\\/sewra-azadi-cegerxwin\\\/#primaryimage\"},\"image\":{\"@id\":\"https:\\\/\\\/shanabooks.de\\\/product\\\/sewra-azadi-cegerxwin\\\/#primaryimage\"},\"thumbnailUrl\":\"https:\\\/\\\/shanabooks.de\\\/wp-content\\\/uploads\\\/2024\\\/03\\\/Sewra-Azadi.jpg\",\"datePublished\":\"2024-03-03T19:42:04+00:00\",\"dateModified\":\"2024-03-21T21:19:43+00:00\",\"description\":\"Sewra Azad\u00ee - Cegerxw\u00een \u201c...Cegerxw\u00een derd\u00ea millet\u00ea xwe ba\u015f nasiye. Bela millet\u00ea kurd di m\u00eer \u00fb pa\u015fan, beg \u00fb axan, \u015f\u00eax \u00fb melan de dib\u00eene. B\u00ea\u015fik Seyda di ...\",\"breadcrumb\":{\"@id\":\"https:\\\/\\\/shanabooks.de\\\/product\\\/sewra-azadi-cegerxwin\\\/#breadcrumb\"},\"inLanguage\":\"de\",\"potentialAction\":[{\"@type\":\"ReadAction\",\"target\":[\"https:\\\/\\\/shanabooks.de\\\/product\\\/sewra-azadi-cegerxwin\\\/\"]}]},{\"@type\":\"ImageObject\",\"inLanguage\":\"de\",\"@id\":\"https:\\\/\\\/shanabooks.de\\\/product\\\/sewra-azadi-cegerxwin\\\/#primaryimage\",\"url\":\"https:\\\/\\\/shanabooks.de\\\/wp-content\\\/uploads\\\/2024\\\/03\\\/Sewra-Azadi.jpg\",\"contentUrl\":\"https:\\\/\\\/shanabooks.de\\\/wp-content\\\/uploads\\\/2024\\\/03\\\/Sewra-Azadi.jpg\",\"width\":593,\"height\":900,\"caption\":\"Sewra Azad\u00ee - Cegerxw\u00een - pirt\u00fbk\u00ean kurd\u00ee - helbest\"},{\"@type\":\"BreadcrumbList\",\"@id\":\"https:\\\/\\\/shanabooks.de\\\/product\\\/sewra-azadi-cegerxwin\\\/#breadcrumb\",\"itemListElement\":[{\"@type\":\"ListItem\",\"position\":1,\"name\":\"\u0627\u0644\u0631\u0626\u064a\u0633\u064a\u0629\",\"item\":\"https:\\\/\\\/shanabooks.de\\\/de\\\/\"},{\"@type\":\"ListItem\",\"position\":2,\"name\":\"\u0627\u0644\u0645\u0646\u062a\u062c\u0627\u062a\",\"item\":\"https:\\\/\\\/shanabooks.de\\\/shop\\\/\"},{\"@type\":\"ListItem\",\"position\":3,\"name\":\"Sewra Azad\u00ee\"}]},{\"@type\":\"WebSite\",\"@id\":\"https:\\\/\\\/shanabooks.de\\\/#website\",\"url\":\"https:\\\/\\\/shanabooks.de\\\/\",\"name\":\"www.shanbooks.de\",\"description\":\"C\u00eehana Pirt\u00fbk\u00ean Kurd\u00ee \u0645\u0643\u062a\u0628\u0629 \u0634\u0627\u0646\u0627 \u0641\u064a \u0627\u0644\u0645\u0627\u0646\u064a\u0627 \u0648\u0623\u0648\u0631\u0628\u0627\",\"publisher\":{\"@id\":\"https:\\\/\\\/shanabooks.de\\\/#organization\"},\"potentialAction\":[{\"@type\":\"SearchAction\",\"target\":{\"@type\":\"EntryPoint\",\"urlTemplate\":\"https:\\\/\\\/shanabooks.de\\\/?s={search_term_string}\"},\"query-input\":{\"@type\":\"PropertyValueSpecification\",\"valueRequired\":true,\"valueName\":\"search_term_string\"}}],\"inLanguage\":\"de\"},{\"@type\":\"Organization\",\"@id\":\"https:\\\/\\\/shanabooks.de\\\/#organization\",\"name\":\"www.shanbooks.de\",\"url\":\"https:\\\/\\\/shanabooks.de\\\/\",\"logo\":{\"@type\":\"ImageObject\",\"inLanguage\":\"de\",\"@id\":\"https:\\\/\\\/shanabooks.de\\\/#\\\/schema\\\/logo\\\/image\\\/\",\"url\":\"https:\\\/\\\/shanabooks.de\\\/wp-content\\\/uploads\\\/2024\\\/03\\\/SHANABOOKS__2_-removebg-preview.png\",\"contentUrl\":\"https:\\\/\\\/shanabooks.de\\\/wp-content\\\/uploads\\\/2024\\\/03\\\/SHANABOOKS__2_-removebg-preview.png\",\"width\":700,\"height\":150,\"caption\":\"www.shanbooks.de\"},\"image\":{\"@id\":\"https:\\\/\\\/shanabooks.de\\\/#\\\/schema\\\/logo\\\/image\\\/\"}}]}<\/script>\n<!-- \/ Yoast SEO plugin. -->","yoast_head_json":{"title":"Sewra Azad\u00ee - Cegerxw\u00een - www.shanabooks.de","description":"Sewra Azad\u00ee - Cegerxw\u00een \u201c...Cegerxw\u00een derd\u00ea millet\u00ea xwe ba\u015f nasiye. Bela millet\u00ea kurd di m\u00eer \u00fb pa\u015fan, beg \u00fb axan, \u015f\u00eax \u00fb melan de dib\u00eene. B\u00ea\u015fik Seyda di ...","robots":{"index":"index","follow":"follow","max-snippet":"max-snippet:-1","max-image-preview":"max-image-preview:large","max-video-preview":"max-video-preview:-1"},"canonical":"https:\/\/shanabooks.de\/product\/sewra-azadi-cegerxwin\/","og_locale":"de_DE","og_type":"article","og_title":"Sewra Azad\u00ee - Cegerxw\u00een - www.shanabooks.de","og_description":"Sewra Azad\u00ee - Cegerxw\u00een \u201c...Cegerxw\u00een derd\u00ea millet\u00ea xwe ba\u015f nasiye. Bela millet\u00ea kurd di m\u00eer \u00fb pa\u015fan, beg \u00fb axan, \u015f\u00eax \u00fb melan de dib\u00eene. B\u00ea\u015fik Seyda di ...","og_url":"https:\/\/shanabooks.de\/product\/sewra-azadi-cegerxwin\/","og_site_name":"www.shanabooks.de","article_modified_time":"2024-03-21T21:19:43+00:00","og_image":[{"width":593,"height":900,"url":"https:\/\/shanabooks.de\/wp-content\/uploads\/2024\/03\/Sewra-Azadi.jpg","type":"image\/jpeg"}],"twitter_card":"summary_large_image","twitter_misc":{"Gesch\u00e4tzte Lesezeit":"2\u00a0Minuten"},"schema":{"@context":"https:\/\/schema.org","@graph":[{"@type":"WebPage","@id":"https:\/\/shanabooks.de\/product\/sewra-azadi-cegerxwin\/","url":"https:\/\/shanabooks.de\/product\/sewra-azadi-cegerxwin\/","name":"Sewra Azad\u00ee - Cegerxw\u00een - www.shanabooks.de","isPartOf":{"@id":"https:\/\/shanabooks.de\/#website"},"primaryImageOfPage":{"@id":"https:\/\/shanabooks.de\/product\/sewra-azadi-cegerxwin\/#primaryimage"},"image":{"@id":"https:\/\/shanabooks.de\/product\/sewra-azadi-cegerxwin\/#primaryimage"},"thumbnailUrl":"https:\/\/shanabooks.de\/wp-content\/uploads\/2024\/03\/Sewra-Azadi.jpg","datePublished":"2024-03-03T19:42:04+00:00","dateModified":"2024-03-21T21:19:43+00:00","description":"Sewra Azad\u00ee - Cegerxw\u00een \u201c...Cegerxw\u00een derd\u00ea millet\u00ea xwe ba\u015f nasiye. Bela millet\u00ea kurd di m\u00eer \u00fb pa\u015fan, beg \u00fb axan, \u015f\u00eax \u00fb melan de dib\u00eene. B\u00ea\u015fik Seyda di ...","breadcrumb":{"@id":"https:\/\/shanabooks.de\/product\/sewra-azadi-cegerxwin\/#breadcrumb"},"inLanguage":"de","potentialAction":[{"@type":"ReadAction","target":["https:\/\/shanabooks.de\/product\/sewra-azadi-cegerxwin\/"]}]},{"@type":"ImageObject","inLanguage":"de","@id":"https:\/\/shanabooks.de\/product\/sewra-azadi-cegerxwin\/#primaryimage","url":"https:\/\/shanabooks.de\/wp-content\/uploads\/2024\/03\/Sewra-Azadi.jpg","contentUrl":"https:\/\/shanabooks.de\/wp-content\/uploads\/2024\/03\/Sewra-Azadi.jpg","width":593,"height":900,"caption":"Sewra Azad\u00ee - Cegerxw\u00een - pirt\u00fbk\u00ean kurd\u00ee - helbest"},{"@type":"BreadcrumbList","@id":"https:\/\/shanabooks.de\/product\/sewra-azadi-cegerxwin\/#breadcrumb","itemListElement":[{"@type":"ListItem","position":1,"name":"\u0627\u0644\u0631\u0626\u064a\u0633\u064a\u0629","item":"https:\/\/shanabooks.de\/de\/"},{"@type":"ListItem","position":2,"name":"\u0627\u0644\u0645\u0646\u062a\u062c\u0627\u062a","item":"https:\/\/shanabooks.de\/shop\/"},{"@type":"ListItem","position":3,"name":"Sewra Azad\u00ee"}]},{"@type":"WebSite","@id":"https:\/\/shanabooks.de\/#website","url":"https:\/\/shanabooks.de\/","name":"www.shanbooks.de","description":"C\u00eehana Pirt\u00fbk\u00ean Kurd\u00ee \u0645\u0643\u062a\u0628\u0629 \u0634\u0627\u0646\u0627 \u0641\u064a \u0627\u0644\u0645\u0627\u0646\u064a\u0627 \u0648\u0623\u0648\u0631\u0628\u0627","publisher":{"@id":"https:\/\/shanabooks.de\/#organization"},"potentialAction":[{"@type":"SearchAction","target":{"@type":"EntryPoint","urlTemplate":"https:\/\/shanabooks.de\/?s={search_term_string}"},"query-input":{"@type":"PropertyValueSpecification","valueRequired":true,"valueName":"search_term_string"}}],"inLanguage":"de"},{"@type":"Organization","@id":"https:\/\/shanabooks.de\/#organization","name":"www.shanbooks.de","url":"https:\/\/shanabooks.de\/","logo":{"@type":"ImageObject","inLanguage":"de","@id":"https:\/\/shanabooks.de\/#\/schema\/logo\/image\/","url":"https:\/\/shanabooks.de\/wp-content\/uploads\/2024\/03\/SHANABOOKS__2_-removebg-preview.png","contentUrl":"https:\/\/shanabooks.de\/wp-content\/uploads\/2024\/03\/SHANABOOKS__2_-removebg-preview.png","width":700,"height":150,"caption":"www.shanbooks.de"},"image":{"@id":"https:\/\/shanabooks.de\/#\/schema\/logo\/image\/"}}]}},"jetpack_sharing_enabled":true,"_links":{"self":[{"href":"https:\/\/shanabooks.de\/de\/wp-json\/wp\/v2\/product\/12241","targetHints":{"allow":["GET"]}}],"collection":[{"href":"https:\/\/shanabooks.de\/de\/wp-json\/wp\/v2\/product"}],"about":[{"href":"https:\/\/shanabooks.de\/de\/wp-json\/wp\/v2\/types\/product"}],"version-history":[{"count":3,"href":"https:\/\/shanabooks.de\/de\/wp-json\/wp\/v2\/product\/12241\/revisions"}],"predecessor-version":[{"id":22130,"href":"https:\/\/shanabooks.de\/de\/wp-json\/wp\/v2\/product\/12241\/revisions\/22130"}],"wp:featuredmedia":[{"embeddable":true,"href":"https:\/\/shanabooks.de\/de\/wp-json\/wp\/v2\/media\/12305"}],"wp:attachment":[{"href":"https:\/\/shanabooks.de\/de\/wp-json\/wp\/v2\/media?parent=12241"}],"wp:term":[{"taxonomy":"product_brand","embeddable":true,"href":"https:\/\/shanabooks.de\/de\/wp-json\/wp\/v2\/product_brand?post=12241"},{"taxonomy":"product_cat","embeddable":true,"href":"https:\/\/shanabooks.de\/de\/wp-json\/wp\/v2\/product_cat?post=12241"},{"taxonomy":"product_tag","embeddable":true,"href":"https:\/\/shanabooks.de\/de\/wp-json\/wp\/v2\/product_tag?post=12241"}],"curies":[{"name":"wp","href":"https:\/\/api.w.org\/{rel}","templated":true}]}}