{"id":12242,"date":"2024-03-03T19:42:04","date_gmt":"2024-03-03T19:42:04","guid":{"rendered":"https:\/\/shanabooks.de\/?post_type=product&#038;p=12242"},"modified":"2024-03-22T00:01:46","modified_gmt":"2024-03-22T00:01:46","slug":"salar-u-midya-cegerxwin","status":"publish","type":"product","link":"https:\/\/shanabooks.de\/de\/product\/salar-u-midya-cegerxwin\/","title":{"rendered":"Salar \u00fb M\u00eedya"},"content":{"rendered":"<p class=\"heading-title\" dir=\"ltr\"><strong>Salar \u00fb M\u00eedya &#8211; Cegerxw\u00een<\/strong><\/p>\n<p dir=\"ltr\">\u201cEz bawer dikim ko d\u00eewana Cegerxw\u00een, dewsa ku Mem \u00fb Z\u00een \u00fb D\u00eewana Cizer\u00ee vala hi\u015ftine ew\u00ea tije bike. Xwendevan\u00ean delal, ew\u00ea t\u00ea de zman \u00fb r\u00fbh\u00ea cenab\u00ea Xan\u00ee \u00fb xurt \u00fb nezma d\u00eewana Cizer\u00ee a ahengdar bib\u00eenin.<br \/>\n\u201cCegerxw\u00een pirs\u00ean biyan\u00ee j\u00ee pir ne xistine nav \u015fihr\u00ean xwe, bi zimanek\u00ee sade \u00fb sel\u00ees nivis\u00eene.<br \/>\n\u201cQ\u00eemeta \u015fihr\u00ean w\u00ee a mezin j\u00ee ev e, bi r\u00fbhek\u00ee n\u00fb ajotiye ser fikr\u00ean kevnare \u00fb bi zmanek\u00ee \u015f\u00ear\u00een \u00fb \u015fe\u2018b\u00ee tew\u015fb\u00fbn \u00fb zerara wan n\u00ee\u015fan kiriye.<br \/>\n\u201cEz ji \u015fair\u00ea me \u00ee \u015fe\u2018b\u00ee re p\u00ea\u015fve\u00e7\u00fbn \u00fb ji d\u00eewana w\u00ee re j\u00ee rewaceke ba\u015f h\u00eav\u00ee dikim.\u201d<br \/>\nQedr\u00eecan<\/p>\n<p dir=\"ltr\">D\u00eewana Salar \u00fb M\u00eedya ya Cegerxw\u00een ji we\u015fan\u00ean Avesta derketiye.<\/p>\n","protected":false},"excerpt":{"rendered":"<p dir=\"ltr\" style=\"text-align: center\"><strong>Pirt\u00fbk: Salar \u00fb M\u00eedya<br \/>\nNiv\u00eeskar: Cegerxw\u00een<\/strong><br \/>\n<strong>Cure: Helbest<\/strong><\/p>\n","protected":false},"featured_media":12320,"template":"","meta":{"site-sidebar-layout":"default","site-content-layout":"","ast-site-content-layout":"default","site-content-style":"default","site-sidebar-style":"default","ast-global-header-display":"","ast-banner-title-visibility":"","ast-main-header-display":"","ast-hfb-above-header-display":"","ast-hfb-below-header-display":"","ast-hfb-mobile-header-display":"","site-post-title":"","ast-breadcrumbs-content":"","ast-featured-img":"","footer-sml-layout":"","ast-disable-related-posts":"","theme-transparent-header-meta":"default","adv-header-id-meta":"","stick-header-meta":"","header-above-stick-meta":"","header-main-stick-meta":"","header-below-stick-meta":"","astra-migrate-meta-layouts":"set","ast-page-background-enabled":"default","ast-page-background-meta":{"desktop":{"background-color":"","background-image":"","background-repeat":"repeat","background-position":"center center","background-size":"auto","background-attachment":"scroll","background-type":"","background-media":"","overlay-type":"","overlay-color":"","overlay-opacity":"","overlay-gradient":""},"tablet":{"background-color":"","background-image":"","background-repeat":"repeat","background-position":"center center","background-size":"auto","background-attachment":"scroll","background-type":"","background-media":"","overlay-type":"","overlay-color":"","overlay-opacity":"","overlay-gradient":""},"mobile":{"background-color":"","background-image":"","background-repeat":"repeat","background-position":"center center","background-size":"auto","background-attachment":"scroll","background-type":"","background-media":"","overlay-type":"","overlay-color":"","overlay-opacity":"","overlay-gradient":""}},"ast-content-background-meta":{"desktop":{"background-color":"var(--ast-global-color-5)","background-image":"","background-repeat":"repeat","background-position":"center center","background-size":"auto","background-attachment":"scroll","background-type":"","background-media":"","overlay-type":"","overlay-color":"","overlay-opacity":"","overlay-gradient":""},"tablet":{"background-color":"var(--ast-global-color-5)","background-image":"","background-repeat":"repeat","background-position":"center center","background-size":"auto","background-attachment":"scroll","background-type":"","background-media":"","overlay-type":"","overlay-color":"","overlay-opacity":"","overlay-gradient":""},"mobile":{"background-color":"var(--ast-global-color-5)","background-image":"","background-repeat":"repeat","background-position":"center center","background-size":"auto","background-attachment":"scroll","background-type":"","background-media":"","overlay-type":"","overlay-color":"","overlay-opacity":"","overlay-gradient":""}}},"product_brand":[],"product_cat":[184,193],"product_tag":[],"class_list":{"0":"post-12242","1":"product","2":"type-product","3":"status-publish","4":"has-post-thumbnail","6":"product_cat-_","7":"product_cat--_","8":"pa_-helbest","9":"pa_-cegerxwin","10":"pa_-kurmanci","11":"pa_--avesta-yayinlari","12":"desktop-align-left","13":"tablet-align-left","14":"mobile-align-left","16":"first","17":"outofstock","18":"shipping-taxable","19":"purchasable","20":"product-type-simple"},"yoast_head":"<!-- This site is optimized with the Yoast SEO plugin v27.4 - https:\/\/yoast.com\/product\/yoast-seo-wordpress\/ -->\n<title>Salar \u00fb M\u00eedya - Cegerxw\u00een - www.shanabooks.de<\/title>\n<meta name=\"description\" content=\"Salar \u00fb M\u00eedya - Cegerxw\u00een \u201cEz bawer dikim ko d\u00eewana Cegerxw\u00een, dewsa ku Mem \u00fb Z\u00een \u00fb D\u00eewana Cizer\u00ee vala hi\u015ftine ew\u00ea tije bike. Xwendevan\u00ean delal, ew\u00ea t\u00ea d...\" \/>\n<meta name=\"robots\" content=\"index, follow, max-snippet:-1, max-image-preview:large, max-video-preview:-1\" \/>\n<link rel=\"canonical\" href=\"https:\/\/shanabooks.de\/de\/product\/salar-u-midya-cegerxwin\/\" \/>\n<meta property=\"og:locale\" content=\"de_DE\" \/>\n<meta property=\"og:type\" content=\"article\" \/>\n<meta property=\"og:title\" content=\"Salar \u00fb M\u00eedya - Cegerxw\u00een - www.shanabooks.de\" \/>\n<meta property=\"og:description\" content=\"Salar \u00fb M\u00eedya - Cegerxw\u00een \u201cEz bawer dikim ko d\u00eewana Cegerxw\u00een, dewsa ku Mem \u00fb Z\u00een \u00fb D\u00eewana Cizer\u00ee vala hi\u015ftine ew\u00ea tije bike. Xwendevan\u00ean delal, ew\u00ea t\u00ea d...\" \/>\n<meta property=\"og:url\" content=\"https:\/\/shanabooks.de\/de\/product\/salar-u-midya-cegerxwin\/\" \/>\n<meta property=\"og:site_name\" content=\"www.shanabooks.de\" \/>\n<meta property=\"article:modified_time\" content=\"2024-03-22T00:01:46+00:00\" \/>\n<meta property=\"og:image\" content=\"https:\/\/shanabooks.de\/wp-content\/uploads\/2024\/03\/Salar-u-Midya.jpg\" \/>\n\t<meta property=\"og:image:width\" content=\"595\" \/>\n\t<meta property=\"og:image:height\" content=\"900\" \/>\n\t<meta property=\"og:image:type\" content=\"image\/jpeg\" \/>\n<meta name=\"twitter:card\" content=\"summary_large_image\" \/>\n<meta name=\"twitter:label1\" content=\"Gesch\u00e4tzte Lesezeit\" \/>\n\t<meta name=\"twitter:data1\" content=\"2\u00a0Minuten\" \/>\n<script type=\"application\/ld+json\" class=\"yoast-schema-graph\">{\"@context\":\"https:\\\/\\\/schema.org\",\"@graph\":[{\"@type\":\"WebPage\",\"@id\":\"https:\\\/\\\/shanabooks.de\\\/de\\\/product\\\/salar-u-midya-cegerxwin\\\/\",\"url\":\"https:\\\/\\\/shanabooks.de\\\/de\\\/product\\\/salar-u-midya-cegerxwin\\\/\",\"name\":\"Salar \u00fb M\u00eedya - Cegerxw\u00een - www.shanabooks.de\",\"isPartOf\":{\"@id\":\"https:\\\/\\\/shanabooks.de\\\/#website\"},\"primaryImageOfPage\":{\"@id\":\"https:\\\/\\\/shanabooks.de\\\/de\\\/product\\\/salar-u-midya-cegerxwin\\\/#primaryimage\"},\"image\":{\"@id\":\"https:\\\/\\\/shanabooks.de\\\/de\\\/product\\\/salar-u-midya-cegerxwin\\\/#primaryimage\"},\"thumbnailUrl\":\"https:\\\/\\\/shanabooks.de\\\/wp-content\\\/uploads\\\/2024\\\/03\\\/Salar-u-Midya.jpg\",\"datePublished\":\"2024-03-03T19:42:04+00:00\",\"dateModified\":\"2024-03-22T00:01:46+00:00\",\"description\":\"Salar \u00fb M\u00eedya - Cegerxw\u00een \u201cEz bawer dikim ko d\u00eewana Cegerxw\u00een, dewsa ku Mem \u00fb Z\u00een \u00fb D\u00eewana Cizer\u00ee vala hi\u015ftine ew\u00ea tije bike. Xwendevan\u00ean delal, ew\u00ea t\u00ea d...\",\"breadcrumb\":{\"@id\":\"https:\\\/\\\/shanabooks.de\\\/de\\\/product\\\/salar-u-midya-cegerxwin\\\/#breadcrumb\"},\"inLanguage\":\"de\",\"potentialAction\":[{\"@type\":\"ReadAction\",\"target\":[\"https:\\\/\\\/shanabooks.de\\\/de\\\/product\\\/salar-u-midya-cegerxwin\\\/\"]}]},{\"@type\":\"ImageObject\",\"inLanguage\":\"de\",\"@id\":\"https:\\\/\\\/shanabooks.de\\\/de\\\/product\\\/salar-u-midya-cegerxwin\\\/#primaryimage\",\"url\":\"https:\\\/\\\/shanabooks.de\\\/wp-content\\\/uploads\\\/2024\\\/03\\\/Salar-u-Midya.jpg\",\"contentUrl\":\"https:\\\/\\\/shanabooks.de\\\/wp-content\\\/uploads\\\/2024\\\/03\\\/Salar-u-Midya.jpg\",\"width\":595,\"height\":900,\"caption\":\"Salar \u00fb M\u00eedya - Cegerxw\u00een - pirt\u00fbk\u00ean kurd\u00ee - helbest\"},{\"@type\":\"BreadcrumbList\",\"@id\":\"https:\\\/\\\/shanabooks.de\\\/de\\\/product\\\/salar-u-midya-cegerxwin\\\/#breadcrumb\",\"itemListElement\":[{\"@type\":\"ListItem\",\"position\":1,\"name\":\"\u0627\u0644\u0631\u0626\u064a\u0633\u064a\u0629\",\"item\":\"https:\\\/\\\/shanabooks.de\\\/de\\\/\"},{\"@type\":\"ListItem\",\"position\":2,\"name\":\"\u0627\u0644\u0645\u0646\u062a\u062c\u0627\u062a\",\"item\":\"https:\\\/\\\/shanabooks.de\\\/shop\\\/\"},{\"@type\":\"ListItem\",\"position\":3,\"name\":\"Salar \u00fb M\u00eedya\"}]},{\"@type\":\"WebSite\",\"@id\":\"https:\\\/\\\/shanabooks.de\\\/#website\",\"url\":\"https:\\\/\\\/shanabooks.de\\\/\",\"name\":\"www.shanbooks.de\",\"description\":\"C\u00eehana Pirt\u00fbk\u00ean Kurd\u00ee \u0645\u0643\u062a\u0628\u0629 \u0634\u0627\u0646\u0627 \u0641\u064a \u0627\u0644\u0645\u0627\u0646\u064a\u0627 \u0648\u0623\u0648\u0631\u0628\u0627\",\"publisher\":{\"@id\":\"https:\\\/\\\/shanabooks.de\\\/#organization\"},\"potentialAction\":[{\"@type\":\"SearchAction\",\"target\":{\"@type\":\"EntryPoint\",\"urlTemplate\":\"https:\\\/\\\/shanabooks.de\\\/?s={search_term_string}\"},\"query-input\":{\"@type\":\"PropertyValueSpecification\",\"valueRequired\":true,\"valueName\":\"search_term_string\"}}],\"inLanguage\":\"de\"},{\"@type\":\"Organization\",\"@id\":\"https:\\\/\\\/shanabooks.de\\\/#organization\",\"name\":\"www.shanbooks.de\",\"url\":\"https:\\\/\\\/shanabooks.de\\\/\",\"logo\":{\"@type\":\"ImageObject\",\"inLanguage\":\"de\",\"@id\":\"https:\\\/\\\/shanabooks.de\\\/#\\\/schema\\\/logo\\\/image\\\/\",\"url\":\"https:\\\/\\\/shanabooks.de\\\/wp-content\\\/uploads\\\/2024\\\/03\\\/SHANABOOKS__2_-removebg-preview.png\",\"contentUrl\":\"https:\\\/\\\/shanabooks.de\\\/wp-content\\\/uploads\\\/2024\\\/03\\\/SHANABOOKS__2_-removebg-preview.png\",\"width\":700,\"height\":150,\"caption\":\"www.shanbooks.de\"},\"image\":{\"@id\":\"https:\\\/\\\/shanabooks.de\\\/#\\\/schema\\\/logo\\\/image\\\/\"}}]}<\/script>\n<!-- \/ Yoast SEO plugin. -->","yoast_head_json":{"title":"Salar \u00fb M\u00eedya - Cegerxw\u00een - www.shanabooks.de","description":"Salar \u00fb M\u00eedya - Cegerxw\u00een \u201cEz bawer dikim ko d\u00eewana Cegerxw\u00een, dewsa ku Mem \u00fb Z\u00een \u00fb D\u00eewana Cizer\u00ee vala hi\u015ftine ew\u00ea tije bike. Xwendevan\u00ean delal, ew\u00ea t\u00ea d...","robots":{"index":"index","follow":"follow","max-snippet":"max-snippet:-1","max-image-preview":"max-image-preview:large","max-video-preview":"max-video-preview:-1"},"canonical":"https:\/\/shanabooks.de\/de\/product\/salar-u-midya-cegerxwin\/","og_locale":"de_DE","og_type":"article","og_title":"Salar \u00fb M\u00eedya - Cegerxw\u00een - www.shanabooks.de","og_description":"Salar \u00fb M\u00eedya - Cegerxw\u00een \u201cEz bawer dikim ko d\u00eewana Cegerxw\u00een, dewsa ku Mem \u00fb Z\u00een \u00fb D\u00eewana Cizer\u00ee vala hi\u015ftine ew\u00ea tije bike. Xwendevan\u00ean delal, ew\u00ea t\u00ea d...","og_url":"https:\/\/shanabooks.de\/de\/product\/salar-u-midya-cegerxwin\/","og_site_name":"www.shanabooks.de","article_modified_time":"2024-03-22T00:01:46+00:00","og_image":[{"width":595,"height":900,"url":"https:\/\/shanabooks.de\/wp-content\/uploads\/2024\/03\/Salar-u-Midya.jpg","type":"image\/jpeg"}],"twitter_card":"summary_large_image","twitter_misc":{"Gesch\u00e4tzte Lesezeit":"2\u00a0Minuten"},"schema":{"@context":"https:\/\/schema.org","@graph":[{"@type":"WebPage","@id":"https:\/\/shanabooks.de\/de\/product\/salar-u-midya-cegerxwin\/","url":"https:\/\/shanabooks.de\/de\/product\/salar-u-midya-cegerxwin\/","name":"Salar \u00fb M\u00eedya - Cegerxw\u00een - www.shanabooks.de","isPartOf":{"@id":"https:\/\/shanabooks.de\/#website"},"primaryImageOfPage":{"@id":"https:\/\/shanabooks.de\/de\/product\/salar-u-midya-cegerxwin\/#primaryimage"},"image":{"@id":"https:\/\/shanabooks.de\/de\/product\/salar-u-midya-cegerxwin\/#primaryimage"},"thumbnailUrl":"https:\/\/shanabooks.de\/wp-content\/uploads\/2024\/03\/Salar-u-Midya.jpg","datePublished":"2024-03-03T19:42:04+00:00","dateModified":"2024-03-22T00:01:46+00:00","description":"Salar \u00fb M\u00eedya - Cegerxw\u00een \u201cEz bawer dikim ko d\u00eewana Cegerxw\u00een, dewsa ku Mem \u00fb Z\u00een \u00fb D\u00eewana Cizer\u00ee vala hi\u015ftine ew\u00ea tije bike. Xwendevan\u00ean delal, ew\u00ea t\u00ea d...","breadcrumb":{"@id":"https:\/\/shanabooks.de\/de\/product\/salar-u-midya-cegerxwin\/#breadcrumb"},"inLanguage":"de","potentialAction":[{"@type":"ReadAction","target":["https:\/\/shanabooks.de\/de\/product\/salar-u-midya-cegerxwin\/"]}]},{"@type":"ImageObject","inLanguage":"de","@id":"https:\/\/shanabooks.de\/de\/product\/salar-u-midya-cegerxwin\/#primaryimage","url":"https:\/\/shanabooks.de\/wp-content\/uploads\/2024\/03\/Salar-u-Midya.jpg","contentUrl":"https:\/\/shanabooks.de\/wp-content\/uploads\/2024\/03\/Salar-u-Midya.jpg","width":595,"height":900,"caption":"Salar \u00fb M\u00eedya - Cegerxw\u00een - pirt\u00fbk\u00ean kurd\u00ee - helbest"},{"@type":"BreadcrumbList","@id":"https:\/\/shanabooks.de\/de\/product\/salar-u-midya-cegerxwin\/#breadcrumb","itemListElement":[{"@type":"ListItem","position":1,"name":"\u0627\u0644\u0631\u0626\u064a\u0633\u064a\u0629","item":"https:\/\/shanabooks.de\/de\/"},{"@type":"ListItem","position":2,"name":"\u0627\u0644\u0645\u0646\u062a\u062c\u0627\u062a","item":"https:\/\/shanabooks.de\/shop\/"},{"@type":"ListItem","position":3,"name":"Salar \u00fb M\u00eedya"}]},{"@type":"WebSite","@id":"https:\/\/shanabooks.de\/#website","url":"https:\/\/shanabooks.de\/","name":"www.shanbooks.de","description":"C\u00eehana Pirt\u00fbk\u00ean Kurd\u00ee \u0645\u0643\u062a\u0628\u0629 \u0634\u0627\u0646\u0627 \u0641\u064a \u0627\u0644\u0645\u0627\u0646\u064a\u0627 \u0648\u0623\u0648\u0631\u0628\u0627","publisher":{"@id":"https:\/\/shanabooks.de\/#organization"},"potentialAction":[{"@type":"SearchAction","target":{"@type":"EntryPoint","urlTemplate":"https:\/\/shanabooks.de\/?s={search_term_string}"},"query-input":{"@type":"PropertyValueSpecification","valueRequired":true,"valueName":"search_term_string"}}],"inLanguage":"de"},{"@type":"Organization","@id":"https:\/\/shanabooks.de\/#organization","name":"www.shanbooks.de","url":"https:\/\/shanabooks.de\/","logo":{"@type":"ImageObject","inLanguage":"de","@id":"https:\/\/shanabooks.de\/#\/schema\/logo\/image\/","url":"https:\/\/shanabooks.de\/wp-content\/uploads\/2024\/03\/SHANABOOKS__2_-removebg-preview.png","contentUrl":"https:\/\/shanabooks.de\/wp-content\/uploads\/2024\/03\/SHANABOOKS__2_-removebg-preview.png","width":700,"height":150,"caption":"www.shanbooks.de"},"image":{"@id":"https:\/\/shanabooks.de\/#\/schema\/logo\/image\/"}}]}},"jetpack_sharing_enabled":true,"_links":{"self":[{"href":"https:\/\/shanabooks.de\/de\/wp-json\/wp\/v2\/product\/12242","targetHints":{"allow":["GET"]}}],"collection":[{"href":"https:\/\/shanabooks.de\/de\/wp-json\/wp\/v2\/product"}],"about":[{"href":"https:\/\/shanabooks.de\/de\/wp-json\/wp\/v2\/types\/product"}],"version-history":[{"count":3,"href":"https:\/\/shanabooks.de\/de\/wp-json\/wp\/v2\/product\/12242\/revisions"}],"predecessor-version":[{"id":22154,"href":"https:\/\/shanabooks.de\/de\/wp-json\/wp\/v2\/product\/12242\/revisions\/22154"}],"wp:featuredmedia":[{"embeddable":true,"href":"https:\/\/shanabooks.de\/de\/wp-json\/wp\/v2\/media\/12320"}],"wp:attachment":[{"href":"https:\/\/shanabooks.de\/de\/wp-json\/wp\/v2\/media?parent=12242"}],"wp:term":[{"taxonomy":"product_brand","embeddable":true,"href":"https:\/\/shanabooks.de\/de\/wp-json\/wp\/v2\/product_brand?post=12242"},{"taxonomy":"product_cat","embeddable":true,"href":"https:\/\/shanabooks.de\/de\/wp-json\/wp\/v2\/product_cat?post=12242"},{"taxonomy":"product_tag","embeddable":true,"href":"https:\/\/shanabooks.de\/de\/wp-json\/wp\/v2\/product_tag?post=12242"}],"curies":[{"name":"wp","href":"https:\/\/api.w.org\/{rel}","templated":true}]}}